{"id":12494,"date":"2024-03-06T13:55:01","date_gmt":"2024-03-06T11:55:01","guid":{"rendered":"https:\/\/dkn-technology.com\/anmietung\/"},"modified":"2024-09-09T16:55:20","modified_gmt":"2024-09-09T14:55:20","slug":"dkn-renting","status":"publish","type":"page","link":"https:\/\/dkn-technology.com\/de\/dkn-renting\/","title":{"rendered":"DKN-Renting"},"content":{"rendered":"\t\t<div data-elementor-type=\"wp-page\" data-elementor-id=\"12494\" class=\"elementor elementor-12494 elementor-12482\" data-elementor-post-type=\"page\">\n\t\t\t\t<div class=\"elementor-element elementor-element-069fda6 e-flex e-con-boxed e-con e-parent\" data-id=\"069fda6\" data-element_type=\"container\" data-e-type=\"container\" data-settings=\"{&quot;background_background&quot;:&quot;classic&quot;,&quot;jet_parallax_layout_list&quot;:[]}\">\n\t\t\t\t\t<div class=\"e-con-inner\">\n\t\t\t\t<div class=\"elementor-element elementor-element-40cc7ca elementor-widget elementor-widget-spacer\" data-id=\"40cc7ca\" data-element_type=\"widget\" data-e-type=\"widget\" data-widget_type=\"spacer.default\">\n\t\t\t\t<div class=\"elementor-widget-container\">\n\t\t\t\t\t\t\t<div class=\"elementor-spacer\">\n\t\t\t<div class=\"elementor-spacer-inner\"><\/div>\n\t\t<\/div>\n\t\t\t\t\t\t<\/div>\n\t\t\t\t<\/div>\n\t\t\t\t<div class=\"elementor-element elementor-element-77cbc8b elementor-widget elementor-widget-heading\" data-id=\"77cbc8b\" data-element_type=\"widget\" data-e-type=\"widget\" data-widget_type=\"heading.default\">\n\t\t\t\t<div class=\"elementor-widget-container\">\n\t\t\t\t\t<h2 class=\"elementor-heading-title elementor-size-default\">DKN <span class=\"orange\">Renting<\/span><\/h2>\t\t\t\t<\/div>\n\t\t\t\t<\/div>\n\t\t\t\t<div class=\"elementor-element elementor-element-17c68b9 elementor-widget elementor-widget-spacer\" data-id=\"17c68b9\" data-element_type=\"widget\" data-e-type=\"widget\" data-widget_type=\"spacer.default\">\n\t\t\t\t<div class=\"elementor-widget-container\">\n\t\t\t\t\t\t\t<div class=\"elementor-spacer\">\n\t\t\t<div class=\"elementor-spacer-inner\"><\/div>\n\t\t<\/div>\n\t\t\t\t\t\t<\/div>\n\t\t\t\t<\/div>\n\t\t\t\t\t<\/div>\n\t\t\t\t<\/div>\n\t\t<div class=\"elementor-element elementor-element-57f1af2 e-con-full e-flex e-con e-parent\" data-id=\"57f1af2\" data-element_type=\"container\" data-e-type=\"container\" data-settings=\"{&quot;jet_parallax_layout_list&quot;:[]}\">\n\t\t\t\t<div class=\"elementor-element elementor-element-41a5f86 elementor-widget elementor-widget-spacer\" data-id=\"41a5f86\" data-element_type=\"widget\" data-e-type=\"widget\" data-widget_type=\"spacer.default\">\n\t\t\t\t<div class=\"elementor-widget-container\">\n\t\t\t\t\t\t\t<div class=\"elementor-spacer\">\n\t\t\t<div class=\"elementor-spacer-inner\"><\/div>\n\t\t<\/div>\n\t\t\t\t\t\t<\/div>\n\t\t\t\t<\/div>\n\t\t\t\t<div class=\"elementor-element elementor-element-4135ed8 elementor-widget__width-inherit elementor-tabs-view-horizontal elementor-widget elementor-widget-tabs\" data-id=\"4135ed8\" data-element_type=\"widget\" data-e-type=\"widget\" data-widget_type=\"tabs.default\">\n\t\t\t\t<div class=\"elementor-widget-container\">\n\t\t\t\t\t\t\t<div class=\"elementor-tabs\">\n\t\t\t<div class=\"elementor-tabs-wrapper\" role=\"tablist\" >\n\t\t\t\t\t\t\t\t\t<div id=\"elementor-tab-title-6831\" class=\"elementor-tab-title elementor-tab-desktop-title\" aria-selected=\"true\" data-tab=\"1\" role=\"tab\" tabindex=\"0\" aria-controls=\"elementor-tab-content-6831\" aria-expanded=\"false\">WAS IST DKN RENTING?<\/div>\n\t\t\t\t\t\t\t\t\t<div id=\"elementor-tab-title-6832\" class=\"elementor-tab-title elementor-tab-desktop-title\" aria-selected=\"false\" data-tab=\"2\" role=\"tab\" tabindex=\"-1\" aria-controls=\"elementor-tab-content-6832\" aria-expanded=\"false\">DKN-RENTING VERWENDEN?<\/div>\n\t\t\t\t\t\t\t\t\t<div id=\"elementor-tab-title-6833\" class=\"elementor-tab-title elementor-tab-desktop-title\" aria-selected=\"false\" data-tab=\"3\" role=\"tab\" tabindex=\"-1\" aria-controls=\"elementor-tab-content-6833\" aria-expanded=\"false\">DAS ANGEBOT<\/div>\n\t\t\t\t\t\t\t<\/div>\n\t\t\t<div class=\"elementor-tabs-content-wrapper\" role=\"tablist\" aria-orientation=\"vertical\">\n\t\t\t\t\t\t\t\t\t<div class=\"elementor-tab-title elementor-tab-mobile-title\" aria-selected=\"true\" data-tab=\"1\" role=\"tab\" tabindex=\"0\" aria-controls=\"elementor-tab-content-6831\" aria-expanded=\"false\">WAS IST DKN RENTING?<\/div>\n\t\t\t\t\t<div id=\"elementor-tab-content-6831\" class=\"elementor-tab-content elementor-clearfix\" data-tab=\"1\" role=\"tabpanel\" aria-labelledby=\"elementor-tab-title-6831\" tabindex=\"0\" hidden=\"false\"><p>DKN-Renting, auch bekannt als <strong>Betriebsmiete<\/strong>, bietet eine flexible Finanzierungsl\u00f6sung, die keine Anfangsinvestitionen oder Vorauszahlungen erfordert. Auf diese Weise k\u00f6nnen Sie Ihren Kunden die neuesten Fitnessger\u00e4te zur Verf\u00fcgung stellen, ohne sich um gro\u00dfe Ausgaben sorgen zu m\u00fcssen.<\/p><p>Dieses Konzept tr\u00e4gt zu <strong>100 % zu den Betriebskosten<\/strong> bei und erm\u00f6glicht Ihnen eine effizientere Verwaltung Ihrer Konten. Das bedeutet, dass Ihr Cashflow f\u00fcr andere wichtige Aspekte Ihres Unternehmens frei bleibt, w\u00e4hrend Sie sich \u00fcber modernste Fitnessger\u00e4te freuen k\u00f6nnen.<\/p><p>Ein Vorteil der Zusammenarbeit mit DKN Renting ist, dass Sie die M\u00f6glichkeit haben, Ihre Ger\u00e4te zu erneuern, indem Sie einfach alle 7 Jahre einen <strong>Verl\u00e4ngerungsvertrag<\/strong> unterzeichnen. So ist sichergestellt, dass Sie immer \u00fcber die innovativste Fitnesstechnologie verf\u00fcgen.<\/p><p>Wachsen Sie kosteneffizient und bieten Sie Ihren Kunden einen <strong>hochwertigen Service.<\/strong><\/p><p><img fetchpriority=\"high\" decoding=\"async\" class=\"alignnone wp-image-14721 size-full\" src=\"https:\/\/dkn-technology.com\/wp-content\/uploads\/2024\/05\/Ontwerp-zonder-titel-42.jpg\" alt=\"\" width=\"1600\" height=\"340\" srcset=\"https:\/\/dkn-technology.com\/wp-content\/uploads\/2024\/05\/Ontwerp-zonder-titel-42.jpg 1600w, https:\/\/dkn-technology.com\/wp-content\/uploads\/2024\/05\/Ontwerp-zonder-titel-42-300x64.jpg 300w, https:\/\/dkn-technology.com\/wp-content\/uploads\/2024\/05\/Ontwerp-zonder-titel-42-1024x218.jpg 1024w, https:\/\/dkn-technology.com\/wp-content\/uploads\/2024\/05\/Ontwerp-zonder-titel-42-768x163.jpg 768w, https:\/\/dkn-technology.com\/wp-content\/uploads\/2024\/05\/Ontwerp-zonder-titel-42-1536x326.jpg 1536w, https:\/\/dkn-technology.com\/wp-content\/uploads\/2024\/05\/Ontwerp-zonder-titel-42-600x128.jpg 600w\" sizes=\"(max-width: 1600px) 100vw, 1600px\" \/><\/p><\/div>\n\t\t\t\t\t\t\t\t\t<div class=\"elementor-tab-title elementor-tab-mobile-title\" aria-selected=\"false\" data-tab=\"2\" role=\"tab\" tabindex=\"-1\" aria-controls=\"elementor-tab-content-6832\" aria-expanded=\"false\">DKN-RENTING VERWENDEN?<\/div>\n\t\t\t\t\t<div id=\"elementor-tab-content-6832\" class=\"elementor-tab-content elementor-clearfix\" data-tab=\"2\" role=\"tabpanel\" aria-labelledby=\"elementor-tab-title-6832\" tabindex=\"0\" hidden=\"hidden\"><p>DKN-renting ist ideal f\u00fcr Gewerbetreibende mit einer <strong>Umsatzsteuer-Identifikationsnummer oder Firmennummer<\/strong>, wie zum Beispiel:<\/p><ul><li>Sportschulen<\/li><li>Physiotherapeuten<\/li><li>Personal Trainer<\/li><li>Wellness-Zentren<\/li><li>Einzelh\u00e4ndler<\/li><li>Vertriebsh\u00e4ndler<\/li><li>&#8230;<\/li><\/ul><div>\u00a0<\/div><p>Egal, ob Sie ein kleines Studio betreiben oder eine gro\u00dfe Fitnesskette leiten, DKN-Renting ist auf Ihre speziellen Bed\u00fcrfnisse zugeschnitten.<\/p><p><img decoding=\"async\" class=\"alignnone wp-image-14763 size-full\" src=\"https:\/\/dkn-technology.com\/wp-content\/uploads\/2024\/05\/Ontwerp-zonder-titel-46.jpg\" alt=\"\" width=\"1600\" height=\"340\" srcset=\"https:\/\/dkn-technology.com\/wp-content\/uploads\/2024\/05\/Ontwerp-zonder-titel-46.jpg 1600w, https:\/\/dkn-technology.com\/wp-content\/uploads\/2024\/05\/Ontwerp-zonder-titel-46-300x64.jpg 300w, https:\/\/dkn-technology.com\/wp-content\/uploads\/2024\/05\/Ontwerp-zonder-titel-46-1024x218.jpg 1024w, https:\/\/dkn-technology.com\/wp-content\/uploads\/2024\/05\/Ontwerp-zonder-titel-46-768x163.jpg 768w, https:\/\/dkn-technology.com\/wp-content\/uploads\/2024\/05\/Ontwerp-zonder-titel-46-1536x326.jpg 1536w, https:\/\/dkn-technology.com\/wp-content\/uploads\/2024\/05\/Ontwerp-zonder-titel-46-600x128.jpg 600w\" sizes=\"(max-width: 1600px) 100vw, 1600px\" \/><\/p><\/div>\n\t\t\t\t\t\t\t\t\t<div class=\"elementor-tab-title elementor-tab-mobile-title\" aria-selected=\"false\" data-tab=\"3\" role=\"tab\" tabindex=\"-1\" aria-controls=\"elementor-tab-content-6833\" aria-expanded=\"false\">DAS ANGEBOT<\/div>\n\t\t\t\t\t<div id=\"elementor-tab-content-6833\" class=\"elementor-tab-content elementor-clearfix\" data-tab=\"3\" role=\"tabpanel\" aria-labelledby=\"elementor-tab-title-6833\" tabindex=\"0\" hidden=\"hidden\"><p>Wir bieten eine breite Palette von <strong>Vertr\u00e4gen<\/strong> an, die von einer flexiblen Laufzeit von 12 Monaten bis zu einem langfristigen Vertrag von 84 Monaten reichen.<\/p><p>Wir sind bestrebt, Ihnen die besten Tarife anzubieten, so dass Sie bereits ab <strong>\u20ac500 ohne MwSt. pro Monat einsteigen k\u00f6nnen<\/strong>. (12, 24, 36, &#8230;, 84 Monate)<\/p><p>Wir wissen, wie wichtig<strong> Effizienz und Komfort<\/strong> bei der Verwaltung von Gesch\u00e4ftsvertr\u00e4gen sind. Deshalb haben wir daf\u00fcr gesorgt, dass unsere Mietvertr\u00e4ge mit <strong>elektronischen Unterschriften<\/strong> und einem \u00fcbersichtlichen einseitigen Layout einfach zu verwalten sind. Das spart Ihnen wertvolle Zeit und minimiert den Verwaltungsaufwand, so dass Sie sich ganz auf Ihr Gesch\u00e4ft konzentrieren k\u00f6nnen.<\/p><p>Au\u00dferdem bieten wir einen <strong>schnellen Servic<\/strong>e: 91 % der Anfragen werden in weniger als 90 Minuten bearbeitet.<\/p><p><img decoding=\"async\" src=\"https:\/\/dkn-technology.com\/wp-content\/uploads\/2024\/05\/Ontwerp-zonder-titel-36.jpg\" alt=\"\" width=\"1600\" height=\"340\" \/><\/p><\/div>\n\t\t\t\t\t\t\t<\/div>\n\t\t<\/div>\n\t\t\t\t\t\t<\/div>\n\t\t\t\t<\/div>\n\t\t\t\t<div class=\"elementor-element elementor-element-f67f352 elementor-widget-divider--view-line elementor-widget elementor-widget-divider\" data-id=\"f67f352\" data-element_type=\"widget\" data-e-type=\"widget\" data-widget_type=\"divider.default\">\n\t\t\t\t<div class=\"elementor-widget-container\">\n\t\t\t\t\t\t\t<div class=\"elementor-divider\">\n\t\t\t<span class=\"elementor-divider-separator\">\n\t\t\t\t\t\t<\/span>\n\t\t<\/div>\n\t\t\t\t\t\t<\/div>\n\t\t\t\t<\/div>\n\t\t\t\t<\/div>\n\t\t<div class=\"elementor-element elementor-element-0a8df6d e-con-full e-flex e-con e-parent\" data-id=\"0a8df6d\" data-element_type=\"container\" data-e-type=\"container\" data-settings=\"{&quot;jet_parallax_layout_list&quot;:[]}\">\n\t\t\t\t<div class=\"elementor-element elementor-element-4778a03 elementor-widget elementor-widget-text-editor\" data-id=\"4778a03\" data-element_type=\"widget\" data-e-type=\"widget\" data-widget_type=\"text-editor.default\">\n\t\t\t\t<div class=\"elementor-widget-container\">\n\t\t\t\t\t\t\t\t\t<p>FINDEN SIE HERAUS, WIE DKN RENTING FUNKTIONIERT:<\/p>\t\t\t\t\t\t\t\t<\/div>\n\t\t\t\t<\/div>\n\t\t\t\t<div class=\"elementor-element elementor-element-d55e253 elementor-widget__width-inherit elementor-widget elementor-widget-jet-carousel\" data-id=\"d55e253\" data-element_type=\"widget\" data-e-type=\"widget\" data-settings=\"{&quot;slides_to_show&quot;:&quot;2&quot;,&quot;slides_to_scroll&quot;:&quot;1&quot;}\" data-widget_type=\"jet-carousel.default\">\n\t\t\t\t<div class=\"elementor-widget-container\">\n\t\t\t\t\t<div class=\"elementor-jet-carousel jet-elements\"><div class=\"jet-carousel-wrap\">\n\t<div class=\"jet-carousel\" data-slider_options=\"{&quot;autoplaySpeed&quot;:8000,&quot;autoplay&quot;:true,&quot;infinite&quot;:true,&quot;centerMode&quot;:false,&quot;centerPadding&quot;:&quot;50px&quot;,&quot;pauseOnHover&quot;:false,&quot;speed&quot;:500,&quot;arrows&quot;:true,&quot;dots&quot;:false,&quot;variableWidth&quot;:false,&quot;prevArrow&quot;:&quot;.jet-carousel__prev-arrow-d55e253&quot;,&quot;nextArrow&quot;:&quot;.jet-carousel__next-arrow-d55e253&quot;,&quot;rtl&quot;:false,&quot;fractionNav&quot;:false}\" dir=\"ltr\">\n\t<div class=\"elementor-slick-slider\">\n\n<div class=\"jet-carousel__item\">\n\t<div class=\"jet-carousel__item-inner\"><a href=\"#\" class=\"jet-carousel__item-link\" ><img decoding=\"async\" src=\"https:\/\/dkn-technology.com\/wp-content\/uploads\/2024\/05\/DKN-Renting-screenshots-7.jpg\" class=\"jet-carousel__item-img\" alt=\"DKN Renting screenshots (7)\" loading=\"lazy\"><\/a><div class=\"jet-carousel__content\"><h5 class=\"jet-carousel__item-title\">SCHRITT 1<\/h5><div class=\"jet-carousel__item-text\"><p>W\u00e4hlen Sie alle Produkte aus, die Sie mieten m\u00f6chten, und gehen Sie zur Kasse.<\/p><\/div><\/div><\/div>\n<\/div>\n\n<div class=\"jet-carousel__item\">\n\t<div class=\"jet-carousel__item-inner\"><a href=\"#\" class=\"jet-carousel__item-link\" ><img decoding=\"async\" src=\"https:\/\/dkn-technology.com\/wp-content\/uploads\/2024\/05\/DKN-Renting-screenshots-10.jpg\" class=\"jet-carousel__item-img\" alt=\"DKN Renting screenshots (10)\" loading=\"lazy\"><\/a><div class=\"jet-carousel__content\"><h5 class=\"jet-carousel__item-title\">SCHRITT 2<\/h5><div class=\"jet-carousel__item-text\"><p>W\u00e4hlen Sie: 'Get your DKN Rent plan' und geben Sie Ihre Firmennummer ein.<\/p><\/div><\/div><\/div>\n<\/div>\n\n<div class=\"jet-carousel__item\">\n\t<div class=\"jet-carousel__item-inner\"><a href=\"#\" class=\"jet-carousel__item-link\" ><img decoding=\"async\" src=\"https:\/\/dkn-technology.com\/wp-content\/uploads\/2024\/05\/DKN-Renting-screenshots-5.jpg\" class=\"jet-carousel__item-img\" alt=\"DKN Renting screenshots (5)\" loading=\"lazy\"><\/a><div class=\"jet-carousel__content\"><h5 class=\"jet-carousel__item-title\">SCHRITT  3<\/h5><div class=\"jet-carousel__item-text\"><p>F\u00fcllen Sie alle geforderten Daten aus.<\/p><\/div><\/div><\/div>\n<\/div>\n\n<div class=\"jet-carousel__item\">\n\t<div class=\"jet-carousel__item-inner\"><a href=\"#\" class=\"jet-carousel__item-link\" ><img decoding=\"async\" src=\"https:\/\/dkn-technology.com\/wp-content\/uploads\/2024\/05\/DKN-Renting-screenshots-14.jpg\" class=\"jet-carousel__item-img\" alt=\"DKN Renting screenshots (14)\" loading=\"lazy\"><\/a><div class=\"jet-carousel__content\"><h5 class=\"jet-carousel__item-title\">SCHRITT 4<\/h5><div class=\"jet-carousel__item-text\"><p>Die DKN-Plattform berechnet die monatlichen Kosten und stellt einen Antrag auf Genehmigung.<\/p><\/div><\/div><\/div>\n<\/div>\n\n<div class=\"jet-carousel__item\">\n\t<div class=\"jet-carousel__item-inner\"><a href=\"#\" class=\"jet-carousel__item-link\" ><img decoding=\"async\" src=\"https:\/\/dkn-technology.com\/wp-content\/uploads\/2024\/05\/DKN-Renting-screenshots-15.jpg\" class=\"jet-carousel__item-img\" alt=\"DKN Renting screenshots (15)\" loading=\"lazy\"><\/a><div class=\"jet-carousel__content\"><h5 class=\"jet-carousel__item-title\">SCHRITT 5<\/h5><div class=\"jet-carousel__item-text\"><p>Sie erhalten von uns innerhalb von 48 Stunden Informationen \u00fcber Ihre Bewerbung.<\/p><\/div><\/div><\/div>\n<\/div>\n<\/div><div class=\"jet-carousel__prev-arrow-d55e253 jet-arrow prev-arrow\"><i aria-hidden=\"true\" class=\"fas fa-angle-left\"><\/i><\/div><div class=\"jet-carousel__next-arrow-d55e253 jet-arrow next-arrow\"><i aria-hidden=\"true\" class=\"fas fa-angle-right\"><\/i><\/div><\/div>\n<\/div>\n<\/div>\t\t\t\t<\/div>\n\t\t\t\t<\/div>\n\t\t\t\t<div class=\"elementor-element elementor-element-e5e4f72 elementor-widget elementor-widget-spacer\" data-id=\"e5e4f72\" data-element_type=\"widget\" data-e-type=\"widget\" data-widget_type=\"spacer.default\">\n\t\t\t\t<div class=\"elementor-widget-container\">\n\t\t\t\t\t\t\t<div class=\"elementor-spacer\">\n\t\t\t<div class=\"elementor-spacer-inner\"><\/div>\n\t\t<\/div>\n\t\t\t\t\t\t<\/div>\n\t\t\t\t<\/div>\n\t\t\t\t<\/div>\n\t\t\t\t<\/div>\n\t\t","protected":false},"excerpt":{"rendered":"<p>DKN-Renting, auch bekannt als Betriebsmiete, bietet eine flexible Finanzierungsl\u00f6sung, die keine Anfangsinvestitionen oder Vorauszahlungen erfordert. Auf diese Weise k\u00f6nnen Sie Ihren Kunden die neuesten Fitnessger\u00e4te zur Verf\u00fcgung stellen, ohne sich um gro\u00dfe Ausgaben sorgen zu m\u00fcssen.<\/p>\n","protected":false},"author":206,"featured_media":15621,"parent":0,"menu_order":0,"comment_status":"closed","ping_status":"closed","template":"","meta":{"_acf_changed":false,"inline_featured_image":false,"_monsterinsights_skip_tracking":false,"_monsterinsights_sitenote_active":false,"_monsterinsights_sitenote_note":"","_monsterinsights_sitenote_category":0,"footnotes":""},"class_list":["post-12494","page","type-page","status-publish","has-post-thumbnail","hentry"],"acf":[],"yoast_head":"<!-- This site is optimized with the Yoast SEO plugin v27.5 - https:\/\/yoast.com\/product\/yoast-seo-wordpress\/ -->\n<title>DKN-Renting - DKN-Technology<\/title>\n<meta name=\"robots\" content=\"index, follow, max-snippet:-1, max-image-preview:large, max-video-preview:-1\" \/>\n<link rel=\"canonical\" href=\"https:\/\/dkn-technology.com\/de\/dkn-renting\/\" \/>\n<meta property=\"og:locale\" content=\"de_DE\" \/>\n<meta property=\"og:type\" content=\"article\" \/>\n<meta property=\"og:title\" content=\"DKN-Renting - DKN-Technology\" \/>\n<meta property=\"og:description\" content=\"DKN-Renting, auch bekannt als Betriebsmiete, bietet eine flexible Finanzierungsl\u00f6sung, die keine Anfangsinvestitionen oder Vorauszahlungen erfordert. Auf diese Weise k\u00f6nnen Sie Ihren Kunden die neuesten Fitnessger\u00e4te zur Verf\u00fcgung stellen, ohne sich um gro\u00dfe Ausgaben sorgen zu m\u00fcssen.\" \/>\n<meta property=\"og:url\" content=\"https:\/\/dkn-technology.com\/de\/dkn-renting\/\" \/>\n<meta property=\"og:site_name\" content=\"DKN-Technology\" \/>\n<meta property=\"article:publisher\" content=\"https:\/\/www.facebook.com\/dkntechnology\/\" \/>\n<meta property=\"article:modified_time\" content=\"2024-09-09T14:55:20+00:00\" \/>\n<meta property=\"og:image\" content=\"https:\/\/dkn-technology.com\/wp-content\/uploads\/2024\/05\/DKN-BANNER-10-scaled-1.webp\" \/>\n\t<meta property=\"og:image:width\" content=\"2560\" \/>\n\t<meta property=\"og:image:height\" content=\"640\" \/>\n\t<meta property=\"og:image:type\" content=\"image\/webp\" \/>\n<meta name=\"twitter:card\" content=\"summary_large_image\" \/>\n<meta name=\"twitter:label1\" content=\"Gesch\u00e4tzte Lesezeit\" \/>\n\t<meta name=\"twitter:data1\" content=\"4\u00a0Minuten\" \/>\n<script type=\"application\/ld+json\" class=\"yoast-schema-graph\">{\"@context\":\"https:\\\/\\\/schema.org\",\"@graph\":[{\"@type\":\"WebPage\",\"@id\":\"https:\\\/\\\/dkn-technology.com\\\/de\\\/dkn-renting\\\/\",\"url\":\"https:\\\/\\\/dkn-technology.com\\\/de\\\/dkn-renting\\\/\",\"name\":\"DKN-Renting - DKN-Technology\",\"isPartOf\":{\"@id\":\"https:\\\/\\\/dkn-technology.com\\\/#website\"},\"primaryImageOfPage\":{\"@id\":\"https:\\\/\\\/dkn-technology.com\\\/de\\\/dkn-renting\\\/#primaryimage\"},\"image\":{\"@id\":\"https:\\\/\\\/dkn-technology.com\\\/de\\\/dkn-renting\\\/#primaryimage\"},\"thumbnailUrl\":\"https:\\\/\\\/dkn-technology.com\\\/wp-content\\\/uploads\\\/2024\\\/05\\\/DKN-BANNER-10-scaled-1.webp\",\"datePublished\":\"2024-03-06T11:55:01+00:00\",\"dateModified\":\"2024-09-09T14:55:20+00:00\",\"breadcrumb\":{\"@id\":\"https:\\\/\\\/dkn-technology.com\\\/de\\\/dkn-renting\\\/#breadcrumb\"},\"inLanguage\":\"de\",\"potentialAction\":[{\"@type\":\"ReadAction\",\"target\":[\"https:\\\/\\\/dkn-technology.com\\\/de\\\/dkn-renting\\\/\"]}]},{\"@type\":\"ImageObject\",\"inLanguage\":\"de\",\"@id\":\"https:\\\/\\\/dkn-technology.com\\\/de\\\/dkn-renting\\\/#primaryimage\",\"url\":\"https:\\\/\\\/dkn-technology.com\\\/wp-content\\\/uploads\\\/2024\\\/05\\\/DKN-BANNER-10-scaled-1.webp\",\"contentUrl\":\"https:\\\/\\\/dkn-technology.com\\\/wp-content\\\/uploads\\\/2024\\\/05\\\/DKN-BANNER-10-scaled-1.webp\",\"width\":2560,\"height\":640},{\"@type\":\"BreadcrumbList\",\"@id\":\"https:\\\/\\\/dkn-technology.com\\\/de\\\/dkn-renting\\\/#breadcrumb\",\"itemListElement\":[{\"@type\":\"ListItem\",\"position\":1,\"name\":\"Home\",\"item\":\"https:\\\/\\\/dkn-technology.com\\\/de\\\/\"},{\"@type\":\"ListItem\",\"position\":2,\"name\":\"DKN-Renting\"}]},{\"@type\":\"WebSite\",\"@id\":\"https:\\\/\\\/dkn-technology.com\\\/#website\",\"url\":\"https:\\\/\\\/dkn-technology.com\\\/\",\"name\":\"DKN-Technology\",\"description\":\"Smart Fitness Solutions\",\"publisher\":{\"@id\":\"https:\\\/\\\/dkn-technology.com\\\/#organization\"},\"potentialAction\":[{\"@type\":\"SearchAction\",\"target\":{\"@type\":\"EntryPoint\",\"urlTemplate\":\"https:\\\/\\\/dkn-technology.com\\\/?s={search_term_string}\"},\"query-input\":{\"@type\":\"PropertyValueSpecification\",\"valueRequired\":true,\"valueName\":\"search_term_string\"}}],\"inLanguage\":\"de\"},{\"@type\":\"Organization\",\"@id\":\"https:\\\/\\\/dkn-technology.com\\\/#organization\",\"name\":\"DKN-Technology\",\"url\":\"https:\\\/\\\/dkn-technology.com\\\/\",\"logo\":{\"@type\":\"ImageObject\",\"inLanguage\":\"de\",\"@id\":\"https:\\\/\\\/dkn-technology.com\\\/#\\\/schema\\\/logo\\\/image\\\/\",\"url\":\"https:\\\/\\\/dkn-technology.com\\\/wp-content\\\/uploads\\\/2023\\\/01\\\/DKN-logo@4x.webp\",\"contentUrl\":\"https:\\\/\\\/dkn-technology.com\\\/wp-content\\\/uploads\\\/2023\\\/01\\\/DKN-logo@4x.webp\",\"width\":1933,\"height\":1029,\"caption\":\"DKN-Technology\"},\"image\":{\"@id\":\"https:\\\/\\\/dkn-technology.com\\\/#\\\/schema\\\/logo\\\/image\\\/\"},\"sameAs\":[\"https:\\\/\\\/www.facebook.com\\\/dkntechnology\\\/\",\"https:\\\/\\\/instagram.com\\\/dkntechnology\",\"https:\\\/\\\/www.youtube.com\\\/@DKN-Technology\",\"https:\\\/\\\/www.linkedin.com\\\/company\\\/dkn-technology-smart-fitness-solutions\"]}]}<\/script>\n<!-- \/ Yoast SEO plugin. -->","yoast_head_json":{"title":"DKN-Renting - DKN-Technology","robots":{"index":"index","follow":"follow","max-snippet":"max-snippet:-1","max-image-preview":"max-image-preview:large","max-video-preview":"max-video-preview:-1"},"canonical":"https:\/\/dkn-technology.com\/de\/dkn-renting\/","og_locale":"de_DE","og_type":"article","og_title":"DKN-Renting - DKN-Technology","og_description":"DKN-Renting, auch bekannt als Betriebsmiete, bietet eine flexible Finanzierungsl\u00f6sung, die keine Anfangsinvestitionen oder Vorauszahlungen erfordert. Auf diese Weise k\u00f6nnen Sie Ihren Kunden die neuesten Fitnessger\u00e4te zur Verf\u00fcgung stellen, ohne sich um gro\u00dfe Ausgaben sorgen zu m\u00fcssen.","og_url":"https:\/\/dkn-technology.com\/de\/dkn-renting\/","og_site_name":"DKN-Technology","article_publisher":"https:\/\/www.facebook.com\/dkntechnology\/","article_modified_time":"2024-09-09T14:55:20+00:00","og_image":[{"width":2560,"height":640,"url":"https:\/\/dkn-technology.com\/wp-content\/uploads\/2024\/05\/DKN-BANNER-10-scaled-1.webp","type":"image\/webp"}],"twitter_card":"summary_large_image","twitter_misc":{"Gesch\u00e4tzte Lesezeit":"4\u00a0Minuten"},"schema":{"@context":"https:\/\/schema.org","@graph":[{"@type":"WebPage","@id":"https:\/\/dkn-technology.com\/de\/dkn-renting\/","url":"https:\/\/dkn-technology.com\/de\/dkn-renting\/","name":"DKN-Renting - DKN-Technology","isPartOf":{"@id":"https:\/\/dkn-technology.com\/#website"},"primaryImageOfPage":{"@id":"https:\/\/dkn-technology.com\/de\/dkn-renting\/#primaryimage"},"image":{"@id":"https:\/\/dkn-technology.com\/de\/dkn-renting\/#primaryimage"},"thumbnailUrl":"https:\/\/dkn-technology.com\/wp-content\/uploads\/2024\/05\/DKN-BANNER-10-scaled-1.webp","datePublished":"2024-03-06T11:55:01+00:00","dateModified":"2024-09-09T14:55:20+00:00","breadcrumb":{"@id":"https:\/\/dkn-technology.com\/de\/dkn-renting\/#breadcrumb"},"inLanguage":"de","potentialAction":[{"@type":"ReadAction","target":["https:\/\/dkn-technology.com\/de\/dkn-renting\/"]}]},{"@type":"ImageObject","inLanguage":"de","@id":"https:\/\/dkn-technology.com\/de\/dkn-renting\/#primaryimage","url":"https:\/\/dkn-technology.com\/wp-content\/uploads\/2024\/05\/DKN-BANNER-10-scaled-1.webp","contentUrl":"https:\/\/dkn-technology.com\/wp-content\/uploads\/2024\/05\/DKN-BANNER-10-scaled-1.webp","width":2560,"height":640},{"@type":"BreadcrumbList","@id":"https:\/\/dkn-technology.com\/de\/dkn-renting\/#breadcrumb","itemListElement":[{"@type":"ListItem","position":1,"name":"Home","item":"https:\/\/dkn-technology.com\/de\/"},{"@type":"ListItem","position":2,"name":"DKN-Renting"}]},{"@type":"WebSite","@id":"https:\/\/dkn-technology.com\/#website","url":"https:\/\/dkn-technology.com\/","name":"DKN-Technology","description":"Smart Fitness Solutions","publisher":{"@id":"https:\/\/dkn-technology.com\/#organization"},"potentialAction":[{"@type":"SearchAction","target":{"@type":"EntryPoint","urlTemplate":"https:\/\/dkn-technology.com\/?s={search_term_string}"},"query-input":{"@type":"PropertyValueSpecification","valueRequired":true,"valueName":"search_term_string"}}],"inLanguage":"de"},{"@type":"Organization","@id":"https:\/\/dkn-technology.com\/#organization","name":"DKN-Technology","url":"https:\/\/dkn-technology.com\/","logo":{"@type":"ImageObject","inLanguage":"de","@id":"https:\/\/dkn-technology.com\/#\/schema\/logo\/image\/","url":"https:\/\/dkn-technology.com\/wp-content\/uploads\/2023\/01\/DKN-logo@4x.webp","contentUrl":"https:\/\/dkn-technology.com\/wp-content\/uploads\/2023\/01\/DKN-logo@4x.webp","width":1933,"height":1029,"caption":"DKN-Technology"},"image":{"@id":"https:\/\/dkn-technology.com\/#\/schema\/logo\/image\/"},"sameAs":["https:\/\/www.facebook.com\/dkntechnology\/","https:\/\/instagram.com\/dkntechnology","https:\/\/www.youtube.com\/@DKN-Technology","https:\/\/www.linkedin.com\/company\/dkn-technology-smart-fitness-solutions"]}]}},"_links":{"self":[{"href":"https:\/\/dkn-technology.com\/de\/wp-json\/wp\/v2\/pages\/12494","targetHints":{"allow":["GET"]}}],"collection":[{"href":"https:\/\/dkn-technology.com\/de\/wp-json\/wp\/v2\/pages"}],"about":[{"href":"https:\/\/dkn-technology.com\/de\/wp-json\/wp\/v2\/types\/page"}],"author":[{"embeddable":true,"href":"https:\/\/dkn-technology.com\/de\/wp-json\/wp\/v2\/users\/206"}],"replies":[{"embeddable":true,"href":"https:\/\/dkn-technology.com\/de\/wp-json\/wp\/v2\/comments?post=12494"}],"version-history":[{"count":38,"href":"https:\/\/dkn-technology.com\/de\/wp-json\/wp\/v2\/pages\/12494\/revisions"}],"predecessor-version":[{"id":17866,"href":"https:\/\/dkn-technology.com\/de\/wp-json\/wp\/v2\/pages\/12494\/revisions\/17866"}],"wp:featuredmedia":[{"embeddable":true,"href":"https:\/\/dkn-technology.com\/de\/wp-json\/wp\/v2\/media\/15621"}],"wp:attachment":[{"href":"https:\/\/dkn-technology.com\/de\/wp-json\/wp\/v2\/media?parent=12494"}],"curies":[{"name":"wp","href":"https:\/\/api.w.org\/{rel}","templated":true}]}}