{"id":10695,"date":"2023-09-07T14:43:50","date_gmt":"2023-09-07T12:43:50","guid":{"rendered":"https:\/\/dkn-technology.com\/?post_type=product&#038;p=10695"},"modified":"2024-12-16T14:35:54","modified_gmt":"2024-12-16T12:35:54","slug":"speedbike-pro-x","status":"publish","type":"product","link":"https:\/\/dkn-technology.com\/de\/produkt\/speedbike-pro-x\/","title":{"rendered":"SPEEDBIKE PRO X"},"content":{"rendered":"<div class=\"page\" title=\"Seite 1\">\n<div class=\"section\">\n<div class=\"layoutArea\">\n<div class=\"column\">\n<div class=\"flex max-w-full flex-col flex-grow\">\n<div class=\"min-h-8 text-message flex w-full flex-col items-end gap-2 whitespace-normal break-words [.text-message+&amp;]:mt-5\" dir=\"auto\" data-message-author-role=\"assistant\" data-message-id=\"e5035dc2-1aee-4506-94e5-4367b7e5b189\" data-message-model-slug=\"gpt-4o\">\n<div class=\"flex w-full flex-col gap-1 empty:hidden first:pt-[3px]\">\n<div class=\"markdown prose w-full break-words dark:prose-invert light\">\n<p>Der Speedbike Pro X ist f\u00fcr engagierte Radfahrer und professionelle Nutzer konzipiert, die fortschrittliche Technologie, au\u00dfergew\u00f6hnliche Leistung und Langlebigkeit in einem leistungsstarken Fitnessger\u00e4t suchen. Dieses hochwertige Speedbike verbessert Ihr Trainingserlebnis mit Echtzeit-Tracking, intuitiven Programmoptionen und einer modernen Benutzeroberfl\u00e4che.<\/p>\n<p>Ausgestattet mit einem gro\u00dfen 21,5\u201d TFT-Touchscreen bietet der Speedbike Pro X direkten Zugriff auf alle Ihre Daten und Trainingsprogramme. Die Benutzeroberfl\u00e4che ist schnell und benutzerfreundlich und erm\u00f6glicht das nahtlose Wechseln zwischen Funktionen und Leistungsmetriken. Mit 32 automatischen magnetischen Widerstandsstufen, die \u00fcber das iConsole+-System gesteuert werden, k\u00f6nnen Sie die Intensit\u00e4t Ihres Trainings per Knopfdruck anpassen. Dank des 3,5 kg schweren Aluminium-Schwungrads und des ger\u00e4uschlosen Riemenantriebssystems ist jede Fahrt reibungslos, konsistent und vor allem leise, selbst bei h\u00f6heren Stufen. Dies macht den Pro X ideal sowohl f\u00fcr den Heimgebrauch als auch f\u00fcr professionelle Umgebungen, wie Fitnessstudios und Personal-Training-Studios.<\/p>\n<p>Der kabellose Bluetooth-Herzfrequenzempf\u00e4nger erm\u00f6glicht eine einfache Herzfrequenz\u00fcberwachung, um die Intensit\u00e4t Ihres Trainings zu optimieren. Dadurch eignet sich der Pro X hervorragend f\u00fcr Intervalltraining oder kardiovaskul\u00e4re \u00dcbungen, die auf Herzfrequenzzonen abzielen. Weitere integrierte Metriken umfassen Zeit, Geschwindigkeit, RPM, Distanz, Herzfrequenz, HR-Zone, BAI, Kalorien, Watt und einen praktischen 400-m-Rundenz\u00e4hler, der Ihnen bei jeder Sekunde und jedem Kilometer einen umfassenden \u00dcberblick \u00fcber Ihren Fortschritt und Ihre Leistung gibt.<\/p>\n<p>Umfangreiche Programmoptionen: Der Speedbike Pro X ist mit Funktionen wie Quick Start, Intervalltraining, Routenplanung, konstanter Leistungsmodus und herzfrequenzgesteuerten Programmen ausgestattet, zusammen mit 12 einzigartigen voreingestellten Workouts, die Abwechslung und Herausforderung f\u00fcr alle Fitnesslevel bieten. Diese Optionen erm\u00f6glichen es sowohl Anf\u00e4ngern als auch erfahrenen Radfahrern, ihre Ziele effektiv zu erreichen. F\u00fcr alle, die w\u00e4hrend des Trainings Unterhaltung genie\u00dfen m\u00f6chten, bietet das Bike umfassende WiFi-App-Integrationen, darunter iConsole+, Kinomap, Zwift, YouTube, Spotify, Facebook, Twitter und mehr. Diese Funktionen sorgen f\u00fcr ein motivierendes und dynamisches Training, egal ob Sie eine virtuelle Route w\u00e4hlen, Ihre Lieblingsmusik streamen oder sozial vernetzt bleiben.<\/p>\n<p>Die robuste Bauweise und Verarbeitung des Speedbike Pro X macht es f\u00fcr intensiven Gebrauch geeignet. Die strapazierf\u00e4hige 3-teilige Kurbel (17 cm) sorgt f\u00fcr zus\u00e4tzliche Stabilit\u00e4t, selbst bei intensiven Anstrengungen, und der Mehrfachgriff mit integriertem Tablet-Halter unterst\u00fctzt eine ergonomische Haltung w\u00e4hrend langer Trainingseinheiten. Der Rahmen und die Komponenten sind aus langlebigen Materialien gefertigt und f\u00fcr maximale Belastung ausgelegt. Die horizontal und vertikal verstellbaren Lenk- und Sitzpositionen erm\u00f6glichen es Ihnen, das Fahrrad an Ihren K\u00f6rper anzupassen, um eine ideale Sitzposition und ein angenehmes Erlebnis zu gew\u00e4hrleisten, unabh\u00e4ngig von Ihrer Gr\u00f6\u00dfe oder Statur.<\/p>\n<p>F\u00fcr zus\u00e4tzlichen Komfort verf\u00fcgt der Pro X \u00fcber einen Flaschenhalter und Transportrollen, wodurch das Rad leicht zu bewegen ist und Sie w\u00e4hrend des Trainings hydriert bleiben. Mit einer maximalen Benutzergewichtskapazit\u00e4t von 150 kg bietet der Speedbike Pro X Zuverl\u00e4ssigkeit und Unterst\u00fctzung, selbst bei intensiven Workouts.<\/p>\n<p>Warum den Speedbike Pro X w\u00e4hlen? Der Speedbike Pro X ist f\u00fcr diejenigen konzipiert, die nur das Beste von einem Indoor-Speedbike erwarten. Die Kombination aus Technologie, Komfort und Haltbarkeit macht dieses Fahrrad zu einer wertvollen Erg\u00e4nzung jeder Trainingsroutine. Egal, ob Sie auf ein pers\u00f6nliches Fitnessziel hinarbeiten oder sich auf den Wettkampfradsport vorbereiten \u2013 der Pro X bietet Ihnen die Werkzeuge, die Sie ben\u00f6tigen. F\u00fcr Sportler, die ein umfassendes Cardio-Erlebnis mit detaillierter Datenverfolgung und ultimativem Komfort suchen, ist der Speedbike Pro X mit iConsole+ die ultimative Wahl.<\/p>\n<p>Erleben Sie den Speedbike Pro X selbst und entdecken Sie, wie dieses Trainingsger\u00e4t Ihre Leistung auf die n\u00e4chste Stufe hebt.<\/p>\n<\/div>\n<\/div>\n<\/div>\n<\/div>\n<\/div>\n<\/div>\n<\/div>\n<\/div>\n","protected":false},"excerpt":{"rendered":"<div class=\"page\" title=\"Seite 5\">\n<div class=\"section\">\n<div class=\"layoutArea\">\n<div class=\"column\">\n<p>Nahtlose Internetverbindung &#8211; Zwift-Integration &#8211; Kinomap-Integration &#8211; Umfassendes Fitness-Tracking &#8211; Google Maps-Erkundung<\/p>\n<\/div>\n<\/div>\n<\/div>\n<\/div>\n","protected":false},"featured_media":31413,"template":"","meta":{"_acf_changed":false,"inline_featured_image":false,"_monsterinsights_skip_tracking":false,"_monsterinsights_sitenote_active":false,"_monsterinsights_sitenote_note":"","_monsterinsights_sitenote_category":0},"product_brand":[],"product_cat":[102],"product_tag":[],"class_list":{"0":"post-10695","1":"product","2":"type-product","3":"status-publish","4":"has-post-thumbnail","6":"product_cat-indoor_bikes-de","7":"product_shipping_class-bis-300-kg","9":"first","10":"instock","11":"taxable","12":"shipping-taxable","13":"purchasable","14":"product-type-variable","15":"has-default-attributes"},"acf":[],"yoast_head":"<!-- This site is optimized with the Yoast SEO plugin v27.3 - https:\/\/yoast.com\/product\/yoast-seo-wordpress\/ -->\n<title>SPEEDBIKE PRO X - DKN-Technology<\/title>\n<meta name=\"robots\" content=\"index, follow, max-snippet:-1, max-image-preview:large, max-video-preview:-1\" \/>\n<link rel=\"canonical\" href=\"https:\/\/dkn-technology.com\/de\/produkt\/speedbike-pro-x\/\" \/>\n<meta property=\"og:locale\" content=\"de_DE\" \/>\n<meta property=\"og:type\" content=\"article\" \/>\n<meta property=\"og:title\" content=\"SPEEDBIKE PRO X - DKN-Technology\" \/>\n<meta property=\"og:description\" content=\"Nahtlose Internetverbindung - Zwift-Integration - Kinomap-Integration - Umfassendes Fitness-Tracking - Google Maps-Erkundung\" \/>\n<meta property=\"og:url\" content=\"https:\/\/dkn-technology.com\/de\/produkt\/speedbike-pro-x\/\" \/>\n<meta property=\"og:site_name\" content=\"DKN-Technology\" \/>\n<meta property=\"article:publisher\" content=\"https:\/\/www.facebook.com\/dkntechnology\/\" \/>\n<meta property=\"article:modified_time\" content=\"2024-12-16T12:35:54+00:00\" \/>\n<meta property=\"og:image\" content=\"https:\/\/dkn-technology.com\/wp-content\/uploads\/2023\/09\/DKN-Speedbike-Pro-X-20702-scaled.webp\" \/>\n\t<meta property=\"og:image:width\" content=\"2560\" \/>\n\t<meta property=\"og:image:height\" content=\"2560\" \/>\n\t<meta property=\"og:image:type\" content=\"image\/webp\" \/>\n<meta name=\"twitter:card\" content=\"summary_large_image\" \/>\n<meta name=\"twitter:label1\" content=\"Gesch\u00e4tzte Lesezeit\" \/>\n\t<meta name=\"twitter:data1\" content=\"3\u00a0Minuten\" \/>\n<script type=\"application\/ld+json\" class=\"yoast-schema-graph\">{\"@context\":\"https:\\\/\\\/schema.org\",\"@graph\":[{\"@type\":\"WebPage\",\"@id\":\"https:\\\/\\\/dkn-technology.com\\\/de\\\/produkt\\\/speedbike-pro-x\\\/\",\"url\":\"https:\\\/\\\/dkn-technology.com\\\/de\\\/produkt\\\/speedbike-pro-x\\\/\",\"name\":\"SPEEDBIKE PRO X - DKN-Technology\",\"isPartOf\":{\"@id\":\"https:\\\/\\\/dkn-technology.com\\\/#website\"},\"primaryImageOfPage\":{\"@id\":\"https:\\\/\\\/dkn-technology.com\\\/de\\\/produkt\\\/speedbike-pro-x\\\/#primaryimage\"},\"image\":{\"@id\":\"https:\\\/\\\/dkn-technology.com\\\/de\\\/produkt\\\/speedbike-pro-x\\\/#primaryimage\"},\"thumbnailUrl\":\"https:\\\/\\\/dkn-technology.com\\\/wp-content\\\/uploads\\\/2023\\\/09\\\/DKN-WEBSITE-PICTURES-FORMAT-4.png\",\"datePublished\":\"2023-09-07T12:43:50+00:00\",\"dateModified\":\"2024-12-16T12:35:54+00:00\",\"breadcrumb\":{\"@id\":\"https:\\\/\\\/dkn-technology.com\\\/de\\\/produkt\\\/speedbike-pro-x\\\/#breadcrumb\"},\"inLanguage\":\"de\",\"potentialAction\":[{\"@type\":\"ReadAction\",\"target\":[\"https:\\\/\\\/dkn-technology.com\\\/de\\\/produkt\\\/speedbike-pro-x\\\/\"]}]},{\"@type\":\"ImageObject\",\"inLanguage\":\"de\",\"@id\":\"https:\\\/\\\/dkn-technology.com\\\/de\\\/produkt\\\/speedbike-pro-x\\\/#primaryimage\",\"url\":\"https:\\\/\\\/dkn-technology.com\\\/wp-content\\\/uploads\\\/2023\\\/09\\\/DKN-WEBSITE-PICTURES-FORMAT-4.png\",\"contentUrl\":\"https:\\\/\\\/dkn-technology.com\\\/wp-content\\\/uploads\\\/2023\\\/09\\\/DKN-WEBSITE-PICTURES-FORMAT-4.png\",\"width\":1080,\"height\":1080},{\"@type\":\"BreadcrumbList\",\"@id\":\"https:\\\/\\\/dkn-technology.com\\\/de\\\/produkt\\\/speedbike-pro-x\\\/#breadcrumb\",\"itemListElement\":[{\"@type\":\"ListItem\",\"position\":1,\"name\":\"Home\",\"item\":\"https:\\\/\\\/dkn-technology.com\\\/de\\\/\"},{\"@type\":\"ListItem\",\"position\":2,\"name\":\"Shop\",\"item\":\"https:\\\/\\\/dkn-technology.com\\\/de\\\/shop\\\/\"},{\"@type\":\"ListItem\",\"position\":3,\"name\":\"SPEEDBIKE PRO X\"}]},{\"@type\":\"WebSite\",\"@id\":\"https:\\\/\\\/dkn-technology.com\\\/#website\",\"url\":\"https:\\\/\\\/dkn-technology.com\\\/\",\"name\":\"DKN-Technology\",\"description\":\"Smart Fitness Solutions\",\"publisher\":{\"@id\":\"https:\\\/\\\/dkn-technology.com\\\/#organization\"},\"potentialAction\":[{\"@type\":\"SearchAction\",\"target\":{\"@type\":\"EntryPoint\",\"urlTemplate\":\"https:\\\/\\\/dkn-technology.com\\\/?s={search_term_string}\"},\"query-input\":{\"@type\":\"PropertyValueSpecification\",\"valueRequired\":true,\"valueName\":\"search_term_string\"}}],\"inLanguage\":\"de\"},{\"@type\":\"Organization\",\"@id\":\"https:\\\/\\\/dkn-technology.com\\\/#organization\",\"name\":\"DKN-Technology\",\"url\":\"https:\\\/\\\/dkn-technology.com\\\/\",\"logo\":{\"@type\":\"ImageObject\",\"inLanguage\":\"de\",\"@id\":\"https:\\\/\\\/dkn-technology.com\\\/#\\\/schema\\\/logo\\\/image\\\/\",\"url\":\"https:\\\/\\\/dkn-technology.com\\\/wp-content\\\/uploads\\\/2023\\\/01\\\/DKN-logo@4x.webp\",\"contentUrl\":\"https:\\\/\\\/dkn-technology.com\\\/wp-content\\\/uploads\\\/2023\\\/01\\\/DKN-logo@4x.webp\",\"width\":1933,\"height\":1029,\"caption\":\"DKN-Technology\"},\"image\":{\"@id\":\"https:\\\/\\\/dkn-technology.com\\\/#\\\/schema\\\/logo\\\/image\\\/\"},\"sameAs\":[\"https:\\\/\\\/www.facebook.com\\\/dkntechnology\\\/\",\"https:\\\/\\\/instagram.com\\\/dkntechnology\",\"https:\\\/\\\/www.youtube.com\\\/@DKN-Technology\",\"https:\\\/\\\/www.linkedin.com\\\/company\\\/dkn-technology-smart-fitness-solutions\"]}]}<\/script>\n<!-- \/ Yoast SEO plugin. -->","yoast_head_json":{"title":"SPEEDBIKE PRO X - DKN-Technology","robots":{"index":"index","follow":"follow","max-snippet":"max-snippet:-1","max-image-preview":"max-image-preview:large","max-video-preview":"max-video-preview:-1"},"canonical":"https:\/\/dkn-technology.com\/de\/produkt\/speedbike-pro-x\/","og_locale":"de_DE","og_type":"article","og_title":"SPEEDBIKE PRO X - DKN-Technology","og_description":"Nahtlose Internetverbindung - Zwift-Integration - Kinomap-Integration - Umfassendes Fitness-Tracking - Google Maps-Erkundung","og_url":"https:\/\/dkn-technology.com\/de\/produkt\/speedbike-pro-x\/","og_site_name":"DKN-Technology","article_publisher":"https:\/\/www.facebook.com\/dkntechnology\/","article_modified_time":"2024-12-16T12:35:54+00:00","og_image":[{"width":2560,"height":2560,"url":"https:\/\/dkn-technology.com\/wp-content\/uploads\/2023\/09\/DKN-Speedbike-Pro-X-20702-scaled.webp","type":"image\/webp"}],"twitter_card":"summary_large_image","twitter_misc":{"Gesch\u00e4tzte Lesezeit":"3\u00a0Minuten"},"schema":{"@context":"https:\/\/schema.org","@graph":[{"@type":"WebPage","@id":"https:\/\/dkn-technology.com\/de\/produkt\/speedbike-pro-x\/","url":"https:\/\/dkn-technology.com\/de\/produkt\/speedbike-pro-x\/","name":"SPEEDBIKE PRO X - DKN-Technology","isPartOf":{"@id":"https:\/\/dkn-technology.com\/#website"},"primaryImageOfPage":{"@id":"https:\/\/dkn-technology.com\/de\/produkt\/speedbike-pro-x\/#primaryimage"},"image":{"@id":"https:\/\/dkn-technology.com\/de\/produkt\/speedbike-pro-x\/#primaryimage"},"thumbnailUrl":"https:\/\/dkn-technology.com\/wp-content\/uploads\/2023\/09\/DKN-WEBSITE-PICTURES-FORMAT-4.png","datePublished":"2023-09-07T12:43:50+00:00","dateModified":"2024-12-16T12:35:54+00:00","breadcrumb":{"@id":"https:\/\/dkn-technology.com\/de\/produkt\/speedbike-pro-x\/#breadcrumb"},"inLanguage":"de","potentialAction":[{"@type":"ReadAction","target":["https:\/\/dkn-technology.com\/de\/produkt\/speedbike-pro-x\/"]}]},{"@type":"ImageObject","inLanguage":"de","@id":"https:\/\/dkn-technology.com\/de\/produkt\/speedbike-pro-x\/#primaryimage","url":"https:\/\/dkn-technology.com\/wp-content\/uploads\/2023\/09\/DKN-WEBSITE-PICTURES-FORMAT-4.png","contentUrl":"https:\/\/dkn-technology.com\/wp-content\/uploads\/2023\/09\/DKN-WEBSITE-PICTURES-FORMAT-4.png","width":1080,"height":1080},{"@type":"BreadcrumbList","@id":"https:\/\/dkn-technology.com\/de\/produkt\/speedbike-pro-x\/#breadcrumb","itemListElement":[{"@type":"ListItem","position":1,"name":"Home","item":"https:\/\/dkn-technology.com\/de\/"},{"@type":"ListItem","position":2,"name":"Shop","item":"https:\/\/dkn-technology.com\/de\/shop\/"},{"@type":"ListItem","position":3,"name":"SPEEDBIKE PRO X"}]},{"@type":"WebSite","@id":"https:\/\/dkn-technology.com\/#website","url":"https:\/\/dkn-technology.com\/","name":"DKN-Technology","description":"Smart Fitness Solutions","publisher":{"@id":"https:\/\/dkn-technology.com\/#organization"},"potentialAction":[{"@type":"SearchAction","target":{"@type":"EntryPoint","urlTemplate":"https:\/\/dkn-technology.com\/?s={search_term_string}"},"query-input":{"@type":"PropertyValueSpecification","valueRequired":true,"valueName":"search_term_string"}}],"inLanguage":"de"},{"@type":"Organization","@id":"https:\/\/dkn-technology.com\/#organization","name":"DKN-Technology","url":"https:\/\/dkn-technology.com\/","logo":{"@type":"ImageObject","inLanguage":"de","@id":"https:\/\/dkn-technology.com\/#\/schema\/logo\/image\/","url":"https:\/\/dkn-technology.com\/wp-content\/uploads\/2023\/01\/DKN-logo@4x.webp","contentUrl":"https:\/\/dkn-technology.com\/wp-content\/uploads\/2023\/01\/DKN-logo@4x.webp","width":1933,"height":1029,"caption":"DKN-Technology"},"image":{"@id":"https:\/\/dkn-technology.com\/#\/schema\/logo\/image\/"},"sameAs":["https:\/\/www.facebook.com\/dkntechnology\/","https:\/\/instagram.com\/dkntechnology","https:\/\/www.youtube.com\/@DKN-Technology","https:\/\/www.linkedin.com\/company\/dkn-technology-smart-fitness-solutions"]}]}},"_links":{"self":[{"href":"https:\/\/dkn-technology.com\/de\/wp-json\/wp\/v2\/product\/10695","targetHints":{"allow":["GET"]}}],"collection":[{"href":"https:\/\/dkn-technology.com\/de\/wp-json\/wp\/v2\/product"}],"about":[{"href":"https:\/\/dkn-technology.com\/de\/wp-json\/wp\/v2\/types\/product"}],"version-history":[{"count":14,"href":"https:\/\/dkn-technology.com\/de\/wp-json\/wp\/v2\/product\/10695\/revisions"}],"predecessor-version":[{"id":21501,"href":"https:\/\/dkn-technology.com\/de\/wp-json\/wp\/v2\/product\/10695\/revisions\/21501"}],"wp:featuredmedia":[{"embeddable":true,"href":"https:\/\/dkn-technology.com\/de\/wp-json\/wp\/v2\/media\/31413"}],"wp:attachment":[{"href":"https:\/\/dkn-technology.com\/de\/wp-json\/wp\/v2\/media?parent=10695"}],"wp:term":[{"taxonomy":"product_brand","embeddable":true,"href":"https:\/\/dkn-technology.com\/de\/wp-json\/wp\/v2\/product_brand?post=10695"},{"taxonomy":"product_cat","embeddable":true,"href":"https:\/\/dkn-technology.com\/de\/wp-json\/wp\/v2\/product_cat?post=10695"},{"taxonomy":"product_tag","embeddable":true,"href":"https:\/\/dkn-technology.com\/de\/wp-json\/wp\/v2\/product_tag?post=10695"}],"curies":[{"name":"wp","href":"https:\/\/api.w.org\/{rel}","templated":true}]}}