{"id":10783,"date":"2023-09-07T14:43:47","date_gmt":"2023-09-07T12:43:47","guid":{"rendered":"https:\/\/dkn-technology.com\/?post_type=product&#038;p=10783"},"modified":"2025-09-22T16:12:00","modified_gmt":"2025-09-22T14:12:00","slug":"tmc-pro","status":"publish","type":"product","link":"https:\/\/dkn-technology.com\/de\/produkt\/tmc-pro\/","title":{"rendered":"TMC PRO"},"content":{"rendered":"<div class=\"page\" title=\"Seite 1\">\n<div class=\"section\">\n<div class=\"layoutArea\">\n<div class=\"column\">\n<div class=\"page\" title=\"Seite 1\">\n<div class=\"section\">\n<div class=\"layoutArea\">\n<div class=\"column\">\n<div class=\"page\" title=\"Seite 1\">\n<div class=\"section\">\n<div class=\"layoutArea\">\n<div class=\"column\">\n<p>Das TMC Pro ist ein fortschrittliches Fitnessger\u00e4t, das eine Reihe von Funktionen f\u00fcr ein effektives und individuelles Training bietet. Mit einer Steigung von -5 % bis zu 40 % k\u00f6nnen Sie sowohl Steigungen als auch Gef\u00e4lle simulieren, was eine einzigartige Herausforderung f\u00fcr Ihr Training darstellt.<\/p>\n<p>Das Laufband bietet eine Reihe von Funktionen f\u00fcr ein effektives Training. Auf dem Display werden verschiedene Parameter angezeigt:<\/p>\n<ul>\n<li>ZEIT: 0:00 &#8211; 99.59 (MIN)<\/li>\n<li>ENTFERNUNG: 0,00 &#8211; 99,9 (KM)<\/li>\n<li>KALORIEN: 0,0 &#8211; 999 (KC)<\/li>\n<li>GESCHWINDIGKEIT: 1,0 &#8211; 20,0 (KM\/H)<\/li>\n<li>PULS: 50 &#8211; 200 (BPM)<\/li>\n<li>STEIGUNG: -5 &#8211; 40%<\/li>\n<\/ul>\n<p><strong>Operationen:<\/strong><\/p>\n<ul>\n<li>Start und Stopp: Dr\u00fccken Sie 3 Sekunden lang &#8222;START&#8220;, um zu starten und &#8222;STOP&#8220;, um das Laufband anzuhalten.<\/li>\n<li>Programme: W\u00e4hlen Sie aus 18 voreingestellten Programmen, 3 Benutzereinstellungen, 4 Trainingsmodi und einem K\u00f6rperfett-Testprogramm.<\/li>\n<li>Sicherheitssperre: Das Entfernen der Sicherheitssperre h\u00e4lt das Laufband an; das Einsetzen der Sperre l\u00f6scht die Daten und versetzt das Laufband in den Standby-Modus.<\/li>\n<li>Tastenfunktionen: Die Bedienelemente umfassen START, STOP, PROG, MODE, SPEED\/+\/-, INCLINE\/+\/-.<\/li>\n<li>Abk\u00fcrzungen: Geschwindigkeits- und Steigungsabk\u00fcrzungen k\u00f6nnen eingestellt werden.<\/li>\n<li>Anzeige der Herzfrequenz: Wenn Sie den Herzfrequenzhalter 5 Sekunden lang gedr\u00fcckt halten, wird die Herzfrequenz (50-200 BPM) angezeigt.<\/li>\n<\/ul>\n<p>Besondere Funktionen:<\/p>\n<ul>\n<li>Umrechnung von Kilometer in Meile: Dr\u00fccken Sie PROGRAM und MODE f\u00fcr 3 Sekunden.<\/li>\n<li>Abfrage der Softwareversion: Dr\u00fccken Sie SPEED+ und SPEED- f\u00fcr 1 Sekunde.<\/li>\n<li>Studieren mit Neigung: Dr\u00fccken Sie INCLINE+ und INCLINE- f\u00fcr 3 Sekunden ohne die Sicherheitstaste.<\/li>\n<\/ul>\n<p>K\u00f6rperfett-Test:<\/p>\n<p>Das Laufband verf\u00fcgt \u00fcber ein K\u00f6rperfett-Testprogramm, das durch kontinuierliches Dr\u00fccken von MODE im Standby-Modus aufgerufen werden kann.<\/p>\n<p>Legen Sie Parameter f\u00fcr Geschlecht, Alter, Gr\u00f6\u00dfe und Gewicht fest:<\/p>\n<ul>\n<li>Geschlecht: 01 f\u00fcr m\u00e4nnlich, 02 f\u00fcr weiblich.<\/li>\n<li>Alter: Einstellbar zwischen 10 und 99.<\/li>\n<li>H\u00f6he: Zwischen 100 und 200 cm.<\/li>\n<li>Gewicht: Einstellbar zwischen 20 und 150 kg.<\/li>\n<\/ul>\n<p>Nach der Einstellung der Parameter erscheint auf dem Display &#8222;F5&#8220;. Halten Sie die Griffpulsplatte 5-6 Sekunden lang gedr\u00fcckt, um das K\u00f6rperfett (FAT) zu berechnen. Dieser Test misst den Zusammenhang zwischen Gr\u00f6\u00dfe und Gewicht und unterst\u00fctzt die Gewichtsanpassung auf der Grundlage von Gesundheitsindikatoren.<\/p>\n<\/div>\n<\/div>\n<\/div>\n<\/div>\n<\/div>\n<\/div>\n<\/div>\n<\/div>\n<\/div>\n<\/div>\n<\/div>\n<\/div>\n","protected":false},"excerpt":{"rendered":"<p>Steigung -5% &#8211; 40% &#8211; Multifunktionsdisplay &#8211; Programmvielfalt &#8211; Sicherheitsfunktionen &#8211; K\u00f6rperfett-Testprogramm<\/p>\n","protected":false},"featured_media":31023,"template":"","meta":{"_acf_changed":false,"inline_featured_image":false,"_monsterinsights_skip_tracking":false,"_monsterinsights_sitenote_active":false,"_monsterinsights_sitenote_note":"","_monsterinsights_sitenote_category":0},"product_brand":[],"product_cat":[197,93],"product_tag":[],"class_list":{"0":"post-10783","1":"product","2":"type-product","3":"status-publish","4":"has-post-thumbnail","6":"product_cat-climbing-machines","7":"product_cat-laufbaender","8":"product_shipping_class-bis-300-kg","10":"first","11":"outofstock","12":"taxable","13":"shipping-taxable","14":"purchasable","15":"product-type-variable","16":"has-default-attributes"},"acf":[],"yoast_head":"<!-- This site is optimized with the Yoast SEO plugin v27.3 - https:\/\/yoast.com\/product\/yoast-seo-wordpress\/ -->\n<title>TMC PRO - DKN-Technology<\/title>\n<meta name=\"robots\" content=\"index, follow, max-snippet:-1, max-image-preview:large, max-video-preview:-1\" \/>\n<link rel=\"canonical\" href=\"https:\/\/dkn-technology.com\/de\/produkt\/tmc-pro\/\" \/>\n<meta property=\"og:locale\" content=\"de_DE\" \/>\n<meta property=\"og:type\" content=\"article\" \/>\n<meta property=\"og:title\" content=\"TMC PRO - DKN-Technology\" \/>\n<meta property=\"og:description\" content=\"Steigung -5% - 40% - Multifunktionsdisplay - Programmvielfalt - Sicherheitsfunktionen - K\u00f6rperfett-Testprogramm\" \/>\n<meta property=\"og:url\" content=\"https:\/\/dkn-technology.com\/de\/produkt\/tmc-pro\/\" \/>\n<meta property=\"og:site_name\" content=\"DKN-Technology\" \/>\n<meta property=\"article:publisher\" content=\"https:\/\/www.facebook.com\/dkntechnology\/\" \/>\n<meta property=\"article:modified_time\" content=\"2025-09-22T14:12:00+00:00\" \/>\n<meta property=\"og:image\" content=\"https:\/\/dkn-technology.com\/wp-content\/uploads\/2023\/09\/TEST-FEX-WEBSITE-71.png\" \/>\n\t<meta property=\"og:image:width\" content=\"1080\" \/>\n\t<meta property=\"og:image:height\" content=\"1080\" \/>\n\t<meta property=\"og:image:type\" content=\"image\/png\" \/>\n<meta name=\"twitter:card\" content=\"summary_large_image\" \/>\n<meta name=\"twitter:label1\" content=\"Gesch\u00e4tzte Lesezeit\" \/>\n\t<meta name=\"twitter:data1\" content=\"2\u00a0Minuten\" \/>\n<script type=\"application\/ld+json\" class=\"yoast-schema-graph\">{\"@context\":\"https:\\\/\\\/schema.org\",\"@graph\":[{\"@type\":\"WebPage\",\"@id\":\"https:\\\/\\\/dkn-technology.com\\\/de\\\/produkt\\\/tmc-pro\\\/\",\"url\":\"https:\\\/\\\/dkn-technology.com\\\/de\\\/produkt\\\/tmc-pro\\\/\",\"name\":\"TMC PRO - DKN-Technology\",\"isPartOf\":{\"@id\":\"https:\\\/\\\/dkn-technology.com\\\/#website\"},\"primaryImageOfPage\":{\"@id\":\"https:\\\/\\\/dkn-technology.com\\\/de\\\/produkt\\\/tmc-pro\\\/#primaryimage\"},\"image\":{\"@id\":\"https:\\\/\\\/dkn-technology.com\\\/de\\\/produkt\\\/tmc-pro\\\/#primaryimage\"},\"thumbnailUrl\":\"https:\\\/\\\/dkn-technology.com\\\/wp-content\\\/uploads\\\/2023\\\/09\\\/TEST-FEX-WEBSITE-71.png\",\"datePublished\":\"2023-09-07T12:43:47+00:00\",\"dateModified\":\"2025-09-22T14:12:00+00:00\",\"breadcrumb\":{\"@id\":\"https:\\\/\\\/dkn-technology.com\\\/de\\\/produkt\\\/tmc-pro\\\/#breadcrumb\"},\"inLanguage\":\"de\",\"potentialAction\":[{\"@type\":\"ReadAction\",\"target\":[\"https:\\\/\\\/dkn-technology.com\\\/de\\\/produkt\\\/tmc-pro\\\/\"]}]},{\"@type\":\"ImageObject\",\"inLanguage\":\"de\",\"@id\":\"https:\\\/\\\/dkn-technology.com\\\/de\\\/produkt\\\/tmc-pro\\\/#primaryimage\",\"url\":\"https:\\\/\\\/dkn-technology.com\\\/wp-content\\\/uploads\\\/2023\\\/09\\\/TEST-FEX-WEBSITE-71.png\",\"contentUrl\":\"https:\\\/\\\/dkn-technology.com\\\/wp-content\\\/uploads\\\/2023\\\/09\\\/TEST-FEX-WEBSITE-71.png\",\"width\":1080,\"height\":1080},{\"@type\":\"BreadcrumbList\",\"@id\":\"https:\\\/\\\/dkn-technology.com\\\/de\\\/produkt\\\/tmc-pro\\\/#breadcrumb\",\"itemListElement\":[{\"@type\":\"ListItem\",\"position\":1,\"name\":\"Home\",\"item\":\"https:\\\/\\\/dkn-technology.com\\\/de\\\/\"},{\"@type\":\"ListItem\",\"position\":2,\"name\":\"Shop\",\"item\":\"https:\\\/\\\/dkn-technology.com\\\/de\\\/shop\\\/\"},{\"@type\":\"ListItem\",\"position\":3,\"name\":\"TMC PRO\"}]},{\"@type\":\"WebSite\",\"@id\":\"https:\\\/\\\/dkn-technology.com\\\/#website\",\"url\":\"https:\\\/\\\/dkn-technology.com\\\/\",\"name\":\"DKN-Technology\",\"description\":\"Smart Fitness Solutions\",\"publisher\":{\"@id\":\"https:\\\/\\\/dkn-technology.com\\\/#organization\"},\"potentialAction\":[{\"@type\":\"SearchAction\",\"target\":{\"@type\":\"EntryPoint\",\"urlTemplate\":\"https:\\\/\\\/dkn-technology.com\\\/?s={search_term_string}\"},\"query-input\":{\"@type\":\"PropertyValueSpecification\",\"valueRequired\":true,\"valueName\":\"search_term_string\"}}],\"inLanguage\":\"de\"},{\"@type\":\"Organization\",\"@id\":\"https:\\\/\\\/dkn-technology.com\\\/#organization\",\"name\":\"DKN-Technology\",\"url\":\"https:\\\/\\\/dkn-technology.com\\\/\",\"logo\":{\"@type\":\"ImageObject\",\"inLanguage\":\"de\",\"@id\":\"https:\\\/\\\/dkn-technology.com\\\/#\\\/schema\\\/logo\\\/image\\\/\",\"url\":\"https:\\\/\\\/dkn-technology.com\\\/wp-content\\\/uploads\\\/2023\\\/01\\\/DKN-logo@4x.webp\",\"contentUrl\":\"https:\\\/\\\/dkn-technology.com\\\/wp-content\\\/uploads\\\/2023\\\/01\\\/DKN-logo@4x.webp\",\"width\":1933,\"height\":1029,\"caption\":\"DKN-Technology\"},\"image\":{\"@id\":\"https:\\\/\\\/dkn-technology.com\\\/#\\\/schema\\\/logo\\\/image\\\/\"},\"sameAs\":[\"https:\\\/\\\/www.facebook.com\\\/dkntechnology\\\/\",\"https:\\\/\\\/instagram.com\\\/dkntechnology\",\"https:\\\/\\\/www.youtube.com\\\/@DKN-Technology\",\"https:\\\/\\\/www.linkedin.com\\\/company\\\/dkn-technology-smart-fitness-solutions\"]}]}<\/script>\n<!-- \/ Yoast SEO plugin. -->","yoast_head_json":{"title":"TMC PRO - DKN-Technology","robots":{"index":"index","follow":"follow","max-snippet":"max-snippet:-1","max-image-preview":"max-image-preview:large","max-video-preview":"max-video-preview:-1"},"canonical":"https:\/\/dkn-technology.com\/de\/produkt\/tmc-pro\/","og_locale":"de_DE","og_type":"article","og_title":"TMC PRO - DKN-Technology","og_description":"Steigung -5% - 40% - Multifunktionsdisplay - Programmvielfalt - Sicherheitsfunktionen - K\u00f6rperfett-Testprogramm","og_url":"https:\/\/dkn-technology.com\/de\/produkt\/tmc-pro\/","og_site_name":"DKN-Technology","article_publisher":"https:\/\/www.facebook.com\/dkntechnology\/","article_modified_time":"2025-09-22T14:12:00+00:00","og_image":[{"width":1080,"height":1080,"url":"https:\/\/dkn-technology.com\/wp-content\/uploads\/2023\/09\/TEST-FEX-WEBSITE-71.png","type":"image\/png"}],"twitter_card":"summary_large_image","twitter_misc":{"Gesch\u00e4tzte Lesezeit":"2\u00a0Minuten"},"schema":{"@context":"https:\/\/schema.org","@graph":[{"@type":"WebPage","@id":"https:\/\/dkn-technology.com\/de\/produkt\/tmc-pro\/","url":"https:\/\/dkn-technology.com\/de\/produkt\/tmc-pro\/","name":"TMC PRO - DKN-Technology","isPartOf":{"@id":"https:\/\/dkn-technology.com\/#website"},"primaryImageOfPage":{"@id":"https:\/\/dkn-technology.com\/de\/produkt\/tmc-pro\/#primaryimage"},"image":{"@id":"https:\/\/dkn-technology.com\/de\/produkt\/tmc-pro\/#primaryimage"},"thumbnailUrl":"https:\/\/dkn-technology.com\/wp-content\/uploads\/2023\/09\/TEST-FEX-WEBSITE-71.png","datePublished":"2023-09-07T12:43:47+00:00","dateModified":"2025-09-22T14:12:00+00:00","breadcrumb":{"@id":"https:\/\/dkn-technology.com\/de\/produkt\/tmc-pro\/#breadcrumb"},"inLanguage":"de","potentialAction":[{"@type":"ReadAction","target":["https:\/\/dkn-technology.com\/de\/produkt\/tmc-pro\/"]}]},{"@type":"ImageObject","inLanguage":"de","@id":"https:\/\/dkn-technology.com\/de\/produkt\/tmc-pro\/#primaryimage","url":"https:\/\/dkn-technology.com\/wp-content\/uploads\/2023\/09\/TEST-FEX-WEBSITE-71.png","contentUrl":"https:\/\/dkn-technology.com\/wp-content\/uploads\/2023\/09\/TEST-FEX-WEBSITE-71.png","width":1080,"height":1080},{"@type":"BreadcrumbList","@id":"https:\/\/dkn-technology.com\/de\/produkt\/tmc-pro\/#breadcrumb","itemListElement":[{"@type":"ListItem","position":1,"name":"Home","item":"https:\/\/dkn-technology.com\/de\/"},{"@type":"ListItem","position":2,"name":"Shop","item":"https:\/\/dkn-technology.com\/de\/shop\/"},{"@type":"ListItem","position":3,"name":"TMC PRO"}]},{"@type":"WebSite","@id":"https:\/\/dkn-technology.com\/#website","url":"https:\/\/dkn-technology.com\/","name":"DKN-Technology","description":"Smart Fitness Solutions","publisher":{"@id":"https:\/\/dkn-technology.com\/#organization"},"potentialAction":[{"@type":"SearchAction","target":{"@type":"EntryPoint","urlTemplate":"https:\/\/dkn-technology.com\/?s={search_term_string}"},"query-input":{"@type":"PropertyValueSpecification","valueRequired":true,"valueName":"search_term_string"}}],"inLanguage":"de"},{"@type":"Organization","@id":"https:\/\/dkn-technology.com\/#organization","name":"DKN-Technology","url":"https:\/\/dkn-technology.com\/","logo":{"@type":"ImageObject","inLanguage":"de","@id":"https:\/\/dkn-technology.com\/#\/schema\/logo\/image\/","url":"https:\/\/dkn-technology.com\/wp-content\/uploads\/2023\/01\/DKN-logo@4x.webp","contentUrl":"https:\/\/dkn-technology.com\/wp-content\/uploads\/2023\/01\/DKN-logo@4x.webp","width":1933,"height":1029,"caption":"DKN-Technology"},"image":{"@id":"https:\/\/dkn-technology.com\/#\/schema\/logo\/image\/"},"sameAs":["https:\/\/www.facebook.com\/dkntechnology\/","https:\/\/instagram.com\/dkntechnology","https:\/\/www.youtube.com\/@DKN-Technology","https:\/\/www.linkedin.com\/company\/dkn-technology-smart-fitness-solutions"]}]}},"_links":{"self":[{"href":"https:\/\/dkn-technology.com\/de\/wp-json\/wp\/v2\/product\/10783","targetHints":{"allow":["GET"]}}],"collection":[{"href":"https:\/\/dkn-technology.com\/de\/wp-json\/wp\/v2\/product"}],"about":[{"href":"https:\/\/dkn-technology.com\/de\/wp-json\/wp\/v2\/types\/product"}],"version-history":[{"count":11,"href":"https:\/\/dkn-technology.com\/de\/wp-json\/wp\/v2\/product\/10783\/revisions"}],"predecessor-version":[{"id":31609,"href":"https:\/\/dkn-technology.com\/de\/wp-json\/wp\/v2\/product\/10783\/revisions\/31609"}],"wp:featuredmedia":[{"embeddable":true,"href":"https:\/\/dkn-technology.com\/de\/wp-json\/wp\/v2\/media\/31023"}],"wp:attachment":[{"href":"https:\/\/dkn-technology.com\/de\/wp-json\/wp\/v2\/media?parent=10783"}],"wp:term":[{"taxonomy":"product_brand","embeddable":true,"href":"https:\/\/dkn-technology.com\/de\/wp-json\/wp\/v2\/product_brand?post=10783"},{"taxonomy":"product_cat","embeddable":true,"href":"https:\/\/dkn-technology.com\/de\/wp-json\/wp\/v2\/product_cat?post=10783"},{"taxonomy":"product_tag","embeddable":true,"href":"https:\/\/dkn-technology.com\/de\/wp-json\/wp\/v2\/product_tag?post=10783"}],"curies":[{"name":"wp","href":"https:\/\/api.w.org\/{rel}","templated":true}]}}