{"id":10847,"date":"2023-09-07T14:43:44","date_gmt":"2023-09-07T12:43:44","guid":{"rendered":"https:\/\/dkn-technology.com\/?post_type=product&#038;p=10847"},"modified":"2025-09-23T14:20:08","modified_gmt":"2025-09-23T12:20:08","slug":"smart-functional-trainer","status":"publish","type":"product","link":"https:\/\/dkn-technology.com\/de\/produkt\/smart-functional-trainer\/","title":{"rendered":"SMART FUNCTIONAL TRAINER"},"content":{"rendered":"<div class=\"page\" title=\"Seite 7\">\n<div class=\"section\">\n<div class=\"layoutArea\">\n<div class=\"column\">\n<p>Introducing the Smart Functional Trainer: Ihr ultimatives Ziel f\u00fcr ein umfassendes und intelligentes Ganzk\u00f6rper-Workout!<\/p>\n<p>Die Smart Functional Trainer ist ein bahnbrechender Fortschritt im Bereich der Trainingsger\u00e4te. Sie wurde sorgf\u00e4ltig entwickelt, um ein ganzheitliches und intelligentes Trainingserlebnis zu bieten, das alle wichtigen Muskelgruppen Ihres K\u00f6rpers anspricht. Diese innovative Fitnessl\u00f6sung vereint modernste Technologie mit einem unersch\u00fctterlichen Engagement f\u00fcr Sicherheit und Design und bietet den Nutzern eine vielseitige und hocheffektive M\u00f6glichkeit, ihr Fitnessprogramm zu verbessern.<\/p>\n<p><strong>Wesentliche Merkmale:<\/strong><\/p>\n<p><strong>Umfassendes Workout:<\/strong> Die Smart Functional Trainer verf\u00fcgt \u00fcber ein umfangreiches Repertoire an Trainingsoptionen, die es dem Benutzer erm\u00f6glichen, seinen gesamten K\u00f6rper in einer einzigen, nahtlos integrierten Trainingseinheit zu trainieren. Von belebendem Krafttraining bis hin zu belebenden Herz-Kreislauf-\u00dcbungen bietet diese Station alles und ist damit die erste Wahl f\u00fcr alle, die eine hervorragende Fitness anstreben.<\/p>\n<p><strong>Intelligentes Training:<\/strong> Ausgestattet mit fortschrittlichen Sensoren und nahtlos integrierter k\u00fcnstlicher Intelligenz (KI), liefert die Smart Functional Trainer Echtzeit-Feedback und gibt personalisierte Trainingsempfehlungen. Die KI passt sich dynamisch an das Fitnessniveau und die Ziele des Benutzers an und garantiert, dass jedes Training genau auf die individuellen Bed\u00fcrfnisse des Benutzers zugeschnitten ist, um so optimale Ergebnisse zu erzielen.<\/p>\n<p><strong>Sicheres Design:<\/strong> Sicherheit bleibt unsere oberste Priorit\u00e4t. Die Smart Functional Trainer verf\u00fcgt \u00fcber robuste Sicherheitsmechanismen, die sorgf\u00e4ltig entwickelt wurden, um m\u00f6gliche Verletzungen w\u00e4hrend des Trainings zu vermeiden. Funktionen wie automatische Gewichtsanpassung, sichere Griffe und ein ergonomisches Design garantieren, dass die Benutzer selbstbewusst und ohne jedes Risiko trainieren k\u00f6nnen.<\/p>\n<p><strong>Vernetzte Erfahrung:<\/strong> Die Station ist so konzipiert, dass sie eine nahtlose Verbindung zu einer Begleit-App erm\u00f6glicht, mit der die Nutzer ihre Fortschritte genau verfolgen, sich inspirierende Ziele setzen und ihre Leistung im Laufe der Zeit genau analysieren k\u00f6nnen. Diese interaktive und immersive Erfahrung bringt eine motivierende Dimension in Ihr Training, die Ihnen hilft, sich dauerhaft zu engagieren und Ihre Fitnessziele zu verfolgen.<\/p>\n<p><strong>Platzsparend:<\/strong> Die Smart Functional Trainer ist mit einer platzsparenden Philosophie konzipiert. Dank seiner kompakten Bauweise f\u00fcgt er sich nahtlos in verschiedene Umgebungen ein, sei es Ihr Heim-Fitnessstudio, ein Boutique-Fitnessstudio oder ein gem\u00fctlicher Trainingsraum in Ihrem Zuhause.<\/p>\n<p><strong>Einstellbarer Widerstand:<\/strong> Unsere Station bietet eine beeindruckende Auswahl an Widerstandsstufen, die auf Benutzer mit unterschiedlichem Fitnesshintergrund zugeschnitten sind. Diese unvergleichliche Anpassungsf\u00e4higkeit sorgt daf\u00fcr, dass sowohl Anf\u00e4nger als auch erfahrene Sportler von den au\u00dfergew\u00f6hnlichen Vorteilen dieses vielseitigen Ger\u00e4ts profitieren k\u00f6nnen.<\/p>\n<p><strong>Benutzerfreundliches Interface:<\/strong> Unsere intuitive und m\u00fchelos zu bedienende Benutzeroberfl\u00e4che stellt sicher, dass jeder, unabh\u00e4ngig von Alter oder technischem Fachwissen, bequem und einfach auf die Smart Functional Trainer zugreifen und deren Leistung nutzen kann.<\/p>\n<p>Ganz gleich, ob Sie ein leidenschaftlicher Fitnessfan sind, ein Neuling auf dem Weg zu einem ges\u00fcnderen Lebensstil oder jemand, der besondere Fitnessziele verfolgt &#8211; die Smart Functional Trainer ist Ihr umfassender Fitnessbegleiter. Mit seinem umfassenden Trainingsprogramm, seinen intelligenten Funktionen und seinem unerm\u00fcdlichen Einsatz f\u00fcr Sicherheit und hervorragendes Design ist es ein absolutes Muss f\u00fcr jeden, der ein effizientes und effektives Trainingsprogramm anstrebt. Beginnen Sie noch heute Ihre Reise zu einem st\u00e4rkeren und ges\u00fcnderen K\u00f6rper mit der Smart Functional Trainer!<\/p>\n<\/div>\n<\/div>\n<\/div>\n<\/div>\n","protected":false},"excerpt":{"rendered":"<p>Intelligentes Widerstandssystem &#8211; Interaktives Touchscreen-Erlebnis &#8211; Vernetzte Fitness-Community &#8211; Fortschrittliches Design und Technik &#8211; Multimedia-Unterhaltung<\/p>\n","protected":false},"featured_media":21325,"template":"","meta":{"_acf_changed":false,"inline_featured_image":false,"_monsterinsights_skip_tracking":false,"_monsterinsights_sitenote_active":false,"_monsterinsights_sitenote_note":"","_monsterinsights_sitenote_category":0},"product_brand":[],"product_cat":[84,301],"product_tag":[],"class_list":{"0":"post-10847","1":"product","2":"type-product","3":"status-publish","4":"has-post-thumbnail","6":"product_cat-kraft","7":"product_cat-smart-training-machines","8":"product_shipping_class-bis-300-kg","10":"first","11":"outofstock","12":"taxable","13":"shipping-taxable","14":"purchasable","15":"product-type-variable","16":"has-default-attributes"},"acf":[],"yoast_head":"<!-- This site is optimized with the Yoast SEO plugin v27.4 - https:\/\/yoast.com\/product\/yoast-seo-wordpress\/ -->\n<title>SMART FUNCTIONAL TRAINER - DKN-Technology<\/title>\n<meta name=\"robots\" content=\"index, follow, max-snippet:-1, max-image-preview:large, max-video-preview:-1\" \/>\n<link rel=\"canonical\" href=\"https:\/\/dkn-technology.com\/de\/produkt\/smart-functional-trainer\/\" \/>\n<meta property=\"og:locale\" content=\"de_DE\" \/>\n<meta property=\"og:type\" content=\"article\" \/>\n<meta property=\"og:title\" content=\"SMART FUNCTIONAL TRAINER - DKN-Technology\" \/>\n<meta property=\"og:description\" content=\"Intelligentes Widerstandssystem - Interaktives Touchscreen-Erlebnis - Vernetzte Fitness-Community - Fortschrittliches Design und Technik - Multimedia-Unterhaltung\" \/>\n<meta property=\"og:url\" content=\"https:\/\/dkn-technology.com\/de\/produkt\/smart-functional-trainer\/\" \/>\n<meta property=\"og:site_name\" content=\"DKN-Technology\" \/>\n<meta property=\"article:publisher\" content=\"https:\/\/www.facebook.com\/dkntechnology\/\" \/>\n<meta property=\"article:modified_time\" content=\"2025-09-23T12:20:08+00:00\" \/>\n<meta property=\"og:image\" content=\"https:\/\/dkn-technology.com\/wp-content\/uploads\/2023\/09\/DKN-Smart-Functional-Trainer-01-scaled.webp\" \/>\n\t<meta property=\"og:image:width\" content=\"2560\" \/>\n\t<meta property=\"og:image:height\" content=\"2560\" \/>\n\t<meta property=\"og:image:type\" content=\"image\/webp\" \/>\n<meta name=\"twitter:card\" content=\"summary_large_image\" \/>\n<meta name=\"twitter:label1\" content=\"Gesch\u00e4tzte Lesezeit\" \/>\n\t<meta name=\"twitter:data1\" content=\"3\u00a0Minuten\" \/>\n<script type=\"application\/ld+json\" class=\"yoast-schema-graph\">{\"@context\":\"https:\\\/\\\/schema.org\",\"@graph\":[{\"@type\":\"WebPage\",\"@id\":\"https:\\\/\\\/dkn-technology.com\\\/de\\\/produkt\\\/smart-functional-trainer\\\/\",\"url\":\"https:\\\/\\\/dkn-technology.com\\\/de\\\/produkt\\\/smart-functional-trainer\\\/\",\"name\":\"SMART FUNCTIONAL TRAINER - DKN-Technology\",\"isPartOf\":{\"@id\":\"https:\\\/\\\/dkn-technology.com\\\/#website\"},\"primaryImageOfPage\":{\"@id\":\"https:\\\/\\\/dkn-technology.com\\\/de\\\/produkt\\\/smart-functional-trainer\\\/#primaryimage\"},\"image\":{\"@id\":\"https:\\\/\\\/dkn-technology.com\\\/de\\\/produkt\\\/smart-functional-trainer\\\/#primaryimage\"},\"thumbnailUrl\":\"https:\\\/\\\/dkn-technology.com\\\/wp-content\\\/uploads\\\/2023\\\/09\\\/DKN-Smart-Functional-Trainer-01-scaled.webp\",\"datePublished\":\"2023-09-07T12:43:44+00:00\",\"dateModified\":\"2025-09-23T12:20:08+00:00\",\"breadcrumb\":{\"@id\":\"https:\\\/\\\/dkn-technology.com\\\/de\\\/produkt\\\/smart-functional-trainer\\\/#breadcrumb\"},\"inLanguage\":\"de\",\"potentialAction\":[{\"@type\":\"ReadAction\",\"target\":[\"https:\\\/\\\/dkn-technology.com\\\/de\\\/produkt\\\/smart-functional-trainer\\\/\"]}]},{\"@type\":\"ImageObject\",\"inLanguage\":\"de\",\"@id\":\"https:\\\/\\\/dkn-technology.com\\\/de\\\/produkt\\\/smart-functional-trainer\\\/#primaryimage\",\"url\":\"https:\\\/\\\/dkn-technology.com\\\/wp-content\\\/uploads\\\/2023\\\/09\\\/DKN-Smart-Functional-Trainer-01-scaled.webp\",\"contentUrl\":\"https:\\\/\\\/dkn-technology.com\\\/wp-content\\\/uploads\\\/2023\\\/09\\\/DKN-Smart-Functional-Trainer-01-scaled.webp\",\"width\":2560,\"height\":2560},{\"@type\":\"BreadcrumbList\",\"@id\":\"https:\\\/\\\/dkn-technology.com\\\/de\\\/produkt\\\/smart-functional-trainer\\\/#breadcrumb\",\"itemListElement\":[{\"@type\":\"ListItem\",\"position\":1,\"name\":\"Home\",\"item\":\"https:\\\/\\\/dkn-technology.com\\\/de\\\/\"},{\"@type\":\"ListItem\",\"position\":2,\"name\":\"Shop\",\"item\":\"https:\\\/\\\/dkn-technology.com\\\/de\\\/shop\\\/\"},{\"@type\":\"ListItem\",\"position\":3,\"name\":\"SMART FUNCTIONAL TRAINER\"}]},{\"@type\":\"WebSite\",\"@id\":\"https:\\\/\\\/dkn-technology.com\\\/#website\",\"url\":\"https:\\\/\\\/dkn-technology.com\\\/\",\"name\":\"DKN-Technology\",\"description\":\"Smart Fitness Solutions\",\"publisher\":{\"@id\":\"https:\\\/\\\/dkn-technology.com\\\/#organization\"},\"potentialAction\":[{\"@type\":\"SearchAction\",\"target\":{\"@type\":\"EntryPoint\",\"urlTemplate\":\"https:\\\/\\\/dkn-technology.com\\\/?s={search_term_string}\"},\"query-input\":{\"@type\":\"PropertyValueSpecification\",\"valueRequired\":true,\"valueName\":\"search_term_string\"}}],\"inLanguage\":\"de\"},{\"@type\":\"Organization\",\"@id\":\"https:\\\/\\\/dkn-technology.com\\\/#organization\",\"name\":\"DKN-Technology\",\"url\":\"https:\\\/\\\/dkn-technology.com\\\/\",\"logo\":{\"@type\":\"ImageObject\",\"inLanguage\":\"de\",\"@id\":\"https:\\\/\\\/dkn-technology.com\\\/#\\\/schema\\\/logo\\\/image\\\/\",\"url\":\"https:\\\/\\\/dkn-technology.com\\\/wp-content\\\/uploads\\\/2023\\\/01\\\/DKN-logo@4x.webp\",\"contentUrl\":\"https:\\\/\\\/dkn-technology.com\\\/wp-content\\\/uploads\\\/2023\\\/01\\\/DKN-logo@4x.webp\",\"width\":1933,\"height\":1029,\"caption\":\"DKN-Technology\"},\"image\":{\"@id\":\"https:\\\/\\\/dkn-technology.com\\\/#\\\/schema\\\/logo\\\/image\\\/\"},\"sameAs\":[\"https:\\\/\\\/www.facebook.com\\\/dkntechnology\\\/\",\"https:\\\/\\\/instagram.com\\\/dkntechnology\",\"https:\\\/\\\/www.youtube.com\\\/@DKN-Technology\",\"https:\\\/\\\/www.linkedin.com\\\/company\\\/dkn-technology-smart-fitness-solutions\"]}]}<\/script>\n<!-- \/ Yoast SEO plugin. -->","yoast_head_json":{"title":"SMART FUNCTIONAL TRAINER - DKN-Technology","robots":{"index":"index","follow":"follow","max-snippet":"max-snippet:-1","max-image-preview":"max-image-preview:large","max-video-preview":"max-video-preview:-1"},"canonical":"https:\/\/dkn-technology.com\/de\/produkt\/smart-functional-trainer\/","og_locale":"de_DE","og_type":"article","og_title":"SMART FUNCTIONAL TRAINER - DKN-Technology","og_description":"Intelligentes Widerstandssystem - Interaktives Touchscreen-Erlebnis - Vernetzte Fitness-Community - Fortschrittliches Design und Technik - Multimedia-Unterhaltung","og_url":"https:\/\/dkn-technology.com\/de\/produkt\/smart-functional-trainer\/","og_site_name":"DKN-Technology","article_publisher":"https:\/\/www.facebook.com\/dkntechnology\/","article_modified_time":"2025-09-23T12:20:08+00:00","og_image":[{"width":2560,"height":2560,"url":"https:\/\/dkn-technology.com\/wp-content\/uploads\/2023\/09\/DKN-Smart-Functional-Trainer-01-scaled.webp","type":"image\/webp"}],"twitter_card":"summary_large_image","twitter_misc":{"Gesch\u00e4tzte Lesezeit":"3\u00a0Minuten"},"schema":{"@context":"https:\/\/schema.org","@graph":[{"@type":"WebPage","@id":"https:\/\/dkn-technology.com\/de\/produkt\/smart-functional-trainer\/","url":"https:\/\/dkn-technology.com\/de\/produkt\/smart-functional-trainer\/","name":"SMART FUNCTIONAL TRAINER - DKN-Technology","isPartOf":{"@id":"https:\/\/dkn-technology.com\/#website"},"primaryImageOfPage":{"@id":"https:\/\/dkn-technology.com\/de\/produkt\/smart-functional-trainer\/#primaryimage"},"image":{"@id":"https:\/\/dkn-technology.com\/de\/produkt\/smart-functional-trainer\/#primaryimage"},"thumbnailUrl":"https:\/\/dkn-technology.com\/wp-content\/uploads\/2023\/09\/DKN-Smart-Functional-Trainer-01-scaled.webp","datePublished":"2023-09-07T12:43:44+00:00","dateModified":"2025-09-23T12:20:08+00:00","breadcrumb":{"@id":"https:\/\/dkn-technology.com\/de\/produkt\/smart-functional-trainer\/#breadcrumb"},"inLanguage":"de","potentialAction":[{"@type":"ReadAction","target":["https:\/\/dkn-technology.com\/de\/produkt\/smart-functional-trainer\/"]}]},{"@type":"ImageObject","inLanguage":"de","@id":"https:\/\/dkn-technology.com\/de\/produkt\/smart-functional-trainer\/#primaryimage","url":"https:\/\/dkn-technology.com\/wp-content\/uploads\/2023\/09\/DKN-Smart-Functional-Trainer-01-scaled.webp","contentUrl":"https:\/\/dkn-technology.com\/wp-content\/uploads\/2023\/09\/DKN-Smart-Functional-Trainer-01-scaled.webp","width":2560,"height":2560},{"@type":"BreadcrumbList","@id":"https:\/\/dkn-technology.com\/de\/produkt\/smart-functional-trainer\/#breadcrumb","itemListElement":[{"@type":"ListItem","position":1,"name":"Home","item":"https:\/\/dkn-technology.com\/de\/"},{"@type":"ListItem","position":2,"name":"Shop","item":"https:\/\/dkn-technology.com\/de\/shop\/"},{"@type":"ListItem","position":3,"name":"SMART FUNCTIONAL TRAINER"}]},{"@type":"WebSite","@id":"https:\/\/dkn-technology.com\/#website","url":"https:\/\/dkn-technology.com\/","name":"DKN-Technology","description":"Smart Fitness Solutions","publisher":{"@id":"https:\/\/dkn-technology.com\/#organization"},"potentialAction":[{"@type":"SearchAction","target":{"@type":"EntryPoint","urlTemplate":"https:\/\/dkn-technology.com\/?s={search_term_string}"},"query-input":{"@type":"PropertyValueSpecification","valueRequired":true,"valueName":"search_term_string"}}],"inLanguage":"de"},{"@type":"Organization","@id":"https:\/\/dkn-technology.com\/#organization","name":"DKN-Technology","url":"https:\/\/dkn-technology.com\/","logo":{"@type":"ImageObject","inLanguage":"de","@id":"https:\/\/dkn-technology.com\/#\/schema\/logo\/image\/","url":"https:\/\/dkn-technology.com\/wp-content\/uploads\/2023\/01\/DKN-logo@4x.webp","contentUrl":"https:\/\/dkn-technology.com\/wp-content\/uploads\/2023\/01\/DKN-logo@4x.webp","width":1933,"height":1029,"caption":"DKN-Technology"},"image":{"@id":"https:\/\/dkn-technology.com\/#\/schema\/logo\/image\/"},"sameAs":["https:\/\/www.facebook.com\/dkntechnology\/","https:\/\/instagram.com\/dkntechnology","https:\/\/www.youtube.com\/@DKN-Technology","https:\/\/www.linkedin.com\/company\/dkn-technology-smart-fitness-solutions"]}]}},"_links":{"self":[{"href":"https:\/\/dkn-technology.com\/de\/wp-json\/wp\/v2\/product\/10847","targetHints":{"allow":["GET"]}}],"collection":[{"href":"https:\/\/dkn-technology.com\/de\/wp-json\/wp\/v2\/product"}],"about":[{"href":"https:\/\/dkn-technology.com\/de\/wp-json\/wp\/v2\/types\/product"}],"version-history":[{"count":15,"href":"https:\/\/dkn-technology.com\/de\/wp-json\/wp\/v2\/product\/10847\/revisions"}],"predecessor-version":[{"id":31642,"href":"https:\/\/dkn-technology.com\/de\/wp-json\/wp\/v2\/product\/10847\/revisions\/31642"}],"wp:featuredmedia":[{"embeddable":true,"href":"https:\/\/dkn-technology.com\/de\/wp-json\/wp\/v2\/media\/21325"}],"wp:attachment":[{"href":"https:\/\/dkn-technology.com\/de\/wp-json\/wp\/v2\/media?parent=10847"}],"wp:term":[{"taxonomy":"product_brand","embeddable":true,"href":"https:\/\/dkn-technology.com\/de\/wp-json\/wp\/v2\/product_brand?post=10847"},{"taxonomy":"product_cat","embeddable":true,"href":"https:\/\/dkn-technology.com\/de\/wp-json\/wp\/v2\/product_cat?post=10847"},{"taxonomy":"product_tag","embeddable":true,"href":"https:\/\/dkn-technology.com\/de\/wp-json\/wp\/v2\/product_tag?post=10847"}],"curies":[{"name":"wp","href":"https:\/\/api.w.org\/{rel}","templated":true}]}}