{"id":10907,"date":"2023-09-07T14:43:43","date_gmt":"2023-09-07T12:43:43","guid":{"rendered":"https:\/\/dkn-technology.com\/?post_type=product&#038;p=10907"},"modified":"2025-09-23T13:36:23","modified_gmt":"2025-09-23T11:36:23","slug":"rb-pro","status":"publish","type":"product","link":"https:\/\/dkn-technology.com\/de\/produkt\/rb-pro\/","title":{"rendered":"RB PRO"},"content":{"rendered":"<div class=\"page\" title=\"Seite 1\">\n<div class=\"section\">\n<div class=\"layoutArea\">\n<div class=\"column\">\n<div class=\"page\" title=\"Seite 1\">\n<div class=\"section\">\n<div class=\"layoutArea\">\n<div class=\"column\">\n<div class=\"page\" title=\"Seite 1\">\n<div class=\"section\">\n<div class=\"layoutArea\">\n<div class=\"column\">\n<p>Wir stellen das PRO RECUMBENT BIKE vor: Ihr Tor zu komfortabler und funktionsreicher Fitness!<\/p>\n<p>Erleben Sie eine neue Dimension der Fitness mit unserem PRO RECUMBENT BIKE, das sorgf\u00e4ltig entwickelt wurde, um Ihnen das ultimative Workout-Erlebnis zu bieten. Dieser au\u00dfergew\u00f6hnliche Heimtrainer kombiniert ergonomische Exzellenz, modernste Technologie und un\u00fcbertroffene Vielseitigkeit, um Ihre Fitness zu verbessern.<\/p>\n<p><strong>Wesentliche Merkmale:<\/strong><\/p>\n<p><strong>Durchgehendes Design:<\/strong> Unser PRO RECUMBENT BIKE verf\u00fcgt \u00fcber ein praktisches Durchstiegsdesign, das einen einfachen und problemlosen Zugang erm\u00f6glicht. Verabschieden Sie sich vom umst\u00e4ndlichen Auf- und Absteigen und machen Sie Ihr Training zug\u00e4nglicher und angenehmer.<\/p>\n<p><strong>Sanfte und leise Leistung:<\/strong> Ausgestattet mit einem 8 kg schweren vollmagnetischen Schwungrad und einem 1-Wege-Lager, liefert unser Fahrrad au\u00dfergew\u00f6hnlich sanfte und leise Trainingseinheiten. Genie\u00dfen Sie das Gef\u00fchl, m\u00fchelos in die Pedale zu treten, w\u00e4hrend Sie Ihre Fitnessziele erreichen.<\/p>\n<p><strong>Anpassbarer Widerstand:<\/strong> \u00dcbernehmen Sie die Kontrolle \u00fcber Ihre Trainingsintensit\u00e4t mit 32 motorisierten Widerstandsstufen. Ob Sie eine gem\u00fctliche Fahrt oder eine intensive Herausforderung suchen, unser Fahrrad passt sich Ihren Vorlieben an und bietet Ihnen ein ma\u00dfgeschneidertes Trainingserlebnis.<\/p>\n<p><strong>Interaktiver 21,5-Zoll-TFT-Touchscreen:<\/strong> Tauchen Sie mit unserem gro\u00dfen 21,5-Zoll-TFT-Touchscreen in Ihr Fitnessprogramm ein. \u00dcberwachen und verfolgen Sie m\u00fchelos Ihre Fortschritte und genie\u00dfen Sie gleichzeitig den Zugang zu einer Vielzahl von Funktionen.<\/p>\n<p><strong>Konnektivit\u00e4t zum Greifen nah:<\/strong> Bleiben Sie w\u00e4hrend des Trainings dank Bluetooth-Konnektivit\u00e4t f\u00fcr Lautsprecher in Verbindung und unterhalten Sie sich. Greifen Sie auf Echtzeitdaten wie Zeit, Geschwindigkeit, Drehzahl, Entfernung, Herzfrequenz (HF), HF-Zone, BAI (Body Adiposity Index), Kalorienverbrauch und Wattleistung zu. Unser Fahrrad bietet sogar eine 400m-Lap-Funktion und eine praktische Pausenfunktion.<\/p>\n<p><strong>Programmvielfalt:<\/strong> W\u00e4hlen Sie aus einer breiten Palette von Trainingsprogrammen, darunter Quick Start, Intervalltraining, Map Your Route, Constant Power und 12 voreingestellte Programme. \u00dcbernehmen Sie die Kontrolle \u00fcber Ihre Herzfrequenz mit der Funktion H.R. Control.<\/p>\n<p><strong>Online-Konnektivit\u00e4t:<\/strong> Bleiben Sie w\u00e4hrend des Trainings mit der Welt in Kontakt &#8211; dank nahtloser Verbindung zu beliebten Plattformen wie WIFI-iconsole+, KINOMAP, YOUTUBE, SPOTIFY, FACEBOOK, TWITTER, INSTAGRAM und mehr. Unser Fahrrad verf\u00fcgt sogar \u00fcber einen speziellen Tablet- und Telefonst\u00e4nder f\u00fcr zus\u00e4tzlichen Komfort.<\/p>\n<p><strong>Kabelloses Aufladen:<\/strong> Halten Sie Ihre Ger\u00e4te mit dem integrierten Wireless Smart Charger mit Strom versorgt, damit Sie w\u00e4hrend des Trainings immer in Verbindung bleiben.<\/p>\n<p><strong>Leicht zug\u00e4ngliche Quick Keys:<\/strong> Genie\u00dfen Sie die m\u00fchelose Steuerung mit den Quick-Key-Funktionen, die sich bequem am Lenker befinden und mit denen Sie den Widerstand und die Einstellungen im Handumdrehen anpassen k\u00f6nnen.<\/p>\n<p><strong>Mobilit\u00e4t und Stabilit\u00e4t:<\/strong> Unser Fahrrad ist mit Trans-Wheels ausgestattet, die f\u00fcr m\u00fchelose Beweglichkeit sorgen. Mit seiner robusten Konstruktion unterst\u00fctzt er Benutzer bis zu einem Maximalgewicht von 160 KG (350 LB) und sorgt so f\u00fcr Stabilit\u00e4t und Sicherheit beim Training.<\/p>\n<p>Entfesseln Sie mit dem PRO RECUMBENT BIKE das volle Potenzial Ihrer Fitnessreise. Egal, ob Sie ein Fitness-Enthusiast sind oder Ihr Wellness-Abenteuer gerade erst beginnen, unser funktionsreiches und komfortables Liegerad ist Ihr treuer Begleiter. Verbessern Sie Ihr Training, bleiben Sie in Verbindung, und erreichen Sie Ihre Fitnessziele mit Leichtigkeit. Beginnen Sie noch heute Ihre Reise zu einem ges\u00fcnderen K\u00f6rper!<\/p>\n<\/div>\n<\/div>\n<\/div>\n<\/div>\n<\/div>\n<\/div>\n<\/div>\n<\/div>\n<\/div>\n<\/div>\n<\/div>\n<\/div>\n","protected":false},"excerpt":{"rendered":"<p>Das PRO RECUMBENT BIKE bietet ein komfortables und funktionsreiches Fitnesserlebnis mit einem durchgehenden Design, einem sanften magnetischen Widerstand, einem 21,5&#8243;-Touchscreen, Online-Konnektivit\u00e4t und einem maximalen Benutzergewicht von 160 KG (350 LB).<\/p>\n","protected":false},"featured_media":30998,"template":"","meta":{"_acf_changed":false,"inline_featured_image":false,"_monsterinsights_skip_tracking":false,"_monsterinsights_sitenote_active":false,"_monsterinsights_sitenote_note":"","_monsterinsights_sitenote_category":0},"product_brand":[],"product_cat":[78],"product_tag":[],"class_list":{"0":"post-10907","1":"product","2":"type-product","3":"status-publish","4":"has-post-thumbnail","6":"product_cat-heimtrainer","7":"product_shipping_class-bis-300-kg","9":"first","10":"instock","11":"taxable","12":"shipping-taxable","13":"purchasable","14":"product-type-variable"},"acf":[],"yoast_head":"<!-- This site is optimized with the Yoast SEO plugin v27.3 - https:\/\/yoast.com\/product\/yoast-seo-wordpress\/ -->\n<title>RB PRO - DKN-Technology<\/title>\n<meta name=\"robots\" content=\"index, follow, max-snippet:-1, max-image-preview:large, max-video-preview:-1\" \/>\n<link rel=\"canonical\" href=\"https:\/\/dkn-technology.com\/de\/produkt\/rb-pro\/\" \/>\n<meta property=\"og:locale\" content=\"de_DE\" \/>\n<meta property=\"og:type\" content=\"article\" \/>\n<meta property=\"og:title\" content=\"RB PRO - DKN-Technology\" \/>\n<meta property=\"og:description\" content=\"Das PRO RECUMBENT BIKE bietet ein komfortables und funktionsreiches Fitnesserlebnis mit einem durchgehenden Design, einem sanften magnetischen Widerstand, einem 21,5&quot;-Touchscreen, Online-Konnektivit\u00e4t und einem maximalen Benutzergewicht von 160 KG (350 LB).\" \/>\n<meta property=\"og:url\" content=\"https:\/\/dkn-technology.com\/de\/produkt\/rb-pro\/\" \/>\n<meta property=\"og:site_name\" content=\"DKN-Technology\" \/>\n<meta property=\"article:publisher\" content=\"https:\/\/www.facebook.com\/dkntechnology\/\" \/>\n<meta property=\"article:modified_time\" content=\"2025-09-23T11:36:23+00:00\" \/>\n<meta property=\"og:image\" content=\"https:\/\/dkn-technology.com\/wp-content\/uploads\/2023\/09\/TEST-FEX-WEBSITE-76.png\" \/>\n\t<meta property=\"og:image:width\" content=\"1080\" \/>\n\t<meta property=\"og:image:height\" content=\"1080\" \/>\n\t<meta property=\"og:image:type\" content=\"image\/png\" \/>\n<meta name=\"twitter:card\" content=\"summary_large_image\" \/>\n<meta name=\"twitter:label1\" content=\"Gesch\u00e4tzte Lesezeit\" \/>\n\t<meta name=\"twitter:data1\" content=\"3\u00a0Minuten\" \/>\n<script type=\"application\/ld+json\" class=\"yoast-schema-graph\">{\"@context\":\"https:\\\/\\\/schema.org\",\"@graph\":[{\"@type\":\"WebPage\",\"@id\":\"https:\\\/\\\/dkn-technology.com\\\/de\\\/produkt\\\/rb-pro\\\/\",\"url\":\"https:\\\/\\\/dkn-technology.com\\\/de\\\/produkt\\\/rb-pro\\\/\",\"name\":\"RB PRO - DKN-Technology\",\"isPartOf\":{\"@id\":\"https:\\\/\\\/dkn-technology.com\\\/#website\"},\"primaryImageOfPage\":{\"@id\":\"https:\\\/\\\/dkn-technology.com\\\/de\\\/produkt\\\/rb-pro\\\/#primaryimage\"},\"image\":{\"@id\":\"https:\\\/\\\/dkn-technology.com\\\/de\\\/produkt\\\/rb-pro\\\/#primaryimage\"},\"thumbnailUrl\":\"https:\\\/\\\/dkn-technology.com\\\/wp-content\\\/uploads\\\/2023\\\/09\\\/TEST-FEX-WEBSITE-76.png\",\"datePublished\":\"2023-09-07T12:43:43+00:00\",\"dateModified\":\"2025-09-23T11:36:23+00:00\",\"breadcrumb\":{\"@id\":\"https:\\\/\\\/dkn-technology.com\\\/de\\\/produkt\\\/rb-pro\\\/#breadcrumb\"},\"inLanguage\":\"de\",\"potentialAction\":[{\"@type\":\"ReadAction\",\"target\":[\"https:\\\/\\\/dkn-technology.com\\\/de\\\/produkt\\\/rb-pro\\\/\"]}]},{\"@type\":\"ImageObject\",\"inLanguage\":\"de\",\"@id\":\"https:\\\/\\\/dkn-technology.com\\\/de\\\/produkt\\\/rb-pro\\\/#primaryimage\",\"url\":\"https:\\\/\\\/dkn-technology.com\\\/wp-content\\\/uploads\\\/2023\\\/09\\\/TEST-FEX-WEBSITE-76.png\",\"contentUrl\":\"https:\\\/\\\/dkn-technology.com\\\/wp-content\\\/uploads\\\/2023\\\/09\\\/TEST-FEX-WEBSITE-76.png\",\"width\":1080,\"height\":1080},{\"@type\":\"BreadcrumbList\",\"@id\":\"https:\\\/\\\/dkn-technology.com\\\/de\\\/produkt\\\/rb-pro\\\/#breadcrumb\",\"itemListElement\":[{\"@type\":\"ListItem\",\"position\":1,\"name\":\"Home\",\"item\":\"https:\\\/\\\/dkn-technology.com\\\/de\\\/\"},{\"@type\":\"ListItem\",\"position\":2,\"name\":\"Shop\",\"item\":\"https:\\\/\\\/dkn-technology.com\\\/de\\\/shop\\\/\"},{\"@type\":\"ListItem\",\"position\":3,\"name\":\"RB PRO\"}]},{\"@type\":\"WebSite\",\"@id\":\"https:\\\/\\\/dkn-technology.com\\\/#website\",\"url\":\"https:\\\/\\\/dkn-technology.com\\\/\",\"name\":\"DKN-Technology\",\"description\":\"Smart Fitness Solutions\",\"publisher\":{\"@id\":\"https:\\\/\\\/dkn-technology.com\\\/#organization\"},\"potentialAction\":[{\"@type\":\"SearchAction\",\"target\":{\"@type\":\"EntryPoint\",\"urlTemplate\":\"https:\\\/\\\/dkn-technology.com\\\/?s={search_term_string}\"},\"query-input\":{\"@type\":\"PropertyValueSpecification\",\"valueRequired\":true,\"valueName\":\"search_term_string\"}}],\"inLanguage\":\"de\"},{\"@type\":\"Organization\",\"@id\":\"https:\\\/\\\/dkn-technology.com\\\/#organization\",\"name\":\"DKN-Technology\",\"url\":\"https:\\\/\\\/dkn-technology.com\\\/\",\"logo\":{\"@type\":\"ImageObject\",\"inLanguage\":\"de\",\"@id\":\"https:\\\/\\\/dkn-technology.com\\\/#\\\/schema\\\/logo\\\/image\\\/\",\"url\":\"https:\\\/\\\/dkn-technology.com\\\/wp-content\\\/uploads\\\/2023\\\/01\\\/DKN-logo@4x.webp\",\"contentUrl\":\"https:\\\/\\\/dkn-technology.com\\\/wp-content\\\/uploads\\\/2023\\\/01\\\/DKN-logo@4x.webp\",\"width\":1933,\"height\":1029,\"caption\":\"DKN-Technology\"},\"image\":{\"@id\":\"https:\\\/\\\/dkn-technology.com\\\/#\\\/schema\\\/logo\\\/image\\\/\"},\"sameAs\":[\"https:\\\/\\\/www.facebook.com\\\/dkntechnology\\\/\",\"https:\\\/\\\/instagram.com\\\/dkntechnology\",\"https:\\\/\\\/www.youtube.com\\\/@DKN-Technology\",\"https:\\\/\\\/www.linkedin.com\\\/company\\\/dkn-technology-smart-fitness-solutions\"]}]}<\/script>\n<!-- \/ Yoast SEO plugin. -->","yoast_head_json":{"title":"RB PRO - DKN-Technology","robots":{"index":"index","follow":"follow","max-snippet":"max-snippet:-1","max-image-preview":"max-image-preview:large","max-video-preview":"max-video-preview:-1"},"canonical":"https:\/\/dkn-technology.com\/de\/produkt\/rb-pro\/","og_locale":"de_DE","og_type":"article","og_title":"RB PRO - DKN-Technology","og_description":"Das PRO RECUMBENT BIKE bietet ein komfortables und funktionsreiches Fitnesserlebnis mit einem durchgehenden Design, einem sanften magnetischen Widerstand, einem 21,5\"-Touchscreen, Online-Konnektivit\u00e4t und einem maximalen Benutzergewicht von 160 KG (350 LB).","og_url":"https:\/\/dkn-technology.com\/de\/produkt\/rb-pro\/","og_site_name":"DKN-Technology","article_publisher":"https:\/\/www.facebook.com\/dkntechnology\/","article_modified_time":"2025-09-23T11:36:23+00:00","og_image":[{"width":1080,"height":1080,"url":"https:\/\/dkn-technology.com\/wp-content\/uploads\/2023\/09\/TEST-FEX-WEBSITE-76.png","type":"image\/png"}],"twitter_card":"summary_large_image","twitter_misc":{"Gesch\u00e4tzte Lesezeit":"3\u00a0Minuten"},"schema":{"@context":"https:\/\/schema.org","@graph":[{"@type":"WebPage","@id":"https:\/\/dkn-technology.com\/de\/produkt\/rb-pro\/","url":"https:\/\/dkn-technology.com\/de\/produkt\/rb-pro\/","name":"RB PRO - DKN-Technology","isPartOf":{"@id":"https:\/\/dkn-technology.com\/#website"},"primaryImageOfPage":{"@id":"https:\/\/dkn-technology.com\/de\/produkt\/rb-pro\/#primaryimage"},"image":{"@id":"https:\/\/dkn-technology.com\/de\/produkt\/rb-pro\/#primaryimage"},"thumbnailUrl":"https:\/\/dkn-technology.com\/wp-content\/uploads\/2023\/09\/TEST-FEX-WEBSITE-76.png","datePublished":"2023-09-07T12:43:43+00:00","dateModified":"2025-09-23T11:36:23+00:00","breadcrumb":{"@id":"https:\/\/dkn-technology.com\/de\/produkt\/rb-pro\/#breadcrumb"},"inLanguage":"de","potentialAction":[{"@type":"ReadAction","target":["https:\/\/dkn-technology.com\/de\/produkt\/rb-pro\/"]}]},{"@type":"ImageObject","inLanguage":"de","@id":"https:\/\/dkn-technology.com\/de\/produkt\/rb-pro\/#primaryimage","url":"https:\/\/dkn-technology.com\/wp-content\/uploads\/2023\/09\/TEST-FEX-WEBSITE-76.png","contentUrl":"https:\/\/dkn-technology.com\/wp-content\/uploads\/2023\/09\/TEST-FEX-WEBSITE-76.png","width":1080,"height":1080},{"@type":"BreadcrumbList","@id":"https:\/\/dkn-technology.com\/de\/produkt\/rb-pro\/#breadcrumb","itemListElement":[{"@type":"ListItem","position":1,"name":"Home","item":"https:\/\/dkn-technology.com\/de\/"},{"@type":"ListItem","position":2,"name":"Shop","item":"https:\/\/dkn-technology.com\/de\/shop\/"},{"@type":"ListItem","position":3,"name":"RB PRO"}]},{"@type":"WebSite","@id":"https:\/\/dkn-technology.com\/#website","url":"https:\/\/dkn-technology.com\/","name":"DKN-Technology","description":"Smart Fitness Solutions","publisher":{"@id":"https:\/\/dkn-technology.com\/#organization"},"potentialAction":[{"@type":"SearchAction","target":{"@type":"EntryPoint","urlTemplate":"https:\/\/dkn-technology.com\/?s={search_term_string}"},"query-input":{"@type":"PropertyValueSpecification","valueRequired":true,"valueName":"search_term_string"}}],"inLanguage":"de"},{"@type":"Organization","@id":"https:\/\/dkn-technology.com\/#organization","name":"DKN-Technology","url":"https:\/\/dkn-technology.com\/","logo":{"@type":"ImageObject","inLanguage":"de","@id":"https:\/\/dkn-technology.com\/#\/schema\/logo\/image\/","url":"https:\/\/dkn-technology.com\/wp-content\/uploads\/2023\/01\/DKN-logo@4x.webp","contentUrl":"https:\/\/dkn-technology.com\/wp-content\/uploads\/2023\/01\/DKN-logo@4x.webp","width":1933,"height":1029,"caption":"DKN-Technology"},"image":{"@id":"https:\/\/dkn-technology.com\/#\/schema\/logo\/image\/"},"sameAs":["https:\/\/www.facebook.com\/dkntechnology\/","https:\/\/instagram.com\/dkntechnology","https:\/\/www.youtube.com\/@DKN-Technology","https:\/\/www.linkedin.com\/company\/dkn-technology-smart-fitness-solutions"]}]}},"_links":{"self":[{"href":"https:\/\/dkn-technology.com\/de\/wp-json\/wp\/v2\/product\/10907","targetHints":{"allow":["GET"]}}],"collection":[{"href":"https:\/\/dkn-technology.com\/de\/wp-json\/wp\/v2\/product"}],"about":[{"href":"https:\/\/dkn-technology.com\/de\/wp-json\/wp\/v2\/types\/product"}],"version-history":[{"count":7,"href":"https:\/\/dkn-technology.com\/de\/wp-json\/wp\/v2\/product\/10907\/revisions"}],"predecessor-version":[{"id":31630,"href":"https:\/\/dkn-technology.com\/de\/wp-json\/wp\/v2\/product\/10907\/revisions\/31630"}],"wp:featuredmedia":[{"embeddable":true,"href":"https:\/\/dkn-technology.com\/de\/wp-json\/wp\/v2\/media\/30998"}],"wp:attachment":[{"href":"https:\/\/dkn-technology.com\/de\/wp-json\/wp\/v2\/media?parent=10907"}],"wp:term":[{"taxonomy":"product_brand","embeddable":true,"href":"https:\/\/dkn-technology.com\/de\/wp-json\/wp\/v2\/product_brand?post=10907"},{"taxonomy":"product_cat","embeddable":true,"href":"https:\/\/dkn-technology.com\/de\/wp-json\/wp\/v2\/product_cat?post=10907"},{"taxonomy":"product_tag","embeddable":true,"href":"https:\/\/dkn-technology.com\/de\/wp-json\/wp\/v2\/product_tag?post=10907"}],"curies":[{"name":"wp","href":"https:\/\/api.w.org\/{rel}","templated":true}]}}