{"id":10923,"date":"2023-09-07T14:43:42","date_gmt":"2023-09-07T12:43:42","guid":{"rendered":"https:\/\/dkn-technology.com\/?post_type=product&#038;p=10923"},"modified":"2025-09-23T13:41:08","modified_gmt":"2025-09-23T11:41:08","slug":"xc-pro","status":"publish","type":"product","link":"https:\/\/dkn-technology.com\/de\/produkt\/xc-pro\/","title":{"rendered":"XC PRO"},"content":{"rendered":"<div class=\"page\" title=\"Seite 1\">\n<div class=\"section\">\n<div class=\"layoutArea\">\n<div class=\"column\">\n<div class=\"page\" title=\"Seite 1\">\n<div class=\"section\">\n<div class=\"layoutArea\">\n<div class=\"column\">\n<div class=\"page\" title=\"Seite 1\">\n<div class=\"section\">\n<div class=\"layoutArea\">\n<div class=\"column\">\n<div class=\"page\" title=\"Seite 1\">\n<div class=\"section\">\n<div class=\"layoutArea\">\n<div class=\"column\">\n<p>Der XC PRO &#8211; INCLINE ELLIPTICAL Crosstrainer ist Ihr Einstieg in eine revolution\u00e4re Fitnessreise. Mit seinen fortschrittlichen Funktionen und seinem innovativen Design bietet es ein wirklich intensives und effektives Trainingserlebnis.<\/p>\n<p><strong>Au\u00dfergew\u00f6hnliche Leistung:<\/strong><\/p>\n<ul>\n<li><strong>10Kg vollmagnetisches Schwungrad:<\/strong> Erleben Sie einen reibungslosen und leisen Betrieb, w\u00e4hrend Sie Ihre Muskeln effektiv beanspruchen.<\/li>\n<li><strong>Motorisierte 20-stufige Neigung:<\/strong> Passen Sie die Intensit\u00e4t Ihres Trainings an und trainieren Sie m\u00fchelos verschiedene Muskelgruppen.<\/li>\n<li><strong>20-Elliptical Pathway von Incline:<\/strong> Genie\u00dfen Sie eine nat\u00fcrliche und abwechslungsreiche elliptische Bewegung, die die Vorteile des Crosstrainings maximiert.<\/li>\n<li><strong>533mm\/21&#8243; Schrittl\u00e4nge:<\/strong> Erreichen Sie einen komfortablen und effizienten Schritt f\u00fcr ein zufriedenstellendes Training.<\/li>\n<\/ul>\n<p><strong>Vielseitige Widerstandsf\u00e4higkeit:<\/strong><\/p>\n<ul>\n<li><strong>32-stufiger motorisierter Widerstand:<\/strong> Fordern Sie sich selbst heraus und machen Sie Fortschritte in Ihrem eigenen Tempo, w\u00e4hrend Sie Kraft und Ausdauer aufbauen.<\/li>\n<\/ul>\n<p><strong>Interaktiver Touchscreen:<\/strong><\/p>\n<ul>\n<li><strong>21,5-Zoll-TFT-Touchscreen:<\/strong> Bleiben Sie engagiert und informiert mit einem lebendigen und intuitiven Display.<\/li>\n<\/ul>\n<p><strong>Vernetzte Fitness:<\/strong><\/p>\n<ul>\n<li><strong>Bluetooth-Verbindung:<\/strong> Synchronisieren Sie Ihre Ger\u00e4te f\u00fcr Audio-Streaming, damit Sie w\u00e4hrend Ihres Trainings motiviert bleiben.<\/li>\n<li><strong>Umfassende Metriken:<\/strong> Erfassen Sie wichtige Daten wie Zeit, Geschwindigkeit, Drehzahl, Entfernung, Herzfrequenz, HF-Zone, BAI, Kalorienverbrauch und Wattzahl.<\/li>\n<li><strong>Vielf\u00e4ltige Workout-Optionen:<\/strong> W\u00e4hlen Sie zwischen Quick Start, Intervalltraining, Map Your Route, Constant Power, 12 vorprogrammierten Workouts und Herzfrequenzkontrolle f\u00fcr ein ma\u00dfgeschneidertes Fitnessprogramm.<\/li>\n<li><strong>Online-Konnektivit\u00e4t:<\/strong> Greifen Sie auf beliebte Apps wie WIFI- iconsole+, KINOMAP, YouTube, Spotify zu und verbinden Sie sich mit Freunden auf Social-Media-Plattformen wie Facebook, Twitter, Instagram und mehr.<\/li>\n<\/ul>\n<p><strong>Praktische Merkmale:<\/strong><\/p>\n<ul>\n<li><strong>Tablet- und Telefonst\u00e4nder:<\/strong> Halten Sie Ihre Ger\u00e4te in Reichweite, damit Sie immer in Verbindung bleiben und sich unterhalten k\u00f6nnen.<\/li>\n<li><strong>Kabelloses Smart-Ladeger\u00e4t:<\/strong> Sorgen Sie daf\u00fcr, dass Ihre Ger\u00e4te w\u00e4hrend des Trainings immer mit Strom versorgt sind.<\/li>\n<li><strong>Quick Key-Bedienelemente:<\/strong> Passen Sie die Einstellungen w\u00e4hrend der Fahrt mit den bequemen Bedienelementen am Lenker an.<\/li>\n<li><strong>Trans-R\u00e4der f\u00fcr Mobilit\u00e4t:<\/strong> Bewegen Sie Ihren Crosstrainer m\u00fchelos zur bequemen Aufbewahrung und Platzierung.<\/li>\n<\/ul>\n<p><strong>Beeindruckende Gewichtskapazit\u00e4t:<\/strong><\/p>\n<ul>\n<li><strong>Max. Benutzergewicht: 160 KG | 350 LB:<\/strong> Sie sind f\u00fcr eine Vielzahl von Benutzern geeignet und gew\u00e4hrleisten Haltbarkeit und Langlebigkeit.<\/li>\n<\/ul>\n<p>Der XC PRO &#8211; INCLINE ELLIPTICAL Crosstrainer ist nicht einfach nur ein Fitnessger\u00e4t, er ist Ihr Tor zu einer ges\u00fcnderen, vernetzteren und angenehmeren Fitnessreise. Machen Sie sich bereit f\u00fcr ein hervorragendes Crosstraining wie nie zuvor.<\/p>\n<\/div>\n<\/div>\n<\/div>\n<\/div>\n<\/div>\n<\/div>\n<\/div>\n<\/div>\n<\/div>\n<\/div>\n<\/div>\n<\/div>\n<\/div>\n<\/div>\n<\/div>\n<\/div>\n","protected":false},"excerpt":{"rendered":"<p>Der XC PRO &#8211; INCLINE ELLIPTICAL Crosstrainer ist ein hochmodernes Fitnessger\u00e4t mit einem 10 kg schweren vollmagnetischen Schwungrad, einer motorisierten 20-stufigen Neigung, einem 21,5&#8243;-TFT-Touchscreen, Bluetooth-Konnektivit\u00e4t und vielf\u00e4ltigen Trainingsoptionen, das f\u00fcr ein umfassendes Crosstraining konzipiert wurde und Benutzer bis zu 160 kg (350 LB) mit zus\u00e4tzlichen Komfortfunktionen unterst\u00fctzt.<\/p>\n","protected":false},"featured_media":31408,"template":"","meta":{"_acf_changed":false,"inline_featured_image":false,"_monsterinsights_skip_tracking":false,"_monsterinsights_sitenote_active":false,"_monsterinsights_sitenote_note":"","_monsterinsights_sitenote_category":0},"product_brand":[],"product_cat":[81],"product_tag":[],"class_list":{"0":"post-10923","1":"product","2":"type-product","3":"status-publish","4":"has-post-thumbnail","6":"product_cat-crosstrainer","7":"product_shipping_class-bis-300-kg","9":"first","10":"instock","11":"taxable","12":"shipping-taxable","13":"purchasable","14":"product-type-variable"},"acf":[],"yoast_head":"<!-- This site is optimized with the Yoast SEO plugin v27.5 - https:\/\/yoast.com\/product\/yoast-seo-wordpress\/ -->\n<title>XC PRO - DKN-Technology<\/title>\n<meta name=\"robots\" content=\"index, follow, max-snippet:-1, max-image-preview:large, max-video-preview:-1\" \/>\n<link rel=\"canonical\" href=\"https:\/\/dkn-technology.com\/de\/produkt\/xc-pro\/\" \/>\n<meta property=\"og:locale\" content=\"de_DE\" \/>\n<meta property=\"og:type\" content=\"article\" \/>\n<meta property=\"og:title\" content=\"XC PRO - DKN-Technology\" \/>\n<meta property=\"og:description\" content=\"Der XC PRO - INCLINE ELLIPTICAL Crosstrainer ist ein hochmodernes Fitnessger\u00e4t mit einem 10 kg schweren vollmagnetischen Schwungrad, einer motorisierten 20-stufigen Neigung, einem 21,5&quot;-TFT-Touchscreen, Bluetooth-Konnektivit\u00e4t und vielf\u00e4ltigen Trainingsoptionen, das f\u00fcr ein umfassendes Crosstraining konzipiert wurde und Benutzer bis zu 160 kg (350 LB) mit zus\u00e4tzlichen Komfortfunktionen unterst\u00fctzt.\" \/>\n<meta property=\"og:url\" content=\"https:\/\/dkn-technology.com\/de\/produkt\/xc-pro\/\" \/>\n<meta property=\"og:site_name\" content=\"DKN-Technology\" \/>\n<meta property=\"article:publisher\" content=\"https:\/\/www.facebook.com\/dkntechnology\/\" \/>\n<meta property=\"article:modified_time\" content=\"2025-09-23T11:41:08+00:00\" \/>\n<meta property=\"og:image\" content=\"https:\/\/dkn-technology.com\/wp-content\/uploads\/2023\/09\/93.png\" \/>\n\t<meta property=\"og:image:width\" content=\"1080\" \/>\n\t<meta property=\"og:image:height\" content=\"1080\" \/>\n\t<meta property=\"og:image:type\" content=\"image\/png\" \/>\n<meta name=\"twitter:card\" content=\"summary_large_image\" \/>\n<meta name=\"twitter:label1\" content=\"Gesch\u00e4tzte Lesezeit\" \/>\n\t<meta name=\"twitter:data1\" content=\"2\u00a0Minuten\" \/>\n<script type=\"application\/ld+json\" class=\"yoast-schema-graph\">{\"@context\":\"https:\\\/\\\/schema.org\",\"@graph\":[{\"@type\":\"WebPage\",\"@id\":\"https:\\\/\\\/dkn-technology.com\\\/de\\\/produkt\\\/xc-pro\\\/\",\"url\":\"https:\\\/\\\/dkn-technology.com\\\/de\\\/produkt\\\/xc-pro\\\/\",\"name\":\"XC PRO - DKN-Technology\",\"isPartOf\":{\"@id\":\"https:\\\/\\\/dkn-technology.com\\\/#website\"},\"primaryImageOfPage\":{\"@id\":\"https:\\\/\\\/dkn-technology.com\\\/de\\\/produkt\\\/xc-pro\\\/#primaryimage\"},\"image\":{\"@id\":\"https:\\\/\\\/dkn-technology.com\\\/de\\\/produkt\\\/xc-pro\\\/#primaryimage\"},\"thumbnailUrl\":\"https:\\\/\\\/dkn-technology.com\\\/wp-content\\\/uploads\\\/2023\\\/09\\\/93.png\",\"datePublished\":\"2023-09-07T12:43:42+00:00\",\"dateModified\":\"2025-09-23T11:41:08+00:00\",\"breadcrumb\":{\"@id\":\"https:\\\/\\\/dkn-technology.com\\\/de\\\/produkt\\\/xc-pro\\\/#breadcrumb\"},\"inLanguage\":\"de\",\"potentialAction\":[{\"@type\":\"ReadAction\",\"target\":[\"https:\\\/\\\/dkn-technology.com\\\/de\\\/produkt\\\/xc-pro\\\/\"]}]},{\"@type\":\"ImageObject\",\"inLanguage\":\"de\",\"@id\":\"https:\\\/\\\/dkn-technology.com\\\/de\\\/produkt\\\/xc-pro\\\/#primaryimage\",\"url\":\"https:\\\/\\\/dkn-technology.com\\\/wp-content\\\/uploads\\\/2023\\\/09\\\/93.png\",\"contentUrl\":\"https:\\\/\\\/dkn-technology.com\\\/wp-content\\\/uploads\\\/2023\\\/09\\\/93.png\",\"width\":1080,\"height\":1080},{\"@type\":\"BreadcrumbList\",\"@id\":\"https:\\\/\\\/dkn-technology.com\\\/de\\\/produkt\\\/xc-pro\\\/#breadcrumb\",\"itemListElement\":[{\"@type\":\"ListItem\",\"position\":1,\"name\":\"Home\",\"item\":\"https:\\\/\\\/dkn-technology.com\\\/de\\\/\"},{\"@type\":\"ListItem\",\"position\":2,\"name\":\"Shop\",\"item\":\"https:\\\/\\\/dkn-technology.com\\\/de\\\/shop\\\/\"},{\"@type\":\"ListItem\",\"position\":3,\"name\":\"XC PRO\"}]},{\"@type\":\"WebSite\",\"@id\":\"https:\\\/\\\/dkn-technology.com\\\/#website\",\"url\":\"https:\\\/\\\/dkn-technology.com\\\/\",\"name\":\"DKN-Technology\",\"description\":\"Smart Fitness Solutions\",\"publisher\":{\"@id\":\"https:\\\/\\\/dkn-technology.com\\\/#organization\"},\"potentialAction\":[{\"@type\":\"SearchAction\",\"target\":{\"@type\":\"EntryPoint\",\"urlTemplate\":\"https:\\\/\\\/dkn-technology.com\\\/?s={search_term_string}\"},\"query-input\":{\"@type\":\"PropertyValueSpecification\",\"valueRequired\":true,\"valueName\":\"search_term_string\"}}],\"inLanguage\":\"de\"},{\"@type\":\"Organization\",\"@id\":\"https:\\\/\\\/dkn-technology.com\\\/#organization\",\"name\":\"DKN-Technology\",\"url\":\"https:\\\/\\\/dkn-technology.com\\\/\",\"logo\":{\"@type\":\"ImageObject\",\"inLanguage\":\"de\",\"@id\":\"https:\\\/\\\/dkn-technology.com\\\/#\\\/schema\\\/logo\\\/image\\\/\",\"url\":\"https:\\\/\\\/dkn-technology.com\\\/wp-content\\\/uploads\\\/2023\\\/01\\\/DKN-logo@4x.webp\",\"contentUrl\":\"https:\\\/\\\/dkn-technology.com\\\/wp-content\\\/uploads\\\/2023\\\/01\\\/DKN-logo@4x.webp\",\"width\":1933,\"height\":1029,\"caption\":\"DKN-Technology\"},\"image\":{\"@id\":\"https:\\\/\\\/dkn-technology.com\\\/#\\\/schema\\\/logo\\\/image\\\/\"},\"sameAs\":[\"https:\\\/\\\/www.facebook.com\\\/dkntechnology\\\/\",\"https:\\\/\\\/instagram.com\\\/dkntechnology\",\"https:\\\/\\\/www.youtube.com\\\/@DKN-Technology\",\"https:\\\/\\\/www.linkedin.com\\\/company\\\/dkn-technology-smart-fitness-solutions\"]}]}<\/script>\n<!-- \/ Yoast SEO plugin. -->","yoast_head_json":{"title":"XC PRO - DKN-Technology","robots":{"index":"index","follow":"follow","max-snippet":"max-snippet:-1","max-image-preview":"max-image-preview:large","max-video-preview":"max-video-preview:-1"},"canonical":"https:\/\/dkn-technology.com\/de\/produkt\/xc-pro\/","og_locale":"de_DE","og_type":"article","og_title":"XC PRO - DKN-Technology","og_description":"Der XC PRO - INCLINE ELLIPTICAL Crosstrainer ist ein hochmodernes Fitnessger\u00e4t mit einem 10 kg schweren vollmagnetischen Schwungrad, einer motorisierten 20-stufigen Neigung, einem 21,5\"-TFT-Touchscreen, Bluetooth-Konnektivit\u00e4t und vielf\u00e4ltigen Trainingsoptionen, das f\u00fcr ein umfassendes Crosstraining konzipiert wurde und Benutzer bis zu 160 kg (350 LB) mit zus\u00e4tzlichen Komfortfunktionen unterst\u00fctzt.","og_url":"https:\/\/dkn-technology.com\/de\/produkt\/xc-pro\/","og_site_name":"DKN-Technology","article_publisher":"https:\/\/www.facebook.com\/dkntechnology\/","article_modified_time":"2025-09-23T11:41:08+00:00","og_image":[{"width":1080,"height":1080,"url":"https:\/\/dkn-technology.com\/wp-content\/uploads\/2023\/09\/93.png","type":"image\/png"}],"twitter_card":"summary_large_image","twitter_misc":{"Gesch\u00e4tzte Lesezeit":"2\u00a0Minuten"},"schema":{"@context":"https:\/\/schema.org","@graph":[{"@type":"WebPage","@id":"https:\/\/dkn-technology.com\/de\/produkt\/xc-pro\/","url":"https:\/\/dkn-technology.com\/de\/produkt\/xc-pro\/","name":"XC PRO - DKN-Technology","isPartOf":{"@id":"https:\/\/dkn-technology.com\/#website"},"primaryImageOfPage":{"@id":"https:\/\/dkn-technology.com\/de\/produkt\/xc-pro\/#primaryimage"},"image":{"@id":"https:\/\/dkn-technology.com\/de\/produkt\/xc-pro\/#primaryimage"},"thumbnailUrl":"https:\/\/dkn-technology.com\/wp-content\/uploads\/2023\/09\/93.png","datePublished":"2023-09-07T12:43:42+00:00","dateModified":"2025-09-23T11:41:08+00:00","breadcrumb":{"@id":"https:\/\/dkn-technology.com\/de\/produkt\/xc-pro\/#breadcrumb"},"inLanguage":"de","potentialAction":[{"@type":"ReadAction","target":["https:\/\/dkn-technology.com\/de\/produkt\/xc-pro\/"]}]},{"@type":"ImageObject","inLanguage":"de","@id":"https:\/\/dkn-technology.com\/de\/produkt\/xc-pro\/#primaryimage","url":"https:\/\/dkn-technology.com\/wp-content\/uploads\/2023\/09\/93.png","contentUrl":"https:\/\/dkn-technology.com\/wp-content\/uploads\/2023\/09\/93.png","width":1080,"height":1080},{"@type":"BreadcrumbList","@id":"https:\/\/dkn-technology.com\/de\/produkt\/xc-pro\/#breadcrumb","itemListElement":[{"@type":"ListItem","position":1,"name":"Home","item":"https:\/\/dkn-technology.com\/de\/"},{"@type":"ListItem","position":2,"name":"Shop","item":"https:\/\/dkn-technology.com\/de\/shop\/"},{"@type":"ListItem","position":3,"name":"XC PRO"}]},{"@type":"WebSite","@id":"https:\/\/dkn-technology.com\/#website","url":"https:\/\/dkn-technology.com\/","name":"DKN-Technology","description":"Smart Fitness Solutions","publisher":{"@id":"https:\/\/dkn-technology.com\/#organization"},"potentialAction":[{"@type":"SearchAction","target":{"@type":"EntryPoint","urlTemplate":"https:\/\/dkn-technology.com\/?s={search_term_string}"},"query-input":{"@type":"PropertyValueSpecification","valueRequired":true,"valueName":"search_term_string"}}],"inLanguage":"de"},{"@type":"Organization","@id":"https:\/\/dkn-technology.com\/#organization","name":"DKN-Technology","url":"https:\/\/dkn-technology.com\/","logo":{"@type":"ImageObject","inLanguage":"de","@id":"https:\/\/dkn-technology.com\/#\/schema\/logo\/image\/","url":"https:\/\/dkn-technology.com\/wp-content\/uploads\/2023\/01\/DKN-logo@4x.webp","contentUrl":"https:\/\/dkn-technology.com\/wp-content\/uploads\/2023\/01\/DKN-logo@4x.webp","width":1933,"height":1029,"caption":"DKN-Technology"},"image":{"@id":"https:\/\/dkn-technology.com\/#\/schema\/logo\/image\/"},"sameAs":["https:\/\/www.facebook.com\/dkntechnology\/","https:\/\/instagram.com\/dkntechnology","https:\/\/www.youtube.com\/@DKN-Technology","https:\/\/www.linkedin.com\/company\/dkn-technology-smart-fitness-solutions"]}]}},"_links":{"self":[{"href":"https:\/\/dkn-technology.com\/de\/wp-json\/wp\/v2\/product\/10923","targetHints":{"allow":["GET"]}}],"collection":[{"href":"https:\/\/dkn-technology.com\/de\/wp-json\/wp\/v2\/product"}],"about":[{"href":"https:\/\/dkn-technology.com\/de\/wp-json\/wp\/v2\/types\/product"}],"version-history":[{"count":8,"href":"https:\/\/dkn-technology.com\/de\/wp-json\/wp\/v2\/product\/10923\/revisions"}],"predecessor-version":[{"id":31635,"href":"https:\/\/dkn-technology.com\/de\/wp-json\/wp\/v2\/product\/10923\/revisions\/31635"}],"wp:featuredmedia":[{"embeddable":true,"href":"https:\/\/dkn-technology.com\/de\/wp-json\/wp\/v2\/media\/31408"}],"wp:attachment":[{"href":"https:\/\/dkn-technology.com\/de\/wp-json\/wp\/v2\/media?parent=10923"}],"wp:term":[{"taxonomy":"product_brand","embeddable":true,"href":"https:\/\/dkn-technology.com\/de\/wp-json\/wp\/v2\/product_brand?post=10923"},{"taxonomy":"product_cat","embeddable":true,"href":"https:\/\/dkn-technology.com\/de\/wp-json\/wp\/v2\/product_cat?post=10923"},{"taxonomy":"product_tag","embeddable":true,"href":"https:\/\/dkn-technology.com\/de\/wp-json\/wp\/v2\/product_tag?post=10923"}],"curies":[{"name":"wp","href":"https:\/\/api.w.org\/{rel}","templated":true}]}}