{"id":12289,"date":"2023-12-07T12:02:07","date_gmt":"2023-12-07T10:02:07","guid":{"rendered":"https:\/\/dkn-technology.com\/?post_type=product&#038;p=12289"},"modified":"2025-01-07T12:33:19","modified_gmt":"2025-01-07T10:33:19","slug":"smart-power-machine-with-toolkit","status":"publish","type":"product","link":"https:\/\/dkn-technology.com\/de\/produkt\/smart-power-machine-with-toolkit\/","title":{"rendered":"Smart Power Machine + Toolkit"},"content":{"rendered":"<h2>Wir stellen die Smart Power Machine vor: Ihr All-in-One-Fitnessstudio f\u00fcr zu Hause<\/h2>\n<p>Mit der Smart Power Machine erhalten Sie die Vorteile von 5 Fitnessger\u00e4ten in einem kompakten und einfach zu bedienenden Ger\u00e4t. Verabschieden Sie sich vom m\u00fchsamen Zusammenbau und der Lagerung sperriger Kraftger\u00e4te und begr\u00fc\u00dfen Sie die Praktikabilit\u00e4t und Vielseitigkeit unseres intelligenten motorisierten Widerstandssystems.<\/p>\n<p>Die Smart Power Machine wurde entwickelt, um eine All-in-One-L\u00f6sung f\u00fcr Krafttraining, Fettverbrennung, Formung und Rehabilitation zu bieten. Mit mehr als 400 m\u00f6glichen \u00dcbungen, die \u00fcber unsere kostenlose App verf\u00fcgbar sind, k\u00f6nnen Sie Ihr Trainingsprogramm an Ihre pers\u00f6nlichen Ziele und Ihr Fitnessniveau anpassen.<\/p>\n<p>&nbsp;<\/p>\n<p><strong>Einige Vorteile:<\/strong><\/p>\n<ul>\n<li>Intelligenter motorisierter Widerstand<\/li>\n<li>Drei Trainingsmodi f\u00fcr jedes Niveau<\/li>\n<li>Trainingsprogramm unter Anleitung eines pers\u00f6nlichen Trainers<\/li>\n<li>Stereo-Surround-Bluetooth-Lautsprecher f\u00fcr zus\u00e4tzliche Motivation<\/li>\n<li>LCD-Bildschirm mit Einstellknopf f\u00fcr einfache Bedienung<\/li>\n<li>Anti-Rutsch-Universalrad f\u00fcr m\u00fchelose Bewegung<\/li>\n<li>Zusammenklappbares Design f\u00fcr einfache Aufbewahrung<\/li>\n<li>Gewinner des Designpreises im Jahr 2020<\/li>\n<\/ul>\n<p>&nbsp;<\/p>\n<h4><strong>Intelligente motorisierte Widerst\u00e4nde<\/strong><\/h4>\n<p>Die Smart Power Machine verf\u00fcgt \u00fcber ein motorisiertes Widerstandssystem, das den Gewichtswiderstand herk\u00f6mmlicher Kraftger\u00e4te simuliert, ohne dass sperrige Eisenplatten erforderlich sind. Mit nur einem Knopfdruck k\u00f6nnen Sie das Gewicht in 0,5 kg-Schritten frei einstellen, so dass Sie verschiedene \u00dcbungen durchf\u00fchren und unterschiedliche Muskelgruppen mit Leichtigkeit ansprechen k\u00f6nnen.<\/p>\n<p>&nbsp;<\/p>\n<h4><strong>Drei Trainingsmodi<\/strong><\/h4>\n<p>Unsere umfangreiche Datenbank mit professionellen Trainingsprogrammen ist mit einzigartigen Algorithmen integriert, um drei Trainingsmodi f\u00fcr alle Fitnessniveaus anzubieten.<\/p>\n<ul>\n<li><em>Anf\u00e4nger: Standard-Modus<\/em><\/li>\n<\/ul>\n<p>Im Standardmodus ist der Widerstand beim Hochziehen derselbe wie beim Absetzen. Dieser Modus ist ideal f\u00fcr Anf\u00e4nger, da er einfach zu belasten ist und die Muskellinien effektiv modifiziert, w\u00e4hrend die Muskelausdauer erh\u00f6ht wird.<\/p>\n<ul>\n<li><em>Fortgeschrittene: Exzentrischer Modus<\/em><\/li>\n<\/ul>\n<p>Im exzentrischen Modus ist der Widerstand beim Hochziehen geringer als der Widerstand beim Absetzen. Dieser Modus eignet sich f\u00fcr erfahrene Trainierende, die den Widerstandsreiz erh\u00f6hen und ihren Trainingseffekt beschleunigen m\u00f6chten.<\/p>\n<ul>\n<li><em>Experte: Isokinetischer Modus<\/em><\/li>\n<\/ul>\n<p>Im isokinetischen Modus steigt der Widerstand mit der Geschwindigkeit. Dieser Modus h\u00e4lt die Muskeln st\u00e4ndig unter Spannung und hilft Ihnen, Fitnessengp\u00e4sse zu \u00fcberwinden und Ihre Fitnessziele schneller zu erreichen.<\/p>\n<h4><strong>Ausbildungsprogramm f\u00fcr Personal Coach Guidance<\/strong><\/h4>\n<p>Unser offenes Bluetooth-Protokoll erm\u00f6glicht es Ihnen, die Smart Power Machine ganz einfach mit Ihrer eigenen App zu steuern und intelligente oder individuelle Pl\u00e4ne zu erstellen. Mit der unterst\u00fctzten Trainingsbibliothek k\u00f6nnen Sie auf professionelle Anleitungen zugreifen und ein Trainingsprogramm erstellen, das Ihrem Fitnessniveau und Ihren Zielen entspricht.<\/p>\n<p>Mit der Smart Power Machine k\u00f6nnen Sie ein Ganzk\u00f6rpertraining zu Hause durchf\u00fchren, ohne dass Sie mehrere Ger\u00e4te ben\u00f6tigen. Egal, ob Sie Anf\u00e4nger oder erfahrener Trainierender sind, unser intelligentes motorisiertes Widerstandssystem und die professionellen Trainingsprogramme werden Ihnen helfen, Ihre Fitnessziele mit Leichtigkeit zu erreichen.<\/p>\n<p>Mehr \u00fcber das Ger\u00e4t erfahren Sie auf dem <a href=\"https:\/\/www.youtube.com\/@DKN-Technology\">DKN-Technology Youtube-Kanal<\/a>. <a href=\"https:\/\/www.youtube.com\/@DKN-Technology\"><img decoding=\"async\" class=\"alignnone wp-image-19591\" src=\"https:\/\/dkn-technology.com\/wp-content\/uploads\/2023\/09\/DKN-Thumbnail-Youtube-icon-1-300x300.webp\" alt=\"\" width=\"30\" height=\"30\" srcset=\"https:\/\/dkn-technology.com\/wp-content\/uploads\/2023\/09\/DKN-Thumbnail-Youtube-icon-1-300x300.webp 300w, https:\/\/dkn-technology.com\/wp-content\/uploads\/2023\/09\/DKN-Thumbnail-Youtube-icon-1-150x150.webp 150w, https:\/\/dkn-technology.com\/wp-content\/uploads\/2023\/09\/DKN-Thumbnail-Youtube-icon-1-768x768.webp 768w, https:\/\/dkn-technology.com\/wp-content\/uploads\/2023\/09\/DKN-Thumbnail-Youtube-icon-1-600x600.webp 600w, https:\/\/dkn-technology.com\/wp-content\/uploads\/2023\/09\/DKN-Thumbnail-Youtube-icon-1-100x100.webp 100w, https:\/\/dkn-technology.com\/wp-content\/uploads\/2023\/09\/DKN-Thumbnail-Youtube-icon-1.webp 900w\" sizes=\"(max-width: 30px) 100vw, 30px\" \/><\/a><\/p>\n","protected":false},"excerpt":{"rendered":"<p>Intelligente Kraftstation, trainieren Sie Ihren ganzen K\u00f6rper zu Hause.<br \/>\n+400 Workout-Moves und es gibt eine kostenlose personalisierte App, die im Appstore und Playstore erh\u00e4ltlich ist.<\/p>\n","protected":false},"featured_media":12369,"template":"","meta":{"_acf_changed":false,"inline_featured_image":false,"_monsterinsights_skip_tracking":false,"_monsterinsights_sitenote_active":false,"_monsterinsights_sitenote_note":"","_monsterinsights_sitenote_category":0},"product_brand":[],"product_cat":[96,301],"product_tag":[],"class_list":{"0":"post-12289","1":"product","2":"type-product","3":"status-publish","4":"has-post-thumbnail","6":"product_cat-rehab","7":"product_cat-smart-training-machines","8":"product_shipping_class-bis-100-kg","10":"first","11":"outofstock","12":"taxable","13":"shipping-taxable","14":"purchasable","15":"product-type-variable"},"acf":[],"yoast_head":"<!-- This site is optimized with the Yoast SEO plugin v27.3 - https:\/\/yoast.com\/product\/yoast-seo-wordpress\/ -->\n<title>Smart Power Machine + Toolkit - DKN-Technology<\/title>\n<meta name=\"robots\" content=\"index, follow, max-snippet:-1, max-image-preview:large, max-video-preview:-1\" \/>\n<link rel=\"canonical\" href=\"https:\/\/dkn-technology.com\/de\/produkt\/smart-power-machine-with-toolkit\/\" \/>\n<meta property=\"og:locale\" content=\"de_DE\" \/>\n<meta property=\"og:type\" content=\"article\" \/>\n<meta property=\"og:title\" content=\"Smart Power Machine + Toolkit - DKN-Technology\" \/>\n<meta property=\"og:description\" content=\"Intelligente Kraftstation, trainieren Sie Ihren ganzen K\u00f6rper zu Hause. +400 Workout-Moves und es gibt eine kostenlose personalisierte App, die im Appstore und Playstore erh\u00e4ltlich ist.\" \/>\n<meta property=\"og:url\" content=\"https:\/\/dkn-technology.com\/de\/produkt\/smart-power-machine-with-toolkit\/\" \/>\n<meta property=\"og:site_name\" content=\"DKN-Technology\" \/>\n<meta property=\"article:publisher\" content=\"https:\/\/www.facebook.com\/dkntechnology\/\" \/>\n<meta property=\"article:modified_time\" content=\"2025-01-07T10:33:19+00:00\" \/>\n<meta property=\"og:image\" content=\"https:\/\/dkn-technology.com\/wp-content\/uploads\/2023\/12\/DKN-Smart-Power-Machine-002.png\" \/>\n\t<meta property=\"og:image:width\" content=\"1068\" \/>\n\t<meta property=\"og:image:height\" content=\"1068\" \/>\n\t<meta property=\"og:image:type\" content=\"image\/png\" \/>\n<meta name=\"twitter:card\" content=\"summary_large_image\" \/>\n<meta name=\"twitter:label1\" content=\"Gesch\u00e4tzte Lesezeit\" \/>\n\t<meta name=\"twitter:data1\" content=\"3\u00a0Minuten\" \/>\n<script type=\"application\/ld+json\" class=\"yoast-schema-graph\">{\"@context\":\"https:\\\/\\\/schema.org\",\"@graph\":[{\"@type\":\"WebPage\",\"@id\":\"https:\\\/\\\/dkn-technology.com\\\/de\\\/produkt\\\/smart-power-machine-with-toolkit\\\/\",\"url\":\"https:\\\/\\\/dkn-technology.com\\\/de\\\/produkt\\\/smart-power-machine-with-toolkit\\\/\",\"name\":\"Smart Power Machine + Toolkit - DKN-Technology\",\"isPartOf\":{\"@id\":\"https:\\\/\\\/dkn-technology.com\\\/#website\"},\"primaryImageOfPage\":{\"@id\":\"https:\\\/\\\/dkn-technology.com\\\/de\\\/produkt\\\/smart-power-machine-with-toolkit\\\/#primaryimage\"},\"image\":{\"@id\":\"https:\\\/\\\/dkn-technology.com\\\/de\\\/produkt\\\/smart-power-machine-with-toolkit\\\/#primaryimage\"},\"thumbnailUrl\":\"https:\\\/\\\/dkn-technology.com\\\/wp-content\\\/uploads\\\/2023\\\/12\\\/DKN-Smart-Power-Machine-002.png\",\"datePublished\":\"2023-12-07T10:02:07+00:00\",\"dateModified\":\"2025-01-07T10:33:19+00:00\",\"breadcrumb\":{\"@id\":\"https:\\\/\\\/dkn-technology.com\\\/de\\\/produkt\\\/smart-power-machine-with-toolkit\\\/#breadcrumb\"},\"inLanguage\":\"de\",\"potentialAction\":[{\"@type\":\"ReadAction\",\"target\":[\"https:\\\/\\\/dkn-technology.com\\\/de\\\/produkt\\\/smart-power-machine-with-toolkit\\\/\"]}]},{\"@type\":\"ImageObject\",\"inLanguage\":\"de\",\"@id\":\"https:\\\/\\\/dkn-technology.com\\\/de\\\/produkt\\\/smart-power-machine-with-toolkit\\\/#primaryimage\",\"url\":\"https:\\\/\\\/dkn-technology.com\\\/wp-content\\\/uploads\\\/2023\\\/12\\\/DKN-Smart-Power-Machine-002.png\",\"contentUrl\":\"https:\\\/\\\/dkn-technology.com\\\/wp-content\\\/uploads\\\/2023\\\/12\\\/DKN-Smart-Power-Machine-002.png\",\"width\":1068,\"height\":1068},{\"@type\":\"BreadcrumbList\",\"@id\":\"https:\\\/\\\/dkn-technology.com\\\/de\\\/produkt\\\/smart-power-machine-with-toolkit\\\/#breadcrumb\",\"itemListElement\":[{\"@type\":\"ListItem\",\"position\":1,\"name\":\"Home\",\"item\":\"https:\\\/\\\/dkn-technology.com\\\/de\\\/\"},{\"@type\":\"ListItem\",\"position\":2,\"name\":\"Shop\",\"item\":\"https:\\\/\\\/dkn-technology.com\\\/de\\\/shop\\\/\"},{\"@type\":\"ListItem\",\"position\":3,\"name\":\"Smart Power Machine + Toolkit\"}]},{\"@type\":\"WebSite\",\"@id\":\"https:\\\/\\\/dkn-technology.com\\\/#website\",\"url\":\"https:\\\/\\\/dkn-technology.com\\\/\",\"name\":\"DKN-Technology\",\"description\":\"Smart Fitness Solutions\",\"publisher\":{\"@id\":\"https:\\\/\\\/dkn-technology.com\\\/#organization\"},\"potentialAction\":[{\"@type\":\"SearchAction\",\"target\":{\"@type\":\"EntryPoint\",\"urlTemplate\":\"https:\\\/\\\/dkn-technology.com\\\/?s={search_term_string}\"},\"query-input\":{\"@type\":\"PropertyValueSpecification\",\"valueRequired\":true,\"valueName\":\"search_term_string\"}}],\"inLanguage\":\"de\"},{\"@type\":\"Organization\",\"@id\":\"https:\\\/\\\/dkn-technology.com\\\/#organization\",\"name\":\"DKN-Technology\",\"url\":\"https:\\\/\\\/dkn-technology.com\\\/\",\"logo\":{\"@type\":\"ImageObject\",\"inLanguage\":\"de\",\"@id\":\"https:\\\/\\\/dkn-technology.com\\\/#\\\/schema\\\/logo\\\/image\\\/\",\"url\":\"https:\\\/\\\/dkn-technology.com\\\/wp-content\\\/uploads\\\/2023\\\/01\\\/DKN-logo@4x.webp\",\"contentUrl\":\"https:\\\/\\\/dkn-technology.com\\\/wp-content\\\/uploads\\\/2023\\\/01\\\/DKN-logo@4x.webp\",\"width\":1933,\"height\":1029,\"caption\":\"DKN-Technology\"},\"image\":{\"@id\":\"https:\\\/\\\/dkn-technology.com\\\/#\\\/schema\\\/logo\\\/image\\\/\"},\"sameAs\":[\"https:\\\/\\\/www.facebook.com\\\/dkntechnology\\\/\",\"https:\\\/\\\/instagram.com\\\/dkntechnology\",\"https:\\\/\\\/www.youtube.com\\\/@DKN-Technology\",\"https:\\\/\\\/www.linkedin.com\\\/company\\\/dkn-technology-smart-fitness-solutions\"]}]}<\/script>\n<!-- \/ Yoast SEO plugin. -->","yoast_head_json":{"title":"Smart Power Machine + Toolkit - DKN-Technology","robots":{"index":"index","follow":"follow","max-snippet":"max-snippet:-1","max-image-preview":"max-image-preview:large","max-video-preview":"max-video-preview:-1"},"canonical":"https:\/\/dkn-technology.com\/de\/produkt\/smart-power-machine-with-toolkit\/","og_locale":"de_DE","og_type":"article","og_title":"Smart Power Machine + Toolkit - DKN-Technology","og_description":"Intelligente Kraftstation, trainieren Sie Ihren ganzen K\u00f6rper zu Hause. +400 Workout-Moves und es gibt eine kostenlose personalisierte App, die im Appstore und Playstore erh\u00e4ltlich ist.","og_url":"https:\/\/dkn-technology.com\/de\/produkt\/smart-power-machine-with-toolkit\/","og_site_name":"DKN-Technology","article_publisher":"https:\/\/www.facebook.com\/dkntechnology\/","article_modified_time":"2025-01-07T10:33:19+00:00","og_image":[{"width":1068,"height":1068,"url":"https:\/\/dkn-technology.com\/wp-content\/uploads\/2023\/12\/DKN-Smart-Power-Machine-002.png","type":"image\/png"}],"twitter_card":"summary_large_image","twitter_misc":{"Gesch\u00e4tzte Lesezeit":"3\u00a0Minuten"},"schema":{"@context":"https:\/\/schema.org","@graph":[{"@type":"WebPage","@id":"https:\/\/dkn-technology.com\/de\/produkt\/smart-power-machine-with-toolkit\/","url":"https:\/\/dkn-technology.com\/de\/produkt\/smart-power-machine-with-toolkit\/","name":"Smart Power Machine + Toolkit - DKN-Technology","isPartOf":{"@id":"https:\/\/dkn-technology.com\/#website"},"primaryImageOfPage":{"@id":"https:\/\/dkn-technology.com\/de\/produkt\/smart-power-machine-with-toolkit\/#primaryimage"},"image":{"@id":"https:\/\/dkn-technology.com\/de\/produkt\/smart-power-machine-with-toolkit\/#primaryimage"},"thumbnailUrl":"https:\/\/dkn-technology.com\/wp-content\/uploads\/2023\/12\/DKN-Smart-Power-Machine-002.png","datePublished":"2023-12-07T10:02:07+00:00","dateModified":"2025-01-07T10:33:19+00:00","breadcrumb":{"@id":"https:\/\/dkn-technology.com\/de\/produkt\/smart-power-machine-with-toolkit\/#breadcrumb"},"inLanguage":"de","potentialAction":[{"@type":"ReadAction","target":["https:\/\/dkn-technology.com\/de\/produkt\/smart-power-machine-with-toolkit\/"]}]},{"@type":"ImageObject","inLanguage":"de","@id":"https:\/\/dkn-technology.com\/de\/produkt\/smart-power-machine-with-toolkit\/#primaryimage","url":"https:\/\/dkn-technology.com\/wp-content\/uploads\/2023\/12\/DKN-Smart-Power-Machine-002.png","contentUrl":"https:\/\/dkn-technology.com\/wp-content\/uploads\/2023\/12\/DKN-Smart-Power-Machine-002.png","width":1068,"height":1068},{"@type":"BreadcrumbList","@id":"https:\/\/dkn-technology.com\/de\/produkt\/smart-power-machine-with-toolkit\/#breadcrumb","itemListElement":[{"@type":"ListItem","position":1,"name":"Home","item":"https:\/\/dkn-technology.com\/de\/"},{"@type":"ListItem","position":2,"name":"Shop","item":"https:\/\/dkn-technology.com\/de\/shop\/"},{"@type":"ListItem","position":3,"name":"Smart Power Machine + Toolkit"}]},{"@type":"WebSite","@id":"https:\/\/dkn-technology.com\/#website","url":"https:\/\/dkn-technology.com\/","name":"DKN-Technology","description":"Smart Fitness Solutions","publisher":{"@id":"https:\/\/dkn-technology.com\/#organization"},"potentialAction":[{"@type":"SearchAction","target":{"@type":"EntryPoint","urlTemplate":"https:\/\/dkn-technology.com\/?s={search_term_string}"},"query-input":{"@type":"PropertyValueSpecification","valueRequired":true,"valueName":"search_term_string"}}],"inLanguage":"de"},{"@type":"Organization","@id":"https:\/\/dkn-technology.com\/#organization","name":"DKN-Technology","url":"https:\/\/dkn-technology.com\/","logo":{"@type":"ImageObject","inLanguage":"de","@id":"https:\/\/dkn-technology.com\/#\/schema\/logo\/image\/","url":"https:\/\/dkn-technology.com\/wp-content\/uploads\/2023\/01\/DKN-logo@4x.webp","contentUrl":"https:\/\/dkn-technology.com\/wp-content\/uploads\/2023\/01\/DKN-logo@4x.webp","width":1933,"height":1029,"caption":"DKN-Technology"},"image":{"@id":"https:\/\/dkn-technology.com\/#\/schema\/logo\/image\/"},"sameAs":["https:\/\/www.facebook.com\/dkntechnology\/","https:\/\/instagram.com\/dkntechnology","https:\/\/www.youtube.com\/@DKN-Technology","https:\/\/www.linkedin.com\/company\/dkn-technology-smart-fitness-solutions"]}]}},"_links":{"self":[{"href":"https:\/\/dkn-technology.com\/de\/wp-json\/wp\/v2\/product\/12289","targetHints":{"allow":["GET"]}}],"collection":[{"href":"https:\/\/dkn-technology.com\/de\/wp-json\/wp\/v2\/product"}],"about":[{"href":"https:\/\/dkn-technology.com\/de\/wp-json\/wp\/v2\/types\/product"}],"version-history":[{"count":7,"href":"https:\/\/dkn-technology.com\/de\/wp-json\/wp\/v2\/product\/12289\/revisions"}],"predecessor-version":[{"id":21566,"href":"https:\/\/dkn-technology.com\/de\/wp-json\/wp\/v2\/product\/12289\/revisions\/21566"}],"wp:featuredmedia":[{"embeddable":true,"href":"https:\/\/dkn-technology.com\/de\/wp-json\/wp\/v2\/media\/12369"}],"wp:attachment":[{"href":"https:\/\/dkn-technology.com\/de\/wp-json\/wp\/v2\/media?parent=12289"}],"wp:term":[{"taxonomy":"product_brand","embeddable":true,"href":"https:\/\/dkn-technology.com\/de\/wp-json\/wp\/v2\/product_brand?post=12289"},{"taxonomy":"product_cat","embeddable":true,"href":"https:\/\/dkn-technology.com\/de\/wp-json\/wp\/v2\/product_cat?post=12289"},{"taxonomy":"product_tag","embeddable":true,"href":"https:\/\/dkn-technology.com\/de\/wp-json\/wp\/v2\/product_tag?post=12289"}],"curies":[{"name":"wp","href":"https:\/\/api.w.org\/{rel}","templated":true}]}}