{"id":23379,"date":"2025-03-17T12:58:08","date_gmt":"2025-03-17T10:58:08","guid":{"rendered":"https:\/\/dkn-technology.com\/?post_type=product&#038;p=23379"},"modified":"2025-03-17T16:24:52","modified_gmt":"2025-03-17T14:24:52","slug":"adaptor-multiplug-9v","status":"publish","type":"product","link":"https:\/\/dkn-technology.com\/de\/produkt\/adaptor-multiplug-9v\/","title":{"rendered":"Adaptor Multiplug 9V"},"content":{"rendered":"<p data-start=\"0\" data-end=\"208\">Der Adaptor Multiplug 9V ist f\u00fcr Fitnessger\u00e4te wie Heimtrainer, Laufb\u00e4nder und Crosstrainer geeignet, sofern die Spezifikationen \u00fcbereinstimmen. Unser Adapter hat die folgenden Spezifikationen:<\/p>\n<ul data-start=\"210\" data-end=\"325\">\n<li data-start=\"210\" data-end=\"250\"><strong data-start=\"212\" data-end=\"224\">Eingang:<\/strong> 100-240V ~ 47-63Hz 0.4A<\/li>\n<li data-start=\"251\" data-end=\"299\"><strong data-start=\"253\" data-end=\"265\">Ausgang:<\/strong> 8-11V \u2393 1.68-1.22A (max. 13.5W)<\/li>\n<li data-start=\"300\" data-end=\"325\"><strong data-start=\"302\" data-end=\"318\">Stromst\u00e4rke:<\/strong> 1.5A<\/li>\n<\/ul>\n<p data-start=\"327\" data-end=\"385\">\u00dcberpr\u00fcfen Sie stets die Kompatibilit\u00e4t mit Ihrem Ger\u00e4t.<\/p>\n","protected":false},"excerpt":{"rendered":"<p>Der Adaptor Multiplug 9V ist f\u00fcr Fitnessger\u00e4te wie Heimtrainer, Laufb\u00e4nder und Crosstrainer geeignet, sofern die Spezifikationen \u00fcbereinstimmen. Unser Adapter hat die folgenden Spezifikationen: Eingang: 100-240V ~ 47-63Hz 0.4A Ausgang: 8-11V \u2393 1.68-1.22A (max. 13.5W) Stromst\u00e4rke: 1.5A \u00dcberpr\u00fcfen Sie stets die Kompatibilit\u00e4t mit Ihrem Ger\u00e4t.<\/p>\n","protected":false},"featured_media":23338,"template":"","meta":{"_acf_changed":false,"inline_featured_image":false,"_monsterinsights_skip_tracking":false,"_monsterinsights_sitenote_active":false,"_monsterinsights_sitenote_note":"","_monsterinsights_sitenote_category":0},"product_brand":[],"product_cat":[472],"product_tag":[],"class_list":{"0":"post-23379","1":"product","2":"type-product","3":"status-publish","4":"has-post-thumbnail","6":"product_cat-teile","8":"first","9":"instock","10":"taxable","11":"shipping-taxable","12":"purchasable","13":"product-type-simple"},"acf":[],"yoast_head":"<!-- This site is optimized with the Yoast SEO plugin v27.3 - https:\/\/yoast.com\/product\/yoast-seo-wordpress\/ -->\n<title>Adaptor Multiplug 9V - DKN-Technology<\/title>\n<meta name=\"robots\" content=\"index, follow, max-snippet:-1, max-image-preview:large, max-video-preview:-1\" \/>\n<link rel=\"canonical\" href=\"https:\/\/dkn-technology.com\/de\/produkt\/adaptor-multiplug-9v\/\" \/>\n<meta property=\"og:locale\" content=\"de_DE\" \/>\n<meta property=\"og:type\" content=\"article\" \/>\n<meta property=\"og:title\" content=\"Adaptor Multiplug 9V - DKN-Technology\" \/>\n<meta property=\"og:description\" content=\"Der Adaptor Multiplug 9V ist f\u00fcr Fitnessger\u00e4te wie Heimtrainer, Laufb\u00e4nder und Crosstrainer geeignet, sofern die Spezifikationen \u00fcbereinstimmen. Unser Adapter hat die folgenden Spezifikationen: Eingang: 100-240V ~ 47-63Hz 0.4A Ausgang: 8-11V \u2393 1.68-1.22A (max. 13.5W) Stromst\u00e4rke: 1.5A \u00dcberpr\u00fcfen Sie stets die Kompatibilit\u00e4t mit Ihrem Ger\u00e4t.\" \/>\n<meta property=\"og:url\" content=\"https:\/\/dkn-technology.com\/de\/produkt\/adaptor-multiplug-9v\/\" \/>\n<meta property=\"og:site_name\" content=\"DKN-Technology\" \/>\n<meta property=\"article:publisher\" content=\"https:\/\/www.facebook.com\/dkntechnology\/\" \/>\n<meta property=\"article:modified_time\" content=\"2025-03-17T14:24:52+00:00\" \/>\n<meta property=\"og:image\" content=\"https:\/\/dkn-technology.com\/wp-content\/uploads\/2025\/03\/40001-JPG-scaled.jpg\" \/>\n\t<meta property=\"og:image:width\" content=\"2560\" \/>\n\t<meta property=\"og:image:height\" content=\"2560\" \/>\n\t<meta property=\"og:image:type\" content=\"image\/jpeg\" \/>\n<meta name=\"twitter:card\" content=\"summary_large_image\" \/>\n<meta name=\"twitter:label1\" content=\"Gesch\u00e4tzte Lesezeit\" \/>\n\t<meta name=\"twitter:data1\" content=\"1\u00a0Minute\" \/>\n<script type=\"application\/ld+json\" class=\"yoast-schema-graph\">{\"@context\":\"https:\\\/\\\/schema.org\",\"@graph\":[{\"@type\":\"WebPage\",\"@id\":\"https:\\\/\\\/dkn-technology.com\\\/de\\\/produkt\\\/adaptor-multiplug-9v\\\/\",\"url\":\"https:\\\/\\\/dkn-technology.com\\\/de\\\/produkt\\\/adaptor-multiplug-9v\\\/\",\"name\":\"Adaptor Multiplug 9V - DKN-Technology\",\"isPartOf\":{\"@id\":\"https:\\\/\\\/dkn-technology.com\\\/#website\"},\"primaryImageOfPage\":{\"@id\":\"https:\\\/\\\/dkn-technology.com\\\/de\\\/produkt\\\/adaptor-multiplug-9v\\\/#primaryimage\"},\"image\":{\"@id\":\"https:\\\/\\\/dkn-technology.com\\\/de\\\/produkt\\\/adaptor-multiplug-9v\\\/#primaryimage\"},\"thumbnailUrl\":\"https:\\\/\\\/dkn-technology.com\\\/wp-content\\\/uploads\\\/2025\\\/03\\\/40001-JPG-scaled.jpg\",\"datePublished\":\"2025-03-17T10:58:08+00:00\",\"dateModified\":\"2025-03-17T14:24:52+00:00\",\"breadcrumb\":{\"@id\":\"https:\\\/\\\/dkn-technology.com\\\/de\\\/produkt\\\/adaptor-multiplug-9v\\\/#breadcrumb\"},\"inLanguage\":\"de\",\"potentialAction\":[{\"@type\":\"ReadAction\",\"target\":[\"https:\\\/\\\/dkn-technology.com\\\/de\\\/produkt\\\/adaptor-multiplug-9v\\\/\"]}]},{\"@type\":\"ImageObject\",\"inLanguage\":\"de\",\"@id\":\"https:\\\/\\\/dkn-technology.com\\\/de\\\/produkt\\\/adaptor-multiplug-9v\\\/#primaryimage\",\"url\":\"https:\\\/\\\/dkn-technology.com\\\/wp-content\\\/uploads\\\/2025\\\/03\\\/40001-JPG-scaled.jpg\",\"contentUrl\":\"https:\\\/\\\/dkn-technology.com\\\/wp-content\\\/uploads\\\/2025\\\/03\\\/40001-JPG-scaled.jpg\",\"width\":2560,\"height\":2560},{\"@type\":\"BreadcrumbList\",\"@id\":\"https:\\\/\\\/dkn-technology.com\\\/de\\\/produkt\\\/adaptor-multiplug-9v\\\/#breadcrumb\",\"itemListElement\":[{\"@type\":\"ListItem\",\"position\":1,\"name\":\"Home\",\"item\":\"https:\\\/\\\/dkn-technology.com\\\/de\\\/\"},{\"@type\":\"ListItem\",\"position\":2,\"name\":\"Shop\",\"item\":\"https:\\\/\\\/dkn-technology.com\\\/de\\\/shop\\\/\"},{\"@type\":\"ListItem\",\"position\":3,\"name\":\"Adaptor Multiplug 9V\"}]},{\"@type\":\"WebSite\",\"@id\":\"https:\\\/\\\/dkn-technology.com\\\/#website\",\"url\":\"https:\\\/\\\/dkn-technology.com\\\/\",\"name\":\"DKN-Technology\",\"description\":\"Smart Fitness Solutions\",\"publisher\":{\"@id\":\"https:\\\/\\\/dkn-technology.com\\\/#organization\"},\"potentialAction\":[{\"@type\":\"SearchAction\",\"target\":{\"@type\":\"EntryPoint\",\"urlTemplate\":\"https:\\\/\\\/dkn-technology.com\\\/?s={search_term_string}\"},\"query-input\":{\"@type\":\"PropertyValueSpecification\",\"valueRequired\":true,\"valueName\":\"search_term_string\"}}],\"inLanguage\":\"de\"},{\"@type\":\"Organization\",\"@id\":\"https:\\\/\\\/dkn-technology.com\\\/#organization\",\"name\":\"DKN-Technology\",\"url\":\"https:\\\/\\\/dkn-technology.com\\\/\",\"logo\":{\"@type\":\"ImageObject\",\"inLanguage\":\"de\",\"@id\":\"https:\\\/\\\/dkn-technology.com\\\/#\\\/schema\\\/logo\\\/image\\\/\",\"url\":\"https:\\\/\\\/dkn-technology.com\\\/wp-content\\\/uploads\\\/2023\\\/01\\\/DKN-logo@4x.webp\",\"contentUrl\":\"https:\\\/\\\/dkn-technology.com\\\/wp-content\\\/uploads\\\/2023\\\/01\\\/DKN-logo@4x.webp\",\"width\":1933,\"height\":1029,\"caption\":\"DKN-Technology\"},\"image\":{\"@id\":\"https:\\\/\\\/dkn-technology.com\\\/#\\\/schema\\\/logo\\\/image\\\/\"},\"sameAs\":[\"https:\\\/\\\/www.facebook.com\\\/dkntechnology\\\/\",\"https:\\\/\\\/instagram.com\\\/dkntechnology\",\"https:\\\/\\\/www.youtube.com\\\/@DKN-Technology\",\"https:\\\/\\\/www.linkedin.com\\\/company\\\/dkn-technology-smart-fitness-solutions\"]}]}<\/script>\n<!-- \/ Yoast SEO plugin. -->","yoast_head_json":{"title":"Adaptor Multiplug 9V - DKN-Technology","robots":{"index":"index","follow":"follow","max-snippet":"max-snippet:-1","max-image-preview":"max-image-preview:large","max-video-preview":"max-video-preview:-1"},"canonical":"https:\/\/dkn-technology.com\/de\/produkt\/adaptor-multiplug-9v\/","og_locale":"de_DE","og_type":"article","og_title":"Adaptor Multiplug 9V - DKN-Technology","og_description":"Der Adaptor Multiplug 9V ist f\u00fcr Fitnessger\u00e4te wie Heimtrainer, Laufb\u00e4nder und Crosstrainer geeignet, sofern die Spezifikationen \u00fcbereinstimmen. Unser Adapter hat die folgenden Spezifikationen: Eingang: 100-240V ~ 47-63Hz 0.4A Ausgang: 8-11V \u2393 1.68-1.22A (max. 13.5W) Stromst\u00e4rke: 1.5A \u00dcberpr\u00fcfen Sie stets die Kompatibilit\u00e4t mit Ihrem Ger\u00e4t.","og_url":"https:\/\/dkn-technology.com\/de\/produkt\/adaptor-multiplug-9v\/","og_site_name":"DKN-Technology","article_publisher":"https:\/\/www.facebook.com\/dkntechnology\/","article_modified_time":"2025-03-17T14:24:52+00:00","og_image":[{"width":2560,"height":2560,"url":"https:\/\/dkn-technology.com\/wp-content\/uploads\/2025\/03\/40001-JPG-scaled.jpg","type":"image\/jpeg"}],"twitter_card":"summary_large_image","twitter_misc":{"Gesch\u00e4tzte Lesezeit":"1\u00a0Minute"},"schema":{"@context":"https:\/\/schema.org","@graph":[{"@type":"WebPage","@id":"https:\/\/dkn-technology.com\/de\/produkt\/adaptor-multiplug-9v\/","url":"https:\/\/dkn-technology.com\/de\/produkt\/adaptor-multiplug-9v\/","name":"Adaptor Multiplug 9V - DKN-Technology","isPartOf":{"@id":"https:\/\/dkn-technology.com\/#website"},"primaryImageOfPage":{"@id":"https:\/\/dkn-technology.com\/de\/produkt\/adaptor-multiplug-9v\/#primaryimage"},"image":{"@id":"https:\/\/dkn-technology.com\/de\/produkt\/adaptor-multiplug-9v\/#primaryimage"},"thumbnailUrl":"https:\/\/dkn-technology.com\/wp-content\/uploads\/2025\/03\/40001-JPG-scaled.jpg","datePublished":"2025-03-17T10:58:08+00:00","dateModified":"2025-03-17T14:24:52+00:00","breadcrumb":{"@id":"https:\/\/dkn-technology.com\/de\/produkt\/adaptor-multiplug-9v\/#breadcrumb"},"inLanguage":"de","potentialAction":[{"@type":"ReadAction","target":["https:\/\/dkn-technology.com\/de\/produkt\/adaptor-multiplug-9v\/"]}]},{"@type":"ImageObject","inLanguage":"de","@id":"https:\/\/dkn-technology.com\/de\/produkt\/adaptor-multiplug-9v\/#primaryimage","url":"https:\/\/dkn-technology.com\/wp-content\/uploads\/2025\/03\/40001-JPG-scaled.jpg","contentUrl":"https:\/\/dkn-technology.com\/wp-content\/uploads\/2025\/03\/40001-JPG-scaled.jpg","width":2560,"height":2560},{"@type":"BreadcrumbList","@id":"https:\/\/dkn-technology.com\/de\/produkt\/adaptor-multiplug-9v\/#breadcrumb","itemListElement":[{"@type":"ListItem","position":1,"name":"Home","item":"https:\/\/dkn-technology.com\/de\/"},{"@type":"ListItem","position":2,"name":"Shop","item":"https:\/\/dkn-technology.com\/de\/shop\/"},{"@type":"ListItem","position":3,"name":"Adaptor Multiplug 9V"}]},{"@type":"WebSite","@id":"https:\/\/dkn-technology.com\/#website","url":"https:\/\/dkn-technology.com\/","name":"DKN-Technology","description":"Smart Fitness Solutions","publisher":{"@id":"https:\/\/dkn-technology.com\/#organization"},"potentialAction":[{"@type":"SearchAction","target":{"@type":"EntryPoint","urlTemplate":"https:\/\/dkn-technology.com\/?s={search_term_string}"},"query-input":{"@type":"PropertyValueSpecification","valueRequired":true,"valueName":"search_term_string"}}],"inLanguage":"de"},{"@type":"Organization","@id":"https:\/\/dkn-technology.com\/#organization","name":"DKN-Technology","url":"https:\/\/dkn-technology.com\/","logo":{"@type":"ImageObject","inLanguage":"de","@id":"https:\/\/dkn-technology.com\/#\/schema\/logo\/image\/","url":"https:\/\/dkn-technology.com\/wp-content\/uploads\/2023\/01\/DKN-logo@4x.webp","contentUrl":"https:\/\/dkn-technology.com\/wp-content\/uploads\/2023\/01\/DKN-logo@4x.webp","width":1933,"height":1029,"caption":"DKN-Technology"},"image":{"@id":"https:\/\/dkn-technology.com\/#\/schema\/logo\/image\/"},"sameAs":["https:\/\/www.facebook.com\/dkntechnology\/","https:\/\/instagram.com\/dkntechnology","https:\/\/www.youtube.com\/@DKN-Technology","https:\/\/www.linkedin.com\/company\/dkn-technology-smart-fitness-solutions"]}]}},"_links":{"self":[{"href":"https:\/\/dkn-technology.com\/de\/wp-json\/wp\/v2\/product\/23379","targetHints":{"allow":["GET"]}}],"collection":[{"href":"https:\/\/dkn-technology.com\/de\/wp-json\/wp\/v2\/product"}],"about":[{"href":"https:\/\/dkn-technology.com\/de\/wp-json\/wp\/v2\/types\/product"}],"version-history":[{"count":2,"href":"https:\/\/dkn-technology.com\/de\/wp-json\/wp\/v2\/product\/23379\/revisions"}],"predecessor-version":[{"id":23772,"href":"https:\/\/dkn-technology.com\/de\/wp-json\/wp\/v2\/product\/23379\/revisions\/23772"}],"wp:featuredmedia":[{"embeddable":true,"href":"https:\/\/dkn-technology.com\/de\/wp-json\/wp\/v2\/media\/23338"}],"wp:attachment":[{"href":"https:\/\/dkn-technology.com\/de\/wp-json\/wp\/v2\/media?parent=23379"}],"wp:term":[{"taxonomy":"product_brand","embeddable":true,"href":"https:\/\/dkn-technology.com\/de\/wp-json\/wp\/v2\/product_brand?post=23379"},{"taxonomy":"product_cat","embeddable":true,"href":"https:\/\/dkn-technology.com\/de\/wp-json\/wp\/v2\/product_cat?post=23379"},{"taxonomy":"product_tag","embeddable":true,"href":"https:\/\/dkn-technology.com\/de\/wp-json\/wp\/v2\/product_tag?post=23379"}],"curies":[{"name":"wp","href":"https:\/\/api.w.org\/{rel}","templated":true}]}}