{"id":23546,"date":"2025-03-17T13:04:35","date_gmt":"2025-03-17T11:04:35","guid":{"rendered":"https:\/\/dkn-technology.com\/product\/m-460-7-front-stabilizer-cap\/"},"modified":"2025-03-17T16:29:44","modified_gmt":"2025-03-17T14:29:44","slug":"m-460-7-front-stabilizer-cap","status":"publish","type":"product","link":"https:\/\/dkn-technology.com\/de\/produkt\/m-460-7-front-stabilizer-cap\/","title":{"rendered":"M-460 &#8211; #7 &#8211; Front Stabilizer Cap"},"content":{"rendered":"<p data-start=\"0\" data-end=\"132\">Die &#8222;De M-460 &#8211; #7 &#8211; Front Stabilizer Cap&#8220; ist ein Teil des <strong><a href=\"https:\/\/dkn-technology.com\/de\/produkt\/magbike-m-460\/\">Magbike 460<\/a> <\/strong>von DKN-Technology, einem station\u00e4ren Fahrrad oder Spinbike.<\/p>\n<p data-start=\"134\" data-end=\"528\">Was macht dieses Teil? Der &#8222;Front Stabilizer&#8220; bezieht sich auf den vorderen Stabilisator des Fahrrads. Dies ist der horizontale Balken an der Vorderseite, der f\u00fcr die Stabilit\u00e4t sorgt und verhindert, dass das Fahrrad w\u00e4hrend des Trainings kippt. Der &#8222;Cap&#8220; k\u00f6nnte ein Deckel oder Befestigungselement sein, das hilft, den Stabilisator fest zu sichern oder ihn vor Staub und Abnutzung zu sch\u00fctzen.<\/p>\n<p data-start=\"530\" data-end=\"774\" data-is-last-node=\"\" data-is-only-node=\"\">Warum ist das wichtig? Es stellt sicher, dass das station\u00e4re Fahrrad w\u00e4hrend des Radfahrens stabil bleibt. Es kann die Befestigungspunkte oder Schrauben vor Abnutzung sch\u00fctzen und tr\u00e4gt zu einem ordentlichen Finish des Stabilisierungstubes bei.<\/p>\n","protected":false},"excerpt":{"rendered":"<p><img decoding=\"async\" class=\"alignnone wp-image-23732\" src=\"https:\/\/dkn-technology.com\/wp-content\/uploads\/2025\/03\/12-1.png\" alt=\"\" width=\"30\" height=\"30\" \/> Ersatzteile<\/p>\n<p><img decoding=\"async\" class=\"alignnone wp-image-23687\" src=\"https:\/\/dkn-technology.com\/wp-content\/uploads\/2025\/03\/3-1.png\" alt=\"\" width=\"30\" height=\"30\" \/>\u00a0Adapter<\/p>\n<p><img decoding=\"async\" class=\"alignnone wp-image-23737\" src=\"https:\/\/dkn-technology.com\/wp-content\/uploads\/2025\/03\/13.png\" alt=\"\" width=\"30\" height=\"30\" \/> Schnelle Lieferung<\/p>\n","protected":false},"featured_media":23343,"template":"","meta":{"_acf_changed":false,"inline_featured_image":false,"_monsterinsights_skip_tracking":false,"_monsterinsights_sitenote_active":false,"_monsterinsights_sitenote_note":"","_monsterinsights_sitenote_category":0},"product_brand":[],"product_cat":[472],"product_tag":[],"class_list":{"0":"post-23546","1":"product","2":"type-product","3":"status-publish","4":"has-post-thumbnail","6":"product_cat-teile","8":"first","9":"instock","10":"taxable","11":"shipping-taxable","12":"purchasable","13":"product-type-simple"},"acf":[],"yoast_head":"<!-- This site is optimized with the Yoast SEO plugin v27.5 - https:\/\/yoast.com\/product\/yoast-seo-wordpress\/ -->\n<title>M-460 - #7 - Front Stabilizer Cap - DKN-Technology<\/title>\n<meta name=\"robots\" content=\"index, follow, max-snippet:-1, max-image-preview:large, max-video-preview:-1\" \/>\n<link rel=\"canonical\" href=\"https:\/\/dkn-technology.com\/de\/produkt\/m-460-7-front-stabilizer-cap\/\" \/>\n<meta property=\"og:locale\" content=\"de_DE\" \/>\n<meta property=\"og:type\" content=\"article\" \/>\n<meta property=\"og:title\" content=\"M-460 - #7 - Front Stabilizer Cap - DKN-Technology\" \/>\n<meta property=\"og:description\" content=\"Ersatzteile  \u00a0Adapter   Schnelle Lieferung\" \/>\n<meta property=\"og:url\" content=\"https:\/\/dkn-technology.com\/de\/produkt\/m-460-7-front-stabilizer-cap\/\" \/>\n<meta property=\"og:site_name\" content=\"DKN-Technology\" \/>\n<meta property=\"article:publisher\" content=\"https:\/\/www.facebook.com\/dkntechnology\/\" \/>\n<meta property=\"article:modified_time\" content=\"2025-03-17T14:29:44+00:00\" \/>\n<meta property=\"og:image\" content=\"https:\/\/dkn-technology.com\/wp-content\/uploads\/2025\/03\/40912-JPG-scaled.jpg\" \/>\n\t<meta property=\"og:image:width\" content=\"2560\" \/>\n\t<meta property=\"og:image:height\" content=\"2560\" \/>\n\t<meta property=\"og:image:type\" content=\"image\/jpeg\" \/>\n<meta name=\"twitter:card\" content=\"summary_large_image\" \/>\n<meta name=\"twitter:label1\" content=\"Gesch\u00e4tzte Lesezeit\" \/>\n\t<meta name=\"twitter:data1\" content=\"1\u00a0Minute\" \/>\n<script type=\"application\/ld+json\" class=\"yoast-schema-graph\">{\"@context\":\"https:\\\/\\\/schema.org\",\"@graph\":[{\"@type\":\"WebPage\",\"@id\":\"https:\\\/\\\/dkn-technology.com\\\/de\\\/produkt\\\/m-460-7-front-stabilizer-cap\\\/\",\"url\":\"https:\\\/\\\/dkn-technology.com\\\/de\\\/produkt\\\/m-460-7-front-stabilizer-cap\\\/\",\"name\":\"M-460 - #7 - Front Stabilizer Cap - DKN-Technology\",\"isPartOf\":{\"@id\":\"https:\\\/\\\/dkn-technology.com\\\/#website\"},\"primaryImageOfPage\":{\"@id\":\"https:\\\/\\\/dkn-technology.com\\\/de\\\/produkt\\\/m-460-7-front-stabilizer-cap\\\/#primaryimage\"},\"image\":{\"@id\":\"https:\\\/\\\/dkn-technology.com\\\/de\\\/produkt\\\/m-460-7-front-stabilizer-cap\\\/#primaryimage\"},\"thumbnailUrl\":\"https:\\\/\\\/dkn-technology.com\\\/wp-content\\\/uploads\\\/2025\\\/03\\\/40912-JPG-scaled.jpg\",\"datePublished\":\"2025-03-17T11:04:35+00:00\",\"dateModified\":\"2025-03-17T14:29:44+00:00\",\"breadcrumb\":{\"@id\":\"https:\\\/\\\/dkn-technology.com\\\/de\\\/produkt\\\/m-460-7-front-stabilizer-cap\\\/#breadcrumb\"},\"inLanguage\":\"de\",\"potentialAction\":[{\"@type\":\"ReadAction\",\"target\":[\"https:\\\/\\\/dkn-technology.com\\\/de\\\/produkt\\\/m-460-7-front-stabilizer-cap\\\/\"]}]},{\"@type\":\"ImageObject\",\"inLanguage\":\"de\",\"@id\":\"https:\\\/\\\/dkn-technology.com\\\/de\\\/produkt\\\/m-460-7-front-stabilizer-cap\\\/#primaryimage\",\"url\":\"https:\\\/\\\/dkn-technology.com\\\/wp-content\\\/uploads\\\/2025\\\/03\\\/40912-JPG-scaled.jpg\",\"contentUrl\":\"https:\\\/\\\/dkn-technology.com\\\/wp-content\\\/uploads\\\/2025\\\/03\\\/40912-JPG-scaled.jpg\",\"width\":2560,\"height\":2560},{\"@type\":\"BreadcrumbList\",\"@id\":\"https:\\\/\\\/dkn-technology.com\\\/de\\\/produkt\\\/m-460-7-front-stabilizer-cap\\\/#breadcrumb\",\"itemListElement\":[{\"@type\":\"ListItem\",\"position\":1,\"name\":\"Home\",\"item\":\"https:\\\/\\\/dkn-technology.com\\\/de\\\/\"},{\"@type\":\"ListItem\",\"position\":2,\"name\":\"Shop\",\"item\":\"https:\\\/\\\/dkn-technology.com\\\/de\\\/shop\\\/\"},{\"@type\":\"ListItem\",\"position\":3,\"name\":\"M-460 &#8211; #7 &#8211; Front Stabilizer Cap\"}]},{\"@type\":\"WebSite\",\"@id\":\"https:\\\/\\\/dkn-technology.com\\\/#website\",\"url\":\"https:\\\/\\\/dkn-technology.com\\\/\",\"name\":\"DKN-Technology\",\"description\":\"Smart Fitness Solutions\",\"publisher\":{\"@id\":\"https:\\\/\\\/dkn-technology.com\\\/#organization\"},\"potentialAction\":[{\"@type\":\"SearchAction\",\"target\":{\"@type\":\"EntryPoint\",\"urlTemplate\":\"https:\\\/\\\/dkn-technology.com\\\/?s={search_term_string}\"},\"query-input\":{\"@type\":\"PropertyValueSpecification\",\"valueRequired\":true,\"valueName\":\"search_term_string\"}}],\"inLanguage\":\"de\"},{\"@type\":\"Organization\",\"@id\":\"https:\\\/\\\/dkn-technology.com\\\/#organization\",\"name\":\"DKN-Technology\",\"url\":\"https:\\\/\\\/dkn-technology.com\\\/\",\"logo\":{\"@type\":\"ImageObject\",\"inLanguage\":\"de\",\"@id\":\"https:\\\/\\\/dkn-technology.com\\\/#\\\/schema\\\/logo\\\/image\\\/\",\"url\":\"https:\\\/\\\/dkn-technology.com\\\/wp-content\\\/uploads\\\/2023\\\/01\\\/DKN-logo@4x.webp\",\"contentUrl\":\"https:\\\/\\\/dkn-technology.com\\\/wp-content\\\/uploads\\\/2023\\\/01\\\/DKN-logo@4x.webp\",\"width\":1933,\"height\":1029,\"caption\":\"DKN-Technology\"},\"image\":{\"@id\":\"https:\\\/\\\/dkn-technology.com\\\/#\\\/schema\\\/logo\\\/image\\\/\"},\"sameAs\":[\"https:\\\/\\\/www.facebook.com\\\/dkntechnology\\\/\",\"https:\\\/\\\/instagram.com\\\/dkntechnology\",\"https:\\\/\\\/www.youtube.com\\\/@DKN-Technology\",\"https:\\\/\\\/www.linkedin.com\\\/company\\\/dkn-technology-smart-fitness-solutions\"]}]}<\/script>\n<!-- \/ Yoast SEO plugin. -->","yoast_head_json":{"title":"M-460 - #7 - Front Stabilizer Cap - DKN-Technology","robots":{"index":"index","follow":"follow","max-snippet":"max-snippet:-1","max-image-preview":"max-image-preview:large","max-video-preview":"max-video-preview:-1"},"canonical":"https:\/\/dkn-technology.com\/de\/produkt\/m-460-7-front-stabilizer-cap\/","og_locale":"de_DE","og_type":"article","og_title":"M-460 - #7 - Front Stabilizer Cap - DKN-Technology","og_description":"Ersatzteile  \u00a0Adapter   Schnelle Lieferung","og_url":"https:\/\/dkn-technology.com\/de\/produkt\/m-460-7-front-stabilizer-cap\/","og_site_name":"DKN-Technology","article_publisher":"https:\/\/www.facebook.com\/dkntechnology\/","article_modified_time":"2025-03-17T14:29:44+00:00","og_image":[{"width":2560,"height":2560,"url":"https:\/\/dkn-technology.com\/wp-content\/uploads\/2025\/03\/40912-JPG-scaled.jpg","type":"image\/jpeg"}],"twitter_card":"summary_large_image","twitter_misc":{"Gesch\u00e4tzte Lesezeit":"1\u00a0Minute"},"schema":{"@context":"https:\/\/schema.org","@graph":[{"@type":"WebPage","@id":"https:\/\/dkn-technology.com\/de\/produkt\/m-460-7-front-stabilizer-cap\/","url":"https:\/\/dkn-technology.com\/de\/produkt\/m-460-7-front-stabilizer-cap\/","name":"M-460 - #7 - Front Stabilizer Cap - DKN-Technology","isPartOf":{"@id":"https:\/\/dkn-technology.com\/#website"},"primaryImageOfPage":{"@id":"https:\/\/dkn-technology.com\/de\/produkt\/m-460-7-front-stabilizer-cap\/#primaryimage"},"image":{"@id":"https:\/\/dkn-technology.com\/de\/produkt\/m-460-7-front-stabilizer-cap\/#primaryimage"},"thumbnailUrl":"https:\/\/dkn-technology.com\/wp-content\/uploads\/2025\/03\/40912-JPG-scaled.jpg","datePublished":"2025-03-17T11:04:35+00:00","dateModified":"2025-03-17T14:29:44+00:00","breadcrumb":{"@id":"https:\/\/dkn-technology.com\/de\/produkt\/m-460-7-front-stabilizer-cap\/#breadcrumb"},"inLanguage":"de","potentialAction":[{"@type":"ReadAction","target":["https:\/\/dkn-technology.com\/de\/produkt\/m-460-7-front-stabilizer-cap\/"]}]},{"@type":"ImageObject","inLanguage":"de","@id":"https:\/\/dkn-technology.com\/de\/produkt\/m-460-7-front-stabilizer-cap\/#primaryimage","url":"https:\/\/dkn-technology.com\/wp-content\/uploads\/2025\/03\/40912-JPG-scaled.jpg","contentUrl":"https:\/\/dkn-technology.com\/wp-content\/uploads\/2025\/03\/40912-JPG-scaled.jpg","width":2560,"height":2560},{"@type":"BreadcrumbList","@id":"https:\/\/dkn-technology.com\/de\/produkt\/m-460-7-front-stabilizer-cap\/#breadcrumb","itemListElement":[{"@type":"ListItem","position":1,"name":"Home","item":"https:\/\/dkn-technology.com\/de\/"},{"@type":"ListItem","position":2,"name":"Shop","item":"https:\/\/dkn-technology.com\/de\/shop\/"},{"@type":"ListItem","position":3,"name":"M-460 &#8211; #7 &#8211; Front Stabilizer Cap"}]},{"@type":"WebSite","@id":"https:\/\/dkn-technology.com\/#website","url":"https:\/\/dkn-technology.com\/","name":"DKN-Technology","description":"Smart Fitness Solutions","publisher":{"@id":"https:\/\/dkn-technology.com\/#organization"},"potentialAction":[{"@type":"SearchAction","target":{"@type":"EntryPoint","urlTemplate":"https:\/\/dkn-technology.com\/?s={search_term_string}"},"query-input":{"@type":"PropertyValueSpecification","valueRequired":true,"valueName":"search_term_string"}}],"inLanguage":"de"},{"@type":"Organization","@id":"https:\/\/dkn-technology.com\/#organization","name":"DKN-Technology","url":"https:\/\/dkn-technology.com\/","logo":{"@type":"ImageObject","inLanguage":"de","@id":"https:\/\/dkn-technology.com\/#\/schema\/logo\/image\/","url":"https:\/\/dkn-technology.com\/wp-content\/uploads\/2023\/01\/DKN-logo@4x.webp","contentUrl":"https:\/\/dkn-technology.com\/wp-content\/uploads\/2023\/01\/DKN-logo@4x.webp","width":1933,"height":1029,"caption":"DKN-Technology"},"image":{"@id":"https:\/\/dkn-technology.com\/#\/schema\/logo\/image\/"},"sameAs":["https:\/\/www.facebook.com\/dkntechnology\/","https:\/\/instagram.com\/dkntechnology","https:\/\/www.youtube.com\/@DKN-Technology","https:\/\/www.linkedin.com\/company\/dkn-technology-smart-fitness-solutions"]}]}},"_links":{"self":[{"href":"https:\/\/dkn-technology.com\/de\/wp-json\/wp\/v2\/product\/23546","targetHints":{"allow":["GET"]}}],"collection":[{"href":"https:\/\/dkn-technology.com\/de\/wp-json\/wp\/v2\/product"}],"about":[{"href":"https:\/\/dkn-technology.com\/de\/wp-json\/wp\/v2\/types\/product"}],"version-history":[{"count":4,"href":"https:\/\/dkn-technology.com\/de\/wp-json\/wp\/v2\/product\/23546\/revisions"}],"predecessor-version":[{"id":23787,"href":"https:\/\/dkn-technology.com\/de\/wp-json\/wp\/v2\/product\/23546\/revisions\/23787"}],"wp:featuredmedia":[{"embeddable":true,"href":"https:\/\/dkn-technology.com\/de\/wp-json\/wp\/v2\/media\/23343"}],"wp:attachment":[{"href":"https:\/\/dkn-technology.com\/de\/wp-json\/wp\/v2\/media?parent=23546"}],"wp:term":[{"taxonomy":"product_brand","embeddable":true,"href":"https:\/\/dkn-technology.com\/de\/wp-json\/wp\/v2\/product_brand?post=23546"},{"taxonomy":"product_cat","embeddable":true,"href":"https:\/\/dkn-technology.com\/de\/wp-json\/wp\/v2\/product_cat?post=23546"},{"taxonomy":"product_tag","embeddable":true,"href":"https:\/\/dkn-technology.com\/de\/wp-json\/wp\/v2\/product_tag?post=23546"}],"curies":[{"name":"wp","href":"https:\/\/api.w.org\/{rel}","templated":true}]}}