{"id":30643,"date":"2025-07-04T09:48:53","date_gmt":"2025-07-04T07:48:53","guid":{"rendered":"https:\/\/dkn-technology.com\/product\/dkn-6-piece-high-impact-interlocking-floor-protection-mat\/"},"modified":"2025-07-04T10:05:06","modified_gmt":"2025-07-04T08:05:06","slug":"dkn-6-piece-high-impact-interlocking-floor-protection-mat","status":"publish","type":"product","link":"https:\/\/dkn-technology.com\/de\/produkt\/dkn-6-piece-high-impact-interlocking-floor-protection-mat\/","title":{"rendered":"DKN 6 Piece High Impact Interlocking Floor Protection Mat"},"content":{"rendered":"<p data-start=\"1830\" data-end=\"2383\">Zum Schutz von B\u00f6den vor Kratzern, Absch\u00fcrfungen oder anderen Sch\u00e4den, die typischerweise durch sperrige Fitnessger\u00e4te verursacht werden, sind diese DKN-Bodenschutzmatten in einem Set von sechs St\u00fcck erh\u00e4ltlich und lassen sich wie ein Puzzle zusammenf\u00fcgen. Zus\u00e4tzlich zu den sechs Bodenplatten enth\u00e4lt jedes Set gen\u00fcgend Randst\u00fccke, um gerade Kanten rund um die verlegte Matte zu gew\u00e4hrleisten. Diese Bodenmatten bestehen aus strapazierf\u00e4higem, leichtem Gummi und sind 12 mm dick, was zur Schallabsorption beitr\u00e4gt \u2013 ideal unter Ger\u00e4ten wie Laufb\u00e4ndern.<\/p>\n<p data-start=\"2385\" data-end=\"2402\"><strong data-start=\"2385\" data-end=\"2402\">Hauptmerkmale<\/strong><\/p>\n<ul data-start=\"2403\" data-end=\"2656\">\n<li data-start=\"2403\" data-end=\"2433\">\n<p data-start=\"2405\" data-end=\"2433\">Sch\u00fctzt B\u00f6den und Teppiche<\/p>\n<\/li>\n<li data-start=\"2434\" data-end=\"2479\">\n<p data-start=\"2436\" data-end=\"2479\">Wasserdicht f\u00fcr zus\u00e4tzliche Langlebigkeit<\/p>\n<\/li>\n<li data-start=\"2480\" data-end=\"2506\">\n<p data-start=\"2482\" data-end=\"2506\">Rutschfeste Oberfl\u00e4che<\/p>\n<\/li>\n<li data-start=\"2507\" data-end=\"2529\">\n<p data-start=\"2509\" data-end=\"2529\">Leicht zu reinigen<\/p>\n<\/li>\n<li data-start=\"2530\" data-end=\"2547\">\n<p data-start=\"2532\" data-end=\"2547\">Dicke: 1,2 cm<\/p>\n<\/li>\n<li data-start=\"2548\" data-end=\"2588\">\n<p data-start=\"2550\" data-end=\"2588\">Ma\u00dfe (einzelnes Teil): 60 cm x 60 cm<\/p>\n<\/li>\n<li data-start=\"2589\" data-end=\"2621\">\n<p data-start=\"2591\" data-end=\"2621\">Inhalt: 6 St\u00fcck + Randst\u00fccke<\/p>\n<\/li>\n<li data-start=\"2622\" data-end=\"2656\">\n<p data-start=\"2624\" data-end=\"2656\">Gesamtfl\u00e4che: 2,2 Quadratmeter<\/p>\n<\/li>\n<\/ul>\n","protected":false},"excerpt":{"rendered":"<p>Zum Schutz von B\u00f6den vor Kratzern, Absch\u00fcrfungen oder anderen Sch\u00e4den, die typischerweise durch sperrige Fitnessger\u00e4te verursacht werden, sind diese DKN-Bodenschutzmatten in einem Set von sechs St\u00fcck erh\u00e4ltlich und lassen sich wie ein Puzzle zusammenf\u00fcgen. Zus\u00e4tzlich zu den sechs Bodenplatten enth\u00e4lt jedes Set gen\u00fcgend Randst\u00fccke, um gerade Kanten rund um die verlegte Matte zu gew\u00e4hrleisten. Diese [&hellip;]<\/p>\n","protected":false},"featured_media":30777,"template":"","meta":{"_acf_changed":false,"inline_featured_image":false,"_monsterinsights_skip_tracking":false,"_monsterinsights_sitenote_active":false,"_monsterinsights_sitenote_note":"","_monsterinsights_sitenote_category":0},"product_brand":[],"product_cat":[99],"product_tag":[],"class_list":{"0":"post-30643","1":"product","2":"type-product","3":"status-publish","4":"has-post-thumbnail","6":"product_cat-accessoires-de","8":"first","9":"instock","10":"purchasable","11":"product-type-simple"},"acf":[],"yoast_head":"<!-- This site is optimized with the Yoast SEO plugin v27.5 - https:\/\/yoast.com\/product\/yoast-seo-wordpress\/ -->\n<title>DKN 6 Piece High Impact Interlocking Floor Protection Mat - DKN-Technology<\/title>\n<meta name=\"robots\" content=\"index, follow, max-snippet:-1, max-image-preview:large, max-video-preview:-1\" \/>\n<link rel=\"canonical\" href=\"https:\/\/dkn-technology.com\/de\/produkt\/dkn-6-piece-high-impact-interlocking-floor-protection-mat\/\" \/>\n<meta property=\"og:locale\" content=\"de_DE\" \/>\n<meta property=\"og:type\" content=\"article\" \/>\n<meta property=\"og:title\" content=\"DKN 6 Piece High Impact Interlocking Floor Protection Mat - DKN-Technology\" \/>\n<meta property=\"og:description\" content=\"Zum Schutz von B\u00f6den vor Kratzern, Absch\u00fcrfungen oder anderen Sch\u00e4den, die typischerweise durch sperrige Fitnessger\u00e4te verursacht werden, sind diese DKN-Bodenschutzmatten in einem Set von sechs St\u00fcck erh\u00e4ltlich und lassen sich wie ein Puzzle zusammenf\u00fcgen. Zus\u00e4tzlich zu den sechs Bodenplatten enth\u00e4lt jedes Set gen\u00fcgend Randst\u00fccke, um gerade Kanten rund um die verlegte Matte zu gew\u00e4hrleisten. Diese [&hellip;]\" \/>\n<meta property=\"og:url\" content=\"https:\/\/dkn-technology.com\/de\/produkt\/dkn-6-piece-high-impact-interlocking-floor-protection-mat\/\" \/>\n<meta property=\"og:site_name\" content=\"DKN-Technology\" \/>\n<meta property=\"article:publisher\" content=\"https:\/\/www.facebook.com\/dkntechnology\/\" \/>\n<meta property=\"article:modified_time\" content=\"2025-07-04T08:05:06+00:00\" \/>\n<meta name=\"twitter:card\" content=\"summary_large_image\" \/>\n<meta name=\"twitter:label1\" content=\"Gesch\u00e4tzte Lesezeit\" \/>\n\t<meta name=\"twitter:data1\" content=\"1\u00a0Minute\" \/>\n<script type=\"application\/ld+json\" class=\"yoast-schema-graph\">{\"@context\":\"https:\\\/\\\/schema.org\",\"@graph\":[{\"@type\":\"WebPage\",\"@id\":\"https:\\\/\\\/dkn-technology.com\\\/de\\\/produkt\\\/dkn-6-piece-high-impact-interlocking-floor-protection-mat\\\/\",\"url\":\"https:\\\/\\\/dkn-technology.com\\\/de\\\/produkt\\\/dkn-6-piece-high-impact-interlocking-floor-protection-mat\\\/\",\"name\":\"DKN 6 Piece High Impact Interlocking Floor Protection Mat - DKN-Technology\",\"isPartOf\":{\"@id\":\"https:\\\/\\\/dkn-technology.com\\\/#website\"},\"primaryImageOfPage\":{\"@id\":\"https:\\\/\\\/dkn-technology.com\\\/de\\\/produkt\\\/dkn-6-piece-high-impact-interlocking-floor-protection-mat\\\/#primaryimage\"},\"image\":{\"@id\":\"https:\\\/\\\/dkn-technology.com\\\/de\\\/produkt\\\/dkn-6-piece-high-impact-interlocking-floor-protection-mat\\\/#primaryimage\"},\"thumbnailUrl\":\"https:\\\/\\\/dkn-technology.com\\\/wp-content\\\/uploads\\\/2025\\\/07\\\/DKN-POST-LinkdIn-posts-14.png\",\"datePublished\":\"2025-07-04T07:48:53+00:00\",\"dateModified\":\"2025-07-04T08:05:06+00:00\",\"breadcrumb\":{\"@id\":\"https:\\\/\\\/dkn-technology.com\\\/de\\\/produkt\\\/dkn-6-piece-high-impact-interlocking-floor-protection-mat\\\/#breadcrumb\"},\"inLanguage\":\"de\",\"potentialAction\":[{\"@type\":\"ReadAction\",\"target\":[\"https:\\\/\\\/dkn-technology.com\\\/de\\\/produkt\\\/dkn-6-piece-high-impact-interlocking-floor-protection-mat\\\/\"]}]},{\"@type\":\"ImageObject\",\"inLanguage\":\"de\",\"@id\":\"https:\\\/\\\/dkn-technology.com\\\/de\\\/produkt\\\/dkn-6-piece-high-impact-interlocking-floor-protection-mat\\\/#primaryimage\",\"url\":\"https:\\\/\\\/dkn-technology.com\\\/wp-content\\\/uploads\\\/2025\\\/07\\\/DKN-POST-LinkdIn-posts-14.png\",\"contentUrl\":\"https:\\\/\\\/dkn-technology.com\\\/wp-content\\\/uploads\\\/2025\\\/07\\\/DKN-POST-LinkdIn-posts-14.png\",\"width\":1080,\"height\":1080},{\"@type\":\"BreadcrumbList\",\"@id\":\"https:\\\/\\\/dkn-technology.com\\\/de\\\/produkt\\\/dkn-6-piece-high-impact-interlocking-floor-protection-mat\\\/#breadcrumb\",\"itemListElement\":[{\"@type\":\"ListItem\",\"position\":1,\"name\":\"Home\",\"item\":\"https:\\\/\\\/dkn-technology.com\\\/de\\\/\"},{\"@type\":\"ListItem\",\"position\":2,\"name\":\"Shop\",\"item\":\"https:\\\/\\\/dkn-technology.com\\\/de\\\/shop\\\/\"},{\"@type\":\"ListItem\",\"position\":3,\"name\":\"DKN 6 Piece High Impact Interlocking Floor Protection Mat\"}]},{\"@type\":\"WebSite\",\"@id\":\"https:\\\/\\\/dkn-technology.com\\\/#website\",\"url\":\"https:\\\/\\\/dkn-technology.com\\\/\",\"name\":\"DKN-Technology\",\"description\":\"Smart Fitness Solutions\",\"publisher\":{\"@id\":\"https:\\\/\\\/dkn-technology.com\\\/#organization\"},\"potentialAction\":[{\"@type\":\"SearchAction\",\"target\":{\"@type\":\"EntryPoint\",\"urlTemplate\":\"https:\\\/\\\/dkn-technology.com\\\/?s={search_term_string}\"},\"query-input\":{\"@type\":\"PropertyValueSpecification\",\"valueRequired\":true,\"valueName\":\"search_term_string\"}}],\"inLanguage\":\"de\"},{\"@type\":\"Organization\",\"@id\":\"https:\\\/\\\/dkn-technology.com\\\/#organization\",\"name\":\"DKN-Technology\",\"url\":\"https:\\\/\\\/dkn-technology.com\\\/\",\"logo\":{\"@type\":\"ImageObject\",\"inLanguage\":\"de\",\"@id\":\"https:\\\/\\\/dkn-technology.com\\\/#\\\/schema\\\/logo\\\/image\\\/\",\"url\":\"https:\\\/\\\/dkn-technology.com\\\/wp-content\\\/uploads\\\/2023\\\/01\\\/DKN-logo@4x.webp\",\"contentUrl\":\"https:\\\/\\\/dkn-technology.com\\\/wp-content\\\/uploads\\\/2023\\\/01\\\/DKN-logo@4x.webp\",\"width\":1933,\"height\":1029,\"caption\":\"DKN-Technology\"},\"image\":{\"@id\":\"https:\\\/\\\/dkn-technology.com\\\/#\\\/schema\\\/logo\\\/image\\\/\"},\"sameAs\":[\"https:\\\/\\\/www.facebook.com\\\/dkntechnology\\\/\",\"https:\\\/\\\/instagram.com\\\/dkntechnology\",\"https:\\\/\\\/www.youtube.com\\\/@DKN-Technology\",\"https:\\\/\\\/www.linkedin.com\\\/company\\\/dkn-technology-smart-fitness-solutions\"]}]}<\/script>\n<!-- \/ Yoast SEO plugin. -->","yoast_head_json":{"title":"DKN 6 Piece High Impact Interlocking Floor Protection Mat - DKN-Technology","robots":{"index":"index","follow":"follow","max-snippet":"max-snippet:-1","max-image-preview":"max-image-preview:large","max-video-preview":"max-video-preview:-1"},"canonical":"https:\/\/dkn-technology.com\/de\/produkt\/dkn-6-piece-high-impact-interlocking-floor-protection-mat\/","og_locale":"de_DE","og_type":"article","og_title":"DKN 6 Piece High Impact Interlocking Floor Protection Mat - DKN-Technology","og_description":"Zum Schutz von B\u00f6den vor Kratzern, Absch\u00fcrfungen oder anderen Sch\u00e4den, die typischerweise durch sperrige Fitnessger\u00e4te verursacht werden, sind diese DKN-Bodenschutzmatten in einem Set von sechs St\u00fcck erh\u00e4ltlich und lassen sich wie ein Puzzle zusammenf\u00fcgen. Zus\u00e4tzlich zu den sechs Bodenplatten enth\u00e4lt jedes Set gen\u00fcgend Randst\u00fccke, um gerade Kanten rund um die verlegte Matte zu gew\u00e4hrleisten. Diese [&hellip;]","og_url":"https:\/\/dkn-technology.com\/de\/produkt\/dkn-6-piece-high-impact-interlocking-floor-protection-mat\/","og_site_name":"DKN-Technology","article_publisher":"https:\/\/www.facebook.com\/dkntechnology\/","article_modified_time":"2025-07-04T08:05:06+00:00","twitter_card":"summary_large_image","twitter_misc":{"Gesch\u00e4tzte Lesezeit":"1\u00a0Minute"},"schema":{"@context":"https:\/\/schema.org","@graph":[{"@type":"WebPage","@id":"https:\/\/dkn-technology.com\/de\/produkt\/dkn-6-piece-high-impact-interlocking-floor-protection-mat\/","url":"https:\/\/dkn-technology.com\/de\/produkt\/dkn-6-piece-high-impact-interlocking-floor-protection-mat\/","name":"DKN 6 Piece High Impact Interlocking Floor Protection Mat - DKN-Technology","isPartOf":{"@id":"https:\/\/dkn-technology.com\/#website"},"primaryImageOfPage":{"@id":"https:\/\/dkn-technology.com\/de\/produkt\/dkn-6-piece-high-impact-interlocking-floor-protection-mat\/#primaryimage"},"image":{"@id":"https:\/\/dkn-technology.com\/de\/produkt\/dkn-6-piece-high-impact-interlocking-floor-protection-mat\/#primaryimage"},"thumbnailUrl":"https:\/\/dkn-technology.com\/wp-content\/uploads\/2025\/07\/DKN-POST-LinkdIn-posts-14.png","datePublished":"2025-07-04T07:48:53+00:00","dateModified":"2025-07-04T08:05:06+00:00","breadcrumb":{"@id":"https:\/\/dkn-technology.com\/de\/produkt\/dkn-6-piece-high-impact-interlocking-floor-protection-mat\/#breadcrumb"},"inLanguage":"de","potentialAction":[{"@type":"ReadAction","target":["https:\/\/dkn-technology.com\/de\/produkt\/dkn-6-piece-high-impact-interlocking-floor-protection-mat\/"]}]},{"@type":"ImageObject","inLanguage":"de","@id":"https:\/\/dkn-technology.com\/de\/produkt\/dkn-6-piece-high-impact-interlocking-floor-protection-mat\/#primaryimage","url":"https:\/\/dkn-technology.com\/wp-content\/uploads\/2025\/07\/DKN-POST-LinkdIn-posts-14.png","contentUrl":"https:\/\/dkn-technology.com\/wp-content\/uploads\/2025\/07\/DKN-POST-LinkdIn-posts-14.png","width":1080,"height":1080},{"@type":"BreadcrumbList","@id":"https:\/\/dkn-technology.com\/de\/produkt\/dkn-6-piece-high-impact-interlocking-floor-protection-mat\/#breadcrumb","itemListElement":[{"@type":"ListItem","position":1,"name":"Home","item":"https:\/\/dkn-technology.com\/de\/"},{"@type":"ListItem","position":2,"name":"Shop","item":"https:\/\/dkn-technology.com\/de\/shop\/"},{"@type":"ListItem","position":3,"name":"DKN 6 Piece High Impact Interlocking Floor Protection Mat"}]},{"@type":"WebSite","@id":"https:\/\/dkn-technology.com\/#website","url":"https:\/\/dkn-technology.com\/","name":"DKN-Technology","description":"Smart Fitness Solutions","publisher":{"@id":"https:\/\/dkn-technology.com\/#organization"},"potentialAction":[{"@type":"SearchAction","target":{"@type":"EntryPoint","urlTemplate":"https:\/\/dkn-technology.com\/?s={search_term_string}"},"query-input":{"@type":"PropertyValueSpecification","valueRequired":true,"valueName":"search_term_string"}}],"inLanguage":"de"},{"@type":"Organization","@id":"https:\/\/dkn-technology.com\/#organization","name":"DKN-Technology","url":"https:\/\/dkn-technology.com\/","logo":{"@type":"ImageObject","inLanguage":"de","@id":"https:\/\/dkn-technology.com\/#\/schema\/logo\/image\/","url":"https:\/\/dkn-technology.com\/wp-content\/uploads\/2023\/01\/DKN-logo@4x.webp","contentUrl":"https:\/\/dkn-technology.com\/wp-content\/uploads\/2023\/01\/DKN-logo@4x.webp","width":1933,"height":1029,"caption":"DKN-Technology"},"image":{"@id":"https:\/\/dkn-technology.com\/#\/schema\/logo\/image\/"},"sameAs":["https:\/\/www.facebook.com\/dkntechnology\/","https:\/\/instagram.com\/dkntechnology","https:\/\/www.youtube.com\/@DKN-Technology","https:\/\/www.linkedin.com\/company\/dkn-technology-smart-fitness-solutions"]}]}},"_links":{"self":[{"href":"https:\/\/dkn-technology.com\/de\/wp-json\/wp\/v2\/product\/30643","targetHints":{"allow":["GET"]}}],"collection":[{"href":"https:\/\/dkn-technology.com\/de\/wp-json\/wp\/v2\/product"}],"about":[{"href":"https:\/\/dkn-technology.com\/de\/wp-json\/wp\/v2\/types\/product"}],"version-history":[{"count":3,"href":"https:\/\/dkn-technology.com\/de\/wp-json\/wp\/v2\/product\/30643\/revisions"}],"predecessor-version":[{"id":30654,"href":"https:\/\/dkn-technology.com\/de\/wp-json\/wp\/v2\/product\/30643\/revisions\/30654"}],"wp:featuredmedia":[{"embeddable":true,"href":"https:\/\/dkn-technology.com\/de\/wp-json\/wp\/v2\/media\/30777"}],"wp:attachment":[{"href":"https:\/\/dkn-technology.com\/de\/wp-json\/wp\/v2\/media?parent=30643"}],"wp:term":[{"taxonomy":"product_brand","embeddable":true,"href":"https:\/\/dkn-technology.com\/de\/wp-json\/wp\/v2\/product_brand?post=30643"},{"taxonomy":"product_cat","embeddable":true,"href":"https:\/\/dkn-technology.com\/de\/wp-json\/wp\/v2\/product_cat?post=30643"},{"taxonomy":"product_tag","embeddable":true,"href":"https:\/\/dkn-technology.com\/de\/wp-json\/wp\/v2\/product_tag?post=30643"}],"curies":[{"name":"wp","href":"https:\/\/api.w.org\/{rel}","templated":true}]}}