{"id":30705,"date":"2025-07-07T09:38:10","date_gmt":"2025-07-07T07:38:10","guid":{"rendered":"https:\/\/dkn-technology.com\/product\/dkn-6-pairs-a-frame-dumbbell-rack\/"},"modified":"2025-07-07T09:46:40","modified_gmt":"2025-07-07T07:46:40","slug":"dkn-6-pairs-a-frame-dumbbell-rack","status":"publish","type":"product","link":"https:\/\/dkn-technology.com\/de\/produkt\/dkn-6-pairs-a-frame-dumbbell-rack\/","title":{"rendered":"DKN 6 Pairs A-Frame Dumbbell Rack"},"content":{"rendered":"<p data-start=\"1916\" data-end=\"2439\">Das DKN A-Rahmen-Hantelgestell ist eine hervorragende Erg\u00e4nzung f\u00fcr jedes Fitnessstudio und bietet Platz f\u00fcr sechs Paar Gummi-Hex- oder Chromhanteln. Das Aufbewahrungsregal ist \u00e4u\u00dferst stabil und langlebig, gefertigt aus robustem Stahl mit verschraubter Konstruktion. Rutschfeste Gummif\u00fc\u00dfe sorgen f\u00fcr festen Halt und sch\u00fctzen den Boden vor Kratzern. Die platzsparende Form erleichtert das Aufnehmen und Zur\u00fccklegen der Hanteln, w\u00e4hrend die Schutzabdeckungen aus Nylon verhindern, dass Ablagen und Hanteln besch\u00e4digt werden.<\/p>\n<div>\n<div class=\"flex justify-between items-center\">\n<h2 class=\"disclosure__title h5 mb-0\">Hauptmerkmale<\/h2>\n<\/div>\n<\/div>\n<div class=\"disclosure__panel has-motion\">\n<div class=\"disclosure__content rte product-description\">\n<ul>\n<li>Geeignet f\u00fcr die Aufbewahrung von sechs Paar Gummi-Hex- oder Chromhanteln<\/li>\n<li>Langlebige und stabile Stahlkonstruktion<\/li>\n<li>Robuste Verschraubung<\/li>\n<li>Rutschfeste Gummif\u00fc\u00dfe<\/li>\n<li>Nylon-Schutzabdeckungen auf den Hantelablagen<\/li>\n<li>Schwarze Emaille-Beschichtung<\/li>\n<li>Gewicht: 17 kg<\/li>\n<\/ul>\n<\/div>\n<\/div>\n","protected":false},"excerpt":{"rendered":"<p>Das DKN A-Rahmen-Hantelgestell ist eine hervorragende Erg\u00e4nzung f\u00fcr jedes Fitnessstudio und bietet Platz f\u00fcr sechs Paar Gummi-Hex- oder Chromhanteln. Das Aufbewahrungsregal ist \u00e4u\u00dferst stabil und langlebig, gefertigt aus robustem Stahl mit verschraubter Konstruktion. Rutschfeste Gummif\u00fc\u00dfe sorgen f\u00fcr festen Halt und sch\u00fctzen den Boden vor Kratzern. Die platzsparende Form erleichtert das Aufnehmen und Zur\u00fccklegen der Hanteln, [&hellip;]<\/p>\n","protected":false},"featured_media":30700,"template":"","meta":{"_acf_changed":false,"inline_featured_image":false,"_monsterinsights_skip_tracking":false,"_monsterinsights_sitenote_active":false,"_monsterinsights_sitenote_note":"","_monsterinsights_sitenote_category":0},"product_brand":[],"product_cat":[99],"product_tag":[],"class_list":{"0":"post-30705","1":"product","2":"type-product","3":"status-publish","4":"has-post-thumbnail","6":"product_cat-accessoires-de","8":"first","9":"outofstock","10":"taxable","11":"shipping-taxable","12":"purchasable","13":"product-type-simple"},"acf":[],"yoast_head":"<!-- This site is optimized with the Yoast SEO plugin v27.5 - https:\/\/yoast.com\/product\/yoast-seo-wordpress\/ -->\n<title>DKN 6 Pairs A-Frame Dumbbell Rack - DKN-Technology<\/title>\n<meta name=\"robots\" content=\"index, follow, max-snippet:-1, max-image-preview:large, max-video-preview:-1\" \/>\n<link rel=\"canonical\" href=\"https:\/\/dkn-technology.com\/de\/produkt\/dkn-6-pairs-a-frame-dumbbell-rack\/\" \/>\n<meta property=\"og:locale\" content=\"de_DE\" \/>\n<meta property=\"og:type\" content=\"article\" \/>\n<meta property=\"og:title\" content=\"DKN 6 Pairs A-Frame Dumbbell Rack - DKN-Technology\" \/>\n<meta property=\"og:description\" content=\"Das DKN A-Rahmen-Hantelgestell ist eine hervorragende Erg\u00e4nzung f\u00fcr jedes Fitnessstudio und bietet Platz f\u00fcr sechs Paar Gummi-Hex- oder Chromhanteln. Das Aufbewahrungsregal ist \u00e4u\u00dferst stabil und langlebig, gefertigt aus robustem Stahl mit verschraubter Konstruktion. Rutschfeste Gummif\u00fc\u00dfe sorgen f\u00fcr festen Halt und sch\u00fctzen den Boden vor Kratzern. Die platzsparende Form erleichtert das Aufnehmen und Zur\u00fccklegen der Hanteln, [&hellip;]\" \/>\n<meta property=\"og:url\" content=\"https:\/\/dkn-technology.com\/de\/produkt\/dkn-6-pairs-a-frame-dumbbell-rack\/\" \/>\n<meta property=\"og:site_name\" content=\"DKN-Technology\" \/>\n<meta property=\"article:publisher\" content=\"https:\/\/www.facebook.com\/dkntechnology\/\" \/>\n<meta property=\"article:modified_time\" content=\"2025-07-07T07:46:40+00:00\" \/>\n<meta property=\"og:image\" content=\"https:\/\/dkn-technology.com\/wp-content\/uploads\/2025\/07\/DKN-POST-LinkdIn-posts-13.png\" \/>\n\t<meta property=\"og:image:width\" content=\"1080\" \/>\n\t<meta property=\"og:image:height\" content=\"1080\" \/>\n\t<meta property=\"og:image:type\" content=\"image\/png\" \/>\n<meta name=\"twitter:card\" content=\"summary_large_image\" \/>\n<meta name=\"twitter:label1\" content=\"Gesch\u00e4tzte Lesezeit\" \/>\n\t<meta name=\"twitter:data1\" content=\"1\u00a0Minute\" \/>\n<script type=\"application\/ld+json\" class=\"yoast-schema-graph\">{\"@context\":\"https:\\\/\\\/schema.org\",\"@graph\":[{\"@type\":\"WebPage\",\"@id\":\"https:\\\/\\\/dkn-technology.com\\\/de\\\/produkt\\\/dkn-6-pairs-a-frame-dumbbell-rack\\\/\",\"url\":\"https:\\\/\\\/dkn-technology.com\\\/de\\\/produkt\\\/dkn-6-pairs-a-frame-dumbbell-rack\\\/\",\"name\":\"DKN 6 Pairs A-Frame Dumbbell Rack - DKN-Technology\",\"isPartOf\":{\"@id\":\"https:\\\/\\\/dkn-technology.com\\\/#website\"},\"primaryImageOfPage\":{\"@id\":\"https:\\\/\\\/dkn-technology.com\\\/de\\\/produkt\\\/dkn-6-pairs-a-frame-dumbbell-rack\\\/#primaryimage\"},\"image\":{\"@id\":\"https:\\\/\\\/dkn-technology.com\\\/de\\\/produkt\\\/dkn-6-pairs-a-frame-dumbbell-rack\\\/#primaryimage\"},\"thumbnailUrl\":\"https:\\\/\\\/dkn-technology.com\\\/wp-content\\\/uploads\\\/2025\\\/07\\\/DKN-POST-LinkdIn-posts-13.png\",\"datePublished\":\"2025-07-07T07:38:10+00:00\",\"dateModified\":\"2025-07-07T07:46:40+00:00\",\"breadcrumb\":{\"@id\":\"https:\\\/\\\/dkn-technology.com\\\/de\\\/produkt\\\/dkn-6-pairs-a-frame-dumbbell-rack\\\/#breadcrumb\"},\"inLanguage\":\"de\",\"potentialAction\":[{\"@type\":\"ReadAction\",\"target\":[\"https:\\\/\\\/dkn-technology.com\\\/de\\\/produkt\\\/dkn-6-pairs-a-frame-dumbbell-rack\\\/\"]}]},{\"@type\":\"ImageObject\",\"inLanguage\":\"de\",\"@id\":\"https:\\\/\\\/dkn-technology.com\\\/de\\\/produkt\\\/dkn-6-pairs-a-frame-dumbbell-rack\\\/#primaryimage\",\"url\":\"https:\\\/\\\/dkn-technology.com\\\/wp-content\\\/uploads\\\/2025\\\/07\\\/DKN-POST-LinkdIn-posts-13.png\",\"contentUrl\":\"https:\\\/\\\/dkn-technology.com\\\/wp-content\\\/uploads\\\/2025\\\/07\\\/DKN-POST-LinkdIn-posts-13.png\",\"width\":1080,\"height\":1080},{\"@type\":\"BreadcrumbList\",\"@id\":\"https:\\\/\\\/dkn-technology.com\\\/de\\\/produkt\\\/dkn-6-pairs-a-frame-dumbbell-rack\\\/#breadcrumb\",\"itemListElement\":[{\"@type\":\"ListItem\",\"position\":1,\"name\":\"Home\",\"item\":\"https:\\\/\\\/dkn-technology.com\\\/de\\\/\"},{\"@type\":\"ListItem\",\"position\":2,\"name\":\"Shop\",\"item\":\"https:\\\/\\\/dkn-technology.com\\\/de\\\/shop\\\/\"},{\"@type\":\"ListItem\",\"position\":3,\"name\":\"DKN 6 Pairs A-Frame Dumbbell Rack\"}]},{\"@type\":\"WebSite\",\"@id\":\"https:\\\/\\\/dkn-technology.com\\\/#website\",\"url\":\"https:\\\/\\\/dkn-technology.com\\\/\",\"name\":\"DKN-Technology\",\"description\":\"Smart Fitness Solutions\",\"publisher\":{\"@id\":\"https:\\\/\\\/dkn-technology.com\\\/#organization\"},\"potentialAction\":[{\"@type\":\"SearchAction\",\"target\":{\"@type\":\"EntryPoint\",\"urlTemplate\":\"https:\\\/\\\/dkn-technology.com\\\/?s={search_term_string}\"},\"query-input\":{\"@type\":\"PropertyValueSpecification\",\"valueRequired\":true,\"valueName\":\"search_term_string\"}}],\"inLanguage\":\"de\"},{\"@type\":\"Organization\",\"@id\":\"https:\\\/\\\/dkn-technology.com\\\/#organization\",\"name\":\"DKN-Technology\",\"url\":\"https:\\\/\\\/dkn-technology.com\\\/\",\"logo\":{\"@type\":\"ImageObject\",\"inLanguage\":\"de\",\"@id\":\"https:\\\/\\\/dkn-technology.com\\\/#\\\/schema\\\/logo\\\/image\\\/\",\"url\":\"https:\\\/\\\/dkn-technology.com\\\/wp-content\\\/uploads\\\/2023\\\/01\\\/DKN-logo@4x.webp\",\"contentUrl\":\"https:\\\/\\\/dkn-technology.com\\\/wp-content\\\/uploads\\\/2023\\\/01\\\/DKN-logo@4x.webp\",\"width\":1933,\"height\":1029,\"caption\":\"DKN-Technology\"},\"image\":{\"@id\":\"https:\\\/\\\/dkn-technology.com\\\/#\\\/schema\\\/logo\\\/image\\\/\"},\"sameAs\":[\"https:\\\/\\\/www.facebook.com\\\/dkntechnology\\\/\",\"https:\\\/\\\/instagram.com\\\/dkntechnology\",\"https:\\\/\\\/www.youtube.com\\\/@DKN-Technology\",\"https:\\\/\\\/www.linkedin.com\\\/company\\\/dkn-technology-smart-fitness-solutions\"]}]}<\/script>\n<!-- \/ Yoast SEO plugin. -->","yoast_head_json":{"title":"DKN 6 Pairs A-Frame Dumbbell Rack - DKN-Technology","robots":{"index":"index","follow":"follow","max-snippet":"max-snippet:-1","max-image-preview":"max-image-preview:large","max-video-preview":"max-video-preview:-1"},"canonical":"https:\/\/dkn-technology.com\/de\/produkt\/dkn-6-pairs-a-frame-dumbbell-rack\/","og_locale":"de_DE","og_type":"article","og_title":"DKN 6 Pairs A-Frame Dumbbell Rack - DKN-Technology","og_description":"Das DKN A-Rahmen-Hantelgestell ist eine hervorragende Erg\u00e4nzung f\u00fcr jedes Fitnessstudio und bietet Platz f\u00fcr sechs Paar Gummi-Hex- oder Chromhanteln. Das Aufbewahrungsregal ist \u00e4u\u00dferst stabil und langlebig, gefertigt aus robustem Stahl mit verschraubter Konstruktion. Rutschfeste Gummif\u00fc\u00dfe sorgen f\u00fcr festen Halt und sch\u00fctzen den Boden vor Kratzern. Die platzsparende Form erleichtert das Aufnehmen und Zur\u00fccklegen der Hanteln, [&hellip;]","og_url":"https:\/\/dkn-technology.com\/de\/produkt\/dkn-6-pairs-a-frame-dumbbell-rack\/","og_site_name":"DKN-Technology","article_publisher":"https:\/\/www.facebook.com\/dkntechnology\/","article_modified_time":"2025-07-07T07:46:40+00:00","og_image":[{"width":1080,"height":1080,"url":"https:\/\/dkn-technology.com\/wp-content\/uploads\/2025\/07\/DKN-POST-LinkdIn-posts-13.png","type":"image\/png"}],"twitter_card":"summary_large_image","twitter_misc":{"Gesch\u00e4tzte Lesezeit":"1\u00a0Minute"},"schema":{"@context":"https:\/\/schema.org","@graph":[{"@type":"WebPage","@id":"https:\/\/dkn-technology.com\/de\/produkt\/dkn-6-pairs-a-frame-dumbbell-rack\/","url":"https:\/\/dkn-technology.com\/de\/produkt\/dkn-6-pairs-a-frame-dumbbell-rack\/","name":"DKN 6 Pairs A-Frame Dumbbell Rack - DKN-Technology","isPartOf":{"@id":"https:\/\/dkn-technology.com\/#website"},"primaryImageOfPage":{"@id":"https:\/\/dkn-technology.com\/de\/produkt\/dkn-6-pairs-a-frame-dumbbell-rack\/#primaryimage"},"image":{"@id":"https:\/\/dkn-technology.com\/de\/produkt\/dkn-6-pairs-a-frame-dumbbell-rack\/#primaryimage"},"thumbnailUrl":"https:\/\/dkn-technology.com\/wp-content\/uploads\/2025\/07\/DKN-POST-LinkdIn-posts-13.png","datePublished":"2025-07-07T07:38:10+00:00","dateModified":"2025-07-07T07:46:40+00:00","breadcrumb":{"@id":"https:\/\/dkn-technology.com\/de\/produkt\/dkn-6-pairs-a-frame-dumbbell-rack\/#breadcrumb"},"inLanguage":"de","potentialAction":[{"@type":"ReadAction","target":["https:\/\/dkn-technology.com\/de\/produkt\/dkn-6-pairs-a-frame-dumbbell-rack\/"]}]},{"@type":"ImageObject","inLanguage":"de","@id":"https:\/\/dkn-technology.com\/de\/produkt\/dkn-6-pairs-a-frame-dumbbell-rack\/#primaryimage","url":"https:\/\/dkn-technology.com\/wp-content\/uploads\/2025\/07\/DKN-POST-LinkdIn-posts-13.png","contentUrl":"https:\/\/dkn-technology.com\/wp-content\/uploads\/2025\/07\/DKN-POST-LinkdIn-posts-13.png","width":1080,"height":1080},{"@type":"BreadcrumbList","@id":"https:\/\/dkn-technology.com\/de\/produkt\/dkn-6-pairs-a-frame-dumbbell-rack\/#breadcrumb","itemListElement":[{"@type":"ListItem","position":1,"name":"Home","item":"https:\/\/dkn-technology.com\/de\/"},{"@type":"ListItem","position":2,"name":"Shop","item":"https:\/\/dkn-technology.com\/de\/shop\/"},{"@type":"ListItem","position":3,"name":"DKN 6 Pairs A-Frame Dumbbell Rack"}]},{"@type":"WebSite","@id":"https:\/\/dkn-technology.com\/#website","url":"https:\/\/dkn-technology.com\/","name":"DKN-Technology","description":"Smart Fitness Solutions","publisher":{"@id":"https:\/\/dkn-technology.com\/#organization"},"potentialAction":[{"@type":"SearchAction","target":{"@type":"EntryPoint","urlTemplate":"https:\/\/dkn-technology.com\/?s={search_term_string}"},"query-input":{"@type":"PropertyValueSpecification","valueRequired":true,"valueName":"search_term_string"}}],"inLanguage":"de"},{"@type":"Organization","@id":"https:\/\/dkn-technology.com\/#organization","name":"DKN-Technology","url":"https:\/\/dkn-technology.com\/","logo":{"@type":"ImageObject","inLanguage":"de","@id":"https:\/\/dkn-technology.com\/#\/schema\/logo\/image\/","url":"https:\/\/dkn-technology.com\/wp-content\/uploads\/2023\/01\/DKN-logo@4x.webp","contentUrl":"https:\/\/dkn-technology.com\/wp-content\/uploads\/2023\/01\/DKN-logo@4x.webp","width":1933,"height":1029,"caption":"DKN-Technology"},"image":{"@id":"https:\/\/dkn-technology.com\/#\/schema\/logo\/image\/"},"sameAs":["https:\/\/www.facebook.com\/dkntechnology\/","https:\/\/instagram.com\/dkntechnology","https:\/\/www.youtube.com\/@DKN-Technology","https:\/\/www.linkedin.com\/company\/dkn-technology-smart-fitness-solutions"]}]}},"_links":{"self":[{"href":"https:\/\/dkn-technology.com\/de\/wp-json\/wp\/v2\/product\/30705","targetHints":{"allow":["GET"]}}],"collection":[{"href":"https:\/\/dkn-technology.com\/de\/wp-json\/wp\/v2\/product"}],"about":[{"href":"https:\/\/dkn-technology.com\/de\/wp-json\/wp\/v2\/types\/product"}],"version-history":[{"count":3,"href":"https:\/\/dkn-technology.com\/de\/wp-json\/wp\/v2\/product\/30705\/revisions"}],"predecessor-version":[{"id":30716,"href":"https:\/\/dkn-technology.com\/de\/wp-json\/wp\/v2\/product\/30705\/revisions\/30716"}],"wp:featuredmedia":[{"embeddable":true,"href":"https:\/\/dkn-technology.com\/de\/wp-json\/wp\/v2\/media\/30700"}],"wp:attachment":[{"href":"https:\/\/dkn-technology.com\/de\/wp-json\/wp\/v2\/media?parent=30705"}],"wp:term":[{"taxonomy":"product_brand","embeddable":true,"href":"https:\/\/dkn-technology.com\/de\/wp-json\/wp\/v2\/product_brand?post=30705"},{"taxonomy":"product_cat","embeddable":true,"href":"https:\/\/dkn-technology.com\/de\/wp-json\/wp\/v2\/product_cat?post=30705"},{"taxonomy":"product_tag","embeddable":true,"href":"https:\/\/dkn-technology.com\/de\/wp-json\/wp\/v2\/product_tag?post=30705"}],"curies":[{"name":"wp","href":"https:\/\/api.w.org\/{rel}","templated":true}]}}