{"id":30849,"date":"2025-08-21T13:33:35","date_gmt":"2025-08-21T11:33:35","guid":{"rendered":"https:\/\/dkn-technology.com\/?post_type=product&#038;p=30849"},"modified":"2025-09-23T15:14:46","modified_gmt":"2025-09-23T13:14:46","slug":"ar-pro","status":"publish","type":"product","link":"https:\/\/dkn-technology.com\/de\/produkt\/ar-pro\/","title":{"rendered":"AR Pro"},"content":{"rendered":"<p data-start=\"50\" data-end=\"107\"><strong data-start=\"50\" data-end=\"105\">DKN AR Pro \u2013 Erleben Sie die Kraft des Luft-Ruderns<\/strong><\/p>\n<p data-start=\"109\" data-end=\"499\">Das <strong data-start=\"113\" data-end=\"138\">DKN AR Pro Ruderger\u00e4t<\/strong> ist eine vielseitige und langlebige Wahl f\u00fcr CrossFit, HYROX und das Heimtraining. Es bietet ein anspruchsvolles, aber dennoch f\u00fcr alle zug\u00e4ngliches Ganzk\u00f6rpertraining. Mit einem robusten Stahlrahmen, einer Aluminiumschiene mit Edelstahlabdeckung und einer geschmeidigen, vernickelten Kette garantiert es eine lange Lebensdauer und gleichm\u00e4\u00dfige Ruderschl\u00e4ge.<\/p>\n<p data-start=\"501\" data-end=\"912\">Das fortschrittliche Antriebssystem, bestehend aus L\u00fcfter, Schwungrad, Kette und Elastikseil, bietet <strong data-start=\"602\" data-end=\"639\">10 einstellbare Widerstandsstufen<\/strong>, sodass Sie jedes Training individuell an Ihre Fitnessziele und Intensit\u00e4tsvorlieben anpassen k\u00f6nnen. Der ergonomische PU-Sitz und der komfortabel gestaltete Griff erh\u00f6hen zus\u00e4tzlich den Trainingskomfort und sorgen f\u00fcr fl\u00fcssige, gleichm\u00e4\u00dfige Bewegungen bei jedem Schlag.<\/p>\n<p data-start=\"914\" data-end=\"1276\">Die benutzerfreundliche Konsole verfolgt wichtige Trainingsdaten wie Zeit, Distanz, Kalorien, Schl\u00e4ge und mehr \u2013 damit Sie Ihre Fortschritte im Blick behalten und motiviert bleiben. Kompakt und platzsparend l\u00e4sst sich das AR Pro bei Nichtgebrauch einfach verstauen und ist damit ideal sowohl f\u00fcr den Heimgebrauch als auch f\u00fcr den professionellen Studioeinsatz.<\/p>\n<p data-start=\"1278\" data-end=\"1439\">Mit seiner Kombination aus <strong data-start=\"1305\" data-end=\"1372\">Langlebigkeit, Vielseitigkeit und effektivem Ganzk\u00f6rpertraining<\/strong> setzt das DKN AR Pro einen neuen Ma\u00dfstab unter den Ruderger\u00e4ten.<\/p>\n","protected":false},"excerpt":{"rendered":"<p>Effizienter Luftwiderstand \u2013 Dynamisches Training \u2013 Schlankes &amp; langlebiges Design \u2013 Vielseitiges Ganzk\u00f6rpertraining \u2013 Pr\u00e4zises Leistungstracking<\/p>\n","protected":false},"featured_media":31383,"template":"","meta":{"_acf_changed":false,"inline_featured_image":false,"_monsterinsights_skip_tracking":false,"_monsterinsights_sitenote_active":false,"_monsterinsights_sitenote_note":"","_monsterinsights_sitenote_category":0},"product_brand":[],"product_cat":[90],"product_tag":[],"class_list":{"0":"post-30849","1":"product","2":"type-product","3":"status-publish","4":"has-post-thumbnail","6":"product_cat-rudertrainer","7":"product_shipping_class-bis-150-kg","9":"first","10":"instock","11":"taxable","12":"shipping-taxable","13":"purchasable","14":"product-type-variable"},"acf":[],"yoast_head":"<!-- This site is optimized with the Yoast SEO plugin v27.3 - https:\/\/yoast.com\/product\/yoast-seo-wordpress\/ -->\n<title>AR Pro - DKN-Technology<\/title>\n<meta name=\"robots\" content=\"index, follow, max-snippet:-1, max-image-preview:large, max-video-preview:-1\" \/>\n<link rel=\"canonical\" href=\"https:\/\/dkn-technology.com\/nl\/produkt\/ar-pro\/\" \/>\n<meta property=\"og:locale\" content=\"de_DE\" \/>\n<meta property=\"og:type\" content=\"article\" \/>\n<meta property=\"og:title\" content=\"AR Pro - DKN-Technology\" \/>\n<meta property=\"og:description\" content=\"Effizienter Luftwiderstand \u2013 Dynamisches Training \u2013 Schlankes &amp; langlebiges Design \u2013 Vielseitiges Ganzk\u00f6rpertraining \u2013 Pr\u00e4zises Leistungstracking\" \/>\n<meta property=\"og:url\" content=\"https:\/\/dkn-technology.com\/nl\/produkt\/ar-pro\/\" \/>\n<meta property=\"og:site_name\" content=\"DKN-Technology\" \/>\n<meta property=\"article:publisher\" content=\"https:\/\/www.facebook.com\/dkntechnology\/\" \/>\n<meta property=\"article:modified_time\" content=\"2025-09-23T13:14:46+00:00\" \/>\n<meta property=\"og:image\" content=\"https:\/\/dkn-technology.com\/wp-content\/uploads\/2025\/08\/DKN-WEBSITE-PICTURES-FORMAT-2.png\" \/>\n\t<meta property=\"og:image:width\" content=\"1080\" \/>\n\t<meta property=\"og:image:height\" content=\"1080\" \/>\n\t<meta property=\"og:image:type\" content=\"image\/png\" \/>\n<meta name=\"twitter:card\" content=\"summary_large_image\" \/>\n<meta name=\"twitter:label1\" content=\"Gesch\u00e4tzte Lesezeit\" \/>\n\t<meta name=\"twitter:data1\" content=\"1\u00a0Minute\" \/>\n<script type=\"application\/ld+json\" class=\"yoast-schema-graph\">{\"@context\":\"https:\\\/\\\/schema.org\",\"@graph\":[{\"@type\":\"WebPage\",\"@id\":\"https:\\\/\\\/dkn-technology.com\\\/nl\\\/produkt\\\/ar-pro\\\/\",\"url\":\"https:\\\/\\\/dkn-technology.com\\\/nl\\\/produkt\\\/ar-pro\\\/\",\"name\":\"AR Pro - DKN-Technology\",\"isPartOf\":{\"@id\":\"https:\\\/\\\/dkn-technology.com\\\/#website\"},\"primaryImageOfPage\":{\"@id\":\"https:\\\/\\\/dkn-technology.com\\\/nl\\\/produkt\\\/ar-pro\\\/#primaryimage\"},\"image\":{\"@id\":\"https:\\\/\\\/dkn-technology.com\\\/nl\\\/produkt\\\/ar-pro\\\/#primaryimage\"},\"thumbnailUrl\":\"https:\\\/\\\/dkn-technology.com\\\/wp-content\\\/uploads\\\/2025\\\/08\\\/DKN-WEBSITE-PICTURES-FORMAT-2.png\",\"datePublished\":\"2025-08-21T11:33:35+00:00\",\"dateModified\":\"2025-09-23T13:14:46+00:00\",\"breadcrumb\":{\"@id\":\"https:\\\/\\\/dkn-technology.com\\\/nl\\\/produkt\\\/ar-pro\\\/#breadcrumb\"},\"inLanguage\":\"de\",\"potentialAction\":[{\"@type\":\"ReadAction\",\"target\":[\"https:\\\/\\\/dkn-technology.com\\\/nl\\\/produkt\\\/ar-pro\\\/\"]}]},{\"@type\":\"ImageObject\",\"inLanguage\":\"de\",\"@id\":\"https:\\\/\\\/dkn-technology.com\\\/nl\\\/produkt\\\/ar-pro\\\/#primaryimage\",\"url\":\"https:\\\/\\\/dkn-technology.com\\\/wp-content\\\/uploads\\\/2025\\\/08\\\/DKN-WEBSITE-PICTURES-FORMAT-2.png\",\"contentUrl\":\"https:\\\/\\\/dkn-technology.com\\\/wp-content\\\/uploads\\\/2025\\\/08\\\/DKN-WEBSITE-PICTURES-FORMAT-2.png\",\"width\":1080,\"height\":1080},{\"@type\":\"BreadcrumbList\",\"@id\":\"https:\\\/\\\/dkn-technology.com\\\/nl\\\/produkt\\\/ar-pro\\\/#breadcrumb\",\"itemListElement\":[{\"@type\":\"ListItem\",\"position\":1,\"name\":\"Home\",\"item\":\"https:\\\/\\\/dkn-technology.com\\\/de\\\/\"},{\"@type\":\"ListItem\",\"position\":2,\"name\":\"Shop\",\"item\":\"https:\\\/\\\/dkn-technology.com\\\/de\\\/shop\\\/\"},{\"@type\":\"ListItem\",\"position\":3,\"name\":\"AR Pro\"}]},{\"@type\":\"WebSite\",\"@id\":\"https:\\\/\\\/dkn-technology.com\\\/#website\",\"url\":\"https:\\\/\\\/dkn-technology.com\\\/\",\"name\":\"DKN-Technology\",\"description\":\"Smart Fitness Solutions\",\"publisher\":{\"@id\":\"https:\\\/\\\/dkn-technology.com\\\/#organization\"},\"potentialAction\":[{\"@type\":\"SearchAction\",\"target\":{\"@type\":\"EntryPoint\",\"urlTemplate\":\"https:\\\/\\\/dkn-technology.com\\\/?s={search_term_string}\"},\"query-input\":{\"@type\":\"PropertyValueSpecification\",\"valueRequired\":true,\"valueName\":\"search_term_string\"}}],\"inLanguage\":\"de\"},{\"@type\":\"Organization\",\"@id\":\"https:\\\/\\\/dkn-technology.com\\\/#organization\",\"name\":\"DKN-Technology\",\"url\":\"https:\\\/\\\/dkn-technology.com\\\/\",\"logo\":{\"@type\":\"ImageObject\",\"inLanguage\":\"de\",\"@id\":\"https:\\\/\\\/dkn-technology.com\\\/#\\\/schema\\\/logo\\\/image\\\/\",\"url\":\"https:\\\/\\\/dkn-technology.com\\\/wp-content\\\/uploads\\\/2023\\\/01\\\/DKN-logo@4x.webp\",\"contentUrl\":\"https:\\\/\\\/dkn-technology.com\\\/wp-content\\\/uploads\\\/2023\\\/01\\\/DKN-logo@4x.webp\",\"width\":1933,\"height\":1029,\"caption\":\"DKN-Technology\"},\"image\":{\"@id\":\"https:\\\/\\\/dkn-technology.com\\\/#\\\/schema\\\/logo\\\/image\\\/\"},\"sameAs\":[\"https:\\\/\\\/www.facebook.com\\\/dkntechnology\\\/\",\"https:\\\/\\\/instagram.com\\\/dkntechnology\",\"https:\\\/\\\/www.youtube.com\\\/@DKN-Technology\",\"https:\\\/\\\/www.linkedin.com\\\/company\\\/dkn-technology-smart-fitness-solutions\"]}]}<\/script>\n<!-- \/ Yoast SEO plugin. -->","yoast_head_json":{"title":"AR Pro - DKN-Technology","robots":{"index":"index","follow":"follow","max-snippet":"max-snippet:-1","max-image-preview":"max-image-preview:large","max-video-preview":"max-video-preview:-1"},"canonical":"https:\/\/dkn-technology.com\/nl\/produkt\/ar-pro\/","og_locale":"de_DE","og_type":"article","og_title":"AR Pro - DKN-Technology","og_description":"Effizienter Luftwiderstand \u2013 Dynamisches Training \u2013 Schlankes &amp; langlebiges Design \u2013 Vielseitiges Ganzk\u00f6rpertraining \u2013 Pr\u00e4zises Leistungstracking","og_url":"https:\/\/dkn-technology.com\/nl\/produkt\/ar-pro\/","og_site_name":"DKN-Technology","article_publisher":"https:\/\/www.facebook.com\/dkntechnology\/","article_modified_time":"2025-09-23T13:14:46+00:00","og_image":[{"width":1080,"height":1080,"url":"https:\/\/dkn-technology.com\/wp-content\/uploads\/2025\/08\/DKN-WEBSITE-PICTURES-FORMAT-2.png","type":"image\/png"}],"twitter_card":"summary_large_image","twitter_misc":{"Gesch\u00e4tzte Lesezeit":"1\u00a0Minute"},"schema":{"@context":"https:\/\/schema.org","@graph":[{"@type":"WebPage","@id":"https:\/\/dkn-technology.com\/nl\/produkt\/ar-pro\/","url":"https:\/\/dkn-technology.com\/nl\/produkt\/ar-pro\/","name":"AR Pro - DKN-Technology","isPartOf":{"@id":"https:\/\/dkn-technology.com\/#website"},"primaryImageOfPage":{"@id":"https:\/\/dkn-technology.com\/nl\/produkt\/ar-pro\/#primaryimage"},"image":{"@id":"https:\/\/dkn-technology.com\/nl\/produkt\/ar-pro\/#primaryimage"},"thumbnailUrl":"https:\/\/dkn-technology.com\/wp-content\/uploads\/2025\/08\/DKN-WEBSITE-PICTURES-FORMAT-2.png","datePublished":"2025-08-21T11:33:35+00:00","dateModified":"2025-09-23T13:14:46+00:00","breadcrumb":{"@id":"https:\/\/dkn-technology.com\/nl\/produkt\/ar-pro\/#breadcrumb"},"inLanguage":"de","potentialAction":[{"@type":"ReadAction","target":["https:\/\/dkn-technology.com\/nl\/produkt\/ar-pro\/"]}]},{"@type":"ImageObject","inLanguage":"de","@id":"https:\/\/dkn-technology.com\/nl\/produkt\/ar-pro\/#primaryimage","url":"https:\/\/dkn-technology.com\/wp-content\/uploads\/2025\/08\/DKN-WEBSITE-PICTURES-FORMAT-2.png","contentUrl":"https:\/\/dkn-technology.com\/wp-content\/uploads\/2025\/08\/DKN-WEBSITE-PICTURES-FORMAT-2.png","width":1080,"height":1080},{"@type":"BreadcrumbList","@id":"https:\/\/dkn-technology.com\/nl\/produkt\/ar-pro\/#breadcrumb","itemListElement":[{"@type":"ListItem","position":1,"name":"Home","item":"https:\/\/dkn-technology.com\/de\/"},{"@type":"ListItem","position":2,"name":"Shop","item":"https:\/\/dkn-technology.com\/de\/shop\/"},{"@type":"ListItem","position":3,"name":"AR Pro"}]},{"@type":"WebSite","@id":"https:\/\/dkn-technology.com\/#website","url":"https:\/\/dkn-technology.com\/","name":"DKN-Technology","description":"Smart Fitness Solutions","publisher":{"@id":"https:\/\/dkn-technology.com\/#organization"},"potentialAction":[{"@type":"SearchAction","target":{"@type":"EntryPoint","urlTemplate":"https:\/\/dkn-technology.com\/?s={search_term_string}"},"query-input":{"@type":"PropertyValueSpecification","valueRequired":true,"valueName":"search_term_string"}}],"inLanguage":"de"},{"@type":"Organization","@id":"https:\/\/dkn-technology.com\/#organization","name":"DKN-Technology","url":"https:\/\/dkn-technology.com\/","logo":{"@type":"ImageObject","inLanguage":"de","@id":"https:\/\/dkn-technology.com\/#\/schema\/logo\/image\/","url":"https:\/\/dkn-technology.com\/wp-content\/uploads\/2023\/01\/DKN-logo@4x.webp","contentUrl":"https:\/\/dkn-technology.com\/wp-content\/uploads\/2023\/01\/DKN-logo@4x.webp","width":1933,"height":1029,"caption":"DKN-Technology"},"image":{"@id":"https:\/\/dkn-technology.com\/#\/schema\/logo\/image\/"},"sameAs":["https:\/\/www.facebook.com\/dkntechnology\/","https:\/\/instagram.com\/dkntechnology","https:\/\/www.youtube.com\/@DKN-Technology","https:\/\/www.linkedin.com\/company\/dkn-technology-smart-fitness-solutions"]}]}},"_links":{"self":[{"href":"https:\/\/dkn-technology.com\/de\/wp-json\/wp\/v2\/product\/30849","targetHints":{"allow":["GET"]}}],"collection":[{"href":"https:\/\/dkn-technology.com\/de\/wp-json\/wp\/v2\/product"}],"about":[{"href":"https:\/\/dkn-technology.com\/de\/wp-json\/wp\/v2\/types\/product"}],"version-history":[{"count":5,"href":"https:\/\/dkn-technology.com\/de\/wp-json\/wp\/v2\/product\/30849\/revisions"}],"predecessor-version":[{"id":31665,"href":"https:\/\/dkn-technology.com\/de\/wp-json\/wp\/v2\/product\/30849\/revisions\/31665"}],"wp:featuredmedia":[{"embeddable":true,"href":"https:\/\/dkn-technology.com\/de\/wp-json\/wp\/v2\/media\/31383"}],"wp:attachment":[{"href":"https:\/\/dkn-technology.com\/de\/wp-json\/wp\/v2\/media?parent=30849"}],"wp:term":[{"taxonomy":"product_brand","embeddable":true,"href":"https:\/\/dkn-technology.com\/de\/wp-json\/wp\/v2\/product_brand?post=30849"},{"taxonomy":"product_cat","embeddable":true,"href":"https:\/\/dkn-technology.com\/de\/wp-json\/wp\/v2\/product_cat?post=30849"},{"taxonomy":"product_tag","embeddable":true,"href":"https:\/\/dkn-technology.com\/de\/wp-json\/wp\/v2\/product_tag?post=30849"}],"curies":[{"name":"wp","href":"https:\/\/api.w.org\/{rel}","templated":true}]}}