{"id":30928,"date":"2025-08-22T10:48:56","date_gmt":"2025-08-22T08:48:56","guid":{"rendered":"https:\/\/dkn-technology.com\/?post_type=product&#038;p=30928"},"modified":"2026-01-15T11:23:20","modified_gmt":"2026-01-15T09:23:20","slug":"xc-310i","status":"publish","type":"product","link":"https:\/\/dkn-technology.com\/de\/produkt\/xc-310i\/","title":{"rendered":"XC-310i"},"content":{"rendered":"<p data-start=\"3173\" data-end=\"3252\"><strong data-start=\"3192\" data-end=\"3250\">XC-310 \u2013 Sanftes, Effektives und Komfortables Training<\/strong><\/p>\n<p data-start=\"3254\" data-end=\"3584\">Der XC-310 Crosstrainer ist darauf ausgelegt, <strong data-start=\"3300\" data-end=\"3333\">sanfte, nat\u00fcrliche Bewegungen<\/strong> zu liefern, die die Gelenke schonen, sodass Sie komfortabel bleiben und l\u00e4nger motiviert trainieren k\u00f6nnen f\u00fcr effektivere Workouts. Mit einem maximalen Benutzergewicht von 150 kg ist er f\u00fcr eine breite Nutzergruppe sicher und zuverl\u00e4ssig geeignet.<\/p>\n<p data-start=\"3586\" data-end=\"4030\">Ausgestattet mit einer <strong data-start=\"3609\" data-end=\"3659\">32-stufigen automatischen Widerstandskontrolle<\/strong> und einem <strong data-start=\"3670\" data-end=\"3713\">10-kg-Schwungrad mit Zwei-Wege-Funktion<\/strong>, bietet der XC-310 einstellbaren Widerstand, der Ihrem Trainingsniveau und Ihren Zielen entspricht. Mit einer <strong data-start=\"3824\" data-end=\"3851\">Schrittl\u00e4nge von 460 mm<\/strong> und einer <strong data-start=\"3862\" data-end=\"3900\">20-stufigen motorisierten Steigung<\/strong> sind vielseitige Workouts m\u00f6glich, die mehrere Muskelgruppen trainieren und nat\u00fcrliche Lauf- oder Kletterbewegungen simulieren.<\/p>\n<p data-start=\"4032\" data-end=\"4422\">Das Display zeigt <strong data-start=\"4050\" data-end=\"4162\">Zeit, Geschwindigkeit, Distanz, Widerstandsstufe, Steigung, RPM, Kalorien, Puls, Watt-Ausgabe und K\u00f6rperfett<\/strong>, und verf\u00fcgt \u00fcber einen <strong data-start=\"4187\" data-end=\"4208\">USB-Ladeanschluss<\/strong>, um Ihre Ger\u00e4te w\u00e4hrend des Trainings aufzuladen. Zus\u00e4tzliche Features wie <strong data-start=\"4284\" data-end=\"4366\">dauerhafte, ruhige Rollen, \u00fcberdimensionierte Pedale und gro\u00dfe Transportrollen<\/strong> machen den XC-310 komfortabel und einfach zu bewegen.<\/p>\n<p data-start=\"4424\" data-end=\"4691\">Mit den Produktma\u00dfen <strong data-start=\"4445\" data-end=\"4466\">189 \u00d7 56 \u00d7 161 cm<\/strong> ist der XC-310 robust, aber dennoch handlich f\u00fcr Zuhause oder professionelle Fitnessumgebungen. Die Kombination aus Langlebigkeit, Komfort und Leistung sorgt jedes Mal f\u00fcr ein effizientes, gelenkschonendes Cardio-Training.<\/p>\n","protected":false},"excerpt":{"rendered":"<div class=\"elementor-element elementor-element-06f08dd elementor-widget elementor-widget-woocommerce-product-short-description\" data-id=\"06f08dd\" data-element_type=\"widget\" data-widget_type=\"woocommerce-product-short-description.default\">\n<div class=\"elementor-widget-container\">\n<div class=\"woocommerce-product-details__short-description\">\n<article class=\"text-token-text-primary w-full focus:outline-none scroll-mt-[calc(var(--header-height)+min(200px,max(70px,20svh)))]\" dir=\"auto\" tabindex=\"-1\" data-turn-id=\"request-68a6eedf-1da0-832f-b0e9-ac0ccd332132-60\" data-testid=\"conversation-turn-122\" data-scroll-anchor=\"true\" data-turn=\"assistant\">\n<div class=\"text-base my-auto mx-auto pb-10 [--thread-content-margin:--spacing(4)] @[37rem]:[--thread-content-margin:--spacing(6)] @[72rem]:[--thread-content-margin:--spacing(16)] px-(--thread-content-margin)\">\n<div class=\"[--thread-content-max-width:32rem] @[34rem]:[--thread-content-max-width:40rem] @[64rem]:[--thread-content-max-width:48rem] mx-auto max-w-(--thread-content-max-width) flex-1 group\/turn-messages focus-visible:outline-hidden relative flex w-full min-w-0 flex-col agent-turn\" tabindex=\"-1\">\n<div class=\"flex max-w-full flex-col grow\">\n<div class=\"min-h-8 text-message relative flex w-full flex-col items-end gap-2 text-start break-words whitespace-normal [.text-message+&amp;]:mt-5\" dir=\"auto\" data-message-author-role=\"assistant\" data-message-id=\"a52b9c70-8610-408e-9f28-a98b9c45c02f\" data-message-model-slug=\"gpt-5-mini\">\n<div class=\"flex w-full flex-col gap-1 empty:hidden first:pt-[3px]\">\n<div class=\"markdown prose dark:prose-invert w-full break-words light markdown-new-styling\">\n<p data-start=\"412\" data-end=\"553\" data-is-last-node=\"\" data-is-only-node=\"\">Sanfte, nat\u00fcrliche Bewegung \u2013 Ganzk\u00f6rpertraining \u2013 Keine Gelenkbelastung \u2013 Gro\u00dfe Transportrollen<\/p>\n<\/div>\n<\/div>\n<\/div>\n<\/div>\n<\/div>\n<\/div>\n<\/article>\n<\/div>\n<\/div>\n<\/div>\n","protected":false},"featured_media":31224,"template":"","meta":{"_acf_changed":false,"inline_featured_image":false,"_monsterinsights_skip_tracking":false,"_monsterinsights_sitenote_active":false,"_monsterinsights_sitenote_note":"","_monsterinsights_sitenote_category":0},"product_brand":[],"product_cat":[81],"product_tag":[],"class_list":{"0":"post-30928","1":"product","2":"type-product","3":"status-publish","4":"has-post-thumbnail","6":"product_cat-crosstrainer","8":"first","9":"instock","10":"taxable","11":"shipping-taxable","12":"purchasable","13":"product-type-variable"},"acf":[],"yoast_head":"<!-- This site is optimized with the Yoast SEO plugin v27.3 - https:\/\/yoast.com\/product\/yoast-seo-wordpress\/ -->\n<title>XC-310i - DKN-Technology<\/title>\n<meta name=\"robots\" content=\"index, follow, max-snippet:-1, max-image-preview:large, max-video-preview:-1\" \/>\n<link rel=\"canonical\" href=\"https:\/\/dkn-technology.com\/de\/produkt\/xc-310i\/\" \/>\n<meta property=\"og:locale\" content=\"de_DE\" \/>\n<meta property=\"og:type\" content=\"article\" \/>\n<meta property=\"og:title\" content=\"XC-310i - DKN-Technology\" \/>\n<meta property=\"og:description\" content=\"Sanfte, nat\u00fcrliche Bewegung \u2013 Ganzk\u00f6rpertraining \u2013 Keine Gelenkbelastung \u2013 Gro\u00dfe Transportrollen\" \/>\n<meta property=\"og:url\" content=\"https:\/\/dkn-technology.com\/de\/produkt\/xc-310i\/\" \/>\n<meta property=\"og:site_name\" content=\"DKN-Technology\" \/>\n<meta property=\"article:publisher\" content=\"https:\/\/www.facebook.com\/dkntechnology\/\" \/>\n<meta property=\"article:modified_time\" content=\"2026-01-15T09:23:20+00:00\" \/>\n<meta property=\"og:image\" content=\"https:\/\/dkn-technology.com\/wp-content\/uploads\/2025\/08\/SMP-POST-LinkdIn-posts-45.png\" \/>\n\t<meta property=\"og:image:width\" content=\"1080\" \/>\n\t<meta property=\"og:image:height\" content=\"1080\" \/>\n\t<meta property=\"og:image:type\" content=\"image\/png\" \/>\n<meta name=\"twitter:card\" content=\"summary_large_image\" \/>\n<meta name=\"twitter:label1\" content=\"Gesch\u00e4tzte Lesezeit\" \/>\n\t<meta name=\"twitter:data1\" content=\"1\u00a0Minute\" \/>\n<script type=\"application\/ld+json\" class=\"yoast-schema-graph\">{\"@context\":\"https:\\\/\\\/schema.org\",\"@graph\":[{\"@type\":\"WebPage\",\"@id\":\"https:\\\/\\\/dkn-technology.com\\\/de\\\/produkt\\\/xc-310i\\\/\",\"url\":\"https:\\\/\\\/dkn-technology.com\\\/de\\\/produkt\\\/xc-310i\\\/\",\"name\":\"XC-310i - DKN-Technology\",\"isPartOf\":{\"@id\":\"https:\\\/\\\/dkn-technology.com\\\/#website\"},\"primaryImageOfPage\":{\"@id\":\"https:\\\/\\\/dkn-technology.com\\\/de\\\/produkt\\\/xc-310i\\\/#primaryimage\"},\"image\":{\"@id\":\"https:\\\/\\\/dkn-technology.com\\\/de\\\/produkt\\\/xc-310i\\\/#primaryimage\"},\"thumbnailUrl\":\"https:\\\/\\\/dkn-technology.com\\\/wp-content\\\/uploads\\\/2025\\\/08\\\/SMP-POST-LinkdIn-posts-45.png\",\"datePublished\":\"2025-08-22T08:48:56+00:00\",\"dateModified\":\"2026-01-15T09:23:20+00:00\",\"breadcrumb\":{\"@id\":\"https:\\\/\\\/dkn-technology.com\\\/de\\\/produkt\\\/xc-310i\\\/#breadcrumb\"},\"inLanguage\":\"de\",\"potentialAction\":[{\"@type\":\"ReadAction\",\"target\":[\"https:\\\/\\\/dkn-technology.com\\\/de\\\/produkt\\\/xc-310i\\\/\"]}]},{\"@type\":\"ImageObject\",\"inLanguage\":\"de\",\"@id\":\"https:\\\/\\\/dkn-technology.com\\\/de\\\/produkt\\\/xc-310i\\\/#primaryimage\",\"url\":\"https:\\\/\\\/dkn-technology.com\\\/wp-content\\\/uploads\\\/2025\\\/08\\\/SMP-POST-LinkdIn-posts-45.png\",\"contentUrl\":\"https:\\\/\\\/dkn-technology.com\\\/wp-content\\\/uploads\\\/2025\\\/08\\\/SMP-POST-LinkdIn-posts-45.png\",\"width\":1080,\"height\":1080},{\"@type\":\"BreadcrumbList\",\"@id\":\"https:\\\/\\\/dkn-technology.com\\\/de\\\/produkt\\\/xc-310i\\\/#breadcrumb\",\"itemListElement\":[{\"@type\":\"ListItem\",\"position\":1,\"name\":\"Home\",\"item\":\"https:\\\/\\\/dkn-technology.com\\\/de\\\/\"},{\"@type\":\"ListItem\",\"position\":2,\"name\":\"Shop\",\"item\":\"https:\\\/\\\/dkn-technology.com\\\/de\\\/shop\\\/\"},{\"@type\":\"ListItem\",\"position\":3,\"name\":\"XC-310i\"}]},{\"@type\":\"WebSite\",\"@id\":\"https:\\\/\\\/dkn-technology.com\\\/#website\",\"url\":\"https:\\\/\\\/dkn-technology.com\\\/\",\"name\":\"DKN-Technology\",\"description\":\"Smart Fitness Solutions\",\"publisher\":{\"@id\":\"https:\\\/\\\/dkn-technology.com\\\/#organization\"},\"potentialAction\":[{\"@type\":\"SearchAction\",\"target\":{\"@type\":\"EntryPoint\",\"urlTemplate\":\"https:\\\/\\\/dkn-technology.com\\\/?s={search_term_string}\"},\"query-input\":{\"@type\":\"PropertyValueSpecification\",\"valueRequired\":true,\"valueName\":\"search_term_string\"}}],\"inLanguage\":\"de\"},{\"@type\":\"Organization\",\"@id\":\"https:\\\/\\\/dkn-technology.com\\\/#organization\",\"name\":\"DKN-Technology\",\"url\":\"https:\\\/\\\/dkn-technology.com\\\/\",\"logo\":{\"@type\":\"ImageObject\",\"inLanguage\":\"de\",\"@id\":\"https:\\\/\\\/dkn-technology.com\\\/#\\\/schema\\\/logo\\\/image\\\/\",\"url\":\"https:\\\/\\\/dkn-technology.com\\\/wp-content\\\/uploads\\\/2023\\\/01\\\/DKN-logo@4x.webp\",\"contentUrl\":\"https:\\\/\\\/dkn-technology.com\\\/wp-content\\\/uploads\\\/2023\\\/01\\\/DKN-logo@4x.webp\",\"width\":1933,\"height\":1029,\"caption\":\"DKN-Technology\"},\"image\":{\"@id\":\"https:\\\/\\\/dkn-technology.com\\\/#\\\/schema\\\/logo\\\/image\\\/\"},\"sameAs\":[\"https:\\\/\\\/www.facebook.com\\\/dkntechnology\\\/\",\"https:\\\/\\\/instagram.com\\\/dkntechnology\",\"https:\\\/\\\/www.youtube.com\\\/@DKN-Technology\",\"https:\\\/\\\/www.linkedin.com\\\/company\\\/dkn-technology-smart-fitness-solutions\"]}]}<\/script>\n<!-- \/ Yoast SEO plugin. -->","yoast_head_json":{"title":"XC-310i - DKN-Technology","robots":{"index":"index","follow":"follow","max-snippet":"max-snippet:-1","max-image-preview":"max-image-preview:large","max-video-preview":"max-video-preview:-1"},"canonical":"https:\/\/dkn-technology.com\/de\/produkt\/xc-310i\/","og_locale":"de_DE","og_type":"article","og_title":"XC-310i - DKN-Technology","og_description":"Sanfte, nat\u00fcrliche Bewegung \u2013 Ganzk\u00f6rpertraining \u2013 Keine Gelenkbelastung \u2013 Gro\u00dfe Transportrollen","og_url":"https:\/\/dkn-technology.com\/de\/produkt\/xc-310i\/","og_site_name":"DKN-Technology","article_publisher":"https:\/\/www.facebook.com\/dkntechnology\/","article_modified_time":"2026-01-15T09:23:20+00:00","og_image":[{"width":1080,"height":1080,"url":"https:\/\/dkn-technology.com\/wp-content\/uploads\/2025\/08\/SMP-POST-LinkdIn-posts-45.png","type":"image\/png"}],"twitter_card":"summary_large_image","twitter_misc":{"Gesch\u00e4tzte Lesezeit":"1\u00a0Minute"},"schema":{"@context":"https:\/\/schema.org","@graph":[{"@type":"WebPage","@id":"https:\/\/dkn-technology.com\/de\/produkt\/xc-310i\/","url":"https:\/\/dkn-technology.com\/de\/produkt\/xc-310i\/","name":"XC-310i - DKN-Technology","isPartOf":{"@id":"https:\/\/dkn-technology.com\/#website"},"primaryImageOfPage":{"@id":"https:\/\/dkn-technology.com\/de\/produkt\/xc-310i\/#primaryimage"},"image":{"@id":"https:\/\/dkn-technology.com\/de\/produkt\/xc-310i\/#primaryimage"},"thumbnailUrl":"https:\/\/dkn-technology.com\/wp-content\/uploads\/2025\/08\/SMP-POST-LinkdIn-posts-45.png","datePublished":"2025-08-22T08:48:56+00:00","dateModified":"2026-01-15T09:23:20+00:00","breadcrumb":{"@id":"https:\/\/dkn-technology.com\/de\/produkt\/xc-310i\/#breadcrumb"},"inLanguage":"de","potentialAction":[{"@type":"ReadAction","target":["https:\/\/dkn-technology.com\/de\/produkt\/xc-310i\/"]}]},{"@type":"ImageObject","inLanguage":"de","@id":"https:\/\/dkn-technology.com\/de\/produkt\/xc-310i\/#primaryimage","url":"https:\/\/dkn-technology.com\/wp-content\/uploads\/2025\/08\/SMP-POST-LinkdIn-posts-45.png","contentUrl":"https:\/\/dkn-technology.com\/wp-content\/uploads\/2025\/08\/SMP-POST-LinkdIn-posts-45.png","width":1080,"height":1080},{"@type":"BreadcrumbList","@id":"https:\/\/dkn-technology.com\/de\/produkt\/xc-310i\/#breadcrumb","itemListElement":[{"@type":"ListItem","position":1,"name":"Home","item":"https:\/\/dkn-technology.com\/de\/"},{"@type":"ListItem","position":2,"name":"Shop","item":"https:\/\/dkn-technology.com\/de\/shop\/"},{"@type":"ListItem","position":3,"name":"XC-310i"}]},{"@type":"WebSite","@id":"https:\/\/dkn-technology.com\/#website","url":"https:\/\/dkn-technology.com\/","name":"DKN-Technology","description":"Smart Fitness Solutions","publisher":{"@id":"https:\/\/dkn-technology.com\/#organization"},"potentialAction":[{"@type":"SearchAction","target":{"@type":"EntryPoint","urlTemplate":"https:\/\/dkn-technology.com\/?s={search_term_string}"},"query-input":{"@type":"PropertyValueSpecification","valueRequired":true,"valueName":"search_term_string"}}],"inLanguage":"de"},{"@type":"Organization","@id":"https:\/\/dkn-technology.com\/#organization","name":"DKN-Technology","url":"https:\/\/dkn-technology.com\/","logo":{"@type":"ImageObject","inLanguage":"de","@id":"https:\/\/dkn-technology.com\/#\/schema\/logo\/image\/","url":"https:\/\/dkn-technology.com\/wp-content\/uploads\/2023\/01\/DKN-logo@4x.webp","contentUrl":"https:\/\/dkn-technology.com\/wp-content\/uploads\/2023\/01\/DKN-logo@4x.webp","width":1933,"height":1029,"caption":"DKN-Technology"},"image":{"@id":"https:\/\/dkn-technology.com\/#\/schema\/logo\/image\/"},"sameAs":["https:\/\/www.facebook.com\/dkntechnology\/","https:\/\/instagram.com\/dkntechnology","https:\/\/www.youtube.com\/@DKN-Technology","https:\/\/www.linkedin.com\/company\/dkn-technology-smart-fitness-solutions"]}]}},"_links":{"self":[{"href":"https:\/\/dkn-technology.com\/de\/wp-json\/wp\/v2\/product\/30928","targetHints":{"allow":["GET"]}}],"collection":[{"href":"https:\/\/dkn-technology.com\/de\/wp-json\/wp\/v2\/product"}],"about":[{"href":"https:\/\/dkn-technology.com\/de\/wp-json\/wp\/v2\/types\/product"}],"version-history":[{"count":6,"href":"https:\/\/dkn-technology.com\/de\/wp-json\/wp\/v2\/product\/30928\/revisions"}],"predecessor-version":[{"id":37433,"href":"https:\/\/dkn-technology.com\/de\/wp-json\/wp\/v2\/product\/30928\/revisions\/37433"}],"wp:featuredmedia":[{"embeddable":true,"href":"https:\/\/dkn-technology.com\/de\/wp-json\/wp\/v2\/media\/31224"}],"wp:attachment":[{"href":"https:\/\/dkn-technology.com\/de\/wp-json\/wp\/v2\/media?parent=30928"}],"wp:term":[{"taxonomy":"product_brand","embeddable":true,"href":"https:\/\/dkn-technology.com\/de\/wp-json\/wp\/v2\/product_brand?post=30928"},{"taxonomy":"product_cat","embeddable":true,"href":"https:\/\/dkn-technology.com\/de\/wp-json\/wp\/v2\/product_cat?post=30928"},{"taxonomy":"product_tag","embeddable":true,"href":"https:\/\/dkn-technology.com\/de\/wp-json\/wp\/v2\/product_tag?post=30928"}],"curies":[{"name":"wp","href":"https:\/\/api.w.org\/{rel}","templated":true}]}}