{"id":31037,"date":"2025-08-21T17:01:13","date_gmt":"2025-08-21T15:01:13","guid":{"rendered":"https:\/\/dkn-technology.com\/product\/airun-o-2-in-1\/"},"modified":"2025-09-22T14:29:08","modified_gmt":"2025-09-22T12:29:08","slug":"airun-o-2-in-1","status":"publish","type":"product","link":"https:\/\/dkn-technology.com\/de\/produkt\/airun-o-2-in-1\/","title":{"rendered":"Airun-O (2 in 1)"},"content":{"rendered":"<p data-start=\"3632\" data-end=\"3683\"><strong data-start=\"3632\" data-end=\"3681\">Airun-O (2 in 1) \u2013 Das Perfekte B\u00fcro-Laufband<\/strong><\/p>\n<p data-start=\"3685\" data-end=\"4392\">Das Airun-O (2 in 1) ist ein vielseitiges B\u00fcro-Laufband, das sich leicht <strong>unter Ihrem Schreibtisch<\/strong> verstauen l\u00e4sst und es Ihnen erm\u00f6glicht, w\u00e4hrend des Arbeitstags aktiv zu bleiben. Egal ob Sie in gem\u00fctlichem Tempo gehen oder f\u00fcr einen schnellen Cardio-Kick joggen m\u00f6chten \u2013 <strong>mit einer Geschwindigkeitsspanne von 1\u201312 km\/h<\/strong> und einer komfortablen Lauffl\u00e4che von 420\u00d71050 mm bietet es Flexibilit\u00e4t f\u00fcr jeden Nutzer. Das \u00fcbersichtliche LED-Display zeigt Zeit, Distanz, Geschwindigkeit, Kalorien und bietet zahlreiche Trainingsprogramme, die f\u00fcr Abwechslung und Motivation sorgen. Mit manuellen, voreingestellten sowie personalisierbaren Programmen k\u00f6nnen Sie Ihr Training genau auf Ihre Fitnessziele abstimmen.<\/p>\n<p data-start=\"4394\" data-end=\"4933\">Ausgestattet mit einem robusten 15 mm starken Laufdeck und einem 1,4 mm dicken Diamond-Laufgurt sorgt das Airun-O bei jedem Schritt f\u00fcr einen gleichm\u00e4\u00dfigen, stabilen Bewegungsablauf. <strong>Eingebaute Bluetooth-Lautsprecher<\/strong> und ein praktisches Filtersystem erm\u00f6glichen es Ihnen, Musik, Podcasts oder gef\u00fchrte Workouts w\u00e4hrend des Trainings zu genie\u00dfen \u2013 f\u00fcr maximale Motivation und ein angenehmes Erlebnis. Zudem arbeitet das Laufband leise und energieeffizient, was es ideal f\u00fcr geteilte R\u00e4ume oder das Homeoffice macht, ohne andere zu st\u00f6ren.<\/p>\n<p data-start=\"4935\" data-end=\"5447\">Kompakt und klappbar, mit einer Tragf\u00e4higkeit von bis zu 110 kg, passt es problemlos in kleine R\u00e4ume und l\u00e4sst sich leicht verstauen. Durch die Kombination aus Funktionalit\u00e4t, Komfort und modernem Design integriert das Airun-O Fitness nahtlos in Ihren Alltag und macht selbst den stressigsten <strong>Arbeitstag zu einer Gelegenheit, sich zu bewegen, Kalorien zu verbrennen und die Gesundheit zu verbessern. Perfekt f\u00fcr alle, die aktiv bleiben, Energie tanken und fit bleiben m\u00f6chten \u2013 ganz ohne das B\u00fcro zu verlassen.<\/strong><\/p>\n","protected":false},"excerpt":{"rendered":"<article class=\"text-token-text-primary w-full focus:outline-none scroll-mt-[calc(var(--header-height)+min(200px,max(70px,20svh)))]\" dir=\"auto\" tabindex=\"-1\" data-turn-id=\"acc17c7a-be7d-4ebe-8809-704d481ad0be\" data-testid=\"conversation-turn-76\" data-scroll-anchor=\"true\" data-turn=\"assistant\">\n<div class=\"text-base my-auto mx-auto pb-10 [--thread-content-margin:--spacing(4)] @[37rem]:[--thread-content-margin:--spacing(6)] @[72rem]:[--thread-content-margin:--spacing(16)] px-(--thread-content-margin)\">\n<div class=\"[--thread-content-max-width:32rem] @[34rem]:[--thread-content-max-width:40rem] @[64rem]:[--thread-content-max-width:48rem] mx-auto max-w-(--thread-content-max-width) flex-1 group\/turn-messages focus-visible:outline-hidden relative flex w-full min-w-0 flex-col agent-turn\" tabindex=\"-1\">\n<div class=\"flex max-w-full flex-col grow\">\n<div class=\"min-h-8 text-message relative flex w-full flex-col items-end gap-2 text-start break-words whitespace-normal [.text-message+&amp;]:mt-5\" dir=\"auto\" data-message-author-role=\"assistant\" data-message-id=\"b2b6cda5-4319-49e9-b4c5-a4ec9c901ae6\" data-message-model-slug=\"gpt-5\">\n<div class=\"flex w-full flex-col gap-1 empty:hidden first:pt-[3px]\">\n<div class=\"markdown prose dark:prose-invert w-full break-words light markdown-new-styling\">\n<p data-start=\"378\" data-end=\"532\">Unter-Tisch-Mobilit\u00e4t \u2013 Anpassbare Workouts \u2013 Leiser &amp; reibungsloser Betrieb \u2013 Kompaktes &amp; klappbares Design \u2013 Integrierte Unterhaltung<\/p>\n<\/div>\n<\/div>\n<\/div>\n<\/div>\n<\/div>\n<\/div>\n<\/article>\n","protected":false},"featured_media":31388,"template":"","meta":{"_acf_changed":false,"inline_featured_image":false,"_monsterinsights_skip_tracking":false,"_monsterinsights_sitenote_active":false,"_monsterinsights_sitenote_note":"","_monsterinsights_sitenote_category":0},"product_brand":[],"product_cat":[93],"product_tag":[],"class_list":{"0":"post-31037","1":"product","2":"type-product","3":"status-publish","4":"has-post-thumbnail","6":"product_cat-laufbaender","7":"product_shipping_class-bis-100-kg","9":"first","10":"instock","11":"taxable","12":"shipping-taxable","13":"purchasable","14":"product-type-variable"},"acf":[],"yoast_head":"<!-- This site is optimized with the Yoast SEO plugin v27.3 - https:\/\/yoast.com\/product\/yoast-seo-wordpress\/ -->\n<title>Airun-O (2 in 1) - DKN-Technology<\/title>\n<meta name=\"robots\" content=\"index, follow, max-snippet:-1, max-image-preview:large, max-video-preview:-1\" \/>\n<link rel=\"canonical\" href=\"https:\/\/dkn-technology.com\/produkt\/airun-o-2-in-1\/\" \/>\n<meta property=\"og:locale\" content=\"de_DE\" \/>\n<meta property=\"og:type\" content=\"article\" \/>\n<meta property=\"og:title\" content=\"Airun-O (2 in 1) - DKN-Technology\" \/>\n<meta property=\"og:description\" content=\"Unter-Tisch-Mobilit\u00e4t \u2013 Anpassbare Workouts \u2013 Leiser &amp; reibungsloser Betrieb \u2013 Kompaktes &amp; klappbares Design \u2013 Integrierte Unterhaltung\" \/>\n<meta property=\"og:url\" content=\"https:\/\/dkn-technology.com\/produkt\/airun-o-2-in-1\/\" \/>\n<meta property=\"og:site_name\" content=\"DKN-Technology\" \/>\n<meta property=\"article:publisher\" content=\"https:\/\/www.facebook.com\/dkntechnology\/\" \/>\n<meta property=\"article:modified_time\" content=\"2025-09-22T12:29:08+00:00\" \/>\n<meta property=\"og:image\" content=\"https:\/\/dkn-technology.com\/wp-content\/uploads\/2025\/08\/DKN-WEBSITE-PICTURES-FORMAT-3.png\" \/>\n\t<meta property=\"og:image:width\" content=\"1080\" \/>\n\t<meta property=\"og:image:height\" content=\"1080\" \/>\n\t<meta property=\"og:image:type\" content=\"image\/png\" \/>\n<meta name=\"twitter:card\" content=\"summary_large_image\" \/>\n<meta name=\"twitter:label1\" content=\"Gesch\u00e4tzte Lesezeit\" \/>\n\t<meta name=\"twitter:data1\" content=\"2\u00a0Minuten\" \/>\n<script type=\"application\/ld+json\" class=\"yoast-schema-graph\">{\"@context\":\"https:\\\/\\\/schema.org\",\"@graph\":[{\"@type\":\"WebPage\",\"@id\":\"https:\\\/\\\/dkn-technology.com\\\/produkt\\\/airun-o-2-in-1\\\/\",\"url\":\"https:\\\/\\\/dkn-technology.com\\\/produkt\\\/airun-o-2-in-1\\\/\",\"name\":\"Airun-O (2 in 1) - DKN-Technology\",\"isPartOf\":{\"@id\":\"https:\\\/\\\/dkn-technology.com\\\/#website\"},\"primaryImageOfPage\":{\"@id\":\"https:\\\/\\\/dkn-technology.com\\\/produkt\\\/airun-o-2-in-1\\\/#primaryimage\"},\"image\":{\"@id\":\"https:\\\/\\\/dkn-technology.com\\\/produkt\\\/airun-o-2-in-1\\\/#primaryimage\"},\"thumbnailUrl\":\"https:\\\/\\\/dkn-technology.com\\\/wp-content\\\/uploads\\\/2025\\\/08\\\/DKN-WEBSITE-PICTURES-FORMAT-3.png\",\"datePublished\":\"2025-08-21T15:01:13+00:00\",\"dateModified\":\"2025-09-22T12:29:08+00:00\",\"breadcrumb\":{\"@id\":\"https:\\\/\\\/dkn-technology.com\\\/produkt\\\/airun-o-2-in-1\\\/#breadcrumb\"},\"inLanguage\":\"de\",\"potentialAction\":[{\"@type\":\"ReadAction\",\"target\":[\"https:\\\/\\\/dkn-technology.com\\\/produkt\\\/airun-o-2-in-1\\\/\"]}]},{\"@type\":\"ImageObject\",\"inLanguage\":\"de\",\"@id\":\"https:\\\/\\\/dkn-technology.com\\\/produkt\\\/airun-o-2-in-1\\\/#primaryimage\",\"url\":\"https:\\\/\\\/dkn-technology.com\\\/wp-content\\\/uploads\\\/2025\\\/08\\\/DKN-WEBSITE-PICTURES-FORMAT-3.png\",\"contentUrl\":\"https:\\\/\\\/dkn-technology.com\\\/wp-content\\\/uploads\\\/2025\\\/08\\\/DKN-WEBSITE-PICTURES-FORMAT-3.png\",\"width\":1080,\"height\":1080},{\"@type\":\"BreadcrumbList\",\"@id\":\"https:\\\/\\\/dkn-technology.com\\\/produkt\\\/airun-o-2-in-1\\\/#breadcrumb\",\"itemListElement\":[{\"@type\":\"ListItem\",\"position\":1,\"name\":\"Home\",\"item\":\"https:\\\/\\\/dkn-technology.com\\\/de\\\/\"},{\"@type\":\"ListItem\",\"position\":2,\"name\":\"Shop\",\"item\":\"https:\\\/\\\/dkn-technology.com\\\/de\\\/shop\\\/\"},{\"@type\":\"ListItem\",\"position\":3,\"name\":\"Airun-O (2 in 1)\"}]},{\"@type\":\"WebSite\",\"@id\":\"https:\\\/\\\/dkn-technology.com\\\/#website\",\"url\":\"https:\\\/\\\/dkn-technology.com\\\/\",\"name\":\"DKN-Technology\",\"description\":\"Smart Fitness Solutions\",\"publisher\":{\"@id\":\"https:\\\/\\\/dkn-technology.com\\\/#organization\"},\"potentialAction\":[{\"@type\":\"SearchAction\",\"target\":{\"@type\":\"EntryPoint\",\"urlTemplate\":\"https:\\\/\\\/dkn-technology.com\\\/?s={search_term_string}\"},\"query-input\":{\"@type\":\"PropertyValueSpecification\",\"valueRequired\":true,\"valueName\":\"search_term_string\"}}],\"inLanguage\":\"de\"},{\"@type\":\"Organization\",\"@id\":\"https:\\\/\\\/dkn-technology.com\\\/#organization\",\"name\":\"DKN-Technology\",\"url\":\"https:\\\/\\\/dkn-technology.com\\\/\",\"logo\":{\"@type\":\"ImageObject\",\"inLanguage\":\"de\",\"@id\":\"https:\\\/\\\/dkn-technology.com\\\/#\\\/schema\\\/logo\\\/image\\\/\",\"url\":\"https:\\\/\\\/dkn-technology.com\\\/wp-content\\\/uploads\\\/2023\\\/01\\\/DKN-logo@4x.webp\",\"contentUrl\":\"https:\\\/\\\/dkn-technology.com\\\/wp-content\\\/uploads\\\/2023\\\/01\\\/DKN-logo@4x.webp\",\"width\":1933,\"height\":1029,\"caption\":\"DKN-Technology\"},\"image\":{\"@id\":\"https:\\\/\\\/dkn-technology.com\\\/#\\\/schema\\\/logo\\\/image\\\/\"},\"sameAs\":[\"https:\\\/\\\/www.facebook.com\\\/dkntechnology\\\/\",\"https:\\\/\\\/instagram.com\\\/dkntechnology\",\"https:\\\/\\\/www.youtube.com\\\/@DKN-Technology\",\"https:\\\/\\\/www.linkedin.com\\\/company\\\/dkn-technology-smart-fitness-solutions\"]}]}<\/script>\n<!-- \/ Yoast SEO plugin. -->","yoast_head_json":{"title":"Airun-O (2 in 1) - DKN-Technology","robots":{"index":"index","follow":"follow","max-snippet":"max-snippet:-1","max-image-preview":"max-image-preview:large","max-video-preview":"max-video-preview:-1"},"canonical":"https:\/\/dkn-technology.com\/produkt\/airun-o-2-in-1\/","og_locale":"de_DE","og_type":"article","og_title":"Airun-O (2 in 1) - DKN-Technology","og_description":"Unter-Tisch-Mobilit\u00e4t \u2013 Anpassbare Workouts \u2013 Leiser &amp; reibungsloser Betrieb \u2013 Kompaktes &amp; klappbares Design \u2013 Integrierte Unterhaltung","og_url":"https:\/\/dkn-technology.com\/produkt\/airun-o-2-in-1\/","og_site_name":"DKN-Technology","article_publisher":"https:\/\/www.facebook.com\/dkntechnology\/","article_modified_time":"2025-09-22T12:29:08+00:00","og_image":[{"width":1080,"height":1080,"url":"https:\/\/dkn-technology.com\/wp-content\/uploads\/2025\/08\/DKN-WEBSITE-PICTURES-FORMAT-3.png","type":"image\/png"}],"twitter_card":"summary_large_image","twitter_misc":{"Gesch\u00e4tzte Lesezeit":"2\u00a0Minuten"},"schema":{"@context":"https:\/\/schema.org","@graph":[{"@type":"WebPage","@id":"https:\/\/dkn-technology.com\/produkt\/airun-o-2-in-1\/","url":"https:\/\/dkn-technology.com\/produkt\/airun-o-2-in-1\/","name":"Airun-O (2 in 1) - DKN-Technology","isPartOf":{"@id":"https:\/\/dkn-technology.com\/#website"},"primaryImageOfPage":{"@id":"https:\/\/dkn-technology.com\/produkt\/airun-o-2-in-1\/#primaryimage"},"image":{"@id":"https:\/\/dkn-technology.com\/produkt\/airun-o-2-in-1\/#primaryimage"},"thumbnailUrl":"https:\/\/dkn-technology.com\/wp-content\/uploads\/2025\/08\/DKN-WEBSITE-PICTURES-FORMAT-3.png","datePublished":"2025-08-21T15:01:13+00:00","dateModified":"2025-09-22T12:29:08+00:00","breadcrumb":{"@id":"https:\/\/dkn-technology.com\/produkt\/airun-o-2-in-1\/#breadcrumb"},"inLanguage":"de","potentialAction":[{"@type":"ReadAction","target":["https:\/\/dkn-technology.com\/produkt\/airun-o-2-in-1\/"]}]},{"@type":"ImageObject","inLanguage":"de","@id":"https:\/\/dkn-technology.com\/produkt\/airun-o-2-in-1\/#primaryimage","url":"https:\/\/dkn-technology.com\/wp-content\/uploads\/2025\/08\/DKN-WEBSITE-PICTURES-FORMAT-3.png","contentUrl":"https:\/\/dkn-technology.com\/wp-content\/uploads\/2025\/08\/DKN-WEBSITE-PICTURES-FORMAT-3.png","width":1080,"height":1080},{"@type":"BreadcrumbList","@id":"https:\/\/dkn-technology.com\/produkt\/airun-o-2-in-1\/#breadcrumb","itemListElement":[{"@type":"ListItem","position":1,"name":"Home","item":"https:\/\/dkn-technology.com\/de\/"},{"@type":"ListItem","position":2,"name":"Shop","item":"https:\/\/dkn-technology.com\/de\/shop\/"},{"@type":"ListItem","position":3,"name":"Airun-O (2 in 1)"}]},{"@type":"WebSite","@id":"https:\/\/dkn-technology.com\/#website","url":"https:\/\/dkn-technology.com\/","name":"DKN-Technology","description":"Smart Fitness Solutions","publisher":{"@id":"https:\/\/dkn-technology.com\/#organization"},"potentialAction":[{"@type":"SearchAction","target":{"@type":"EntryPoint","urlTemplate":"https:\/\/dkn-technology.com\/?s={search_term_string}"},"query-input":{"@type":"PropertyValueSpecification","valueRequired":true,"valueName":"search_term_string"}}],"inLanguage":"de"},{"@type":"Organization","@id":"https:\/\/dkn-technology.com\/#organization","name":"DKN-Technology","url":"https:\/\/dkn-technology.com\/","logo":{"@type":"ImageObject","inLanguage":"de","@id":"https:\/\/dkn-technology.com\/#\/schema\/logo\/image\/","url":"https:\/\/dkn-technology.com\/wp-content\/uploads\/2023\/01\/DKN-logo@4x.webp","contentUrl":"https:\/\/dkn-technology.com\/wp-content\/uploads\/2023\/01\/DKN-logo@4x.webp","width":1933,"height":1029,"caption":"DKN-Technology"},"image":{"@id":"https:\/\/dkn-technology.com\/#\/schema\/logo\/image\/"},"sameAs":["https:\/\/www.facebook.com\/dkntechnology\/","https:\/\/instagram.com\/dkntechnology","https:\/\/www.youtube.com\/@DKN-Technology","https:\/\/www.linkedin.com\/company\/dkn-technology-smart-fitness-solutions"]}]}},"_links":{"self":[{"href":"https:\/\/dkn-technology.com\/de\/wp-json\/wp\/v2\/product\/31037","targetHints":{"allow":["GET"]}}],"collection":[{"href":"https:\/\/dkn-technology.com\/de\/wp-json\/wp\/v2\/product"}],"about":[{"href":"https:\/\/dkn-technology.com\/de\/wp-json\/wp\/v2\/types\/product"}],"version-history":[{"count":7,"href":"https:\/\/dkn-technology.com\/de\/wp-json\/wp\/v2\/product\/31037\/revisions"}],"predecessor-version":[{"id":31599,"href":"https:\/\/dkn-technology.com\/de\/wp-json\/wp\/v2\/product\/31037\/revisions\/31599"}],"wp:featuredmedia":[{"embeddable":true,"href":"https:\/\/dkn-technology.com\/de\/wp-json\/wp\/v2\/media\/31388"}],"wp:attachment":[{"href":"https:\/\/dkn-technology.com\/de\/wp-json\/wp\/v2\/media?parent=31037"}],"wp:term":[{"taxonomy":"product_brand","embeddable":true,"href":"https:\/\/dkn-technology.com\/de\/wp-json\/wp\/v2\/product_brand?post=31037"},{"taxonomy":"product_cat","embeddable":true,"href":"https:\/\/dkn-technology.com\/de\/wp-json\/wp\/v2\/product_cat?post=31037"},{"taxonomy":"product_tag","embeddable":true,"href":"https:\/\/dkn-technology.com\/de\/wp-json\/wp\/v2\/product_tag?post=31037"}],"curies":[{"name":"wp","href":"https:\/\/api.w.org\/{rel}","templated":true}]}}