{"id":31084,"date":"2025-08-22T10:25:13","date_gmt":"2025-08-22T08:25:13","guid":{"rendered":"https:\/\/dkn-technology.com\/product\/r-600\/"},"modified":"2025-12-19T10:50:45","modified_gmt":"2025-12-19T08:50:45","slug":"r-600","status":"publish","type":"product","link":"https:\/\/dkn-technology.com\/de\/produkt\/r-600\/","title":{"rendered":"R-600"},"content":{"rendered":"<p data-start=\"2577\" data-end=\"2667\"><strong data-start=\"2596\" data-end=\"2665\">R-600 \u2013 Nahtloses Ganzk\u00f6rper-Workout mit Luft- &amp; Magnetwiderstand<\/strong><\/p>\n<p data-start=\"2669\" data-end=\"3017\">Der R-600 vereint Kraft, Pr\u00e4zision und Einfachheit und bietet ein <strong data-start=\"2735\" data-end=\"2780\">sanftes und effektives Ganzk\u00f6rpertraining<\/strong>, das den gesamten K\u00f6rper beansprucht. Das <strong data-start=\"2823\" data-end=\"2860\">Luft- und Magnetwiderstandssystem<\/strong> verf\u00fcgt \u00fcber <strong data-start=\"2874\" data-end=\"2899\">8 einstellbare Stufen<\/strong>, sodass jeder Benutzer \u2013 vom Anf\u00e4nger bis zum Semi-Profi \u2013 ein individuell anpassbares Rudererlebnis genie\u00dfen kann.<\/p>\n<p data-start=\"3019\" data-end=\"3347\">Mit einer <strong data-start=\"3029\" data-end=\"3061\">robusten Aluminium-Ruderbahn<\/strong> und einem <strong data-start=\"3072\" data-end=\"3127\">\u00fcberdimensionalen Pedal mit geschmeidigem Rudersitz<\/strong> gew\u00e4hrleistet der R-600 bei jedem Training stabile und komfortable Bewegungen. Das <strong data-start=\"3211\" data-end=\"3230\">faltbare Design<\/strong> erleichtert die Lagerung, w\u00e4hrend der <strong data-start=\"3269\" data-end=\"3300\">verstellbare Konsolenwinkel<\/strong> Ihre Leistungsdaten stets gut sichtbar h\u00e4lt.<\/p>\n<p data-start=\"3349\" data-end=\"3826\">Das individuelle Display zeigt <strong data-start=\"3380\" data-end=\"3540\">Zeit, Zeit\/500 m, Schl\u00e4ge pro Minute (SPM), Distanz, Gesamtanzahl der Schl\u00e4ge, Kalorien, Erholung, Puls (drahtloser Empf\u00e4nger), Kalender, Temperatur und Uhr<\/strong>, sodass Sie jeden Aspekt Ihres Trainings \u00fcberwachen k\u00f6nnen. Mit <strong data-start=\"3605\" data-end=\"3632\">manuellen und Race-Modi<\/strong> k\u00f6nnen Sie sich mit unterschiedlichen Trainingsstilen herausfordern. Eine Halterung f\u00fcr Tablet und Telefon erm\u00f6glicht Unterhaltung oder das Verfolgen virtueller Trainings w\u00e4hrend des Ruderns.<\/p>\n","protected":false},"excerpt":{"rendered":"<div class=\"elementor-element elementor-element-06f08dd elementor-widget elementor-widget-woocommerce-product-short-description\" data-id=\"06f08dd\" data-element_type=\"widget\" data-widget_type=\"woocommerce-product-short-description.default\">\n<div class=\"elementor-widget-container\">\n<div class=\"woocommerce-product-details__short-description\">\n<p>Effizienter Luftwiderstand \u2013 Spannendes Training \u2013 Schlankes &amp; langlebiges Design \u2013 Vielseitiges Ganzk\u00f6rpertraining \u2013 Manueller und Rennmodus<\/p>\n<\/div>\n<\/div>\n<\/div>\n","protected":false},"featured_media":31179,"template":"","meta":{"_acf_changed":false,"inline_featured_image":false,"_monsterinsights_skip_tracking":false,"_monsterinsights_sitenote_active":false,"_monsterinsights_sitenote_note":"","_monsterinsights_sitenote_category":0},"product_brand":[],"product_cat":[90],"product_tag":[],"class_list":{"0":"post-31084","1":"product","2":"type-product","3":"status-publish","4":"has-post-thumbnail","6":"product_cat-rudertrainer","8":"first","9":"instock","10":"taxable","11":"shipping-taxable","12":"purchasable","13":"product-type-variable"},"acf":[],"yoast_head":"<!-- This site is optimized with the Yoast SEO plugin v27.3 - https:\/\/yoast.com\/product\/yoast-seo-wordpress\/ -->\n<title>R-600 - DKN-Technology<\/title>\n<meta name=\"robots\" content=\"index, follow, max-snippet:-1, max-image-preview:large, max-video-preview:-1\" \/>\n<link rel=\"canonical\" href=\"https:\/\/dkn-technology.com\/nl\/produkt\/r-600\/\" \/>\n<meta property=\"og:locale\" content=\"de_DE\" \/>\n<meta property=\"og:type\" content=\"article\" \/>\n<meta property=\"og:title\" content=\"R-600 - DKN-Technology\" \/>\n<meta property=\"og:description\" content=\"Effizienter Luftwiderstand \u2013 Spannendes Training \u2013 Schlankes &amp; langlebiges Design \u2013 Vielseitiges Ganzk\u00f6rpertraining \u2013 Manueller und Rennmodus\" \/>\n<meta property=\"og:url\" content=\"https:\/\/dkn-technology.com\/nl\/produkt\/r-600\/\" \/>\n<meta property=\"og:site_name\" content=\"DKN-Technology\" \/>\n<meta property=\"article:publisher\" content=\"https:\/\/www.facebook.com\/dkntechnology\/\" \/>\n<meta property=\"article:modified_time\" content=\"2025-12-19T08:50:45+00:00\" \/>\n<meta property=\"og:image\" content=\"https:\/\/dkn-technology.com\/wp-content\/uploads\/2025\/08\/288.png\" \/>\n\t<meta property=\"og:image:width\" content=\"1080\" \/>\n\t<meta property=\"og:image:height\" content=\"1080\" \/>\n\t<meta property=\"og:image:type\" content=\"image\/png\" \/>\n<meta name=\"twitter:card\" content=\"summary_large_image\" \/>\n<meta name=\"twitter:label1\" content=\"Gesch\u00e4tzte Lesezeit\" \/>\n\t<meta name=\"twitter:data1\" content=\"1\u00a0Minute\" \/>\n<script type=\"application\/ld+json\" class=\"yoast-schema-graph\">{\"@context\":\"https:\\\/\\\/schema.org\",\"@graph\":[{\"@type\":\"WebPage\",\"@id\":\"https:\\\/\\\/dkn-technology.com\\\/nl\\\/produkt\\\/r-600\\\/\",\"url\":\"https:\\\/\\\/dkn-technology.com\\\/nl\\\/produkt\\\/r-600\\\/\",\"name\":\"R-600 - DKN-Technology\",\"isPartOf\":{\"@id\":\"https:\\\/\\\/dkn-technology.com\\\/#website\"},\"primaryImageOfPage\":{\"@id\":\"https:\\\/\\\/dkn-technology.com\\\/nl\\\/produkt\\\/r-600\\\/#primaryimage\"},\"image\":{\"@id\":\"https:\\\/\\\/dkn-technology.com\\\/nl\\\/produkt\\\/r-600\\\/#primaryimage\"},\"thumbnailUrl\":\"https:\\\/\\\/dkn-technology.com\\\/wp-content\\\/uploads\\\/2025\\\/08\\\/288.png\",\"datePublished\":\"2025-08-22T08:25:13+00:00\",\"dateModified\":\"2025-12-19T08:50:45+00:00\",\"breadcrumb\":{\"@id\":\"https:\\\/\\\/dkn-technology.com\\\/nl\\\/produkt\\\/r-600\\\/#breadcrumb\"},\"inLanguage\":\"de\",\"potentialAction\":[{\"@type\":\"ReadAction\",\"target\":[\"https:\\\/\\\/dkn-technology.com\\\/nl\\\/produkt\\\/r-600\\\/\"]}]},{\"@type\":\"ImageObject\",\"inLanguage\":\"de\",\"@id\":\"https:\\\/\\\/dkn-technology.com\\\/nl\\\/produkt\\\/r-600\\\/#primaryimage\",\"url\":\"https:\\\/\\\/dkn-technology.com\\\/wp-content\\\/uploads\\\/2025\\\/08\\\/288.png\",\"contentUrl\":\"https:\\\/\\\/dkn-technology.com\\\/wp-content\\\/uploads\\\/2025\\\/08\\\/288.png\",\"width\":1080,\"height\":1080},{\"@type\":\"BreadcrumbList\",\"@id\":\"https:\\\/\\\/dkn-technology.com\\\/nl\\\/produkt\\\/r-600\\\/#breadcrumb\",\"itemListElement\":[{\"@type\":\"ListItem\",\"position\":1,\"name\":\"Home\",\"item\":\"https:\\\/\\\/dkn-technology.com\\\/de\\\/\"},{\"@type\":\"ListItem\",\"position\":2,\"name\":\"Shop\",\"item\":\"https:\\\/\\\/dkn-technology.com\\\/de\\\/shop\\\/\"},{\"@type\":\"ListItem\",\"position\":3,\"name\":\"R-600\"}]},{\"@type\":\"WebSite\",\"@id\":\"https:\\\/\\\/dkn-technology.com\\\/#website\",\"url\":\"https:\\\/\\\/dkn-technology.com\\\/\",\"name\":\"DKN-Technology\",\"description\":\"Smart Fitness Solutions\",\"publisher\":{\"@id\":\"https:\\\/\\\/dkn-technology.com\\\/#organization\"},\"potentialAction\":[{\"@type\":\"SearchAction\",\"target\":{\"@type\":\"EntryPoint\",\"urlTemplate\":\"https:\\\/\\\/dkn-technology.com\\\/?s={search_term_string}\"},\"query-input\":{\"@type\":\"PropertyValueSpecification\",\"valueRequired\":true,\"valueName\":\"search_term_string\"}}],\"inLanguage\":\"de\"},{\"@type\":\"Organization\",\"@id\":\"https:\\\/\\\/dkn-technology.com\\\/#organization\",\"name\":\"DKN-Technology\",\"url\":\"https:\\\/\\\/dkn-technology.com\\\/\",\"logo\":{\"@type\":\"ImageObject\",\"inLanguage\":\"de\",\"@id\":\"https:\\\/\\\/dkn-technology.com\\\/#\\\/schema\\\/logo\\\/image\\\/\",\"url\":\"https:\\\/\\\/dkn-technology.com\\\/wp-content\\\/uploads\\\/2023\\\/01\\\/DKN-logo@4x.webp\",\"contentUrl\":\"https:\\\/\\\/dkn-technology.com\\\/wp-content\\\/uploads\\\/2023\\\/01\\\/DKN-logo@4x.webp\",\"width\":1933,\"height\":1029,\"caption\":\"DKN-Technology\"},\"image\":{\"@id\":\"https:\\\/\\\/dkn-technology.com\\\/#\\\/schema\\\/logo\\\/image\\\/\"},\"sameAs\":[\"https:\\\/\\\/www.facebook.com\\\/dkntechnology\\\/\",\"https:\\\/\\\/instagram.com\\\/dkntechnology\",\"https:\\\/\\\/www.youtube.com\\\/@DKN-Technology\",\"https:\\\/\\\/www.linkedin.com\\\/company\\\/dkn-technology-smart-fitness-solutions\"]}]}<\/script>\n<!-- \/ Yoast SEO plugin. -->","yoast_head_json":{"title":"R-600 - DKN-Technology","robots":{"index":"index","follow":"follow","max-snippet":"max-snippet:-1","max-image-preview":"max-image-preview:large","max-video-preview":"max-video-preview:-1"},"canonical":"https:\/\/dkn-technology.com\/nl\/produkt\/r-600\/","og_locale":"de_DE","og_type":"article","og_title":"R-600 - DKN-Technology","og_description":"Effizienter Luftwiderstand \u2013 Spannendes Training \u2013 Schlankes &amp; langlebiges Design \u2013 Vielseitiges Ganzk\u00f6rpertraining \u2013 Manueller und Rennmodus","og_url":"https:\/\/dkn-technology.com\/nl\/produkt\/r-600\/","og_site_name":"DKN-Technology","article_publisher":"https:\/\/www.facebook.com\/dkntechnology\/","article_modified_time":"2025-12-19T08:50:45+00:00","og_image":[{"width":1080,"height":1080,"url":"https:\/\/dkn-technology.com\/wp-content\/uploads\/2025\/08\/288.png","type":"image\/png"}],"twitter_card":"summary_large_image","twitter_misc":{"Gesch\u00e4tzte Lesezeit":"1\u00a0Minute"},"schema":{"@context":"https:\/\/schema.org","@graph":[{"@type":"WebPage","@id":"https:\/\/dkn-technology.com\/nl\/produkt\/r-600\/","url":"https:\/\/dkn-technology.com\/nl\/produkt\/r-600\/","name":"R-600 - DKN-Technology","isPartOf":{"@id":"https:\/\/dkn-technology.com\/#website"},"primaryImageOfPage":{"@id":"https:\/\/dkn-technology.com\/nl\/produkt\/r-600\/#primaryimage"},"image":{"@id":"https:\/\/dkn-technology.com\/nl\/produkt\/r-600\/#primaryimage"},"thumbnailUrl":"https:\/\/dkn-technology.com\/wp-content\/uploads\/2025\/08\/288.png","datePublished":"2025-08-22T08:25:13+00:00","dateModified":"2025-12-19T08:50:45+00:00","breadcrumb":{"@id":"https:\/\/dkn-technology.com\/nl\/produkt\/r-600\/#breadcrumb"},"inLanguage":"de","potentialAction":[{"@type":"ReadAction","target":["https:\/\/dkn-technology.com\/nl\/produkt\/r-600\/"]}]},{"@type":"ImageObject","inLanguage":"de","@id":"https:\/\/dkn-technology.com\/nl\/produkt\/r-600\/#primaryimage","url":"https:\/\/dkn-technology.com\/wp-content\/uploads\/2025\/08\/288.png","contentUrl":"https:\/\/dkn-technology.com\/wp-content\/uploads\/2025\/08\/288.png","width":1080,"height":1080},{"@type":"BreadcrumbList","@id":"https:\/\/dkn-technology.com\/nl\/produkt\/r-600\/#breadcrumb","itemListElement":[{"@type":"ListItem","position":1,"name":"Home","item":"https:\/\/dkn-technology.com\/de\/"},{"@type":"ListItem","position":2,"name":"Shop","item":"https:\/\/dkn-technology.com\/de\/shop\/"},{"@type":"ListItem","position":3,"name":"R-600"}]},{"@type":"WebSite","@id":"https:\/\/dkn-technology.com\/#website","url":"https:\/\/dkn-technology.com\/","name":"DKN-Technology","description":"Smart Fitness Solutions","publisher":{"@id":"https:\/\/dkn-technology.com\/#organization"},"potentialAction":[{"@type":"SearchAction","target":{"@type":"EntryPoint","urlTemplate":"https:\/\/dkn-technology.com\/?s={search_term_string}"},"query-input":{"@type":"PropertyValueSpecification","valueRequired":true,"valueName":"search_term_string"}}],"inLanguage":"de"},{"@type":"Organization","@id":"https:\/\/dkn-technology.com\/#organization","name":"DKN-Technology","url":"https:\/\/dkn-technology.com\/","logo":{"@type":"ImageObject","inLanguage":"de","@id":"https:\/\/dkn-technology.com\/#\/schema\/logo\/image\/","url":"https:\/\/dkn-technology.com\/wp-content\/uploads\/2023\/01\/DKN-logo@4x.webp","contentUrl":"https:\/\/dkn-technology.com\/wp-content\/uploads\/2023\/01\/DKN-logo@4x.webp","width":1933,"height":1029,"caption":"DKN-Technology"},"image":{"@id":"https:\/\/dkn-technology.com\/#\/schema\/logo\/image\/"},"sameAs":["https:\/\/www.facebook.com\/dkntechnology\/","https:\/\/instagram.com\/dkntechnology","https:\/\/www.youtube.com\/@DKN-Technology","https:\/\/www.linkedin.com\/company\/dkn-technology-smart-fitness-solutions"]}]}},"_links":{"self":[{"href":"https:\/\/dkn-technology.com\/de\/wp-json\/wp\/v2\/product\/31084","targetHints":{"allow":["GET"]}}],"collection":[{"href":"https:\/\/dkn-technology.com\/de\/wp-json\/wp\/v2\/product"}],"about":[{"href":"https:\/\/dkn-technology.com\/de\/wp-json\/wp\/v2\/types\/product"}],"version-history":[{"count":7,"href":"https:\/\/dkn-technology.com\/de\/wp-json\/wp\/v2\/product\/31084\/revisions"}],"predecessor-version":[{"id":31103,"href":"https:\/\/dkn-technology.com\/de\/wp-json\/wp\/v2\/product\/31084\/revisions\/31103"}],"wp:featuredmedia":[{"embeddable":true,"href":"https:\/\/dkn-technology.com\/de\/wp-json\/wp\/v2\/media\/31179"}],"wp:attachment":[{"href":"https:\/\/dkn-technology.com\/de\/wp-json\/wp\/v2\/media?parent=31084"}],"wp:term":[{"taxonomy":"product_brand","embeddable":true,"href":"https:\/\/dkn-technology.com\/de\/wp-json\/wp\/v2\/product_brand?post=31084"},{"taxonomy":"product_cat","embeddable":true,"href":"https:\/\/dkn-technology.com\/de\/wp-json\/wp\/v2\/product_cat?post=31084"},{"taxonomy":"product_tag","embeddable":true,"href":"https:\/\/dkn-technology.com\/de\/wp-json\/wp\/v2\/product_tag?post=31084"}],"curies":[{"name":"wp","href":"https:\/\/api.w.org\/{rel}","templated":true}]}}