{"id":4169,"date":"2023-01-30T15:03:14","date_gmt":"2023-01-30T13:03:14","guid":{"rendered":"https:\/\/dkn-technology.com\/product\/hometrainer-m-460\/"},"modified":"2025-09-23T14:25:42","modified_gmt":"2025-09-23T12:25:42","slug":"magbike-m-460","status":"publish","type":"product","link":"https:\/\/dkn-technology.com\/de\/produkt\/magbike-m-460\/","title":{"rendered":"Magbike M-460"},"content":{"rendered":"<p>Kompakt, einfach zu bedienen und zu verstauen: Der M-460 enth\u00e4lt alles, was Sie f\u00fcr ein gesundheitsorientiertes und komfortables Ausdauertraining ben\u00f6tigen.<\/p>\n<p>Die rutschfesten Pedale des Zehenriemens sorgen f\u00fcr eine reibungslose Fahrt ohne zu verrutschen.<\/p>\n<p>Aufgrund des niedrigen Vordereingangs passt dieses Fahrrad auch perfekt zu Menschen, die eine erste Reha ben\u00f6tigen.<\/p>\n<p>Der M-460 ist ein gro\u00dfartiges station\u00e4res Fahrrad f\u00fcr Anf\u00e4nger.<\/p>\n<p>Die gro\u00dfe Digitalanzeige ist ein einfach zu lesender Trainingscomputer mit Einstellungen f\u00fcr Gesamtentfernung, Zeit, Geschwindigkeit, Kalorienverbrauch und Puls.<\/p>\n<p>Die Membrankn\u00f6pfe f\u00fchlen sich gut an und sind einfach zu bedienen.<\/p>\n<p>Der Puls wird dabei \u00fcber die integrierten Handpulssensoren gemessen.<\/p>\n<p>Der vordere Stabilisator verf\u00fcgt \u00fcber solide R\u00e4der, mit denen Sie Ihr Heimtrainer bei Nichtgebrauch schnell und einfach aus dem Weg r\u00e4umen k\u00f6nnen. Kippen und rollen Sie einfach in die gew\u00fcnschte Position und bieten so ideale Vielseitigkeit.<\/p>\n<p>Dieses Fahrrad ist mit einem wartungsfreien manuell-magnetischen Induktionsbremssystem ausgestattet, das auf einem 7 kg schweren Schwungradsatz basiert.<\/p>\n<p>Der Widerstand kann in 8 Zwischenschritten eingestellt werden.<\/p>\n<p>Probieren Sie BitGym aus: Kompatibel mit jedem Fahrrad, Ellipsentrainer, Laufband oder Ruderger\u00e4t von DKN-Technologie, indem Sie einfach Ihr Telefon oder Tablet auf dem Zeitungsst\u00e4nder oder einem Regal direkt dahinter spielen.<\/p>\n<p>Streame oder lade jede Tour herunter. Durch Streaming k\u00f6nnen Sie schnell in Aktion treten, w\u00e4hrend Sie durch Herunterladen auch ohne Wifi trainieren k\u00f6nnen.<\/p>\n<p>Keine zu konfigurierende Hardware: BitGym verwendet ein patentiertes Tracking-System, bei dem die Frontkamera Ihres Telefons oder Tablets verwendet wird, um Ihre Trainingsbewegung zu &#8217;sehen&#8216;.<\/p>\n<p>F\u00fchren Sie ein Protokoll Ihrer Schritte, Trittfrequenz und Kalorien in der App und exportieren Sie Daten an Apple Health und andere.<\/p>\n<p>&nbsp;<\/p>\n","protected":false},"excerpt":{"rendered":"<div class=\"center-block col-xs-6 col-sm-7 col-md-6\">\n<div class=\"center-block col-xs-6 col-sm-7 col-md-6\">\n<div class=\"center-block col-xs-6 col-sm-7 col-md-6\">\n<div class=\"center-block col-xs-6 col-sm-7 col-md-6\">\n<div class=\"center-block col-xs-6 col-sm-7 col-md-6\">\n<div class=\"center-block col-xs-6 col-sm-7 col-md-6\">\n<p class=\"product-desc\">Der M460 ist ein Einstiegsmodell zu einem g\u00fcnstigen Preis, das sich durch einfache Handhabung auszeichnet.<\/p>\n<\/div>\n<\/div>\n<\/div>\n<\/div>\n<\/div>\n<\/div>\n","protected":false},"featured_media":9697,"template":"","meta":{"_acf_changed":false,"inline_featured_image":false,"_monsterinsights_skip_tracking":false,"_monsterinsights_sitenote_active":false,"_monsterinsights_sitenote_note":"","_monsterinsights_sitenote_category":0},"product_brand":[],"product_cat":[78],"product_tag":[],"class_list":{"0":"post-4169","1":"product","2":"type-product","3":"status-publish","4":"has-post-thumbnail","6":"product_cat-heimtrainer","7":"product_shipping_class-bis-50-kg","9":"first","10":"instock","11":"taxable","12":"shipping-taxable","13":"purchasable","14":"product-type-variable"},"acf":[],"yoast_head":"<!-- This site is optimized with the Yoast SEO plugin v27.3 - https:\/\/yoast.com\/product\/yoast-seo-wordpress\/ -->\n<title>Magbike M-460 - DKN-Technology<\/title>\n<meta name=\"robots\" content=\"index, follow, max-snippet:-1, max-image-preview:large, max-video-preview:-1\" \/>\n<link rel=\"canonical\" href=\"https:\/\/dkn-technology.com\/de\/produkt\/magbike-m-460\/\" \/>\n<meta property=\"og:locale\" content=\"de_DE\" \/>\n<meta property=\"og:type\" content=\"article\" \/>\n<meta property=\"og:title\" content=\"Magbike M-460 - DKN-Technology\" \/>\n<meta property=\"og:description\" content=\"Der M460 ist ein Einstiegsmodell zu einem g\u00fcnstigen Preis, das sich durch einfache Handhabung auszeichnet.\" \/>\n<meta property=\"og:url\" content=\"https:\/\/dkn-technology.com\/de\/produkt\/magbike-m-460\/\" \/>\n<meta property=\"og:site_name\" content=\"DKN-Technology\" \/>\n<meta property=\"article:publisher\" content=\"https:\/\/www.facebook.com\/dkntechnology\/\" \/>\n<meta property=\"article:modified_time\" content=\"2025-09-23T12:25:42+00:00\" \/>\n<meta property=\"og:image\" content=\"https:\/\/dkn-technology.com\/wp-content\/uploads\/2023\/01\/m-460-01-01.jpg\" \/>\n\t<meta property=\"og:image:width\" content=\"1067\" \/>\n\t<meta property=\"og:image:height\" content=\"1067\" \/>\n\t<meta property=\"og:image:type\" content=\"image\/jpeg\" \/>\n<meta name=\"twitter:card\" content=\"summary_large_image\" \/>\n<meta name=\"twitter:label1\" content=\"Gesch\u00e4tzte Lesezeit\" \/>\n\t<meta name=\"twitter:data1\" content=\"2\u00a0Minuten\" \/>\n<script type=\"application\/ld+json\" class=\"yoast-schema-graph\">{\"@context\":\"https:\\\/\\\/schema.org\",\"@graph\":[{\"@type\":\"WebPage\",\"@id\":\"https:\\\/\\\/dkn-technology.com\\\/de\\\/produkt\\\/magbike-m-460\\\/\",\"url\":\"https:\\\/\\\/dkn-technology.com\\\/de\\\/produkt\\\/magbike-m-460\\\/\",\"name\":\"Magbike M-460 - DKN-Technology\",\"isPartOf\":{\"@id\":\"https:\\\/\\\/dkn-technology.com\\\/#website\"},\"primaryImageOfPage\":{\"@id\":\"https:\\\/\\\/dkn-technology.com\\\/de\\\/produkt\\\/magbike-m-460\\\/#primaryimage\"},\"image\":{\"@id\":\"https:\\\/\\\/dkn-technology.com\\\/de\\\/produkt\\\/magbike-m-460\\\/#primaryimage\"},\"thumbnailUrl\":\"https:\\\/\\\/dkn-technology.com\\\/wp-content\\\/uploads\\\/2023\\\/01\\\/m-460-01-01.jpg\",\"datePublished\":\"2023-01-30T13:03:14+00:00\",\"dateModified\":\"2025-09-23T12:25:42+00:00\",\"breadcrumb\":{\"@id\":\"https:\\\/\\\/dkn-technology.com\\\/de\\\/produkt\\\/magbike-m-460\\\/#breadcrumb\"},\"inLanguage\":\"de\",\"potentialAction\":[{\"@type\":\"ReadAction\",\"target\":[\"https:\\\/\\\/dkn-technology.com\\\/de\\\/produkt\\\/magbike-m-460\\\/\"]}]},{\"@type\":\"ImageObject\",\"inLanguage\":\"de\",\"@id\":\"https:\\\/\\\/dkn-technology.com\\\/de\\\/produkt\\\/magbike-m-460\\\/#primaryimage\",\"url\":\"https:\\\/\\\/dkn-technology.com\\\/wp-content\\\/uploads\\\/2023\\\/01\\\/m-460-01-01.jpg\",\"contentUrl\":\"https:\\\/\\\/dkn-technology.com\\\/wp-content\\\/uploads\\\/2023\\\/01\\\/m-460-01-01.jpg\",\"width\":1067,\"height\":1067,\"caption\":\"Magbike M-460 | Exercise bike for seniors and everybody else | Hometrainer voor ouderen en al de rest!\"},{\"@type\":\"BreadcrumbList\",\"@id\":\"https:\\\/\\\/dkn-technology.com\\\/de\\\/produkt\\\/magbike-m-460\\\/#breadcrumb\",\"itemListElement\":[{\"@type\":\"ListItem\",\"position\":1,\"name\":\"Home\",\"item\":\"https:\\\/\\\/dkn-technology.com\\\/de\\\/\"},{\"@type\":\"ListItem\",\"position\":2,\"name\":\"Shop\",\"item\":\"https:\\\/\\\/dkn-technology.com\\\/de\\\/shop\\\/\"},{\"@type\":\"ListItem\",\"position\":3,\"name\":\"Magbike M-460\"}]},{\"@type\":\"WebSite\",\"@id\":\"https:\\\/\\\/dkn-technology.com\\\/#website\",\"url\":\"https:\\\/\\\/dkn-technology.com\\\/\",\"name\":\"DKN-Technology\",\"description\":\"Smart Fitness Solutions\",\"publisher\":{\"@id\":\"https:\\\/\\\/dkn-technology.com\\\/#organization\"},\"potentialAction\":[{\"@type\":\"SearchAction\",\"target\":{\"@type\":\"EntryPoint\",\"urlTemplate\":\"https:\\\/\\\/dkn-technology.com\\\/?s={search_term_string}\"},\"query-input\":{\"@type\":\"PropertyValueSpecification\",\"valueRequired\":true,\"valueName\":\"search_term_string\"}}],\"inLanguage\":\"de\"},{\"@type\":\"Organization\",\"@id\":\"https:\\\/\\\/dkn-technology.com\\\/#organization\",\"name\":\"DKN-Technology\",\"url\":\"https:\\\/\\\/dkn-technology.com\\\/\",\"logo\":{\"@type\":\"ImageObject\",\"inLanguage\":\"de\",\"@id\":\"https:\\\/\\\/dkn-technology.com\\\/#\\\/schema\\\/logo\\\/image\\\/\",\"url\":\"https:\\\/\\\/dkn-technology.com\\\/wp-content\\\/uploads\\\/2023\\\/01\\\/DKN-logo@4x.webp\",\"contentUrl\":\"https:\\\/\\\/dkn-technology.com\\\/wp-content\\\/uploads\\\/2023\\\/01\\\/DKN-logo@4x.webp\",\"width\":1933,\"height\":1029,\"caption\":\"DKN-Technology\"},\"image\":{\"@id\":\"https:\\\/\\\/dkn-technology.com\\\/#\\\/schema\\\/logo\\\/image\\\/\"},\"sameAs\":[\"https:\\\/\\\/www.facebook.com\\\/dkntechnology\\\/\",\"https:\\\/\\\/instagram.com\\\/dkntechnology\",\"https:\\\/\\\/www.youtube.com\\\/@DKN-Technology\",\"https:\\\/\\\/www.linkedin.com\\\/company\\\/dkn-technology-smart-fitness-solutions\"]}]}<\/script>\n<!-- \/ Yoast SEO plugin. -->","yoast_head_json":{"title":"Magbike M-460 - DKN-Technology","robots":{"index":"index","follow":"follow","max-snippet":"max-snippet:-1","max-image-preview":"max-image-preview:large","max-video-preview":"max-video-preview:-1"},"canonical":"https:\/\/dkn-technology.com\/de\/produkt\/magbike-m-460\/","og_locale":"de_DE","og_type":"article","og_title":"Magbike M-460 - DKN-Technology","og_description":"Der M460 ist ein Einstiegsmodell zu einem g\u00fcnstigen Preis, das sich durch einfache Handhabung auszeichnet.","og_url":"https:\/\/dkn-technology.com\/de\/produkt\/magbike-m-460\/","og_site_name":"DKN-Technology","article_publisher":"https:\/\/www.facebook.com\/dkntechnology\/","article_modified_time":"2025-09-23T12:25:42+00:00","og_image":[{"width":1067,"height":1067,"url":"https:\/\/dkn-technology.com\/wp-content\/uploads\/2023\/01\/m-460-01-01.jpg","type":"image\/jpeg"}],"twitter_card":"summary_large_image","twitter_misc":{"Gesch\u00e4tzte Lesezeit":"2\u00a0Minuten"},"schema":{"@context":"https:\/\/schema.org","@graph":[{"@type":"WebPage","@id":"https:\/\/dkn-technology.com\/de\/produkt\/magbike-m-460\/","url":"https:\/\/dkn-technology.com\/de\/produkt\/magbike-m-460\/","name":"Magbike M-460 - DKN-Technology","isPartOf":{"@id":"https:\/\/dkn-technology.com\/#website"},"primaryImageOfPage":{"@id":"https:\/\/dkn-technology.com\/de\/produkt\/magbike-m-460\/#primaryimage"},"image":{"@id":"https:\/\/dkn-technology.com\/de\/produkt\/magbike-m-460\/#primaryimage"},"thumbnailUrl":"https:\/\/dkn-technology.com\/wp-content\/uploads\/2023\/01\/m-460-01-01.jpg","datePublished":"2023-01-30T13:03:14+00:00","dateModified":"2025-09-23T12:25:42+00:00","breadcrumb":{"@id":"https:\/\/dkn-technology.com\/de\/produkt\/magbike-m-460\/#breadcrumb"},"inLanguage":"de","potentialAction":[{"@type":"ReadAction","target":["https:\/\/dkn-technology.com\/de\/produkt\/magbike-m-460\/"]}]},{"@type":"ImageObject","inLanguage":"de","@id":"https:\/\/dkn-technology.com\/de\/produkt\/magbike-m-460\/#primaryimage","url":"https:\/\/dkn-technology.com\/wp-content\/uploads\/2023\/01\/m-460-01-01.jpg","contentUrl":"https:\/\/dkn-technology.com\/wp-content\/uploads\/2023\/01\/m-460-01-01.jpg","width":1067,"height":1067,"caption":"Magbike M-460 | Exercise bike for seniors and everybody else | Hometrainer voor ouderen en al de rest!"},{"@type":"BreadcrumbList","@id":"https:\/\/dkn-technology.com\/de\/produkt\/magbike-m-460\/#breadcrumb","itemListElement":[{"@type":"ListItem","position":1,"name":"Home","item":"https:\/\/dkn-technology.com\/de\/"},{"@type":"ListItem","position":2,"name":"Shop","item":"https:\/\/dkn-technology.com\/de\/shop\/"},{"@type":"ListItem","position":3,"name":"Magbike M-460"}]},{"@type":"WebSite","@id":"https:\/\/dkn-technology.com\/#website","url":"https:\/\/dkn-technology.com\/","name":"DKN-Technology","description":"Smart Fitness Solutions","publisher":{"@id":"https:\/\/dkn-technology.com\/#organization"},"potentialAction":[{"@type":"SearchAction","target":{"@type":"EntryPoint","urlTemplate":"https:\/\/dkn-technology.com\/?s={search_term_string}"},"query-input":{"@type":"PropertyValueSpecification","valueRequired":true,"valueName":"search_term_string"}}],"inLanguage":"de"},{"@type":"Organization","@id":"https:\/\/dkn-technology.com\/#organization","name":"DKN-Technology","url":"https:\/\/dkn-technology.com\/","logo":{"@type":"ImageObject","inLanguage":"de","@id":"https:\/\/dkn-technology.com\/#\/schema\/logo\/image\/","url":"https:\/\/dkn-technology.com\/wp-content\/uploads\/2023\/01\/DKN-logo@4x.webp","contentUrl":"https:\/\/dkn-technology.com\/wp-content\/uploads\/2023\/01\/DKN-logo@4x.webp","width":1933,"height":1029,"caption":"DKN-Technology"},"image":{"@id":"https:\/\/dkn-technology.com\/#\/schema\/logo\/image\/"},"sameAs":["https:\/\/www.facebook.com\/dkntechnology\/","https:\/\/instagram.com\/dkntechnology","https:\/\/www.youtube.com\/@DKN-Technology","https:\/\/www.linkedin.com\/company\/dkn-technology-smart-fitness-solutions"]}]}},"_links":{"self":[{"href":"https:\/\/dkn-technology.com\/de\/wp-json\/wp\/v2\/product\/4169","targetHints":{"allow":["GET"]}}],"collection":[{"href":"https:\/\/dkn-technology.com\/de\/wp-json\/wp\/v2\/product"}],"about":[{"href":"https:\/\/dkn-technology.com\/de\/wp-json\/wp\/v2\/types\/product"}],"version-history":[{"count":13,"href":"https:\/\/dkn-technology.com\/de\/wp-json\/wp\/v2\/product\/4169\/revisions"}],"predecessor-version":[{"id":31645,"href":"https:\/\/dkn-technology.com\/de\/wp-json\/wp\/v2\/product\/4169\/revisions\/31645"}],"wp:featuredmedia":[{"embeddable":true,"href":"https:\/\/dkn-technology.com\/de\/wp-json\/wp\/v2\/media\/9697"}],"wp:attachment":[{"href":"https:\/\/dkn-technology.com\/de\/wp-json\/wp\/v2\/media?parent=4169"}],"wp:term":[{"taxonomy":"product_brand","embeddable":true,"href":"https:\/\/dkn-technology.com\/de\/wp-json\/wp\/v2\/product_brand?post=4169"},{"taxonomy":"product_cat","embeddable":true,"href":"https:\/\/dkn-technology.com\/de\/wp-json\/wp\/v2\/product_cat?post=4169"},{"taxonomy":"product_tag","embeddable":true,"href":"https:\/\/dkn-technology.com\/de\/wp-json\/wp\/v2\/product_tag?post=4169"}],"curies":[{"name":"wp","href":"https:\/\/api.w.org\/{rel}","templated":true}]}}