{"id":4237,"date":"2023-01-30T15:03:14","date_gmt":"2023-01-30T13:03:14","guid":{"rendered":"https:\/\/dkn-technology.com\/product\/magbike-m-470\/"},"modified":"2025-09-23T14:28:56","modified_gmt":"2025-09-23T12:28:56","slug":"magbike-m-470","status":"publish","type":"product","link":"https:\/\/dkn-technology.com\/de\/produkt\/magbike-m-470\/","title":{"rendered":"Magbike M-470"},"content":{"rendered":"<p>Der M-470 teilt die Eigenschaften, die jedes Heimtrainer haben sollte:<br \/>\nEin einfaches, robustes, ergonomisches Design mit einer sanften, komfortablen Bewegung, die f\u00fcr eine Vielzahl von K\u00f6rpertypen geeignet ist.<\/p>\n<p>Der M-470 ist mit einem wartungsfreien manuell-magnetischen Induktionsbremssystem ausgestattet, das auf einem 8-kg-Schwungradsatz basiert. Der Widerstand kann in 8 Zwischenschritten eingestellt werden.<br \/>\nDas Getriebe verwendet einen Poly-V-Riemenantrieb f\u00fcr ein sanftes, leises Fahrgef\u00fchl, um ein gleichm\u00e4\u00dfig fl\u00fcssiges Training zu gew\u00e4hrleisten.<\/p>\n<p>Die Digitalanzeige ist ein einfach zu lesender Trainingscomputer mit Einstellungen f\u00fcr Gesamtentfernung, Zeit, Geschwindigkeit, Kalorienverbrauch, BMI \/ BMR und Puls. Und dieses Heimtrainer ist mit der Fitness App Bitgym kompatibel.<\/p>\n<p>Das Fahrrad wird mit integrierten Handgriffen f\u00fcr Pulsmessungen geliefert.<\/p>\n<p>Der niedrige Vordereingang erm\u00f6glicht einen einfachen Zugang, wodurch dieses Fahrrad perfekt f\u00fcr die erste Reha geeignet ist.<\/p>\n<p>Die erweiterte Vorderfront erm\u00f6glicht sowohl \u00e4lteren Benutzern als auch Reha-Patienten eine Aufrichtposition, wodurch die Belastung des unteren R\u00fcckens verringert wird.<\/p>\n<p>Ausgestattet mit einem extra gro\u00dfen, fest verstellbaren Lenker, der speziell f\u00fcr maximalen Benutzerkomfort entwickelt wurde.<\/p>\n<p>Der vordere Stabilisator verf\u00fcgt \u00fcber solide R\u00e4der, mit denen Sie Ihr Heimtrainer bei Nichtgebrauch schnell und einfach aus dem Weg r\u00e4umen k\u00f6nnen. Kippen und rollen Sie einfach in die gew\u00fcnschte Position und bieten so ideale Vielseitigkeit.<\/p>\n<p>Das M-470 ist ein sehr stabiles Fahrrad, das jedoch leicht zu handhaben und zu verstauen ist. Dieses Fahrrad ist f\u00fcr den regelm\u00e4\u00dfigen Heimgebrauch konzipiert.<\/p>\n","protected":false},"excerpt":{"rendered":"<div class=\"center-block col-xs-6 col-sm-7 col-md-6\">\n<div class=\"center-block col-xs-6 col-sm-7 col-md-6\">\n<div class=\"center-block col-xs-6 col-sm-7 col-md-6\">\n<p class=\"product-desc\">Ergonomisches Design: Der M-470 verf\u00fcgt \u00fcber ein einfaches, robustes ergonomisches Design mit einer sanften, komfortablen Bewegung, die f\u00fcr eine Vielzahl von&#8230;<\/p>\n<\/div>\n<\/div>\n<\/div>\n","protected":false},"featured_media":3003,"template":"","meta":{"_acf_changed":false,"inline_featured_image":false,"_monsterinsights_skip_tracking":false,"_monsterinsights_sitenote_active":false,"_monsterinsights_sitenote_note":"","_monsterinsights_sitenote_category":0},"product_brand":[],"product_cat":[78],"product_tag":[],"class_list":{"0":"post-4237","1":"product","2":"type-product","3":"status-publish","4":"has-post-thumbnail","6":"product_cat-heimtrainer","7":"product_shipping_class-bis-50-kg","9":"first","10":"outofstock","11":"taxable","12":"shipping-taxable","13":"purchasable","14":"product-type-variable","15":"has-default-attributes"},"acf":[],"yoast_head":"<!-- This site is optimized with the Yoast SEO plugin v27.3 - https:\/\/yoast.com\/product\/yoast-seo-wordpress\/ -->\n<title>Magbike M-470 - DKN-Technology<\/title>\n<meta name=\"robots\" content=\"index, follow, max-snippet:-1, max-image-preview:large, max-video-preview:-1\" \/>\n<link rel=\"canonical\" href=\"https:\/\/dkn-technology.com\/de\/produkt\/magbike-m-470\/\" \/>\n<meta property=\"og:locale\" content=\"de_DE\" \/>\n<meta property=\"og:type\" content=\"article\" \/>\n<meta property=\"og:title\" content=\"Magbike M-470 - DKN-Technology\" \/>\n<meta property=\"og:description\" content=\"Ergonomisches Design: Der M-470 verf\u00fcgt \u00fcber ein einfaches, robustes ergonomisches Design mit einer sanften, komfortablen Bewegung, die f\u00fcr eine Vielzahl von...\" \/>\n<meta property=\"og:url\" content=\"https:\/\/dkn-technology.com\/de\/produkt\/magbike-m-470\/\" \/>\n<meta property=\"og:site_name\" content=\"DKN-Technology\" \/>\n<meta property=\"article:publisher\" content=\"https:\/\/www.facebook.com\/dkntechnology\/\" \/>\n<meta property=\"article:modified_time\" content=\"2025-09-23T12:28:56+00:00\" \/>\n<meta property=\"og:image\" content=\"https:\/\/dkn-technology.com\/wp-content\/uploads\/2023\/01\/M-470-3.jpg\" \/>\n\t<meta property=\"og:image:width\" content=\"1420\" \/>\n\t<meta property=\"og:image:height\" content=\"1405\" \/>\n\t<meta property=\"og:image:type\" content=\"image\/jpeg\" \/>\n<meta name=\"twitter:card\" content=\"summary_large_image\" \/>\n<meta name=\"twitter:label1\" content=\"Gesch\u00e4tzte Lesezeit\" \/>\n\t<meta name=\"twitter:data1\" content=\"2\u00a0Minuten\" \/>\n<script type=\"application\/ld+json\" class=\"yoast-schema-graph\">{\"@context\":\"https:\\\/\\\/schema.org\",\"@graph\":[{\"@type\":\"WebPage\",\"@id\":\"https:\\\/\\\/dkn-technology.com\\\/de\\\/produkt\\\/magbike-m-470\\\/\",\"url\":\"https:\\\/\\\/dkn-technology.com\\\/de\\\/produkt\\\/magbike-m-470\\\/\",\"name\":\"Magbike M-470 - DKN-Technology\",\"isPartOf\":{\"@id\":\"https:\\\/\\\/dkn-technology.com\\\/#website\"},\"primaryImageOfPage\":{\"@id\":\"https:\\\/\\\/dkn-technology.com\\\/de\\\/produkt\\\/magbike-m-470\\\/#primaryimage\"},\"image\":{\"@id\":\"https:\\\/\\\/dkn-technology.com\\\/de\\\/produkt\\\/magbike-m-470\\\/#primaryimage\"},\"thumbnailUrl\":\"https:\\\/\\\/dkn-technology.com\\\/wp-content\\\/uploads\\\/2023\\\/01\\\/M-470-3.jpg\",\"datePublished\":\"2023-01-30T13:03:14+00:00\",\"dateModified\":\"2025-09-23T12:28:56+00:00\",\"breadcrumb\":{\"@id\":\"https:\\\/\\\/dkn-technology.com\\\/de\\\/produkt\\\/magbike-m-470\\\/#breadcrumb\"},\"inLanguage\":\"de\",\"potentialAction\":[{\"@type\":\"ReadAction\",\"target\":[\"https:\\\/\\\/dkn-technology.com\\\/de\\\/produkt\\\/magbike-m-470\\\/\"]}]},{\"@type\":\"ImageObject\",\"inLanguage\":\"de\",\"@id\":\"https:\\\/\\\/dkn-technology.com\\\/de\\\/produkt\\\/magbike-m-470\\\/#primaryimage\",\"url\":\"https:\\\/\\\/dkn-technology.com\\\/wp-content\\\/uploads\\\/2023\\\/01\\\/M-470-3.jpg\",\"contentUrl\":\"https:\\\/\\\/dkn-technology.com\\\/wp-content\\\/uploads\\\/2023\\\/01\\\/M-470-3.jpg\",\"width\":1420,\"height\":1405,\"caption\":\"m-470 exercise bike suitable for seniors\"},{\"@type\":\"BreadcrumbList\",\"@id\":\"https:\\\/\\\/dkn-technology.com\\\/de\\\/produkt\\\/magbike-m-470\\\/#breadcrumb\",\"itemListElement\":[{\"@type\":\"ListItem\",\"position\":1,\"name\":\"Home\",\"item\":\"https:\\\/\\\/dkn-technology.com\\\/de\\\/\"},{\"@type\":\"ListItem\",\"position\":2,\"name\":\"Shop\",\"item\":\"https:\\\/\\\/dkn-technology.com\\\/de\\\/shop\\\/\"},{\"@type\":\"ListItem\",\"position\":3,\"name\":\"Magbike M-470\"}]},{\"@type\":\"WebSite\",\"@id\":\"https:\\\/\\\/dkn-technology.com\\\/#website\",\"url\":\"https:\\\/\\\/dkn-technology.com\\\/\",\"name\":\"DKN-Technology\",\"description\":\"Smart Fitness Solutions\",\"publisher\":{\"@id\":\"https:\\\/\\\/dkn-technology.com\\\/#organization\"},\"potentialAction\":[{\"@type\":\"SearchAction\",\"target\":{\"@type\":\"EntryPoint\",\"urlTemplate\":\"https:\\\/\\\/dkn-technology.com\\\/?s={search_term_string}\"},\"query-input\":{\"@type\":\"PropertyValueSpecification\",\"valueRequired\":true,\"valueName\":\"search_term_string\"}}],\"inLanguage\":\"de\"},{\"@type\":\"Organization\",\"@id\":\"https:\\\/\\\/dkn-technology.com\\\/#organization\",\"name\":\"DKN-Technology\",\"url\":\"https:\\\/\\\/dkn-technology.com\\\/\",\"logo\":{\"@type\":\"ImageObject\",\"inLanguage\":\"de\",\"@id\":\"https:\\\/\\\/dkn-technology.com\\\/#\\\/schema\\\/logo\\\/image\\\/\",\"url\":\"https:\\\/\\\/dkn-technology.com\\\/wp-content\\\/uploads\\\/2023\\\/01\\\/DKN-logo@4x.webp\",\"contentUrl\":\"https:\\\/\\\/dkn-technology.com\\\/wp-content\\\/uploads\\\/2023\\\/01\\\/DKN-logo@4x.webp\",\"width\":1933,\"height\":1029,\"caption\":\"DKN-Technology\"},\"image\":{\"@id\":\"https:\\\/\\\/dkn-technology.com\\\/#\\\/schema\\\/logo\\\/image\\\/\"},\"sameAs\":[\"https:\\\/\\\/www.facebook.com\\\/dkntechnology\\\/\",\"https:\\\/\\\/instagram.com\\\/dkntechnology\",\"https:\\\/\\\/www.youtube.com\\\/@DKN-Technology\",\"https:\\\/\\\/www.linkedin.com\\\/company\\\/dkn-technology-smart-fitness-solutions\"]}]}<\/script>\n<!-- \/ Yoast SEO plugin. -->","yoast_head_json":{"title":"Magbike M-470 - DKN-Technology","robots":{"index":"index","follow":"follow","max-snippet":"max-snippet:-1","max-image-preview":"max-image-preview:large","max-video-preview":"max-video-preview:-1"},"canonical":"https:\/\/dkn-technology.com\/de\/produkt\/magbike-m-470\/","og_locale":"de_DE","og_type":"article","og_title":"Magbike M-470 - DKN-Technology","og_description":"Ergonomisches Design: Der M-470 verf\u00fcgt \u00fcber ein einfaches, robustes ergonomisches Design mit einer sanften, komfortablen Bewegung, die f\u00fcr eine Vielzahl von...","og_url":"https:\/\/dkn-technology.com\/de\/produkt\/magbike-m-470\/","og_site_name":"DKN-Technology","article_publisher":"https:\/\/www.facebook.com\/dkntechnology\/","article_modified_time":"2025-09-23T12:28:56+00:00","og_image":[{"width":1420,"height":1405,"url":"https:\/\/dkn-technology.com\/wp-content\/uploads\/2023\/01\/M-470-3.jpg","type":"image\/jpeg"}],"twitter_card":"summary_large_image","twitter_misc":{"Gesch\u00e4tzte Lesezeit":"2\u00a0Minuten"},"schema":{"@context":"https:\/\/schema.org","@graph":[{"@type":"WebPage","@id":"https:\/\/dkn-technology.com\/de\/produkt\/magbike-m-470\/","url":"https:\/\/dkn-technology.com\/de\/produkt\/magbike-m-470\/","name":"Magbike M-470 - DKN-Technology","isPartOf":{"@id":"https:\/\/dkn-technology.com\/#website"},"primaryImageOfPage":{"@id":"https:\/\/dkn-technology.com\/de\/produkt\/magbike-m-470\/#primaryimage"},"image":{"@id":"https:\/\/dkn-technology.com\/de\/produkt\/magbike-m-470\/#primaryimage"},"thumbnailUrl":"https:\/\/dkn-technology.com\/wp-content\/uploads\/2023\/01\/M-470-3.jpg","datePublished":"2023-01-30T13:03:14+00:00","dateModified":"2025-09-23T12:28:56+00:00","breadcrumb":{"@id":"https:\/\/dkn-technology.com\/de\/produkt\/magbike-m-470\/#breadcrumb"},"inLanguage":"de","potentialAction":[{"@type":"ReadAction","target":["https:\/\/dkn-technology.com\/de\/produkt\/magbike-m-470\/"]}]},{"@type":"ImageObject","inLanguage":"de","@id":"https:\/\/dkn-technology.com\/de\/produkt\/magbike-m-470\/#primaryimage","url":"https:\/\/dkn-technology.com\/wp-content\/uploads\/2023\/01\/M-470-3.jpg","contentUrl":"https:\/\/dkn-technology.com\/wp-content\/uploads\/2023\/01\/M-470-3.jpg","width":1420,"height":1405,"caption":"m-470 exercise bike suitable for seniors"},{"@type":"BreadcrumbList","@id":"https:\/\/dkn-technology.com\/de\/produkt\/magbike-m-470\/#breadcrumb","itemListElement":[{"@type":"ListItem","position":1,"name":"Home","item":"https:\/\/dkn-technology.com\/de\/"},{"@type":"ListItem","position":2,"name":"Shop","item":"https:\/\/dkn-technology.com\/de\/shop\/"},{"@type":"ListItem","position":3,"name":"Magbike M-470"}]},{"@type":"WebSite","@id":"https:\/\/dkn-technology.com\/#website","url":"https:\/\/dkn-technology.com\/","name":"DKN-Technology","description":"Smart Fitness Solutions","publisher":{"@id":"https:\/\/dkn-technology.com\/#organization"},"potentialAction":[{"@type":"SearchAction","target":{"@type":"EntryPoint","urlTemplate":"https:\/\/dkn-technology.com\/?s={search_term_string}"},"query-input":{"@type":"PropertyValueSpecification","valueRequired":true,"valueName":"search_term_string"}}],"inLanguage":"de"},{"@type":"Organization","@id":"https:\/\/dkn-technology.com\/#organization","name":"DKN-Technology","url":"https:\/\/dkn-technology.com\/","logo":{"@type":"ImageObject","inLanguage":"de","@id":"https:\/\/dkn-technology.com\/#\/schema\/logo\/image\/","url":"https:\/\/dkn-technology.com\/wp-content\/uploads\/2023\/01\/DKN-logo@4x.webp","contentUrl":"https:\/\/dkn-technology.com\/wp-content\/uploads\/2023\/01\/DKN-logo@4x.webp","width":1933,"height":1029,"caption":"DKN-Technology"},"image":{"@id":"https:\/\/dkn-technology.com\/#\/schema\/logo\/image\/"},"sameAs":["https:\/\/www.facebook.com\/dkntechnology\/","https:\/\/instagram.com\/dkntechnology","https:\/\/www.youtube.com\/@DKN-Technology","https:\/\/www.linkedin.com\/company\/dkn-technology-smart-fitness-solutions"]}]}},"_links":{"self":[{"href":"https:\/\/dkn-technology.com\/de\/wp-json\/wp\/v2\/product\/4237","targetHints":{"allow":["GET"]}}],"collection":[{"href":"https:\/\/dkn-technology.com\/de\/wp-json\/wp\/v2\/product"}],"about":[{"href":"https:\/\/dkn-technology.com\/de\/wp-json\/wp\/v2\/types\/product"}],"version-history":[{"count":9,"href":"https:\/\/dkn-technology.com\/de\/wp-json\/wp\/v2\/product\/4237\/revisions"}],"predecessor-version":[{"id":31648,"href":"https:\/\/dkn-technology.com\/de\/wp-json\/wp\/v2\/product\/4237\/revisions\/31648"}],"wp:featuredmedia":[{"embeddable":true,"href":"https:\/\/dkn-technology.com\/de\/wp-json\/wp\/v2\/media\/3003"}],"wp:attachment":[{"href":"https:\/\/dkn-technology.com\/de\/wp-json\/wp\/v2\/media?parent=4237"}],"wp:term":[{"taxonomy":"product_brand","embeddable":true,"href":"https:\/\/dkn-technology.com\/de\/wp-json\/wp\/v2\/product_brand?post=4237"},{"taxonomy":"product_cat","embeddable":true,"href":"https:\/\/dkn-technology.com\/de\/wp-json\/wp\/v2\/product_cat?post=4237"},{"taxonomy":"product_tag","embeddable":true,"href":"https:\/\/dkn-technology.com\/de\/wp-json\/wp\/v2\/product_tag?post=4237"}],"curies":[{"name":"wp","href":"https:\/\/api.w.org\/{rel}","templated":true}]}}