{"id":4238,"date":"2023-01-30T15:03:14","date_gmt":"2023-01-30T13:03:14","guid":{"rendered":"https:\/\/dkn-technology.com\/product\/ergometer-am3i\/"},"modified":"2025-09-23T14:31:20","modified_gmt":"2025-09-23T12:31:20","slug":"ergometer-am3i","status":"publish","type":"product","link":"https:\/\/dkn-technology.com\/de\/produkt\/ergometer-am3i\/","title":{"rendered":"Ergometer Am3i"},"content":{"rendered":"<p>Das AM-3i ist ein hochintensives Ergometer f\u00fcr den Heimgebrauch, das nicht nur gut aussieht, sondern auch den h\u00f6chsten Standards entspricht.<\/p>\n<p>Mit einer superweichen Aktion, die durch den gro\u00dfen 11-kg-Schwungradsatz erzeugt wird, und einem hochfesten hochfesten Stahlrahmen f\u00fcr zus\u00e4tzliche Robustheit und Stabilit\u00e4t hilft Ihnen der AM-3i, Ihre Fitnessziele sicherer, schneller und bequemer zu erreichen.<\/p>\n<p>Der AM-3i bietet au\u00dferdem ein hohes Ma\u00df an Benutzerkomfort. Er ist mit einem mit weichem Gel \u00fcberzogenen Sattel ausgestattet und verf\u00fcgt \u00fcber eine One-Touch-Sitzh\u00f6henverstellung sowie eine Sitzreichweite und eine Lenkerverstellung, um sicherzustellen, dass dieses Ergometer das bietet ideale Fahrposition f\u00fcr fast jeden Einzelnen.<\/p>\n<p>Die Herzfrequenzregelung ist standardm\u00e4\u00dfig in die meisten DKN-Technologie-Konsolen integriert.<\/p>\n<p>Der AM-3i verwendet jedoch Bluetooth 4.0 f\u00fcr eine genauere Herzfrequenzregistrierung.<\/p>\n<p>F\u00fcr das HR-Training schnallen Sie einfach den Bluetooth-HR-Gurt an und verbinden Sie sich automatisch mit der AM-3i-Konsole, um eine stabile und genauere Herzfrequenzregistrierung zu erhalten.<\/p>\n<p>Mit dem AM-3i erhalten Sie den zus\u00e4tzlichen Vorteil, dass Sie Ihr eigenes Profil auf der Konsole speichern k\u00f6nnen, sodass Sie Ihr Fahrrad optimal nutzen k\u00f6nnen. Jede Option kann mit bis zu 32 Intensit\u00e4ts- und Zeitintervallen programmiert werden.<\/p>\n<p>Durch die Arbeit mit Ihren eigenen Einstellungen werden die Programme und das Feedback auf Sie zugeschnitten.<\/p>\n<p>Neben der benutzerspezifischen Einstellung verf\u00fcgt der AM-3i \u00fcber 12 professionell gestaltete voreingestellte Trainingsprofile.<\/p>\n<p>Zus\u00e4tzlich ist im AM-3i ein WATT-Fortf\u00fchrungsprogramm enthalten.<\/p>\n<p>F\u00fcr genauere Einstellungen bietet die AM-3i-Konsole 4 Benutzerprofile.<\/p>\n<p>&nbsp;<\/p>\n<p>&nbsp;<\/p>\n<p>Die AM-3i-Konsole ist mit Kinomap kompatibel.<\/p>\n<p>Mit Kinomap k\u00f6nnen Sie bequem von zu Hause aus auf die beliebtesten Radwege zugreifen.<\/p>\n<p>Um eine realistischere Erfahrung zu bieten, verwendet das Programm Google-Kartendaten, einschlie\u00dflich der Funktion zum Neigen und Verringern.<\/p>\n<p>W\u00e4hlen oder erstellen Sie einfach Ihre eigene Route, dr\u00fccken Sie Start und folgen Sie der Karte in Ihrem eigenen Tempo!<\/p>\n<p>Sie k\u00f6nnen die wichtigsten Statistiken nach jeder Trainingseinheit in Ihrem iLog speichern und Sitzungen in sozialen Medien teilen.<\/p>\n","protected":false},"excerpt":{"rendered":"<div class=\"center-block col-xs-6 col-sm-7 col-md-6\">\n<div id=\"short_description_block\">\n<div id=\"short_description_content\" class=\"rte align_justify\">Der AM-3i ist ein motorisiertes Ergometer, das bis zu 350 Watt erzeugen kann. Dieses Fahrrad soll Ihnen helfen, Ihre Fitnessziele sicherer, schneller und bequemer zu erreichen.<\/div>\n<\/div>\n<\/div>\n","protected":false},"featured_media":9524,"template":"","meta":{"_acf_changed":false,"inline_featured_image":false,"_monsterinsights_skip_tracking":false,"_monsterinsights_sitenote_active":false,"_monsterinsights_sitenote_note":"","_monsterinsights_sitenote_category":0},"product_brand":[],"product_cat":[78],"product_tag":[],"class_list":{"0":"post-4238","1":"product","2":"type-product","3":"status-publish","4":"has-post-thumbnail","6":"product_cat-heimtrainer","7":"product_shipping_class-bis-50-kg","9":"first","10":"outofstock","11":"taxable","12":"shipping-taxable","13":"purchasable","14":"product-type-variable","15":"has-default-attributes"},"acf":[],"yoast_head":"<!-- This site is optimized with the Yoast SEO plugin v27.3 - https:\/\/yoast.com\/product\/yoast-seo-wordpress\/ -->\n<title>Ergometer Am3i - DKN-Technology<\/title>\n<meta name=\"robots\" content=\"index, follow, max-snippet:-1, max-image-preview:large, max-video-preview:-1\" \/>\n<link rel=\"canonical\" href=\"https:\/\/dkn-technology.com\/de\/produkt\/ergometer-am3i\/\" \/>\n<meta property=\"og:locale\" content=\"de_DE\" \/>\n<meta property=\"og:type\" content=\"article\" \/>\n<meta property=\"og:title\" content=\"Ergometer Am3i - DKN-Technology\" \/>\n<meta property=\"og:description\" content=\"Der AM-3i ist ein motorisiertes Ergometer, das bis zu 350 Watt erzeugen kann. Dieses Fahrrad soll Ihnen helfen, Ihre Fitnessziele sicherer, schneller und bequemer zu erreichen.\" \/>\n<meta property=\"og:url\" content=\"https:\/\/dkn-technology.com\/de\/produkt\/ergometer-am3i\/\" \/>\n<meta property=\"og:site_name\" content=\"DKN-Technology\" \/>\n<meta property=\"article:publisher\" content=\"https:\/\/www.facebook.com\/dkntechnology\/\" \/>\n<meta property=\"article:modified_time\" content=\"2025-09-23T12:31:20+00:00\" \/>\n<meta property=\"og:image\" content=\"https:\/\/dkn-technology.com\/wp-content\/uploads\/2023\/01\/AM-3i-01-01.jpg\" \/>\n\t<meta property=\"og:image:width\" content=\"1067\" \/>\n\t<meta property=\"og:image:height\" content=\"1067\" \/>\n\t<meta property=\"og:image:type\" content=\"image\/jpeg\" \/>\n<meta name=\"twitter:card\" content=\"summary_large_image\" \/>\n<meta name=\"twitter:label1\" content=\"Gesch\u00e4tzte Lesezeit\" \/>\n\t<meta name=\"twitter:data1\" content=\"2\u00a0Minuten\" \/>\n<script type=\"application\/ld+json\" class=\"yoast-schema-graph\">{\"@context\":\"https:\\\/\\\/schema.org\",\"@graph\":[{\"@type\":\"WebPage\",\"@id\":\"https:\\\/\\\/dkn-technology.com\\\/de\\\/produkt\\\/ergometer-am3i\\\/\",\"url\":\"https:\\\/\\\/dkn-technology.com\\\/de\\\/produkt\\\/ergometer-am3i\\\/\",\"name\":\"Ergometer Am3i - DKN-Technology\",\"isPartOf\":{\"@id\":\"https:\\\/\\\/dkn-technology.com\\\/#website\"},\"primaryImageOfPage\":{\"@id\":\"https:\\\/\\\/dkn-technology.com\\\/de\\\/produkt\\\/ergometer-am3i\\\/#primaryimage\"},\"image\":{\"@id\":\"https:\\\/\\\/dkn-technology.com\\\/de\\\/produkt\\\/ergometer-am3i\\\/#primaryimage\"},\"thumbnailUrl\":\"https:\\\/\\\/dkn-technology.com\\\/wp-content\\\/uploads\\\/2023\\\/01\\\/AM-3i-01-01.jpg\",\"datePublished\":\"2023-01-30T13:03:14+00:00\",\"dateModified\":\"2025-09-23T12:31:20+00:00\",\"breadcrumb\":{\"@id\":\"https:\\\/\\\/dkn-technology.com\\\/de\\\/produkt\\\/ergometer-am3i\\\/#breadcrumb\"},\"inLanguage\":\"de\",\"potentialAction\":[{\"@type\":\"ReadAction\",\"target\":[\"https:\\\/\\\/dkn-technology.com\\\/de\\\/produkt\\\/ergometer-am3i\\\/\"]}]},{\"@type\":\"ImageObject\",\"inLanguage\":\"de\",\"@id\":\"https:\\\/\\\/dkn-technology.com\\\/de\\\/produkt\\\/ergometer-am3i\\\/#primaryimage\",\"url\":\"https:\\\/\\\/dkn-technology.com\\\/wp-content\\\/uploads\\\/2023\\\/01\\\/AM-3i-01-01.jpg\",\"contentUrl\":\"https:\\\/\\\/dkn-technology.com\\\/wp-content\\\/uploads\\\/2023\\\/01\\\/AM-3i-01-01.jpg\",\"width\":1067,\"height\":1067,\"caption\":\"Ergometer AM-3i | Exercise bike\"},{\"@type\":\"BreadcrumbList\",\"@id\":\"https:\\\/\\\/dkn-technology.com\\\/de\\\/produkt\\\/ergometer-am3i\\\/#breadcrumb\",\"itemListElement\":[{\"@type\":\"ListItem\",\"position\":1,\"name\":\"Home\",\"item\":\"https:\\\/\\\/dkn-technology.com\\\/de\\\/\"},{\"@type\":\"ListItem\",\"position\":2,\"name\":\"Shop\",\"item\":\"https:\\\/\\\/dkn-technology.com\\\/de\\\/shop\\\/\"},{\"@type\":\"ListItem\",\"position\":3,\"name\":\"Ergometer Am3i\"}]},{\"@type\":\"WebSite\",\"@id\":\"https:\\\/\\\/dkn-technology.com\\\/#website\",\"url\":\"https:\\\/\\\/dkn-technology.com\\\/\",\"name\":\"DKN-Technology\",\"description\":\"Smart Fitness Solutions\",\"publisher\":{\"@id\":\"https:\\\/\\\/dkn-technology.com\\\/#organization\"},\"potentialAction\":[{\"@type\":\"SearchAction\",\"target\":{\"@type\":\"EntryPoint\",\"urlTemplate\":\"https:\\\/\\\/dkn-technology.com\\\/?s={search_term_string}\"},\"query-input\":{\"@type\":\"PropertyValueSpecification\",\"valueRequired\":true,\"valueName\":\"search_term_string\"}}],\"inLanguage\":\"de\"},{\"@type\":\"Organization\",\"@id\":\"https:\\\/\\\/dkn-technology.com\\\/#organization\",\"name\":\"DKN-Technology\",\"url\":\"https:\\\/\\\/dkn-technology.com\\\/\",\"logo\":{\"@type\":\"ImageObject\",\"inLanguage\":\"de\",\"@id\":\"https:\\\/\\\/dkn-technology.com\\\/#\\\/schema\\\/logo\\\/image\\\/\",\"url\":\"https:\\\/\\\/dkn-technology.com\\\/wp-content\\\/uploads\\\/2023\\\/01\\\/DKN-logo@4x.webp\",\"contentUrl\":\"https:\\\/\\\/dkn-technology.com\\\/wp-content\\\/uploads\\\/2023\\\/01\\\/DKN-logo@4x.webp\",\"width\":1933,\"height\":1029,\"caption\":\"DKN-Technology\"},\"image\":{\"@id\":\"https:\\\/\\\/dkn-technology.com\\\/#\\\/schema\\\/logo\\\/image\\\/\"},\"sameAs\":[\"https:\\\/\\\/www.facebook.com\\\/dkntechnology\\\/\",\"https:\\\/\\\/instagram.com\\\/dkntechnology\",\"https:\\\/\\\/www.youtube.com\\\/@DKN-Technology\",\"https:\\\/\\\/www.linkedin.com\\\/company\\\/dkn-technology-smart-fitness-solutions\"]}]}<\/script>\n<!-- \/ Yoast SEO plugin. -->","yoast_head_json":{"title":"Ergometer Am3i - DKN-Technology","robots":{"index":"index","follow":"follow","max-snippet":"max-snippet:-1","max-image-preview":"max-image-preview:large","max-video-preview":"max-video-preview:-1"},"canonical":"https:\/\/dkn-technology.com\/de\/produkt\/ergometer-am3i\/","og_locale":"de_DE","og_type":"article","og_title":"Ergometer Am3i - DKN-Technology","og_description":"Der AM-3i ist ein motorisiertes Ergometer, das bis zu 350 Watt erzeugen kann. Dieses Fahrrad soll Ihnen helfen, Ihre Fitnessziele sicherer, schneller und bequemer zu erreichen.","og_url":"https:\/\/dkn-technology.com\/de\/produkt\/ergometer-am3i\/","og_site_name":"DKN-Technology","article_publisher":"https:\/\/www.facebook.com\/dkntechnology\/","article_modified_time":"2025-09-23T12:31:20+00:00","og_image":[{"width":1067,"height":1067,"url":"https:\/\/dkn-technology.com\/wp-content\/uploads\/2023\/01\/AM-3i-01-01.jpg","type":"image\/jpeg"}],"twitter_card":"summary_large_image","twitter_misc":{"Gesch\u00e4tzte Lesezeit":"2\u00a0Minuten"},"schema":{"@context":"https:\/\/schema.org","@graph":[{"@type":"WebPage","@id":"https:\/\/dkn-technology.com\/de\/produkt\/ergometer-am3i\/","url":"https:\/\/dkn-technology.com\/de\/produkt\/ergometer-am3i\/","name":"Ergometer Am3i - DKN-Technology","isPartOf":{"@id":"https:\/\/dkn-technology.com\/#website"},"primaryImageOfPage":{"@id":"https:\/\/dkn-technology.com\/de\/produkt\/ergometer-am3i\/#primaryimage"},"image":{"@id":"https:\/\/dkn-technology.com\/de\/produkt\/ergometer-am3i\/#primaryimage"},"thumbnailUrl":"https:\/\/dkn-technology.com\/wp-content\/uploads\/2023\/01\/AM-3i-01-01.jpg","datePublished":"2023-01-30T13:03:14+00:00","dateModified":"2025-09-23T12:31:20+00:00","breadcrumb":{"@id":"https:\/\/dkn-technology.com\/de\/produkt\/ergometer-am3i\/#breadcrumb"},"inLanguage":"de","potentialAction":[{"@type":"ReadAction","target":["https:\/\/dkn-technology.com\/de\/produkt\/ergometer-am3i\/"]}]},{"@type":"ImageObject","inLanguage":"de","@id":"https:\/\/dkn-technology.com\/de\/produkt\/ergometer-am3i\/#primaryimage","url":"https:\/\/dkn-technology.com\/wp-content\/uploads\/2023\/01\/AM-3i-01-01.jpg","contentUrl":"https:\/\/dkn-technology.com\/wp-content\/uploads\/2023\/01\/AM-3i-01-01.jpg","width":1067,"height":1067,"caption":"Ergometer AM-3i | Exercise bike"},{"@type":"BreadcrumbList","@id":"https:\/\/dkn-technology.com\/de\/produkt\/ergometer-am3i\/#breadcrumb","itemListElement":[{"@type":"ListItem","position":1,"name":"Home","item":"https:\/\/dkn-technology.com\/de\/"},{"@type":"ListItem","position":2,"name":"Shop","item":"https:\/\/dkn-technology.com\/de\/shop\/"},{"@type":"ListItem","position":3,"name":"Ergometer Am3i"}]},{"@type":"WebSite","@id":"https:\/\/dkn-technology.com\/#website","url":"https:\/\/dkn-technology.com\/","name":"DKN-Technology","description":"Smart Fitness Solutions","publisher":{"@id":"https:\/\/dkn-technology.com\/#organization"},"potentialAction":[{"@type":"SearchAction","target":{"@type":"EntryPoint","urlTemplate":"https:\/\/dkn-technology.com\/?s={search_term_string}"},"query-input":{"@type":"PropertyValueSpecification","valueRequired":true,"valueName":"search_term_string"}}],"inLanguage":"de"},{"@type":"Organization","@id":"https:\/\/dkn-technology.com\/#organization","name":"DKN-Technology","url":"https:\/\/dkn-technology.com\/","logo":{"@type":"ImageObject","inLanguage":"de","@id":"https:\/\/dkn-technology.com\/#\/schema\/logo\/image\/","url":"https:\/\/dkn-technology.com\/wp-content\/uploads\/2023\/01\/DKN-logo@4x.webp","contentUrl":"https:\/\/dkn-technology.com\/wp-content\/uploads\/2023\/01\/DKN-logo@4x.webp","width":1933,"height":1029,"caption":"DKN-Technology"},"image":{"@id":"https:\/\/dkn-technology.com\/#\/schema\/logo\/image\/"},"sameAs":["https:\/\/www.facebook.com\/dkntechnology\/","https:\/\/instagram.com\/dkntechnology","https:\/\/www.youtube.com\/@DKN-Technology","https:\/\/www.linkedin.com\/company\/dkn-technology-smart-fitness-solutions"]}]}},"_links":{"self":[{"href":"https:\/\/dkn-technology.com\/de\/wp-json\/wp\/v2\/product\/4238","targetHints":{"allow":["GET"]}}],"collection":[{"href":"https:\/\/dkn-technology.com\/de\/wp-json\/wp\/v2\/product"}],"about":[{"href":"https:\/\/dkn-technology.com\/de\/wp-json\/wp\/v2\/types\/product"}],"version-history":[{"count":7,"href":"https:\/\/dkn-technology.com\/de\/wp-json\/wp\/v2\/product\/4238\/revisions"}],"predecessor-version":[{"id":31651,"href":"https:\/\/dkn-technology.com\/de\/wp-json\/wp\/v2\/product\/4238\/revisions\/31651"}],"wp:featuredmedia":[{"embeddable":true,"href":"https:\/\/dkn-technology.com\/de\/wp-json\/wp\/v2\/media\/9524"}],"wp:attachment":[{"href":"https:\/\/dkn-technology.com\/de\/wp-json\/wp\/v2\/media?parent=4238"}],"wp:term":[{"taxonomy":"product_brand","embeddable":true,"href":"https:\/\/dkn-technology.com\/de\/wp-json\/wp\/v2\/product_brand?post=4238"},{"taxonomy":"product_cat","embeddable":true,"href":"https:\/\/dkn-technology.com\/de\/wp-json\/wp\/v2\/product_cat?post=4238"},{"taxonomy":"product_tag","embeddable":true,"href":"https:\/\/dkn-technology.com\/de\/wp-json\/wp\/v2\/product_tag?post=4238"}],"curies":[{"name":"wp","href":"https:\/\/api.w.org\/{rel}","templated":true}]}}