{"id":4239,"date":"2023-01-30T15:03:15","date_gmt":"2023-01-30T13:03:15","guid":{"rendered":"https:\/\/dkn-technology.com\/product\/ems-bike-eb-2400\/"},"modified":"2025-02-13T11:19:17","modified_gmt":"2025-02-13T09:19:17","slug":"ems-bike-eb-2400","status":"publish","type":"product","link":"https:\/\/dkn-technology.com\/de\/produkt\/ems-bike-eb-2400\/","title":{"rendered":"EMS-bike EB-2400"},"content":{"rendered":"<p>Das EB-2400 Heimtrainer ist ein robustes Ger\u00e4t mit einem schlanken, sportlichen Aussehen und bietet ein kr\u00e4ftiges 14-kg-Schwungrad f\u00fcr sanfte Action und komfortables, aber herausforderndes Training f\u00fcr Benutzer aller Fitnessstufen.<\/p>\n<p>Um die Maschine zu einem perfekten Intervalltrainer mit hoher Intensit\u00e4t zu machen, gibt es 32 Stufen computergesteuerten reibungsfreien Widerstands sowie ein EMS-Bremssystem, das wirklich schnelle Widerstands\u00e4nderungen erm\u00f6glicht. Passt perfekt zum High Intensity Interval Trainer<\/p>\n<p>Dieses Fahrrad verf\u00fcgt \u00fcber einen robusten Sitz mit mikroverstellbaren Positionen, die jedem Benutzer eine gro\u00dfartige Bewegung erm\u00f6glichen. Die Pedale sind wie bei jedem normalen Outdoor-Bike auf den Sitz ausgerichtet. Egal wie Sie mit dem EB-2400 fahren, er passt immer. Der Sitz bewegt sich horizontal und vertikal, um die optimale Fahrradposition zu gew\u00e4hrleisten.<\/p>\n<p>Die benutzerfreundliche Kippkonsole werd jeder Benutzer sch\u00e4tzen und sch\u00e4tzen wird: Sie bietet ein konstantes und genaues Feedback zu den zahlreichen Widerstandsstufen, um Anf\u00e4ngern und Experten ein \u00fcberlegenes Trainingserlebnis zu bieten.<\/p>\n<p>Dieses Fahrrad bietet eine gro\u00dfe Auswahl von 12 Programmen, damit Sie motiviert und unterhalten bleiben k\u00f6nnen. Geben Sie Ihre pers\u00f6nlichen Daten ein und speichern Sie sie mithilfe eines von 4 verf\u00fcgbaren Benutzerprofilen, um ein pers\u00f6nlicheres Feedback zu erhalten.<\/p>\n<p>Alle Trainingsdaten, einschlie\u00dflich Geschwindigkeit, U\/min, verstrichene Zeit, zur\u00fcckgelegte Strecke, theoretischer Kalorienverbrauch, verbrauchte Watt\/Energie und Herzfrequenz, werden gleichzeitig angezeigt, w\u00e4hrend der obere Bildschirm den aktiven Modus anzeigt.<\/p>\n<p>Oder machen Sie ein Cardio-Training mit herzfrequenzgesteuerten Zielzonen. Ziehen Sie einfach den optionalen Bluetooth HR-Gurt an und verbinden Sie ihn automatisch mit der Konsole, um eine stabile und genauere Herzfrequenzregistrierung zu erhalten.<\/p>\n<p>Dieses Ergometer verf\u00fcgt au\u00dferdem \u00fcber ein kontinuierliches Watt-Programm zwischen 10 und 450 Watt, das in Intervallen von 5 Watt eingestellt werden kann.<\/p>\n<p>Der Lenker mit hoher Ausdauer erm\u00f6glicht einen Abstand, der es jedem erm\u00f6glicht, eine perfekte nat\u00fcrliche Trainingsposition auf dem EB-2400-Fahrrad zu finden und die K\u00f6rperbalance zwischen Oberarmen und Unterk\u00f6rper neu zu positionieren, um eine Belastung des unteren R\u00fcckens zu vermeiden.<\/p>\n<p>Sie k\u00f6nnen auch verschiedene Apps verwenden, um Ihre &#8222;Fahrten&#8220; anzupassen. Dieses Fahrrad ist kompatibel mit den Fitness-Apps Kinomap, Vescape und Bitgym.<\/p>\n<p>Um ein realistischeres Erlebnis zu bieten, synchronisiert die App die Funktion zum Kippen und Verringern.<\/p>\n<p>W\u00e4hlen oder erstellen Sie einfach eine Route mit Google Maps, dr\u00fccken Sie Start und synchronisieren Sie die Entfernung und Steigung mit der Geschwindigkeit und Intensit\u00e4t Ihres Trainings.<\/p>\n","protected":false},"excerpt":{"rendered":"<div class=\"center-block col-xs-6 col-sm-7 col-md-6\">\n<div class=\"center-block col-xs-6 col-sm-7 col-md-6\">\n<div id=\"short_description_block\">\n<div id=\"short_description_content\" class=\"rte align_justify\">\n<p>Der EB-2400 ist die erste Wahl, wenn Sie auf dem Markt nach einem Fahrrad mit &#8218;Commercial Grade&#8216; suchen, das f\u00fcr den Heimgebrauch entwickelt wurde und h\u00e4ufig und h\u00e4ufig trainiert werden kann.<\/p>\n<\/div>\n<\/div>\n<\/div>\n<\/div>\n","protected":false},"featured_media":31465,"template":"","meta":{"_acf_changed":false,"inline_featured_image":false,"_monsterinsights_skip_tracking":false,"_monsterinsights_sitenote_active":false,"_monsterinsights_sitenote_note":"","_monsterinsights_sitenote_category":0},"product_brand":[],"product_cat":[78],"product_tag":[],"class_list":{"0":"post-4239","1":"product","2":"type-product","3":"status-publish","4":"has-post-thumbnail","6":"product_cat-heimtrainer","7":"product_shipping_class-bis-100-kg","9":"first","10":"outofstock","11":"taxable","12":"shipping-taxable","13":"purchasable","14":"product-type-variable"},"acf":[],"yoast_head":"<!-- This site is optimized with the Yoast SEO plugin v27.3 - https:\/\/yoast.com\/product\/yoast-seo-wordpress\/ -->\n<title>EMS-bike EB-2400 - DKN-Technology<\/title>\n<meta name=\"robots\" content=\"index, follow, max-snippet:-1, max-image-preview:large, max-video-preview:-1\" \/>\n<link rel=\"canonical\" href=\"https:\/\/dkn-technology.com\/de\/produkt\/ems-bike-eb-2400\/\" \/>\n<meta property=\"og:locale\" content=\"de_DE\" \/>\n<meta property=\"og:type\" content=\"article\" \/>\n<meta property=\"og:title\" content=\"EMS-bike EB-2400 - DKN-Technology\" \/>\n<meta property=\"og:description\" content=\"Der EB-2400 ist die erste Wahl, wenn Sie auf dem Markt nach einem Fahrrad mit &#039;Commercial Grade&#039; suchen, das f\u00fcr den Heimgebrauch entwickelt wurde und h\u00e4ufig und h\u00e4ufig trainiert werden kann.\" \/>\n<meta property=\"og:url\" content=\"https:\/\/dkn-technology.com\/de\/produkt\/ems-bike-eb-2400\/\" \/>\n<meta property=\"og:site_name\" content=\"DKN-Technology\" \/>\n<meta property=\"article:publisher\" content=\"https:\/\/www.facebook.com\/dkntechnology\/\" \/>\n<meta property=\"article:modified_time\" content=\"2025-02-13T09:19:17+00:00\" \/>\n<meta property=\"og:image\" content=\"https:\/\/dkn-technology.com\/wp-content\/uploads\/2023\/01\/EB-2400-01.jpg\" \/>\n\t<meta property=\"og:image:width\" content=\"1067\" \/>\n\t<meta property=\"og:image:height\" content=\"1067\" \/>\n\t<meta property=\"og:image:type\" content=\"image\/jpeg\" \/>\n<meta name=\"twitter:card\" content=\"summary_large_image\" \/>\n<meta name=\"twitter:label1\" content=\"Gesch\u00e4tzte Lesezeit\" \/>\n\t<meta name=\"twitter:data1\" content=\"2\u00a0Minuten\" \/>\n<script type=\"application\/ld+json\" class=\"yoast-schema-graph\">{\"@context\":\"https:\\\/\\\/schema.org\",\"@graph\":[{\"@type\":\"WebPage\",\"@id\":\"https:\\\/\\\/dkn-technology.com\\\/de\\\/produkt\\\/ems-bike-eb-2400\\\/\",\"url\":\"https:\\\/\\\/dkn-technology.com\\\/de\\\/produkt\\\/ems-bike-eb-2400\\\/\",\"name\":\"EMS-bike EB-2400 - DKN-Technology\",\"isPartOf\":{\"@id\":\"https:\\\/\\\/dkn-technology.com\\\/#website\"},\"primaryImageOfPage\":{\"@id\":\"https:\\\/\\\/dkn-technology.com\\\/de\\\/produkt\\\/ems-bike-eb-2400\\\/#primaryimage\"},\"image\":{\"@id\":\"https:\\\/\\\/dkn-technology.com\\\/de\\\/produkt\\\/ems-bike-eb-2400\\\/#primaryimage\"},\"thumbnailUrl\":\"https:\\\/\\\/dkn-technology.com\\\/wp-content\\\/uploads\\\/2023\\\/01\\\/DKN-WEBSITE-PICTURES-FORMAT-9.png\",\"datePublished\":\"2023-01-30T13:03:15+00:00\",\"dateModified\":\"2025-02-13T09:19:17+00:00\",\"breadcrumb\":{\"@id\":\"https:\\\/\\\/dkn-technology.com\\\/de\\\/produkt\\\/ems-bike-eb-2400\\\/#breadcrumb\"},\"inLanguage\":\"de\",\"potentialAction\":[{\"@type\":\"ReadAction\",\"target\":[\"https:\\\/\\\/dkn-technology.com\\\/de\\\/produkt\\\/ems-bike-eb-2400\\\/\"]}]},{\"@type\":\"ImageObject\",\"inLanguage\":\"de\",\"@id\":\"https:\\\/\\\/dkn-technology.com\\\/de\\\/produkt\\\/ems-bike-eb-2400\\\/#primaryimage\",\"url\":\"https:\\\/\\\/dkn-technology.com\\\/wp-content\\\/uploads\\\/2023\\\/01\\\/DKN-WEBSITE-PICTURES-FORMAT-9.png\",\"contentUrl\":\"https:\\\/\\\/dkn-technology.com\\\/wp-content\\\/uploads\\\/2023\\\/01\\\/DKN-WEBSITE-PICTURES-FORMAT-9.png\",\"width\":1080,\"height\":1080},{\"@type\":\"BreadcrumbList\",\"@id\":\"https:\\\/\\\/dkn-technology.com\\\/de\\\/produkt\\\/ems-bike-eb-2400\\\/#breadcrumb\",\"itemListElement\":[{\"@type\":\"ListItem\",\"position\":1,\"name\":\"Home\",\"item\":\"https:\\\/\\\/dkn-technology.com\\\/de\\\/\"},{\"@type\":\"ListItem\",\"position\":2,\"name\":\"Shop\",\"item\":\"https:\\\/\\\/dkn-technology.com\\\/de\\\/shop\\\/\"},{\"@type\":\"ListItem\",\"position\":3,\"name\":\"EMS-bike EB-2400\"}]},{\"@type\":\"WebSite\",\"@id\":\"https:\\\/\\\/dkn-technology.com\\\/#website\",\"url\":\"https:\\\/\\\/dkn-technology.com\\\/\",\"name\":\"DKN-Technology\",\"description\":\"Smart Fitness Solutions\",\"publisher\":{\"@id\":\"https:\\\/\\\/dkn-technology.com\\\/#organization\"},\"potentialAction\":[{\"@type\":\"SearchAction\",\"target\":{\"@type\":\"EntryPoint\",\"urlTemplate\":\"https:\\\/\\\/dkn-technology.com\\\/?s={search_term_string}\"},\"query-input\":{\"@type\":\"PropertyValueSpecification\",\"valueRequired\":true,\"valueName\":\"search_term_string\"}}],\"inLanguage\":\"de\"},{\"@type\":\"Organization\",\"@id\":\"https:\\\/\\\/dkn-technology.com\\\/#organization\",\"name\":\"DKN-Technology\",\"url\":\"https:\\\/\\\/dkn-technology.com\\\/\",\"logo\":{\"@type\":\"ImageObject\",\"inLanguage\":\"de\",\"@id\":\"https:\\\/\\\/dkn-technology.com\\\/#\\\/schema\\\/logo\\\/image\\\/\",\"url\":\"https:\\\/\\\/dkn-technology.com\\\/wp-content\\\/uploads\\\/2023\\\/01\\\/DKN-logo@4x.webp\",\"contentUrl\":\"https:\\\/\\\/dkn-technology.com\\\/wp-content\\\/uploads\\\/2023\\\/01\\\/DKN-logo@4x.webp\",\"width\":1933,\"height\":1029,\"caption\":\"DKN-Technology\"},\"image\":{\"@id\":\"https:\\\/\\\/dkn-technology.com\\\/#\\\/schema\\\/logo\\\/image\\\/\"},\"sameAs\":[\"https:\\\/\\\/www.facebook.com\\\/dkntechnology\\\/\",\"https:\\\/\\\/instagram.com\\\/dkntechnology\",\"https:\\\/\\\/www.youtube.com\\\/@DKN-Technology\",\"https:\\\/\\\/www.linkedin.com\\\/company\\\/dkn-technology-smart-fitness-solutions\"]}]}<\/script>\n<!-- \/ Yoast SEO plugin. -->","yoast_head_json":{"title":"EMS-bike EB-2400 - DKN-Technology","robots":{"index":"index","follow":"follow","max-snippet":"max-snippet:-1","max-image-preview":"max-image-preview:large","max-video-preview":"max-video-preview:-1"},"canonical":"https:\/\/dkn-technology.com\/de\/produkt\/ems-bike-eb-2400\/","og_locale":"de_DE","og_type":"article","og_title":"EMS-bike EB-2400 - DKN-Technology","og_description":"Der EB-2400 ist die erste Wahl, wenn Sie auf dem Markt nach einem Fahrrad mit 'Commercial Grade' suchen, das f\u00fcr den Heimgebrauch entwickelt wurde und h\u00e4ufig und h\u00e4ufig trainiert werden kann.","og_url":"https:\/\/dkn-technology.com\/de\/produkt\/ems-bike-eb-2400\/","og_site_name":"DKN-Technology","article_publisher":"https:\/\/www.facebook.com\/dkntechnology\/","article_modified_time":"2025-02-13T09:19:17+00:00","og_image":[{"width":1067,"height":1067,"url":"https:\/\/dkn-technology.com\/wp-content\/uploads\/2023\/01\/EB-2400-01.jpg","type":"image\/jpeg"}],"twitter_card":"summary_large_image","twitter_misc":{"Gesch\u00e4tzte Lesezeit":"2\u00a0Minuten"},"schema":{"@context":"https:\/\/schema.org","@graph":[{"@type":"WebPage","@id":"https:\/\/dkn-technology.com\/de\/produkt\/ems-bike-eb-2400\/","url":"https:\/\/dkn-technology.com\/de\/produkt\/ems-bike-eb-2400\/","name":"EMS-bike EB-2400 - DKN-Technology","isPartOf":{"@id":"https:\/\/dkn-technology.com\/#website"},"primaryImageOfPage":{"@id":"https:\/\/dkn-technology.com\/de\/produkt\/ems-bike-eb-2400\/#primaryimage"},"image":{"@id":"https:\/\/dkn-technology.com\/de\/produkt\/ems-bike-eb-2400\/#primaryimage"},"thumbnailUrl":"https:\/\/dkn-technology.com\/wp-content\/uploads\/2023\/01\/DKN-WEBSITE-PICTURES-FORMAT-9.png","datePublished":"2023-01-30T13:03:15+00:00","dateModified":"2025-02-13T09:19:17+00:00","breadcrumb":{"@id":"https:\/\/dkn-technology.com\/de\/produkt\/ems-bike-eb-2400\/#breadcrumb"},"inLanguage":"de","potentialAction":[{"@type":"ReadAction","target":["https:\/\/dkn-technology.com\/de\/produkt\/ems-bike-eb-2400\/"]}]},{"@type":"ImageObject","inLanguage":"de","@id":"https:\/\/dkn-technology.com\/de\/produkt\/ems-bike-eb-2400\/#primaryimage","url":"https:\/\/dkn-technology.com\/wp-content\/uploads\/2023\/01\/DKN-WEBSITE-PICTURES-FORMAT-9.png","contentUrl":"https:\/\/dkn-technology.com\/wp-content\/uploads\/2023\/01\/DKN-WEBSITE-PICTURES-FORMAT-9.png","width":1080,"height":1080},{"@type":"BreadcrumbList","@id":"https:\/\/dkn-technology.com\/de\/produkt\/ems-bike-eb-2400\/#breadcrumb","itemListElement":[{"@type":"ListItem","position":1,"name":"Home","item":"https:\/\/dkn-technology.com\/de\/"},{"@type":"ListItem","position":2,"name":"Shop","item":"https:\/\/dkn-technology.com\/de\/shop\/"},{"@type":"ListItem","position":3,"name":"EMS-bike EB-2400"}]},{"@type":"WebSite","@id":"https:\/\/dkn-technology.com\/#website","url":"https:\/\/dkn-technology.com\/","name":"DKN-Technology","description":"Smart Fitness Solutions","publisher":{"@id":"https:\/\/dkn-technology.com\/#organization"},"potentialAction":[{"@type":"SearchAction","target":{"@type":"EntryPoint","urlTemplate":"https:\/\/dkn-technology.com\/?s={search_term_string}"},"query-input":{"@type":"PropertyValueSpecification","valueRequired":true,"valueName":"search_term_string"}}],"inLanguage":"de"},{"@type":"Organization","@id":"https:\/\/dkn-technology.com\/#organization","name":"DKN-Technology","url":"https:\/\/dkn-technology.com\/","logo":{"@type":"ImageObject","inLanguage":"de","@id":"https:\/\/dkn-technology.com\/#\/schema\/logo\/image\/","url":"https:\/\/dkn-technology.com\/wp-content\/uploads\/2023\/01\/DKN-logo@4x.webp","contentUrl":"https:\/\/dkn-technology.com\/wp-content\/uploads\/2023\/01\/DKN-logo@4x.webp","width":1933,"height":1029,"caption":"DKN-Technology"},"image":{"@id":"https:\/\/dkn-technology.com\/#\/schema\/logo\/image\/"},"sameAs":["https:\/\/www.facebook.com\/dkntechnology\/","https:\/\/instagram.com\/dkntechnology","https:\/\/www.youtube.com\/@DKN-Technology","https:\/\/www.linkedin.com\/company\/dkn-technology-smart-fitness-solutions"]}]}},"_links":{"self":[{"href":"https:\/\/dkn-technology.com\/de\/wp-json\/wp\/v2\/product\/4239","targetHints":{"allow":["GET"]}}],"collection":[{"href":"https:\/\/dkn-technology.com\/de\/wp-json\/wp\/v2\/product"}],"about":[{"href":"https:\/\/dkn-technology.com\/de\/wp-json\/wp\/v2\/types\/product"}],"version-history":[{"count":7,"href":"https:\/\/dkn-technology.com\/de\/wp-json\/wp\/v2\/product\/4239\/revisions"}],"predecessor-version":[{"id":23065,"href":"https:\/\/dkn-technology.com\/de\/wp-json\/wp\/v2\/product\/4239\/revisions\/23065"}],"wp:featuredmedia":[{"embeddable":true,"href":"https:\/\/dkn-technology.com\/de\/wp-json\/wp\/v2\/media\/31465"}],"wp:attachment":[{"href":"https:\/\/dkn-technology.com\/de\/wp-json\/wp\/v2\/media?parent=4239"}],"wp:term":[{"taxonomy":"product_brand","embeddable":true,"href":"https:\/\/dkn-technology.com\/de\/wp-json\/wp\/v2\/product_brand?post=4239"},{"taxonomy":"product_cat","embeddable":true,"href":"https:\/\/dkn-technology.com\/de\/wp-json\/wp\/v2\/product_cat?post=4239"},{"taxonomy":"product_tag","embeddable":true,"href":"https:\/\/dkn-technology.com\/de\/wp-json\/wp\/v2\/product_tag?post=4239"}],"curies":[{"name":"wp","href":"https:\/\/api.w.org\/{rel}","templated":true}]}}