{"id":4240,"date":"2023-01-30T15:03:15","date_gmt":"2023-01-30T13:03:15","guid":{"rendered":"https:\/\/dkn-technology.com\/product\/ems-bike-emb-600\/"},"modified":"2025-02-13T11:32:17","modified_gmt":"2025-02-13T09:32:17","slug":"ems-bike-emb-600","status":"publish","type":"product","link":"https:\/\/dkn-technology.com\/de\/produkt\/ems-bike-emb-600\/","title":{"rendered":"EMS-bike EMB-600"},"content":{"rendered":"<p>Der zweistufige EMS-Antrieb erzeugt einen sch\u00f6nen reibungslosen \u00dcbergang zwischen den Widerstandsstufen. \u00dcbergro\u00dfe gepolsterte Fu\u00dfpedale in Verbindung mit einer Neigung von 2 Grad nach innen sorgen f\u00fcr ein \u00e4u\u00dferst komfortables Training.<\/p>\n<p>Der Kern des EMB-600 ist das EMS-System. Die Arbeitsbelastung kann in weniger als 5 Sekunden auf vollen Widerstand gehen, was das Ergometer zu einem perfekten Intervalltrainer mit hoher Intensit\u00e4t macht.<\/p>\n<p>In Verbindung mit einem Tr\u00e4gheitssatz von 16 kg liefert diese Maschine volle 500 Watt. Sie k\u00f6nnen ernsthaftes Krafttraining absolvieren und Intervalltrainings mit hoher Intensit\u00e4t durchf\u00fchren und trotzdem eine sehr leise und sanfte Pedalbewegung erleben.<\/p>\n<p>Dieses Ergometer verf\u00fcgt \u00fcber einen leicht einstellbaren Sitzh\u00f6henmechanismus und eine extra breite, weiche Polsterung, um ein l\u00e4ngeres Fahrerlebnis zu erm\u00f6glichen.<\/p>\n<p>Der verl\u00e4ngerte Lenker mit Multi-Grip bietet einen sehr bequemen Griff und eine Vielzahl von Handpositionen f\u00fcr ein gezieltes Training des Kerns und des Oberk\u00f6rpers. Diese Positionierung erm\u00f6glicht das Stehen mit hoher Geschwindigkeit sowie das Sitzen mit Ausdauer, ohne dass die Position des Lenkers selbst ge\u00e4ndert werden muss.<\/p>\n<p>&nbsp;<\/p>\n<p>Der Computer und das Layout bieten eine gro\u00dfe Auswahl an verschiedenen Trainingsprogrammen. Es stehen 32 Widerstandsstufen zur Verf\u00fcgung, die digital gesteuert werden. Das Sortiment ist f\u00fcr Anf\u00e4nger bis Fortgeschrittene geeignet. Das maximale Benutzergewicht betr\u00e4gt 180 kg.<\/p>\n<p>\u00dcber die LCD-Konsole k\u00f6nnen bis zu 4 Benutzer ihre individuellen Profile einrichten, die aus Alter, Geschlecht, Gewicht und Gr\u00f6\u00dfe bestehen. Diese Daten werden dann vom Computer verwendet, um die bereitgestellten R\u00fcckmeldungen wie Zeit, Entfernung, Drehzahl, Kalorieburn-Sch\u00e4tzung und aufgewendeten Aufwand (gemessen in Watt) zu kalibrieren.<\/p>\n<p>Die Konsole bietet 12 voreingestellte Programme, eine drahtlose Bluetooth-Herzfrequenzmessung (mit optionalem Brustgurt), ein anpassbares Benutzerprogramm und ein Programm mit konstantem Watt. Ein 2-Gang-L\u00fcfter zum Abk\u00fchlen ist standardm\u00e4\u00dfig integriert.<\/p>\n<p>Kompatibel mit Kinomap f\u00fcr ein realistischeres Trainingserlebnis. Die Partnerschaft mit Kinomap bietet Ihnen Zugang zu einigen der beliebtesten Routen, einschlie\u00dflich einer Community von Fitness-orientierten Benutzern weltweit.<\/p>\n<p>Endeffekt:<br \/>\nGebaut f\u00fcr eine lange Lebensdauer und au\u00dfergew\u00f6hnliche Leistung. Fest wie ein Stein. Ein echter Workout-Booster.<\/p>\n","protected":false},"excerpt":{"rendered":"<div class=\"center-block col-xs-6 col-sm-7 col-md-6\">\n<div id=\"short_description_block\">\n<div id=\"short_description_content\" class=\"rte align_justify\">\n<div class=\"center-block col-xs-6 col-sm-7 col-md-6\">\n<p class=\"product-desc\">Das erstklassige EMB-600 Ergometer: Qualit\u00e4t und Ergebnisse f\u00fcr Ihr Heim-Fitnessstudio. Ein Premium Upright Bike zu einem g\u00fcnstigen Preis.<\/p>\n<\/div>\n<\/div>\n<\/div>\n<\/div>\n","protected":false},"featured_media":9636,"template":"","meta":{"_acf_changed":false,"inline_featured_image":false,"_monsterinsights_skip_tracking":false,"_monsterinsights_sitenote_active":false,"_monsterinsights_sitenote_note":"","_monsterinsights_sitenote_category":0},"product_brand":[],"product_cat":[78],"product_tag":[],"class_list":{"0":"post-4240","1":"product","2":"type-product","3":"status-publish","4":"has-post-thumbnail","6":"product_cat-heimtrainer","7":"product_shipping_class-bis-100-kg","9":"first","10":"instock","11":"taxable","12":"shipping-taxable","13":"purchasable","14":"product-type-variable","15":"has-default-attributes"},"acf":[],"yoast_head":"<!-- This site is optimized with the Yoast SEO plugin v27.3 - https:\/\/yoast.com\/product\/yoast-seo-wordpress\/ -->\n<title>EMS-bike EMB-600 - DKN-Technology<\/title>\n<meta name=\"robots\" content=\"index, follow, max-snippet:-1, max-image-preview:large, max-video-preview:-1\" \/>\n<link rel=\"canonical\" href=\"https:\/\/dkn-technology.com\/de\/produkt\/ems-bike-emb-600\/\" \/>\n<meta property=\"og:locale\" content=\"de_DE\" \/>\n<meta property=\"og:type\" content=\"article\" \/>\n<meta property=\"og:title\" content=\"EMS-bike EMB-600 - DKN-Technology\" \/>\n<meta property=\"og:description\" content=\"Das erstklassige EMB-600 Ergometer: Qualit\u00e4t und Ergebnisse f\u00fcr Ihr Heim-Fitnessstudio. Ein Premium Upright Bike zu einem g\u00fcnstigen Preis.\" \/>\n<meta property=\"og:url\" content=\"https:\/\/dkn-technology.com\/de\/produkt\/ems-bike-emb-600\/\" \/>\n<meta property=\"og:site_name\" content=\"DKN-Technology\" \/>\n<meta property=\"article:publisher\" content=\"https:\/\/www.facebook.com\/dkntechnology\/\" \/>\n<meta property=\"article:modified_time\" content=\"2025-02-13T09:32:17+00:00\" \/>\n<meta property=\"og:image\" content=\"https:\/\/dkn-technology.com\/wp-content\/uploads\/2023\/01\/EMS-600-01.jpg\" \/>\n\t<meta property=\"og:image:width\" content=\"1067\" \/>\n\t<meta property=\"og:image:height\" content=\"1067\" \/>\n\t<meta property=\"og:image:type\" content=\"image\/jpeg\" \/>\n<meta name=\"twitter:card\" content=\"summary_large_image\" \/>\n<meta name=\"twitter:label1\" content=\"Gesch\u00e4tzte Lesezeit\" \/>\n\t<meta name=\"twitter:data1\" content=\"2\u00a0Minuten\" \/>\n<script type=\"application\/ld+json\" class=\"yoast-schema-graph\">{\"@context\":\"https:\\\/\\\/schema.org\",\"@graph\":[{\"@type\":\"WebPage\",\"@id\":\"https:\\\/\\\/dkn-technology.com\\\/de\\\/produkt\\\/ems-bike-emb-600\\\/\",\"url\":\"https:\\\/\\\/dkn-technology.com\\\/de\\\/produkt\\\/ems-bike-emb-600\\\/\",\"name\":\"EMS-bike EMB-600 - DKN-Technology\",\"isPartOf\":{\"@id\":\"https:\\\/\\\/dkn-technology.com\\\/#website\"},\"primaryImageOfPage\":{\"@id\":\"https:\\\/\\\/dkn-technology.com\\\/de\\\/produkt\\\/ems-bike-emb-600\\\/#primaryimage\"},\"image\":{\"@id\":\"https:\\\/\\\/dkn-technology.com\\\/de\\\/produkt\\\/ems-bike-emb-600\\\/#primaryimage\"},\"thumbnailUrl\":\"https:\\\/\\\/dkn-technology.com\\\/wp-content\\\/uploads\\\/2023\\\/01\\\/EMS-600-01.jpg\",\"datePublished\":\"2023-01-30T13:03:15+00:00\",\"dateModified\":\"2025-02-13T09:32:17+00:00\",\"breadcrumb\":{\"@id\":\"https:\\\/\\\/dkn-technology.com\\\/de\\\/produkt\\\/ems-bike-emb-600\\\/#breadcrumb\"},\"inLanguage\":\"de\",\"potentialAction\":[{\"@type\":\"ReadAction\",\"target\":[\"https:\\\/\\\/dkn-technology.com\\\/de\\\/produkt\\\/ems-bike-emb-600\\\/\"]}]},{\"@type\":\"ImageObject\",\"inLanguage\":\"de\",\"@id\":\"https:\\\/\\\/dkn-technology.com\\\/de\\\/produkt\\\/ems-bike-emb-600\\\/#primaryimage\",\"url\":\"https:\\\/\\\/dkn-technology.com\\\/wp-content\\\/uploads\\\/2023\\\/01\\\/EMS-600-01.jpg\",\"contentUrl\":\"https:\\\/\\\/dkn-technology.com\\\/wp-content\\\/uploads\\\/2023\\\/01\\\/EMS-600-01.jpg\",\"width\":1067,\"height\":1067},{\"@type\":\"BreadcrumbList\",\"@id\":\"https:\\\/\\\/dkn-technology.com\\\/de\\\/produkt\\\/ems-bike-emb-600\\\/#breadcrumb\",\"itemListElement\":[{\"@type\":\"ListItem\",\"position\":1,\"name\":\"Home\",\"item\":\"https:\\\/\\\/dkn-technology.com\\\/de\\\/\"},{\"@type\":\"ListItem\",\"position\":2,\"name\":\"Shop\",\"item\":\"https:\\\/\\\/dkn-technology.com\\\/de\\\/shop\\\/\"},{\"@type\":\"ListItem\",\"position\":3,\"name\":\"EMS-bike EMB-600\"}]},{\"@type\":\"WebSite\",\"@id\":\"https:\\\/\\\/dkn-technology.com\\\/#website\",\"url\":\"https:\\\/\\\/dkn-technology.com\\\/\",\"name\":\"DKN-Technology\",\"description\":\"Smart Fitness Solutions\",\"publisher\":{\"@id\":\"https:\\\/\\\/dkn-technology.com\\\/#organization\"},\"potentialAction\":[{\"@type\":\"SearchAction\",\"target\":{\"@type\":\"EntryPoint\",\"urlTemplate\":\"https:\\\/\\\/dkn-technology.com\\\/?s={search_term_string}\"},\"query-input\":{\"@type\":\"PropertyValueSpecification\",\"valueRequired\":true,\"valueName\":\"search_term_string\"}}],\"inLanguage\":\"de\"},{\"@type\":\"Organization\",\"@id\":\"https:\\\/\\\/dkn-technology.com\\\/#organization\",\"name\":\"DKN-Technology\",\"url\":\"https:\\\/\\\/dkn-technology.com\\\/\",\"logo\":{\"@type\":\"ImageObject\",\"inLanguage\":\"de\",\"@id\":\"https:\\\/\\\/dkn-technology.com\\\/#\\\/schema\\\/logo\\\/image\\\/\",\"url\":\"https:\\\/\\\/dkn-technology.com\\\/wp-content\\\/uploads\\\/2023\\\/01\\\/DKN-logo@4x.webp\",\"contentUrl\":\"https:\\\/\\\/dkn-technology.com\\\/wp-content\\\/uploads\\\/2023\\\/01\\\/DKN-logo@4x.webp\",\"width\":1933,\"height\":1029,\"caption\":\"DKN-Technology\"},\"image\":{\"@id\":\"https:\\\/\\\/dkn-technology.com\\\/#\\\/schema\\\/logo\\\/image\\\/\"},\"sameAs\":[\"https:\\\/\\\/www.facebook.com\\\/dkntechnology\\\/\",\"https:\\\/\\\/instagram.com\\\/dkntechnology\",\"https:\\\/\\\/www.youtube.com\\\/@DKN-Technology\",\"https:\\\/\\\/www.linkedin.com\\\/company\\\/dkn-technology-smart-fitness-solutions\"]}]}<\/script>\n<!-- \/ Yoast SEO plugin. -->","yoast_head_json":{"title":"EMS-bike EMB-600 - DKN-Technology","robots":{"index":"index","follow":"follow","max-snippet":"max-snippet:-1","max-image-preview":"max-image-preview:large","max-video-preview":"max-video-preview:-1"},"canonical":"https:\/\/dkn-technology.com\/de\/produkt\/ems-bike-emb-600\/","og_locale":"de_DE","og_type":"article","og_title":"EMS-bike EMB-600 - DKN-Technology","og_description":"Das erstklassige EMB-600 Ergometer: Qualit\u00e4t und Ergebnisse f\u00fcr Ihr Heim-Fitnessstudio. Ein Premium Upright Bike zu einem g\u00fcnstigen Preis.","og_url":"https:\/\/dkn-technology.com\/de\/produkt\/ems-bike-emb-600\/","og_site_name":"DKN-Technology","article_publisher":"https:\/\/www.facebook.com\/dkntechnology\/","article_modified_time":"2025-02-13T09:32:17+00:00","og_image":[{"width":1067,"height":1067,"url":"https:\/\/dkn-technology.com\/wp-content\/uploads\/2023\/01\/EMS-600-01.jpg","type":"image\/jpeg"}],"twitter_card":"summary_large_image","twitter_misc":{"Gesch\u00e4tzte Lesezeit":"2\u00a0Minuten"},"schema":{"@context":"https:\/\/schema.org","@graph":[{"@type":"WebPage","@id":"https:\/\/dkn-technology.com\/de\/produkt\/ems-bike-emb-600\/","url":"https:\/\/dkn-technology.com\/de\/produkt\/ems-bike-emb-600\/","name":"EMS-bike EMB-600 - DKN-Technology","isPartOf":{"@id":"https:\/\/dkn-technology.com\/#website"},"primaryImageOfPage":{"@id":"https:\/\/dkn-technology.com\/de\/produkt\/ems-bike-emb-600\/#primaryimage"},"image":{"@id":"https:\/\/dkn-technology.com\/de\/produkt\/ems-bike-emb-600\/#primaryimage"},"thumbnailUrl":"https:\/\/dkn-technology.com\/wp-content\/uploads\/2023\/01\/EMS-600-01.jpg","datePublished":"2023-01-30T13:03:15+00:00","dateModified":"2025-02-13T09:32:17+00:00","breadcrumb":{"@id":"https:\/\/dkn-technology.com\/de\/produkt\/ems-bike-emb-600\/#breadcrumb"},"inLanguage":"de","potentialAction":[{"@type":"ReadAction","target":["https:\/\/dkn-technology.com\/de\/produkt\/ems-bike-emb-600\/"]}]},{"@type":"ImageObject","inLanguage":"de","@id":"https:\/\/dkn-technology.com\/de\/produkt\/ems-bike-emb-600\/#primaryimage","url":"https:\/\/dkn-technology.com\/wp-content\/uploads\/2023\/01\/EMS-600-01.jpg","contentUrl":"https:\/\/dkn-technology.com\/wp-content\/uploads\/2023\/01\/EMS-600-01.jpg","width":1067,"height":1067},{"@type":"BreadcrumbList","@id":"https:\/\/dkn-technology.com\/de\/produkt\/ems-bike-emb-600\/#breadcrumb","itemListElement":[{"@type":"ListItem","position":1,"name":"Home","item":"https:\/\/dkn-technology.com\/de\/"},{"@type":"ListItem","position":2,"name":"Shop","item":"https:\/\/dkn-technology.com\/de\/shop\/"},{"@type":"ListItem","position":3,"name":"EMS-bike EMB-600"}]},{"@type":"WebSite","@id":"https:\/\/dkn-technology.com\/#website","url":"https:\/\/dkn-technology.com\/","name":"DKN-Technology","description":"Smart Fitness Solutions","publisher":{"@id":"https:\/\/dkn-technology.com\/#organization"},"potentialAction":[{"@type":"SearchAction","target":{"@type":"EntryPoint","urlTemplate":"https:\/\/dkn-technology.com\/?s={search_term_string}"},"query-input":{"@type":"PropertyValueSpecification","valueRequired":true,"valueName":"search_term_string"}}],"inLanguage":"de"},{"@type":"Organization","@id":"https:\/\/dkn-technology.com\/#organization","name":"DKN-Technology","url":"https:\/\/dkn-technology.com\/","logo":{"@type":"ImageObject","inLanguage":"de","@id":"https:\/\/dkn-technology.com\/#\/schema\/logo\/image\/","url":"https:\/\/dkn-technology.com\/wp-content\/uploads\/2023\/01\/DKN-logo@4x.webp","contentUrl":"https:\/\/dkn-technology.com\/wp-content\/uploads\/2023\/01\/DKN-logo@4x.webp","width":1933,"height":1029,"caption":"DKN-Technology"},"image":{"@id":"https:\/\/dkn-technology.com\/#\/schema\/logo\/image\/"},"sameAs":["https:\/\/www.facebook.com\/dkntechnology\/","https:\/\/instagram.com\/dkntechnology","https:\/\/www.youtube.com\/@DKN-Technology","https:\/\/www.linkedin.com\/company\/dkn-technology-smart-fitness-solutions"]}]}},"_links":{"self":[{"href":"https:\/\/dkn-technology.com\/de\/wp-json\/wp\/v2\/product\/4240","targetHints":{"allow":["GET"]}}],"collection":[{"href":"https:\/\/dkn-technology.com\/de\/wp-json\/wp\/v2\/product"}],"about":[{"href":"https:\/\/dkn-technology.com\/de\/wp-json\/wp\/v2\/types\/product"}],"version-history":[{"count":6,"href":"https:\/\/dkn-technology.com\/de\/wp-json\/wp\/v2\/product\/4240\/revisions"}],"predecessor-version":[{"id":23079,"href":"https:\/\/dkn-technology.com\/de\/wp-json\/wp\/v2\/product\/4240\/revisions\/23079"}],"wp:featuredmedia":[{"embeddable":true,"href":"https:\/\/dkn-technology.com\/de\/wp-json\/wp\/v2\/media\/9636"}],"wp:attachment":[{"href":"https:\/\/dkn-technology.com\/de\/wp-json\/wp\/v2\/media?parent=4240"}],"wp:term":[{"taxonomy":"product_brand","embeddable":true,"href":"https:\/\/dkn-technology.com\/de\/wp-json\/wp\/v2\/product_brand?post=4240"},{"taxonomy":"product_cat","embeddable":true,"href":"https:\/\/dkn-technology.com\/de\/wp-json\/wp\/v2\/product_cat?post=4240"},{"taxonomy":"product_tag","embeddable":true,"href":"https:\/\/dkn-technology.com\/de\/wp-json\/wp\/v2\/product_tag?post=4240"}],"curies":[{"name":"wp","href":"https:\/\/api.w.org\/{rel}","templated":true}]}}