{"id":4243,"date":"2023-01-30T15:03:15","date_gmt":"2023-01-30T13:03:15","guid":{"rendered":"https:\/\/dkn-technology.com\/product\/indoor-cycle-pro-1\/"},"modified":"2024-08-09T10:10:57","modified_gmt":"2024-08-09T08:10:57","slug":"speedbike-pro-1","status":"publish","type":"product","link":"https:\/\/dkn-technology.com\/de\/produkt\/speedbike-pro-1\/","title":{"rendered":"Speedbike Pro-1"},"content":{"rendered":"<p>Der Pro-1 ist mit seiner makellosen Konstruktion f\u00fcr den anspruchsvollen Radfahrer konzipiert.<\/p>\n<p>Der dreieckige Rahmen basiert auf dem bew\u00e4hrten Plattformdesign der n\u00e4chsten Generation f\u00fcr zus\u00e4tzliche Gesamtstabilit\u00e4t und ist mit 4 unabh\u00e4ngigen Bodenrichtern f\u00fcr eine einfache Einstellung auf unebenen Bodenfl\u00e4chen ausgestattet.<\/p>\n<p>Ein besonders geschmeidiger Riemenantrieb sorgt f\u00fcr eine reibungslose und wartungsfreie Leistung, w\u00e4hrend die gr\u00f6\u00dferen Plattformpedale die Unterst\u00fctzung eines herk\u00f6mmlichen Zehenclips bieten.<\/p>\n<p>Das patentierte One-Touch-Spann- und Not-Aus-Drehhebel-Schnellstopp-Sicherheitsfreigabesystem bietet eine zuverl\u00e4ssige Leistung f\u00fcr unbeaufsichtigte Fahrer, w\u00e4hrend das 22-kg-Schwungrad aus hartem Stahl mit hoher Dichte dreifach zentriert ist, um ultimative Laufruhe zu erzielen.<\/p>\n<p>Der Pro-1 verf\u00fcgt \u00fcber einen ergonomischen Sattel mit flexibler Sitzfl\u00e4che, doppelter Dichtepolsterung und anatomischem Ausschnitt, der unvergleichlichen Fahrkomfort bietet. So k\u00f6nnen Sie mehr Stunden auf dem Sitz verbringen, um entweder Kalorien zu verbrennen oder f\u00fcr die n\u00e4chste Veranstaltung zu trainieren.<\/p>\n<p>Die Sitzposition ist f\u00fcr eine perfekte Passform stufenlos vorn\/hinten und vertikal verstellbar<\/p>\n<p>&nbsp;<\/p>\n<p>Ein gro\u00dfartiges Merkmal ist der eingebaute Schutz, der den Schwei\u00df vom Schwungrad abh\u00e4lt. Der Pro-1 ist f\u00fcr eine lange Lebensdauer ausgelegt und sch\u00fctzt den Rahmen, die Widerstandsbaugruppe und das Schwungrad vor Schwei\u00df oder Schmutz.<\/p>\n<p>Als Radfahrer zahlen Sie viel, um das richtige Setup f\u00fcr Ihr Rennrad zu erhalten, und es liegt auf der Hand, dass Sie mit der gleichen Einstellung Ihres Pro-1 sicherstellen k\u00f6nnen, dass Ihr Training von Ihrem Innenraum auf die Stra\u00dfe \u00fcbertragen wird.<\/p>\n<p>Die Extras:<\/p>\n<p>Der Pro-1 wurde entwickelt, um gr\u00f6\u00dferen Kraftbelastungen als herk\u00f6mmliche Fahrr\u00e4der standzuhalten. Er verf\u00fcgt \u00fcber ein au\u00dfergew\u00f6hnlich starkes Tretlager und Spezialkurbeln.<\/p>\n<p>Geeignet f\u00fcr den privaten oder gewerblichen Gebrauch.<\/p>\n<p>Geringer Wartungsaufwand.<\/p>\n<p>Einfache Montage.<\/p>\n<p>LCD-Konsole mit Anzeige von Geschwindigkeit, Timer, Drehzahl, Kalorieburn und Herzfrequenz.<\/p>\n<p>Bluetooth Smart-Verbindung: Kinomap und Zwift kompatibel.<\/p>\n","protected":false},"excerpt":{"rendered":"<div class=\"center-block col-xs-6 col-sm-7 col-md-6\">\n<div class=\"center-block col-xs-6 col-sm-7 col-md-6\">\n<div class=\"center-block col-xs-6 col-sm-7 col-md-6\">\n<p class=\"product-desc\">Un\u00fcbertroffener Stil, Clubqualit\u00e4t: Das Pro-1 ist ein Speedbike f\u00fcr den echten Rider.<\/p>\n<\/div>\n<\/div>\n<\/div>\n","protected":false},"featured_media":9628,"template":"","meta":{"_acf_changed":false,"inline_featured_image":false,"_monsterinsights_skip_tracking":false,"_monsterinsights_sitenote_active":false,"_monsterinsights_sitenote_note":"","_monsterinsights_sitenote_category":0},"product_brand":[],"product_cat":[102],"product_tag":[],"class_list":{"0":"post-4243","1":"product","2":"type-product","3":"status-publish","4":"has-post-thumbnail","6":"product_cat-indoor_bikes-de","7":"product_shipping_class-bis-100-kg","9":"first","10":"outofstock","11":"taxable","12":"shipping-taxable","13":"purchasable","14":"product-type-variable","15":"has-default-attributes"},"acf":[],"yoast_head":"<!-- This site is optimized with the Yoast SEO plugin v27.4 - https:\/\/yoast.com\/product\/yoast-seo-wordpress\/ -->\n<title>Speedbike Pro-1 - DKN-Technology<\/title>\n<meta name=\"robots\" content=\"index, follow, max-snippet:-1, max-image-preview:large, max-video-preview:-1\" \/>\n<link rel=\"canonical\" href=\"https:\/\/dkn-technology.com\/de\/produkt\/speedbike-pro-1\/\" \/>\n<meta property=\"og:locale\" content=\"de_DE\" \/>\n<meta property=\"og:type\" content=\"article\" \/>\n<meta property=\"og:title\" content=\"Speedbike Pro-1 - DKN-Technology\" \/>\n<meta property=\"og:description\" content=\"Un\u00fcbertroffener Stil, Clubqualit\u00e4t: Das Pro-1 ist ein Speedbike f\u00fcr den echten Rider.\" \/>\n<meta property=\"og:url\" content=\"https:\/\/dkn-technology.com\/de\/produkt\/speedbike-pro-1\/\" \/>\n<meta property=\"og:site_name\" content=\"DKN-Technology\" \/>\n<meta property=\"article:publisher\" content=\"https:\/\/www.facebook.com\/dkntechnology\/\" \/>\n<meta property=\"article:modified_time\" content=\"2024-08-09T08:10:57+00:00\" \/>\n<meta property=\"og:image\" content=\"https:\/\/dkn-technology.com\/wp-content\/uploads\/2023\/01\/pro-1-01.jpg\" \/>\n\t<meta property=\"og:image:width\" content=\"1067\" \/>\n\t<meta property=\"og:image:height\" content=\"1067\" \/>\n\t<meta property=\"og:image:type\" content=\"image\/jpeg\" \/>\n<meta name=\"twitter:card\" content=\"summary_large_image\" \/>\n<meta name=\"twitter:label1\" content=\"Gesch\u00e4tzte Lesezeit\" \/>\n\t<meta name=\"twitter:data1\" content=\"2\u00a0Minuten\" \/>\n<script type=\"application\/ld+json\" class=\"yoast-schema-graph\">{\"@context\":\"https:\\\/\\\/schema.org\",\"@graph\":[{\"@type\":\"WebPage\",\"@id\":\"https:\\\/\\\/dkn-technology.com\\\/de\\\/produkt\\\/speedbike-pro-1\\\/\",\"url\":\"https:\\\/\\\/dkn-technology.com\\\/de\\\/produkt\\\/speedbike-pro-1\\\/\",\"name\":\"Speedbike Pro-1 - DKN-Technology\",\"isPartOf\":{\"@id\":\"https:\\\/\\\/dkn-technology.com\\\/#website\"},\"primaryImageOfPage\":{\"@id\":\"https:\\\/\\\/dkn-technology.com\\\/de\\\/produkt\\\/speedbike-pro-1\\\/#primaryimage\"},\"image\":{\"@id\":\"https:\\\/\\\/dkn-technology.com\\\/de\\\/produkt\\\/speedbike-pro-1\\\/#primaryimage\"},\"thumbnailUrl\":\"https:\\\/\\\/dkn-technology.com\\\/wp-content\\\/uploads\\\/2023\\\/01\\\/pro-1-01.jpg\",\"datePublished\":\"2023-01-30T13:03:15+00:00\",\"dateModified\":\"2024-08-09T08:10:57+00:00\",\"breadcrumb\":{\"@id\":\"https:\\\/\\\/dkn-technology.com\\\/de\\\/produkt\\\/speedbike-pro-1\\\/#breadcrumb\"},\"inLanguage\":\"de\",\"potentialAction\":[{\"@type\":\"ReadAction\",\"target\":[\"https:\\\/\\\/dkn-technology.com\\\/de\\\/produkt\\\/speedbike-pro-1\\\/\"]}]},{\"@type\":\"ImageObject\",\"inLanguage\":\"de\",\"@id\":\"https:\\\/\\\/dkn-technology.com\\\/de\\\/produkt\\\/speedbike-pro-1\\\/#primaryimage\",\"url\":\"https:\\\/\\\/dkn-technology.com\\\/wp-content\\\/uploads\\\/2023\\\/01\\\/pro-1-01.jpg\",\"contentUrl\":\"https:\\\/\\\/dkn-technology.com\\\/wp-content\\\/uploads\\\/2023\\\/01\\\/pro-1-01.jpg\",\"width\":1067,\"height\":1067,\"caption\":\"Speed bike with zwift - Spinning fiets met zwift\"},{\"@type\":\"BreadcrumbList\",\"@id\":\"https:\\\/\\\/dkn-technology.com\\\/de\\\/produkt\\\/speedbike-pro-1\\\/#breadcrumb\",\"itemListElement\":[{\"@type\":\"ListItem\",\"position\":1,\"name\":\"Home\",\"item\":\"https:\\\/\\\/dkn-technology.com\\\/de\\\/\"},{\"@type\":\"ListItem\",\"position\":2,\"name\":\"Shop\",\"item\":\"https:\\\/\\\/dkn-technology.com\\\/de\\\/shop\\\/\"},{\"@type\":\"ListItem\",\"position\":3,\"name\":\"Speedbike Pro-1\"}]},{\"@type\":\"WebSite\",\"@id\":\"https:\\\/\\\/dkn-technology.com\\\/#website\",\"url\":\"https:\\\/\\\/dkn-technology.com\\\/\",\"name\":\"DKN-Technology\",\"description\":\"Smart Fitness Solutions\",\"publisher\":{\"@id\":\"https:\\\/\\\/dkn-technology.com\\\/#organization\"},\"potentialAction\":[{\"@type\":\"SearchAction\",\"target\":{\"@type\":\"EntryPoint\",\"urlTemplate\":\"https:\\\/\\\/dkn-technology.com\\\/?s={search_term_string}\"},\"query-input\":{\"@type\":\"PropertyValueSpecification\",\"valueRequired\":true,\"valueName\":\"search_term_string\"}}],\"inLanguage\":\"de\"},{\"@type\":\"Organization\",\"@id\":\"https:\\\/\\\/dkn-technology.com\\\/#organization\",\"name\":\"DKN-Technology\",\"url\":\"https:\\\/\\\/dkn-technology.com\\\/\",\"logo\":{\"@type\":\"ImageObject\",\"inLanguage\":\"de\",\"@id\":\"https:\\\/\\\/dkn-technology.com\\\/#\\\/schema\\\/logo\\\/image\\\/\",\"url\":\"https:\\\/\\\/dkn-technology.com\\\/wp-content\\\/uploads\\\/2023\\\/01\\\/DKN-logo@4x.webp\",\"contentUrl\":\"https:\\\/\\\/dkn-technology.com\\\/wp-content\\\/uploads\\\/2023\\\/01\\\/DKN-logo@4x.webp\",\"width\":1933,\"height\":1029,\"caption\":\"DKN-Technology\"},\"image\":{\"@id\":\"https:\\\/\\\/dkn-technology.com\\\/#\\\/schema\\\/logo\\\/image\\\/\"},\"sameAs\":[\"https:\\\/\\\/www.facebook.com\\\/dkntechnology\\\/\",\"https:\\\/\\\/instagram.com\\\/dkntechnology\",\"https:\\\/\\\/www.youtube.com\\\/@DKN-Technology\",\"https:\\\/\\\/www.linkedin.com\\\/company\\\/dkn-technology-smart-fitness-solutions\"]}]}<\/script>\n<!-- \/ Yoast SEO plugin. -->","yoast_head_json":{"title":"Speedbike Pro-1 - DKN-Technology","robots":{"index":"index","follow":"follow","max-snippet":"max-snippet:-1","max-image-preview":"max-image-preview:large","max-video-preview":"max-video-preview:-1"},"canonical":"https:\/\/dkn-technology.com\/de\/produkt\/speedbike-pro-1\/","og_locale":"de_DE","og_type":"article","og_title":"Speedbike Pro-1 - DKN-Technology","og_description":"Un\u00fcbertroffener Stil, Clubqualit\u00e4t: Das Pro-1 ist ein Speedbike f\u00fcr den echten Rider.","og_url":"https:\/\/dkn-technology.com\/de\/produkt\/speedbike-pro-1\/","og_site_name":"DKN-Technology","article_publisher":"https:\/\/www.facebook.com\/dkntechnology\/","article_modified_time":"2024-08-09T08:10:57+00:00","og_image":[{"width":1067,"height":1067,"url":"https:\/\/dkn-technology.com\/wp-content\/uploads\/2023\/01\/pro-1-01.jpg","type":"image\/jpeg"}],"twitter_card":"summary_large_image","twitter_misc":{"Gesch\u00e4tzte Lesezeit":"2\u00a0Minuten"},"schema":{"@context":"https:\/\/schema.org","@graph":[{"@type":"WebPage","@id":"https:\/\/dkn-technology.com\/de\/produkt\/speedbike-pro-1\/","url":"https:\/\/dkn-technology.com\/de\/produkt\/speedbike-pro-1\/","name":"Speedbike Pro-1 - DKN-Technology","isPartOf":{"@id":"https:\/\/dkn-technology.com\/#website"},"primaryImageOfPage":{"@id":"https:\/\/dkn-technology.com\/de\/produkt\/speedbike-pro-1\/#primaryimage"},"image":{"@id":"https:\/\/dkn-technology.com\/de\/produkt\/speedbike-pro-1\/#primaryimage"},"thumbnailUrl":"https:\/\/dkn-technology.com\/wp-content\/uploads\/2023\/01\/pro-1-01.jpg","datePublished":"2023-01-30T13:03:15+00:00","dateModified":"2024-08-09T08:10:57+00:00","breadcrumb":{"@id":"https:\/\/dkn-technology.com\/de\/produkt\/speedbike-pro-1\/#breadcrumb"},"inLanguage":"de","potentialAction":[{"@type":"ReadAction","target":["https:\/\/dkn-technology.com\/de\/produkt\/speedbike-pro-1\/"]}]},{"@type":"ImageObject","inLanguage":"de","@id":"https:\/\/dkn-technology.com\/de\/produkt\/speedbike-pro-1\/#primaryimage","url":"https:\/\/dkn-technology.com\/wp-content\/uploads\/2023\/01\/pro-1-01.jpg","contentUrl":"https:\/\/dkn-technology.com\/wp-content\/uploads\/2023\/01\/pro-1-01.jpg","width":1067,"height":1067,"caption":"Speed bike with zwift - Spinning fiets met zwift"},{"@type":"BreadcrumbList","@id":"https:\/\/dkn-technology.com\/de\/produkt\/speedbike-pro-1\/#breadcrumb","itemListElement":[{"@type":"ListItem","position":1,"name":"Home","item":"https:\/\/dkn-technology.com\/de\/"},{"@type":"ListItem","position":2,"name":"Shop","item":"https:\/\/dkn-technology.com\/de\/shop\/"},{"@type":"ListItem","position":3,"name":"Speedbike Pro-1"}]},{"@type":"WebSite","@id":"https:\/\/dkn-technology.com\/#website","url":"https:\/\/dkn-technology.com\/","name":"DKN-Technology","description":"Smart Fitness Solutions","publisher":{"@id":"https:\/\/dkn-technology.com\/#organization"},"potentialAction":[{"@type":"SearchAction","target":{"@type":"EntryPoint","urlTemplate":"https:\/\/dkn-technology.com\/?s={search_term_string}"},"query-input":{"@type":"PropertyValueSpecification","valueRequired":true,"valueName":"search_term_string"}}],"inLanguage":"de"},{"@type":"Organization","@id":"https:\/\/dkn-technology.com\/#organization","name":"DKN-Technology","url":"https:\/\/dkn-technology.com\/","logo":{"@type":"ImageObject","inLanguage":"de","@id":"https:\/\/dkn-technology.com\/#\/schema\/logo\/image\/","url":"https:\/\/dkn-technology.com\/wp-content\/uploads\/2023\/01\/DKN-logo@4x.webp","contentUrl":"https:\/\/dkn-technology.com\/wp-content\/uploads\/2023\/01\/DKN-logo@4x.webp","width":1933,"height":1029,"caption":"DKN-Technology"},"image":{"@id":"https:\/\/dkn-technology.com\/#\/schema\/logo\/image\/"},"sameAs":["https:\/\/www.facebook.com\/dkntechnology\/","https:\/\/instagram.com\/dkntechnology","https:\/\/www.youtube.com\/@DKN-Technology","https:\/\/www.linkedin.com\/company\/dkn-technology-smart-fitness-solutions"]}]}},"_links":{"self":[{"href":"https:\/\/dkn-technology.com\/de\/wp-json\/wp\/v2\/product\/4243","targetHints":{"allow":["GET"]}}],"collection":[{"href":"https:\/\/dkn-technology.com\/de\/wp-json\/wp\/v2\/product"}],"about":[{"href":"https:\/\/dkn-technology.com\/de\/wp-json\/wp\/v2\/types\/product"}],"version-history":[{"count":6,"href":"https:\/\/dkn-technology.com\/de\/wp-json\/wp\/v2\/product\/4243\/revisions"}],"predecessor-version":[{"id":19422,"href":"https:\/\/dkn-technology.com\/de\/wp-json\/wp\/v2\/product\/4243\/revisions\/19422"}],"wp:featuredmedia":[{"embeddable":true,"href":"https:\/\/dkn-technology.com\/de\/wp-json\/wp\/v2\/media\/9628"}],"wp:attachment":[{"href":"https:\/\/dkn-technology.com\/de\/wp-json\/wp\/v2\/media?parent=4243"}],"wp:term":[{"taxonomy":"product_brand","embeddable":true,"href":"https:\/\/dkn-technology.com\/de\/wp-json\/wp\/v2\/product_brand?post=4243"},{"taxonomy":"product_cat","embeddable":true,"href":"https:\/\/dkn-technology.com\/de\/wp-json\/wp\/v2\/product_cat?post=4243"},{"taxonomy":"product_tag","embeddable":true,"href":"https:\/\/dkn-technology.com\/de\/wp-json\/wp\/v2\/product_tag?post=4243"}],"curies":[{"name":"wp","href":"https:\/\/api.w.org\/{rel}","templated":true}]}}