{"id":4244,"date":"2023-01-30T15:03:15","date_gmt":"2023-01-30T13:03:15","guid":{"rendered":"https:\/\/dkn-technology.com\/product\/x-motion-ii\/"},"modified":"2024-08-09T10:03:28","modified_gmt":"2024-08-09T08:03:28","slug":"x-motion-ii","status":"publish","type":"product","link":"https:\/\/dkn-technology.com\/de\/produkt\/x-motion-ii\/","title":{"rendered":"X-motion II"},"content":{"rendered":"<p>Der X-Motion II ist ein revolution\u00e4rer Indoor-Bike<\/p>\n<p>Das Herzst\u00fcck des X-Motion II ist ein 23 kg Aluminiumschwungrad, das von einem Keilriemen angetrieben wird, mit ma\u00dfgeschneiderten Komponenten ausgestattet ist und das eine ger\u00e4uschlose Pedalbewegung gew\u00e4hrleistet.<\/p>\n<p>\u00dcber die Konsole k\u00f6nnen bis zu 4 Benutzer ihre individuellen Profile einrichten, die aus Alter, Geschlecht, Gewicht und Gr\u00f6\u00dfe bestehen.<\/p>\n<p>Diese Daten werden dann vom Computer verwendet, um das bereitgestellte Feedback wie den Kalorienverbrauch und den Aufwand (gemessen in Watt) zu kalibrieren.<\/p>\n<p>Die Konsole bietet 32 \u200b\u200bWiderstandsstufen, 12 voreingestellte Programme, drahtlose Herzfrequenzmessung (mit optionalem Brustgurt), ein benutzerdefiniertes Programm und ein Programm mit konstantem Watt.<\/p>\n<p>Dar\u00fcber hinaus ist f\u00fcr ein ultimatives fokussiertes Training ein herzfrequenzgesteuertes Programm enthalten.<\/p>\n<p>Das WATT-Steuerprogramm ist besonders n\u00fctzlich f\u00fcr Radfahrer, da es die Eingabe eines Zielaufwands erm\u00f6glicht und die Smart-Technologie das erforderliche Widerstandsniveau basierend auf der Trittgeschwindigkeit und den Profilinformationen berechnet und den Widerstand alle 15 bis 30 Sekunden kontinuierlich anpasst, um ihn beizubehalten der Benutzer auf dem angeforderten Trainingsniveau.<\/p>\n<p>Der verf\u00fcgbare Zielbereich liegt zwischen 10 Watt und sehr herausfordernden 500 Watt!<\/p>\n<p>&nbsp;<\/p>\n<p>Dieses Indoor-Bike erm\u00f6glicht die korrekte geometrische Fahrposition f\u00fcr Benutzer aller H\u00f6hen durch eine Kombination aus einem h\u00f6henverstellbaren Sitz mit einer horizontalen Verstellm\u00f6glichkeit von 25 mm und einem Lenker, der horizontal und vertikal mikroverstellbar ist.<\/p>\n<p>Der X-Motion II wurde auf einer bew\u00e4hrten Plattform der n\u00e4chsten Generation mit doppelten Holmen f\u00fcr mehr Stabilit\u00e4t entwickelt.<\/p>\n<p>Zus\u00e4tzlich ist das Bike mit einem ergonomischen Rennsattel mit flexibler Sitzfl\u00e4che und anatomischem Ausschnitt ausgestattet.<\/p>\n<p>Die Verbindung des stabilen Rahmens, der pr\u00e4zisen Einstellbarkeit und des MTB-Sattels sorgt f\u00fcr ein Indoor-Fahrrad, das \u00fcber l\u00e4ngere Zeitr\u00e4ume mit au\u00dfergew\u00f6hnlichem Fahrkomfort verwendet werden kann. Dar\u00fcber hinaus sind die doppelseitigen Pedale SPD-kompatibel f\u00fcr ernsthafte Fahrrad\u00fcbungen, oder alternativ kann der herk\u00f6mmliche Zehengurt zur Vereinfachung verwendet werden.<\/p>\n<p>Einf\u00fchrung in iRoutes<br \/>\nFordern Sie sich auf einigen der ber\u00fchmtesten Reisen der Welt heraus. Mit dem X-Motion k\u00f6nnen Sie sich mit Kinomap und Zwift (manueller Widerstand) \u00fcberpr\u00fcfen!<br \/>\nW\u00e4hlen Sie eine Route aus, dr\u00fccken Sie Start und folgen Sie der Karte in Ihrem eigenen Tempo mit der Funktion zum Steigen und Verringern<\/p>\n","protected":false},"excerpt":{"rendered":"<div class=\"center-block col-xs-6 col-sm-7 col-md-6\">\n<div class=\"center-block col-xs-6 col-sm-7 col-md-6\">\n<p class=\"product-desc\">Ein authentische Trainingsbike, das hohen Trainingsbelastungen gewachsen ist und \u00fcber hervorragende Trainingseigenschaften verf\u00fcgt und computergesteuerten reibungsfreien Widerstand erm\u00f6glicht.<\/p>\n<\/div>\n<\/div>\n","protected":false},"featured_media":9624,"template":"","meta":{"_acf_changed":false,"inline_featured_image":false,"_monsterinsights_skip_tracking":false,"_monsterinsights_sitenote_active":false,"_monsterinsights_sitenote_note":"","_monsterinsights_sitenote_category":0},"product_brand":[],"product_cat":[102],"product_tag":[],"class_list":{"0":"post-4244","1":"product","2":"type-product","3":"status-publish","4":"has-post-thumbnail","6":"product_cat-indoor_bikes-de","7":"product_shipping_class-bis-100-kg","9":"first","10":"instock","11":"taxable","12":"shipping-taxable","13":"purchasable","14":"product-type-variable","15":"has-default-attributes"},"acf":[],"yoast_head":"<!-- This site is optimized with the Yoast SEO plugin v27.5 - https:\/\/yoast.com\/product\/yoast-seo-wordpress\/ -->\n<title>X-motion II - DKN-Technology<\/title>\n<meta name=\"robots\" content=\"index, follow, max-snippet:-1, max-image-preview:large, max-video-preview:-1\" \/>\n<link rel=\"canonical\" href=\"https:\/\/dkn-technology.com\/de\/produkt\/x-motion-ii\/\" \/>\n<meta property=\"og:locale\" content=\"de_DE\" \/>\n<meta property=\"og:type\" content=\"article\" \/>\n<meta property=\"og:title\" content=\"X-motion II - DKN-Technology\" \/>\n<meta property=\"og:description\" content=\"Ein authentische Trainingsbike, das hohen Trainingsbelastungen gewachsen ist und \u00fcber hervorragende Trainingseigenschaften verf\u00fcgt und computergesteuerten reibungsfreien Widerstand erm\u00f6glicht.\" \/>\n<meta property=\"og:url\" content=\"https:\/\/dkn-technology.com\/de\/produkt\/x-motion-ii\/\" \/>\n<meta property=\"og:site_name\" content=\"DKN-Technology\" \/>\n<meta property=\"article:publisher\" content=\"https:\/\/www.facebook.com\/dkntechnology\/\" \/>\n<meta property=\"article:modified_time\" content=\"2024-08-09T08:03:28+00:00\" \/>\n<meta property=\"og:image\" content=\"https:\/\/dkn-technology.com\/wp-content\/uploads\/2023\/01\/X-Motion2-01.jpg\" \/>\n\t<meta property=\"og:image:width\" content=\"1067\" \/>\n\t<meta property=\"og:image:height\" content=\"1067\" \/>\n\t<meta property=\"og:image:type\" content=\"image\/jpeg\" \/>\n<meta name=\"twitter:card\" content=\"summary_large_image\" \/>\n<meta name=\"twitter:label1\" content=\"Gesch\u00e4tzte Lesezeit\" \/>\n\t<meta name=\"twitter:data1\" content=\"2\u00a0Minuten\" \/>\n<script type=\"application\/ld+json\" class=\"yoast-schema-graph\">{\"@context\":\"https:\\\/\\\/schema.org\",\"@graph\":[{\"@type\":\"WebPage\",\"@id\":\"https:\\\/\\\/dkn-technology.com\\\/de\\\/produkt\\\/x-motion-ii\\\/\",\"url\":\"https:\\\/\\\/dkn-technology.com\\\/de\\\/produkt\\\/x-motion-ii\\\/\",\"name\":\"X-motion II - DKN-Technology\",\"isPartOf\":{\"@id\":\"https:\\\/\\\/dkn-technology.com\\\/#website\"},\"primaryImageOfPage\":{\"@id\":\"https:\\\/\\\/dkn-technology.com\\\/de\\\/produkt\\\/x-motion-ii\\\/#primaryimage\"},\"image\":{\"@id\":\"https:\\\/\\\/dkn-technology.com\\\/de\\\/produkt\\\/x-motion-ii\\\/#primaryimage\"},\"thumbnailUrl\":\"https:\\\/\\\/dkn-technology.com\\\/wp-content\\\/uploads\\\/2023\\\/01\\\/X-Motion2-01.jpg\",\"datePublished\":\"2023-01-30T13:03:15+00:00\",\"dateModified\":\"2024-08-09T08:03:28+00:00\",\"breadcrumb\":{\"@id\":\"https:\\\/\\\/dkn-technology.com\\\/de\\\/produkt\\\/x-motion-ii\\\/#breadcrumb\"},\"inLanguage\":\"de\",\"potentialAction\":[{\"@type\":\"ReadAction\",\"target\":[\"https:\\\/\\\/dkn-technology.com\\\/de\\\/produkt\\\/x-motion-ii\\\/\"]}]},{\"@type\":\"ImageObject\",\"inLanguage\":\"de\",\"@id\":\"https:\\\/\\\/dkn-technology.com\\\/de\\\/produkt\\\/x-motion-ii\\\/#primaryimage\",\"url\":\"https:\\\/\\\/dkn-technology.com\\\/wp-content\\\/uploads\\\/2023\\\/01\\\/X-Motion2-01.jpg\",\"contentUrl\":\"https:\\\/\\\/dkn-technology.com\\\/wp-content\\\/uploads\\\/2023\\\/01\\\/X-Motion2-01.jpg\",\"width\":1067,\"height\":1067},{\"@type\":\"BreadcrumbList\",\"@id\":\"https:\\\/\\\/dkn-technology.com\\\/de\\\/produkt\\\/x-motion-ii\\\/#breadcrumb\",\"itemListElement\":[{\"@type\":\"ListItem\",\"position\":1,\"name\":\"Home\",\"item\":\"https:\\\/\\\/dkn-technology.com\\\/de\\\/\"},{\"@type\":\"ListItem\",\"position\":2,\"name\":\"Shop\",\"item\":\"https:\\\/\\\/dkn-technology.com\\\/de\\\/shop\\\/\"},{\"@type\":\"ListItem\",\"position\":3,\"name\":\"X-motion II\"}]},{\"@type\":\"WebSite\",\"@id\":\"https:\\\/\\\/dkn-technology.com\\\/#website\",\"url\":\"https:\\\/\\\/dkn-technology.com\\\/\",\"name\":\"DKN-Technology\",\"description\":\"Smart Fitness Solutions\",\"publisher\":{\"@id\":\"https:\\\/\\\/dkn-technology.com\\\/#organization\"},\"potentialAction\":[{\"@type\":\"SearchAction\",\"target\":{\"@type\":\"EntryPoint\",\"urlTemplate\":\"https:\\\/\\\/dkn-technology.com\\\/?s={search_term_string}\"},\"query-input\":{\"@type\":\"PropertyValueSpecification\",\"valueRequired\":true,\"valueName\":\"search_term_string\"}}],\"inLanguage\":\"de\"},{\"@type\":\"Organization\",\"@id\":\"https:\\\/\\\/dkn-technology.com\\\/#organization\",\"name\":\"DKN-Technology\",\"url\":\"https:\\\/\\\/dkn-technology.com\\\/\",\"logo\":{\"@type\":\"ImageObject\",\"inLanguage\":\"de\",\"@id\":\"https:\\\/\\\/dkn-technology.com\\\/#\\\/schema\\\/logo\\\/image\\\/\",\"url\":\"https:\\\/\\\/dkn-technology.com\\\/wp-content\\\/uploads\\\/2023\\\/01\\\/DKN-logo@4x.webp\",\"contentUrl\":\"https:\\\/\\\/dkn-technology.com\\\/wp-content\\\/uploads\\\/2023\\\/01\\\/DKN-logo@4x.webp\",\"width\":1933,\"height\":1029,\"caption\":\"DKN-Technology\"},\"image\":{\"@id\":\"https:\\\/\\\/dkn-technology.com\\\/#\\\/schema\\\/logo\\\/image\\\/\"},\"sameAs\":[\"https:\\\/\\\/www.facebook.com\\\/dkntechnology\\\/\",\"https:\\\/\\\/instagram.com\\\/dkntechnology\",\"https:\\\/\\\/www.youtube.com\\\/@DKN-Technology\",\"https:\\\/\\\/www.linkedin.com\\\/company\\\/dkn-technology-smart-fitness-solutions\"]}]}<\/script>\n<!-- \/ Yoast SEO plugin. -->","yoast_head_json":{"title":"X-motion II - DKN-Technology","robots":{"index":"index","follow":"follow","max-snippet":"max-snippet:-1","max-image-preview":"max-image-preview:large","max-video-preview":"max-video-preview:-1"},"canonical":"https:\/\/dkn-technology.com\/de\/produkt\/x-motion-ii\/","og_locale":"de_DE","og_type":"article","og_title":"X-motion II - DKN-Technology","og_description":"Ein authentische Trainingsbike, das hohen Trainingsbelastungen gewachsen ist und \u00fcber hervorragende Trainingseigenschaften verf\u00fcgt und computergesteuerten reibungsfreien Widerstand erm\u00f6glicht.","og_url":"https:\/\/dkn-technology.com\/de\/produkt\/x-motion-ii\/","og_site_name":"DKN-Technology","article_publisher":"https:\/\/www.facebook.com\/dkntechnology\/","article_modified_time":"2024-08-09T08:03:28+00:00","og_image":[{"width":1067,"height":1067,"url":"https:\/\/dkn-technology.com\/wp-content\/uploads\/2023\/01\/X-Motion2-01.jpg","type":"image\/jpeg"}],"twitter_card":"summary_large_image","twitter_misc":{"Gesch\u00e4tzte Lesezeit":"2\u00a0Minuten"},"schema":{"@context":"https:\/\/schema.org","@graph":[{"@type":"WebPage","@id":"https:\/\/dkn-technology.com\/de\/produkt\/x-motion-ii\/","url":"https:\/\/dkn-technology.com\/de\/produkt\/x-motion-ii\/","name":"X-motion II - DKN-Technology","isPartOf":{"@id":"https:\/\/dkn-technology.com\/#website"},"primaryImageOfPage":{"@id":"https:\/\/dkn-technology.com\/de\/produkt\/x-motion-ii\/#primaryimage"},"image":{"@id":"https:\/\/dkn-technology.com\/de\/produkt\/x-motion-ii\/#primaryimage"},"thumbnailUrl":"https:\/\/dkn-technology.com\/wp-content\/uploads\/2023\/01\/X-Motion2-01.jpg","datePublished":"2023-01-30T13:03:15+00:00","dateModified":"2024-08-09T08:03:28+00:00","breadcrumb":{"@id":"https:\/\/dkn-technology.com\/de\/produkt\/x-motion-ii\/#breadcrumb"},"inLanguage":"de","potentialAction":[{"@type":"ReadAction","target":["https:\/\/dkn-technology.com\/de\/produkt\/x-motion-ii\/"]}]},{"@type":"ImageObject","inLanguage":"de","@id":"https:\/\/dkn-technology.com\/de\/produkt\/x-motion-ii\/#primaryimage","url":"https:\/\/dkn-technology.com\/wp-content\/uploads\/2023\/01\/X-Motion2-01.jpg","contentUrl":"https:\/\/dkn-technology.com\/wp-content\/uploads\/2023\/01\/X-Motion2-01.jpg","width":1067,"height":1067},{"@type":"BreadcrumbList","@id":"https:\/\/dkn-technology.com\/de\/produkt\/x-motion-ii\/#breadcrumb","itemListElement":[{"@type":"ListItem","position":1,"name":"Home","item":"https:\/\/dkn-technology.com\/de\/"},{"@type":"ListItem","position":2,"name":"Shop","item":"https:\/\/dkn-technology.com\/de\/shop\/"},{"@type":"ListItem","position":3,"name":"X-motion II"}]},{"@type":"WebSite","@id":"https:\/\/dkn-technology.com\/#website","url":"https:\/\/dkn-technology.com\/","name":"DKN-Technology","description":"Smart Fitness Solutions","publisher":{"@id":"https:\/\/dkn-technology.com\/#organization"},"potentialAction":[{"@type":"SearchAction","target":{"@type":"EntryPoint","urlTemplate":"https:\/\/dkn-technology.com\/?s={search_term_string}"},"query-input":{"@type":"PropertyValueSpecification","valueRequired":true,"valueName":"search_term_string"}}],"inLanguage":"de"},{"@type":"Organization","@id":"https:\/\/dkn-technology.com\/#organization","name":"DKN-Technology","url":"https:\/\/dkn-technology.com\/","logo":{"@type":"ImageObject","inLanguage":"de","@id":"https:\/\/dkn-technology.com\/#\/schema\/logo\/image\/","url":"https:\/\/dkn-technology.com\/wp-content\/uploads\/2023\/01\/DKN-logo@4x.webp","contentUrl":"https:\/\/dkn-technology.com\/wp-content\/uploads\/2023\/01\/DKN-logo@4x.webp","width":1933,"height":1029,"caption":"DKN-Technology"},"image":{"@id":"https:\/\/dkn-technology.com\/#\/schema\/logo\/image\/"},"sameAs":["https:\/\/www.facebook.com\/dkntechnology\/","https:\/\/instagram.com\/dkntechnology","https:\/\/www.youtube.com\/@DKN-Technology","https:\/\/www.linkedin.com\/company\/dkn-technology-smart-fitness-solutions"]}]}},"_links":{"self":[{"href":"https:\/\/dkn-technology.com\/de\/wp-json\/wp\/v2\/product\/4244","targetHints":{"allow":["GET"]}}],"collection":[{"href":"https:\/\/dkn-technology.com\/de\/wp-json\/wp\/v2\/product"}],"about":[{"href":"https:\/\/dkn-technology.com\/de\/wp-json\/wp\/v2\/types\/product"}],"version-history":[{"count":6,"href":"https:\/\/dkn-technology.com\/de\/wp-json\/wp\/v2\/product\/4244\/revisions"}],"predecessor-version":[{"id":19417,"href":"https:\/\/dkn-technology.com\/de\/wp-json\/wp\/v2\/product\/4244\/revisions\/19417"}],"wp:featuredmedia":[{"embeddable":true,"href":"https:\/\/dkn-technology.com\/de\/wp-json\/wp\/v2\/media\/9624"}],"wp:attachment":[{"href":"https:\/\/dkn-technology.com\/de\/wp-json\/wp\/v2\/media?parent=4244"}],"wp:term":[{"taxonomy":"product_brand","embeddable":true,"href":"https:\/\/dkn-technology.com\/de\/wp-json\/wp\/v2\/product_brand?post=4244"},{"taxonomy":"product_cat","embeddable":true,"href":"https:\/\/dkn-technology.com\/de\/wp-json\/wp\/v2\/product_cat?post=4244"},{"taxonomy":"product_tag","embeddable":true,"href":"https:\/\/dkn-technology.com\/de\/wp-json\/wp\/v2\/product_tag?post=4244"}],"curies":[{"name":"wp","href":"https:\/\/api.w.org\/{rel}","templated":true}]}}