{"id":4445,"date":"2023-01-30T15:03:15","date_gmt":"2023-01-30T13:03:15","guid":{"rendered":"https:\/\/dkn-technology.com\/product\/dkn-elliptical-xc-210\/"},"modified":"2025-02-13T11:04:45","modified_gmt":"2025-02-13T09:04:45","slug":"xc-210","status":"publish","type":"product","link":"https:\/\/dkn-technology.com\/de\/produkt\/xc-210\/","title":{"rendered":"Xc-210"},"content":{"rendered":"<p>Dieser robuste Frontschwungrad-Cross-Trainer mit schwenkbaren Fu\u00dfplatten bietet nicht nur eine gro\u00dfe Schrittl\u00e4nge von 54 cm bei 26 kg rotierender Masse, sondern auch die M\u00f6glichkeit f\u00fcr 4 separate Benutzer, ihre Informationen zu speichern und pr\u00e4zise Messwerte und Workouts zu erhalten, die auf ihre eigenen Daten abgestimmt sind .<\/p>\n<p>Dieser Ellipsentrainer wurde f\u00fcr ernsthafte Benutzer, mehrere Benutzer oder Einzelpersonen entwickelt, die das Beste an Heimfitnessger\u00e4ten w\u00fcnschen. Dies ist eines der besseren Modelle f\u00fcr den gewerblichen Gebrauch.<br \/>\nDie Schrittl\u00e4nge von 54 cm ist am besten f\u00fcr Personen geeignet, die bis zu 205 cm gro\u00df sein k\u00f6nnen, und ist mit beweglichen Fu\u00dfpedalen ausgestattet, wobei die Pedale mit dem elliptischen Schritt abgewinkelt sind, um das Heben der Heilung zu begrenzen. Dies reduziert Stress und Belastungen f\u00fcr Kn\u00f6chel und Fu\u00df.<\/p>\n<p>Der XC-210 wurde entwickelt, um die Leistung und Haltbarkeit einer halbkommerziellen Maschine zu bieten: Dieser Premium-Cross-Trainer mit einem 16-kg-Hochleistungsschwungrad bietet Ihnen jedes Mal ein gro\u00dfartiges Training. Die hochbest\u00e4ndigen abgedichteten Lager und Teflongeh\u00e4use verleihen diesem vorderen Scheibenschieber eine einzigartig gleichm\u00e4\u00dfige Bewegung und ein sehr leises Betriebssystem.<\/p>\n<p>&nbsp;<\/p>\n<p>Das Single-Panel-Design ist f\u00fcr einen einfachen Zugriff ausgelegt, sodass der Benutzer jede Maschine intuitiv bedienen kann.<\/p>\n<p>Personal-Coaching: Ein multifunktionales LCD, das alle Funktionen gleichzeitig \u00fcberwacht: Drehzahl, Timer, Entfernung, Kalorienverbrauch, Watt und Herzfrequenz.<\/p>\n<p>Die Konsole ist auch mit Kinomap kompatibel:Kinomap erm\u00f6glicht Ihnen den bequemen Zugriff auf jeden Ort der Welt von zu Hause aus. Um ein realistischeres Erlebnis zu bieten, synchronisiert diese App die Geschwindigkeit. W\u00e4hlen Sie einfach eine Route aus oder erstellen Sie sie, dr\u00fccken Sie Start und folgen Sie der Karte in Ihrem eigenen Tempo!<\/p>\n<p>Ausgestattet mit einen Work-Out Cooling Fan, der sich beim HIIT-Training als n\u00fctzlich erweist.<\/p>\n","protected":false},"excerpt":{"rendered":"<div class=\"center-block col-xs-6 col-sm-7 col-md-6\">\n<div class=\"center-block col-xs-6 col-sm-7 col-md-6\">\n<div class=\"center-block col-xs-6 col-sm-7 col-md-6\">\n<p class=\"product-desc\">Ein solides 16 kg schweres Schwungrad, 54 cm Schrittl\u00e4nge, sto\u00dffreie Bewegung, 24 magnetische Widerstandsstufen und 12 vorprogrammierte Workouts.<\/p>\n<\/div>\n<\/div>\n<\/div>\n","protected":false},"featured_media":9616,"template":"","meta":{"_acf_changed":false,"inline_featured_image":false,"_monsterinsights_skip_tracking":false,"_monsterinsights_sitenote_active":false,"_monsterinsights_sitenote_note":"","_monsterinsights_sitenote_category":0},"product_brand":[],"product_cat":[81],"product_tag":[],"class_list":{"0":"post-4445","1":"product","2":"type-product","3":"status-publish","4":"has-post-thumbnail","6":"product_cat-crosstrainer","7":"product_shipping_class-bis-150-kg","9":"first","10":"outofstock","11":"taxable","12":"shipping-taxable","13":"purchasable","14":"product-type-variable","15":"has-default-attributes"},"acf":[],"yoast_head":"<!-- This site is optimized with the Yoast SEO plugin v27.5 - https:\/\/yoast.com\/product\/yoast-seo-wordpress\/ -->\n<title>Xc-210 - DKN-Technology<\/title>\n<meta name=\"robots\" content=\"index, follow, max-snippet:-1, max-image-preview:large, max-video-preview:-1\" \/>\n<link rel=\"canonical\" href=\"https:\/\/dkn-technology.com\/de\/produkt\/xc-210\/\" \/>\n<meta property=\"og:locale\" content=\"de_DE\" \/>\n<meta property=\"og:type\" content=\"article\" \/>\n<meta property=\"og:title\" content=\"Xc-210 - DKN-Technology\" \/>\n<meta property=\"og:description\" content=\"Ein solides 16 kg schweres Schwungrad, 54 cm Schrittl\u00e4nge, sto\u00dffreie Bewegung, 24 magnetische Widerstandsstufen und 12 vorprogrammierte Workouts.\" \/>\n<meta property=\"og:url\" content=\"https:\/\/dkn-technology.com\/de\/produkt\/xc-210\/\" \/>\n<meta property=\"og:site_name\" content=\"DKN-Technology\" \/>\n<meta property=\"article:publisher\" content=\"https:\/\/www.facebook.com\/dkntechnology\/\" \/>\n<meta property=\"article:modified_time\" content=\"2025-02-13T09:04:45+00:00\" \/>\n<meta property=\"og:image\" content=\"https:\/\/dkn-technology.com\/wp-content\/uploads\/2023\/01\/xc-210-01.jpg\" \/>\n\t<meta property=\"og:image:width\" content=\"1067\" \/>\n\t<meta property=\"og:image:height\" content=\"1067\" \/>\n\t<meta property=\"og:image:type\" content=\"image\/jpeg\" \/>\n<meta name=\"twitter:card\" content=\"summary_large_image\" \/>\n<meta name=\"twitter:label1\" content=\"Gesch\u00e4tzte Lesezeit\" \/>\n\t<meta name=\"twitter:data1\" content=\"2\u00a0Minuten\" \/>\n<script type=\"application\/ld+json\" class=\"yoast-schema-graph\">{\"@context\":\"https:\\\/\\\/schema.org\",\"@graph\":[{\"@type\":\"WebPage\",\"@id\":\"https:\\\/\\\/dkn-technology.com\\\/de\\\/produkt\\\/xc-210\\\/\",\"url\":\"https:\\\/\\\/dkn-technology.com\\\/de\\\/produkt\\\/xc-210\\\/\",\"name\":\"Xc-210 - DKN-Technology\",\"isPartOf\":{\"@id\":\"https:\\\/\\\/dkn-technology.com\\\/#website\"},\"primaryImageOfPage\":{\"@id\":\"https:\\\/\\\/dkn-technology.com\\\/de\\\/produkt\\\/xc-210\\\/#primaryimage\"},\"image\":{\"@id\":\"https:\\\/\\\/dkn-technology.com\\\/de\\\/produkt\\\/xc-210\\\/#primaryimage\"},\"thumbnailUrl\":\"https:\\\/\\\/dkn-technology.com\\\/wp-content\\\/uploads\\\/2023\\\/01\\\/xc-210-01.jpg\",\"datePublished\":\"2023-01-30T13:03:15+00:00\",\"dateModified\":\"2025-02-13T09:04:45+00:00\",\"breadcrumb\":{\"@id\":\"https:\\\/\\\/dkn-technology.com\\\/de\\\/produkt\\\/xc-210\\\/#breadcrumb\"},\"inLanguage\":\"de\",\"potentialAction\":[{\"@type\":\"ReadAction\",\"target\":[\"https:\\\/\\\/dkn-technology.com\\\/de\\\/produkt\\\/xc-210\\\/\"]}]},{\"@type\":\"ImageObject\",\"inLanguage\":\"de\",\"@id\":\"https:\\\/\\\/dkn-technology.com\\\/de\\\/produkt\\\/xc-210\\\/#primaryimage\",\"url\":\"https:\\\/\\\/dkn-technology.com\\\/wp-content\\\/uploads\\\/2023\\\/01\\\/xc-210-01.jpg\",\"contentUrl\":\"https:\\\/\\\/dkn-technology.com\\\/wp-content\\\/uploads\\\/2023\\\/01\\\/xc-210-01.jpg\",\"width\":1067,\"height\":1067,\"caption\":\"Boost uw vermageringsreis met onze Crosstrainer -\"},{\"@type\":\"BreadcrumbList\",\"@id\":\"https:\\\/\\\/dkn-technology.com\\\/de\\\/produkt\\\/xc-210\\\/#breadcrumb\",\"itemListElement\":[{\"@type\":\"ListItem\",\"position\":1,\"name\":\"Home\",\"item\":\"https:\\\/\\\/dkn-technology.com\\\/de\\\/\"},{\"@type\":\"ListItem\",\"position\":2,\"name\":\"Shop\",\"item\":\"https:\\\/\\\/dkn-technology.com\\\/de\\\/shop\\\/\"},{\"@type\":\"ListItem\",\"position\":3,\"name\":\"Xc-210\"}]},{\"@type\":\"WebSite\",\"@id\":\"https:\\\/\\\/dkn-technology.com\\\/#website\",\"url\":\"https:\\\/\\\/dkn-technology.com\\\/\",\"name\":\"DKN-Technology\",\"description\":\"Smart Fitness Solutions\",\"publisher\":{\"@id\":\"https:\\\/\\\/dkn-technology.com\\\/#organization\"},\"potentialAction\":[{\"@type\":\"SearchAction\",\"target\":{\"@type\":\"EntryPoint\",\"urlTemplate\":\"https:\\\/\\\/dkn-technology.com\\\/?s={search_term_string}\"},\"query-input\":{\"@type\":\"PropertyValueSpecification\",\"valueRequired\":true,\"valueName\":\"search_term_string\"}}],\"inLanguage\":\"de\"},{\"@type\":\"Organization\",\"@id\":\"https:\\\/\\\/dkn-technology.com\\\/#organization\",\"name\":\"DKN-Technology\",\"url\":\"https:\\\/\\\/dkn-technology.com\\\/\",\"logo\":{\"@type\":\"ImageObject\",\"inLanguage\":\"de\",\"@id\":\"https:\\\/\\\/dkn-technology.com\\\/#\\\/schema\\\/logo\\\/image\\\/\",\"url\":\"https:\\\/\\\/dkn-technology.com\\\/wp-content\\\/uploads\\\/2023\\\/01\\\/DKN-logo@4x.webp\",\"contentUrl\":\"https:\\\/\\\/dkn-technology.com\\\/wp-content\\\/uploads\\\/2023\\\/01\\\/DKN-logo@4x.webp\",\"width\":1933,\"height\":1029,\"caption\":\"DKN-Technology\"},\"image\":{\"@id\":\"https:\\\/\\\/dkn-technology.com\\\/#\\\/schema\\\/logo\\\/image\\\/\"},\"sameAs\":[\"https:\\\/\\\/www.facebook.com\\\/dkntechnology\\\/\",\"https:\\\/\\\/instagram.com\\\/dkntechnology\",\"https:\\\/\\\/www.youtube.com\\\/@DKN-Technology\",\"https:\\\/\\\/www.linkedin.com\\\/company\\\/dkn-technology-smart-fitness-solutions\"]}]}<\/script>\n<!-- \/ Yoast SEO plugin. -->","yoast_head_json":{"title":"Xc-210 - DKN-Technology","robots":{"index":"index","follow":"follow","max-snippet":"max-snippet:-1","max-image-preview":"max-image-preview:large","max-video-preview":"max-video-preview:-1"},"canonical":"https:\/\/dkn-technology.com\/de\/produkt\/xc-210\/","og_locale":"de_DE","og_type":"article","og_title":"Xc-210 - DKN-Technology","og_description":"Ein solides 16 kg schweres Schwungrad, 54 cm Schrittl\u00e4nge, sto\u00dffreie Bewegung, 24 magnetische Widerstandsstufen und 12 vorprogrammierte Workouts.","og_url":"https:\/\/dkn-technology.com\/de\/produkt\/xc-210\/","og_site_name":"DKN-Technology","article_publisher":"https:\/\/www.facebook.com\/dkntechnology\/","article_modified_time":"2025-02-13T09:04:45+00:00","og_image":[{"width":1067,"height":1067,"url":"https:\/\/dkn-technology.com\/wp-content\/uploads\/2023\/01\/xc-210-01.jpg","type":"image\/jpeg"}],"twitter_card":"summary_large_image","twitter_misc":{"Gesch\u00e4tzte Lesezeit":"2\u00a0Minuten"},"schema":{"@context":"https:\/\/schema.org","@graph":[{"@type":"WebPage","@id":"https:\/\/dkn-technology.com\/de\/produkt\/xc-210\/","url":"https:\/\/dkn-technology.com\/de\/produkt\/xc-210\/","name":"Xc-210 - DKN-Technology","isPartOf":{"@id":"https:\/\/dkn-technology.com\/#website"},"primaryImageOfPage":{"@id":"https:\/\/dkn-technology.com\/de\/produkt\/xc-210\/#primaryimage"},"image":{"@id":"https:\/\/dkn-technology.com\/de\/produkt\/xc-210\/#primaryimage"},"thumbnailUrl":"https:\/\/dkn-technology.com\/wp-content\/uploads\/2023\/01\/xc-210-01.jpg","datePublished":"2023-01-30T13:03:15+00:00","dateModified":"2025-02-13T09:04:45+00:00","breadcrumb":{"@id":"https:\/\/dkn-technology.com\/de\/produkt\/xc-210\/#breadcrumb"},"inLanguage":"de","potentialAction":[{"@type":"ReadAction","target":["https:\/\/dkn-technology.com\/de\/produkt\/xc-210\/"]}]},{"@type":"ImageObject","inLanguage":"de","@id":"https:\/\/dkn-technology.com\/de\/produkt\/xc-210\/#primaryimage","url":"https:\/\/dkn-technology.com\/wp-content\/uploads\/2023\/01\/xc-210-01.jpg","contentUrl":"https:\/\/dkn-technology.com\/wp-content\/uploads\/2023\/01\/xc-210-01.jpg","width":1067,"height":1067,"caption":"Boost uw vermageringsreis met onze Crosstrainer -"},{"@type":"BreadcrumbList","@id":"https:\/\/dkn-technology.com\/de\/produkt\/xc-210\/#breadcrumb","itemListElement":[{"@type":"ListItem","position":1,"name":"Home","item":"https:\/\/dkn-technology.com\/de\/"},{"@type":"ListItem","position":2,"name":"Shop","item":"https:\/\/dkn-technology.com\/de\/shop\/"},{"@type":"ListItem","position":3,"name":"Xc-210"}]},{"@type":"WebSite","@id":"https:\/\/dkn-technology.com\/#website","url":"https:\/\/dkn-technology.com\/","name":"DKN-Technology","description":"Smart Fitness Solutions","publisher":{"@id":"https:\/\/dkn-technology.com\/#organization"},"potentialAction":[{"@type":"SearchAction","target":{"@type":"EntryPoint","urlTemplate":"https:\/\/dkn-technology.com\/?s={search_term_string}"},"query-input":{"@type":"PropertyValueSpecification","valueRequired":true,"valueName":"search_term_string"}}],"inLanguage":"de"},{"@type":"Organization","@id":"https:\/\/dkn-technology.com\/#organization","name":"DKN-Technology","url":"https:\/\/dkn-technology.com\/","logo":{"@type":"ImageObject","inLanguage":"de","@id":"https:\/\/dkn-technology.com\/#\/schema\/logo\/image\/","url":"https:\/\/dkn-technology.com\/wp-content\/uploads\/2023\/01\/DKN-logo@4x.webp","contentUrl":"https:\/\/dkn-technology.com\/wp-content\/uploads\/2023\/01\/DKN-logo@4x.webp","width":1933,"height":1029,"caption":"DKN-Technology"},"image":{"@id":"https:\/\/dkn-technology.com\/#\/schema\/logo\/image\/"},"sameAs":["https:\/\/www.facebook.com\/dkntechnology\/","https:\/\/instagram.com\/dkntechnology","https:\/\/www.youtube.com\/@DKN-Technology","https:\/\/www.linkedin.com\/company\/dkn-technology-smart-fitness-solutions"]}]}},"_links":{"self":[{"href":"https:\/\/dkn-technology.com\/de\/wp-json\/wp\/v2\/product\/4445","targetHints":{"allow":["GET"]}}],"collection":[{"href":"https:\/\/dkn-technology.com\/de\/wp-json\/wp\/v2\/product"}],"about":[{"href":"https:\/\/dkn-technology.com\/de\/wp-json\/wp\/v2\/types\/product"}],"version-history":[{"count":9,"href":"https:\/\/dkn-technology.com\/de\/wp-json\/wp\/v2\/product\/4445\/revisions"}],"predecessor-version":[{"id":23038,"href":"https:\/\/dkn-technology.com\/de\/wp-json\/wp\/v2\/product\/4445\/revisions\/23038"}],"wp:featuredmedia":[{"embeddable":true,"href":"https:\/\/dkn-technology.com\/de\/wp-json\/wp\/v2\/media\/9616"}],"wp:attachment":[{"href":"https:\/\/dkn-technology.com\/de\/wp-json\/wp\/v2\/media?parent=4445"}],"wp:term":[{"taxonomy":"product_brand","embeddable":true,"href":"https:\/\/dkn-technology.com\/de\/wp-json\/wp\/v2\/product_brand?post=4445"},{"taxonomy":"product_cat","embeddable":true,"href":"https:\/\/dkn-technology.com\/de\/wp-json\/wp\/v2\/product_cat?post=4445"},{"taxonomy":"product_tag","embeddable":true,"href":"https:\/\/dkn-technology.com\/de\/wp-json\/wp\/v2\/product_tag?post=4445"}],"curies":[{"name":"wp","href":"https:\/\/api.w.org\/{rel}","templated":true}]}}