{"id":4625,"date":"2023-01-30T15:03:16","date_gmt":"2023-01-30T13:03:16","guid":{"rendered":"https:\/\/dkn-technology.com\/product\/dkn-rower-h2oar\/"},"modified":"2025-02-13T12:30:56","modified_gmt":"2025-02-13T10:30:56","slug":"rower-h2oar","status":"publish","type":"product","link":"https:\/\/dkn-technology.com\/de\/produkt\/rower-h2oar\/","title":{"rendered":"Rower H2OAr"},"content":{"rendered":"<p>Wenn Sie nach einem Indoor-Rudertraining suchen, das das Gef\u00fchl des Ruderns im offenen Wasser am genauesten wiedergibt, ist der H2OAr-Wasserruderer genau das Richtige f\u00fcr Sie. Von allen Ruderger\u00e4ten in Innenr\u00e4umen k\u00f6nnen Wasserruderer am besten ein realistisches Rudergef\u00fchl auf dem Wasser reproduzieren. Die Hubzyklen entsprechen der Dynamik des echten Paddelns und jeder Hub wird mit einem zufriedenstellenden Spritzer unterbrochen. Der Anblick und die Ger\u00e4usche des Wassers schaffen ein echtes Zen-\u00e4hnliches Rudererlebnis.<\/p>\n<p>Der Hauptvorteil des H2OAr Rower ist sein variabler Widerstand, der sich an die Benutzeranstrengung anpasst. Je schneller Sie rudern, desto schwieriger wird der Widerstand. Der H2OAr-Ruderer bewegt Paddel, die in einem Wassertank untergebracht sind, und erzeugt so ein \u2018Wasserschwungrad\u2019. Wenn Sie am Lenker ziehen, dr\u00fccken die Paddel das Wasser. Es ist \u00e4hnlich wie beim Rudern auf dem Wasser: Der Wasserwiderstand steigt und f\u00e4llt auf nat\u00fcrliche Weise. Je intensiver Sie rudern, desto h\u00f6her ist der Widerstand. Der Widerstand wird zu 100% vom Benutzer gesteuert.<\/p>\n<p>Das Herzst\u00fcck dieses Modells ist das vertikal positionierte Wassertanksystem das 18% mehr Widerstand bietet als die herk\u00f6mmlichen horizontalen Modelle. Der H20Ar wurde entwickelt, um den meisten Auszubildenden, vom Anf\u00e4nger bis zum fortgeschrittenen Ruderer, gen\u00fcgend Herausforderungen zu bieten.<\/p>\n<p>&nbsp;<\/p>\n<p>Der H20Ar Wasserruderer ist f\u00fcr den Preis sehr gut ausgestattet. Der Leistungsmonitor zeigt wichtige Variablen wie Geschwindigkeit, Distanz, Zeit, Schl\u00e4ge, Kalorienverbrauch an und bietet au\u00dferdem Zieleinstellungen sowie ein Rennprogramm.<\/p>\n<p>Die drahtlose 5Khz Konnektivit\u00e4t erm\u00f6glicht eine genaue Herzfrequenzaufzeichnung, und der H20Ar ist mit der Kinomap-App kompatibel.<\/p>\n<p>Der Rahmen ist sehr robust und kann dank Doppelschienen Benutzer bis zu 150 kg tragen. Die erh\u00f6hte H\u00f6he dieses Indoor-Ruderger\u00e4ts erm\u00f6glicht einen einfachen Ein- und Ausschaltvorgang, der sich perfekt f\u00fcr gro\u00dfe Benutzer und die Rehabilitation eignet und Personen mit Arthritis- oder Mobilit\u00e4tsproblemen gerecht wird. Der Sitz selbst kann sich weit von den Pedalen entfernen, um Ruderer aller H\u00f6hen bequem unterzubringen. Der H20Ar bietet Workouts f\u00fcr alle, vom Anf\u00e4nger bis zum Leistungssportler.<\/p>\n<p>\u2022 Abmessungen: L212 x B51 x H93 cm.<br \/>\n\u2022 Stehender Stauraum, um Platz zu sparen, wenn er nicht verwendet wird.<br \/>\n\u2022 Zertifiziert gem\u00e4\u00df den Normen der Klasse H, ISO-20957.<\/p>\n","protected":false},"excerpt":{"rendered":"<div class=\"center-block col-xs-6 col-sm-7 col-md-6\">\n<div class=\"center-block col-xs-6 col-sm-7 col-md-6\">\n<div class=\"center-block col-xs-6 col-sm-7 col-md-6\">\n<p class=\"product-desc\">Auf der Suche nach einem echten Rudererlebnis? Der H2OAr reproduziert wirklich ein realistisches Rudergef\u00fchl auf dem Wasser.<\/p>\n<\/div>\n<\/div>\n<\/div>\n","protected":false},"featured_media":9532,"template":"","meta":{"_acf_changed":false,"inline_featured_image":false,"_monsterinsights_skip_tracking":false,"_monsterinsights_sitenote_active":false,"_monsterinsights_sitenote_note":"","_monsterinsights_sitenote_category":0},"product_brand":[],"product_cat":[90],"product_tag":[],"class_list":{"0":"post-4625","1":"product","2":"type-product","3":"status-publish","4":"has-post-thumbnail","6":"product_cat-rudertrainer","7":"product_shipping_class-bis-100-kg","9":"first","10":"instock","11":"taxable","12":"shipping-taxable","13":"purchasable","14":"product-type-variable","15":"has-default-attributes"},"acf":[],"yoast_head":"<!-- This site is optimized with the Yoast SEO plugin v27.3 - https:\/\/yoast.com\/product\/yoast-seo-wordpress\/ -->\n<title>Rower H2OAr - DKN-Technology<\/title>\n<meta name=\"robots\" content=\"index, follow, max-snippet:-1, max-image-preview:large, max-video-preview:-1\" \/>\n<link rel=\"canonical\" href=\"https:\/\/dkn-technology.com\/de\/produkt\/rower-h2oar\/\" \/>\n<meta property=\"og:locale\" content=\"de_DE\" \/>\n<meta property=\"og:type\" content=\"article\" \/>\n<meta property=\"og:title\" content=\"Rower H2OAr - DKN-Technology\" \/>\n<meta property=\"og:description\" content=\"Auf der Suche nach einem echten Rudererlebnis? Der H2OAr reproduziert wirklich ein realistisches Rudergef\u00fchl auf dem Wasser.\" \/>\n<meta property=\"og:url\" content=\"https:\/\/dkn-technology.com\/de\/produkt\/rower-h2oar\/\" \/>\n<meta property=\"og:site_name\" content=\"DKN-Technology\" \/>\n<meta property=\"article:publisher\" content=\"https:\/\/www.facebook.com\/dkntechnology\/\" \/>\n<meta property=\"article:modified_time\" content=\"2025-02-13T10:30:56+00:00\" \/>\n<meta property=\"og:image\" content=\"https:\/\/dkn-technology.com\/wp-content\/uploads\/2023\/01\/H2Oar-01.jpg\" \/>\n\t<meta property=\"og:image:width\" content=\"1067\" \/>\n\t<meta property=\"og:image:height\" content=\"1067\" \/>\n\t<meta property=\"og:image:type\" content=\"image\/jpeg\" \/>\n<meta name=\"twitter:card\" content=\"summary_large_image\" \/>\n<meta name=\"twitter:label1\" content=\"Gesch\u00e4tzte Lesezeit\" \/>\n\t<meta name=\"twitter:data1\" content=\"2\u00a0Minuten\" \/>\n<script type=\"application\/ld+json\" class=\"yoast-schema-graph\">{\"@context\":\"https:\\\/\\\/schema.org\",\"@graph\":[{\"@type\":\"WebPage\",\"@id\":\"https:\\\/\\\/dkn-technology.com\\\/de\\\/produkt\\\/rower-h2oar\\\/\",\"url\":\"https:\\\/\\\/dkn-technology.com\\\/de\\\/produkt\\\/rower-h2oar\\\/\",\"name\":\"Rower H2OAr - DKN-Technology\",\"isPartOf\":{\"@id\":\"https:\\\/\\\/dkn-technology.com\\\/#website\"},\"primaryImageOfPage\":{\"@id\":\"https:\\\/\\\/dkn-technology.com\\\/de\\\/produkt\\\/rower-h2oar\\\/#primaryimage\"},\"image\":{\"@id\":\"https:\\\/\\\/dkn-technology.com\\\/de\\\/produkt\\\/rower-h2oar\\\/#primaryimage\"},\"thumbnailUrl\":\"https:\\\/\\\/dkn-technology.com\\\/wp-content\\\/uploads\\\/2023\\\/01\\\/H2Oar-01.jpg\",\"datePublished\":\"2023-01-30T13:03:16+00:00\",\"dateModified\":\"2025-02-13T10:30:56+00:00\",\"breadcrumb\":{\"@id\":\"https:\\\/\\\/dkn-technology.com\\\/de\\\/produkt\\\/rower-h2oar\\\/#breadcrumb\"},\"inLanguage\":\"de\",\"potentialAction\":[{\"@type\":\"ReadAction\",\"target\":[\"https:\\\/\\\/dkn-technology.com\\\/de\\\/produkt\\\/rower-h2oar\\\/\"]}]},{\"@type\":\"ImageObject\",\"inLanguage\":\"de\",\"@id\":\"https:\\\/\\\/dkn-technology.com\\\/de\\\/produkt\\\/rower-h2oar\\\/#primaryimage\",\"url\":\"https:\\\/\\\/dkn-technology.com\\\/wp-content\\\/uploads\\\/2023\\\/01\\\/H2Oar-01.jpg\",\"contentUrl\":\"https:\\\/\\\/dkn-technology.com\\\/wp-content\\\/uploads\\\/2023\\\/01\\\/H2Oar-01.jpg\",\"width\":1067,\"height\":1067},{\"@type\":\"BreadcrumbList\",\"@id\":\"https:\\\/\\\/dkn-technology.com\\\/de\\\/produkt\\\/rower-h2oar\\\/#breadcrumb\",\"itemListElement\":[{\"@type\":\"ListItem\",\"position\":1,\"name\":\"Home\",\"item\":\"https:\\\/\\\/dkn-technology.com\\\/de\\\/\"},{\"@type\":\"ListItem\",\"position\":2,\"name\":\"Shop\",\"item\":\"https:\\\/\\\/dkn-technology.com\\\/de\\\/shop\\\/\"},{\"@type\":\"ListItem\",\"position\":3,\"name\":\"Rower H2OAr\"}]},{\"@type\":\"WebSite\",\"@id\":\"https:\\\/\\\/dkn-technology.com\\\/#website\",\"url\":\"https:\\\/\\\/dkn-technology.com\\\/\",\"name\":\"DKN-Technology\",\"description\":\"Smart Fitness Solutions\",\"publisher\":{\"@id\":\"https:\\\/\\\/dkn-technology.com\\\/#organization\"},\"potentialAction\":[{\"@type\":\"SearchAction\",\"target\":{\"@type\":\"EntryPoint\",\"urlTemplate\":\"https:\\\/\\\/dkn-technology.com\\\/?s={search_term_string}\"},\"query-input\":{\"@type\":\"PropertyValueSpecification\",\"valueRequired\":true,\"valueName\":\"search_term_string\"}}],\"inLanguage\":\"de\"},{\"@type\":\"Organization\",\"@id\":\"https:\\\/\\\/dkn-technology.com\\\/#organization\",\"name\":\"DKN-Technology\",\"url\":\"https:\\\/\\\/dkn-technology.com\\\/\",\"logo\":{\"@type\":\"ImageObject\",\"inLanguage\":\"de\",\"@id\":\"https:\\\/\\\/dkn-technology.com\\\/#\\\/schema\\\/logo\\\/image\\\/\",\"url\":\"https:\\\/\\\/dkn-technology.com\\\/wp-content\\\/uploads\\\/2023\\\/01\\\/DKN-logo@4x.webp\",\"contentUrl\":\"https:\\\/\\\/dkn-technology.com\\\/wp-content\\\/uploads\\\/2023\\\/01\\\/DKN-logo@4x.webp\",\"width\":1933,\"height\":1029,\"caption\":\"DKN-Technology\"},\"image\":{\"@id\":\"https:\\\/\\\/dkn-technology.com\\\/#\\\/schema\\\/logo\\\/image\\\/\"},\"sameAs\":[\"https:\\\/\\\/www.facebook.com\\\/dkntechnology\\\/\",\"https:\\\/\\\/instagram.com\\\/dkntechnology\",\"https:\\\/\\\/www.youtube.com\\\/@DKN-Technology\",\"https:\\\/\\\/www.linkedin.com\\\/company\\\/dkn-technology-smart-fitness-solutions\"]}]}<\/script>\n<!-- \/ Yoast SEO plugin. -->","yoast_head_json":{"title":"Rower H2OAr - DKN-Technology","robots":{"index":"index","follow":"follow","max-snippet":"max-snippet:-1","max-image-preview":"max-image-preview:large","max-video-preview":"max-video-preview:-1"},"canonical":"https:\/\/dkn-technology.com\/de\/produkt\/rower-h2oar\/","og_locale":"de_DE","og_type":"article","og_title":"Rower H2OAr - DKN-Technology","og_description":"Auf der Suche nach einem echten Rudererlebnis? Der H2OAr reproduziert wirklich ein realistisches Rudergef\u00fchl auf dem Wasser.","og_url":"https:\/\/dkn-technology.com\/de\/produkt\/rower-h2oar\/","og_site_name":"DKN-Technology","article_publisher":"https:\/\/www.facebook.com\/dkntechnology\/","article_modified_time":"2025-02-13T10:30:56+00:00","og_image":[{"width":1067,"height":1067,"url":"https:\/\/dkn-technology.com\/wp-content\/uploads\/2023\/01\/H2Oar-01.jpg","type":"image\/jpeg"}],"twitter_card":"summary_large_image","twitter_misc":{"Gesch\u00e4tzte Lesezeit":"2\u00a0Minuten"},"schema":{"@context":"https:\/\/schema.org","@graph":[{"@type":"WebPage","@id":"https:\/\/dkn-technology.com\/de\/produkt\/rower-h2oar\/","url":"https:\/\/dkn-technology.com\/de\/produkt\/rower-h2oar\/","name":"Rower H2OAr - DKN-Technology","isPartOf":{"@id":"https:\/\/dkn-technology.com\/#website"},"primaryImageOfPage":{"@id":"https:\/\/dkn-technology.com\/de\/produkt\/rower-h2oar\/#primaryimage"},"image":{"@id":"https:\/\/dkn-technology.com\/de\/produkt\/rower-h2oar\/#primaryimage"},"thumbnailUrl":"https:\/\/dkn-technology.com\/wp-content\/uploads\/2023\/01\/H2Oar-01.jpg","datePublished":"2023-01-30T13:03:16+00:00","dateModified":"2025-02-13T10:30:56+00:00","breadcrumb":{"@id":"https:\/\/dkn-technology.com\/de\/produkt\/rower-h2oar\/#breadcrumb"},"inLanguage":"de","potentialAction":[{"@type":"ReadAction","target":["https:\/\/dkn-technology.com\/de\/produkt\/rower-h2oar\/"]}]},{"@type":"ImageObject","inLanguage":"de","@id":"https:\/\/dkn-technology.com\/de\/produkt\/rower-h2oar\/#primaryimage","url":"https:\/\/dkn-technology.com\/wp-content\/uploads\/2023\/01\/H2Oar-01.jpg","contentUrl":"https:\/\/dkn-technology.com\/wp-content\/uploads\/2023\/01\/H2Oar-01.jpg","width":1067,"height":1067},{"@type":"BreadcrumbList","@id":"https:\/\/dkn-technology.com\/de\/produkt\/rower-h2oar\/#breadcrumb","itemListElement":[{"@type":"ListItem","position":1,"name":"Home","item":"https:\/\/dkn-technology.com\/de\/"},{"@type":"ListItem","position":2,"name":"Shop","item":"https:\/\/dkn-technology.com\/de\/shop\/"},{"@type":"ListItem","position":3,"name":"Rower H2OAr"}]},{"@type":"WebSite","@id":"https:\/\/dkn-technology.com\/#website","url":"https:\/\/dkn-technology.com\/","name":"DKN-Technology","description":"Smart Fitness Solutions","publisher":{"@id":"https:\/\/dkn-technology.com\/#organization"},"potentialAction":[{"@type":"SearchAction","target":{"@type":"EntryPoint","urlTemplate":"https:\/\/dkn-technology.com\/?s={search_term_string}"},"query-input":{"@type":"PropertyValueSpecification","valueRequired":true,"valueName":"search_term_string"}}],"inLanguage":"de"},{"@type":"Organization","@id":"https:\/\/dkn-technology.com\/#organization","name":"DKN-Technology","url":"https:\/\/dkn-technology.com\/","logo":{"@type":"ImageObject","inLanguage":"de","@id":"https:\/\/dkn-technology.com\/#\/schema\/logo\/image\/","url":"https:\/\/dkn-technology.com\/wp-content\/uploads\/2023\/01\/DKN-logo@4x.webp","contentUrl":"https:\/\/dkn-technology.com\/wp-content\/uploads\/2023\/01\/DKN-logo@4x.webp","width":1933,"height":1029,"caption":"DKN-Technology"},"image":{"@id":"https:\/\/dkn-technology.com\/#\/schema\/logo\/image\/"},"sameAs":["https:\/\/www.facebook.com\/dkntechnology\/","https:\/\/instagram.com\/dkntechnology","https:\/\/www.youtube.com\/@DKN-Technology","https:\/\/www.linkedin.com\/company\/dkn-technology-smart-fitness-solutions"]}]}},"_links":{"self":[{"href":"https:\/\/dkn-technology.com\/de\/wp-json\/wp\/v2\/product\/4625","targetHints":{"allow":["GET"]}}],"collection":[{"href":"https:\/\/dkn-technology.com\/de\/wp-json\/wp\/v2\/product"}],"about":[{"href":"https:\/\/dkn-technology.com\/de\/wp-json\/wp\/v2\/types\/product"}],"version-history":[{"count":6,"href":"https:\/\/dkn-technology.com\/de\/wp-json\/wp\/v2\/product\/4625\/revisions"}],"predecessor-version":[{"id":23139,"href":"https:\/\/dkn-technology.com\/de\/wp-json\/wp\/v2\/product\/4625\/revisions\/23139"}],"wp:featuredmedia":[{"embeddable":true,"href":"https:\/\/dkn-technology.com\/de\/wp-json\/wp\/v2\/media\/9532"}],"wp:attachment":[{"href":"https:\/\/dkn-technology.com\/de\/wp-json\/wp\/v2\/media?parent=4625"}],"wp:term":[{"taxonomy":"product_brand","embeddable":true,"href":"https:\/\/dkn-technology.com\/de\/wp-json\/wp\/v2\/product_brand?post=4625"},{"taxonomy":"product_cat","embeddable":true,"href":"https:\/\/dkn-technology.com\/de\/wp-json\/wp\/v2\/product_cat?post=4625"},{"taxonomy":"product_tag","embeddable":true,"href":"https:\/\/dkn-technology.com\/de\/wp-json\/wp\/v2\/product_tag?post=4625"}],"curies":[{"name":"wp","href":"https:\/\/api.w.org\/{rel}","templated":true}]}}