{"id":4627,"date":"2023-01-30T15:03:16","date_gmt":"2023-01-30T13:03:16","guid":{"rendered":"https:\/\/dkn-technology.com\/product\/dkn-treadmill-airun-z\/"},"modified":"2025-09-22T13:22:11","modified_gmt":"2025-09-22T11:22:11","slug":"airun-z","status":"publish","type":"product","link":"https:\/\/dkn-technology.com\/de\/produkt\/airun-z\/","title":{"rendered":"Airun-Z"},"content":{"rendered":"<p>The next best thing to running on grass.<\/p>\n<p>Das klappbare Laufband AiRun-Z ist so konzipiert, dass es den Belastungen durch h\u00e4ufiges Laufen standh\u00e4lt und seinen Wert \u00fcber Jahre hinweg beibeh\u00e4lt.<\/p>\n<p>Dies ist ein &#8218;Rock Solid&#8216;-Ger\u00e4t.<\/p>\n<p>Zus\u00e4tzlich zur Neigungs- funktion erm\u00f6glichen die extra breite und lange Lauffl\u00e4che und das verst\u00e4rkte Ger\u00fcst ein Gewicht der Benutzerkapazit\u00e4t von bis zu 130 kg.<\/p>\n<p>Das orthop\u00e4dische 2-mm-Laufband erg\u00e4nzt und unterst\u00fctzt das perfekte Gleichgewicht zwischen Sto\u00dfd\u00e4mpfung und Bodenoberfl\u00e4che.<\/p>\n<p>Die progressive Sto\u00dfd\u00e4mpfung des AiRun-Z absorbiert \u00fcber 40% des Laufaufpralls und schont Knie, Kn\u00f6chel und Gelenke.<\/p>\n<p>&nbsp;<\/p>\n<p>Der benutzerfreundliche Monitor bietet effektive Programme, die einen Benutzer nicht nur zu H\u00f6chstleistungen herausfordern, sondern ihn auch auf dem richtigen Weg halten, um pers\u00f6nliche Fitnessziele zu erreichen, sei es beim Abnehmen oder beim Ausdauertraining.<\/p>\n<p>Die LED-Konsole bietet fortlaufendes Feedback zu allen Trainingsdaten, einschlie\u00dflich Geschwindigkeit, verstrichene Zeit, zur\u00fcckgelegte Strecke, verbrannte Kalorien, Steigung, 400 m Rundenlauf und Herzfrequenz, sodass Sie jede Sitzung im Auge behalten k\u00f6nnen.<\/p>\n<p>Der AiRun-Z bietet 12 vorprogrammierte Kurse, darunter Gewichtsverlust, 5 km Laufen, Bergsteigen, 2 HR-Programme und 3 benutzerdefinierte Programme.<\/p>\n<p>Der Monitor ist auch mit dem optionalen Bluetooth Brustgurt (20409) kompatibel.<\/p>\n<p>Das \u00fcbergeordnete Ziel des AiRun-Z-Laufbandes besteht darin, eine Maschine anzubieten, die dem Au\u00dfenl\u00e4ufer ein realistisches Gef\u00fchl f\u00fcr seinen regul\u00e4ren Routinelauf vermittelt.<\/p>\n<p>Der AiRun-Z bietet 2 Motoren, die die Neigungs- und Gef\u00e4llefunktionen bedienen. Dies gibt dem Benutzer die notwendige Freiheit, seine L\u00e4ufe an die gewohnten Aktivit\u00e4ten im Freien anzupassen.<\/p>\n<p>Verwenden Sie verschiedene Apps, um Ihre L\u00e4ufe anzupassen.<\/p>\n<p>Kinomap erm\u00f6glicht Ihnen den bequemen Zugriff auf jeden Ort der Welt von zu Hause aus. Um ein realistischeres Erlebnis zu bieten, synchronisiert diese App die Funktion f\u00fcr Steigung und Gef\u00e4lle. W\u00e4hlen Sie einfach eine Route aus oder erstellen Sie sie, dr\u00fccken Sie Start und folgen Sie der Karte in Ihrem eigenen Tempo!<\/p>\n","protected":false},"excerpt":{"rendered":"<div class=\"center-block col-xs-6 col-sm-7 col-md-6\">\n<div class=\"center-block col-xs-6 col-sm-7 col-md-6\">\n<div class=\"center-block col-xs-6 col-sm-7 col-md-6\">\n<p class=\"product-desc\">Der AiRun-Z: ein 2,5-PS-Motor (4-PS-Spitze), Geschwindigkeit bis zu 18 km\/h und Neigung in 20 Schritten. &#8218;Built to Performance&#8216;.<\/p>\n<\/div>\n<\/div>\n<\/div>\n","protected":false},"featured_media":4035,"template":"","meta":{"_acf_changed":false,"inline_featured_image":false,"_monsterinsights_skip_tracking":false,"_monsterinsights_sitenote_active":false,"_monsterinsights_sitenote_note":"","_monsterinsights_sitenote_category":0},"product_brand":[],"product_cat":[93],"product_tag":[],"class_list":{"0":"post-4627","1":"product","2":"type-product","3":"status-publish","4":"has-post-thumbnail","6":"product_cat-laufbaender","7":"product_shipping_class-bis-150-kg","9":"first","10":"instock","11":"taxable","12":"shipping-taxable","13":"purchasable","14":"product-type-variable","15":"has-default-attributes"},"acf":[],"yoast_head":"<!-- This site is optimized with the Yoast SEO plugin v27.5 - https:\/\/yoast.com\/product\/yoast-seo-wordpress\/ -->\n<title>Airun-Z - DKN-Technology<\/title>\n<meta name=\"robots\" content=\"index, follow, max-snippet:-1, max-image-preview:large, max-video-preview:-1\" \/>\n<link rel=\"canonical\" href=\"https:\/\/dkn-technology.com\/de\/produkt\/airun-z\/\" \/>\n<meta property=\"og:locale\" content=\"de_DE\" \/>\n<meta property=\"og:type\" content=\"article\" \/>\n<meta property=\"og:title\" content=\"Airun-Z - DKN-Technology\" \/>\n<meta property=\"og:description\" content=\"Der AiRun-Z: ein 2,5-PS-Motor (4-PS-Spitze), Geschwindigkeit bis zu 18 km\/h und Neigung in 20 Schritten. &#039;Built to Performance&#039;.\" \/>\n<meta property=\"og:url\" content=\"https:\/\/dkn-technology.com\/de\/produkt\/airun-z\/\" \/>\n<meta property=\"og:site_name\" content=\"DKN-Technology\" \/>\n<meta property=\"article:publisher\" content=\"https:\/\/www.facebook.com\/dkntechnology\/\" \/>\n<meta property=\"article:modified_time\" content=\"2025-09-22T11:22:11+00:00\" \/>\n<meta property=\"og:image\" content=\"https:\/\/dkn-technology.com\/wp-content\/uploads\/2023\/01\/AiRun-Z-1.jpg\" \/>\n\t<meta property=\"og:image:width\" content=\"1200\" \/>\n\t<meta property=\"og:image:height\" content=\"1170\" \/>\n\t<meta property=\"og:image:type\" content=\"image\/jpeg\" \/>\n<meta name=\"twitter:card\" content=\"summary_large_image\" \/>\n<meta name=\"twitter:label1\" content=\"Gesch\u00e4tzte Lesezeit\" \/>\n\t<meta name=\"twitter:data1\" content=\"2\u00a0Minuten\" \/>\n<script type=\"application\/ld+json\" class=\"yoast-schema-graph\">{\"@context\":\"https:\\\/\\\/schema.org\",\"@graph\":[{\"@type\":\"WebPage\",\"@id\":\"https:\\\/\\\/dkn-technology.com\\\/de\\\/produkt\\\/airun-z\\\/\",\"url\":\"https:\\\/\\\/dkn-technology.com\\\/de\\\/produkt\\\/airun-z\\\/\",\"name\":\"Airun-Z - DKN-Technology\",\"isPartOf\":{\"@id\":\"https:\\\/\\\/dkn-technology.com\\\/#website\"},\"primaryImageOfPage\":{\"@id\":\"https:\\\/\\\/dkn-technology.com\\\/de\\\/produkt\\\/airun-z\\\/#primaryimage\"},\"image\":{\"@id\":\"https:\\\/\\\/dkn-technology.com\\\/de\\\/produkt\\\/airun-z\\\/#primaryimage\"},\"thumbnailUrl\":\"https:\\\/\\\/dkn-technology.com\\\/wp-content\\\/uploads\\\/2023\\\/01\\\/AiRun-Z-1.jpg\",\"datePublished\":\"2023-01-30T13:03:16+00:00\",\"dateModified\":\"2025-09-22T11:22:11+00:00\",\"breadcrumb\":{\"@id\":\"https:\\\/\\\/dkn-technology.com\\\/de\\\/produkt\\\/airun-z\\\/#breadcrumb\"},\"inLanguage\":\"de\",\"potentialAction\":[{\"@type\":\"ReadAction\",\"target\":[\"https:\\\/\\\/dkn-technology.com\\\/de\\\/produkt\\\/airun-z\\\/\"]}]},{\"@type\":\"ImageObject\",\"inLanguage\":\"de\",\"@id\":\"https:\\\/\\\/dkn-technology.com\\\/de\\\/produkt\\\/airun-z\\\/#primaryimage\",\"url\":\"https:\\\/\\\/dkn-technology.com\\\/wp-content\\\/uploads\\\/2023\\\/01\\\/AiRun-Z-1.jpg\",\"contentUrl\":\"https:\\\/\\\/dkn-technology.com\\\/wp-content\\\/uploads\\\/2023\\\/01\\\/AiRun-Z-1.jpg\",\"width\":1200,\"height\":1170},{\"@type\":\"BreadcrumbList\",\"@id\":\"https:\\\/\\\/dkn-technology.com\\\/de\\\/produkt\\\/airun-z\\\/#breadcrumb\",\"itemListElement\":[{\"@type\":\"ListItem\",\"position\":1,\"name\":\"Home\",\"item\":\"https:\\\/\\\/dkn-technology.com\\\/de\\\/\"},{\"@type\":\"ListItem\",\"position\":2,\"name\":\"Shop\",\"item\":\"https:\\\/\\\/dkn-technology.com\\\/de\\\/shop\\\/\"},{\"@type\":\"ListItem\",\"position\":3,\"name\":\"Airun-Z\"}]},{\"@type\":\"WebSite\",\"@id\":\"https:\\\/\\\/dkn-technology.com\\\/#website\",\"url\":\"https:\\\/\\\/dkn-technology.com\\\/\",\"name\":\"DKN-Technology\",\"description\":\"Smart Fitness Solutions\",\"publisher\":{\"@id\":\"https:\\\/\\\/dkn-technology.com\\\/#organization\"},\"potentialAction\":[{\"@type\":\"SearchAction\",\"target\":{\"@type\":\"EntryPoint\",\"urlTemplate\":\"https:\\\/\\\/dkn-technology.com\\\/?s={search_term_string}\"},\"query-input\":{\"@type\":\"PropertyValueSpecification\",\"valueRequired\":true,\"valueName\":\"search_term_string\"}}],\"inLanguage\":\"de\"},{\"@type\":\"Organization\",\"@id\":\"https:\\\/\\\/dkn-technology.com\\\/#organization\",\"name\":\"DKN-Technology\",\"url\":\"https:\\\/\\\/dkn-technology.com\\\/\",\"logo\":{\"@type\":\"ImageObject\",\"inLanguage\":\"de\",\"@id\":\"https:\\\/\\\/dkn-technology.com\\\/#\\\/schema\\\/logo\\\/image\\\/\",\"url\":\"https:\\\/\\\/dkn-technology.com\\\/wp-content\\\/uploads\\\/2023\\\/01\\\/DKN-logo@4x.webp\",\"contentUrl\":\"https:\\\/\\\/dkn-technology.com\\\/wp-content\\\/uploads\\\/2023\\\/01\\\/DKN-logo@4x.webp\",\"width\":1933,\"height\":1029,\"caption\":\"DKN-Technology\"},\"image\":{\"@id\":\"https:\\\/\\\/dkn-technology.com\\\/#\\\/schema\\\/logo\\\/image\\\/\"},\"sameAs\":[\"https:\\\/\\\/www.facebook.com\\\/dkntechnology\\\/\",\"https:\\\/\\\/instagram.com\\\/dkntechnology\",\"https:\\\/\\\/www.youtube.com\\\/@DKN-Technology\",\"https:\\\/\\\/www.linkedin.com\\\/company\\\/dkn-technology-smart-fitness-solutions\"]}]}<\/script>\n<!-- \/ Yoast SEO plugin. -->","yoast_head_json":{"title":"Airun-Z - DKN-Technology","robots":{"index":"index","follow":"follow","max-snippet":"max-snippet:-1","max-image-preview":"max-image-preview:large","max-video-preview":"max-video-preview:-1"},"canonical":"https:\/\/dkn-technology.com\/de\/produkt\/airun-z\/","og_locale":"de_DE","og_type":"article","og_title":"Airun-Z - DKN-Technology","og_description":"Der AiRun-Z: ein 2,5-PS-Motor (4-PS-Spitze), Geschwindigkeit bis zu 18 km\/h und Neigung in 20 Schritten. 'Built to Performance'.","og_url":"https:\/\/dkn-technology.com\/de\/produkt\/airun-z\/","og_site_name":"DKN-Technology","article_publisher":"https:\/\/www.facebook.com\/dkntechnology\/","article_modified_time":"2025-09-22T11:22:11+00:00","og_image":[{"width":1200,"height":1170,"url":"https:\/\/dkn-technology.com\/wp-content\/uploads\/2023\/01\/AiRun-Z-1.jpg","type":"image\/jpeg"}],"twitter_card":"summary_large_image","twitter_misc":{"Gesch\u00e4tzte Lesezeit":"2\u00a0Minuten"},"schema":{"@context":"https:\/\/schema.org","@graph":[{"@type":"WebPage","@id":"https:\/\/dkn-technology.com\/de\/produkt\/airun-z\/","url":"https:\/\/dkn-technology.com\/de\/produkt\/airun-z\/","name":"Airun-Z - DKN-Technology","isPartOf":{"@id":"https:\/\/dkn-technology.com\/#website"},"primaryImageOfPage":{"@id":"https:\/\/dkn-technology.com\/de\/produkt\/airun-z\/#primaryimage"},"image":{"@id":"https:\/\/dkn-technology.com\/de\/produkt\/airun-z\/#primaryimage"},"thumbnailUrl":"https:\/\/dkn-technology.com\/wp-content\/uploads\/2023\/01\/AiRun-Z-1.jpg","datePublished":"2023-01-30T13:03:16+00:00","dateModified":"2025-09-22T11:22:11+00:00","breadcrumb":{"@id":"https:\/\/dkn-technology.com\/de\/produkt\/airun-z\/#breadcrumb"},"inLanguage":"de","potentialAction":[{"@type":"ReadAction","target":["https:\/\/dkn-technology.com\/de\/produkt\/airun-z\/"]}]},{"@type":"ImageObject","inLanguage":"de","@id":"https:\/\/dkn-technology.com\/de\/produkt\/airun-z\/#primaryimage","url":"https:\/\/dkn-technology.com\/wp-content\/uploads\/2023\/01\/AiRun-Z-1.jpg","contentUrl":"https:\/\/dkn-technology.com\/wp-content\/uploads\/2023\/01\/AiRun-Z-1.jpg","width":1200,"height":1170},{"@type":"BreadcrumbList","@id":"https:\/\/dkn-technology.com\/de\/produkt\/airun-z\/#breadcrumb","itemListElement":[{"@type":"ListItem","position":1,"name":"Home","item":"https:\/\/dkn-technology.com\/de\/"},{"@type":"ListItem","position":2,"name":"Shop","item":"https:\/\/dkn-technology.com\/de\/shop\/"},{"@type":"ListItem","position":3,"name":"Airun-Z"}]},{"@type":"WebSite","@id":"https:\/\/dkn-technology.com\/#website","url":"https:\/\/dkn-technology.com\/","name":"DKN-Technology","description":"Smart Fitness Solutions","publisher":{"@id":"https:\/\/dkn-technology.com\/#organization"},"potentialAction":[{"@type":"SearchAction","target":{"@type":"EntryPoint","urlTemplate":"https:\/\/dkn-technology.com\/?s={search_term_string}"},"query-input":{"@type":"PropertyValueSpecification","valueRequired":true,"valueName":"search_term_string"}}],"inLanguage":"de"},{"@type":"Organization","@id":"https:\/\/dkn-technology.com\/#organization","name":"DKN-Technology","url":"https:\/\/dkn-technology.com\/","logo":{"@type":"ImageObject","inLanguage":"de","@id":"https:\/\/dkn-technology.com\/#\/schema\/logo\/image\/","url":"https:\/\/dkn-technology.com\/wp-content\/uploads\/2023\/01\/DKN-logo@4x.webp","contentUrl":"https:\/\/dkn-technology.com\/wp-content\/uploads\/2023\/01\/DKN-logo@4x.webp","width":1933,"height":1029,"caption":"DKN-Technology"},"image":{"@id":"https:\/\/dkn-technology.com\/#\/schema\/logo\/image\/"},"sameAs":["https:\/\/www.facebook.com\/dkntechnology\/","https:\/\/instagram.com\/dkntechnology","https:\/\/www.youtube.com\/@DKN-Technology","https:\/\/www.linkedin.com\/company\/dkn-technology-smart-fitness-solutions"]}]}},"_links":{"self":[{"href":"https:\/\/dkn-technology.com\/de\/wp-json\/wp\/v2\/product\/4627","targetHints":{"allow":["GET"]}}],"collection":[{"href":"https:\/\/dkn-technology.com\/de\/wp-json\/wp\/v2\/product"}],"about":[{"href":"https:\/\/dkn-technology.com\/de\/wp-json\/wp\/v2\/types\/product"}],"version-history":[{"count":7,"href":"https:\/\/dkn-technology.com\/de\/wp-json\/wp\/v2\/product\/4627\/revisions"}],"predecessor-version":[{"id":31580,"href":"https:\/\/dkn-technology.com\/de\/wp-json\/wp\/v2\/product\/4627\/revisions\/31580"}],"wp:featuredmedia":[{"embeddable":true,"href":"https:\/\/dkn-technology.com\/de\/wp-json\/wp\/v2\/media\/4035"}],"wp:attachment":[{"href":"https:\/\/dkn-technology.com\/de\/wp-json\/wp\/v2\/media?parent=4627"}],"wp:term":[{"taxonomy":"product_brand","embeddable":true,"href":"https:\/\/dkn-technology.com\/de\/wp-json\/wp\/v2\/product_brand?post=4627"},{"taxonomy":"product_cat","embeddable":true,"href":"https:\/\/dkn-technology.com\/de\/wp-json\/wp\/v2\/product_cat?post=4627"},{"taxonomy":"product_tag","embeddable":true,"href":"https:\/\/dkn-technology.com\/de\/wp-json\/wp\/v2\/product_tag?post=4627"}],"curies":[{"name":"wp","href":"https:\/\/api.w.org\/{rel}","templated":true}]}}