{"id":4628,"date":"2023-01-30T15:03:16","date_gmt":"2023-01-30T13:03:16","guid":{"rendered":"https:\/\/dkn-technology.com\/product\/dkn-treadmill-roadrun\/"},"modified":"2025-09-22T12:06:50","modified_gmt":"2025-09-22T10:06:50","slug":"roadrun","status":"publish","type":"product","link":"https:\/\/dkn-technology.com\/de\/produkt\/roadrun\/","title":{"rendered":"Roadrun"},"content":{"rendered":"<p>Der RoadRun-i wird mit einem 2,8-PS-Dauermotor (Spitzenleistung von 4,5) PS betrieben, reduziert den Energieverbrauch um bis zu 40% und ist besonders ger\u00e4uscharm<\/p>\n<p>Der RoadRun-i ist einer der leisesten Laufb\u00e4nder auf dem Markt f\u00fcr ein Training ohne Grenzen.<\/p>\n<p>Das extra gro\u00dfe Lauffl\u00e4che von 53 cm x 148 cm ist mit einem orthop\u00e4dischen Laufmatte von 3,3 mm ausgestattet, das die perfekte Balance zwischen Sto\u00dfd\u00e4mpfung und Bodenoberfl\u00e4che vollst\u00e4ndig erg\u00e4nzt und unterst\u00fctzt. Der Effekt f\u00fchlt sich an wie beim Laufen auf Gras.<\/p>\n<p>Der RoadRun-i bietet das Progressive Shock Absorbing-Systemdeck, das alle Schritte ausbalanciert, und die D\u00e4mpfung und Unterst\u00fctzung maximiert, w\u00e4hrend das integrierte hydraulische Sto\u00dfd\u00e4mpfungssystem die Auswirkungen w\u00e4hrend des Laufs allm\u00e4hlich verringert. Das PSA Systemdeck Flex ist sehr gelenkschonend und sto\u00dfreduzierend bis zu 15%.<\/p>\n<p>Ihre Trainingserfahrung ist um Sie herum aufgebaut. \u00c4ndern Sie Ihr Intensit\u00e4tstraining, visualisieren Sie Ihre Laufdaten und Ihre Trainingsposition: alles in einem LED-Display integriert.<\/p>\n<p>Auf den LED Konsole k\u00f6nnen Sie Geschwindigkeit und Neigung \u00e4ndern mit ergonomisch positionierten Schaltern an der Vorderseite.<\/p>\n<p>Mit den One Touch Control-Tasten k\u00f6nnen Sie die Geschwindigkeits- und Neigungseinstellungen mit einer einzigen Ber\u00fchrung steuern.<\/p>\n<p>Der RoadRun-i verwendet Bluetooth 4.0 f\u00fcr eine Herzfrequenzregistrierung. Kompatibel mit dem Bluetooth-Brustgurt.<\/p>\n<p>Ihr komplettes Trainings-Feedback zu allen Daten wird in verschiedenen LED-Fenstern angezeigt. 28 Programme, darunter 1 Schnellstart, 24 voreingestellte Runs, 1 HRC-Funktion und 2 Benutzerprofile.<\/p>\n<p>Die Konsole verf\u00fcgt \u00fcber einen Tablet-Halter, damit Sie Ihre Lieblingsfilme, Fernsehsendungen oder Musikvideos w\u00e4hrend des Trainings ansehen k\u00f6nnen.<\/p>\n<p>Umgestaltung eines nat\u00fcrlichen Laufs.<\/p>\n<p>Der RoadRun-i ist augestatted mit einen App-kompatibele LED Multimediakonsole (integrierten Bluetooth 4.0-Chip). Kompatibel mit Kinomap.<\/p>\n<p>Die Fitness App bietet zahlreiche interaktive Trainingsoptionen.<\/p>\n<p>Kinomap erm\u00f6glicht Ihnen den bequemen Zugriff auf den Globus von zu Hause aus. Kinomap synchronisiert die Neigungsfunktion um ein realistischeres Erlebnis zu bieten, synchronisieren<\/p>\n<p>Erstellen Sie einfach eine Route , dr\u00fccken Sie Start und folgen Sie der Karte in Ihrem eigenen Tempo!<\/p>\n<p>Verwenden Sie Ihr iLog und speichern Sie die wichtigsten Statistiken nach jeder \u00dcbung.<\/p>\n","protected":false},"excerpt":{"rendered":"<div id=\"short_description_block\">\n<div id=\"short_description_content\" class=\"rte align_justify\">\n<div id=\"short_description_block\">\n<div id=\"short_description_content\" class=\"rte align_justify\">\n<div id=\"short_description_block\">\n<div id=\"short_description_content\" class=\"rte align_justify\">2.8 PS Dauerleistung (4.5 PS Spitzenleistung), 18 Steigungsstufen, 8 Zonen D\u00e4mpfungssystem, orthop\u00e4discher Lauffl\u00e4che 1480 x 530 mm&#8230; Der RoadRun-i: ein Profi Laufband.<\/div>\n<\/div>\n<\/div>\n<\/div>\n<\/div>\n<\/div>\n","protected":false},"featured_media":9544,"template":"","meta":{"_acf_changed":false,"inline_featured_image":false,"_monsterinsights_skip_tracking":false,"_monsterinsights_sitenote_active":false,"_monsterinsights_sitenote_note":"","_monsterinsights_sitenote_category":0},"product_brand":[],"product_cat":[93],"product_tag":[],"class_list":{"0":"post-4628","1":"product","2":"type-product","3":"status-publish","4":"has-post-thumbnail","6":"product_cat-laufbaender","7":"product_shipping_class-bis-150-kg","9":"first","10":"outofstock","11":"taxable","12":"shipping-taxable","13":"purchasable","14":"product-type-variable","15":"has-default-attributes"},"acf":[],"yoast_head":"<!-- This site is optimized with the Yoast SEO plugin v27.5 - https:\/\/yoast.com\/product\/yoast-seo-wordpress\/ -->\n<title>Roadrun - DKN-Technology<\/title>\n<meta name=\"robots\" content=\"index, follow, max-snippet:-1, max-image-preview:large, max-video-preview:-1\" \/>\n<link rel=\"canonical\" href=\"https:\/\/dkn-technology.com\/de\/produkt\/roadrun\/\" \/>\n<meta property=\"og:locale\" content=\"de_DE\" \/>\n<meta property=\"og:type\" content=\"article\" \/>\n<meta property=\"og:title\" content=\"Roadrun - DKN-Technology\" \/>\n<meta property=\"og:description\" content=\"2.8 PS Dauerleistung (4.5 PS Spitzenleistung), 18 Steigungsstufen, 8 Zonen D\u00e4mpfungssystem, orthop\u00e4discher Lauffl\u00e4che 1480 x 530 mm... Der RoadRun-i: ein Profi Laufband.\" \/>\n<meta property=\"og:url\" content=\"https:\/\/dkn-technology.com\/de\/produkt\/roadrun\/\" \/>\n<meta property=\"og:site_name\" content=\"DKN-Technology\" \/>\n<meta property=\"article:publisher\" content=\"https:\/\/www.facebook.com\/dkntechnology\/\" \/>\n<meta property=\"article:modified_time\" content=\"2025-09-22T10:06:50+00:00\" \/>\n<meta property=\"og:image\" content=\"https:\/\/dkn-technology.com\/wp-content\/uploads\/2023\/01\/roadrun-01.jpg\" \/>\n\t<meta property=\"og:image:width\" content=\"1067\" \/>\n\t<meta property=\"og:image:height\" content=\"1067\" \/>\n\t<meta property=\"og:image:type\" content=\"image\/jpeg\" \/>\n<meta name=\"twitter:card\" content=\"summary_large_image\" \/>\n<meta name=\"twitter:label1\" content=\"Gesch\u00e4tzte Lesezeit\" \/>\n\t<meta name=\"twitter:data1\" content=\"2\u00a0Minuten\" \/>\n<script type=\"application\/ld+json\" class=\"yoast-schema-graph\">{\"@context\":\"https:\\\/\\\/schema.org\",\"@graph\":[{\"@type\":\"WebPage\",\"@id\":\"https:\\\/\\\/dkn-technology.com\\\/de\\\/produkt\\\/roadrun\\\/\",\"url\":\"https:\\\/\\\/dkn-technology.com\\\/de\\\/produkt\\\/roadrun\\\/\",\"name\":\"Roadrun - DKN-Technology\",\"isPartOf\":{\"@id\":\"https:\\\/\\\/dkn-technology.com\\\/#website\"},\"primaryImageOfPage\":{\"@id\":\"https:\\\/\\\/dkn-technology.com\\\/de\\\/produkt\\\/roadrun\\\/#primaryimage\"},\"image\":{\"@id\":\"https:\\\/\\\/dkn-technology.com\\\/de\\\/produkt\\\/roadrun\\\/#primaryimage\"},\"thumbnailUrl\":\"https:\\\/\\\/dkn-technology.com\\\/wp-content\\\/uploads\\\/2023\\\/01\\\/roadrun-01.jpg\",\"datePublished\":\"2023-01-30T13:03:16+00:00\",\"dateModified\":\"2025-09-22T10:06:50+00:00\",\"breadcrumb\":{\"@id\":\"https:\\\/\\\/dkn-technology.com\\\/de\\\/produkt\\\/roadrun\\\/#breadcrumb\"},\"inLanguage\":\"de\",\"potentialAction\":[{\"@type\":\"ReadAction\",\"target\":[\"https:\\\/\\\/dkn-technology.com\\\/de\\\/produkt\\\/roadrun\\\/\"]}]},{\"@type\":\"ImageObject\",\"inLanguage\":\"de\",\"@id\":\"https:\\\/\\\/dkn-technology.com\\\/de\\\/produkt\\\/roadrun\\\/#primaryimage\",\"url\":\"https:\\\/\\\/dkn-technology.com\\\/wp-content\\\/uploads\\\/2023\\\/01\\\/roadrun-01.jpg\",\"contentUrl\":\"https:\\\/\\\/dkn-technology.com\\\/wp-content\\\/uploads\\\/2023\\\/01\\\/roadrun-01.jpg\",\"width\":1067,\"height\":1067},{\"@type\":\"BreadcrumbList\",\"@id\":\"https:\\\/\\\/dkn-technology.com\\\/de\\\/produkt\\\/roadrun\\\/#breadcrumb\",\"itemListElement\":[{\"@type\":\"ListItem\",\"position\":1,\"name\":\"Home\",\"item\":\"https:\\\/\\\/dkn-technology.com\\\/de\\\/\"},{\"@type\":\"ListItem\",\"position\":2,\"name\":\"Shop\",\"item\":\"https:\\\/\\\/dkn-technology.com\\\/de\\\/shop\\\/\"},{\"@type\":\"ListItem\",\"position\":3,\"name\":\"Roadrun\"}]},{\"@type\":\"WebSite\",\"@id\":\"https:\\\/\\\/dkn-technology.com\\\/#website\",\"url\":\"https:\\\/\\\/dkn-technology.com\\\/\",\"name\":\"DKN-Technology\",\"description\":\"Smart Fitness Solutions\",\"publisher\":{\"@id\":\"https:\\\/\\\/dkn-technology.com\\\/#organization\"},\"potentialAction\":[{\"@type\":\"SearchAction\",\"target\":{\"@type\":\"EntryPoint\",\"urlTemplate\":\"https:\\\/\\\/dkn-technology.com\\\/?s={search_term_string}\"},\"query-input\":{\"@type\":\"PropertyValueSpecification\",\"valueRequired\":true,\"valueName\":\"search_term_string\"}}],\"inLanguage\":\"de\"},{\"@type\":\"Organization\",\"@id\":\"https:\\\/\\\/dkn-technology.com\\\/#organization\",\"name\":\"DKN-Technology\",\"url\":\"https:\\\/\\\/dkn-technology.com\\\/\",\"logo\":{\"@type\":\"ImageObject\",\"inLanguage\":\"de\",\"@id\":\"https:\\\/\\\/dkn-technology.com\\\/#\\\/schema\\\/logo\\\/image\\\/\",\"url\":\"https:\\\/\\\/dkn-technology.com\\\/wp-content\\\/uploads\\\/2023\\\/01\\\/DKN-logo@4x.webp\",\"contentUrl\":\"https:\\\/\\\/dkn-technology.com\\\/wp-content\\\/uploads\\\/2023\\\/01\\\/DKN-logo@4x.webp\",\"width\":1933,\"height\":1029,\"caption\":\"DKN-Technology\"},\"image\":{\"@id\":\"https:\\\/\\\/dkn-technology.com\\\/#\\\/schema\\\/logo\\\/image\\\/\"},\"sameAs\":[\"https:\\\/\\\/www.facebook.com\\\/dkntechnology\\\/\",\"https:\\\/\\\/instagram.com\\\/dkntechnology\",\"https:\\\/\\\/www.youtube.com\\\/@DKN-Technology\",\"https:\\\/\\\/www.linkedin.com\\\/company\\\/dkn-technology-smart-fitness-solutions\"]}]}<\/script>\n<!-- \/ Yoast SEO plugin. -->","yoast_head_json":{"title":"Roadrun - DKN-Technology","robots":{"index":"index","follow":"follow","max-snippet":"max-snippet:-1","max-image-preview":"max-image-preview:large","max-video-preview":"max-video-preview:-1"},"canonical":"https:\/\/dkn-technology.com\/de\/produkt\/roadrun\/","og_locale":"de_DE","og_type":"article","og_title":"Roadrun - DKN-Technology","og_description":"2.8 PS Dauerleistung (4.5 PS Spitzenleistung), 18 Steigungsstufen, 8 Zonen D\u00e4mpfungssystem, orthop\u00e4discher Lauffl\u00e4che 1480 x 530 mm... Der RoadRun-i: ein Profi Laufband.","og_url":"https:\/\/dkn-technology.com\/de\/produkt\/roadrun\/","og_site_name":"DKN-Technology","article_publisher":"https:\/\/www.facebook.com\/dkntechnology\/","article_modified_time":"2025-09-22T10:06:50+00:00","og_image":[{"width":1067,"height":1067,"url":"https:\/\/dkn-technology.com\/wp-content\/uploads\/2023\/01\/roadrun-01.jpg","type":"image\/jpeg"}],"twitter_card":"summary_large_image","twitter_misc":{"Gesch\u00e4tzte Lesezeit":"2\u00a0Minuten"},"schema":{"@context":"https:\/\/schema.org","@graph":[{"@type":"WebPage","@id":"https:\/\/dkn-technology.com\/de\/produkt\/roadrun\/","url":"https:\/\/dkn-technology.com\/de\/produkt\/roadrun\/","name":"Roadrun - DKN-Technology","isPartOf":{"@id":"https:\/\/dkn-technology.com\/#website"},"primaryImageOfPage":{"@id":"https:\/\/dkn-technology.com\/de\/produkt\/roadrun\/#primaryimage"},"image":{"@id":"https:\/\/dkn-technology.com\/de\/produkt\/roadrun\/#primaryimage"},"thumbnailUrl":"https:\/\/dkn-technology.com\/wp-content\/uploads\/2023\/01\/roadrun-01.jpg","datePublished":"2023-01-30T13:03:16+00:00","dateModified":"2025-09-22T10:06:50+00:00","breadcrumb":{"@id":"https:\/\/dkn-technology.com\/de\/produkt\/roadrun\/#breadcrumb"},"inLanguage":"de","potentialAction":[{"@type":"ReadAction","target":["https:\/\/dkn-technology.com\/de\/produkt\/roadrun\/"]}]},{"@type":"ImageObject","inLanguage":"de","@id":"https:\/\/dkn-technology.com\/de\/produkt\/roadrun\/#primaryimage","url":"https:\/\/dkn-technology.com\/wp-content\/uploads\/2023\/01\/roadrun-01.jpg","contentUrl":"https:\/\/dkn-technology.com\/wp-content\/uploads\/2023\/01\/roadrun-01.jpg","width":1067,"height":1067},{"@type":"BreadcrumbList","@id":"https:\/\/dkn-technology.com\/de\/produkt\/roadrun\/#breadcrumb","itemListElement":[{"@type":"ListItem","position":1,"name":"Home","item":"https:\/\/dkn-technology.com\/de\/"},{"@type":"ListItem","position":2,"name":"Shop","item":"https:\/\/dkn-technology.com\/de\/shop\/"},{"@type":"ListItem","position":3,"name":"Roadrun"}]},{"@type":"WebSite","@id":"https:\/\/dkn-technology.com\/#website","url":"https:\/\/dkn-technology.com\/","name":"DKN-Technology","description":"Smart Fitness Solutions","publisher":{"@id":"https:\/\/dkn-technology.com\/#organization"},"potentialAction":[{"@type":"SearchAction","target":{"@type":"EntryPoint","urlTemplate":"https:\/\/dkn-technology.com\/?s={search_term_string}"},"query-input":{"@type":"PropertyValueSpecification","valueRequired":true,"valueName":"search_term_string"}}],"inLanguage":"de"},{"@type":"Organization","@id":"https:\/\/dkn-technology.com\/#organization","name":"DKN-Technology","url":"https:\/\/dkn-technology.com\/","logo":{"@type":"ImageObject","inLanguage":"de","@id":"https:\/\/dkn-technology.com\/#\/schema\/logo\/image\/","url":"https:\/\/dkn-technology.com\/wp-content\/uploads\/2023\/01\/DKN-logo@4x.webp","contentUrl":"https:\/\/dkn-technology.com\/wp-content\/uploads\/2023\/01\/DKN-logo@4x.webp","width":1933,"height":1029,"caption":"DKN-Technology"},"image":{"@id":"https:\/\/dkn-technology.com\/#\/schema\/logo\/image\/"},"sameAs":["https:\/\/www.facebook.com\/dkntechnology\/","https:\/\/instagram.com\/dkntechnology","https:\/\/www.youtube.com\/@DKN-Technology","https:\/\/www.linkedin.com\/company\/dkn-technology-smart-fitness-solutions"]}]}},"_links":{"self":[{"href":"https:\/\/dkn-technology.com\/de\/wp-json\/wp\/v2\/product\/4628","targetHints":{"allow":["GET"]}}],"collection":[{"href":"https:\/\/dkn-technology.com\/de\/wp-json\/wp\/v2\/product"}],"about":[{"href":"https:\/\/dkn-technology.com\/de\/wp-json\/wp\/v2\/types\/product"}],"version-history":[{"count":8,"href":"https:\/\/dkn-technology.com\/de\/wp-json\/wp\/v2\/product\/4628\/revisions"}],"predecessor-version":[{"id":31577,"href":"https:\/\/dkn-technology.com\/de\/wp-json\/wp\/v2\/product\/4628\/revisions\/31577"}],"wp:featuredmedia":[{"embeddable":true,"href":"https:\/\/dkn-technology.com\/de\/wp-json\/wp\/v2\/media\/9544"}],"wp:attachment":[{"href":"https:\/\/dkn-technology.com\/de\/wp-json\/wp\/v2\/media?parent=4628"}],"wp:term":[{"taxonomy":"product_brand","embeddable":true,"href":"https:\/\/dkn-technology.com\/de\/wp-json\/wp\/v2\/product_brand?post=4628"},{"taxonomy":"product_cat","embeddable":true,"href":"https:\/\/dkn-technology.com\/de\/wp-json\/wp\/v2\/product_cat?post=4628"},{"taxonomy":"product_tag","embeddable":true,"href":"https:\/\/dkn-technology.com\/de\/wp-json\/wp\/v2\/product_tag?post=4628"}],"curies":[{"name":"wp","href":"https:\/\/api.w.org\/{rel}","templated":true}]}}