{"id":4630,"date":"2023-01-30T15:03:16","date_gmt":"2023-01-30T13:03:16","guid":{"rendered":"https:\/\/dkn-technology.com\/product\/dkn-treadmill-prorun\/"},"modified":"2025-09-22T11:10:15","modified_gmt":"2025-09-22T09:10:15","slug":"prorun","status":"publish","type":"product","link":"https:\/\/dkn-technology.com\/de\/produkt\/prorun\/","title":{"rendered":"ProRun"},"content":{"rendered":"<p>Performance:<\/p>\n<p>Das Next Gen Wechselstrom Motorantriebssystem liefert kontinu 4 PS mit einer Spitzenlast von 7 PS. In Kombination mit einem Hochleistungs-Steigungsmotor liefert der ProRUN einen Geschwindigkeitsbereich von 0,8 bis 20 km\/h und eine Steigung von bis zu 21%.<br \/>\nDies ist ein trainingsplattform f\u00fcr ein intensives und vollst\u00e4ndiges Training.<\/p>\n<p>Komfort:<\/p>\n<p>Mit einer langen und breiten Lauffl\u00e4che von 59 x 155 cm, dem Progressive Shock Absorbing-Laufdeck und einem orthop\u00e4dischen 3 mm dicken Laufband ist Sicherheit mehr als ein Konzept im ProRUN.<br \/>\nGehen oder Laufen auf dem ProRUN ist sicher f\u00fcr Ihre Muskeln und Gelenke..<\/p>\n<p>Flex:<\/p>\n<p>Das Material und die Struktur des Flex Decks polstern Ihre F\u00fc\u00dfe richtig und reduzieren so Schmerzen in den Gelenken und Muskeln von Knie und Fu\u00df. Unsere Laufdecks sind hinten gesichert, sodass Sie vorne die gr\u00f6\u00dfte Sto\u00dfd\u00e4mpfung erhalten, genau dort, wo Sie sie ben\u00f6tigen &#8211; dort, wo der Fu\u00df auf das Profil trifft. Dieses Flex-Deck-Design bietet maximale Seitenstabilit\u00e4t auf der Lauffl\u00e4che.<\/p>\n<p>Controls:<\/p>\n<p>Mit den One Touch Control-Tasten k\u00f6nnen Sie die Einstellungen f\u00fcr direkte Geschwindigkeit und Neigung mit einem einzigen Tastendruck steuern.<\/p>\n<p>Ihr vollst\u00e4ndiges Trainingsfeedback zu allen Daten wird in verschiedenen LED-Fenstern angezeigt.<\/p>\n<p>Die LED-Konsole zeigt einen manuellen Lauf, 12 programmierte L\u00e4ufe, 3 Benutzerprofile und 2 Programme zur Herzfrequenzsteuerung an.<\/p>\n<p>Der ProRUN wird standardm\u00e4\u00dfig mit einem Workout-L\u00fcfter geliefert.<\/p>\n","protected":false},"excerpt":{"rendered":"<div class=\"center-block col-xs-6 col-sm-7 col-md-6\">\n<div class=\"center-block col-xs-6 col-sm-7 col-md-6\">\n<div class=\"center-block col-xs-6 col-sm-7 col-md-6\">\n<p class=\"product-desc\">21% Neigung, Next Gen Motor mit 7 PS Spitzenlast: ein \u2019Runner\u2019s High\u2019.<\/p>\n<\/div>\n<\/div>\n<\/div>\n","protected":false},"featured_media":9556,"template":"","meta":{"_acf_changed":false,"inline_featured_image":false,"_monsterinsights_skip_tracking":false,"_monsterinsights_sitenote_active":false,"_monsterinsights_sitenote_note":"","_monsterinsights_sitenote_category":0},"product_brand":[],"product_cat":[93],"product_tag":[],"class_list":{"0":"post-4630","1":"product","2":"type-product","3":"status-publish","4":"has-post-thumbnail","6":"product_cat-laufbaender","7":"product_shipping_class-bis-300-kg","9":"first","10":"instock","11":"taxable","12":"shipping-taxable","13":"purchasable","14":"product-type-variable","15":"has-default-attributes"},"acf":[],"yoast_head":"<!-- This site is optimized with the Yoast SEO plugin v27.5 - https:\/\/yoast.com\/product\/yoast-seo-wordpress\/ -->\n<title>ProRun - DKN-Technology<\/title>\n<meta name=\"robots\" content=\"index, follow, max-snippet:-1, max-image-preview:large, max-video-preview:-1\" \/>\n<link rel=\"canonical\" href=\"https:\/\/dkn-technology.com\/de\/produkt\/prorun\/\" \/>\n<meta property=\"og:locale\" content=\"de_DE\" \/>\n<meta property=\"og:type\" content=\"article\" \/>\n<meta property=\"og:title\" content=\"ProRun - DKN-Technology\" \/>\n<meta property=\"og:description\" content=\"21% Neigung, Next Gen Motor mit 7 PS Spitzenlast: ein \u2019Runner\u2019s High\u2019.\" \/>\n<meta property=\"og:url\" content=\"https:\/\/dkn-technology.com\/de\/produkt\/prorun\/\" \/>\n<meta property=\"og:site_name\" content=\"DKN-Technology\" \/>\n<meta property=\"article:publisher\" content=\"https:\/\/www.facebook.com\/dkntechnology\/\" \/>\n<meta property=\"article:modified_time\" content=\"2025-09-22T09:10:15+00:00\" \/>\n<meta property=\"og:image\" content=\"https:\/\/dkn-technology.com\/wp-content\/uploads\/2023\/01\/Prorun-01.jpg\" \/>\n\t<meta property=\"og:image:width\" content=\"1067\" \/>\n\t<meta property=\"og:image:height\" content=\"1067\" \/>\n\t<meta property=\"og:image:type\" content=\"image\/jpeg\" \/>\n<meta name=\"twitter:card\" content=\"summary_large_image\" \/>\n<meta name=\"twitter:label1\" content=\"Gesch\u00e4tzte Lesezeit\" \/>\n\t<meta name=\"twitter:data1\" content=\"2\u00a0Minuten\" \/>\n<script type=\"application\/ld+json\" class=\"yoast-schema-graph\">{\"@context\":\"https:\\\/\\\/schema.org\",\"@graph\":[{\"@type\":\"WebPage\",\"@id\":\"https:\\\/\\\/dkn-technology.com\\\/de\\\/produkt\\\/prorun\\\/\",\"url\":\"https:\\\/\\\/dkn-technology.com\\\/de\\\/produkt\\\/prorun\\\/\",\"name\":\"ProRun - DKN-Technology\",\"isPartOf\":{\"@id\":\"https:\\\/\\\/dkn-technology.com\\\/#website\"},\"primaryImageOfPage\":{\"@id\":\"https:\\\/\\\/dkn-technology.com\\\/de\\\/produkt\\\/prorun\\\/#primaryimage\"},\"image\":{\"@id\":\"https:\\\/\\\/dkn-technology.com\\\/de\\\/produkt\\\/prorun\\\/#primaryimage\"},\"thumbnailUrl\":\"https:\\\/\\\/dkn-technology.com\\\/wp-content\\\/uploads\\\/2023\\\/01\\\/Prorun-01.jpg\",\"datePublished\":\"2023-01-30T13:03:16+00:00\",\"dateModified\":\"2025-09-22T09:10:15+00:00\",\"breadcrumb\":{\"@id\":\"https:\\\/\\\/dkn-technology.com\\\/de\\\/produkt\\\/prorun\\\/#breadcrumb\"},\"inLanguage\":\"de\",\"potentialAction\":[{\"@type\":\"ReadAction\",\"target\":[\"https:\\\/\\\/dkn-technology.com\\\/de\\\/produkt\\\/prorun\\\/\"]}]},{\"@type\":\"ImageObject\",\"inLanguage\":\"de\",\"@id\":\"https:\\\/\\\/dkn-technology.com\\\/de\\\/produkt\\\/prorun\\\/#primaryimage\",\"url\":\"https:\\\/\\\/dkn-technology.com\\\/wp-content\\\/uploads\\\/2023\\\/01\\\/Prorun-01.jpg\",\"contentUrl\":\"https:\\\/\\\/dkn-technology.com\\\/wp-content\\\/uploads\\\/2023\\\/01\\\/Prorun-01.jpg\",\"width\":1067,\"height\":1067},{\"@type\":\"BreadcrumbList\",\"@id\":\"https:\\\/\\\/dkn-technology.com\\\/de\\\/produkt\\\/prorun\\\/#breadcrumb\",\"itemListElement\":[{\"@type\":\"ListItem\",\"position\":1,\"name\":\"Home\",\"item\":\"https:\\\/\\\/dkn-technology.com\\\/de\\\/\"},{\"@type\":\"ListItem\",\"position\":2,\"name\":\"Shop\",\"item\":\"https:\\\/\\\/dkn-technology.com\\\/de\\\/shop\\\/\"},{\"@type\":\"ListItem\",\"position\":3,\"name\":\"ProRun\"}]},{\"@type\":\"WebSite\",\"@id\":\"https:\\\/\\\/dkn-technology.com\\\/#website\",\"url\":\"https:\\\/\\\/dkn-technology.com\\\/\",\"name\":\"DKN-Technology\",\"description\":\"Smart Fitness Solutions\",\"publisher\":{\"@id\":\"https:\\\/\\\/dkn-technology.com\\\/#organization\"},\"potentialAction\":[{\"@type\":\"SearchAction\",\"target\":{\"@type\":\"EntryPoint\",\"urlTemplate\":\"https:\\\/\\\/dkn-technology.com\\\/?s={search_term_string}\"},\"query-input\":{\"@type\":\"PropertyValueSpecification\",\"valueRequired\":true,\"valueName\":\"search_term_string\"}}],\"inLanguage\":\"de\"},{\"@type\":\"Organization\",\"@id\":\"https:\\\/\\\/dkn-technology.com\\\/#organization\",\"name\":\"DKN-Technology\",\"url\":\"https:\\\/\\\/dkn-technology.com\\\/\",\"logo\":{\"@type\":\"ImageObject\",\"inLanguage\":\"de\",\"@id\":\"https:\\\/\\\/dkn-technology.com\\\/#\\\/schema\\\/logo\\\/image\\\/\",\"url\":\"https:\\\/\\\/dkn-technology.com\\\/wp-content\\\/uploads\\\/2023\\\/01\\\/DKN-logo@4x.webp\",\"contentUrl\":\"https:\\\/\\\/dkn-technology.com\\\/wp-content\\\/uploads\\\/2023\\\/01\\\/DKN-logo@4x.webp\",\"width\":1933,\"height\":1029,\"caption\":\"DKN-Technology\"},\"image\":{\"@id\":\"https:\\\/\\\/dkn-technology.com\\\/#\\\/schema\\\/logo\\\/image\\\/\"},\"sameAs\":[\"https:\\\/\\\/www.facebook.com\\\/dkntechnology\\\/\",\"https:\\\/\\\/instagram.com\\\/dkntechnology\",\"https:\\\/\\\/www.youtube.com\\\/@DKN-Technology\",\"https:\\\/\\\/www.linkedin.com\\\/company\\\/dkn-technology-smart-fitness-solutions\"]}]}<\/script>\n<!-- \/ Yoast SEO plugin. -->","yoast_head_json":{"title":"ProRun - DKN-Technology","robots":{"index":"index","follow":"follow","max-snippet":"max-snippet:-1","max-image-preview":"max-image-preview:large","max-video-preview":"max-video-preview:-1"},"canonical":"https:\/\/dkn-technology.com\/de\/produkt\/prorun\/","og_locale":"de_DE","og_type":"article","og_title":"ProRun - DKN-Technology","og_description":"21% Neigung, Next Gen Motor mit 7 PS Spitzenlast: ein \u2019Runner\u2019s High\u2019.","og_url":"https:\/\/dkn-technology.com\/de\/produkt\/prorun\/","og_site_name":"DKN-Technology","article_publisher":"https:\/\/www.facebook.com\/dkntechnology\/","article_modified_time":"2025-09-22T09:10:15+00:00","og_image":[{"width":1067,"height":1067,"url":"https:\/\/dkn-technology.com\/wp-content\/uploads\/2023\/01\/Prorun-01.jpg","type":"image\/jpeg"}],"twitter_card":"summary_large_image","twitter_misc":{"Gesch\u00e4tzte Lesezeit":"2\u00a0Minuten"},"schema":{"@context":"https:\/\/schema.org","@graph":[{"@type":"WebPage","@id":"https:\/\/dkn-technology.com\/de\/produkt\/prorun\/","url":"https:\/\/dkn-technology.com\/de\/produkt\/prorun\/","name":"ProRun - DKN-Technology","isPartOf":{"@id":"https:\/\/dkn-technology.com\/#website"},"primaryImageOfPage":{"@id":"https:\/\/dkn-technology.com\/de\/produkt\/prorun\/#primaryimage"},"image":{"@id":"https:\/\/dkn-technology.com\/de\/produkt\/prorun\/#primaryimage"},"thumbnailUrl":"https:\/\/dkn-technology.com\/wp-content\/uploads\/2023\/01\/Prorun-01.jpg","datePublished":"2023-01-30T13:03:16+00:00","dateModified":"2025-09-22T09:10:15+00:00","breadcrumb":{"@id":"https:\/\/dkn-technology.com\/de\/produkt\/prorun\/#breadcrumb"},"inLanguage":"de","potentialAction":[{"@type":"ReadAction","target":["https:\/\/dkn-technology.com\/de\/produkt\/prorun\/"]}]},{"@type":"ImageObject","inLanguage":"de","@id":"https:\/\/dkn-technology.com\/de\/produkt\/prorun\/#primaryimage","url":"https:\/\/dkn-technology.com\/wp-content\/uploads\/2023\/01\/Prorun-01.jpg","contentUrl":"https:\/\/dkn-technology.com\/wp-content\/uploads\/2023\/01\/Prorun-01.jpg","width":1067,"height":1067},{"@type":"BreadcrumbList","@id":"https:\/\/dkn-technology.com\/de\/produkt\/prorun\/#breadcrumb","itemListElement":[{"@type":"ListItem","position":1,"name":"Home","item":"https:\/\/dkn-technology.com\/de\/"},{"@type":"ListItem","position":2,"name":"Shop","item":"https:\/\/dkn-technology.com\/de\/shop\/"},{"@type":"ListItem","position":3,"name":"ProRun"}]},{"@type":"WebSite","@id":"https:\/\/dkn-technology.com\/#website","url":"https:\/\/dkn-technology.com\/","name":"DKN-Technology","description":"Smart Fitness Solutions","publisher":{"@id":"https:\/\/dkn-technology.com\/#organization"},"potentialAction":[{"@type":"SearchAction","target":{"@type":"EntryPoint","urlTemplate":"https:\/\/dkn-technology.com\/?s={search_term_string}"},"query-input":{"@type":"PropertyValueSpecification","valueRequired":true,"valueName":"search_term_string"}}],"inLanguage":"de"},{"@type":"Organization","@id":"https:\/\/dkn-technology.com\/#organization","name":"DKN-Technology","url":"https:\/\/dkn-technology.com\/","logo":{"@type":"ImageObject","inLanguage":"de","@id":"https:\/\/dkn-technology.com\/#\/schema\/logo\/image\/","url":"https:\/\/dkn-technology.com\/wp-content\/uploads\/2023\/01\/DKN-logo@4x.webp","contentUrl":"https:\/\/dkn-technology.com\/wp-content\/uploads\/2023\/01\/DKN-logo@4x.webp","width":1933,"height":1029,"caption":"DKN-Technology"},"image":{"@id":"https:\/\/dkn-technology.com\/#\/schema\/logo\/image\/"},"sameAs":["https:\/\/www.facebook.com\/dkntechnology\/","https:\/\/instagram.com\/dkntechnology","https:\/\/www.youtube.com\/@DKN-Technology","https:\/\/www.linkedin.com\/company\/dkn-technology-smart-fitness-solutions"]}]}},"_links":{"self":[{"href":"https:\/\/dkn-technology.com\/de\/wp-json\/wp\/v2\/product\/4630","targetHints":{"allow":["GET"]}}],"collection":[{"href":"https:\/\/dkn-technology.com\/de\/wp-json\/wp\/v2\/product"}],"about":[{"href":"https:\/\/dkn-technology.com\/de\/wp-json\/wp\/v2\/types\/product"}],"version-history":[{"count":10,"href":"https:\/\/dkn-technology.com\/de\/wp-json\/wp\/v2\/product\/4630\/revisions"}],"predecessor-version":[{"id":31561,"href":"https:\/\/dkn-technology.com\/de\/wp-json\/wp\/v2\/product\/4630\/revisions\/31561"}],"wp:featuredmedia":[{"embeddable":true,"href":"https:\/\/dkn-technology.com\/de\/wp-json\/wp\/v2\/media\/9556"}],"wp:attachment":[{"href":"https:\/\/dkn-technology.com\/de\/wp-json\/wp\/v2\/media?parent=4630"}],"wp:term":[{"taxonomy":"product_brand","embeddable":true,"href":"https:\/\/dkn-technology.com\/de\/wp-json\/wp\/v2\/product_brand?post=4630"},{"taxonomy":"product_cat","embeddable":true,"href":"https:\/\/dkn-technology.com\/de\/wp-json\/wp\/v2\/product_cat?post=4630"},{"taxonomy":"product_tag","embeddable":true,"href":"https:\/\/dkn-technology.com\/de\/wp-json\/wp\/v2\/product_tag?post=4630"}],"curies":[{"name":"wp","href":"https:\/\/api.w.org\/{rel}","templated":true}]}}