{"id":21240,"date":"2024-11-20T12:17:30","date_gmt":"2024-11-20T10:17:30","guid":{"rendered":"https:\/\/dkn-technology.com\/?post_type=product&#038;p=21240"},"modified":"2024-11-20T12:20:11","modified_gmt":"2024-11-20T10:20:11","slug":"ar-pro-x","status":"publish","type":"product","link":"https:\/\/dkn-technology.com\/es\/producto\/ar-pro-x\/","title":{"rendered":"AR Pro X"},"content":{"rendered":"<div class=\"flex max-w-full flex-col flex-grow\">\n<div class=\"min-h-8 text-message flex w-full flex-col items-end gap-2 whitespace-normal break-words [.text-message+&amp;]:mt-5\" dir=\"auto\" data-message-author-role=\"assistant\" data-message-id=\"59e1cb9b-0e9e-408a-86d1-6dfd7476ded9\" data-message-model-slug=\"gpt-4o\">\n<div class=\"flex w-full flex-col gap-1 empty:hidden first:pt-[3px]\">\n<div class=\"markdown prose w-full break-words dark:prose-invert light\">\n<p><strong>M\u00e1quina de Remo AR Pro X \u2013 Revoluciona Tu Viaje de Fitness<\/strong><\/p>\n<p>Experimenta un entrenamiento de cuerpo completo con la m\u00e1quina de remo AR Pro X de DKN-Technology. Dise\u00f1ada para atletas de todos los niveles, esta m\u00e1quina lleva el gimnasio a tu hogar con sus caracter\u00edsticas innovadoras, dise\u00f1o robusto y la integraci\u00f3n de tecnolog\u00eda avanzada.<\/p>\n<p><strong>Caracter\u00edsticas Clave:<\/strong><\/p>\n<p><strong>Estructura Resistente:<\/strong> Construida para durar y proporcionar estabilidad, la AR Pro X soporta hasta 180 kg, garantizando seguridad y comodidad para usuarios de todos los tama\u00f1os.<\/p>\n<p><strong>32 Niveles de Resistencia:<\/strong> Ajusta f\u00e1cilmente la carga entre 1 y 32 niveles para personalizar la intensidad de tu entrenamiento, ya sea una sesi\u00f3n de alta intensidad o el inicio de tu rutina.<\/p>\n<p><strong>Consola de Alta Resoluci\u00f3n:<\/strong> La consola ofrece una pantalla brillante y f\u00e1cil de usar con m\u00faltiples funciones:<\/p>\n<ul>\n<li><strong>M\u00e9tricas en Tiempo Real:<\/strong> Monitorea la distancia, velocidad, RPM, tiempo, frecuencia card\u00edaca y calor\u00edas quemadas.<\/li>\n<li><strong>Monitoreo de Frecuencia Card\u00edaca:<\/strong> Mant\u00e9n tu frecuencia card\u00edaca controlada con la compatibilidad Bluetooth para sensores de frecuencia card\u00edaca (disponibles por separado).<\/li>\n<li><strong>Pantalla de WATT:<\/strong> Mide tu potencia de salida durante los entrenamientos para un seguimiento de rendimiento preciso.<\/li>\n<li><strong>Compatibilidad Multimedia:<\/strong> Disfruta de tus aplicaciones favoritas como Netflix, YouTube, Spotify, Amazon Prime Video y m\u00e1s mientras remas. Con conectividad WIFI y Bluetooth, tus opciones de entretenimiento son ilimitadas.<\/li>\n<\/ul>\n<p><strong>M\u00faltiples Modos de Entrenamiento:<\/strong> Elige entre una variedad de programas, incluyendo:<\/p>\n<ul>\n<li><strong>Inicio R\u00e1pido:<\/strong> Para sesiones de entrenamiento inmediato.<\/li>\n<li><strong>Entrenamiento por Intervalos:<\/strong> Programas de entrenamiento de alta intensidad dise\u00f1ados para desafiar tus l\u00edmites.<\/li>\n<li><strong>Control de Frecuencia Card\u00edaca:<\/strong> Ajusta la resistencia autom\u00e1ticamente en funci\u00f3n de tu frecuencia card\u00edaca para un entrenamiento personalizado.<\/li>\n<li><strong>Modo Escenario Real:<\/strong> Sum\u00e9rgete en escenarios de remo reales con rutas en video seleccionables.<\/li>\n<li><strong>Modo de Potencia Constante:<\/strong> Mant\u00e9n constante tu potencia de salida para un entrenamiento orientado a la resistencia.<\/li>\n<li><strong>Mapea Tu Ruta:<\/strong> Planea tu ruta de remo usando la integraci\u00f3n de Google Maps. Experimenta una variedad de terrenos y rutas con ajustes en tiempo real seg\u00fan el camino elegido.<\/li>\n<li><strong>Prueba de Fitness:<\/strong> Establece tus metas personales con una prueba de VO2 m\u00e1x, que se adapta a tu frecuencia card\u00edaca y rendimiento para darte una imagen clara de tu nivel de condici\u00f3n f\u00edsica.<\/li>\n<\/ul>\n<p><strong>Dise\u00f1o Ergon\u00f3mico:<\/strong> Los reposapi\u00e9s ajustables y el asiento acolchado garantizan la m\u00e1xima comodidad, mientras que el suave mecanismo de cadena asegura un movimiento de remo fluido y de bajo impacto.<\/p>\n<p><strong>Conectividad y Funciones Inteligentes:<\/strong><\/p>\n<ul>\n<li><strong>Conectividad Bluetooth FTMS:<\/strong> Con\u00e9ctate con aplicaciones de fitness populares como Zwift para monitorear tu progreso y participar en desaf\u00edos virtuales.<\/li>\n<li><strong>Altavoz Incorporado y Streaming de Audio:<\/strong> Mantente entretenido con un sistema de altavoces compatible con BLE que se adapta a tus preferencias musicales durante el entrenamiento.<\/li>\n<li><strong>Pantalla Espejo:<\/strong> Muestra la pantalla de tu tel\u00e9fono en la consola para ver mejor tus programas favoritos o las m\u00e9tricas de entrenamiento.<\/li>\n<\/ul>\n<p><strong>Experiencia de Usuario Mejorada:<\/strong><\/p>\n<ul>\n<li><strong>Almacenamiento F\u00e1cil:<\/strong> Equipado con ruedas de transporte para un f\u00e1cil movimiento y almacenamiento.<\/li>\n<li><strong>Consola Interactiva:<\/strong> Incluye controles de brillo y volumen, junto con opciones de zona horaria y configuraci\u00f3n del sistema.<\/li>\n<\/ul>\n<p>La AR Pro X es una combinaci\u00f3n perfecta de tecnolog\u00eda, durabilidad y funciones de fitness envolventes. Ya seas un principiante buscando mejorar tu salud o un atleta que busca superarse, la AR Pro X lleva experiencias profesionales de remo a tu hogar.<\/p>\n<\/div>\n<\/div>\n<\/div>\n<\/div>\n","protected":false},"excerpt":{"rendered":"<p>Entrenamientos personalizables &#8211; Seguimiento del rendimiento &#8211; Inicio y control del programa &#8211; Evaluaci\u00f3n de la recuperaci\u00f3n &#8211; Modo competici\u00f3n y carrera<\/p>\n","protected":false},"featured_media":31317,"template":"","meta":{"_acf_changed":false,"inline_featured_image":false,"_monsterinsights_skip_tracking":false,"_monsterinsights_sitenote_active":false,"_monsterinsights_sitenote_note":"","_monsterinsights_sitenote_category":0},"product_brand":[],"product_cat":[445],"product_tag":[],"class_list":{"0":"post-21240","1":"product","2":"type-product","3":"status-publish","4":"has-post-thumbnail","6":"product_cat-maquinas-de-remo","8":"first","9":"instock","10":"taxable","11":"shipping-taxable","12":"purchasable","13":"product-type-variable"},"acf":[],"yoast_head":"<!-- This site is optimized with the Yoast SEO plugin v27.5 - https:\/\/yoast.com\/product\/yoast-seo-wordpress\/ -->\n<title>AR Pro X - DKN-Technology<\/title>\n<meta name=\"robots\" content=\"index, follow, max-snippet:-1, max-image-preview:large, max-video-preview:-1\" \/>\n<link rel=\"canonical\" href=\"https:\/\/dkn-technology.com\/es\/producto\/ar-pro-x\/\" \/>\n<meta property=\"og:locale\" content=\"es_ES\" \/>\n<meta property=\"og:type\" content=\"article\" \/>\n<meta property=\"og:title\" content=\"AR Pro X - DKN-Technology\" \/>\n<meta property=\"og:description\" content=\"Entrenamientos personalizables - Seguimiento del rendimiento - Inicio y control del programa - Evaluaci\u00f3n de la recuperaci\u00f3n - Modo competici\u00f3n y carrera\" \/>\n<meta property=\"og:url\" content=\"https:\/\/dkn-technology.com\/es\/producto\/ar-pro-x\/\" \/>\n<meta property=\"og:site_name\" content=\"DKN-Technology\" \/>\n<meta property=\"article:publisher\" content=\"https:\/\/www.facebook.com\/dkntechnology\/\" \/>\n<meta property=\"article:modified_time\" content=\"2024-11-20T10:20:11+00:00\" \/>\n<meta property=\"og:image\" content=\"https:\/\/dkn-technology.com\/wp-content\/uploads\/2024\/10\/20721-AR-PRO-X-01-scaled.webp\" \/>\n\t<meta property=\"og:image:width\" content=\"2560\" \/>\n\t<meta property=\"og:image:height\" content=\"2560\" \/>\n\t<meta property=\"og:image:type\" content=\"image\/webp\" \/>\n<meta name=\"twitter:card\" content=\"summary_large_image\" \/>\n<meta name=\"twitter:label1\" content=\"Tiempo de lectura\" \/>\n\t<meta name=\"twitter:data1\" content=\"3 minutos\" \/>\n<script type=\"application\/ld+json\" class=\"yoast-schema-graph\">{\"@context\":\"https:\\\/\\\/schema.org\",\"@graph\":[{\"@type\":\"WebPage\",\"@id\":\"https:\\\/\\\/dkn-technology.com\\\/es\\\/producto\\\/ar-pro-x\\\/\",\"url\":\"https:\\\/\\\/dkn-technology.com\\\/es\\\/producto\\\/ar-pro-x\\\/\",\"name\":\"AR Pro X - DKN-Technology\",\"isPartOf\":{\"@id\":\"https:\\\/\\\/dkn-technology.com\\\/#website\"},\"primaryImageOfPage\":{\"@id\":\"https:\\\/\\\/dkn-technology.com\\\/es\\\/producto\\\/ar-pro-x\\\/#primaryimage\"},\"image\":{\"@id\":\"https:\\\/\\\/dkn-technology.com\\\/es\\\/producto\\\/ar-pro-x\\\/#primaryimage\"},\"thumbnailUrl\":\"https:\\\/\\\/dkn-technology.com\\\/wp-content\\\/uploads\\\/2024\\\/11\\\/20721-AR-PRO-X-01.webp\",\"datePublished\":\"2024-11-20T10:17:30+00:00\",\"dateModified\":\"2024-11-20T10:20:11+00:00\",\"breadcrumb\":{\"@id\":\"https:\\\/\\\/dkn-technology.com\\\/es\\\/producto\\\/ar-pro-x\\\/#breadcrumb\"},\"inLanguage\":\"es\",\"potentialAction\":[{\"@type\":\"ReadAction\",\"target\":[\"https:\\\/\\\/dkn-technology.com\\\/es\\\/producto\\\/ar-pro-x\\\/\"]}]},{\"@type\":\"ImageObject\",\"inLanguage\":\"es\",\"@id\":\"https:\\\/\\\/dkn-technology.com\\\/es\\\/producto\\\/ar-pro-x\\\/#primaryimage\",\"url\":\"https:\\\/\\\/dkn-technology.com\\\/wp-content\\\/uploads\\\/2024\\\/11\\\/20721-AR-PRO-X-01.webp\",\"contentUrl\":\"https:\\\/\\\/dkn-technology.com\\\/wp-content\\\/uploads\\\/2024\\\/11\\\/20721-AR-PRO-X-01.webp\",\"width\":2560,\"height\":2560},{\"@type\":\"BreadcrumbList\",\"@id\":\"https:\\\/\\\/dkn-technology.com\\\/es\\\/producto\\\/ar-pro-x\\\/#breadcrumb\",\"itemListElement\":[{\"@type\":\"ListItem\",\"position\":1,\"name\":\"Home\",\"item\":\"https:\\\/\\\/dkn-technology.com\\\/\"},{\"@type\":\"ListItem\",\"position\":2,\"name\":\"Shop\",\"item\":\"https:\\\/\\\/dkn-technology.com\\\/es\\\/shop\\\/\"},{\"@type\":\"ListItem\",\"position\":3,\"name\":\"AR Pro X\"}]},{\"@type\":\"WebSite\",\"@id\":\"https:\\\/\\\/dkn-technology.com\\\/#website\",\"url\":\"https:\\\/\\\/dkn-technology.com\\\/\",\"name\":\"DKN-Technology\",\"description\":\"Smart Fitness Solutions\",\"potentialAction\":[{\"@type\":\"SearchAction\",\"target\":{\"@type\":\"EntryPoint\",\"urlTemplate\":\"https:\\\/\\\/dkn-technology.com\\\/?s={search_term_string}\"},\"query-input\":{\"@type\":\"PropertyValueSpecification\",\"valueRequired\":true,\"valueName\":\"search_term_string\"}}],\"inLanguage\":\"es\"}]}<\/script>\n<!-- \/ Yoast SEO plugin. -->","yoast_head_json":{"title":"AR Pro X - DKN-Technology","robots":{"index":"index","follow":"follow","max-snippet":"max-snippet:-1","max-image-preview":"max-image-preview:large","max-video-preview":"max-video-preview:-1"},"canonical":"https:\/\/dkn-technology.com\/es\/producto\/ar-pro-x\/","og_locale":"es_ES","og_type":"article","og_title":"AR Pro X - DKN-Technology","og_description":"Entrenamientos personalizables - Seguimiento del rendimiento - Inicio y control del programa - Evaluaci\u00f3n de la recuperaci\u00f3n - Modo competici\u00f3n y carrera","og_url":"https:\/\/dkn-technology.com\/es\/producto\/ar-pro-x\/","og_site_name":"DKN-Technology","article_publisher":"https:\/\/www.facebook.com\/dkntechnology\/","article_modified_time":"2024-11-20T10:20:11+00:00","og_image":[{"width":2560,"height":2560,"url":"https:\/\/dkn-technology.com\/wp-content\/uploads\/2024\/10\/20721-AR-PRO-X-01-scaled.webp","type":"image\/webp"}],"twitter_card":"summary_large_image","twitter_misc":{"Tiempo de lectura":"3 minutos"},"schema":{"@context":"https:\/\/schema.org","@graph":[{"@type":"WebPage","@id":"https:\/\/dkn-technology.com\/es\/producto\/ar-pro-x\/","url":"https:\/\/dkn-technology.com\/es\/producto\/ar-pro-x\/","name":"AR Pro X - DKN-Technology","isPartOf":{"@id":"https:\/\/dkn-technology.com\/#website"},"primaryImageOfPage":{"@id":"https:\/\/dkn-technology.com\/es\/producto\/ar-pro-x\/#primaryimage"},"image":{"@id":"https:\/\/dkn-technology.com\/es\/producto\/ar-pro-x\/#primaryimage"},"thumbnailUrl":"https:\/\/dkn-technology.com\/wp-content\/uploads\/2024\/11\/20721-AR-PRO-X-01.webp","datePublished":"2024-11-20T10:17:30+00:00","dateModified":"2024-11-20T10:20:11+00:00","breadcrumb":{"@id":"https:\/\/dkn-technology.com\/es\/producto\/ar-pro-x\/#breadcrumb"},"inLanguage":"es","potentialAction":[{"@type":"ReadAction","target":["https:\/\/dkn-technology.com\/es\/producto\/ar-pro-x\/"]}]},{"@type":"ImageObject","inLanguage":"es","@id":"https:\/\/dkn-technology.com\/es\/producto\/ar-pro-x\/#primaryimage","url":"https:\/\/dkn-technology.com\/wp-content\/uploads\/2024\/11\/20721-AR-PRO-X-01.webp","contentUrl":"https:\/\/dkn-technology.com\/wp-content\/uploads\/2024\/11\/20721-AR-PRO-X-01.webp","width":2560,"height":2560},{"@type":"BreadcrumbList","@id":"https:\/\/dkn-technology.com\/es\/producto\/ar-pro-x\/#breadcrumb","itemListElement":[{"@type":"ListItem","position":1,"name":"Home","item":"https:\/\/dkn-technology.com\/"},{"@type":"ListItem","position":2,"name":"Shop","item":"https:\/\/dkn-technology.com\/es\/shop\/"},{"@type":"ListItem","position":3,"name":"AR Pro X"}]},{"@type":"WebSite","@id":"https:\/\/dkn-technology.com\/#website","url":"https:\/\/dkn-technology.com\/","name":"DKN-Technology","description":"Smart Fitness Solutions","potentialAction":[{"@type":"SearchAction","target":{"@type":"EntryPoint","urlTemplate":"https:\/\/dkn-technology.com\/?s={search_term_string}"},"query-input":{"@type":"PropertyValueSpecification","valueRequired":true,"valueName":"search_term_string"}}],"inLanguage":"es"}]}},"_links":{"self":[{"href":"https:\/\/dkn-technology.com\/es\/wp-json\/wp\/v2\/product\/21240","targetHints":{"allow":["GET"]}}],"collection":[{"href":"https:\/\/dkn-technology.com\/es\/wp-json\/wp\/v2\/product"}],"about":[{"href":"https:\/\/dkn-technology.com\/es\/wp-json\/wp\/v2\/types\/product"}],"version-history":[{"count":2,"href":"https:\/\/dkn-technology.com\/es\/wp-json\/wp\/v2\/product\/21240\/revisions"}],"predecessor-version":[{"id":21252,"href":"https:\/\/dkn-technology.com\/es\/wp-json\/wp\/v2\/product\/21240\/revisions\/21252"}],"wp:featuredmedia":[{"embeddable":true,"href":"https:\/\/dkn-technology.com\/es\/wp-json\/wp\/v2\/media\/31317"}],"wp:attachment":[{"href":"https:\/\/dkn-technology.com\/es\/wp-json\/wp\/v2\/media?parent=21240"}],"wp:term":[{"taxonomy":"product_brand","embeddable":true,"href":"https:\/\/dkn-technology.com\/es\/wp-json\/wp\/v2\/product_brand?post=21240"},{"taxonomy":"product_cat","embeddable":true,"href":"https:\/\/dkn-technology.com\/es\/wp-json\/wp\/v2\/product_cat?post=21240"},{"taxonomy":"product_tag","embeddable":true,"href":"https:\/\/dkn-technology.com\/es\/wp-json\/wp\/v2\/product_tag?post=21240"}],"curies":[{"name":"wp","href":"https:\/\/api.w.org\/{rel}","templated":true}]}}