{"id":30644,"date":"2025-07-04T09:48:53","date_gmt":"2025-07-04T07:48:53","guid":{"rendered":"https:\/\/dkn-technology.com\/product\/dkn-6-piece-high-impact-interlocking-floor-protection-mat\/"},"modified":"2025-07-04T10:06:14","modified_gmt":"2025-07-04T08:06:14","slug":"dkn-6-piece-high-impact-interlocking-floor-protection-mat","status":"publish","type":"product","link":"https:\/\/dkn-technology.com\/es\/producto\/dkn-6-piece-high-impact-interlocking-floor-protection-mat\/","title":{"rendered":"DKN 6 Piece High Impact Interlocking Floor Protection Mat"},"content":{"rendered":"<p data-start=\"101\" data-end=\"724\">Dise\u00f1ado para proteger los suelos contra ara\u00f1azos, rozaduras u otros da\u00f1os que suelen ser causados por equipos de fitness voluminosos. Estas alfombrillas protectoras de suelo de DKN se suministran en un paquete de seis piezas y encajan entre s\u00ed como un rompecabezas. Adem\u00e1s de las seis piezas principales, cada paquete contiene bordes suficientes para asegurar l\u00edneas rectas alrededor del per\u00edmetro del montaje. Estas alfombrillas est\u00e1n fabricadas con goma ligera y resistente al desgaste, y tienen un grosor de 12 mm, lo que ayuda a absorber el sonido cuando se utilizan con m\u00e1quinas de alto impacto como cintas de correr.<\/p>\n<p data-start=\"726\" data-end=\"757\"><strong data-start=\"726\" data-end=\"757\">Caracter\u00edsticas principales<\/strong><\/p>\n<ul data-start=\"759\" data-end=\"1017\">\n<li data-start=\"759\" data-end=\"789\">\n<p data-start=\"761\" data-end=\"789\">Protege suelos y alfombras<\/p>\n<\/li>\n<li data-start=\"790\" data-end=\"828\">\n<p data-start=\"792\" data-end=\"828\">Impermeable para mayor durabilidad<\/p>\n<\/li>\n<li data-start=\"829\" data-end=\"858\">\n<p data-start=\"831\" data-end=\"858\">Superficie antideslizante<\/p>\n<\/li>\n<li data-start=\"859\" data-end=\"879\">\n<p data-start=\"861\" data-end=\"879\">F\u00e1cil de limpiar<\/p>\n<\/li>\n<li data-start=\"880\" data-end=\"898\">\n<p data-start=\"882\" data-end=\"898\">Grosor: 1,2 cm<\/p>\n<\/li>\n<li data-start=\"899\" data-end=\"941\">\n<p data-start=\"901\" data-end=\"941\">Dimensiones (por pieza): 60 cm x 60 cm<\/p>\n<\/li>\n<li data-start=\"942\" data-end=\"974\">\n<p data-start=\"944\" data-end=\"974\">Contenido: 6 piezas + bordes<\/p>\n<\/li>\n<li data-start=\"975\" data-end=\"1017\">\n<p data-start=\"977\" data-end=\"1017\">Superficie total: 2,2 metros cuadrados<\/p>\n<\/li>\n<\/ul>\n","protected":false},"excerpt":{"rendered":"<p>Dise\u00f1ado para proteger los suelos contra ara\u00f1azos, rozaduras u otros da\u00f1os que suelen ser causados por equipos de fitness voluminosos. Estas alfombrillas protectoras de suelo de DKN se suministran en un paquete de seis piezas y encajan entre s\u00ed como un rompecabezas. Adem\u00e1s de las seis piezas principales, cada paquete contiene bordes suficientes para asegurar [&hellip;]<\/p>\n","protected":false},"featured_media":30778,"template":"","meta":{"_acf_changed":false,"inline_featured_image":false,"_monsterinsights_skip_tracking":false,"_monsterinsights_sitenote_active":false,"_monsterinsights_sitenote_note":"","_monsterinsights_sitenote_category":0},"product_brand":[],"product_cat":[450],"product_tag":[],"class_list":{"0":"post-30644","1":"product","2":"type-product","3":"status-publish","4":"has-post-thumbnail","6":"product_cat-accesorios","8":"first","9":"instock","10":"purchasable","11":"product-type-simple"},"acf":[],"yoast_head":"<!-- This site is optimized with the Yoast SEO plugin v27.5 - https:\/\/yoast.com\/product\/yoast-seo-wordpress\/ -->\n<title>DKN 6 Piece High Impact Interlocking Floor Protection Mat - DKN-Technology<\/title>\n<meta name=\"robots\" content=\"index, follow, max-snippet:-1, max-image-preview:large, max-video-preview:-1\" \/>\n<link rel=\"canonical\" href=\"https:\/\/dkn-technology.com\/es\/producto\/dkn-6-piece-high-impact-interlocking-floor-protection-mat\/\" \/>\n<meta property=\"og:locale\" content=\"es_ES\" \/>\n<meta property=\"og:type\" content=\"article\" \/>\n<meta property=\"og:title\" content=\"DKN 6 Piece High Impact Interlocking Floor Protection Mat - DKN-Technology\" \/>\n<meta property=\"og:description\" content=\"Dise\u00f1ado para proteger los suelos contra ara\u00f1azos, rozaduras u otros da\u00f1os que suelen ser causados por equipos de fitness voluminosos. Estas alfombrillas protectoras de suelo de DKN se suministran en un paquete de seis piezas y encajan entre s\u00ed como un rompecabezas. Adem\u00e1s de las seis piezas principales, cada paquete contiene bordes suficientes para asegurar [&hellip;]\" \/>\n<meta property=\"og:url\" content=\"https:\/\/dkn-technology.com\/es\/producto\/dkn-6-piece-high-impact-interlocking-floor-protection-mat\/\" \/>\n<meta property=\"og:site_name\" content=\"DKN-Technology\" \/>\n<meta property=\"article:publisher\" content=\"https:\/\/www.facebook.com\/dkntechnology\/\" \/>\n<meta property=\"article:modified_time\" content=\"2025-07-04T08:06:14+00:00\" \/>\n<meta name=\"twitter:card\" content=\"summary_large_image\" \/>\n<meta name=\"twitter:label1\" content=\"Tiempo de lectura\" \/>\n\t<meta name=\"twitter:data1\" content=\"1 minuto\" \/>\n<script type=\"application\/ld+json\" class=\"yoast-schema-graph\">{\"@context\":\"https:\\\/\\\/schema.org\",\"@graph\":[{\"@type\":\"WebPage\",\"@id\":\"https:\\\/\\\/dkn-technology.com\\\/es\\\/producto\\\/dkn-6-piece-high-impact-interlocking-floor-protection-mat\\\/\",\"url\":\"https:\\\/\\\/dkn-technology.com\\\/es\\\/producto\\\/dkn-6-piece-high-impact-interlocking-floor-protection-mat\\\/\",\"name\":\"DKN 6 Piece High Impact Interlocking Floor Protection Mat - DKN-Technology\",\"isPartOf\":{\"@id\":\"https:\\\/\\\/dkn-technology.com\\\/#website\"},\"primaryImageOfPage\":{\"@id\":\"https:\\\/\\\/dkn-technology.com\\\/es\\\/producto\\\/dkn-6-piece-high-impact-interlocking-floor-protection-mat\\\/#primaryimage\"},\"image\":{\"@id\":\"https:\\\/\\\/dkn-technology.com\\\/es\\\/producto\\\/dkn-6-piece-high-impact-interlocking-floor-protection-mat\\\/#primaryimage\"},\"thumbnailUrl\":\"https:\\\/\\\/dkn-technology.com\\\/wp-content\\\/uploads\\\/2025\\\/07\\\/DKN-POST-LinkdIn-posts-14.png\",\"datePublished\":\"2025-07-04T07:48:53+00:00\",\"dateModified\":\"2025-07-04T08:06:14+00:00\",\"breadcrumb\":{\"@id\":\"https:\\\/\\\/dkn-technology.com\\\/es\\\/producto\\\/dkn-6-piece-high-impact-interlocking-floor-protection-mat\\\/#breadcrumb\"},\"inLanguage\":\"es\",\"potentialAction\":[{\"@type\":\"ReadAction\",\"target\":[\"https:\\\/\\\/dkn-technology.com\\\/es\\\/producto\\\/dkn-6-piece-high-impact-interlocking-floor-protection-mat\\\/\"]}]},{\"@type\":\"ImageObject\",\"inLanguage\":\"es\",\"@id\":\"https:\\\/\\\/dkn-technology.com\\\/es\\\/producto\\\/dkn-6-piece-high-impact-interlocking-floor-protection-mat\\\/#primaryimage\",\"url\":\"https:\\\/\\\/dkn-technology.com\\\/wp-content\\\/uploads\\\/2025\\\/07\\\/DKN-POST-LinkdIn-posts-14.png\",\"contentUrl\":\"https:\\\/\\\/dkn-technology.com\\\/wp-content\\\/uploads\\\/2025\\\/07\\\/DKN-POST-LinkdIn-posts-14.png\",\"width\":1080,\"height\":1080},{\"@type\":\"BreadcrumbList\",\"@id\":\"https:\\\/\\\/dkn-technology.com\\\/es\\\/producto\\\/dkn-6-piece-high-impact-interlocking-floor-protection-mat\\\/#breadcrumb\",\"itemListElement\":[{\"@type\":\"ListItem\",\"position\":1,\"name\":\"Home\",\"item\":\"https:\\\/\\\/dkn-technology.com\\\/\"},{\"@type\":\"ListItem\",\"position\":2,\"name\":\"Shop\",\"item\":\"https:\\\/\\\/dkn-technology.com\\\/es\\\/shop\\\/\"},{\"@type\":\"ListItem\",\"position\":3,\"name\":\"DKN 6 Piece High Impact Interlocking Floor Protection Mat\"}]},{\"@type\":\"WebSite\",\"@id\":\"https:\\\/\\\/dkn-technology.com\\\/#website\",\"url\":\"https:\\\/\\\/dkn-technology.com\\\/\",\"name\":\"DKN-Technology\",\"description\":\"Smart Fitness Solutions\",\"potentialAction\":[{\"@type\":\"SearchAction\",\"target\":{\"@type\":\"EntryPoint\",\"urlTemplate\":\"https:\\\/\\\/dkn-technology.com\\\/?s={search_term_string}\"},\"query-input\":{\"@type\":\"PropertyValueSpecification\",\"valueRequired\":true,\"valueName\":\"search_term_string\"}}],\"inLanguage\":\"es\"}]}<\/script>\n<!-- \/ Yoast SEO plugin. -->","yoast_head_json":{"title":"DKN 6 Piece High Impact Interlocking Floor Protection Mat - DKN-Technology","robots":{"index":"index","follow":"follow","max-snippet":"max-snippet:-1","max-image-preview":"max-image-preview:large","max-video-preview":"max-video-preview:-1"},"canonical":"https:\/\/dkn-technology.com\/es\/producto\/dkn-6-piece-high-impact-interlocking-floor-protection-mat\/","og_locale":"es_ES","og_type":"article","og_title":"DKN 6 Piece High Impact Interlocking Floor Protection Mat - DKN-Technology","og_description":"Dise\u00f1ado para proteger los suelos contra ara\u00f1azos, rozaduras u otros da\u00f1os que suelen ser causados por equipos de fitness voluminosos. Estas alfombrillas protectoras de suelo de DKN se suministran en un paquete de seis piezas y encajan entre s\u00ed como un rompecabezas. Adem\u00e1s de las seis piezas principales, cada paquete contiene bordes suficientes para asegurar [&hellip;]","og_url":"https:\/\/dkn-technology.com\/es\/producto\/dkn-6-piece-high-impact-interlocking-floor-protection-mat\/","og_site_name":"DKN-Technology","article_publisher":"https:\/\/www.facebook.com\/dkntechnology\/","article_modified_time":"2025-07-04T08:06:14+00:00","twitter_card":"summary_large_image","twitter_misc":{"Tiempo de lectura":"1 minuto"},"schema":{"@context":"https:\/\/schema.org","@graph":[{"@type":"WebPage","@id":"https:\/\/dkn-technology.com\/es\/producto\/dkn-6-piece-high-impact-interlocking-floor-protection-mat\/","url":"https:\/\/dkn-technology.com\/es\/producto\/dkn-6-piece-high-impact-interlocking-floor-protection-mat\/","name":"DKN 6 Piece High Impact Interlocking Floor Protection Mat - DKN-Technology","isPartOf":{"@id":"https:\/\/dkn-technology.com\/#website"},"primaryImageOfPage":{"@id":"https:\/\/dkn-technology.com\/es\/producto\/dkn-6-piece-high-impact-interlocking-floor-protection-mat\/#primaryimage"},"image":{"@id":"https:\/\/dkn-technology.com\/es\/producto\/dkn-6-piece-high-impact-interlocking-floor-protection-mat\/#primaryimage"},"thumbnailUrl":"https:\/\/dkn-technology.com\/wp-content\/uploads\/2025\/07\/DKN-POST-LinkdIn-posts-14.png","datePublished":"2025-07-04T07:48:53+00:00","dateModified":"2025-07-04T08:06:14+00:00","breadcrumb":{"@id":"https:\/\/dkn-technology.com\/es\/producto\/dkn-6-piece-high-impact-interlocking-floor-protection-mat\/#breadcrumb"},"inLanguage":"es","potentialAction":[{"@type":"ReadAction","target":["https:\/\/dkn-technology.com\/es\/producto\/dkn-6-piece-high-impact-interlocking-floor-protection-mat\/"]}]},{"@type":"ImageObject","inLanguage":"es","@id":"https:\/\/dkn-technology.com\/es\/producto\/dkn-6-piece-high-impact-interlocking-floor-protection-mat\/#primaryimage","url":"https:\/\/dkn-technology.com\/wp-content\/uploads\/2025\/07\/DKN-POST-LinkdIn-posts-14.png","contentUrl":"https:\/\/dkn-technology.com\/wp-content\/uploads\/2025\/07\/DKN-POST-LinkdIn-posts-14.png","width":1080,"height":1080},{"@type":"BreadcrumbList","@id":"https:\/\/dkn-technology.com\/es\/producto\/dkn-6-piece-high-impact-interlocking-floor-protection-mat\/#breadcrumb","itemListElement":[{"@type":"ListItem","position":1,"name":"Home","item":"https:\/\/dkn-technology.com\/"},{"@type":"ListItem","position":2,"name":"Shop","item":"https:\/\/dkn-technology.com\/es\/shop\/"},{"@type":"ListItem","position":3,"name":"DKN 6 Piece High Impact Interlocking Floor Protection Mat"}]},{"@type":"WebSite","@id":"https:\/\/dkn-technology.com\/#website","url":"https:\/\/dkn-technology.com\/","name":"DKN-Technology","description":"Smart Fitness Solutions","potentialAction":[{"@type":"SearchAction","target":{"@type":"EntryPoint","urlTemplate":"https:\/\/dkn-technology.com\/?s={search_term_string}"},"query-input":{"@type":"PropertyValueSpecification","valueRequired":true,"valueName":"search_term_string"}}],"inLanguage":"es"}]}},"_links":{"self":[{"href":"https:\/\/dkn-technology.com\/es\/wp-json\/wp\/v2\/product\/30644","targetHints":{"allow":["GET"]}}],"collection":[{"href":"https:\/\/dkn-technology.com\/es\/wp-json\/wp\/v2\/product"}],"about":[{"href":"https:\/\/dkn-technology.com\/es\/wp-json\/wp\/v2\/types\/product"}],"version-history":[{"count":2,"href":"https:\/\/dkn-technology.com\/es\/wp-json\/wp\/v2\/product\/30644\/revisions"}],"predecessor-version":[{"id":30655,"href":"https:\/\/dkn-technology.com\/es\/wp-json\/wp\/v2\/product\/30644\/revisions\/30655"}],"wp:featuredmedia":[{"embeddable":true,"href":"https:\/\/dkn-technology.com\/es\/wp-json\/wp\/v2\/media\/30778"}],"wp:attachment":[{"href":"https:\/\/dkn-technology.com\/es\/wp-json\/wp\/v2\/media?parent=30644"}],"wp:term":[{"taxonomy":"product_brand","embeddable":true,"href":"https:\/\/dkn-technology.com\/es\/wp-json\/wp\/v2\/product_brand?post=30644"},{"taxonomy":"product_cat","embeddable":true,"href":"https:\/\/dkn-technology.com\/es\/wp-json\/wp\/v2\/product_cat?post=30644"},{"taxonomy":"product_tag","embeddable":true,"href":"https:\/\/dkn-technology.com\/es\/wp-json\/wp\/v2\/product_tag?post=30644"}],"curies":[{"name":"wp","href":"https:\/\/api.w.org\/{rel}","templated":true}]}}