{"id":12490,"date":"2024-03-06T13:55:01","date_gmt":"2024-03-06T11:55:01","guid":{"rendered":"https:\/\/dkn-technology.com\/location\/"},"modified":"2024-09-09T16:55:09","modified_gmt":"2024-09-09T14:55:09","slug":"dkn-renting","status":"publish","type":"page","link":"https:\/\/dkn-technology.com\/fr\/dkn-renting\/","title":{"rendered":"DKN-Renting"},"content":{"rendered":"\t\t<div data-elementor-type=\"wp-page\" data-elementor-id=\"12490\" class=\"elementor elementor-12490 elementor-12482\" data-elementor-post-type=\"page\">\n\t\t\t\t<div class=\"elementor-element elementor-element-f41dcb5 e-flex e-con-boxed e-con e-parent\" data-id=\"f41dcb5\" data-element_type=\"container\" data-e-type=\"container\" data-settings=\"{&quot;background_background&quot;:&quot;classic&quot;,&quot;jet_parallax_layout_list&quot;:[]}\">\n\t\t\t\t\t<div class=\"e-con-inner\">\n\t\t\t\t<div class=\"elementor-element elementor-element-8924591 elementor-widget elementor-widget-spacer\" data-id=\"8924591\" data-element_type=\"widget\" data-e-type=\"widget\" data-widget_type=\"spacer.default\">\n\t\t\t\t<div class=\"elementor-widget-container\">\n\t\t\t\t\t\t\t<div class=\"elementor-spacer\">\n\t\t\t<div class=\"elementor-spacer-inner\"><\/div>\n\t\t<\/div>\n\t\t\t\t\t\t<\/div>\n\t\t\t\t<\/div>\n\t\t\t\t<div class=\"elementor-element elementor-element-d9e671e elementor-widget elementor-widget-heading\" data-id=\"d9e671e\" data-element_type=\"widget\" data-e-type=\"widget\" data-widget_type=\"heading.default\">\n\t\t\t\t<div class=\"elementor-widget-container\">\n\t\t\t\t\t<h2 class=\"elementor-heading-title elementor-size-default\">DKN <span class=\"orange\">Renting<\/span><\/h2>\t\t\t\t<\/div>\n\t\t\t\t<\/div>\n\t\t\t\t<div class=\"elementor-element elementor-element-2ac1d58 elementor-widget elementor-widget-spacer\" data-id=\"2ac1d58\" data-element_type=\"widget\" data-e-type=\"widget\" data-widget_type=\"spacer.default\">\n\t\t\t\t<div class=\"elementor-widget-container\">\n\t\t\t\t\t\t\t<div class=\"elementor-spacer\">\n\t\t\t<div class=\"elementor-spacer-inner\"><\/div>\n\t\t<\/div>\n\t\t\t\t\t\t<\/div>\n\t\t\t\t<\/div>\n\t\t\t\t\t<\/div>\n\t\t\t\t<\/div>\n\t\t<div class=\"elementor-element elementor-element-82e5ca5 e-con-full e-flex e-con e-parent\" data-id=\"82e5ca5\" data-element_type=\"container\" data-e-type=\"container\" data-settings=\"{&quot;jet_parallax_layout_list&quot;:[]}\">\n\t\t\t\t<div class=\"elementor-element elementor-element-504d11d elementor-widget elementor-widget-spacer\" data-id=\"504d11d\" data-element_type=\"widget\" data-e-type=\"widget\" data-widget_type=\"spacer.default\">\n\t\t\t\t<div class=\"elementor-widget-container\">\n\t\t\t\t\t\t\t<div class=\"elementor-spacer\">\n\t\t\t<div class=\"elementor-spacer-inner\"><\/div>\n\t\t<\/div>\n\t\t\t\t\t\t<\/div>\n\t\t\t\t<\/div>\n\t\t\t\t<div class=\"elementor-element elementor-element-df2f11c elementor-widget__width-inherit elementor-tabs-view-horizontal elementor-widget elementor-widget-tabs\" data-id=\"df2f11c\" data-element_type=\"widget\" data-e-type=\"widget\" data-widget_type=\"tabs.default\">\n\t\t\t\t<div class=\"elementor-widget-container\">\n\t\t\t\t\t\t\t<div class=\"elementor-tabs\">\n\t\t\t<div class=\"elementor-tabs-wrapper\" role=\"tablist\" >\n\t\t\t\t\t\t\t\t\t<div id=\"elementor-tab-title-2341\" class=\"elementor-tab-title elementor-tab-desktop-title\" aria-selected=\"true\" data-tab=\"1\" role=\"tab\" tabindex=\"0\" aria-controls=\"elementor-tab-content-2341\" aria-expanded=\"false\">QU'EST-CE QUE DKN RENTING?<\/div>\n\t\t\t\t\t\t\t\t\t<div id=\"elementor-tab-title-2342\" class=\"elementor-tab-title elementor-tab-desktop-title\" aria-selected=\"false\" data-tab=\"2\" role=\"tab\" tabindex=\"-1\" aria-controls=\"elementor-tab-content-2342\" aria-expanded=\"false\">UTILISATION DU DKN RENTING?<\/div>\n\t\t\t\t\t\t\t\t\t<div id=\"elementor-tab-title-2343\" class=\"elementor-tab-title elementor-tab-desktop-title\" aria-selected=\"false\" data-tab=\"3\" role=\"tab\" tabindex=\"-1\" aria-controls=\"elementor-tab-content-2343\" aria-expanded=\"false\">L'OFFRE<\/div>\n\t\t\t\t\t\t\t<\/div>\n\t\t\t<div class=\"elementor-tabs-content-wrapper\" role=\"tablist\" aria-orientation=\"vertical\">\n\t\t\t\t\t\t\t\t\t<div class=\"elementor-tab-title elementor-tab-mobile-title\" aria-selected=\"true\" data-tab=\"1\" role=\"tab\" tabindex=\"0\" aria-controls=\"elementor-tab-content-2341\" aria-expanded=\"false\">QU'EST-CE QUE DKN RENTING?<\/div>\n\t\t\t\t\t<div id=\"elementor-tab-content-2341\" class=\"elementor-tab-content elementor-clearfix\" data-tab=\"1\" role=\"tabpanel\" aria-labelledby=\"elementor-tab-title-2341\" tabindex=\"0\" hidden=\"false\"><p>Le DKN renting, \u00e9galement connu sous le nom de <strong>location op\u00e9rationnelle<\/strong>, offre une solution de financement flexible qui ne n\u00e9cessite pas d&rsquo;investissements initiaux ou de paiements initiaux. Gr\u00e2ce \u00e0 cette approche, vous pouvez fournir \u00e0 vos clients les \u00e9quipements de fitness les plus r\u00e9cents sans avoir \u00e0 vous soucier de d\u00e9penses importantes.<\/p><p>En adoptant cette approche, vous contribuez \u00e0 <strong>100 % aux co\u00fbts d&rsquo;exploitation<\/strong>, ce qui vous permet de g\u00e9rer vos comptes plus efficacement. Cela signifie que votre tr\u00e9sorerie reste disponible pour d&rsquo;autres aspects essentiels de votre activit\u00e9, tout en profitant d&rsquo;un \u00e9quipement de fitness de pointe<\/p><p>L&rsquo;un des avantages de travailler avec DKN Renting est que vous avez la possibilit\u00e9 de renouveler votre \u00e9quipement en signant simplement un<strong> contrat de renouvellement<\/strong> tous les 7 ans. Vous avez ainsi l&rsquo;assurance de toujours disposer de la technologie de fitness la plus innovante.<\/p><p>D\u00e9veloppez votre activit\u00e9 de mani\u00e8re rentable, en offrant un <strong>service de haute qualit\u00e9<\/strong> \u00e0 vos clients.<\/p><p><img fetchpriority=\"high\" decoding=\"async\" class=\"alignnone wp-image-14721 size-full\" src=\"https:\/\/dkn-technology.com\/wp-content\/uploads\/2024\/05\/Ontwerp-zonder-titel-42.jpg\" alt=\"\" width=\"1600\" height=\"340\" srcset=\"https:\/\/dkn-technology.com\/wp-content\/uploads\/2024\/05\/Ontwerp-zonder-titel-42.jpg 1600w, https:\/\/dkn-technology.com\/wp-content\/uploads\/2024\/05\/Ontwerp-zonder-titel-42-300x64.jpg 300w, https:\/\/dkn-technology.com\/wp-content\/uploads\/2024\/05\/Ontwerp-zonder-titel-42-1024x218.jpg 1024w, https:\/\/dkn-technology.com\/wp-content\/uploads\/2024\/05\/Ontwerp-zonder-titel-42-768x163.jpg 768w, https:\/\/dkn-technology.com\/wp-content\/uploads\/2024\/05\/Ontwerp-zonder-titel-42-1536x326.jpg 1536w, https:\/\/dkn-technology.com\/wp-content\/uploads\/2024\/05\/Ontwerp-zonder-titel-42-600x128.jpg 600w\" sizes=\"(max-width: 1600px) 100vw, 1600px\" \/><\/p><\/div>\n\t\t\t\t\t\t\t\t\t<div class=\"elementor-tab-title elementor-tab-mobile-title\" aria-selected=\"false\" data-tab=\"2\" role=\"tab\" tabindex=\"-1\" aria-controls=\"elementor-tab-content-2342\" aria-expanded=\"false\">UTILISATION DU DKN RENTING?<\/div>\n\t\t\t\t\t<div id=\"elementor-tab-content-2342\" class=\"elementor-tab-content elementor-clearfix\" data-tab=\"2\" role=\"tabpanel\" aria-labelledby=\"elementor-tab-title-2342\" tabindex=\"0\" hidden=\"hidden\"><p>La DKN renting est id\u00e9ale pour les professionnels disposant d&rsquo;un <strong>num\u00e9ro de TVA ou num\u00e9ro de l&rsquo;entreprise<\/strong>, comme par exemple :<\/p><ul><li>Gymnases<\/li><li>Kin\u00e9sith\u00e9rapeutes<\/li><li>Entra\u00eeneurs personnels<\/li><li>Centres de wellness<\/li><li>D\u00e9taillants<\/li><li>Distributeurs<\/li><li>&#8230;<\/li><\/ul><div>\u00a0<\/div><p>Que vous dirigiez un petit studio ou une grande cha\u00eene de fitness, le DKN Renting est con\u00e7u pour r\u00e9pondre \u00e0 vos besoins sp\u00e9cifiques.<\/p><p><img decoding=\"async\" class=\"alignnone wp-image-14763 size-full\" src=\"https:\/\/dkn-technology.com\/wp-content\/uploads\/2024\/05\/Ontwerp-zonder-titel-46.jpg\" alt=\"\" width=\"1600\" height=\"340\" srcset=\"https:\/\/dkn-technology.com\/wp-content\/uploads\/2024\/05\/Ontwerp-zonder-titel-46.jpg 1600w, https:\/\/dkn-technology.com\/wp-content\/uploads\/2024\/05\/Ontwerp-zonder-titel-46-300x64.jpg 300w, https:\/\/dkn-technology.com\/wp-content\/uploads\/2024\/05\/Ontwerp-zonder-titel-46-1024x218.jpg 1024w, https:\/\/dkn-technology.com\/wp-content\/uploads\/2024\/05\/Ontwerp-zonder-titel-46-768x163.jpg 768w, https:\/\/dkn-technology.com\/wp-content\/uploads\/2024\/05\/Ontwerp-zonder-titel-46-1536x326.jpg 1536w, https:\/\/dkn-technology.com\/wp-content\/uploads\/2024\/05\/Ontwerp-zonder-titel-46-600x128.jpg 600w\" sizes=\"(max-width: 1600px) 100vw, 1600px\" \/><\/p><\/div>\n\t\t\t\t\t\t\t\t\t<div class=\"elementor-tab-title elementor-tab-mobile-title\" aria-selected=\"false\" data-tab=\"3\" role=\"tab\" tabindex=\"-1\" aria-controls=\"elementor-tab-content-2343\" aria-expanded=\"false\">L'OFFRE<\/div>\n\t\t\t\t\t<div id=\"elementor-tab-content-2343\" class=\"elementor-tab-content elementor-clearfix\" data-tab=\"3\" role=\"tabpanel\" aria-labelledby=\"elementor-tab-title-2343\" tabindex=\"0\" hidden=\"hidden\"><p>Nous proposons un large choix de <strong>contrats de renting<\/strong>, allant d&rsquo;une dur\u00e9e flexible de 12 mois \u00e0 un accord \u00e0 long terme de 84 mois.<\/p><p>Nous nous effor\u00e7ons de vous proposer les meilleurs tarifs, de sorte que vous pouvez commencer \u00e0 partir de <strong>500 euros hors TVA par mois<\/strong>. (12, 24, 36, &#8230;, 84 mois)<\/p><p>Nous comprenons l&rsquo;importance de <strong>l&rsquo;efficacit\u00e9 et de la commodit\u00e9<\/strong> dans la gestion des accords commerciaux. C&rsquo;est pourquoi nous avons veill\u00e9 \u00e0 ce que nos contrats de renting soient faciles \u00e0 g\u00e9rer, avec des<strong> signatures \u00e9lectroniques<\/strong> et une pr\u00e9sentation simplifi\u00e9e d&rsquo;une page. Vous gagnez ainsi un temps pr\u00e9cieux et minimisez les tracasseries administratives, ce qui vous permet de vous concentrer pleinement sur vos activit\u00e9s commerciales.<\/p><p>En outre, nous offrons <strong>un service rapide<\/strong>, puisque 91 % des demandes sont trait\u00e9es en moins de 90 minutes.<\/p><p><img decoding=\"async\" src=\"https:\/\/dkn-technology.com\/wp-content\/uploads\/2024\/05\/Ontwerp-zonder-titel-36.jpg\" alt=\"\" width=\"1600\" height=\"340\" \/><\/p><\/div>\n\t\t\t\t\t\t\t<\/div>\n\t\t<\/div>\n\t\t\t\t\t\t<\/div>\n\t\t\t\t<\/div>\n\t\t\t\t<div class=\"elementor-element elementor-element-ff4404e elementor-widget-divider--view-line elementor-widget elementor-widget-divider\" data-id=\"ff4404e\" data-element_type=\"widget\" data-e-type=\"widget\" data-widget_type=\"divider.default\">\n\t\t\t\t<div class=\"elementor-widget-container\">\n\t\t\t\t\t\t\t<div class=\"elementor-divider\">\n\t\t\t<span class=\"elementor-divider-separator\">\n\t\t\t\t\t\t<\/span>\n\t\t<\/div>\n\t\t\t\t\t\t<\/div>\n\t\t\t\t<\/div>\n\t\t\t\t<\/div>\n\t\t<div class=\"elementor-element elementor-element-d068d5c e-con-full e-flex e-con e-parent\" data-id=\"d068d5c\" data-element_type=\"container\" data-e-type=\"container\" data-settings=\"{&quot;jet_parallax_layout_list&quot;:[]}\">\n\t\t\t\t<div class=\"elementor-element elementor-element-28a1762 elementor-widget elementor-widget-text-editor\" data-id=\"28a1762\" data-element_type=\"widget\" data-e-type=\"widget\" data-widget_type=\"text-editor.default\">\n\t\t\t\t<div class=\"elementor-widget-container\">\n\t\t\t\t\t\t\t\t\t<p>D\u00c9COUVREZ COMMENT FONCTIONNE LA DKN RENTING :<\/p>\t\t\t\t\t\t\t\t<\/div>\n\t\t\t\t<\/div>\n\t\t\t\t<div class=\"elementor-element elementor-element-f86ae77 elementor-widget__width-inherit elementor-widget elementor-widget-jet-carousel\" data-id=\"f86ae77\" data-element_type=\"widget\" data-e-type=\"widget\" data-settings=\"{&quot;slides_to_show&quot;:&quot;2&quot;,&quot;slides_to_scroll&quot;:&quot;1&quot;}\" data-widget_type=\"jet-carousel.default\">\n\t\t\t\t<div class=\"elementor-widget-container\">\n\t\t\t\t\t<div class=\"elementor-jet-carousel jet-elements\"><div class=\"jet-carousel-wrap\">\n\t<div class=\"jet-carousel\" data-slider_options=\"{&quot;autoplaySpeed&quot;:8000,&quot;autoplay&quot;:true,&quot;infinite&quot;:true,&quot;centerMode&quot;:false,&quot;centerPadding&quot;:&quot;50px&quot;,&quot;pauseOnHover&quot;:false,&quot;speed&quot;:500,&quot;arrows&quot;:true,&quot;dots&quot;:false,&quot;variableWidth&quot;:false,&quot;prevArrow&quot;:&quot;.jet-carousel__prev-arrow-f86ae77&quot;,&quot;nextArrow&quot;:&quot;.jet-carousel__next-arrow-f86ae77&quot;,&quot;rtl&quot;:false,&quot;fractionNav&quot;:false}\" dir=\"ltr\">\n\t<div class=\"elementor-slick-slider\">\n\n<div class=\"jet-carousel__item\">\n\t<div class=\"jet-carousel__item-inner\"><a href=\"#\" class=\"jet-carousel__item-link\" ><img decoding=\"async\" src=\"https:\/\/dkn-technology.com\/wp-content\/uploads\/2024\/05\/DKN-Renting-screenshots-7.jpg\" class=\"jet-carousel__item-img\" alt=\"DKN Renting screenshots (7)\" loading=\"lazy\"><\/a><div class=\"jet-carousel__content\"><h5 class=\"jet-carousel__item-title\">\u00c9TAPE 1<\/h5><div class=\"jet-carousel__item-text\"><p>S\u00e9lectionnez tous les produits que vous souhaitez commander et passez \u00e0 la caisse.<\/p><\/div><\/div><\/div>\n<\/div>\n\n<div class=\"jet-carousel__item\">\n\t<div class=\"jet-carousel__item-inner\"><a href=\"#\" class=\"jet-carousel__item-link\" ><img decoding=\"async\" src=\"https:\/\/dkn-technology.com\/wp-content\/uploads\/2024\/05\/DKN-Renting-screenshots-10.jpg\" class=\"jet-carousel__item-img\" alt=\"DKN Renting screenshots (10)\" loading=\"lazy\"><\/a><div class=\"jet-carousel__content\"><h5 class=\"jet-carousel__item-title\">\u00c9TAPE 2<\/h5><div class=\"jet-carousel__item-text\"><p>S\u00e9lectionnez : 'Get your DKN Rent plan' et entrez votre num\u00e9ro d'entreprise.<\/p><\/div><\/div><\/div>\n<\/div>\n\n<div class=\"jet-carousel__item\">\n\t<div class=\"jet-carousel__item-inner\"><a href=\"#\" class=\"jet-carousel__item-link\" ><img decoding=\"async\" src=\"https:\/\/dkn-technology.com\/wp-content\/uploads\/2024\/05\/DKN-Renting-screenshots-5.jpg\" class=\"jet-carousel__item-img\" alt=\"DKN Renting screenshots (5)\" loading=\"lazy\"><\/a><div class=\"jet-carousel__content\"><h5 class=\"jet-carousel__item-title\">\u00c9TAPE 3<\/h5><div class=\"jet-carousel__item-text\"><p>Compl\u00e9tez toutes les donn\u00e9es demand\u00e9es.<\/p><\/div><\/div><\/div>\n<\/div>\n\n<div class=\"jet-carousel__item\">\n\t<div class=\"jet-carousel__item-inner\"><a href=\"#\" class=\"jet-carousel__item-link\" ><img decoding=\"async\" src=\"https:\/\/dkn-technology.com\/wp-content\/uploads\/2024\/05\/DKN-Renting-screenshots-14.jpg\" class=\"jet-carousel__item-img\" alt=\"DKN Renting screenshots (14)\" loading=\"lazy\"><\/a><div class=\"jet-carousel__content\"><h5 class=\"jet-carousel__item-title\">\u00c9TAPE 4<\/h5><div class=\"jet-carousel__item-text\"><p>La plateforme DKN calcule le co\u00fbt mensuel et envoie une demande d'approbation.<\/p><\/div><\/div><\/div>\n<\/div>\n\n<div class=\"jet-carousel__item\">\n\t<div class=\"jet-carousel__item-inner\"><a href=\"#\" class=\"jet-carousel__item-link\" ><img decoding=\"async\" src=\"https:\/\/dkn-technology.com\/wp-content\/uploads\/2024\/05\/DKN-Renting-screenshots-15.jpg\" class=\"jet-carousel__item-img\" alt=\"DKN Renting screenshots (15)\" loading=\"lazy\"><\/a><div class=\"jet-carousel__content\"><h5 class=\"jet-carousel__item-title\">\u00c9TAPE 5<\/h5><div class=\"jet-carousel__item-text\"><p>Vous recevrez des informations sur votre demande dans les 48 heures.<\/p><\/div><\/div><\/div>\n<\/div>\n<\/div><div class=\"jet-carousel__prev-arrow-f86ae77 jet-arrow prev-arrow\"><i aria-hidden=\"true\" class=\"fas fa-angle-left\"><\/i><\/div><div class=\"jet-carousel__next-arrow-f86ae77 jet-arrow next-arrow\"><i aria-hidden=\"true\" class=\"fas fa-angle-right\"><\/i><\/div><\/div>\n<\/div>\n<\/div>\t\t\t\t<\/div>\n\t\t\t\t<\/div>\n\t\t\t\t<div class=\"elementor-element elementor-element-f357aeb elementor-widget elementor-widget-spacer\" data-id=\"f357aeb\" data-element_type=\"widget\" data-e-type=\"widget\" data-widget_type=\"spacer.default\">\n\t\t\t\t<div class=\"elementor-widget-container\">\n\t\t\t\t\t\t\t<div class=\"elementor-spacer\">\n\t\t\t<div class=\"elementor-spacer-inner\"><\/div>\n\t\t<\/div>\n\t\t\t\t\t\t<\/div>\n\t\t\t\t<\/div>\n\t\t\t\t<\/div>\n\t\t\t\t<\/div>\n\t\t","protected":false},"excerpt":{"rendered":"<p>Le DKN renting, \u00e9galement connu sous le nom de location op\u00e9rationnelle, offre une solution de financement flexible qui ne n\u00e9cessite pas d&rsquo;investissements initiaux ou de paiements initiaux. Gr\u00e2ce \u00e0 cette approche, vous pouvez fournir \u00e0 vos clients les \u00e9quipements de fitness les plus r\u00e9cents sans avoir \u00e0 vous soucier de d\u00e9penses importantes.<\/p>\n","protected":false},"author":206,"featured_media":15624,"parent":0,"menu_order":0,"comment_status":"closed","ping_status":"closed","template":"","meta":{"_acf_changed":false,"inline_featured_image":false,"_monsterinsights_skip_tracking":false,"_monsterinsights_sitenote_active":false,"_monsterinsights_sitenote_note":"","_monsterinsights_sitenote_category":0,"footnotes":""},"class_list":["post-12490","page","type-page","status-publish","has-post-thumbnail","hentry"],"acf":[],"yoast_head":"<!-- This site is optimized with the Yoast SEO plugin v27.3 - https:\/\/yoast.com\/product\/yoast-seo-wordpress\/ -->\n<title>DKN-Renting - DKN-Technology<\/title>\n<meta name=\"robots\" content=\"index, follow, max-snippet:-1, max-image-preview:large, max-video-preview:-1\" \/>\n<link rel=\"canonical\" href=\"https:\/\/dkn-technology.com\/fr\/dkn-renting\/\" \/>\n<meta property=\"og:locale\" content=\"fr_FR\" \/>\n<meta property=\"og:type\" content=\"article\" \/>\n<meta property=\"og:title\" content=\"DKN-Renting - DKN-Technology\" \/>\n<meta property=\"og:description\" content=\"Le DKN renting, \u00e9galement connu sous le nom de location op\u00e9rationnelle, offre une solution de financement flexible qui ne n\u00e9cessite pas d&#039;investissements initiaux ou de paiements initiaux. Gr\u00e2ce \u00e0 cette approche, vous pouvez fournir \u00e0 vos clients les \u00e9quipements de fitness les plus r\u00e9cents sans avoir \u00e0 vous soucier de d\u00e9penses importantes.\" \/>\n<meta property=\"og:url\" content=\"https:\/\/dkn-technology.com\/fr\/dkn-renting\/\" \/>\n<meta property=\"og:site_name\" content=\"DKN-Technology\" \/>\n<meta property=\"article:publisher\" content=\"https:\/\/www.facebook.com\/dkntechnology\/\" \/>\n<meta property=\"article:modified_time\" content=\"2024-09-09T14:55:09+00:00\" \/>\n<meta property=\"og:image\" content=\"https:\/\/dkn-technology.com\/wp-content\/uploads\/2024\/05\/DKN-BANNER-10-scaled-1.webp\" \/>\n\t<meta property=\"og:image:width\" content=\"2560\" \/>\n\t<meta property=\"og:image:height\" content=\"640\" \/>\n\t<meta property=\"og:image:type\" content=\"image\/webp\" \/>\n<meta name=\"twitter:card\" content=\"summary_large_image\" \/>\n<meta name=\"twitter:label1\" content=\"Dur\u00e9e de lecture estim\u00e9e\" \/>\n\t<meta name=\"twitter:data1\" content=\"4 minutes\" \/>\n<script type=\"application\/ld+json\" class=\"yoast-schema-graph\">{\"@context\":\"https:\\\/\\\/schema.org\",\"@graph\":[{\"@type\":\"WebPage\",\"@id\":\"https:\\\/\\\/dkn-technology.com\\\/fr\\\/dkn-renting\\\/\",\"url\":\"https:\\\/\\\/dkn-technology.com\\\/fr\\\/dkn-renting\\\/\",\"name\":\"DKN-Renting - DKN-Technology\",\"isPartOf\":{\"@id\":\"https:\\\/\\\/dkn-technology.com\\\/#website\"},\"primaryImageOfPage\":{\"@id\":\"https:\\\/\\\/dkn-technology.com\\\/fr\\\/dkn-renting\\\/#primaryimage\"},\"image\":{\"@id\":\"https:\\\/\\\/dkn-technology.com\\\/fr\\\/dkn-renting\\\/#primaryimage\"},\"thumbnailUrl\":\"https:\\\/\\\/dkn-technology.com\\\/wp-content\\\/uploads\\\/2024\\\/05\\\/DKN-BANNER-10-scaled-1.webp\",\"datePublished\":\"2024-03-06T11:55:01+00:00\",\"dateModified\":\"2024-09-09T14:55:09+00:00\",\"breadcrumb\":{\"@id\":\"https:\\\/\\\/dkn-technology.com\\\/fr\\\/dkn-renting\\\/#breadcrumb\"},\"inLanguage\":\"fr-FR\",\"potentialAction\":[{\"@type\":\"ReadAction\",\"target\":[\"https:\\\/\\\/dkn-technology.com\\\/fr\\\/dkn-renting\\\/\"]}]},{\"@type\":\"ImageObject\",\"inLanguage\":\"fr-FR\",\"@id\":\"https:\\\/\\\/dkn-technology.com\\\/fr\\\/dkn-renting\\\/#primaryimage\",\"url\":\"https:\\\/\\\/dkn-technology.com\\\/wp-content\\\/uploads\\\/2024\\\/05\\\/DKN-BANNER-10-scaled-1.webp\",\"contentUrl\":\"https:\\\/\\\/dkn-technology.com\\\/wp-content\\\/uploads\\\/2024\\\/05\\\/DKN-BANNER-10-scaled-1.webp\",\"width\":2560,\"height\":640},{\"@type\":\"BreadcrumbList\",\"@id\":\"https:\\\/\\\/dkn-technology.com\\\/fr\\\/dkn-renting\\\/#breadcrumb\",\"itemListElement\":[{\"@type\":\"ListItem\",\"position\":1,\"name\":\"Home\",\"item\":\"https:\\\/\\\/dkn-technology.com\\\/nl\\\/\"},{\"@type\":\"ListItem\",\"position\":2,\"name\":\"DKN-Renting\"}]},{\"@type\":\"WebSite\",\"@id\":\"https:\\\/\\\/dkn-technology.com\\\/#website\",\"url\":\"https:\\\/\\\/dkn-technology.com\\\/\",\"name\":\"DKN-Technology\",\"description\":\"Smart Fitness Solutions\",\"publisher\":{\"@id\":\"https:\\\/\\\/dkn-technology.com\\\/#organization\"},\"potentialAction\":[{\"@type\":\"SearchAction\",\"target\":{\"@type\":\"EntryPoint\",\"urlTemplate\":\"https:\\\/\\\/dkn-technology.com\\\/?s={search_term_string}\"},\"query-input\":{\"@type\":\"PropertyValueSpecification\",\"valueRequired\":true,\"valueName\":\"search_term_string\"}}],\"inLanguage\":\"fr-FR\"},{\"@type\":\"Organization\",\"@id\":\"https:\\\/\\\/dkn-technology.com\\\/#organization\",\"name\":\"DKN-Technology\",\"url\":\"https:\\\/\\\/dkn-technology.com\\\/\",\"logo\":{\"@type\":\"ImageObject\",\"inLanguage\":\"fr-FR\",\"@id\":\"https:\\\/\\\/dkn-technology.com\\\/#\\\/schema\\\/logo\\\/image\\\/\",\"url\":\"https:\\\/\\\/dkn-technology.com\\\/wp-content\\\/uploads\\\/2023\\\/01\\\/DKN-logo@4x.webp\",\"contentUrl\":\"https:\\\/\\\/dkn-technology.com\\\/wp-content\\\/uploads\\\/2023\\\/01\\\/DKN-logo@4x.webp\",\"width\":1933,\"height\":1029,\"caption\":\"DKN-Technology\"},\"image\":{\"@id\":\"https:\\\/\\\/dkn-technology.com\\\/#\\\/schema\\\/logo\\\/image\\\/\"},\"sameAs\":[\"https:\\\/\\\/www.facebook.com\\\/dkntechnology\\\/\",\"https:\\\/\\\/instagram.com\\\/dkntechnology\",\"https:\\\/\\\/www.youtube.com\\\/@DKN-Technology\",\"https:\\\/\\\/www.linkedin.com\\\/company\\\/dkn-technology-smart-fitness-solutions\"]}]}<\/script>\n<!-- \/ Yoast SEO plugin. -->","yoast_head_json":{"title":"DKN-Renting - DKN-Technology","robots":{"index":"index","follow":"follow","max-snippet":"max-snippet:-1","max-image-preview":"max-image-preview:large","max-video-preview":"max-video-preview:-1"},"canonical":"https:\/\/dkn-technology.com\/fr\/dkn-renting\/","og_locale":"fr_FR","og_type":"article","og_title":"DKN-Renting - DKN-Technology","og_description":"Le DKN renting, \u00e9galement connu sous le nom de location op\u00e9rationnelle, offre une solution de financement flexible qui ne n\u00e9cessite pas d'investissements initiaux ou de paiements initiaux. Gr\u00e2ce \u00e0 cette approche, vous pouvez fournir \u00e0 vos clients les \u00e9quipements de fitness les plus r\u00e9cents sans avoir \u00e0 vous soucier de d\u00e9penses importantes.","og_url":"https:\/\/dkn-technology.com\/fr\/dkn-renting\/","og_site_name":"DKN-Technology","article_publisher":"https:\/\/www.facebook.com\/dkntechnology\/","article_modified_time":"2024-09-09T14:55:09+00:00","og_image":[{"width":2560,"height":640,"url":"https:\/\/dkn-technology.com\/wp-content\/uploads\/2024\/05\/DKN-BANNER-10-scaled-1.webp","type":"image\/webp"}],"twitter_card":"summary_large_image","twitter_misc":{"Dur\u00e9e de lecture estim\u00e9e":"4 minutes"},"schema":{"@context":"https:\/\/schema.org","@graph":[{"@type":"WebPage","@id":"https:\/\/dkn-technology.com\/fr\/dkn-renting\/","url":"https:\/\/dkn-technology.com\/fr\/dkn-renting\/","name":"DKN-Renting - DKN-Technology","isPartOf":{"@id":"https:\/\/dkn-technology.com\/#website"},"primaryImageOfPage":{"@id":"https:\/\/dkn-technology.com\/fr\/dkn-renting\/#primaryimage"},"image":{"@id":"https:\/\/dkn-technology.com\/fr\/dkn-renting\/#primaryimage"},"thumbnailUrl":"https:\/\/dkn-technology.com\/wp-content\/uploads\/2024\/05\/DKN-BANNER-10-scaled-1.webp","datePublished":"2024-03-06T11:55:01+00:00","dateModified":"2024-09-09T14:55:09+00:00","breadcrumb":{"@id":"https:\/\/dkn-technology.com\/fr\/dkn-renting\/#breadcrumb"},"inLanguage":"fr-FR","potentialAction":[{"@type":"ReadAction","target":["https:\/\/dkn-technology.com\/fr\/dkn-renting\/"]}]},{"@type":"ImageObject","inLanguage":"fr-FR","@id":"https:\/\/dkn-technology.com\/fr\/dkn-renting\/#primaryimage","url":"https:\/\/dkn-technology.com\/wp-content\/uploads\/2024\/05\/DKN-BANNER-10-scaled-1.webp","contentUrl":"https:\/\/dkn-technology.com\/wp-content\/uploads\/2024\/05\/DKN-BANNER-10-scaled-1.webp","width":2560,"height":640},{"@type":"BreadcrumbList","@id":"https:\/\/dkn-technology.com\/fr\/dkn-renting\/#breadcrumb","itemListElement":[{"@type":"ListItem","position":1,"name":"Home","item":"https:\/\/dkn-technology.com\/nl\/"},{"@type":"ListItem","position":2,"name":"DKN-Renting"}]},{"@type":"WebSite","@id":"https:\/\/dkn-technology.com\/#website","url":"https:\/\/dkn-technology.com\/","name":"DKN-Technology","description":"Smart Fitness Solutions","publisher":{"@id":"https:\/\/dkn-technology.com\/#organization"},"potentialAction":[{"@type":"SearchAction","target":{"@type":"EntryPoint","urlTemplate":"https:\/\/dkn-technology.com\/?s={search_term_string}"},"query-input":{"@type":"PropertyValueSpecification","valueRequired":true,"valueName":"search_term_string"}}],"inLanguage":"fr-FR"},{"@type":"Organization","@id":"https:\/\/dkn-technology.com\/#organization","name":"DKN-Technology","url":"https:\/\/dkn-technology.com\/","logo":{"@type":"ImageObject","inLanguage":"fr-FR","@id":"https:\/\/dkn-technology.com\/#\/schema\/logo\/image\/","url":"https:\/\/dkn-technology.com\/wp-content\/uploads\/2023\/01\/DKN-logo@4x.webp","contentUrl":"https:\/\/dkn-technology.com\/wp-content\/uploads\/2023\/01\/DKN-logo@4x.webp","width":1933,"height":1029,"caption":"DKN-Technology"},"image":{"@id":"https:\/\/dkn-technology.com\/#\/schema\/logo\/image\/"},"sameAs":["https:\/\/www.facebook.com\/dkntechnology\/","https:\/\/instagram.com\/dkntechnology","https:\/\/www.youtube.com\/@DKN-Technology","https:\/\/www.linkedin.com\/company\/dkn-technology-smart-fitness-solutions"]}]}},"_links":{"self":[{"href":"https:\/\/dkn-technology.com\/fr\/wp-json\/wp\/v2\/pages\/12490","targetHints":{"allow":["GET"]}}],"collection":[{"href":"https:\/\/dkn-technology.com\/fr\/wp-json\/wp\/v2\/pages"}],"about":[{"href":"https:\/\/dkn-technology.com\/fr\/wp-json\/wp\/v2\/types\/page"}],"author":[{"embeddable":true,"href":"https:\/\/dkn-technology.com\/fr\/wp-json\/wp\/v2\/users\/206"}],"replies":[{"embeddable":true,"href":"https:\/\/dkn-technology.com\/fr\/wp-json\/wp\/v2\/comments?post=12490"}],"version-history":[{"count":34,"href":"https:\/\/dkn-technology.com\/fr\/wp-json\/wp\/v2\/pages\/12490\/revisions"}],"predecessor-version":[{"id":17863,"href":"https:\/\/dkn-technology.com\/fr\/wp-json\/wp\/v2\/pages\/12490\/revisions\/17863"}],"wp:featuredmedia":[{"embeddable":true,"href":"https:\/\/dkn-technology.com\/fr\/wp-json\/wp\/v2\/media\/15624"}],"wp:attachment":[{"href":"https:\/\/dkn-technology.com\/fr\/wp-json\/wp\/v2\/media?parent=12490"}],"curies":[{"name":"wp","href":"https:\/\/api.w.org\/{rel}","templated":true}]}}