{"id":10694,"date":"2023-09-07T14:43:50","date_gmt":"2023-09-07T12:43:50","guid":{"rendered":"https:\/\/dkn-technology.com\/?post_type=product&#038;p=10694"},"modified":"2024-10-28T12:24:00","modified_gmt":"2024-10-28T10:24:00","slug":"speedbike-pro-x","status":"publish","type":"product","link":"https:\/\/dkn-technology.com\/fr\/produit\/speedbike-pro-x\/","title":{"rendered":"SPEEDBIKE PRO X"},"content":{"rendered":"<div class=\"page\" title=\"Page 1\">\n<div class=\"section\">\n<div class=\"layoutArea\">\n<div class=\"column\">\n<p>Le Speedbike Pro X est con\u00e7u pour les cyclistes d\u00e9vou\u00e9s et les utilisateurs professionnels qui recherchent une technologie avanc\u00e9e, des performances exceptionnelles et une durabilit\u00e9 dans une machine de fitness puissante. Ce speedbike haut de gamme am\u00e9liore votre exp\u00e9rience d\u2019entra\u00eenement avec un suivi en temps r\u00e9el, des options de programme intuitives et une interface utilisateur de pointe.<\/p>\n<p>\u00c9quip\u00e9 d&rsquo;un grand \u00e9cran tactile TFT de 21,5&Prime;, le Speedbike Pro X vous donne un acc\u00e8s instantan\u00e9 \u00e0 toutes vos donn\u00e9es et programmes d&rsquo;entra\u00eenement. L&rsquo;interface est rapide et conviviale, permettant de basculer facilement entre les fonctions et les indicateurs de performance. Avec 32 niveaux de r\u00e9sistance magn\u00e9tique automatique contr\u00f4l\u00e9s via le syst\u00e8me iConsole+, vous pouvez ajuster l\u2019intensit\u00e9 de votre s\u00e9ance en appuyant simplement sur un bouton. Gr\u00e2ce \u00e0 son volant d&rsquo;inertie en aluminium de 3,5 kg et \u00e0 son syst\u00e8me d\u2019entra\u00eenement par courroie silencieuse, chaque s\u00e9ance est fluide, constante et surtout silencieuse, m\u00eame \u00e0 des niveaux \u00e9lev\u00e9s. Cela rend le Pro X id\u00e9al aussi bien pour une utilisation \u00e0 domicile que dans des environnements professionnels, comme les salles de sport et les studios de coaching.<\/p>\n<p>Le r\u00e9cepteur de fr\u00e9quence cardiaque sans fil Bluetooth permet un suivi facile de la fr\u00e9quence cardiaque pour vous aider \u00e0 optimiser l\u2019intensit\u00e9 de votre entra\u00eenement. Le Pro X est ainsi parfait pour des entra\u00eenements fractionn\u00e9s ou des exercices cardiovasculaires ax\u00e9s sur les zones de fr\u00e9quence cardiaque. Les autres m\u00e9triques int\u00e9gr\u00e9es incluent le temps, la vitesse, les RPM, la distance, la fr\u00e9quence cardiaque, la zone de fr\u00e9quence cardiaque, le BAI, les calories, les watts et un compteur de 400 m, vous offrant une vue compl\u00e8te de vos progr\u00e8s et de vos performances \u00e0 chaque seconde et chaque kilom\u00e8tre.<\/p>\n<p>Options de programme \u00e9tendues : le Speedbike Pro X est dot\u00e9 de fonctions telles que Quick Start, l\u2019entra\u00eenement fractionn\u00e9, la planification d\u2019itin\u00e9raires, le mode puissance constante et des programmes contr\u00f4l\u00e9s par fr\u00e9quence cardiaque, ainsi que 12 entra\u00eenements pr\u00e9d\u00e9finis uniques pour une vari\u00e9t\u00e9 et un d\u00e9fi adapt\u00e9s \u00e0 tous les niveaux de fitness. Ces options permettent aux d\u00e9butants comme aux cyclistes exp\u00e9riment\u00e9s d\u2019atteindre leurs objectifs efficacement. Pour ceux qui appr\u00e9cient un peu de divertissement pendant l&rsquo;entra\u00eenement, le v\u00e9lo propose des int\u00e9grations WiFi compl\u00e8tes d\u2019applications, incluant iConsole+, Kinomap, Zwift, YouTube, Spotify, Facebook, Twitter et plus encore. Ces fonctionnalit\u00e9s garantissent une s\u00e9ance motivante et dynamique, que vous choisissiez un itin\u00e9raire virtuel, \u00e9coutiez votre musique pr\u00e9f\u00e9r\u00e9e ou restiez connect\u00e9 aux r\u00e9seaux sociaux.<\/p>\n<p>La construction robuste et la finition du Speedbike Pro X le rendent adapt\u00e9 \u00e0 un usage intensif. La manivelle renforc\u00e9e \u00e0 3 pi\u00e8ces (17 cm) offre une stabilit\u00e9 suppl\u00e9mentaire, m\u00eame lors d\u2019efforts intenses, et la poign\u00e9e multi-position avec support de tablette int\u00e9gr\u00e9 favorise une posture ergonomique pour les sessions prolong\u00e9es. Le cadre et les composants sont construits avec des mat\u00e9riaux durables et con\u00e7us pour supporter une charge maximale. Les positions r\u00e9glables horizontalement et verticalement du guidon et de la selle vous permettent d\u2019adapter le v\u00e9lo \u00e0 votre morphologie pour une position de conduite id\u00e9ale et un confort optimal, quelle que soit votre taille.<\/p>\n<p>Pour plus de commodit\u00e9, le Pro X comprend un porte-bouteille et des roues de transport, facilitant son d\u00e9placement et garantissant une hydratation pendant toute votre s\u00e9ance. Avec une capacit\u00e9 de poids maximale de 150 kg, le Speedbike Pro X offre fiabilit\u00e9 et soutien, m\u00eame lors des entra\u00eenements intensifs.<\/p>\n<p>Pourquoi choisir le Speedbike Pro X? Le Speedbike Pro X est con\u00e7u pour ceux qui attendent seulement le meilleur d&rsquo;un v\u00e9lo de vitesse d\u2019int\u00e9rieur. Sa combinaison de technologie, de confort et de durabilit\u00e9 fait de ce v\u00e9lo un ajout pr\u00e9cieux \u00e0 toute routine d\u2019entra\u00eenement. Que vous travailliez pour un objectif de fitness personnel ou que vous vous pr\u00e9pariez pour des comp\u00e9titions de cyclisme, le Pro X vous fournit les outils dont vous avez besoin. Pour les athl\u00e8tes recherchant une exp\u00e9rience cardio compl\u00e8te avec un suivi de donn\u00e9es avanc\u00e9 et un confort ultime, le Speedbike Pro X avec iConsole+ est le choix ultime.<\/p>\n<p>D\u00e9couvrez le Speedbike Pro X par vous-m\u00eame et d\u00e9couvrez comment cet appareil d\u2019entra\u00eenement peut propulser vos performances au niveau sup\u00e9rieur!<\/p>\n<\/div>\n<\/div>\n<\/div>\n<\/div>\n","protected":false},"excerpt":{"rendered":"<div class=\"page\" title=\"Page 5\">\n<div class=\"section\">\n<div class=\"layoutArea\">\n<div class=\"column\">\n<p>Connectivit\u00e9 internet transparente &#8211; Int\u00e9gration Zwift &#8211; Int\u00e9gration Kinomap &#8211; Suivi complet de la condition physique &#8211; Exploration des cartes Google<\/p>\n<\/div>\n<\/div>\n<\/div>\n<\/div>\n","protected":false},"featured_media":31412,"template":"","meta":{"_acf_changed":false,"inline_featured_image":false,"_monsterinsights_skip_tracking":false,"_monsterinsights_sitenote_active":false,"_monsterinsights_sitenote_note":"","_monsterinsights_sitenote_category":0},"product_brand":[],"product_cat":[101],"product_tag":[],"class_list":{"0":"post-10694","1":"product","2":"type-product","3":"status-publish","4":"has-post-thumbnail","6":"product_cat-indoor_bikes-fr","7":"product_shipping_class-jusqua-300-kg","9":"first","10":"instock","11":"taxable","12":"shipping-taxable","13":"purchasable","14":"product-type-variable","15":"has-default-attributes"},"acf":[],"yoast_head":"<!-- This site is optimized with the Yoast SEO plugin v27.3 - https:\/\/yoast.com\/product\/yoast-seo-wordpress\/ -->\n<title>SPEEDBIKE PRO X - DKN-Technology<\/title>\n<meta name=\"robots\" content=\"index, follow, max-snippet:-1, max-image-preview:large, max-video-preview:-1\" \/>\n<link rel=\"canonical\" href=\"https:\/\/dkn-technology.com\/fr\/produit\/speedbike-pro-x\/\" \/>\n<meta property=\"og:locale\" content=\"fr_FR\" \/>\n<meta property=\"og:type\" content=\"article\" \/>\n<meta property=\"og:title\" content=\"SPEEDBIKE PRO X - DKN-Technology\" \/>\n<meta property=\"og:description\" content=\"Connectivit\u00e9 internet transparente - Int\u00e9gration Zwift - Int\u00e9gration Kinomap - Suivi complet de la condition physique - Exploration des cartes Google\" \/>\n<meta property=\"og:url\" content=\"https:\/\/dkn-technology.com\/fr\/produit\/speedbike-pro-x\/\" \/>\n<meta property=\"og:site_name\" content=\"DKN-Technology\" \/>\n<meta property=\"article:publisher\" content=\"https:\/\/www.facebook.com\/dkntechnology\/\" \/>\n<meta property=\"article:modified_time\" content=\"2024-10-28T10:24:00+00:00\" \/>\n<meta property=\"og:image\" content=\"https:\/\/dkn-technology.com\/wp-content\/uploads\/2023\/09\/DKN-POST-scaled-e1723188560646.jpg\" \/>\n\t<meta property=\"og:image:width\" content=\"2560\" \/>\n\t<meta property=\"og:image:height\" content=\"2560\" \/>\n\t<meta property=\"og:image:type\" content=\"image\/jpeg\" \/>\n<meta name=\"twitter:card\" content=\"summary_large_image\" \/>\n<meta name=\"twitter:label1\" content=\"Dur\u00e9e de lecture estim\u00e9e\" \/>\n\t<meta name=\"twitter:data1\" content=\"4 minutes\" \/>\n<script type=\"application\/ld+json\" class=\"yoast-schema-graph\">{\"@context\":\"https:\\\/\\\/schema.org\",\"@graph\":[{\"@type\":\"WebPage\",\"@id\":\"https:\\\/\\\/dkn-technology.com\\\/fr\\\/produit\\\/speedbike-pro-x\\\/\",\"url\":\"https:\\\/\\\/dkn-technology.com\\\/fr\\\/produit\\\/speedbike-pro-x\\\/\",\"name\":\"SPEEDBIKE PRO X - DKN-Technology\",\"isPartOf\":{\"@id\":\"https:\\\/\\\/dkn-technology.com\\\/#website\"},\"primaryImageOfPage\":{\"@id\":\"https:\\\/\\\/dkn-technology.com\\\/fr\\\/produit\\\/speedbike-pro-x\\\/#primaryimage\"},\"image\":{\"@id\":\"https:\\\/\\\/dkn-technology.com\\\/fr\\\/produit\\\/speedbike-pro-x\\\/#primaryimage\"},\"thumbnailUrl\":\"https:\\\/\\\/dkn-technology.com\\\/wp-content\\\/uploads\\\/2023\\\/09\\\/DKN-WEBSITE-PICTURES-FORMAT-4.png\",\"datePublished\":\"2023-09-07T12:43:50+00:00\",\"dateModified\":\"2024-10-28T10:24:00+00:00\",\"breadcrumb\":{\"@id\":\"https:\\\/\\\/dkn-technology.com\\\/fr\\\/produit\\\/speedbike-pro-x\\\/#breadcrumb\"},\"inLanguage\":\"fr-FR\",\"potentialAction\":[{\"@type\":\"ReadAction\",\"target\":[\"https:\\\/\\\/dkn-technology.com\\\/fr\\\/produit\\\/speedbike-pro-x\\\/\"]}]},{\"@type\":\"ImageObject\",\"inLanguage\":\"fr-FR\",\"@id\":\"https:\\\/\\\/dkn-technology.com\\\/fr\\\/produit\\\/speedbike-pro-x\\\/#primaryimage\",\"url\":\"https:\\\/\\\/dkn-technology.com\\\/wp-content\\\/uploads\\\/2023\\\/09\\\/DKN-WEBSITE-PICTURES-FORMAT-4.png\",\"contentUrl\":\"https:\\\/\\\/dkn-technology.com\\\/wp-content\\\/uploads\\\/2023\\\/09\\\/DKN-WEBSITE-PICTURES-FORMAT-4.png\",\"width\":1080,\"height\":1080},{\"@type\":\"BreadcrumbList\",\"@id\":\"https:\\\/\\\/dkn-technology.com\\\/fr\\\/produit\\\/speedbike-pro-x\\\/#breadcrumb\",\"itemListElement\":[{\"@type\":\"ListItem\",\"position\":1,\"name\":\"Home\",\"item\":\"https:\\\/\\\/dkn-technology.com\\\/nl\\\/\"},{\"@type\":\"ListItem\",\"position\":2,\"name\":\"Shop\",\"item\":\"https:\\\/\\\/dkn-technology.com\\\/fr\\\/shop\\\/\"},{\"@type\":\"ListItem\",\"position\":3,\"name\":\"SPEEDBIKE PRO X\"}]},{\"@type\":\"WebSite\",\"@id\":\"https:\\\/\\\/dkn-technology.com\\\/#website\",\"url\":\"https:\\\/\\\/dkn-technology.com\\\/\",\"name\":\"DKN-Technology\",\"description\":\"Smart Fitness Solutions\",\"publisher\":{\"@id\":\"https:\\\/\\\/dkn-technology.com\\\/#organization\"},\"potentialAction\":[{\"@type\":\"SearchAction\",\"target\":{\"@type\":\"EntryPoint\",\"urlTemplate\":\"https:\\\/\\\/dkn-technology.com\\\/?s={search_term_string}\"},\"query-input\":{\"@type\":\"PropertyValueSpecification\",\"valueRequired\":true,\"valueName\":\"search_term_string\"}}],\"inLanguage\":\"fr-FR\"},{\"@type\":\"Organization\",\"@id\":\"https:\\\/\\\/dkn-technology.com\\\/#organization\",\"name\":\"DKN-Technology\",\"url\":\"https:\\\/\\\/dkn-technology.com\\\/\",\"logo\":{\"@type\":\"ImageObject\",\"inLanguage\":\"fr-FR\",\"@id\":\"https:\\\/\\\/dkn-technology.com\\\/#\\\/schema\\\/logo\\\/image\\\/\",\"url\":\"https:\\\/\\\/dkn-technology.com\\\/wp-content\\\/uploads\\\/2023\\\/01\\\/DKN-logo@4x.webp\",\"contentUrl\":\"https:\\\/\\\/dkn-technology.com\\\/wp-content\\\/uploads\\\/2023\\\/01\\\/DKN-logo@4x.webp\",\"width\":1933,\"height\":1029,\"caption\":\"DKN-Technology\"},\"image\":{\"@id\":\"https:\\\/\\\/dkn-technology.com\\\/#\\\/schema\\\/logo\\\/image\\\/\"},\"sameAs\":[\"https:\\\/\\\/www.facebook.com\\\/dkntechnology\\\/\",\"https:\\\/\\\/instagram.com\\\/dkntechnology\",\"https:\\\/\\\/www.youtube.com\\\/@DKN-Technology\",\"https:\\\/\\\/www.linkedin.com\\\/company\\\/dkn-technology-smart-fitness-solutions\"]}]}<\/script>\n<!-- \/ Yoast SEO plugin. -->","yoast_head_json":{"title":"SPEEDBIKE PRO X - DKN-Technology","robots":{"index":"index","follow":"follow","max-snippet":"max-snippet:-1","max-image-preview":"max-image-preview:large","max-video-preview":"max-video-preview:-1"},"canonical":"https:\/\/dkn-technology.com\/fr\/produit\/speedbike-pro-x\/","og_locale":"fr_FR","og_type":"article","og_title":"SPEEDBIKE PRO X - DKN-Technology","og_description":"Connectivit\u00e9 internet transparente - Int\u00e9gration Zwift - Int\u00e9gration Kinomap - Suivi complet de la condition physique - Exploration des cartes Google","og_url":"https:\/\/dkn-technology.com\/fr\/produit\/speedbike-pro-x\/","og_site_name":"DKN-Technology","article_publisher":"https:\/\/www.facebook.com\/dkntechnology\/","article_modified_time":"2024-10-28T10:24:00+00:00","og_image":[{"width":2560,"height":2560,"url":"https:\/\/dkn-technology.com\/wp-content\/uploads\/2023\/09\/DKN-POST-scaled-e1723188560646.jpg","type":"image\/jpeg"}],"twitter_card":"summary_large_image","twitter_misc":{"Dur\u00e9e de lecture estim\u00e9e":"4 minutes"},"schema":{"@context":"https:\/\/schema.org","@graph":[{"@type":"WebPage","@id":"https:\/\/dkn-technology.com\/fr\/produit\/speedbike-pro-x\/","url":"https:\/\/dkn-technology.com\/fr\/produit\/speedbike-pro-x\/","name":"SPEEDBIKE PRO X - DKN-Technology","isPartOf":{"@id":"https:\/\/dkn-technology.com\/#website"},"primaryImageOfPage":{"@id":"https:\/\/dkn-technology.com\/fr\/produit\/speedbike-pro-x\/#primaryimage"},"image":{"@id":"https:\/\/dkn-technology.com\/fr\/produit\/speedbike-pro-x\/#primaryimage"},"thumbnailUrl":"https:\/\/dkn-technology.com\/wp-content\/uploads\/2023\/09\/DKN-WEBSITE-PICTURES-FORMAT-4.png","datePublished":"2023-09-07T12:43:50+00:00","dateModified":"2024-10-28T10:24:00+00:00","breadcrumb":{"@id":"https:\/\/dkn-technology.com\/fr\/produit\/speedbike-pro-x\/#breadcrumb"},"inLanguage":"fr-FR","potentialAction":[{"@type":"ReadAction","target":["https:\/\/dkn-technology.com\/fr\/produit\/speedbike-pro-x\/"]}]},{"@type":"ImageObject","inLanguage":"fr-FR","@id":"https:\/\/dkn-technology.com\/fr\/produit\/speedbike-pro-x\/#primaryimage","url":"https:\/\/dkn-technology.com\/wp-content\/uploads\/2023\/09\/DKN-WEBSITE-PICTURES-FORMAT-4.png","contentUrl":"https:\/\/dkn-technology.com\/wp-content\/uploads\/2023\/09\/DKN-WEBSITE-PICTURES-FORMAT-4.png","width":1080,"height":1080},{"@type":"BreadcrumbList","@id":"https:\/\/dkn-technology.com\/fr\/produit\/speedbike-pro-x\/#breadcrumb","itemListElement":[{"@type":"ListItem","position":1,"name":"Home","item":"https:\/\/dkn-technology.com\/nl\/"},{"@type":"ListItem","position":2,"name":"Shop","item":"https:\/\/dkn-technology.com\/fr\/shop\/"},{"@type":"ListItem","position":3,"name":"SPEEDBIKE PRO X"}]},{"@type":"WebSite","@id":"https:\/\/dkn-technology.com\/#website","url":"https:\/\/dkn-technology.com\/","name":"DKN-Technology","description":"Smart Fitness Solutions","publisher":{"@id":"https:\/\/dkn-technology.com\/#organization"},"potentialAction":[{"@type":"SearchAction","target":{"@type":"EntryPoint","urlTemplate":"https:\/\/dkn-technology.com\/?s={search_term_string}"},"query-input":{"@type":"PropertyValueSpecification","valueRequired":true,"valueName":"search_term_string"}}],"inLanguage":"fr-FR"},{"@type":"Organization","@id":"https:\/\/dkn-technology.com\/#organization","name":"DKN-Technology","url":"https:\/\/dkn-technology.com\/","logo":{"@type":"ImageObject","inLanguage":"fr-FR","@id":"https:\/\/dkn-technology.com\/#\/schema\/logo\/image\/","url":"https:\/\/dkn-technology.com\/wp-content\/uploads\/2023\/01\/DKN-logo@4x.webp","contentUrl":"https:\/\/dkn-technology.com\/wp-content\/uploads\/2023\/01\/DKN-logo@4x.webp","width":1933,"height":1029,"caption":"DKN-Technology"},"image":{"@id":"https:\/\/dkn-technology.com\/#\/schema\/logo\/image\/"},"sameAs":["https:\/\/www.facebook.com\/dkntechnology\/","https:\/\/instagram.com\/dkntechnology","https:\/\/www.youtube.com\/@DKN-Technology","https:\/\/www.linkedin.com\/company\/dkn-technology-smart-fitness-solutions"]}]}},"_links":{"self":[{"href":"https:\/\/dkn-technology.com\/fr\/wp-json\/wp\/v2\/product\/10694","targetHints":{"allow":["GET"]}}],"collection":[{"href":"https:\/\/dkn-technology.com\/fr\/wp-json\/wp\/v2\/product"}],"about":[{"href":"https:\/\/dkn-technology.com\/fr\/wp-json\/wp\/v2\/types\/product"}],"version-history":[{"count":13,"href":"https:\/\/dkn-technology.com\/fr\/wp-json\/wp\/v2\/product\/10694\/revisions"}],"predecessor-version":[{"id":21417,"href":"https:\/\/dkn-technology.com\/fr\/wp-json\/wp\/v2\/product\/10694\/revisions\/21417"}],"wp:featuredmedia":[{"embeddable":true,"href":"https:\/\/dkn-technology.com\/fr\/wp-json\/wp\/v2\/media\/31412"}],"wp:attachment":[{"href":"https:\/\/dkn-technology.com\/fr\/wp-json\/wp\/v2\/media?parent=10694"}],"wp:term":[{"taxonomy":"product_brand","embeddable":true,"href":"https:\/\/dkn-technology.com\/fr\/wp-json\/wp\/v2\/product_brand?post=10694"},{"taxonomy":"product_cat","embeddable":true,"href":"https:\/\/dkn-technology.com\/fr\/wp-json\/wp\/v2\/product_cat?post=10694"},{"taxonomy":"product_tag","embeddable":true,"href":"https:\/\/dkn-technology.com\/fr\/wp-json\/wp\/v2\/product_tag?post=10694"}],"curies":[{"name":"wp","href":"https:\/\/api.w.org\/{rel}","templated":true}]}}