{"id":10722,"date":"2023-09-07T14:43:49","date_gmt":"2023-09-07T12:43:49","guid":{"rendered":"https:\/\/dkn-technology.com\/?post_type=product&#038;p=10722"},"modified":"2025-09-22T14:10:32","modified_gmt":"2025-09-22T12:10:32","slug":"pro-run-x","status":"publish","type":"product","link":"https:\/\/dkn-technology.com\/fr\/produit\/pro-run-x\/","title":{"rendered":"PRO RUN X"},"content":{"rendered":"<div class=\"page\" title=\"Page 1\">\n<div class=\"section\">\n<div class=\"layoutArea\">\n<div class=\"column\"><strong>Pr\u00e9sentation du tapis de course Pro X : Votre compagnon id\u00e9al pour le fitness<\/strong><\/div>\n<div><\/div>\n<div class=\"column\">\n<p>Am\u00e9liorez votre forme physique avec le tapis de course r\u00e9volutionnaire Pro X, un tapis de course \u00e0 la pointe de la technologie con\u00e7u pour red\u00e9finir votre exp\u00e9rience d&rsquo;entra\u00eenement. Dot\u00e9 de fonctions innovantes et d&rsquo;un engagement en faveur de l&rsquo;efficacit\u00e9 \u00e9nerg\u00e9tique et de la durabilit\u00e9 environnementale, ce tapis de course est en passe de devenir votre nouveau partenaire de fitness favori.<\/p>\n<ul>\n<li>\u00c9cran LCD TFT pour une efficacit\u00e9 \u00e9nerg\u00e9tique et une navigation conviviale<\/li>\n<li>Le tapis de course Pro X est \u00e9quip\u00e9 d&rsquo;un \u00e9cran TFT LCD ultramoderne qui offre non seulement des images d&rsquo;une grande clart\u00e9, mais qui utilise \u00e9galement une technologie d&rsquo;\u00e9conomie d&rsquo;\u00e9nergie. B\u00e9n\u00e9ficiez d&rsquo;un affichage dynamique de vos statistiques d&rsquo;entra\u00eenement, des d\u00e9tails de votre programme et de votre contenu multim\u00e9dia, tout en respectant l&rsquo;environnement.<\/li>\n<li>Boutons de vitesse rapide sans effort<\/li>\n<li>Il n&rsquo;a jamais \u00e9t\u00e9 aussi facile d&rsquo;am\u00e9liorer votre entra\u00eenement. Gr\u00e2ce aux boutons de vitesse rapide d\u00e9di\u00e9s, vous pouvez basculer instantan\u00e9ment entre les vitesses de 3 km\/h, 6 km\/h, 9 km\/h et 12 km\/h, ce qui vous permet d&rsquo;adapter votre routine rapidement et en toute transparence.<\/li>\n<li>Des programmes d&rsquo;entra\u00eenement polyvalents pour tous les objectifs<\/li>\n<\/ul>\n<p>Choisissez parmi une gamme vari\u00e9e de 7 programmes d&rsquo;entra\u00eenement adapt\u00e9s \u00e0 vos aspirations de remise en forme :<\/p>\n<ol>\n<li>Programme d&rsquo;objectifs : D\u00e9finissez et atteignez vos objectifs de remise en forme gr\u00e2ce \u00e0 des objectifs d&rsquo;entra\u00eenement personnalisables.<\/li>\n<li>D\u00e9marrage rapide : Bougez imm\u00e9diatement gr\u00e2ce \u00e0 un mode d&rsquo;entra\u00eenement par d\u00e9faut simple et efficace.<\/li>\n<li>Mode programme : Faites l&rsquo;exp\u00e9rience d&rsquo;une vari\u00e9t\u00e9 de programmes d&rsquo;entra\u00eenement pr\u00e9-con\u00e7us pour garder vos s\u00e9ances dynamiques.<\/li>\n<li>Test de condition physique : \u00c9valuez votre niveau de forme et suivez vos progr\u00e8s gr\u00e2ce \u00e0 la mesure int\u00e9gr\u00e9e de la VO2max.<\/li>\n<li>Personnalisation centr\u00e9e sur l&rsquo;utilisateur : Cr\u00e9ez et enregistrez des s\u00e9ances d&rsquo;entra\u00eenement personnalis\u00e9es qui correspondent \u00e0 vos besoins uniques en mati\u00e8re de remise en forme.<\/li>\n<li>R\u00e9alit\u00e9 virtuelle : Plongez dans des mondes virtuels tout en vous entra\u00eenant pour une exp\u00e9rience engageante et captivante.<\/li>\n<li>Contr\u00f4le de la fr\u00e9quence cardiaque : Optimisez vos entra\u00eenements en ciblant des zones de fr\u00e9quence cardiaque sp\u00e9cifiques gr\u00e2ce \u00e0 ce programme avanc\u00e9.<\/li>\n<\/ol>\n<ul>\n<li>Une vitesse et des performances in\u00e9gal\u00e9es<\/li>\n<li>Le tapis de course Pro X est con\u00e7u pour r\u00e9pondre aux besoins de tous les amateurs de fitness. Avec des vitesses allant jusqu&rsquo;\u00e0 25 km\/h, ce tapis de course s&rsquo;adapte \u00e0 tous les niveaux d&rsquo;intensit\u00e9, de la marche rapide au sprint de haute intensit\u00e9.<\/li>\n<li>Partage et connectivit\u00e9 sans faille<\/li>\n<li>Restez connect\u00e9 et motiv\u00e9 en partageant sans effort vos r\u00e9alisations avec vos amis et votre famille gr\u00e2ce \u00e0 la fonction de partage int\u00e9gr\u00e9e. Pr\u00e9sentez vos progr\u00e8s, lancez des d\u00e9fis aux autres et motivez-vous les uns les autres tout au long de votre parcours de remise en forme.<\/li>\n<li>Hub multim\u00e9dia int\u00e9gr\u00e9<\/li>\n<li>Transformez votre entra\u00eenement en une exp\u00e9rience de divertissement gr\u00e2ce au hub multim\u00e9dia int\u00e9gr\u00e9 du tapis de course Pro X. Acc\u00e9dez \u00e0 vos applications pr\u00e9f\u00e9r\u00e9es telles que YouTube, Chrome, Twitter, Facebook, Instagram, Spotify, Netflix et bien plus encore. Profitez de la musique, des vid\u00e9os et de vos contenus en ligne pr\u00e9f\u00e9r\u00e9s tout en transpirant.<\/li>\n<li>Options de connectivit\u00e9 de pointe<\/li>\n<li>Restez connect\u00e9 sans fil gr\u00e2ce aux capacit\u00e9s Bluetooth et sans fil. Synchronisez en toute transparence votre tracker de fitness, votre cardiofr\u00e9quencem\u00e8tre ou votre smartphone pour suivre et optimiser vos s\u00e9ances d&rsquo;entra\u00eenement.<\/li>\n<li>Explorer le monde avec Kinomap et Zwift<\/li>\n<\/ul>\n<p>D\u00e9couvrez de nouveaux horizons gr\u00e2ce \u00e0 la compatibilit\u00e9 avec Kinomap et Zwift. Plongez dans des s\u00e9ances d&rsquo;entra\u00eenement virtuelles, explorez des paysages mondiaux et entrez en contact avec d&rsquo;autres passionn\u00e9s de fitness, le tout depuis le confort de votre maison.\u00c9levez votre exp\u00e9rience de fitness avec le tapis de course Pro X, o\u00f9 l&rsquo;efficacit\u00e9 \u00e9nerg\u00e9tique, l&rsquo;innovation et la conception conviviale s&rsquo;unissent pour cr\u00e9er le tapis de course ultime. Que vous soyez un d\u00e9butant ou un athl\u00e8te chevronn\u00e9, ce tapis de course vous inspirera et vous donnera les moyens d&rsquo;\u00eatre en meilleure sant\u00e9 et en meilleure forme.<\/p>\n<\/div>\n<\/div>\n<\/div>\n<\/div>\n","protected":false},"excerpt":{"rendered":"<p>Navigation conviviale &#8211; Boutons de vitesse rapide &#8211; Programmes pour chaque objectif &#8211; Vitesse (25km\/h) &#8211; Options de connectivit\u00e9 \u00e0 la pointe de la performance<\/p>\n","protected":false},"featured_media":30972,"template":"","meta":{"_acf_changed":false,"inline_featured_image":false,"_monsterinsights_skip_tracking":false,"_monsterinsights_sitenote_active":false,"_monsterinsights_sitenote_note":"","_monsterinsights_sitenote_category":0},"product_brand":[],"product_cat":[92],"product_tag":[],"class_list":{"0":"post-10722","1":"product","2":"type-product","3":"status-publish","4":"has-post-thumbnail","6":"product_cat-tapis-de-course","7":"product_shipping_class-jusqua-300-kg","9":"first","10":"instock","11":"taxable","12":"shipping-taxable","13":"purchasable","14":"product-type-variable","15":"has-default-attributes"},"acf":[],"yoast_head":"<!-- This site is optimized with the Yoast SEO plugin v27.3 - https:\/\/yoast.com\/product\/yoast-seo-wordpress\/ -->\n<title>PRO RUN X - DKN-Technology<\/title>\n<meta name=\"robots\" content=\"index, follow, max-snippet:-1, max-image-preview:large, max-video-preview:-1\" \/>\n<link rel=\"canonical\" href=\"https:\/\/dkn-technology.com\/fr\/produit\/pro-run-x\/\" \/>\n<meta property=\"og:locale\" content=\"fr_FR\" \/>\n<meta property=\"og:type\" content=\"article\" \/>\n<meta property=\"og:title\" content=\"PRO RUN X - DKN-Technology\" \/>\n<meta property=\"og:description\" content=\"Navigation conviviale - Boutons de vitesse rapide - Programmes pour chaque objectif - Vitesse (25km\/h) - Options de connectivit\u00e9 \u00e0 la pointe de la performance\" \/>\n<meta property=\"og:url\" content=\"https:\/\/dkn-technology.com\/fr\/produit\/pro-run-x\/\" \/>\n<meta property=\"og:site_name\" content=\"DKN-Technology\" \/>\n<meta property=\"article:publisher\" content=\"https:\/\/www.facebook.com\/dkntechnology\/\" \/>\n<meta property=\"article:modified_time\" content=\"2025-09-22T12:10:32+00:00\" \/>\n<meta property=\"og:image\" content=\"https:\/\/dkn-technology.com\/wp-content\/uploads\/2023\/09\/TEST-FEX-WEBSITE-70.png\" \/>\n\t<meta property=\"og:image:width\" content=\"1080\" \/>\n\t<meta property=\"og:image:height\" content=\"1080\" \/>\n\t<meta property=\"og:image:type\" content=\"image\/png\" \/>\n<meta name=\"twitter:card\" content=\"summary_large_image\" \/>\n<meta name=\"twitter:label1\" content=\"Dur\u00e9e de lecture estim\u00e9e\" \/>\n\t<meta name=\"twitter:data1\" content=\"3 minutes\" \/>\n<script type=\"application\/ld+json\" class=\"yoast-schema-graph\">{\"@context\":\"https:\\\/\\\/schema.org\",\"@graph\":[{\"@type\":\"WebPage\",\"@id\":\"https:\\\/\\\/dkn-technology.com\\\/fr\\\/produit\\\/pro-run-x\\\/\",\"url\":\"https:\\\/\\\/dkn-technology.com\\\/fr\\\/produit\\\/pro-run-x\\\/\",\"name\":\"PRO RUN X - DKN-Technology\",\"isPartOf\":{\"@id\":\"https:\\\/\\\/dkn-technology.com\\\/#website\"},\"primaryImageOfPage\":{\"@id\":\"https:\\\/\\\/dkn-technology.com\\\/fr\\\/produit\\\/pro-run-x\\\/#primaryimage\"},\"image\":{\"@id\":\"https:\\\/\\\/dkn-technology.com\\\/fr\\\/produit\\\/pro-run-x\\\/#primaryimage\"},\"thumbnailUrl\":\"https:\\\/\\\/dkn-technology.com\\\/wp-content\\\/uploads\\\/2023\\\/09\\\/TEST-FEX-WEBSITE-70.png\",\"datePublished\":\"2023-09-07T12:43:49+00:00\",\"dateModified\":\"2025-09-22T12:10:32+00:00\",\"breadcrumb\":{\"@id\":\"https:\\\/\\\/dkn-technology.com\\\/fr\\\/produit\\\/pro-run-x\\\/#breadcrumb\"},\"inLanguage\":\"fr-FR\",\"potentialAction\":[{\"@type\":\"ReadAction\",\"target\":[\"https:\\\/\\\/dkn-technology.com\\\/fr\\\/produit\\\/pro-run-x\\\/\"]}]},{\"@type\":\"ImageObject\",\"inLanguage\":\"fr-FR\",\"@id\":\"https:\\\/\\\/dkn-technology.com\\\/fr\\\/produit\\\/pro-run-x\\\/#primaryimage\",\"url\":\"https:\\\/\\\/dkn-technology.com\\\/wp-content\\\/uploads\\\/2023\\\/09\\\/TEST-FEX-WEBSITE-70.png\",\"contentUrl\":\"https:\\\/\\\/dkn-technology.com\\\/wp-content\\\/uploads\\\/2023\\\/09\\\/TEST-FEX-WEBSITE-70.png\",\"width\":1080,\"height\":1080},{\"@type\":\"BreadcrumbList\",\"@id\":\"https:\\\/\\\/dkn-technology.com\\\/fr\\\/produit\\\/pro-run-x\\\/#breadcrumb\",\"itemListElement\":[{\"@type\":\"ListItem\",\"position\":1,\"name\":\"Home\",\"item\":\"https:\\\/\\\/dkn-technology.com\\\/nl\\\/\"},{\"@type\":\"ListItem\",\"position\":2,\"name\":\"Shop\",\"item\":\"https:\\\/\\\/dkn-technology.com\\\/fr\\\/shop\\\/\"},{\"@type\":\"ListItem\",\"position\":3,\"name\":\"PRO RUN X\"}]},{\"@type\":\"WebSite\",\"@id\":\"https:\\\/\\\/dkn-technology.com\\\/#website\",\"url\":\"https:\\\/\\\/dkn-technology.com\\\/\",\"name\":\"DKN-Technology\",\"description\":\"Smart Fitness Solutions\",\"publisher\":{\"@id\":\"https:\\\/\\\/dkn-technology.com\\\/#organization\"},\"potentialAction\":[{\"@type\":\"SearchAction\",\"target\":{\"@type\":\"EntryPoint\",\"urlTemplate\":\"https:\\\/\\\/dkn-technology.com\\\/?s={search_term_string}\"},\"query-input\":{\"@type\":\"PropertyValueSpecification\",\"valueRequired\":true,\"valueName\":\"search_term_string\"}}],\"inLanguage\":\"fr-FR\"},{\"@type\":\"Organization\",\"@id\":\"https:\\\/\\\/dkn-technology.com\\\/#organization\",\"name\":\"DKN-Technology\",\"url\":\"https:\\\/\\\/dkn-technology.com\\\/\",\"logo\":{\"@type\":\"ImageObject\",\"inLanguage\":\"fr-FR\",\"@id\":\"https:\\\/\\\/dkn-technology.com\\\/#\\\/schema\\\/logo\\\/image\\\/\",\"url\":\"https:\\\/\\\/dkn-technology.com\\\/wp-content\\\/uploads\\\/2023\\\/01\\\/DKN-logo@4x.webp\",\"contentUrl\":\"https:\\\/\\\/dkn-technology.com\\\/wp-content\\\/uploads\\\/2023\\\/01\\\/DKN-logo@4x.webp\",\"width\":1933,\"height\":1029,\"caption\":\"DKN-Technology\"},\"image\":{\"@id\":\"https:\\\/\\\/dkn-technology.com\\\/#\\\/schema\\\/logo\\\/image\\\/\"},\"sameAs\":[\"https:\\\/\\\/www.facebook.com\\\/dkntechnology\\\/\",\"https:\\\/\\\/instagram.com\\\/dkntechnology\",\"https:\\\/\\\/www.youtube.com\\\/@DKN-Technology\",\"https:\\\/\\\/www.linkedin.com\\\/company\\\/dkn-technology-smart-fitness-solutions\"]}]}<\/script>\n<!-- \/ Yoast SEO plugin. -->","yoast_head_json":{"title":"PRO RUN X - DKN-Technology","robots":{"index":"index","follow":"follow","max-snippet":"max-snippet:-1","max-image-preview":"max-image-preview:large","max-video-preview":"max-video-preview:-1"},"canonical":"https:\/\/dkn-technology.com\/fr\/produit\/pro-run-x\/","og_locale":"fr_FR","og_type":"article","og_title":"PRO RUN X - DKN-Technology","og_description":"Navigation conviviale - Boutons de vitesse rapide - Programmes pour chaque objectif - Vitesse (25km\/h) - Options de connectivit\u00e9 \u00e0 la pointe de la performance","og_url":"https:\/\/dkn-technology.com\/fr\/produit\/pro-run-x\/","og_site_name":"DKN-Technology","article_publisher":"https:\/\/www.facebook.com\/dkntechnology\/","article_modified_time":"2025-09-22T12:10:32+00:00","og_image":[{"width":1080,"height":1080,"url":"https:\/\/dkn-technology.com\/wp-content\/uploads\/2023\/09\/TEST-FEX-WEBSITE-70.png","type":"image\/png"}],"twitter_card":"summary_large_image","twitter_misc":{"Dur\u00e9e de lecture estim\u00e9e":"3 minutes"},"schema":{"@context":"https:\/\/schema.org","@graph":[{"@type":"WebPage","@id":"https:\/\/dkn-technology.com\/fr\/produit\/pro-run-x\/","url":"https:\/\/dkn-technology.com\/fr\/produit\/pro-run-x\/","name":"PRO RUN X - DKN-Technology","isPartOf":{"@id":"https:\/\/dkn-technology.com\/#website"},"primaryImageOfPage":{"@id":"https:\/\/dkn-technology.com\/fr\/produit\/pro-run-x\/#primaryimage"},"image":{"@id":"https:\/\/dkn-technology.com\/fr\/produit\/pro-run-x\/#primaryimage"},"thumbnailUrl":"https:\/\/dkn-technology.com\/wp-content\/uploads\/2023\/09\/TEST-FEX-WEBSITE-70.png","datePublished":"2023-09-07T12:43:49+00:00","dateModified":"2025-09-22T12:10:32+00:00","breadcrumb":{"@id":"https:\/\/dkn-technology.com\/fr\/produit\/pro-run-x\/#breadcrumb"},"inLanguage":"fr-FR","potentialAction":[{"@type":"ReadAction","target":["https:\/\/dkn-technology.com\/fr\/produit\/pro-run-x\/"]}]},{"@type":"ImageObject","inLanguage":"fr-FR","@id":"https:\/\/dkn-technology.com\/fr\/produit\/pro-run-x\/#primaryimage","url":"https:\/\/dkn-technology.com\/wp-content\/uploads\/2023\/09\/TEST-FEX-WEBSITE-70.png","contentUrl":"https:\/\/dkn-technology.com\/wp-content\/uploads\/2023\/09\/TEST-FEX-WEBSITE-70.png","width":1080,"height":1080},{"@type":"BreadcrumbList","@id":"https:\/\/dkn-technology.com\/fr\/produit\/pro-run-x\/#breadcrumb","itemListElement":[{"@type":"ListItem","position":1,"name":"Home","item":"https:\/\/dkn-technology.com\/nl\/"},{"@type":"ListItem","position":2,"name":"Shop","item":"https:\/\/dkn-technology.com\/fr\/shop\/"},{"@type":"ListItem","position":3,"name":"PRO RUN X"}]},{"@type":"WebSite","@id":"https:\/\/dkn-technology.com\/#website","url":"https:\/\/dkn-technology.com\/","name":"DKN-Technology","description":"Smart Fitness Solutions","publisher":{"@id":"https:\/\/dkn-technology.com\/#organization"},"potentialAction":[{"@type":"SearchAction","target":{"@type":"EntryPoint","urlTemplate":"https:\/\/dkn-technology.com\/?s={search_term_string}"},"query-input":{"@type":"PropertyValueSpecification","valueRequired":true,"valueName":"search_term_string"}}],"inLanguage":"fr-FR"},{"@type":"Organization","@id":"https:\/\/dkn-technology.com\/#organization","name":"DKN-Technology","url":"https:\/\/dkn-technology.com\/","logo":{"@type":"ImageObject","inLanguage":"fr-FR","@id":"https:\/\/dkn-technology.com\/#\/schema\/logo\/image\/","url":"https:\/\/dkn-technology.com\/wp-content\/uploads\/2023\/01\/DKN-logo@4x.webp","contentUrl":"https:\/\/dkn-technology.com\/wp-content\/uploads\/2023\/01\/DKN-logo@4x.webp","width":1933,"height":1029,"caption":"DKN-Technology"},"image":{"@id":"https:\/\/dkn-technology.com\/#\/schema\/logo\/image\/"},"sameAs":["https:\/\/www.facebook.com\/dkntechnology\/","https:\/\/instagram.com\/dkntechnology","https:\/\/www.youtube.com\/@DKN-Technology","https:\/\/www.linkedin.com\/company\/dkn-technology-smart-fitness-solutions"]}]}},"_links":{"self":[{"href":"https:\/\/dkn-technology.com\/fr\/wp-json\/wp\/v2\/product\/10722","targetHints":{"allow":["GET"]}}],"collection":[{"href":"https:\/\/dkn-technology.com\/fr\/wp-json\/wp\/v2\/product"}],"about":[{"href":"https:\/\/dkn-technology.com\/fr\/wp-json\/wp\/v2\/types\/product"}],"version-history":[{"count":11,"href":"https:\/\/dkn-technology.com\/fr\/wp-json\/wp\/v2\/product\/10722\/revisions"}],"predecessor-version":[{"id":31594,"href":"https:\/\/dkn-technology.com\/fr\/wp-json\/wp\/v2\/product\/10722\/revisions\/31594"}],"wp:featuredmedia":[{"embeddable":true,"href":"https:\/\/dkn-technology.com\/fr\/wp-json\/wp\/v2\/media\/30972"}],"wp:attachment":[{"href":"https:\/\/dkn-technology.com\/fr\/wp-json\/wp\/v2\/media?parent=10722"}],"wp:term":[{"taxonomy":"product_brand","embeddable":true,"href":"https:\/\/dkn-technology.com\/fr\/wp-json\/wp\/v2\/product_brand?post=10722"},{"taxonomy":"product_cat","embeddable":true,"href":"https:\/\/dkn-technology.com\/fr\/wp-json\/wp\/v2\/product_cat?post=10722"},{"taxonomy":"product_tag","embeddable":true,"href":"https:\/\/dkn-technology.com\/fr\/wp-json\/wp\/v2\/product_tag?post=10722"}],"curies":[{"name":"wp","href":"https:\/\/api.w.org\/{rel}","templated":true}]}}