{"id":10746,"date":"2023-09-07T14:43:48","date_gmt":"2023-09-07T12:43:48","guid":{"rendered":"https:\/\/dkn-technology.com\/?post_type=product&#038;p=10746"},"modified":"2025-11-27T19:15:29","modified_gmt":"2025-11-27T17:15:29","slug":"ab-140","status":"publish","type":"product","link":"https:\/\/dkn-technology.com\/fr\/produit\/ab-140\/","title":{"rendered":"AB 140"},"content":{"rendered":"<div class=\"page\" title=\"Page 1\">\n<div class=\"section\">\n<div class=\"layoutArea\">\n<div class=\"column\">\n<div class=\"page\" title=\"Page 1\">\n<div class=\"section\">\n<div class=\"layoutArea\">\n<div class=\"column\">\n<p>L&rsquo;AB 140 est un v\u00e9lo \u00e0 air puissant avec une r\u00e9sistance \u00e0 l&rsquo;air progressive, parfait pour les entra\u00eenements intensifs de tout le corps. Il offre la possibilit\u00e9 d&rsquo;entra\u00eener le bas et le haut du corps s\u00e9par\u00e9ment ou de mani\u00e8re combin\u00e9e. La selle r\u00e9glable assure une position ergonomique et confortable pendant chaque s\u00e9ance d&rsquo;entra\u00eenement. Gr\u00e2ce \u00e0 sa conception robuste et durable, cet airbike est id\u00e9al pour un usage domestique et des s\u00e9ances d&rsquo;entra\u00eenement intensives.<\/p>\n<p><strong>Guide d&rsquo;utilisation des motos a\u00e9riennes<\/strong><\/p>\n<p><strong>R\u00e9glage du si\u00e8ge :<\/strong> Une hauteur d&rsquo;assise correcte est essentielle pour un exercice efficace et confortable, ainsi que pour la pr\u00e9vention des blessures.<\/p>\n<p>1. Placez une p\u00e9dale en position basse et alignez la plante de votre pied avec le centre de la p\u00e9dale. Le genou doit \u00eatre l\u00e9g\u00e8rement pli\u00e9.<\/p>\n<ul>\n<li>Si votre jambe est trop tendue ou si vous ne pouvez pas toucher la p\u00e9dale, abaissez le si\u00e8ge.<\/li>\n<li>Si votre jambe est trop pli\u00e9e, relevez le si\u00e8ge.<\/li>\n<\/ul>\n<p>2. D\u00e9montez le v\u00e9lo, d\u00e9vissez le bouton de r\u00e9glage de la tige de selle et retirez la goupille de verrouillage.<\/p>\n<ul>\n<li>R\u00e9glez le si\u00e8ge \u00e0 la hauteur qui vous convient.<\/li>\n<li>Laissez la goupille de verrouillage s&rsquo;engager et serrez fermement.<\/li>\n<\/ul>\n<p><strong>Entra\u00eenement du bas du corps :<\/strong> Asseyez-vous confortablement, les bras d\u00e9tendus le long du corps ou reposant sur les poign\u00e9es.<\/p>\n<ul>\n<li>Commencez \u00e0 p\u00e9daler lentement et r\u00e9guli\u00e8rement.<\/li>\n<li>Augmenter la vitesse de p\u00e9dalage pour augmenter la r\u00e9sistance \u00e0 l&rsquo;air et la charge de travail.<\/li>\n<\/ul>\n<p><strong>Entra\u00eenement pour le haut du corps uniquement :<\/strong> Une fois que le p\u00e9dalage a pris de l&rsquo;ampleur, essayez une s\u00e9ance d&rsquo;entra\u00eenement pour le haut du corps. &#8211; Saisir fermement les poign\u00e9es, paumes vers le bas.<\/p>\n<ul>\n<li>Placer les pieds sur les cale-pieds pr\u00e8s de l&rsquo;axe de la roue du ventilateur.<\/li>\n<li>Se pencher vers l&rsquo;avant au niveau des hanches, en gardant le dos droit et les \u00e9paules basses.<\/li>\n<li>Pousser et tirer les leviers des bras pour solliciter les muscles du haut du corps.<\/li>\n<\/ul>\n<p><strong>Entra\u00eenement du bas et du haut du corps :<\/strong> Pour un entra\u00eenement complet sollicitant tous les principaux groupes musculaires :<\/p>\n<ul>\n<li>Tenir les poign\u00e9es avec les paumes vers le bas.<\/li>\n<li>Pousser et tirer les leviers de bras tout en p\u00e9dalant.<\/li>\n<li>Gardez les coudes bas et pr\u00e8s du corps.<\/li>\n<li>Varier la position des mains sur les poign\u00e9es pour cibler diff\u00e9rents muscles du bras<\/li>\n<li>N&rsquo;oubliez pas que le maintien d&rsquo;une forme correcte et l&rsquo;augmentation progressive de l&rsquo;intensit\u00e9 vous aideront \u00e0 atteindre vos objectifs de forme physique de mani\u00e8re efficace et s\u00fbre.<\/li>\n<\/ul>\n<\/div>\n<\/div>\n<\/div>\n<\/div>\n<\/div>\n<\/div>\n<\/div>\n<\/div>\n","protected":false},"excerpt":{"rendered":"<p>Diff\u00e9rentes techniques d&rsquo;entra\u00eenement &#8211; Conseils sur la forme et l&rsquo;intensit\u00e9 &#8211; Entra\u00eenement du bas et\/ou du haut du corps &#8211; Intensit\u00e9 enti\u00e8rement personnalisable &#8211; Entra\u00eenement sp\u00e9cifique d&rsquo;une partie du corps.<\/p>\n","protected":false},"featured_media":30967,"template":"","meta":{"_acf_changed":false,"inline_featured_image":false,"_monsterinsights_skip_tracking":false,"_monsterinsights_sitenote_active":false,"_monsterinsights_sitenote_note":"","_monsterinsights_sitenote_category":0},"product_brand":[],"product_cat":[77],"product_tag":[324],"class_list":{"0":"post-10746","1":"product","2":"type-product","3":"status-publish","4":"has-post-thumbnail","6":"product_cat-velos-dexercice","7":"product_tag-new","8":"product_shipping_class-jusqua-300-kg","10":"first","11":"outofstock","12":"taxable","13":"shipping-taxable","14":"purchasable","15":"product-type-variable","16":"has-default-attributes"},"acf":[],"yoast_head":"<!-- This site is optimized with the Yoast SEO plugin v27.3 - https:\/\/yoast.com\/product\/yoast-seo-wordpress\/ -->\n<title>AB 140 - DKN-Technology<\/title>\n<meta name=\"robots\" content=\"index, follow, max-snippet:-1, max-image-preview:large, max-video-preview:-1\" \/>\n<link rel=\"canonical\" href=\"https:\/\/dkn-technology.com\/fr\/produit\/ab-140\/\" \/>\n<meta property=\"og:locale\" content=\"fr_FR\" \/>\n<meta property=\"og:type\" content=\"article\" \/>\n<meta property=\"og:title\" content=\"AB 140 - DKN-Technology\" \/>\n<meta property=\"og:description\" content=\"Diff\u00e9rentes techniques d&#039;entra\u00eenement - Conseils sur la forme et l&#039;intensit\u00e9 - Entra\u00eenement du bas et\/ou du haut du corps - Intensit\u00e9 enti\u00e8rement personnalisable - Entra\u00eenement sp\u00e9cifique d&#039;une partie du corps.\" \/>\n<meta property=\"og:url\" content=\"https:\/\/dkn-technology.com\/fr\/produit\/ab-140\/\" \/>\n<meta property=\"og:site_name\" content=\"DKN-Technology\" \/>\n<meta property=\"article:publisher\" content=\"https:\/\/www.facebook.com\/dkntechnology\/\" \/>\n<meta property=\"article:modified_time\" content=\"2025-11-27T17:15:29+00:00\" \/>\n<meta property=\"og:image\" content=\"https:\/\/dkn-technology.com\/wp-content\/uploads\/2023\/09\/TEST-FEX-WEBSITE-68.png\" \/>\n\t<meta property=\"og:image:width\" content=\"1080\" \/>\n\t<meta property=\"og:image:height\" content=\"1080\" \/>\n\t<meta property=\"og:image:type\" content=\"image\/png\" \/>\n<meta name=\"twitter:card\" content=\"summary_large_image\" \/>\n<meta name=\"twitter:label1\" content=\"Dur\u00e9e de lecture estim\u00e9e\" \/>\n\t<meta name=\"twitter:data1\" content=\"2 minutes\" \/>\n<script type=\"application\/ld+json\" class=\"yoast-schema-graph\">{\"@context\":\"https:\\\/\\\/schema.org\",\"@graph\":[{\"@type\":\"WebPage\",\"@id\":\"https:\\\/\\\/dkn-technology.com\\\/fr\\\/produit\\\/ab-140\\\/\",\"url\":\"https:\\\/\\\/dkn-technology.com\\\/fr\\\/produit\\\/ab-140\\\/\",\"name\":\"AB 140 - DKN-Technology\",\"isPartOf\":{\"@id\":\"https:\\\/\\\/dkn-technology.com\\\/#website\"},\"primaryImageOfPage\":{\"@id\":\"https:\\\/\\\/dkn-technology.com\\\/fr\\\/produit\\\/ab-140\\\/#primaryimage\"},\"image\":{\"@id\":\"https:\\\/\\\/dkn-technology.com\\\/fr\\\/produit\\\/ab-140\\\/#primaryimage\"},\"thumbnailUrl\":\"https:\\\/\\\/dkn-technology.com\\\/wp-content\\\/uploads\\\/2023\\\/09\\\/TEST-FEX-WEBSITE-68.png\",\"datePublished\":\"2023-09-07T12:43:48+00:00\",\"dateModified\":\"2025-11-27T17:15:29+00:00\",\"breadcrumb\":{\"@id\":\"https:\\\/\\\/dkn-technology.com\\\/fr\\\/produit\\\/ab-140\\\/#breadcrumb\"},\"inLanguage\":\"fr-FR\",\"potentialAction\":[{\"@type\":\"ReadAction\",\"target\":[\"https:\\\/\\\/dkn-technology.com\\\/fr\\\/produit\\\/ab-140\\\/\"]}]},{\"@type\":\"ImageObject\",\"inLanguage\":\"fr-FR\",\"@id\":\"https:\\\/\\\/dkn-technology.com\\\/fr\\\/produit\\\/ab-140\\\/#primaryimage\",\"url\":\"https:\\\/\\\/dkn-technology.com\\\/wp-content\\\/uploads\\\/2023\\\/09\\\/TEST-FEX-WEBSITE-68.png\",\"contentUrl\":\"https:\\\/\\\/dkn-technology.com\\\/wp-content\\\/uploads\\\/2023\\\/09\\\/TEST-FEX-WEBSITE-68.png\",\"width\":1080,\"height\":1080},{\"@type\":\"BreadcrumbList\",\"@id\":\"https:\\\/\\\/dkn-technology.com\\\/fr\\\/produit\\\/ab-140\\\/#breadcrumb\",\"itemListElement\":[{\"@type\":\"ListItem\",\"position\":1,\"name\":\"Home\",\"item\":\"https:\\\/\\\/dkn-technology.com\\\/nl\\\/\"},{\"@type\":\"ListItem\",\"position\":2,\"name\":\"Shop\",\"item\":\"https:\\\/\\\/dkn-technology.com\\\/fr\\\/shop\\\/\"},{\"@type\":\"ListItem\",\"position\":3,\"name\":\"AB 140\"}]},{\"@type\":\"WebSite\",\"@id\":\"https:\\\/\\\/dkn-technology.com\\\/#website\",\"url\":\"https:\\\/\\\/dkn-technology.com\\\/\",\"name\":\"DKN-Technology\",\"description\":\"Smart Fitness Solutions\",\"publisher\":{\"@id\":\"https:\\\/\\\/dkn-technology.com\\\/#organization\"},\"potentialAction\":[{\"@type\":\"SearchAction\",\"target\":{\"@type\":\"EntryPoint\",\"urlTemplate\":\"https:\\\/\\\/dkn-technology.com\\\/?s={search_term_string}\"},\"query-input\":{\"@type\":\"PropertyValueSpecification\",\"valueRequired\":true,\"valueName\":\"search_term_string\"}}],\"inLanguage\":\"fr-FR\"},{\"@type\":\"Organization\",\"@id\":\"https:\\\/\\\/dkn-technology.com\\\/#organization\",\"name\":\"DKN-Technology\",\"url\":\"https:\\\/\\\/dkn-technology.com\\\/\",\"logo\":{\"@type\":\"ImageObject\",\"inLanguage\":\"fr-FR\",\"@id\":\"https:\\\/\\\/dkn-technology.com\\\/#\\\/schema\\\/logo\\\/image\\\/\",\"url\":\"https:\\\/\\\/dkn-technology.com\\\/wp-content\\\/uploads\\\/2023\\\/01\\\/DKN-logo@4x.webp\",\"contentUrl\":\"https:\\\/\\\/dkn-technology.com\\\/wp-content\\\/uploads\\\/2023\\\/01\\\/DKN-logo@4x.webp\",\"width\":1933,\"height\":1029,\"caption\":\"DKN-Technology\"},\"image\":{\"@id\":\"https:\\\/\\\/dkn-technology.com\\\/#\\\/schema\\\/logo\\\/image\\\/\"},\"sameAs\":[\"https:\\\/\\\/www.facebook.com\\\/dkntechnology\\\/\",\"https:\\\/\\\/instagram.com\\\/dkntechnology\",\"https:\\\/\\\/www.youtube.com\\\/@DKN-Technology\",\"https:\\\/\\\/www.linkedin.com\\\/company\\\/dkn-technology-smart-fitness-solutions\"]}]}<\/script>\n<!-- \/ Yoast SEO plugin. -->","yoast_head_json":{"title":"AB 140 - DKN-Technology","robots":{"index":"index","follow":"follow","max-snippet":"max-snippet:-1","max-image-preview":"max-image-preview:large","max-video-preview":"max-video-preview:-1"},"canonical":"https:\/\/dkn-technology.com\/fr\/produit\/ab-140\/","og_locale":"fr_FR","og_type":"article","og_title":"AB 140 - DKN-Technology","og_description":"Diff\u00e9rentes techniques d'entra\u00eenement - Conseils sur la forme et l'intensit\u00e9 - Entra\u00eenement du bas et\/ou du haut du corps - Intensit\u00e9 enti\u00e8rement personnalisable - Entra\u00eenement sp\u00e9cifique d'une partie du corps.","og_url":"https:\/\/dkn-technology.com\/fr\/produit\/ab-140\/","og_site_name":"DKN-Technology","article_publisher":"https:\/\/www.facebook.com\/dkntechnology\/","article_modified_time":"2025-11-27T17:15:29+00:00","og_image":[{"width":1080,"height":1080,"url":"https:\/\/dkn-technology.com\/wp-content\/uploads\/2023\/09\/TEST-FEX-WEBSITE-68.png","type":"image\/png"}],"twitter_card":"summary_large_image","twitter_misc":{"Dur\u00e9e de lecture estim\u00e9e":"2 minutes"},"schema":{"@context":"https:\/\/schema.org","@graph":[{"@type":"WebPage","@id":"https:\/\/dkn-technology.com\/fr\/produit\/ab-140\/","url":"https:\/\/dkn-technology.com\/fr\/produit\/ab-140\/","name":"AB 140 - DKN-Technology","isPartOf":{"@id":"https:\/\/dkn-technology.com\/#website"},"primaryImageOfPage":{"@id":"https:\/\/dkn-technology.com\/fr\/produit\/ab-140\/#primaryimage"},"image":{"@id":"https:\/\/dkn-technology.com\/fr\/produit\/ab-140\/#primaryimage"},"thumbnailUrl":"https:\/\/dkn-technology.com\/wp-content\/uploads\/2023\/09\/TEST-FEX-WEBSITE-68.png","datePublished":"2023-09-07T12:43:48+00:00","dateModified":"2025-11-27T17:15:29+00:00","breadcrumb":{"@id":"https:\/\/dkn-technology.com\/fr\/produit\/ab-140\/#breadcrumb"},"inLanguage":"fr-FR","potentialAction":[{"@type":"ReadAction","target":["https:\/\/dkn-technology.com\/fr\/produit\/ab-140\/"]}]},{"@type":"ImageObject","inLanguage":"fr-FR","@id":"https:\/\/dkn-technology.com\/fr\/produit\/ab-140\/#primaryimage","url":"https:\/\/dkn-technology.com\/wp-content\/uploads\/2023\/09\/TEST-FEX-WEBSITE-68.png","contentUrl":"https:\/\/dkn-technology.com\/wp-content\/uploads\/2023\/09\/TEST-FEX-WEBSITE-68.png","width":1080,"height":1080},{"@type":"BreadcrumbList","@id":"https:\/\/dkn-technology.com\/fr\/produit\/ab-140\/#breadcrumb","itemListElement":[{"@type":"ListItem","position":1,"name":"Home","item":"https:\/\/dkn-technology.com\/nl\/"},{"@type":"ListItem","position":2,"name":"Shop","item":"https:\/\/dkn-technology.com\/fr\/shop\/"},{"@type":"ListItem","position":3,"name":"AB 140"}]},{"@type":"WebSite","@id":"https:\/\/dkn-technology.com\/#website","url":"https:\/\/dkn-technology.com\/","name":"DKN-Technology","description":"Smart Fitness Solutions","publisher":{"@id":"https:\/\/dkn-technology.com\/#organization"},"potentialAction":[{"@type":"SearchAction","target":{"@type":"EntryPoint","urlTemplate":"https:\/\/dkn-technology.com\/?s={search_term_string}"},"query-input":{"@type":"PropertyValueSpecification","valueRequired":true,"valueName":"search_term_string"}}],"inLanguage":"fr-FR"},{"@type":"Organization","@id":"https:\/\/dkn-technology.com\/#organization","name":"DKN-Technology","url":"https:\/\/dkn-technology.com\/","logo":{"@type":"ImageObject","inLanguage":"fr-FR","@id":"https:\/\/dkn-technology.com\/#\/schema\/logo\/image\/","url":"https:\/\/dkn-technology.com\/wp-content\/uploads\/2023\/01\/DKN-logo@4x.webp","contentUrl":"https:\/\/dkn-technology.com\/wp-content\/uploads\/2023\/01\/DKN-logo@4x.webp","width":1933,"height":1029,"caption":"DKN-Technology"},"image":{"@id":"https:\/\/dkn-technology.com\/#\/schema\/logo\/image\/"},"sameAs":["https:\/\/www.facebook.com\/dkntechnology\/","https:\/\/instagram.com\/dkntechnology","https:\/\/www.youtube.com\/@DKN-Technology","https:\/\/www.linkedin.com\/company\/dkn-technology-smart-fitness-solutions"]}]}},"_links":{"self":[{"href":"https:\/\/dkn-technology.com\/fr\/wp-json\/wp\/v2\/product\/10746","targetHints":{"allow":["GET"]}}],"collection":[{"href":"https:\/\/dkn-technology.com\/fr\/wp-json\/wp\/v2\/product"}],"about":[{"href":"https:\/\/dkn-technology.com\/fr\/wp-json\/wp\/v2\/types\/product"}],"version-history":[{"count":11,"href":"https:\/\/dkn-technology.com\/fr\/wp-json\/wp\/v2\/product\/10746\/revisions"}],"predecessor-version":[{"id":36863,"href":"https:\/\/dkn-technology.com\/fr\/wp-json\/wp\/v2\/product\/10746\/revisions\/36863"}],"wp:featuredmedia":[{"embeddable":true,"href":"https:\/\/dkn-technology.com\/fr\/wp-json\/wp\/v2\/media\/30967"}],"wp:attachment":[{"href":"https:\/\/dkn-technology.com\/fr\/wp-json\/wp\/v2\/media?parent=10746"}],"wp:term":[{"taxonomy":"product_brand","embeddable":true,"href":"https:\/\/dkn-technology.com\/fr\/wp-json\/wp\/v2\/product_brand?post=10746"},{"taxonomy":"product_cat","embeddable":true,"href":"https:\/\/dkn-technology.com\/fr\/wp-json\/wp\/v2\/product_cat?post=10746"},{"taxonomy":"product_tag","embeddable":true,"href":"https:\/\/dkn-technology.com\/fr\/wp-json\/wp\/v2\/product_tag?post=10746"}],"curies":[{"name":"wp","href":"https:\/\/api.w.org\/{rel}","templated":true}]}}