{"id":10782,"date":"2023-09-07T14:43:47","date_gmt":"2023-09-07T12:43:47","guid":{"rendered":"https:\/\/dkn-technology.com\/?post_type=product&#038;p=10782"},"modified":"2025-09-22T15:59:59","modified_gmt":"2025-09-22T13:59:59","slug":"tmc-pro","status":"publish","type":"product","link":"https:\/\/dkn-technology.com\/fr\/produit\/tmc-pro\/","title":{"rendered":"TMC PRO"},"content":{"rendered":"<div class=\"page\" title=\"Page 1\">\n<div class=\"section\">\n<div class=\"layoutArea\">\n<div class=\"column\">\n<div class=\"page\" title=\"Page 1\">\n<div class=\"section\">\n<div class=\"layoutArea\">\n<div class=\"column\">\n<div class=\"page\" title=\"Page 1\">\n<div class=\"section\">\n<div class=\"layoutArea\">\n<div class=\"column\">\n<p>Le TMC Pro est un appareil de fitness avanc\u00e9 qui offre une gamme de fonctions pour un entra\u00eenement efficace et personnalis\u00e9. Avec une pente allant de -5 % \u00e0 40 %, vous pouvez simuler des itin\u00e9raires ascendants et descendants, ce qui constitue un d\u00e9fi unique pour vos s\u00e9ances d&rsquo;entra\u00eenement.<\/p>\n<p>Le tapis de course offre toute une s\u00e9rie de fonctionnalit\u00e9s pour des s\u00e9ances d&rsquo;entra\u00eenement efficaces. L&rsquo;\u00e9cran affiche diff\u00e9rents param\u00e8tres :<\/p>\n<ul>\n<li>TEMPS : 0:00 &#8211; 99.59 (MIN)<\/li>\n<li>DISTANCE : 0,00 &#8211; 99,9 (KM)<\/li>\n<li>CALORIES : 0,0 &#8211; 999 (KC)<\/li>\n<li>VITESSE : 1,0 &#8211; 20,0 (KM\/H)<\/li>\n<li>POULS : 50 &#8211; 200 (BPM)<\/li>\n<li>INCLINAISON : -5 &#8211; 40%<\/li>\n<\/ul>\n<p><strong>Op\u00e9rations :<\/strong><\/p>\n<ul>\n<li>D\u00e9marrage et arr\u00eat : Appuyer sur \u00ab\u00a0START\u00a0\u00bb pendant 3 secondes pour d\u00e9marrer et sur \u00ab\u00a0STOP\u00a0\u00bb pour arr\u00eater le tapis roulant.<\/li>\n<li>Programmes : Choisissez parmi 18 programmes pr\u00e9r\u00e9gl\u00e9s, 3 r\u00e9glages utilisateur, 4 modes d&rsquo;exercice et un programme de test de graisse corporelle.<\/li>\n<li>Verrouillage de s\u00e9curit\u00e9 : Le retrait du verrou de s\u00e9curit\u00e9 arr\u00eate le tapis roulant ; son insertion efface les donn\u00e9es et met le tapis roulant en veille.<\/li>\n<li>Fonctions principales : Les commandes comprennent START, STOP, PROG, MODE, SPEED\/+\/-, INCLINE\/+\/-.<\/li>\n<li>Raccourcis : Des raccourcis de vitesse et d&rsquo;inclinaison peuvent \u00eatre d\u00e9finis.<\/li>\n<li>Affichage de la fr\u00e9quence cardiaque : En maintenant le support de fr\u00e9quence cardiaque pendant 5 secondes, la fr\u00e9quence cardiaque s&rsquo;affiche (50-200 BPM).<\/li>\n<\/ul>\n<p>Fonctions sp\u00e9ciales :<\/p>\n<ul>\n<li>Conversion des kilom\u00e8tres en miles : Appuyez sur PROGRAM et MODE pendant 3 secondes.<\/li>\n<li>Interrogation de la version du logiciel : Appuyez sur SPEED+ et SPEED- pendant 1 seconde.<\/li>\n<li>\u00c9tude en inclinaison : Appuyez sur INCLINE+ et INCLINE- pendant 3 secondes sans la cl\u00e9 de s\u00e9curit\u00e9.<\/li>\n<\/ul>\n<p>Test de graisse corporelle :<\/p>\n<p>Le tapis de course comprend un programme de test de la graisse corporelle accessible en appuyant sur MODE en permanence en mode veille.<\/p>\n<p>Param\u00e9trer le sexe, l&rsquo;\u00e2ge, la taille et le poids :<\/p>\n<ul>\n<li>Sexe : 01 pour l&rsquo;homme, 02 pour la femme.<\/li>\n<li>\u00c2ge : entre 10 et 99.<\/li>\n<li>Hauteur : R\u00e9gler la hauteur entre 100 et 200 cm.<\/li>\n<li>Poids : De 20 \u00e0 150 kg.<\/li>\n<\/ul>\n<p>Apr\u00e8s le r\u00e9glage des param\u00e8tres, l&rsquo;\u00e9cran affiche \u00ab\u00a0F5\u00a0\u00bb. Maintenez la poign\u00e9e de la planche \u00e0 impulsions pendant 5 \u00e0 6 secondes pour calculer la graisse corporelle (FAT). Ce test mesure la pertinence entre la taille et le poids, ce qui permet d&rsquo;ajuster le poids en fonction des indicateurs de sant\u00e9.<\/p>\n<\/div>\n<\/div>\n<\/div>\n<\/div>\n<\/div>\n<\/div>\n<\/div>\n<\/div>\n<\/div>\n<\/div>\n<\/div>\n<\/div>\n","protected":false},"excerpt":{"rendered":"<p>Inclinaison -5% &#8211; 40% &#8211; Affichage multifonctionnel &#8211; Vari\u00e9t\u00e9 de programmes &#8211; Fonctions de s\u00e9curit\u00e9 &#8211; Programme d&rsquo;analyse de la graisse corporelle<\/p>\n","protected":false},"featured_media":31022,"template":"","meta":{"_acf_changed":false,"inline_featured_image":false,"_monsterinsights_skip_tracking":false,"_monsterinsights_sitenote_active":false,"_monsterinsights_sitenote_note":"","_monsterinsights_sitenote_category":0},"product_brand":[],"product_cat":[196,92],"product_tag":[],"class_list":{"0":"post-10782","1":"product","2":"type-product","3":"status-publish","4":"has-post-thumbnail","6":"product_cat-climbing-machines","7":"product_cat-tapis-de-course","8":"product_shipping_class-jusqua-300-kg","10":"first","11":"outofstock","12":"taxable","13":"shipping-taxable","14":"purchasable","15":"product-type-variable","16":"has-default-attributes"},"acf":[],"yoast_head":"<!-- This site is optimized with the Yoast SEO plugin v27.3 - https:\/\/yoast.com\/product\/yoast-seo-wordpress\/ -->\n<title>TMC PRO - DKN-Technology<\/title>\n<meta name=\"robots\" content=\"index, follow, max-snippet:-1, max-image-preview:large, max-video-preview:-1\" \/>\n<link rel=\"canonical\" href=\"https:\/\/dkn-technology.com\/fr\/produit\/tmc-pro\/\" \/>\n<meta property=\"og:locale\" content=\"fr_FR\" \/>\n<meta property=\"og:type\" content=\"article\" \/>\n<meta property=\"og:title\" content=\"TMC PRO - DKN-Technology\" \/>\n<meta property=\"og:description\" content=\"Inclinaison -5% - 40% - Affichage multifonctionnel - Vari\u00e9t\u00e9 de programmes - Fonctions de s\u00e9curit\u00e9 - Programme d&#039;analyse de la graisse corporelle\" \/>\n<meta property=\"og:url\" content=\"https:\/\/dkn-technology.com\/fr\/produit\/tmc-pro\/\" \/>\n<meta property=\"og:site_name\" content=\"DKN-Technology\" \/>\n<meta property=\"article:publisher\" content=\"https:\/\/www.facebook.com\/dkntechnology\/\" \/>\n<meta property=\"article:modified_time\" content=\"2025-09-22T13:59:59+00:00\" \/>\n<meta property=\"og:image\" content=\"https:\/\/dkn-technology.com\/wp-content\/uploads\/2023\/09\/TEST-FEX-WEBSITE-71.png\" \/>\n\t<meta property=\"og:image:width\" content=\"1080\" \/>\n\t<meta property=\"og:image:height\" content=\"1080\" \/>\n\t<meta property=\"og:image:type\" content=\"image\/png\" \/>\n<meta name=\"twitter:card\" content=\"summary_large_image\" \/>\n<meta name=\"twitter:label1\" content=\"Dur\u00e9e de lecture estim\u00e9e\" \/>\n\t<meta name=\"twitter:data1\" content=\"2 minutes\" \/>\n<script type=\"application\/ld+json\" class=\"yoast-schema-graph\">{\"@context\":\"https:\\\/\\\/schema.org\",\"@graph\":[{\"@type\":\"WebPage\",\"@id\":\"https:\\\/\\\/dkn-technology.com\\\/fr\\\/produit\\\/tmc-pro\\\/\",\"url\":\"https:\\\/\\\/dkn-technology.com\\\/fr\\\/produit\\\/tmc-pro\\\/\",\"name\":\"TMC PRO - DKN-Technology\",\"isPartOf\":{\"@id\":\"https:\\\/\\\/dkn-technology.com\\\/#website\"},\"primaryImageOfPage\":{\"@id\":\"https:\\\/\\\/dkn-technology.com\\\/fr\\\/produit\\\/tmc-pro\\\/#primaryimage\"},\"image\":{\"@id\":\"https:\\\/\\\/dkn-technology.com\\\/fr\\\/produit\\\/tmc-pro\\\/#primaryimage\"},\"thumbnailUrl\":\"https:\\\/\\\/dkn-technology.com\\\/wp-content\\\/uploads\\\/2023\\\/09\\\/TEST-FEX-WEBSITE-71.png\",\"datePublished\":\"2023-09-07T12:43:47+00:00\",\"dateModified\":\"2025-09-22T13:59:59+00:00\",\"breadcrumb\":{\"@id\":\"https:\\\/\\\/dkn-technology.com\\\/fr\\\/produit\\\/tmc-pro\\\/#breadcrumb\"},\"inLanguage\":\"fr-FR\",\"potentialAction\":[{\"@type\":\"ReadAction\",\"target\":[\"https:\\\/\\\/dkn-technology.com\\\/fr\\\/produit\\\/tmc-pro\\\/\"]}]},{\"@type\":\"ImageObject\",\"inLanguage\":\"fr-FR\",\"@id\":\"https:\\\/\\\/dkn-technology.com\\\/fr\\\/produit\\\/tmc-pro\\\/#primaryimage\",\"url\":\"https:\\\/\\\/dkn-technology.com\\\/wp-content\\\/uploads\\\/2023\\\/09\\\/TEST-FEX-WEBSITE-71.png\",\"contentUrl\":\"https:\\\/\\\/dkn-technology.com\\\/wp-content\\\/uploads\\\/2023\\\/09\\\/TEST-FEX-WEBSITE-71.png\",\"width\":1080,\"height\":1080},{\"@type\":\"BreadcrumbList\",\"@id\":\"https:\\\/\\\/dkn-technology.com\\\/fr\\\/produit\\\/tmc-pro\\\/#breadcrumb\",\"itemListElement\":[{\"@type\":\"ListItem\",\"position\":1,\"name\":\"Home\",\"item\":\"https:\\\/\\\/dkn-technology.com\\\/nl\\\/\"},{\"@type\":\"ListItem\",\"position\":2,\"name\":\"Shop\",\"item\":\"https:\\\/\\\/dkn-technology.com\\\/fr\\\/shop\\\/\"},{\"@type\":\"ListItem\",\"position\":3,\"name\":\"TMC PRO\"}]},{\"@type\":\"WebSite\",\"@id\":\"https:\\\/\\\/dkn-technology.com\\\/#website\",\"url\":\"https:\\\/\\\/dkn-technology.com\\\/\",\"name\":\"DKN-Technology\",\"description\":\"Smart Fitness Solutions\",\"publisher\":{\"@id\":\"https:\\\/\\\/dkn-technology.com\\\/#organization\"},\"potentialAction\":[{\"@type\":\"SearchAction\",\"target\":{\"@type\":\"EntryPoint\",\"urlTemplate\":\"https:\\\/\\\/dkn-technology.com\\\/?s={search_term_string}\"},\"query-input\":{\"@type\":\"PropertyValueSpecification\",\"valueRequired\":true,\"valueName\":\"search_term_string\"}}],\"inLanguage\":\"fr-FR\"},{\"@type\":\"Organization\",\"@id\":\"https:\\\/\\\/dkn-technology.com\\\/#organization\",\"name\":\"DKN-Technology\",\"url\":\"https:\\\/\\\/dkn-technology.com\\\/\",\"logo\":{\"@type\":\"ImageObject\",\"inLanguage\":\"fr-FR\",\"@id\":\"https:\\\/\\\/dkn-technology.com\\\/#\\\/schema\\\/logo\\\/image\\\/\",\"url\":\"https:\\\/\\\/dkn-technology.com\\\/wp-content\\\/uploads\\\/2023\\\/01\\\/DKN-logo@4x.webp\",\"contentUrl\":\"https:\\\/\\\/dkn-technology.com\\\/wp-content\\\/uploads\\\/2023\\\/01\\\/DKN-logo@4x.webp\",\"width\":1933,\"height\":1029,\"caption\":\"DKN-Technology\"},\"image\":{\"@id\":\"https:\\\/\\\/dkn-technology.com\\\/#\\\/schema\\\/logo\\\/image\\\/\"},\"sameAs\":[\"https:\\\/\\\/www.facebook.com\\\/dkntechnology\\\/\",\"https:\\\/\\\/instagram.com\\\/dkntechnology\",\"https:\\\/\\\/www.youtube.com\\\/@DKN-Technology\",\"https:\\\/\\\/www.linkedin.com\\\/company\\\/dkn-technology-smart-fitness-solutions\"]}]}<\/script>\n<!-- \/ Yoast SEO plugin. -->","yoast_head_json":{"title":"TMC PRO - DKN-Technology","robots":{"index":"index","follow":"follow","max-snippet":"max-snippet:-1","max-image-preview":"max-image-preview:large","max-video-preview":"max-video-preview:-1"},"canonical":"https:\/\/dkn-technology.com\/fr\/produit\/tmc-pro\/","og_locale":"fr_FR","og_type":"article","og_title":"TMC PRO - DKN-Technology","og_description":"Inclinaison -5% - 40% - Affichage multifonctionnel - Vari\u00e9t\u00e9 de programmes - Fonctions de s\u00e9curit\u00e9 - Programme d'analyse de la graisse corporelle","og_url":"https:\/\/dkn-technology.com\/fr\/produit\/tmc-pro\/","og_site_name":"DKN-Technology","article_publisher":"https:\/\/www.facebook.com\/dkntechnology\/","article_modified_time":"2025-09-22T13:59:59+00:00","og_image":[{"width":1080,"height":1080,"url":"https:\/\/dkn-technology.com\/wp-content\/uploads\/2023\/09\/TEST-FEX-WEBSITE-71.png","type":"image\/png"}],"twitter_card":"summary_large_image","twitter_misc":{"Dur\u00e9e de lecture estim\u00e9e":"2 minutes"},"schema":{"@context":"https:\/\/schema.org","@graph":[{"@type":"WebPage","@id":"https:\/\/dkn-technology.com\/fr\/produit\/tmc-pro\/","url":"https:\/\/dkn-technology.com\/fr\/produit\/tmc-pro\/","name":"TMC PRO - DKN-Technology","isPartOf":{"@id":"https:\/\/dkn-technology.com\/#website"},"primaryImageOfPage":{"@id":"https:\/\/dkn-technology.com\/fr\/produit\/tmc-pro\/#primaryimage"},"image":{"@id":"https:\/\/dkn-technology.com\/fr\/produit\/tmc-pro\/#primaryimage"},"thumbnailUrl":"https:\/\/dkn-technology.com\/wp-content\/uploads\/2023\/09\/TEST-FEX-WEBSITE-71.png","datePublished":"2023-09-07T12:43:47+00:00","dateModified":"2025-09-22T13:59:59+00:00","breadcrumb":{"@id":"https:\/\/dkn-technology.com\/fr\/produit\/tmc-pro\/#breadcrumb"},"inLanguage":"fr-FR","potentialAction":[{"@type":"ReadAction","target":["https:\/\/dkn-technology.com\/fr\/produit\/tmc-pro\/"]}]},{"@type":"ImageObject","inLanguage":"fr-FR","@id":"https:\/\/dkn-technology.com\/fr\/produit\/tmc-pro\/#primaryimage","url":"https:\/\/dkn-technology.com\/wp-content\/uploads\/2023\/09\/TEST-FEX-WEBSITE-71.png","contentUrl":"https:\/\/dkn-technology.com\/wp-content\/uploads\/2023\/09\/TEST-FEX-WEBSITE-71.png","width":1080,"height":1080},{"@type":"BreadcrumbList","@id":"https:\/\/dkn-technology.com\/fr\/produit\/tmc-pro\/#breadcrumb","itemListElement":[{"@type":"ListItem","position":1,"name":"Home","item":"https:\/\/dkn-technology.com\/nl\/"},{"@type":"ListItem","position":2,"name":"Shop","item":"https:\/\/dkn-technology.com\/fr\/shop\/"},{"@type":"ListItem","position":3,"name":"TMC PRO"}]},{"@type":"WebSite","@id":"https:\/\/dkn-technology.com\/#website","url":"https:\/\/dkn-technology.com\/","name":"DKN-Technology","description":"Smart Fitness Solutions","publisher":{"@id":"https:\/\/dkn-technology.com\/#organization"},"potentialAction":[{"@type":"SearchAction","target":{"@type":"EntryPoint","urlTemplate":"https:\/\/dkn-technology.com\/?s={search_term_string}"},"query-input":{"@type":"PropertyValueSpecification","valueRequired":true,"valueName":"search_term_string"}}],"inLanguage":"fr-FR"},{"@type":"Organization","@id":"https:\/\/dkn-technology.com\/#organization","name":"DKN-Technology","url":"https:\/\/dkn-technology.com\/","logo":{"@type":"ImageObject","inLanguage":"fr-FR","@id":"https:\/\/dkn-technology.com\/#\/schema\/logo\/image\/","url":"https:\/\/dkn-technology.com\/wp-content\/uploads\/2023\/01\/DKN-logo@4x.webp","contentUrl":"https:\/\/dkn-technology.com\/wp-content\/uploads\/2023\/01\/DKN-logo@4x.webp","width":1933,"height":1029,"caption":"DKN-Technology"},"image":{"@id":"https:\/\/dkn-technology.com\/#\/schema\/logo\/image\/"},"sameAs":["https:\/\/www.facebook.com\/dkntechnology\/","https:\/\/instagram.com\/dkntechnology","https:\/\/www.youtube.com\/@DKN-Technology","https:\/\/www.linkedin.com\/company\/dkn-technology-smart-fitness-solutions"]}]}},"_links":{"self":[{"href":"https:\/\/dkn-technology.com\/fr\/wp-json\/wp\/v2\/product\/10782","targetHints":{"allow":["GET"]}}],"collection":[{"href":"https:\/\/dkn-technology.com\/fr\/wp-json\/wp\/v2\/product"}],"about":[{"href":"https:\/\/dkn-technology.com\/fr\/wp-json\/wp\/v2\/types\/product"}],"version-history":[{"count":14,"href":"https:\/\/dkn-technology.com\/fr\/wp-json\/wp\/v2\/product\/10782\/revisions"}],"predecessor-version":[{"id":31606,"href":"https:\/\/dkn-technology.com\/fr\/wp-json\/wp\/v2\/product\/10782\/revisions\/31606"}],"wp:featuredmedia":[{"embeddable":true,"href":"https:\/\/dkn-technology.com\/fr\/wp-json\/wp\/v2\/media\/31022"}],"wp:attachment":[{"href":"https:\/\/dkn-technology.com\/fr\/wp-json\/wp\/v2\/media?parent=10782"}],"wp:term":[{"taxonomy":"product_brand","embeddable":true,"href":"https:\/\/dkn-technology.com\/fr\/wp-json\/wp\/v2\/product_brand?post=10782"},{"taxonomy":"product_cat","embeddable":true,"href":"https:\/\/dkn-technology.com\/fr\/wp-json\/wp\/v2\/product_cat?post=10782"},{"taxonomy":"product_tag","embeddable":true,"href":"https:\/\/dkn-technology.com\/fr\/wp-json\/wp\/v2\/product_tag?post=10782"}],"curies":[{"name":"wp","href":"https:\/\/api.w.org\/{rel}","templated":true}]}}