{"id":10814,"date":"2023-09-07T14:43:45","date_gmt":"2023-09-07T12:43:45","guid":{"rendered":"https:\/\/dkn-technology.com\/?post_type=product&#038;p=10814"},"modified":"2024-05-13T15:48:33","modified_gmt":"2024-05-13T13:48:33","slug":"multifunctional-station-4","status":"publish","type":"product","link":"https:\/\/dkn-technology.com\/fr\/produit\/multifunctional-station-4\/","title":{"rendered":"MULTIFUNCTIONAL STATION 4"},"content":{"rendered":"<p>Voici la STATION MULTIFONCTIONNELLE 4 de DKN-Technology &#8211; votre centrale de conditionnement physique tout-en-un !<\/p>\n<p>\u00cates-vous pr\u00eat \u00e0 \u00e9lever votre programme de remise en forme \u00e0 de nouveaux sommets ? La station multifonctionnelle DKN-Technology 4 est la solution id\u00e9ale. Ce remarquable \u00e9quipement de fitness offre un large \u00e9ventail de fonctions con\u00e7ues pour cibler chaque groupe musculaire de votre corps, garantissant une exp\u00e9rience d&rsquo;entra\u00eenement compl\u00e8te et efficace. D\u00e9couvrons les caract\u00e9ristiques et les capacit\u00e9s exceptionnelles de cette centrale polyvalente :<\/p>\n<p><strong>Fonction B : High Low Pull Set<\/strong><\/p>\n<ul>\n<li><strong>Piles de poids :<\/strong> Avec un ensemble robuste de 11 piles de poids individuels de 5 kg, plus une pile de poids suppl\u00e9mentaire de 5 kg, vous disposerez d&rsquo;une r\u00e9sistance impressionnante de 60 kg. Parfait pour d\u00e9velopper la force et sculpter votre physique, le High Low Pull Set vous permet d&rsquo;effectuer une large gamme d&rsquo;exercices pour cibler votre dos, vos \u00e9paules et vos bras.<\/li>\n<\/ul>\n<p><strong>Fonction C : Ensemble de mouches de la poitrine<\/strong><\/p>\n<ul>\n<li><strong>Piles de poids :<\/strong> Pr\u00e9parez-vous \u00e0 \u00eatre surpris par les 23 piles de poids individuelles de 5 kg, ainsi que par la pile de poids suppl\u00e9mentaire de 5 kg, offrant une r\u00e9sistance stup\u00e9fiante de 120 kg. Le Chest Fly Set est con\u00e7u pour vous aider \u00e0 obtenir une poitrine cisel\u00e9e et des muscles pectoraux bien d\u00e9finis. Dites adieu aux limitations et adoptez l&rsquo;entra\u00eenement ultime pour la poitrine.<\/li>\n<\/ul>\n<p><strong>Fonction E : Ensemble barres horizontales et parall\u00e8les<\/strong><\/p>\n<ul>\n<li><strong>Empilement de poids :<\/strong> Bien que l&rsquo;ensemble de barres horizontales et parall\u00e8les ne n\u00e9cessite pas d&#8217;empilage de poids, il offre un potentiel illimit\u00e9 pour les exercices au poids du corps. Renforcez votre tronc, am\u00e9liorez votre \u00e9quilibre et d\u00e9veloppez une force incroyable pour le haut du corps gr\u00e2ce \u00e0 ces barres polyvalentes. Que vous fassiez des dips, des lev\u00e9es de jambes ou des rang\u00e9es invers\u00e9es, cette fonction vous couvre.<\/li>\n<\/ul>\n<p><strong>Fonction F : Jeu de mouches unilat\u00e9rales<\/strong><\/p>\n<ul>\n<li><strong>Les piles de poids :<\/strong> Avec une r\u00e9sistance substantielle de 60 kg, l&rsquo;ensemble de mouches unilat\u00e9rales est con\u00e7u pour la pr\u00e9cision et le d\u00e9veloppement musculaire unilat\u00e9ral. Isolez et renforcez facilement des groupes musculaires sp\u00e9cifiques. Qu&rsquo;il s&rsquo;agisse de la poitrine, des \u00e9paules ou du haut du dos, cette fonction garantit des r\u00e9sultats optimaux et un \u00e9quilibre musculaire.<\/li>\n<\/ul>\n<p><strong>Fonction G : S\u00e9rie de presses thoraciques assises<\/strong><\/p>\n<ul>\n<li><strong>Les piles de poids :<\/strong> Dot\u00e9 d&rsquo;une r\u00e9sistance redoutable de 60 kg, l&rsquo;ensemble de presses thoraciques assises est la cl\u00e9 qui vous permettra de lib\u00e9rer tout le potentiel de votre poitrine. Obtenez un haut du corps robuste gr\u00e2ce \u00e0 des exercices cibl\u00e9s pour la poitrine et les triceps. Cette fonction garantit une exp\u00e9rience de pressage de la poitrine s\u00fbre et efficace.<\/li>\n<\/ul>\n<p>La station multifonctionnelle DKN-Technology 4 est con\u00e7ue pour r\u00e9sister \u00e0 des s\u00e9ances d&rsquo;entra\u00eenement rigoureuses tout en offrant une polyvalence in\u00e9gal\u00e9e pour votre parcours de remise en forme. Ses piles de poids con\u00e7ues avec pr\u00e9cision, ainsi que la gamme dynamique de fonctions, vous permettent de personnaliser vos s\u00e9ances d&rsquo;entra\u00eenement en fonction de vos objectifs de remise en forme. Que vous cherchiez \u00e0 d\u00e9velopper votre force, \u00e0 sculpter votre physique ou \u00e0 am\u00e9liorer votre condition physique g\u00e9n\u00e9rale, cette station multifonctionnelle est votre partenaire id\u00e9al. La STATION MULTIFONCTIONNELLE 4 de DKN-Technology vous permet d&rsquo;am\u00e9liorer votre entra\u00eenement, de le rendre plus vari\u00e9 et d&rsquo;obtenir de meilleurs r\u00e9sultats.<\/p>\n","protected":false},"excerpt":{"rendered":"<p>Adaptable \u00e0 tous les niveaux de comp\u00e9tence &#8211; Mouvements naturels sans effort &#8211; Polyvalence de l&rsquo;espace &#8211; Personnalisation multi-stations &#8211; Solution d&rsquo;entra\u00eenement inclusive<\/p>\n","protected":false},"featured_media":31007,"template":"","meta":{"_acf_changed":false,"inline_featured_image":false,"_monsterinsights_skip_tracking":false,"_monsterinsights_sitenote_active":false,"_monsterinsights_sitenote_note":"","_monsterinsights_sitenote_category":0},"product_brand":[],"product_cat":[83],"product_tag":[],"class_list":{"0":"post-10814","1":"product","2":"type-product","3":"status-publish","4":"has-post-thumbnail","6":"product_cat-force","7":"product_shipping_class-jusqua-300-kg","9":"first","10":"outofstock","11":"taxable","12":"shipping-taxable","13":"purchasable","14":"product-type-variable","15":"has-default-attributes"},"acf":[],"yoast_head":"<!-- This site is optimized with the Yoast SEO plugin v27.4 - https:\/\/yoast.com\/product\/yoast-seo-wordpress\/ -->\n<title>MULTIFUNCTIONAL STATION 4 - DKN-Technology<\/title>\n<meta name=\"robots\" content=\"index, follow, max-snippet:-1, max-image-preview:large, max-video-preview:-1\" \/>\n<link rel=\"canonical\" href=\"https:\/\/dkn-technology.com\/fr\/produit\/multifunctional-station-4\/\" \/>\n<meta property=\"og:locale\" content=\"fr_FR\" \/>\n<meta property=\"og:type\" content=\"article\" \/>\n<meta property=\"og:title\" content=\"MULTIFUNCTIONAL STATION 4 - DKN-Technology\" \/>\n<meta property=\"og:description\" content=\"Adaptable \u00e0 tous les niveaux de comp\u00e9tence - Mouvements naturels sans effort - Polyvalence de l&#039;espace - Personnalisation multi-stations - Solution d&#039;entra\u00eenement inclusive\" \/>\n<meta property=\"og:url\" content=\"https:\/\/dkn-technology.com\/fr\/produit\/multifunctional-station-4\/\" \/>\n<meta property=\"og:site_name\" content=\"DKN-Technology\" \/>\n<meta property=\"article:publisher\" content=\"https:\/\/www.facebook.com\/dkntechnology\/\" \/>\n<meta property=\"article:modified_time\" content=\"2024-05-13T13:48:33+00:00\" \/>\n<meta property=\"og:image\" content=\"https:\/\/dkn-technology.com\/wp-content\/uploads\/2024\/04\/NEW-Multifunctional-station-4-20708.webp\" \/>\n\t<meta property=\"og:image:width\" content=\"1080\" \/>\n\t<meta property=\"og:image:height\" content=\"1080\" \/>\n\t<meta property=\"og:image:type\" content=\"image\/webp\" \/>\n<meta name=\"twitter:card\" content=\"summary_large_image\" \/>\n<meta name=\"twitter:label1\" content=\"Dur\u00e9e de lecture estim\u00e9e\" \/>\n\t<meta name=\"twitter:data1\" content=\"3 minutes\" \/>\n<script type=\"application\/ld+json\" class=\"yoast-schema-graph\">{\"@context\":\"https:\\\/\\\/schema.org\",\"@graph\":[{\"@type\":\"WebPage\",\"@id\":\"https:\\\/\\\/dkn-technology.com\\\/fr\\\/produit\\\/multifunctional-station-4\\\/\",\"url\":\"https:\\\/\\\/dkn-technology.com\\\/fr\\\/produit\\\/multifunctional-station-4\\\/\",\"name\":\"MULTIFUNCTIONAL STATION 4 - DKN-Technology\",\"isPartOf\":{\"@id\":\"https:\\\/\\\/dkn-technology.com\\\/#website\"},\"primaryImageOfPage\":{\"@id\":\"https:\\\/\\\/dkn-technology.com\\\/fr\\\/produit\\\/multifunctional-station-4\\\/#primaryimage\"},\"image\":{\"@id\":\"https:\\\/\\\/dkn-technology.com\\\/fr\\\/produit\\\/multifunctional-station-4\\\/#primaryimage\"},\"thumbnailUrl\":\"https:\\\/\\\/dkn-technology.com\\\/wp-content\\\/uploads\\\/2023\\\/09\\\/TEST-FEX-WEBSITE-74.png\",\"datePublished\":\"2023-09-07T12:43:45+00:00\",\"dateModified\":\"2024-05-13T13:48:33+00:00\",\"breadcrumb\":{\"@id\":\"https:\\\/\\\/dkn-technology.com\\\/fr\\\/produit\\\/multifunctional-station-4\\\/#breadcrumb\"},\"inLanguage\":\"fr-FR\",\"potentialAction\":[{\"@type\":\"ReadAction\",\"target\":[\"https:\\\/\\\/dkn-technology.com\\\/fr\\\/produit\\\/multifunctional-station-4\\\/\"]}]},{\"@type\":\"ImageObject\",\"inLanguage\":\"fr-FR\",\"@id\":\"https:\\\/\\\/dkn-technology.com\\\/fr\\\/produit\\\/multifunctional-station-4\\\/#primaryimage\",\"url\":\"https:\\\/\\\/dkn-technology.com\\\/wp-content\\\/uploads\\\/2023\\\/09\\\/TEST-FEX-WEBSITE-74.png\",\"contentUrl\":\"https:\\\/\\\/dkn-technology.com\\\/wp-content\\\/uploads\\\/2023\\\/09\\\/TEST-FEX-WEBSITE-74.png\",\"width\":1080,\"height\":1080},{\"@type\":\"BreadcrumbList\",\"@id\":\"https:\\\/\\\/dkn-technology.com\\\/fr\\\/produit\\\/multifunctional-station-4\\\/#breadcrumb\",\"itemListElement\":[{\"@type\":\"ListItem\",\"position\":1,\"name\":\"Home\",\"item\":\"https:\\\/\\\/dkn-technology.com\\\/nl\\\/\"},{\"@type\":\"ListItem\",\"position\":2,\"name\":\"Shop\",\"item\":\"https:\\\/\\\/dkn-technology.com\\\/fr\\\/shop\\\/\"},{\"@type\":\"ListItem\",\"position\":3,\"name\":\"MULTIFUNCTIONAL STATION 4\"}]},{\"@type\":\"WebSite\",\"@id\":\"https:\\\/\\\/dkn-technology.com\\\/#website\",\"url\":\"https:\\\/\\\/dkn-technology.com\\\/\",\"name\":\"DKN-Technology\",\"description\":\"Smart Fitness Solutions\",\"publisher\":{\"@id\":\"https:\\\/\\\/dkn-technology.com\\\/#organization\"},\"potentialAction\":[{\"@type\":\"SearchAction\",\"target\":{\"@type\":\"EntryPoint\",\"urlTemplate\":\"https:\\\/\\\/dkn-technology.com\\\/?s={search_term_string}\"},\"query-input\":{\"@type\":\"PropertyValueSpecification\",\"valueRequired\":true,\"valueName\":\"search_term_string\"}}],\"inLanguage\":\"fr-FR\"},{\"@type\":\"Organization\",\"@id\":\"https:\\\/\\\/dkn-technology.com\\\/#organization\",\"name\":\"DKN-Technology\",\"url\":\"https:\\\/\\\/dkn-technology.com\\\/\",\"logo\":{\"@type\":\"ImageObject\",\"inLanguage\":\"fr-FR\",\"@id\":\"https:\\\/\\\/dkn-technology.com\\\/#\\\/schema\\\/logo\\\/image\\\/\",\"url\":\"https:\\\/\\\/dkn-technology.com\\\/wp-content\\\/uploads\\\/2023\\\/01\\\/DKN-logo@4x.webp\",\"contentUrl\":\"https:\\\/\\\/dkn-technology.com\\\/wp-content\\\/uploads\\\/2023\\\/01\\\/DKN-logo@4x.webp\",\"width\":1933,\"height\":1029,\"caption\":\"DKN-Technology\"},\"image\":{\"@id\":\"https:\\\/\\\/dkn-technology.com\\\/#\\\/schema\\\/logo\\\/image\\\/\"},\"sameAs\":[\"https:\\\/\\\/www.facebook.com\\\/dkntechnology\\\/\",\"https:\\\/\\\/instagram.com\\\/dkntechnology\",\"https:\\\/\\\/www.youtube.com\\\/@DKN-Technology\",\"https:\\\/\\\/www.linkedin.com\\\/company\\\/dkn-technology-smart-fitness-solutions\"]}]}<\/script>\n<!-- \/ Yoast SEO plugin. -->","yoast_head_json":{"title":"MULTIFUNCTIONAL STATION 4 - DKN-Technology","robots":{"index":"index","follow":"follow","max-snippet":"max-snippet:-1","max-image-preview":"max-image-preview:large","max-video-preview":"max-video-preview:-1"},"canonical":"https:\/\/dkn-technology.com\/fr\/produit\/multifunctional-station-4\/","og_locale":"fr_FR","og_type":"article","og_title":"MULTIFUNCTIONAL STATION 4 - DKN-Technology","og_description":"Adaptable \u00e0 tous les niveaux de comp\u00e9tence - Mouvements naturels sans effort - Polyvalence de l'espace - Personnalisation multi-stations - Solution d'entra\u00eenement inclusive","og_url":"https:\/\/dkn-technology.com\/fr\/produit\/multifunctional-station-4\/","og_site_name":"DKN-Technology","article_publisher":"https:\/\/www.facebook.com\/dkntechnology\/","article_modified_time":"2024-05-13T13:48:33+00:00","og_image":[{"width":1080,"height":1080,"url":"https:\/\/dkn-technology.com\/wp-content\/uploads\/2024\/04\/NEW-Multifunctional-station-4-20708.webp","type":"image\/webp"}],"twitter_card":"summary_large_image","twitter_misc":{"Dur\u00e9e de lecture estim\u00e9e":"3 minutes"},"schema":{"@context":"https:\/\/schema.org","@graph":[{"@type":"WebPage","@id":"https:\/\/dkn-technology.com\/fr\/produit\/multifunctional-station-4\/","url":"https:\/\/dkn-technology.com\/fr\/produit\/multifunctional-station-4\/","name":"MULTIFUNCTIONAL STATION 4 - DKN-Technology","isPartOf":{"@id":"https:\/\/dkn-technology.com\/#website"},"primaryImageOfPage":{"@id":"https:\/\/dkn-technology.com\/fr\/produit\/multifunctional-station-4\/#primaryimage"},"image":{"@id":"https:\/\/dkn-technology.com\/fr\/produit\/multifunctional-station-4\/#primaryimage"},"thumbnailUrl":"https:\/\/dkn-technology.com\/wp-content\/uploads\/2023\/09\/TEST-FEX-WEBSITE-74.png","datePublished":"2023-09-07T12:43:45+00:00","dateModified":"2024-05-13T13:48:33+00:00","breadcrumb":{"@id":"https:\/\/dkn-technology.com\/fr\/produit\/multifunctional-station-4\/#breadcrumb"},"inLanguage":"fr-FR","potentialAction":[{"@type":"ReadAction","target":["https:\/\/dkn-technology.com\/fr\/produit\/multifunctional-station-4\/"]}]},{"@type":"ImageObject","inLanguage":"fr-FR","@id":"https:\/\/dkn-technology.com\/fr\/produit\/multifunctional-station-4\/#primaryimage","url":"https:\/\/dkn-technology.com\/wp-content\/uploads\/2023\/09\/TEST-FEX-WEBSITE-74.png","contentUrl":"https:\/\/dkn-technology.com\/wp-content\/uploads\/2023\/09\/TEST-FEX-WEBSITE-74.png","width":1080,"height":1080},{"@type":"BreadcrumbList","@id":"https:\/\/dkn-technology.com\/fr\/produit\/multifunctional-station-4\/#breadcrumb","itemListElement":[{"@type":"ListItem","position":1,"name":"Home","item":"https:\/\/dkn-technology.com\/nl\/"},{"@type":"ListItem","position":2,"name":"Shop","item":"https:\/\/dkn-technology.com\/fr\/shop\/"},{"@type":"ListItem","position":3,"name":"MULTIFUNCTIONAL STATION 4"}]},{"@type":"WebSite","@id":"https:\/\/dkn-technology.com\/#website","url":"https:\/\/dkn-technology.com\/","name":"DKN-Technology","description":"Smart Fitness Solutions","publisher":{"@id":"https:\/\/dkn-technology.com\/#organization"},"potentialAction":[{"@type":"SearchAction","target":{"@type":"EntryPoint","urlTemplate":"https:\/\/dkn-technology.com\/?s={search_term_string}"},"query-input":{"@type":"PropertyValueSpecification","valueRequired":true,"valueName":"search_term_string"}}],"inLanguage":"fr-FR"},{"@type":"Organization","@id":"https:\/\/dkn-technology.com\/#organization","name":"DKN-Technology","url":"https:\/\/dkn-technology.com\/","logo":{"@type":"ImageObject","inLanguage":"fr-FR","@id":"https:\/\/dkn-technology.com\/#\/schema\/logo\/image\/","url":"https:\/\/dkn-technology.com\/wp-content\/uploads\/2023\/01\/DKN-logo@4x.webp","contentUrl":"https:\/\/dkn-technology.com\/wp-content\/uploads\/2023\/01\/DKN-logo@4x.webp","width":1933,"height":1029,"caption":"DKN-Technology"},"image":{"@id":"https:\/\/dkn-technology.com\/#\/schema\/logo\/image\/"},"sameAs":["https:\/\/www.facebook.com\/dkntechnology\/","https:\/\/instagram.com\/dkntechnology","https:\/\/www.youtube.com\/@DKN-Technology","https:\/\/www.linkedin.com\/company\/dkn-technology-smart-fitness-solutions"]}]}},"_links":{"self":[{"href":"https:\/\/dkn-technology.com\/fr\/wp-json\/wp\/v2\/product\/10814","targetHints":{"allow":["GET"]}}],"collection":[{"href":"https:\/\/dkn-technology.com\/fr\/wp-json\/wp\/v2\/product"}],"about":[{"href":"https:\/\/dkn-technology.com\/fr\/wp-json\/wp\/v2\/types\/product"}],"version-history":[{"count":6,"href":"https:\/\/dkn-technology.com\/fr\/wp-json\/wp\/v2\/product\/10814\/revisions"}],"predecessor-version":[{"id":16450,"href":"https:\/\/dkn-technology.com\/fr\/wp-json\/wp\/v2\/product\/10814\/revisions\/16450"}],"wp:featuredmedia":[{"embeddable":true,"href":"https:\/\/dkn-technology.com\/fr\/wp-json\/wp\/v2\/media\/31007"}],"wp:attachment":[{"href":"https:\/\/dkn-technology.com\/fr\/wp-json\/wp\/v2\/media?parent=10814"}],"wp:term":[{"taxonomy":"product_brand","embeddable":true,"href":"https:\/\/dkn-technology.com\/fr\/wp-json\/wp\/v2\/product_brand?post=10814"},{"taxonomy":"product_cat","embeddable":true,"href":"https:\/\/dkn-technology.com\/fr\/wp-json\/wp\/v2\/product_cat?post=10814"},{"taxonomy":"product_tag","embeddable":true,"href":"https:\/\/dkn-technology.com\/fr\/wp-json\/wp\/v2\/product_tag?post=10814"}],"curies":[{"name":"wp","href":"https:\/\/api.w.org\/{rel}","templated":true}]}}