{"id":10846,"date":"2023-09-07T14:43:44","date_gmt":"2023-09-07T12:43:44","guid":{"rendered":"https:\/\/dkn-technology.com\/?post_type=product&#038;p=10846"},"modified":"2025-09-23T14:10:30","modified_gmt":"2025-09-23T12:10:30","slug":"smart-functional-trainer","status":"publish","type":"product","link":"https:\/\/dkn-technology.com\/fr\/produit\/smart-functional-trainer\/","title":{"rendered":"SMART FUNCTIONAL TRAINER"},"content":{"rendered":"<div class=\"page\" title=\"Page 7\">\n<div class=\"section\">\n<div class=\"layoutArea\">\n<div class=\"column\">\n<p>Introduction de la Smart Functional Trainer: Votre destination ultime pour des s\u00e9ances d&rsquo;entra\u00eenement compl\u00e8tes et intelligentes pour l&rsquo;ensemble du corps !<\/p>\n<p>La Smart Functional Trainer repr\u00e9sente un bond en avant dans l&rsquo;\u00e9quipement d&rsquo;exercice, m\u00e9ticuleusement con\u00e7u pour offrir une exp\u00e9rience d&rsquo;entra\u00eenement holistique et intelligente qui cible tous les principaux groupes musculaires de votre corps. Cette solution de fitness innovante harmonise une technologie de pointe avec un engagement in\u00e9branlable en mati\u00e8re de s\u00e9curit\u00e9 et de conception, offrant aux utilisateurs un moyen polyvalent et hautement efficace d&rsquo;am\u00e9liorer leur parcours de remise en forme.<\/p>\n<p><strong>Caract\u00e9ristiques principales:<\/strong><\/p>\n<p><strong>Entra\u00eenement complet:<\/strong> La Smart Functional Trainer dispose d&rsquo;un vaste r\u00e9pertoire d&rsquo;options d&rsquo;exercices, permettant aux utilisateurs de solliciter l&rsquo;ensemble de leur corps au cours d&rsquo;une seule s\u00e9ance d&rsquo;entra\u00eenement parfaitement int\u00e9gr\u00e9e. De la musculation revigorante aux exercices cardiovasculaires stimulants, cette station a tout ce qu&rsquo;il faut, ce qui en fait le choix id\u00e9al pour les personnes qui recherchent l&rsquo;excellence en mati\u00e8re de remise en forme.<\/p>\n<p><strong>Entra\u00eenement intelligent:<\/strong> \u00c9quip\u00e9e de capteurs avanc\u00e9s et d&rsquo;une intelligence artificielle (IA) parfaitement int\u00e9gr\u00e9e, la Smart Functional Trainer fournit un retour d&rsquo;information en temps r\u00e9el et des recommandations d&rsquo;entra\u00eenement personnalis\u00e9es. L&rsquo;IA s&rsquo;adapte dynamiquement au niveau de forme et aux aspirations de l&rsquo;utilisateur, garantissant que chaque s\u00e9ance d&rsquo;entra\u00eenement est m\u00e9ticuleusement adapt\u00e9e \u00e0 ses besoins uniques, ce qui permet d&rsquo;obtenir des r\u00e9sultats optimaux.<\/p>\n<p><strong>Conception s\u00e9curis\u00e9e:<\/strong> La s\u00e9curit\u00e9 reste notre priorit\u00e9 absolue. La Smart Functional Trainer est dot\u00e9e de m\u00e9canismes de s\u00e9curit\u00e9 robustes, m\u00e9ticuleusement con\u00e7us pour \u00e9viter toute blessure potentielle pendant les s\u00e9ances d&rsquo;entra\u00eenement. Des caract\u00e9ristiques telles que l&rsquo;ajustement automatique du poids, des poign\u00e9es s\u00fbres et un design ergonomique garantissent que les utilisateurs peuvent s&rsquo;exercer en toute confiance et sans le moindre risque.<\/p>\n<p><strong>Exp\u00e9rience connect\u00e9e:<\/strong> La station est con\u00e7ue de mani\u00e8re \u00e0 faciliter une connexion transparente \u00e0 une application compl\u00e9mentaire, permettant aux utilisateurs de suivre m\u00e9ticuleusement leurs progr\u00e8s, de fixer des objectifs stimulants et d&rsquo;analyser minutieusement leurs performances au fil du temps. Cette exp\u00e9rience interactive et immersive apporte une dimension motivationnelle \u00e0 vos s\u00e9ances d&rsquo;entra\u00eenement, vous aidant \u00e0 rester constamment engag\u00e9 et \u00e0 atteindre vos objectifs de remise en forme.<\/p>\n<p><strong>Peu encombrante:<\/strong> La Smart Functional Trainer a \u00e9t\u00e9 con\u00e7ue dans un souci d&rsquo;\u00e9conomie d&rsquo;espace. Son encombrement r\u00e9duit lui permet de s&rsquo;int\u00e9grer parfaitement dans diff\u00e9rents environnements, qu&rsquo;il s&rsquo;agisse d&rsquo;une salle de sport \u00e0 domicile, d&rsquo;un studio de remise en forme ou d&rsquo;un espace d&rsquo;entra\u00eenement confortable \u00e0 la maison.<\/p>\n<p><strong>R\u00e9sistance r\u00e9glable:<\/strong> Notre station offre une gamme impressionnante de niveaux de r\u00e9sistance, pour r\u00e9pondre aux besoins des utilisateurs de tous niveaux de condition physique. Cette adaptabilit\u00e9 in\u00e9gal\u00e9e permet aux d\u00e9butants comme aux athl\u00e8tes chevronn\u00e9s de profiter des avantages extraordinaires de cet \u00e9quipement polyvalent.<\/p>\n<p><strong>Interface conviviale:<\/strong> Notre interface intuitive et facile \u00e0 naviguer garantit que chacun, quel que soit son \u00e2ge ou son expertise technique, peut acc\u00e9der confortablement et commod\u00e9ment \u00e0 la Smart Functional Trainer et en exploiter la puissance.<\/p>\n<p>Que vous soyez un fervent adepte du fitness, un nouveau venu qui se lance dans un mode de vie plus sain ou quelqu&rsquo;un qui a des aspirations sp\u00e9cifiques en mati\u00e8re de fitness, la Smart Functional Trainer est votre compagnon de fitness tout-en-un. Avec ses s\u00e9ances d&rsquo;entra\u00eenement compl\u00e8tes, ses fonctions intelligentes et son engagement in\u00e9branlable en faveur de la s\u00e9curit\u00e9 et de l&rsquo;excellence de la conception, il est absolument indispensable \u00e0 toute personne souhaitant s&rsquo;entra\u00eener de mani\u00e8re efficace et efficiente. Embarquez d\u00e8s aujourd&rsquo;hui pour un voyage transformateur vers une vie plus forte et plus saine gr\u00e2ce \u00e0 la Smart Functional Trainer!<\/p>\n<\/div>\n<\/div>\n<\/div>\n<\/div>\n","protected":false},"excerpt":{"rendered":"<p>Syst\u00e8me de r\u00e9sistance intelligent &#8211; \u00c9cran tactile interactif &#8211; Communaut\u00e9 de fitness connect\u00e9e &#8211; Conception et ing\u00e9nierie avanc\u00e9es &#8211; Divertissement multim\u00e9dia<\/p>\n","protected":false},"featured_media":21324,"template":"","meta":{"_acf_changed":false,"inline_featured_image":false,"_monsterinsights_skip_tracking":false,"_monsterinsights_sitenote_active":false,"_monsterinsights_sitenote_note":"","_monsterinsights_sitenote_category":0},"product_brand":[],"product_cat":[83,300],"product_tag":[],"class_list":{"0":"post-10846","1":"product","2":"type-product","3":"status-publish","4":"has-post-thumbnail","6":"product_cat-force","7":"product_cat-smart-training-machines","8":"product_shipping_class-jusqua-300-kg","10":"first","11":"outofstock","12":"taxable","13":"shipping-taxable","14":"purchasable","15":"product-type-variable","16":"has-default-attributes"},"acf":[],"yoast_head":"<!-- This site is optimized with the Yoast SEO plugin v27.3 - https:\/\/yoast.com\/product\/yoast-seo-wordpress\/ -->\n<title>SMART FUNCTIONAL TRAINER - DKN-Technology<\/title>\n<meta name=\"robots\" content=\"index, follow, max-snippet:-1, max-image-preview:large, max-video-preview:-1\" \/>\n<link rel=\"canonical\" href=\"https:\/\/dkn-technology.com\/fr\/produit\/smart-functional-trainer\/\" \/>\n<meta property=\"og:locale\" content=\"fr_FR\" \/>\n<meta property=\"og:type\" content=\"article\" \/>\n<meta property=\"og:title\" content=\"SMART FUNCTIONAL TRAINER - DKN-Technology\" \/>\n<meta property=\"og:description\" content=\"Syst\u00e8me de r\u00e9sistance intelligent - \u00c9cran tactile interactif - Communaut\u00e9 de fitness connect\u00e9e - Conception et ing\u00e9nierie avanc\u00e9es - Divertissement multim\u00e9dia\" \/>\n<meta property=\"og:url\" content=\"https:\/\/dkn-technology.com\/fr\/produit\/smart-functional-trainer\/\" \/>\n<meta property=\"og:site_name\" content=\"DKN-Technology\" \/>\n<meta property=\"article:publisher\" content=\"https:\/\/www.facebook.com\/dkntechnology\/\" \/>\n<meta property=\"article:modified_time\" content=\"2025-09-23T12:10:30+00:00\" \/>\n<meta property=\"og:image\" content=\"https:\/\/dkn-technology.com\/wp-content\/uploads\/2023\/09\/DKN-Smart-Functional-Trainer-01-scaled.webp\" \/>\n\t<meta property=\"og:image:width\" content=\"2560\" \/>\n\t<meta property=\"og:image:height\" content=\"2560\" \/>\n\t<meta property=\"og:image:type\" content=\"image\/webp\" \/>\n<meta name=\"twitter:card\" content=\"summary_large_image\" \/>\n<meta name=\"twitter:label1\" content=\"Dur\u00e9e de lecture estim\u00e9e\" \/>\n\t<meta name=\"twitter:data1\" content=\"3 minutes\" \/>\n<script type=\"application\/ld+json\" class=\"yoast-schema-graph\">{\"@context\":\"https:\\\/\\\/schema.org\",\"@graph\":[{\"@type\":\"WebPage\",\"@id\":\"https:\\\/\\\/dkn-technology.com\\\/fr\\\/produit\\\/smart-functional-trainer\\\/\",\"url\":\"https:\\\/\\\/dkn-technology.com\\\/fr\\\/produit\\\/smart-functional-trainer\\\/\",\"name\":\"SMART FUNCTIONAL TRAINER - DKN-Technology\",\"isPartOf\":{\"@id\":\"https:\\\/\\\/dkn-technology.com\\\/#website\"},\"primaryImageOfPage\":{\"@id\":\"https:\\\/\\\/dkn-technology.com\\\/fr\\\/produit\\\/smart-functional-trainer\\\/#primaryimage\"},\"image\":{\"@id\":\"https:\\\/\\\/dkn-technology.com\\\/fr\\\/produit\\\/smart-functional-trainer\\\/#primaryimage\"},\"thumbnailUrl\":\"https:\\\/\\\/dkn-technology.com\\\/wp-content\\\/uploads\\\/2023\\\/09\\\/DKN-Smart-Functional-Trainer-01-scaled.webp\",\"datePublished\":\"2023-09-07T12:43:44+00:00\",\"dateModified\":\"2025-09-23T12:10:30+00:00\",\"breadcrumb\":{\"@id\":\"https:\\\/\\\/dkn-technology.com\\\/fr\\\/produit\\\/smart-functional-trainer\\\/#breadcrumb\"},\"inLanguage\":\"fr-FR\",\"potentialAction\":[{\"@type\":\"ReadAction\",\"target\":[\"https:\\\/\\\/dkn-technology.com\\\/fr\\\/produit\\\/smart-functional-trainer\\\/\"]}]},{\"@type\":\"ImageObject\",\"inLanguage\":\"fr-FR\",\"@id\":\"https:\\\/\\\/dkn-technology.com\\\/fr\\\/produit\\\/smart-functional-trainer\\\/#primaryimage\",\"url\":\"https:\\\/\\\/dkn-technology.com\\\/wp-content\\\/uploads\\\/2023\\\/09\\\/DKN-Smart-Functional-Trainer-01-scaled.webp\",\"contentUrl\":\"https:\\\/\\\/dkn-technology.com\\\/wp-content\\\/uploads\\\/2023\\\/09\\\/DKN-Smart-Functional-Trainer-01-scaled.webp\",\"width\":2560,\"height\":2560},{\"@type\":\"BreadcrumbList\",\"@id\":\"https:\\\/\\\/dkn-technology.com\\\/fr\\\/produit\\\/smart-functional-trainer\\\/#breadcrumb\",\"itemListElement\":[{\"@type\":\"ListItem\",\"position\":1,\"name\":\"Home\",\"item\":\"https:\\\/\\\/dkn-technology.com\\\/nl\\\/\"},{\"@type\":\"ListItem\",\"position\":2,\"name\":\"Shop\",\"item\":\"https:\\\/\\\/dkn-technology.com\\\/fr\\\/shop\\\/\"},{\"@type\":\"ListItem\",\"position\":3,\"name\":\"SMART FUNCTIONAL TRAINER\"}]},{\"@type\":\"WebSite\",\"@id\":\"https:\\\/\\\/dkn-technology.com\\\/#website\",\"url\":\"https:\\\/\\\/dkn-technology.com\\\/\",\"name\":\"DKN-Technology\",\"description\":\"Smart Fitness Solutions\",\"publisher\":{\"@id\":\"https:\\\/\\\/dkn-technology.com\\\/#organization\"},\"potentialAction\":[{\"@type\":\"SearchAction\",\"target\":{\"@type\":\"EntryPoint\",\"urlTemplate\":\"https:\\\/\\\/dkn-technology.com\\\/?s={search_term_string}\"},\"query-input\":{\"@type\":\"PropertyValueSpecification\",\"valueRequired\":true,\"valueName\":\"search_term_string\"}}],\"inLanguage\":\"fr-FR\"},{\"@type\":\"Organization\",\"@id\":\"https:\\\/\\\/dkn-technology.com\\\/#organization\",\"name\":\"DKN-Technology\",\"url\":\"https:\\\/\\\/dkn-technology.com\\\/\",\"logo\":{\"@type\":\"ImageObject\",\"inLanguage\":\"fr-FR\",\"@id\":\"https:\\\/\\\/dkn-technology.com\\\/#\\\/schema\\\/logo\\\/image\\\/\",\"url\":\"https:\\\/\\\/dkn-technology.com\\\/wp-content\\\/uploads\\\/2023\\\/01\\\/DKN-logo@4x.webp\",\"contentUrl\":\"https:\\\/\\\/dkn-technology.com\\\/wp-content\\\/uploads\\\/2023\\\/01\\\/DKN-logo@4x.webp\",\"width\":1933,\"height\":1029,\"caption\":\"DKN-Technology\"},\"image\":{\"@id\":\"https:\\\/\\\/dkn-technology.com\\\/#\\\/schema\\\/logo\\\/image\\\/\"},\"sameAs\":[\"https:\\\/\\\/www.facebook.com\\\/dkntechnology\\\/\",\"https:\\\/\\\/instagram.com\\\/dkntechnology\",\"https:\\\/\\\/www.youtube.com\\\/@DKN-Technology\",\"https:\\\/\\\/www.linkedin.com\\\/company\\\/dkn-technology-smart-fitness-solutions\"]}]}<\/script>\n<!-- \/ Yoast SEO plugin. -->","yoast_head_json":{"title":"SMART FUNCTIONAL TRAINER - DKN-Technology","robots":{"index":"index","follow":"follow","max-snippet":"max-snippet:-1","max-image-preview":"max-image-preview:large","max-video-preview":"max-video-preview:-1"},"canonical":"https:\/\/dkn-technology.com\/fr\/produit\/smart-functional-trainer\/","og_locale":"fr_FR","og_type":"article","og_title":"SMART FUNCTIONAL TRAINER - DKN-Technology","og_description":"Syst\u00e8me de r\u00e9sistance intelligent - \u00c9cran tactile interactif - Communaut\u00e9 de fitness connect\u00e9e - Conception et ing\u00e9nierie avanc\u00e9es - Divertissement multim\u00e9dia","og_url":"https:\/\/dkn-technology.com\/fr\/produit\/smart-functional-trainer\/","og_site_name":"DKN-Technology","article_publisher":"https:\/\/www.facebook.com\/dkntechnology\/","article_modified_time":"2025-09-23T12:10:30+00:00","og_image":[{"width":2560,"height":2560,"url":"https:\/\/dkn-technology.com\/wp-content\/uploads\/2023\/09\/DKN-Smart-Functional-Trainer-01-scaled.webp","type":"image\/webp"}],"twitter_card":"summary_large_image","twitter_misc":{"Dur\u00e9e de lecture estim\u00e9e":"3 minutes"},"schema":{"@context":"https:\/\/schema.org","@graph":[{"@type":"WebPage","@id":"https:\/\/dkn-technology.com\/fr\/produit\/smart-functional-trainer\/","url":"https:\/\/dkn-technology.com\/fr\/produit\/smart-functional-trainer\/","name":"SMART FUNCTIONAL TRAINER - DKN-Technology","isPartOf":{"@id":"https:\/\/dkn-technology.com\/#website"},"primaryImageOfPage":{"@id":"https:\/\/dkn-technology.com\/fr\/produit\/smart-functional-trainer\/#primaryimage"},"image":{"@id":"https:\/\/dkn-technology.com\/fr\/produit\/smart-functional-trainer\/#primaryimage"},"thumbnailUrl":"https:\/\/dkn-technology.com\/wp-content\/uploads\/2023\/09\/DKN-Smart-Functional-Trainer-01-scaled.webp","datePublished":"2023-09-07T12:43:44+00:00","dateModified":"2025-09-23T12:10:30+00:00","breadcrumb":{"@id":"https:\/\/dkn-technology.com\/fr\/produit\/smart-functional-trainer\/#breadcrumb"},"inLanguage":"fr-FR","potentialAction":[{"@type":"ReadAction","target":["https:\/\/dkn-technology.com\/fr\/produit\/smart-functional-trainer\/"]}]},{"@type":"ImageObject","inLanguage":"fr-FR","@id":"https:\/\/dkn-technology.com\/fr\/produit\/smart-functional-trainer\/#primaryimage","url":"https:\/\/dkn-technology.com\/wp-content\/uploads\/2023\/09\/DKN-Smart-Functional-Trainer-01-scaled.webp","contentUrl":"https:\/\/dkn-technology.com\/wp-content\/uploads\/2023\/09\/DKN-Smart-Functional-Trainer-01-scaled.webp","width":2560,"height":2560},{"@type":"BreadcrumbList","@id":"https:\/\/dkn-technology.com\/fr\/produit\/smart-functional-trainer\/#breadcrumb","itemListElement":[{"@type":"ListItem","position":1,"name":"Home","item":"https:\/\/dkn-technology.com\/nl\/"},{"@type":"ListItem","position":2,"name":"Shop","item":"https:\/\/dkn-technology.com\/fr\/shop\/"},{"@type":"ListItem","position":3,"name":"SMART FUNCTIONAL TRAINER"}]},{"@type":"WebSite","@id":"https:\/\/dkn-technology.com\/#website","url":"https:\/\/dkn-technology.com\/","name":"DKN-Technology","description":"Smart Fitness Solutions","publisher":{"@id":"https:\/\/dkn-technology.com\/#organization"},"potentialAction":[{"@type":"SearchAction","target":{"@type":"EntryPoint","urlTemplate":"https:\/\/dkn-technology.com\/?s={search_term_string}"},"query-input":{"@type":"PropertyValueSpecification","valueRequired":true,"valueName":"search_term_string"}}],"inLanguage":"fr-FR"},{"@type":"Organization","@id":"https:\/\/dkn-technology.com\/#organization","name":"DKN-Technology","url":"https:\/\/dkn-technology.com\/","logo":{"@type":"ImageObject","inLanguage":"fr-FR","@id":"https:\/\/dkn-technology.com\/#\/schema\/logo\/image\/","url":"https:\/\/dkn-technology.com\/wp-content\/uploads\/2023\/01\/DKN-logo@4x.webp","contentUrl":"https:\/\/dkn-technology.com\/wp-content\/uploads\/2023\/01\/DKN-logo@4x.webp","width":1933,"height":1029,"caption":"DKN-Technology"},"image":{"@id":"https:\/\/dkn-technology.com\/#\/schema\/logo\/image\/"},"sameAs":["https:\/\/www.facebook.com\/dkntechnology\/","https:\/\/instagram.com\/dkntechnology","https:\/\/www.youtube.com\/@DKN-Technology","https:\/\/www.linkedin.com\/company\/dkn-technology-smart-fitness-solutions"]}]}},"_links":{"self":[{"href":"https:\/\/dkn-technology.com\/fr\/wp-json\/wp\/v2\/product\/10846","targetHints":{"allow":["GET"]}}],"collection":[{"href":"https:\/\/dkn-technology.com\/fr\/wp-json\/wp\/v2\/product"}],"about":[{"href":"https:\/\/dkn-technology.com\/fr\/wp-json\/wp\/v2\/types\/product"}],"version-history":[{"count":17,"href":"https:\/\/dkn-technology.com\/fr\/wp-json\/wp\/v2\/product\/10846\/revisions"}],"predecessor-version":[{"id":31638,"href":"https:\/\/dkn-technology.com\/fr\/wp-json\/wp\/v2\/product\/10846\/revisions\/31638"}],"wp:featuredmedia":[{"embeddable":true,"href":"https:\/\/dkn-technology.com\/fr\/wp-json\/wp\/v2\/media\/21324"}],"wp:attachment":[{"href":"https:\/\/dkn-technology.com\/fr\/wp-json\/wp\/v2\/media?parent=10846"}],"wp:term":[{"taxonomy":"product_brand","embeddable":true,"href":"https:\/\/dkn-technology.com\/fr\/wp-json\/wp\/v2\/product_brand?post=10846"},{"taxonomy":"product_cat","embeddable":true,"href":"https:\/\/dkn-technology.com\/fr\/wp-json\/wp\/v2\/product_cat?post=10846"},{"taxonomy":"product_tag","embeddable":true,"href":"https:\/\/dkn-technology.com\/fr\/wp-json\/wp\/v2\/product_tag?post=10846"}],"curies":[{"name":"wp","href":"https:\/\/api.w.org\/{rel}","templated":true}]}}