{"id":10906,"date":"2023-09-07T14:43:43","date_gmt":"2023-09-07T12:43:43","guid":{"rendered":"https:\/\/dkn-technology.com\/?post_type=product&#038;p=10906"},"modified":"2025-09-23T13:35:59","modified_gmt":"2025-09-23T11:35:59","slug":"rb-pro","status":"publish","type":"product","link":"https:\/\/dkn-technology.com\/fr\/produit\/rb-pro\/","title":{"rendered":"RB PRO"},"content":{"rendered":"<div class=\"page\" title=\"Page 1\">\n<div class=\"section\">\n<div class=\"layoutArea\">\n<div class=\"column\">\n<div class=\"page\" title=\"Page 1\">\n<div class=\"section\">\n<div class=\"layoutArea\">\n<div class=\"column\">\n<div class=\"page\" title=\"Page 1\">\n<div class=\"section\">\n<div class=\"layoutArea\">\n<div class=\"column\">\n<p>Voici le v\u00e9lo PRO RECUMBENT : votre porte d&rsquo;entr\u00e9e pour une remise en forme confortable et riche en fonctionnalit\u00e9s !<\/p>\n<p>D\u00e9couvrez une nouvelle dimension du fitness avec notre PRO RECUMBENT BIKE, m\u00e9ticuleusement con\u00e7u pour vous offrir l&rsquo;exp\u00e9rience ultime de l&rsquo;entra\u00eenement. Ce v\u00e9lo d&rsquo;exercice exceptionnel combine l&rsquo;excellence ergonomique, la technologie de pointe et une polyvalence in\u00e9gal\u00e9e pour am\u00e9liorer votre parcours de remise en forme.<\/p>\n<p><strong>Caract\u00e9ristiques principales :<\/strong><\/p>\n<p><strong>Conception en escalier :<\/strong> Notre PRO RECUMBENT BIKE est dot\u00e9 d&rsquo;un syst\u00e8me de passage pratique, qui garantit un acc\u00e8s facile et sans probl\u00e8me. Dites adieu aux mont\u00e9es et descentes maladroites et rendez vos s\u00e9ances d&rsquo;entra\u00eenement plus accessibles et plus agr\u00e9ables.<\/p>\n<p><strong>Performance douce et silencieuse :<\/strong> \u00c9quip\u00e9 d&rsquo;une roue d&rsquo;inertie magn\u00e9tique de 8 kg et d&rsquo;un roulement \u00e0 une voie, notre v\u00e9lo permet des entra\u00eenements exceptionnellement doux et silencieux. Appr\u00e9ciez la sensation d&rsquo;un p\u00e9dalage sans effort tout en atteignant vos objectifs de remise en forme.<\/p>\n<p><strong>R\u00e9sistance personnalisable :<\/strong> Contr\u00f4lez l&rsquo;intensit\u00e9 de votre entra\u00eenement gr\u00e2ce aux 32 niveaux de r\u00e9sistance motoris\u00e9e. Que vous recherchiez une promenade tranquille ou un d\u00e9fi intense, notre v\u00e9lo s&rsquo;adapte \u00e0 vos pr\u00e9f\u00e9rences et vous offre une exp\u00e9rience d&rsquo;exercice sur mesure.<\/p>\n<p><strong>\u00c9cran tactile TFT interactif de 21,5 pouces :<\/strong> Plongez dans votre parcours de remise en forme gr\u00e2ce \u00e0 notre grand \u00e9cran tactile TFT de 21,5 pouces. Contr\u00f4lez et suivez vos progr\u00e8s sans effort tout en b\u00e9n\u00e9ficiant d&rsquo;un acc\u00e8s \u00e0 une pl\u00e9thore de fonctionnalit\u00e9s.<\/p>\n<p><strong>La connectivit\u00e9 au bout des doigts :<\/strong> Restez connect\u00e9 et diverti pendant vos s\u00e9ances d&rsquo;entra\u00eenement gr\u00e2ce \u00e0 la connectivit\u00e9 Bluetooth pour les haut-parleurs. Acc\u00e9dez \u00e0 des donn\u00e9es en temps r\u00e9el, notamment la dur\u00e9e, la vitesse, le nombre de tours par minute, la distance, la fr\u00e9quence cardiaque, la zone de fr\u00e9quence cardiaque, l&rsquo;indice d&rsquo;adiposit\u00e9 corporelle (BAI), les calories br\u00fbl\u00e9es et la puissance en watts. Notre v\u00e9lo dispose m\u00eame d&rsquo;une fonction 400m-Lap et d&rsquo;une fonction Pause tr\u00e8s pratique.<\/p>\n<p><strong>Vari\u00e9t\u00e9 de programmes :<\/strong> Choisissez parmi un large \u00e9ventail de programmes d&rsquo;entra\u00eenement, dont Quick Start, Interval Training, Map Your Route, Constant Power et 12 programmes pr\u00e9d\u00e9finis. Contr\u00f4lez votre fr\u00e9quence cardiaque gr\u00e2ce \u00e0 la fonctionnalit\u00e9 H.R. Control.<\/p>\n<p><strong>Connectivit\u00e9 en ligne :<\/strong> Restez en contact avec le monde pendant vos s\u00e9ances d&rsquo;entra\u00eenement gr\u00e2ce \u00e0 une connectivit\u00e9 transparente avec des plateformes populaires telles que WIFI-iconsole+, KINOMAP, YOUTUBE, SPOTIFY, FACEBOOK, TWITTER, INSTAGRAM, et bien plus encore. Notre v\u00e9lo est m\u00eame \u00e9quip\u00e9 d&rsquo;un support d\u00e9di\u00e9 aux tablettes et aux t\u00e9l\u00e9phones pour plus de commodit\u00e9.<\/p>\n<p><strong>Chargement sans fil :<\/strong> Gardez vos appareils sous tension gr\u00e2ce au chargeur intelligent sans fil int\u00e9gr\u00e9, qui vous permet de rester connect\u00e9 tout au long de votre s\u00e9ance d&rsquo;entra\u00eenement.<\/p>\n<p><strong>Touches rapides faciles d&rsquo;acc\u00e8s :<\/strong> Profitez d&rsquo;un contr\u00f4le sans effort gr\u00e2ce aux touches rapides situ\u00e9es sur le guidon, qui vous permettent d&rsquo;ajuster la r\u00e9sistance et les r\u00e9glages \u00e0 la vol\u00e9e.<\/p>\n<p><strong>Mobilit\u00e9 et stabilit\u00e9 :<\/strong> Notre v\u00e9lo est con\u00e7u pour faciliter les d\u00e9placements, avec des roues Trans-Wheels pour une mobilit\u00e9 sans effort. De construction robuste, il supporte des utilisateurs jusqu&rsquo;\u00e0 un poids maximum de 160 KG (350 LB), garantissant stabilit\u00e9 et s\u00e9curit\u00e9 pendant vos s\u00e9ances d&rsquo;entra\u00eenement.<\/p>\n<p>Lib\u00e9rez tout le potentiel de votre parcours de remise en forme avec le PRO RECUMBENT BIKE. Que vous soyez un passionn\u00e9 de fitness ou que vous commenciez \u00e0 peine votre aventure de bien-\u00eatre, notre v\u00e9lo couch\u00e9, riche en fonctionnalit\u00e9s et confortable, est votre compagnon ind\u00e9fectible. Am\u00e9liorez vos s\u00e9ances d&rsquo;entra\u00eenement, restez connect\u00e9 et r\u00e9alisez vos aspirations en toute simplicit\u00e9. Commencez d\u00e8s aujourd&rsquo;hui votre voyage vers une meilleure sant\u00e9 !<\/p>\n<\/div>\n<\/div>\n<\/div>\n<\/div>\n<\/div>\n<\/div>\n<\/div>\n<\/div>\n<\/div>\n<\/div>\n<\/div>\n<\/div>\n","protected":false},"excerpt":{"rendered":"<p>Le PRO RECUMBENT BIKE offre une exp\u00e9rience de fitness confortable et riche en fonctionnalit\u00e9s avec un design en escalier, une r\u00e9sistance magn\u00e9tique fluide, un \u00e9cran tactile de 21,5 pouces, une connectivit\u00e9 en ligne et un poids d&rsquo;utilisateur maximum de 160 KG (350 LB).<\/p>\n","protected":false},"featured_media":30997,"template":"","meta":{"_acf_changed":false,"inline_featured_image":false,"_monsterinsights_skip_tracking":false,"_monsterinsights_sitenote_active":false,"_monsterinsights_sitenote_note":"","_monsterinsights_sitenote_category":0},"product_brand":[],"product_cat":[77],"product_tag":[],"class_list":{"0":"post-10906","1":"product","2":"type-product","3":"status-publish","4":"has-post-thumbnail","6":"product_cat-velos-dexercice","7":"product_shipping_class-jusqua-300-kg","9":"first","10":"instock","11":"taxable","12":"shipping-taxable","13":"purchasable","14":"product-type-variable"},"acf":[],"yoast_head":"<!-- This site is optimized with the Yoast SEO plugin v27.3 - https:\/\/yoast.com\/product\/yoast-seo-wordpress\/ -->\n<title>RB PRO - DKN-Technology<\/title>\n<meta name=\"robots\" content=\"index, follow, max-snippet:-1, max-image-preview:large, max-video-preview:-1\" \/>\n<link rel=\"canonical\" href=\"https:\/\/dkn-technology.com\/fr\/produit\/rb-pro\/\" \/>\n<meta property=\"og:locale\" content=\"fr_FR\" \/>\n<meta property=\"og:type\" content=\"article\" \/>\n<meta property=\"og:title\" content=\"RB PRO - DKN-Technology\" \/>\n<meta property=\"og:description\" content=\"Le PRO RECUMBENT BIKE offre une exp\u00e9rience de fitness confortable et riche en fonctionnalit\u00e9s avec un design en escalier, une r\u00e9sistance magn\u00e9tique fluide, un \u00e9cran tactile de 21,5 pouces, une connectivit\u00e9 en ligne et un poids d&#039;utilisateur maximum de 160 KG (350 LB).\" \/>\n<meta property=\"og:url\" content=\"https:\/\/dkn-technology.com\/fr\/produit\/rb-pro\/\" \/>\n<meta property=\"og:site_name\" content=\"DKN-Technology\" \/>\n<meta property=\"article:publisher\" content=\"https:\/\/www.facebook.com\/dkntechnology\/\" \/>\n<meta property=\"article:modified_time\" content=\"2025-09-23T11:35:59+00:00\" \/>\n<meta property=\"og:image\" content=\"https:\/\/dkn-technology.com\/wp-content\/uploads\/2023\/09\/TEST-FEX-WEBSITE-76.png\" \/>\n\t<meta property=\"og:image:width\" content=\"1080\" \/>\n\t<meta property=\"og:image:height\" content=\"1080\" \/>\n\t<meta property=\"og:image:type\" content=\"image\/png\" \/>\n<meta name=\"twitter:card\" content=\"summary_large_image\" \/>\n<meta name=\"twitter:label1\" content=\"Dur\u00e9e de lecture estim\u00e9e\" \/>\n\t<meta name=\"twitter:data1\" content=\"3 minutes\" \/>\n<script type=\"application\/ld+json\" class=\"yoast-schema-graph\">{\"@context\":\"https:\\\/\\\/schema.org\",\"@graph\":[{\"@type\":\"WebPage\",\"@id\":\"https:\\\/\\\/dkn-technology.com\\\/fr\\\/produit\\\/rb-pro\\\/\",\"url\":\"https:\\\/\\\/dkn-technology.com\\\/fr\\\/produit\\\/rb-pro\\\/\",\"name\":\"RB PRO - DKN-Technology\",\"isPartOf\":{\"@id\":\"https:\\\/\\\/dkn-technology.com\\\/#website\"},\"primaryImageOfPage\":{\"@id\":\"https:\\\/\\\/dkn-technology.com\\\/fr\\\/produit\\\/rb-pro\\\/#primaryimage\"},\"image\":{\"@id\":\"https:\\\/\\\/dkn-technology.com\\\/fr\\\/produit\\\/rb-pro\\\/#primaryimage\"},\"thumbnailUrl\":\"https:\\\/\\\/dkn-technology.com\\\/wp-content\\\/uploads\\\/2023\\\/09\\\/TEST-FEX-WEBSITE-76.png\",\"datePublished\":\"2023-09-07T12:43:43+00:00\",\"dateModified\":\"2025-09-23T11:35:59+00:00\",\"breadcrumb\":{\"@id\":\"https:\\\/\\\/dkn-technology.com\\\/fr\\\/produit\\\/rb-pro\\\/#breadcrumb\"},\"inLanguage\":\"fr-FR\",\"potentialAction\":[{\"@type\":\"ReadAction\",\"target\":[\"https:\\\/\\\/dkn-technology.com\\\/fr\\\/produit\\\/rb-pro\\\/\"]}]},{\"@type\":\"ImageObject\",\"inLanguage\":\"fr-FR\",\"@id\":\"https:\\\/\\\/dkn-technology.com\\\/fr\\\/produit\\\/rb-pro\\\/#primaryimage\",\"url\":\"https:\\\/\\\/dkn-technology.com\\\/wp-content\\\/uploads\\\/2023\\\/09\\\/TEST-FEX-WEBSITE-76.png\",\"contentUrl\":\"https:\\\/\\\/dkn-technology.com\\\/wp-content\\\/uploads\\\/2023\\\/09\\\/TEST-FEX-WEBSITE-76.png\",\"width\":1080,\"height\":1080},{\"@type\":\"BreadcrumbList\",\"@id\":\"https:\\\/\\\/dkn-technology.com\\\/fr\\\/produit\\\/rb-pro\\\/#breadcrumb\",\"itemListElement\":[{\"@type\":\"ListItem\",\"position\":1,\"name\":\"Home\",\"item\":\"https:\\\/\\\/dkn-technology.com\\\/nl\\\/\"},{\"@type\":\"ListItem\",\"position\":2,\"name\":\"Shop\",\"item\":\"https:\\\/\\\/dkn-technology.com\\\/fr\\\/shop\\\/\"},{\"@type\":\"ListItem\",\"position\":3,\"name\":\"RB PRO\"}]},{\"@type\":\"WebSite\",\"@id\":\"https:\\\/\\\/dkn-technology.com\\\/#website\",\"url\":\"https:\\\/\\\/dkn-technology.com\\\/\",\"name\":\"DKN-Technology\",\"description\":\"Smart Fitness Solutions\",\"publisher\":{\"@id\":\"https:\\\/\\\/dkn-technology.com\\\/#organization\"},\"potentialAction\":[{\"@type\":\"SearchAction\",\"target\":{\"@type\":\"EntryPoint\",\"urlTemplate\":\"https:\\\/\\\/dkn-technology.com\\\/?s={search_term_string}\"},\"query-input\":{\"@type\":\"PropertyValueSpecification\",\"valueRequired\":true,\"valueName\":\"search_term_string\"}}],\"inLanguage\":\"fr-FR\"},{\"@type\":\"Organization\",\"@id\":\"https:\\\/\\\/dkn-technology.com\\\/#organization\",\"name\":\"DKN-Technology\",\"url\":\"https:\\\/\\\/dkn-technology.com\\\/\",\"logo\":{\"@type\":\"ImageObject\",\"inLanguage\":\"fr-FR\",\"@id\":\"https:\\\/\\\/dkn-technology.com\\\/#\\\/schema\\\/logo\\\/image\\\/\",\"url\":\"https:\\\/\\\/dkn-technology.com\\\/wp-content\\\/uploads\\\/2023\\\/01\\\/DKN-logo@4x.webp\",\"contentUrl\":\"https:\\\/\\\/dkn-technology.com\\\/wp-content\\\/uploads\\\/2023\\\/01\\\/DKN-logo@4x.webp\",\"width\":1933,\"height\":1029,\"caption\":\"DKN-Technology\"},\"image\":{\"@id\":\"https:\\\/\\\/dkn-technology.com\\\/#\\\/schema\\\/logo\\\/image\\\/\"},\"sameAs\":[\"https:\\\/\\\/www.facebook.com\\\/dkntechnology\\\/\",\"https:\\\/\\\/instagram.com\\\/dkntechnology\",\"https:\\\/\\\/www.youtube.com\\\/@DKN-Technology\",\"https:\\\/\\\/www.linkedin.com\\\/company\\\/dkn-technology-smart-fitness-solutions\"]}]}<\/script>\n<!-- \/ Yoast SEO plugin. -->","yoast_head_json":{"title":"RB PRO - DKN-Technology","robots":{"index":"index","follow":"follow","max-snippet":"max-snippet:-1","max-image-preview":"max-image-preview:large","max-video-preview":"max-video-preview:-1"},"canonical":"https:\/\/dkn-technology.com\/fr\/produit\/rb-pro\/","og_locale":"fr_FR","og_type":"article","og_title":"RB PRO - DKN-Technology","og_description":"Le PRO RECUMBENT BIKE offre une exp\u00e9rience de fitness confortable et riche en fonctionnalit\u00e9s avec un design en escalier, une r\u00e9sistance magn\u00e9tique fluide, un \u00e9cran tactile de 21,5 pouces, une connectivit\u00e9 en ligne et un poids d'utilisateur maximum de 160 KG (350 LB).","og_url":"https:\/\/dkn-technology.com\/fr\/produit\/rb-pro\/","og_site_name":"DKN-Technology","article_publisher":"https:\/\/www.facebook.com\/dkntechnology\/","article_modified_time":"2025-09-23T11:35:59+00:00","og_image":[{"width":1080,"height":1080,"url":"https:\/\/dkn-technology.com\/wp-content\/uploads\/2023\/09\/TEST-FEX-WEBSITE-76.png","type":"image\/png"}],"twitter_card":"summary_large_image","twitter_misc":{"Dur\u00e9e de lecture estim\u00e9e":"3 minutes"},"schema":{"@context":"https:\/\/schema.org","@graph":[{"@type":"WebPage","@id":"https:\/\/dkn-technology.com\/fr\/produit\/rb-pro\/","url":"https:\/\/dkn-technology.com\/fr\/produit\/rb-pro\/","name":"RB PRO - DKN-Technology","isPartOf":{"@id":"https:\/\/dkn-technology.com\/#website"},"primaryImageOfPage":{"@id":"https:\/\/dkn-technology.com\/fr\/produit\/rb-pro\/#primaryimage"},"image":{"@id":"https:\/\/dkn-technology.com\/fr\/produit\/rb-pro\/#primaryimage"},"thumbnailUrl":"https:\/\/dkn-technology.com\/wp-content\/uploads\/2023\/09\/TEST-FEX-WEBSITE-76.png","datePublished":"2023-09-07T12:43:43+00:00","dateModified":"2025-09-23T11:35:59+00:00","breadcrumb":{"@id":"https:\/\/dkn-technology.com\/fr\/produit\/rb-pro\/#breadcrumb"},"inLanguage":"fr-FR","potentialAction":[{"@type":"ReadAction","target":["https:\/\/dkn-technology.com\/fr\/produit\/rb-pro\/"]}]},{"@type":"ImageObject","inLanguage":"fr-FR","@id":"https:\/\/dkn-technology.com\/fr\/produit\/rb-pro\/#primaryimage","url":"https:\/\/dkn-technology.com\/wp-content\/uploads\/2023\/09\/TEST-FEX-WEBSITE-76.png","contentUrl":"https:\/\/dkn-technology.com\/wp-content\/uploads\/2023\/09\/TEST-FEX-WEBSITE-76.png","width":1080,"height":1080},{"@type":"BreadcrumbList","@id":"https:\/\/dkn-technology.com\/fr\/produit\/rb-pro\/#breadcrumb","itemListElement":[{"@type":"ListItem","position":1,"name":"Home","item":"https:\/\/dkn-technology.com\/nl\/"},{"@type":"ListItem","position":2,"name":"Shop","item":"https:\/\/dkn-technology.com\/fr\/shop\/"},{"@type":"ListItem","position":3,"name":"RB PRO"}]},{"@type":"WebSite","@id":"https:\/\/dkn-technology.com\/#website","url":"https:\/\/dkn-technology.com\/","name":"DKN-Technology","description":"Smart Fitness Solutions","publisher":{"@id":"https:\/\/dkn-technology.com\/#organization"},"potentialAction":[{"@type":"SearchAction","target":{"@type":"EntryPoint","urlTemplate":"https:\/\/dkn-technology.com\/?s={search_term_string}"},"query-input":{"@type":"PropertyValueSpecification","valueRequired":true,"valueName":"search_term_string"}}],"inLanguage":"fr-FR"},{"@type":"Organization","@id":"https:\/\/dkn-technology.com\/#organization","name":"DKN-Technology","url":"https:\/\/dkn-technology.com\/","logo":{"@type":"ImageObject","inLanguage":"fr-FR","@id":"https:\/\/dkn-technology.com\/#\/schema\/logo\/image\/","url":"https:\/\/dkn-technology.com\/wp-content\/uploads\/2023\/01\/DKN-logo@4x.webp","contentUrl":"https:\/\/dkn-technology.com\/wp-content\/uploads\/2023\/01\/DKN-logo@4x.webp","width":1933,"height":1029,"caption":"DKN-Technology"},"image":{"@id":"https:\/\/dkn-technology.com\/#\/schema\/logo\/image\/"},"sameAs":["https:\/\/www.facebook.com\/dkntechnology\/","https:\/\/instagram.com\/dkntechnology","https:\/\/www.youtube.com\/@DKN-Technology","https:\/\/www.linkedin.com\/company\/dkn-technology-smart-fitness-solutions"]}]}},"_links":{"self":[{"href":"https:\/\/dkn-technology.com\/fr\/wp-json\/wp\/v2\/product\/10906","targetHints":{"allow":["GET"]}}],"collection":[{"href":"https:\/\/dkn-technology.com\/fr\/wp-json\/wp\/v2\/product"}],"about":[{"href":"https:\/\/dkn-technology.com\/fr\/wp-json\/wp\/v2\/types\/product"}],"version-history":[{"count":7,"href":"https:\/\/dkn-technology.com\/fr\/wp-json\/wp\/v2\/product\/10906\/revisions"}],"predecessor-version":[{"id":31628,"href":"https:\/\/dkn-technology.com\/fr\/wp-json\/wp\/v2\/product\/10906\/revisions\/31628"}],"wp:featuredmedia":[{"embeddable":true,"href":"https:\/\/dkn-technology.com\/fr\/wp-json\/wp\/v2\/media\/30997"}],"wp:attachment":[{"href":"https:\/\/dkn-technology.com\/fr\/wp-json\/wp\/v2\/media?parent=10906"}],"wp:term":[{"taxonomy":"product_brand","embeddable":true,"href":"https:\/\/dkn-technology.com\/fr\/wp-json\/wp\/v2\/product_brand?post=10906"},{"taxonomy":"product_cat","embeddable":true,"href":"https:\/\/dkn-technology.com\/fr\/wp-json\/wp\/v2\/product_cat?post=10906"},{"taxonomy":"product_tag","embeddable":true,"href":"https:\/\/dkn-technology.com\/fr\/wp-json\/wp\/v2\/product_tag?post=10906"}],"curies":[{"name":"wp","href":"https:\/\/api.w.org\/{rel}","templated":true}]}}