{"id":10922,"date":"2023-09-07T14:43:42","date_gmt":"2023-09-07T12:43:42","guid":{"rendered":"https:\/\/dkn-technology.com\/?post_type=product&#038;p=10922"},"modified":"2025-09-23T13:40:26","modified_gmt":"2025-09-23T11:40:26","slug":"xc-pro","status":"publish","type":"product","link":"https:\/\/dkn-technology.com\/fr\/produit\/xc-pro\/","title":{"rendered":"XC PRO"},"content":{"rendered":"<div class=\"page\" title=\"Page 1\">\n<div class=\"section\">\n<div class=\"layoutArea\">\n<div class=\"column\">\n<div class=\"page\" title=\"Page 1\">\n<div class=\"section\">\n<div class=\"layoutArea\">\n<div class=\"column\">\n<div class=\"page\" title=\"Page 1\">\n<div class=\"section\">\n<div class=\"layoutArea\">\n<div class=\"column\">\n<div class=\"page\" title=\"Page 1\">\n<div class=\"section\">\n<div class=\"layoutArea\">\n<div class=\"column\">\n<p>Le XC PRO &#8211; INCLINE ELLIPTICAL Crosstrainer est votre porte d&rsquo;entr\u00e9e vers un parcours de remise en forme r\u00e9volutionnaire. Gr\u00e2ce \u00e0 ses fonctions avanc\u00e9es et \u00e0 sa conception innovante, il offre une exp\u00e9rience d&rsquo;entra\u00eenement r\u00e9ellement immersive et efficace.<\/p>\n<p><strong>Des performances exceptionnelles :<\/strong><\/p>\n<ul>\n<li><strong>Volant magn\u00e9tique de 10 kg :<\/strong> Profitez d&rsquo;un fonctionnement souple et silencieux tout en sollicitant vos muscles de mani\u00e8re efficace.<\/li>\n<li><strong>Inclinaison motoris\u00e9e \u00e0 20 niveaux :<\/strong> Personnalisez l&rsquo;intensit\u00e9 de votre entra\u00eenement et ciblez diff\u00e9rents groupes musculaires en toute simplicit\u00e9.<\/li>\n<li><strong>20-Elliptical Pathway by Incline :<\/strong> Profitez d&rsquo;un mouvement elliptique naturel et vari\u00e9 qui maximise les avantages de l&rsquo;entra\u00eenement crois\u00e9.<\/li>\n<li><strong>Longueur de foul\u00e9e de 533 mm :<\/strong> Obtenez une foul\u00e9e confortable et efficace pour un entra\u00eenement satisfaisant.<\/li>\n<\/ul>\n<p><strong>R\u00e9sistance polyvalente :<\/strong><\/p>\n<ul>\n<li><strong>R\u00e9sistance motoris\u00e9e \u00e0 32 niveaux :<\/strong> Relevez le d\u00e9fi et progressez \u00e0 votre propre rythme en d\u00e9veloppant votre force et votre endurance.<\/li>\n<\/ul>\n<p><strong>\u00c9cran tactile interactif :<\/strong><\/p>\n<ul>\n<li><strong>\u00c9cran tactile TFT de 21,5 pouces :<\/strong> Restez engag\u00e9 et inform\u00e9 gr\u00e2ce \u00e0 un \u00e9cran vibrant et intuitif.<\/li>\n<\/ul>\n<p><strong>Fitness connect\u00e9 :<\/strong><\/p>\n<ul>\n<li><strong>Connectivit\u00e9 Bluetooth :<\/strong> Synchronisez vos appareils pour le streaming audio et restez motiv\u00e9 tout au long de votre entra\u00eenement.<\/li>\n<li><strong>Mesures compl\u00e8tes :<\/strong> Suivez les donn\u00e9es essentielles telles que le temps, la vitesse, les tours\/minute, la distance, la fr\u00e9quence cardiaque, la zone de fr\u00e9quence cardiaque, le BAI, les calories br\u00fbl\u00e9es et la puissance.<\/li>\n<li><strong>Diverses options d&rsquo;entra\u00eenement :<\/strong> Choisissez entre le d\u00e9marrage rapide, l&rsquo;entra\u00eenement par intervalles, le trac\u00e9 de l&rsquo;itin\u00e9raire, la puissance constante, 12 entra\u00eenements pr\u00e9programm\u00e9s et le contr\u00f4le de la fr\u00e9quence cardiaque pour un programme de remise en forme sur mesure.<\/li>\n<li><strong>Connectivit\u00e9 en ligne :<\/strong> Acc\u00e9dez \u00e0 des applications populaires telles que WIFI- iconsole+, KINOMAP, YouTube, Spotify, et connectez-vous avec vos amis sur des plateformes de m\u00e9dias sociaux telles que Facebook, Twitter, Instagram, et plus encore.<\/li>\n<\/ul>\n<p><strong>Caract\u00e9ristiques pratiques :<\/strong><\/p>\n<ul>\n<li><strong>Support pour tablettes et t\u00e9l\u00e9phones :<\/strong> Gardez vos appareils \u00e0 port\u00e9e de main pour vous divertir et rester connect\u00e9.<\/li>\n<li><strong>Chargeur intelligent sans fil :<\/strong> Assurez-vous que vos appareils restent aliment\u00e9s pendant que vous vous entra\u00eenez.<\/li>\n<li><strong>Commandes \u00e0 touches rapides :<\/strong> Ajustez les r\u00e9glages \u00e0 la vol\u00e9e gr\u00e2ce aux commandes commod\u00e9ment situ\u00e9es sur le guidon.<\/li>\n<li><strong>Roues Trans pour la mobilit\u00e9 :<\/strong> D\u00e9placez sans effort votre appareil de musculation pour le ranger et le mettre en place facilement.<\/li>\n<\/ul>\n<p><strong>Capacit\u00e9 de poids impressionnante :<\/strong><\/p>\n<ul>\n<li><strong>Max. Poids de l&rsquo;utilisateur : 160 KG | 350 LB :<\/strong> Con\u00e7u pour s&rsquo;adapter \u00e0 un large \u00e9ventail d&rsquo;utilisateurs, il garantit la durabilit\u00e9 et la long\u00e9vit\u00e9.<\/li>\n<\/ul>\n<p>Le XC PRO &#8211; INCLINE ELLIPTICAL Crosstrainer n&rsquo;est pas seulement un appareil de fitness ; c&rsquo;est votre porte d&rsquo;entr\u00e9e vers un parcours de fitness plus sain, plus connect\u00e9 et plus agr\u00e9able. Pr\u00e9parez-vous \u00e0 faire l&rsquo;exp\u00e9rience d&rsquo;une s\u00e9ance d&rsquo;entra\u00eenement de qualit\u00e9 sup\u00e9rieure comme jamais auparavant.<\/p>\n<\/div>\n<\/div>\n<\/div>\n<\/div>\n<\/div>\n<\/div>\n<\/div>\n<\/div>\n<\/div>\n<\/div>\n<\/div>\n<\/div>\n<\/div>\n<\/div>\n<\/div>\n<\/div>\n","protected":false},"excerpt":{"rendered":"<p>Le XC PRO &#8211; INCLINE ELLIPTICAL Crosstrainer est un appareil de fitness de pointe dot\u00e9 d&rsquo;une roue d&rsquo;inertie magn\u00e9tique de 10 kg, d&rsquo;une inclinaison motoris\u00e9e de 20 niveaux, d&rsquo;un \u00e9cran tactile TFT de 21,5 pouces, d&rsquo;une connectivit\u00e9 Bluetooth et de diverses options d&rsquo;entra\u00eenement. Il est con\u00e7u pour offrir une exp\u00e9rience compl\u00e8te de crosstraining et peut accueillir des utilisateurs jusqu&rsquo;\u00e0 160 KG (350 LB), avec des fonctions pratiques suppl\u00e9mentaires.<\/p>\n","protected":false},"featured_media":31407,"template":"","meta":{"_acf_changed":false,"inline_featured_image":false,"_monsterinsights_skip_tracking":false,"_monsterinsights_sitenote_active":false,"_monsterinsights_sitenote_note":"","_monsterinsights_sitenote_category":0},"product_brand":[],"product_cat":[80],"product_tag":[],"class_list":{"0":"post-10922","1":"product","2":"type-product","3":"status-publish","4":"has-post-thumbnail","6":"product_cat-ellipticals","7":"product_shipping_class-jusqua-300-kg","9":"first","10":"instock","11":"taxable","12":"shipping-taxable","13":"purchasable","14":"product-type-variable"},"acf":[],"yoast_head":"<!-- This site is optimized with the Yoast SEO plugin v27.3 - https:\/\/yoast.com\/product\/yoast-seo-wordpress\/ -->\n<title>XC PRO - DKN-Technology<\/title>\n<meta name=\"robots\" content=\"index, follow, max-snippet:-1, max-image-preview:large, max-video-preview:-1\" \/>\n<link rel=\"canonical\" href=\"https:\/\/dkn-technology.com\/fr\/produit\/xc-pro\/\" \/>\n<meta property=\"og:locale\" content=\"fr_FR\" \/>\n<meta property=\"og:type\" content=\"article\" \/>\n<meta property=\"og:title\" content=\"XC PRO - DKN-Technology\" \/>\n<meta property=\"og:description\" content=\"Le XC PRO - INCLINE ELLIPTICAL Crosstrainer est un appareil de fitness de pointe dot\u00e9 d&#039;une roue d&#039;inertie magn\u00e9tique de 10 kg, d&#039;une inclinaison motoris\u00e9e de 20 niveaux, d&#039;un \u00e9cran tactile TFT de 21,5 pouces, d&#039;une connectivit\u00e9 Bluetooth et de diverses options d&#039;entra\u00eenement. Il est con\u00e7u pour offrir une exp\u00e9rience compl\u00e8te de crosstraining et peut accueillir des utilisateurs jusqu&#039;\u00e0 160 KG (350 LB), avec des fonctions pratiques suppl\u00e9mentaires.\" \/>\n<meta property=\"og:url\" content=\"https:\/\/dkn-technology.com\/fr\/produit\/xc-pro\/\" \/>\n<meta property=\"og:site_name\" content=\"DKN-Technology\" \/>\n<meta property=\"article:publisher\" content=\"https:\/\/www.facebook.com\/dkntechnology\/\" \/>\n<meta property=\"article:modified_time\" content=\"2025-09-23T11:40:26+00:00\" \/>\n<meta property=\"og:image\" content=\"https:\/\/dkn-technology.com\/wp-content\/uploads\/2023\/09\/93.png\" \/>\n\t<meta property=\"og:image:width\" content=\"1080\" \/>\n\t<meta property=\"og:image:height\" content=\"1080\" \/>\n\t<meta property=\"og:image:type\" content=\"image\/png\" \/>\n<meta name=\"twitter:card\" content=\"summary_large_image\" \/>\n<meta name=\"twitter:label1\" content=\"Dur\u00e9e de lecture estim\u00e9e\" \/>\n\t<meta name=\"twitter:data1\" content=\"3 minutes\" \/>\n<script type=\"application\/ld+json\" class=\"yoast-schema-graph\">{\"@context\":\"https:\\\/\\\/schema.org\",\"@graph\":[{\"@type\":\"WebPage\",\"@id\":\"https:\\\/\\\/dkn-technology.com\\\/fr\\\/produit\\\/xc-pro\\\/\",\"url\":\"https:\\\/\\\/dkn-technology.com\\\/fr\\\/produit\\\/xc-pro\\\/\",\"name\":\"XC PRO - DKN-Technology\",\"isPartOf\":{\"@id\":\"https:\\\/\\\/dkn-technology.com\\\/#website\"},\"primaryImageOfPage\":{\"@id\":\"https:\\\/\\\/dkn-technology.com\\\/fr\\\/produit\\\/xc-pro\\\/#primaryimage\"},\"image\":{\"@id\":\"https:\\\/\\\/dkn-technology.com\\\/fr\\\/produit\\\/xc-pro\\\/#primaryimage\"},\"thumbnailUrl\":\"https:\\\/\\\/dkn-technology.com\\\/wp-content\\\/uploads\\\/2023\\\/09\\\/93.png\",\"datePublished\":\"2023-09-07T12:43:42+00:00\",\"dateModified\":\"2025-09-23T11:40:26+00:00\",\"breadcrumb\":{\"@id\":\"https:\\\/\\\/dkn-technology.com\\\/fr\\\/produit\\\/xc-pro\\\/#breadcrumb\"},\"inLanguage\":\"fr-FR\",\"potentialAction\":[{\"@type\":\"ReadAction\",\"target\":[\"https:\\\/\\\/dkn-technology.com\\\/fr\\\/produit\\\/xc-pro\\\/\"]}]},{\"@type\":\"ImageObject\",\"inLanguage\":\"fr-FR\",\"@id\":\"https:\\\/\\\/dkn-technology.com\\\/fr\\\/produit\\\/xc-pro\\\/#primaryimage\",\"url\":\"https:\\\/\\\/dkn-technology.com\\\/wp-content\\\/uploads\\\/2023\\\/09\\\/93.png\",\"contentUrl\":\"https:\\\/\\\/dkn-technology.com\\\/wp-content\\\/uploads\\\/2023\\\/09\\\/93.png\",\"width\":1080,\"height\":1080},{\"@type\":\"BreadcrumbList\",\"@id\":\"https:\\\/\\\/dkn-technology.com\\\/fr\\\/produit\\\/xc-pro\\\/#breadcrumb\",\"itemListElement\":[{\"@type\":\"ListItem\",\"position\":1,\"name\":\"Home\",\"item\":\"https:\\\/\\\/dkn-technology.com\\\/nl\\\/\"},{\"@type\":\"ListItem\",\"position\":2,\"name\":\"Shop\",\"item\":\"https:\\\/\\\/dkn-technology.com\\\/fr\\\/shop\\\/\"},{\"@type\":\"ListItem\",\"position\":3,\"name\":\"XC PRO\"}]},{\"@type\":\"WebSite\",\"@id\":\"https:\\\/\\\/dkn-technology.com\\\/#website\",\"url\":\"https:\\\/\\\/dkn-technology.com\\\/\",\"name\":\"DKN-Technology\",\"description\":\"Smart Fitness Solutions\",\"publisher\":{\"@id\":\"https:\\\/\\\/dkn-technology.com\\\/#organization\"},\"potentialAction\":[{\"@type\":\"SearchAction\",\"target\":{\"@type\":\"EntryPoint\",\"urlTemplate\":\"https:\\\/\\\/dkn-technology.com\\\/?s={search_term_string}\"},\"query-input\":{\"@type\":\"PropertyValueSpecification\",\"valueRequired\":true,\"valueName\":\"search_term_string\"}}],\"inLanguage\":\"fr-FR\"},{\"@type\":\"Organization\",\"@id\":\"https:\\\/\\\/dkn-technology.com\\\/#organization\",\"name\":\"DKN-Technology\",\"url\":\"https:\\\/\\\/dkn-technology.com\\\/\",\"logo\":{\"@type\":\"ImageObject\",\"inLanguage\":\"fr-FR\",\"@id\":\"https:\\\/\\\/dkn-technology.com\\\/#\\\/schema\\\/logo\\\/image\\\/\",\"url\":\"https:\\\/\\\/dkn-technology.com\\\/wp-content\\\/uploads\\\/2023\\\/01\\\/DKN-logo@4x.webp\",\"contentUrl\":\"https:\\\/\\\/dkn-technology.com\\\/wp-content\\\/uploads\\\/2023\\\/01\\\/DKN-logo@4x.webp\",\"width\":1933,\"height\":1029,\"caption\":\"DKN-Technology\"},\"image\":{\"@id\":\"https:\\\/\\\/dkn-technology.com\\\/#\\\/schema\\\/logo\\\/image\\\/\"},\"sameAs\":[\"https:\\\/\\\/www.facebook.com\\\/dkntechnology\\\/\",\"https:\\\/\\\/instagram.com\\\/dkntechnology\",\"https:\\\/\\\/www.youtube.com\\\/@DKN-Technology\",\"https:\\\/\\\/www.linkedin.com\\\/company\\\/dkn-technology-smart-fitness-solutions\"]}]}<\/script>\n<!-- \/ Yoast SEO plugin. -->","yoast_head_json":{"title":"XC PRO - DKN-Technology","robots":{"index":"index","follow":"follow","max-snippet":"max-snippet:-1","max-image-preview":"max-image-preview:large","max-video-preview":"max-video-preview:-1"},"canonical":"https:\/\/dkn-technology.com\/fr\/produit\/xc-pro\/","og_locale":"fr_FR","og_type":"article","og_title":"XC PRO - DKN-Technology","og_description":"Le XC PRO - INCLINE ELLIPTICAL Crosstrainer est un appareil de fitness de pointe dot\u00e9 d'une roue d'inertie magn\u00e9tique de 10 kg, d'une inclinaison motoris\u00e9e de 20 niveaux, d'un \u00e9cran tactile TFT de 21,5 pouces, d'une connectivit\u00e9 Bluetooth et de diverses options d'entra\u00eenement. Il est con\u00e7u pour offrir une exp\u00e9rience compl\u00e8te de crosstraining et peut accueillir des utilisateurs jusqu'\u00e0 160 KG (350 LB), avec des fonctions pratiques suppl\u00e9mentaires.","og_url":"https:\/\/dkn-technology.com\/fr\/produit\/xc-pro\/","og_site_name":"DKN-Technology","article_publisher":"https:\/\/www.facebook.com\/dkntechnology\/","article_modified_time":"2025-09-23T11:40:26+00:00","og_image":[{"width":1080,"height":1080,"url":"https:\/\/dkn-technology.com\/wp-content\/uploads\/2023\/09\/93.png","type":"image\/png"}],"twitter_card":"summary_large_image","twitter_misc":{"Dur\u00e9e de lecture estim\u00e9e":"3 minutes"},"schema":{"@context":"https:\/\/schema.org","@graph":[{"@type":"WebPage","@id":"https:\/\/dkn-technology.com\/fr\/produit\/xc-pro\/","url":"https:\/\/dkn-technology.com\/fr\/produit\/xc-pro\/","name":"XC PRO - DKN-Technology","isPartOf":{"@id":"https:\/\/dkn-technology.com\/#website"},"primaryImageOfPage":{"@id":"https:\/\/dkn-technology.com\/fr\/produit\/xc-pro\/#primaryimage"},"image":{"@id":"https:\/\/dkn-technology.com\/fr\/produit\/xc-pro\/#primaryimage"},"thumbnailUrl":"https:\/\/dkn-technology.com\/wp-content\/uploads\/2023\/09\/93.png","datePublished":"2023-09-07T12:43:42+00:00","dateModified":"2025-09-23T11:40:26+00:00","breadcrumb":{"@id":"https:\/\/dkn-technology.com\/fr\/produit\/xc-pro\/#breadcrumb"},"inLanguage":"fr-FR","potentialAction":[{"@type":"ReadAction","target":["https:\/\/dkn-technology.com\/fr\/produit\/xc-pro\/"]}]},{"@type":"ImageObject","inLanguage":"fr-FR","@id":"https:\/\/dkn-technology.com\/fr\/produit\/xc-pro\/#primaryimage","url":"https:\/\/dkn-technology.com\/wp-content\/uploads\/2023\/09\/93.png","contentUrl":"https:\/\/dkn-technology.com\/wp-content\/uploads\/2023\/09\/93.png","width":1080,"height":1080},{"@type":"BreadcrumbList","@id":"https:\/\/dkn-technology.com\/fr\/produit\/xc-pro\/#breadcrumb","itemListElement":[{"@type":"ListItem","position":1,"name":"Home","item":"https:\/\/dkn-technology.com\/nl\/"},{"@type":"ListItem","position":2,"name":"Shop","item":"https:\/\/dkn-technology.com\/fr\/shop\/"},{"@type":"ListItem","position":3,"name":"XC PRO"}]},{"@type":"WebSite","@id":"https:\/\/dkn-technology.com\/#website","url":"https:\/\/dkn-technology.com\/","name":"DKN-Technology","description":"Smart Fitness Solutions","publisher":{"@id":"https:\/\/dkn-technology.com\/#organization"},"potentialAction":[{"@type":"SearchAction","target":{"@type":"EntryPoint","urlTemplate":"https:\/\/dkn-technology.com\/?s={search_term_string}"},"query-input":{"@type":"PropertyValueSpecification","valueRequired":true,"valueName":"search_term_string"}}],"inLanguage":"fr-FR"},{"@type":"Organization","@id":"https:\/\/dkn-technology.com\/#organization","name":"DKN-Technology","url":"https:\/\/dkn-technology.com\/","logo":{"@type":"ImageObject","inLanguage":"fr-FR","@id":"https:\/\/dkn-technology.com\/#\/schema\/logo\/image\/","url":"https:\/\/dkn-technology.com\/wp-content\/uploads\/2023\/01\/DKN-logo@4x.webp","contentUrl":"https:\/\/dkn-technology.com\/wp-content\/uploads\/2023\/01\/DKN-logo@4x.webp","width":1933,"height":1029,"caption":"DKN-Technology"},"image":{"@id":"https:\/\/dkn-technology.com\/#\/schema\/logo\/image\/"},"sameAs":["https:\/\/www.facebook.com\/dkntechnology\/","https:\/\/instagram.com\/dkntechnology","https:\/\/www.youtube.com\/@DKN-Technology","https:\/\/www.linkedin.com\/company\/dkn-technology-smart-fitness-solutions"]}]}},"_links":{"self":[{"href":"https:\/\/dkn-technology.com\/fr\/wp-json\/wp\/v2\/product\/10922","targetHints":{"allow":["GET"]}}],"collection":[{"href":"https:\/\/dkn-technology.com\/fr\/wp-json\/wp\/v2\/product"}],"about":[{"href":"https:\/\/dkn-technology.com\/fr\/wp-json\/wp\/v2\/types\/product"}],"version-history":[{"count":9,"href":"https:\/\/dkn-technology.com\/fr\/wp-json\/wp\/v2\/product\/10922\/revisions"}],"predecessor-version":[{"id":31633,"href":"https:\/\/dkn-technology.com\/fr\/wp-json\/wp\/v2\/product\/10922\/revisions\/31633"}],"wp:featuredmedia":[{"embeddable":true,"href":"https:\/\/dkn-technology.com\/fr\/wp-json\/wp\/v2\/media\/31407"}],"wp:attachment":[{"href":"https:\/\/dkn-technology.com\/fr\/wp-json\/wp\/v2\/media?parent=10922"}],"wp:term":[{"taxonomy":"product_brand","embeddable":true,"href":"https:\/\/dkn-technology.com\/fr\/wp-json\/wp\/v2\/product_brand?post=10922"},{"taxonomy":"product_cat","embeddable":true,"href":"https:\/\/dkn-technology.com\/fr\/wp-json\/wp\/v2\/product_cat?post=10922"},{"taxonomy":"product_tag","embeddable":true,"href":"https:\/\/dkn-technology.com\/fr\/wp-json\/wp\/v2\/product_tag?post=10922"}],"curies":[{"name":"wp","href":"https:\/\/api.w.org\/{rel}","templated":true}]}}