{"id":12288,"date":"2023-12-07T12:02:07","date_gmt":"2023-12-07T10:02:07","guid":{"rendered":"https:\/\/dkn-technology.com\/?post_type=product&#038;p=12288"},"modified":"2025-01-07T12:33:00","modified_gmt":"2025-01-07T10:33:00","slug":"smart-power-machine-with-toolkit","status":"publish","type":"product","link":"https:\/\/dkn-technology.com\/fr\/produit\/smart-power-machine-with-toolkit\/","title":{"rendered":"Smart Power Machine + Toolkit"},"content":{"rendered":"<h2>Pr\u00e9sentation de la Smart Power Machine: Votre salle de sport tout-en-un \u00e0 domicile<\/h2>\n<p>B\u00e9n\u00e9ficiez des avantages de 5 appareils de musculation dans un seul appareil compact et facile \u00e0 utiliser avec le Smart Power Machine. Dites adieu \u00e0 l&rsquo;assemblage et au rangement d&rsquo;appareils de musculation encombrants et profitez de la praticit\u00e9 et de la polyvalence de notre syst\u00e8me de r\u00e9sistance motoris\u00e9 intelligent.<\/p>\n<p>La Smart Power Machine est con\u00e7ue pour offrir une solution tout-en-un pour la musculation, la combustion des graisses, la mise en forme et la r\u00e9\u00e9ducation. Avec plus de 400 exercices possibles via notre application gratuite, vous pouvez personnaliser votre programme d&rsquo;entra\u00eenement en fonction de vos objectifs personnels et de votre niveau de forme.<\/p>\n<p>&nbsp;<\/p>\n<p><strong>Quelques avantages:<\/strong><\/p>\n<ul>\n<li>R\u00e9sistance motoris\u00e9e intelligente<\/li>\n<li>Trois modes d&rsquo;entra\u00eenement pour tous les niveaux<\/li>\n<li>Programme d&rsquo;entra\u00eenement guid\u00e9 par un coach personnel<\/li>\n<li>Haut-parleur st\u00e9r\u00e9o Bluetooth pour plus de motivation<\/li>\n<li>Ecran LCD avec bouton de r\u00e9glage pour une utilisation facile<\/li>\n<li>Roue universelle antid\u00e9rapante pour un mouvement sans effort<\/li>\n<li>Conception pliable pour un rangement facile<\/li>\n<li>Gagnant du prix du design en 2020<\/li>\n<\/ul>\n<p>&nbsp;<\/p>\n<p><strong>R\u00e9sistance motoris\u00e9e intelligente<\/strong><\/p>\n<p>La Smart Power Machine est dot\u00e9e d&rsquo;un syst\u00e8me de r\u00e9sistance motoris\u00e9 qui simule la r\u00e9sistance du poids des appareils de musculation traditionnels, sans n\u00e9cessiter de plaques de fer encombrantes. Avec un seul bouton, vous pouvez r\u00e9gler librement le poids par incr\u00e9ments de 0,5 kg, ce qui vous permet d&rsquo;effectuer divers exercices et de cibler diff\u00e9rents groupes musculaires en toute simplicit\u00e9.<\/p>\n<p>&nbsp;<\/p>\n<h4>Trois modes d&rsquo;entra\u00eenement<\/h4>\n<p>Notre base de donn\u00e9es massive de programmes d&rsquo;entra\u00eenement professionnels est int\u00e9gr\u00e9e \u00e0 des algorithmes uniques pour fournir trois modes d&rsquo;entra\u00eenement adapt\u00e9s \u00e0 tous les niveaux de forme physique.<\/p>\n<ul>\n<li>D\u00e9butant: Mode standard<\/li>\n<\/ul>\n<p>Dans le mode standard, la r\u00e9sistance lors de la traction vers le haut est la m\u00eame que la r\u00e9sistance lors de la traction vers le bas. Ce mode est parfait pour les d\u00e9butants, car il est facile \u00e0 charger et modifie efficacement les lignes musculaires tout en augmentant l&rsquo;endurance musculaire.<\/p>\n<ul>\n<li>Mode avanc\u00e9: Mode excentrique<\/li>\n<\/ul>\n<p>Dans le mode excentrique, la r\u00e9sistance lors de la traction vers le haut est inf\u00e9rieure \u00e0 la r\u00e9sistance lors de la traction vers le bas. Ce mode convient aux pratiquants exp\u00e9riment\u00e9s qui souhaitent augmenter le stimulus de r\u00e9sistance et acc\u00e9l\u00e9rer l&rsquo;effet de leur entra\u00eenement.<\/p>\n<ul>\n<li>Expert: mode isocin\u00e9tique<\/li>\n<\/ul>\n<p>En mode isocin\u00e9tique, la r\u00e9sistance augmente avec la vitesse. Ce mode maintient les muscles en tension en permanence, ce qui vous aide \u00e0 surmonter les obstacles et \u00e0 atteindre vos objectifs plus rapidement.<\/p>\n<p>&nbsp;<\/p>\n<h4>Programme de formation \u00e0 l&rsquo;orientation des coachs personnels<\/h4>\n<p>Notre protocole Bluetooth ouvert vous permet de contr\u00f4ler facilement le Smart Power Machine avec votre propre application, en cr\u00e9ant des plans intelligents ou personnalis\u00e9s. Gr\u00e2ce \u00e0 la biblioth\u00e8que d&rsquo;exercices prise en charge, vous pouvez acc\u00e9der \u00e0 des conseils professionnels et cr\u00e9er une routine d&rsquo;entra\u00eenement adapt\u00e9e \u00e0 votre niveau de forme et \u00e0 vos objectifs.<\/p>\n<p>Avec le Smart Power Machine, vous pouvez effectuer un entra\u00eenement complet du corps \u00e0 la maison sans avoir besoin de plusieurs \u00e9quipements. Que vous soyez d\u00e9butant ou exp\u00e9riment\u00e9, notre syst\u00e8me de r\u00e9sistance motoris\u00e9 intelligent et nos programmes d&rsquo;entra\u00eenement professionnels vous aideront \u00e0 atteindre vos objectifs de remise en forme en toute simplicit\u00e9.<\/p>\n<p>Pour en savoir plus sur l&rsquo;appareil, consultez <a href=\"https:\/\/www.youtube.com\/@DKN-Technology\">la cha\u00eene YouTube de DKN-Technology<\/a>. <a href=\"https:\/\/www.youtube.com\/@DKN-Technology\"><img decoding=\"async\" class=\"alignnone wp-image-19591\" src=\"https:\/\/dkn-technology.com\/wp-content\/uploads\/2023\/09\/DKN-Thumbnail-Youtube-icon-1-300x300.webp\" alt=\"\" width=\"30\" height=\"30\" srcset=\"https:\/\/dkn-technology.com\/wp-content\/uploads\/2023\/09\/DKN-Thumbnail-Youtube-icon-1-300x300.webp 300w, https:\/\/dkn-technology.com\/wp-content\/uploads\/2023\/09\/DKN-Thumbnail-Youtube-icon-1-150x150.webp 150w, https:\/\/dkn-technology.com\/wp-content\/uploads\/2023\/09\/DKN-Thumbnail-Youtube-icon-1-768x768.webp 768w, https:\/\/dkn-technology.com\/wp-content\/uploads\/2023\/09\/DKN-Thumbnail-Youtube-icon-1-600x600.webp 600w, https:\/\/dkn-technology.com\/wp-content\/uploads\/2023\/09\/DKN-Thumbnail-Youtube-icon-1-100x100.webp 100w, https:\/\/dkn-technology.com\/wp-content\/uploads\/2023\/09\/DKN-Thumbnail-Youtube-icon-1.webp 900w\" sizes=\"(max-width: 30px) 100vw, 30px\" \/><\/a><\/p>\n","protected":false},"excerpt":{"rendered":"<p>Station de musculation intelligente, entra\u00eenez tout votre corps \u00e0 la maison.<br \/>\n+400 mouvements d&rsquo;entra\u00eenement et une application personnalis\u00e9e, disponible sur Appstore et Playstore.<\/p>\n","protected":false},"featured_media":12368,"template":"","meta":{"_acf_changed":false,"inline_featured_image":false,"_monsterinsights_skip_tracking":false,"_monsterinsights_sitenote_active":false,"_monsterinsights_sitenote_note":"","_monsterinsights_sitenote_category":0},"product_brand":[],"product_cat":[95,300],"product_tag":[],"class_list":{"0":"post-12288","1":"product","2":"type-product","3":"status-publish","4":"has-post-thumbnail","6":"product_cat-rehabilitation","7":"product_cat-smart-training-machines","8":"product_shipping_class-jusqua-100-kg","10":"first","11":"outofstock","12":"taxable","13":"shipping-taxable","14":"purchasable","15":"product-type-variable"},"acf":[],"yoast_head":"<!-- This site is optimized with the Yoast SEO plugin v27.3 - https:\/\/yoast.com\/product\/yoast-seo-wordpress\/ -->\n<title>Smart Power Machine + Toolkit - DKN-Technology<\/title>\n<meta name=\"robots\" content=\"index, follow, max-snippet:-1, max-image-preview:large, max-video-preview:-1\" \/>\n<link rel=\"canonical\" href=\"https:\/\/dkn-technology.com\/fr\/produit\/smart-power-machine-with-toolkit\/\" \/>\n<meta property=\"og:locale\" content=\"fr_FR\" \/>\n<meta property=\"og:type\" content=\"article\" \/>\n<meta property=\"og:title\" content=\"Smart Power Machine + Toolkit - DKN-Technology\" \/>\n<meta property=\"og:description\" content=\"Station de musculation intelligente, entra\u00eenez tout votre corps \u00e0 la maison. +400 mouvements d&#039;entra\u00eenement et une application personnalis\u00e9e, disponible sur Appstore et Playstore.\" \/>\n<meta property=\"og:url\" content=\"https:\/\/dkn-technology.com\/fr\/produit\/smart-power-machine-with-toolkit\/\" \/>\n<meta property=\"og:site_name\" content=\"DKN-Technology\" \/>\n<meta property=\"article:publisher\" content=\"https:\/\/www.facebook.com\/dkntechnology\/\" \/>\n<meta property=\"article:modified_time\" content=\"2025-01-07T10:33:00+00:00\" \/>\n<meta property=\"og:image\" content=\"https:\/\/dkn-technology.com\/wp-content\/uploads\/2023\/12\/DKN-Smart-Power-Machine-002.png\" \/>\n\t<meta property=\"og:image:width\" content=\"1068\" \/>\n\t<meta property=\"og:image:height\" content=\"1068\" \/>\n\t<meta property=\"og:image:type\" content=\"image\/png\" \/>\n<meta name=\"twitter:card\" content=\"summary_large_image\" \/>\n<meta name=\"twitter:label1\" content=\"Dur\u00e9e de lecture estim\u00e9e\" \/>\n\t<meta name=\"twitter:data1\" content=\"3 minutes\" \/>\n<script type=\"application\/ld+json\" class=\"yoast-schema-graph\">{\"@context\":\"https:\\\/\\\/schema.org\",\"@graph\":[{\"@type\":\"WebPage\",\"@id\":\"https:\\\/\\\/dkn-technology.com\\\/fr\\\/produit\\\/smart-power-machine-with-toolkit\\\/\",\"url\":\"https:\\\/\\\/dkn-technology.com\\\/fr\\\/produit\\\/smart-power-machine-with-toolkit\\\/\",\"name\":\"Smart Power Machine + Toolkit - DKN-Technology\",\"isPartOf\":{\"@id\":\"https:\\\/\\\/dkn-technology.com\\\/#website\"},\"primaryImageOfPage\":{\"@id\":\"https:\\\/\\\/dkn-technology.com\\\/fr\\\/produit\\\/smart-power-machine-with-toolkit\\\/#primaryimage\"},\"image\":{\"@id\":\"https:\\\/\\\/dkn-technology.com\\\/fr\\\/produit\\\/smart-power-machine-with-toolkit\\\/#primaryimage\"},\"thumbnailUrl\":\"https:\\\/\\\/dkn-technology.com\\\/wp-content\\\/uploads\\\/2023\\\/12\\\/DKN-Smart-Power-Machine-002.png\",\"datePublished\":\"2023-12-07T10:02:07+00:00\",\"dateModified\":\"2025-01-07T10:33:00+00:00\",\"breadcrumb\":{\"@id\":\"https:\\\/\\\/dkn-technology.com\\\/fr\\\/produit\\\/smart-power-machine-with-toolkit\\\/#breadcrumb\"},\"inLanguage\":\"fr-FR\",\"potentialAction\":[{\"@type\":\"ReadAction\",\"target\":[\"https:\\\/\\\/dkn-technology.com\\\/fr\\\/produit\\\/smart-power-machine-with-toolkit\\\/\"]}]},{\"@type\":\"ImageObject\",\"inLanguage\":\"fr-FR\",\"@id\":\"https:\\\/\\\/dkn-technology.com\\\/fr\\\/produit\\\/smart-power-machine-with-toolkit\\\/#primaryimage\",\"url\":\"https:\\\/\\\/dkn-technology.com\\\/wp-content\\\/uploads\\\/2023\\\/12\\\/DKN-Smart-Power-Machine-002.png\",\"contentUrl\":\"https:\\\/\\\/dkn-technology.com\\\/wp-content\\\/uploads\\\/2023\\\/12\\\/DKN-Smart-Power-Machine-002.png\",\"width\":1068,\"height\":1068},{\"@type\":\"BreadcrumbList\",\"@id\":\"https:\\\/\\\/dkn-technology.com\\\/fr\\\/produit\\\/smart-power-machine-with-toolkit\\\/#breadcrumb\",\"itemListElement\":[{\"@type\":\"ListItem\",\"position\":1,\"name\":\"Home\",\"item\":\"https:\\\/\\\/dkn-technology.com\\\/nl\\\/\"},{\"@type\":\"ListItem\",\"position\":2,\"name\":\"Shop\",\"item\":\"https:\\\/\\\/dkn-technology.com\\\/fr\\\/shop\\\/\"},{\"@type\":\"ListItem\",\"position\":3,\"name\":\"Smart Power Machine + Toolkit\"}]},{\"@type\":\"WebSite\",\"@id\":\"https:\\\/\\\/dkn-technology.com\\\/#website\",\"url\":\"https:\\\/\\\/dkn-technology.com\\\/\",\"name\":\"DKN-Technology\",\"description\":\"Smart Fitness Solutions\",\"publisher\":{\"@id\":\"https:\\\/\\\/dkn-technology.com\\\/#organization\"},\"potentialAction\":[{\"@type\":\"SearchAction\",\"target\":{\"@type\":\"EntryPoint\",\"urlTemplate\":\"https:\\\/\\\/dkn-technology.com\\\/?s={search_term_string}\"},\"query-input\":{\"@type\":\"PropertyValueSpecification\",\"valueRequired\":true,\"valueName\":\"search_term_string\"}}],\"inLanguage\":\"fr-FR\"},{\"@type\":\"Organization\",\"@id\":\"https:\\\/\\\/dkn-technology.com\\\/#organization\",\"name\":\"DKN-Technology\",\"url\":\"https:\\\/\\\/dkn-technology.com\\\/\",\"logo\":{\"@type\":\"ImageObject\",\"inLanguage\":\"fr-FR\",\"@id\":\"https:\\\/\\\/dkn-technology.com\\\/#\\\/schema\\\/logo\\\/image\\\/\",\"url\":\"https:\\\/\\\/dkn-technology.com\\\/wp-content\\\/uploads\\\/2023\\\/01\\\/DKN-logo@4x.webp\",\"contentUrl\":\"https:\\\/\\\/dkn-technology.com\\\/wp-content\\\/uploads\\\/2023\\\/01\\\/DKN-logo@4x.webp\",\"width\":1933,\"height\":1029,\"caption\":\"DKN-Technology\"},\"image\":{\"@id\":\"https:\\\/\\\/dkn-technology.com\\\/#\\\/schema\\\/logo\\\/image\\\/\"},\"sameAs\":[\"https:\\\/\\\/www.facebook.com\\\/dkntechnology\\\/\",\"https:\\\/\\\/instagram.com\\\/dkntechnology\",\"https:\\\/\\\/www.youtube.com\\\/@DKN-Technology\",\"https:\\\/\\\/www.linkedin.com\\\/company\\\/dkn-technology-smart-fitness-solutions\"]}]}<\/script>\n<!-- \/ Yoast SEO plugin. -->","yoast_head_json":{"title":"Smart Power Machine + Toolkit - DKN-Technology","robots":{"index":"index","follow":"follow","max-snippet":"max-snippet:-1","max-image-preview":"max-image-preview:large","max-video-preview":"max-video-preview:-1"},"canonical":"https:\/\/dkn-technology.com\/fr\/produit\/smart-power-machine-with-toolkit\/","og_locale":"fr_FR","og_type":"article","og_title":"Smart Power Machine + Toolkit - DKN-Technology","og_description":"Station de musculation intelligente, entra\u00eenez tout votre corps \u00e0 la maison. +400 mouvements d'entra\u00eenement et une application personnalis\u00e9e, disponible sur Appstore et Playstore.","og_url":"https:\/\/dkn-technology.com\/fr\/produit\/smart-power-machine-with-toolkit\/","og_site_name":"DKN-Technology","article_publisher":"https:\/\/www.facebook.com\/dkntechnology\/","article_modified_time":"2025-01-07T10:33:00+00:00","og_image":[{"width":1068,"height":1068,"url":"https:\/\/dkn-technology.com\/wp-content\/uploads\/2023\/12\/DKN-Smart-Power-Machine-002.png","type":"image\/png"}],"twitter_card":"summary_large_image","twitter_misc":{"Dur\u00e9e de lecture estim\u00e9e":"3 minutes"},"schema":{"@context":"https:\/\/schema.org","@graph":[{"@type":"WebPage","@id":"https:\/\/dkn-technology.com\/fr\/produit\/smart-power-machine-with-toolkit\/","url":"https:\/\/dkn-technology.com\/fr\/produit\/smart-power-machine-with-toolkit\/","name":"Smart Power Machine + Toolkit - DKN-Technology","isPartOf":{"@id":"https:\/\/dkn-technology.com\/#website"},"primaryImageOfPage":{"@id":"https:\/\/dkn-technology.com\/fr\/produit\/smart-power-machine-with-toolkit\/#primaryimage"},"image":{"@id":"https:\/\/dkn-technology.com\/fr\/produit\/smart-power-machine-with-toolkit\/#primaryimage"},"thumbnailUrl":"https:\/\/dkn-technology.com\/wp-content\/uploads\/2023\/12\/DKN-Smart-Power-Machine-002.png","datePublished":"2023-12-07T10:02:07+00:00","dateModified":"2025-01-07T10:33:00+00:00","breadcrumb":{"@id":"https:\/\/dkn-technology.com\/fr\/produit\/smart-power-machine-with-toolkit\/#breadcrumb"},"inLanguage":"fr-FR","potentialAction":[{"@type":"ReadAction","target":["https:\/\/dkn-technology.com\/fr\/produit\/smart-power-machine-with-toolkit\/"]}]},{"@type":"ImageObject","inLanguage":"fr-FR","@id":"https:\/\/dkn-technology.com\/fr\/produit\/smart-power-machine-with-toolkit\/#primaryimage","url":"https:\/\/dkn-technology.com\/wp-content\/uploads\/2023\/12\/DKN-Smart-Power-Machine-002.png","contentUrl":"https:\/\/dkn-technology.com\/wp-content\/uploads\/2023\/12\/DKN-Smart-Power-Machine-002.png","width":1068,"height":1068},{"@type":"BreadcrumbList","@id":"https:\/\/dkn-technology.com\/fr\/produit\/smart-power-machine-with-toolkit\/#breadcrumb","itemListElement":[{"@type":"ListItem","position":1,"name":"Home","item":"https:\/\/dkn-technology.com\/nl\/"},{"@type":"ListItem","position":2,"name":"Shop","item":"https:\/\/dkn-technology.com\/fr\/shop\/"},{"@type":"ListItem","position":3,"name":"Smart Power Machine + Toolkit"}]},{"@type":"WebSite","@id":"https:\/\/dkn-technology.com\/#website","url":"https:\/\/dkn-technology.com\/","name":"DKN-Technology","description":"Smart Fitness Solutions","publisher":{"@id":"https:\/\/dkn-technology.com\/#organization"},"potentialAction":[{"@type":"SearchAction","target":{"@type":"EntryPoint","urlTemplate":"https:\/\/dkn-technology.com\/?s={search_term_string}"},"query-input":{"@type":"PropertyValueSpecification","valueRequired":true,"valueName":"search_term_string"}}],"inLanguage":"fr-FR"},{"@type":"Organization","@id":"https:\/\/dkn-technology.com\/#organization","name":"DKN-Technology","url":"https:\/\/dkn-technology.com\/","logo":{"@type":"ImageObject","inLanguage":"fr-FR","@id":"https:\/\/dkn-technology.com\/#\/schema\/logo\/image\/","url":"https:\/\/dkn-technology.com\/wp-content\/uploads\/2023\/01\/DKN-logo@4x.webp","contentUrl":"https:\/\/dkn-technology.com\/wp-content\/uploads\/2023\/01\/DKN-logo@4x.webp","width":1933,"height":1029,"caption":"DKN-Technology"},"image":{"@id":"https:\/\/dkn-technology.com\/#\/schema\/logo\/image\/"},"sameAs":["https:\/\/www.facebook.com\/dkntechnology\/","https:\/\/instagram.com\/dkntechnology","https:\/\/www.youtube.com\/@DKN-Technology","https:\/\/www.linkedin.com\/company\/dkn-technology-smart-fitness-solutions"]}]}},"_links":{"self":[{"href":"https:\/\/dkn-technology.com\/fr\/wp-json\/wp\/v2\/product\/12288","targetHints":{"allow":["GET"]}}],"collection":[{"href":"https:\/\/dkn-technology.com\/fr\/wp-json\/wp\/v2\/product"}],"about":[{"href":"https:\/\/dkn-technology.com\/fr\/wp-json\/wp\/v2\/types\/product"}],"version-history":[{"count":8,"href":"https:\/\/dkn-technology.com\/fr\/wp-json\/wp\/v2\/product\/12288\/revisions"}],"predecessor-version":[{"id":21565,"href":"https:\/\/dkn-technology.com\/fr\/wp-json\/wp\/v2\/product\/12288\/revisions\/21565"}],"wp:featuredmedia":[{"embeddable":true,"href":"https:\/\/dkn-technology.com\/fr\/wp-json\/wp\/v2\/media\/12368"}],"wp:attachment":[{"href":"https:\/\/dkn-technology.com\/fr\/wp-json\/wp\/v2\/media?parent=12288"}],"wp:term":[{"taxonomy":"product_brand","embeddable":true,"href":"https:\/\/dkn-technology.com\/fr\/wp-json\/wp\/v2\/product_brand?post=12288"},{"taxonomy":"product_cat","embeddable":true,"href":"https:\/\/dkn-technology.com\/fr\/wp-json\/wp\/v2\/product_cat?post=12288"},{"taxonomy":"product_tag","embeddable":true,"href":"https:\/\/dkn-technology.com\/fr\/wp-json\/wp\/v2\/product_tag?post=12288"}],"curies":[{"name":"wp","href":"https:\/\/api.w.org\/{rel}","templated":true}]}}