{"id":21234,"date":"2024-11-20T12:17:30","date_gmt":"2024-11-20T10:17:30","guid":{"rendered":"https:\/\/dkn-technology.com\/?post_type=product&#038;p=21234"},"modified":"2025-09-23T10:15:03","modified_gmt":"2025-09-23T08:15:03","slug":"ar-pro-x","status":"publish","type":"product","link":"https:\/\/dkn-technology.com\/fr\/produit\/ar-pro-x\/","title":{"rendered":"AR Pro X"},"content":{"rendered":"<h3>Rameur AR Pro X &#8211; R\u00e9volutionnez votre parcours de remise en forme<\/h3>\n<p>Faites l&rsquo;exp\u00e9rience d&rsquo;un entra\u00eenement complet avec le rameur <strong>AR Pro X<\/strong> de <strong>DKN-Technology<\/strong>. Con\u00e7u pour les athl\u00e8tes de tous niveaux, cet appareil apporte la salle de sport \u00e0 votre domicile gr\u00e2ce \u00e0 ses caract\u00e9ristiques de pointe, sa conception robuste et l&rsquo;int\u00e9gration transparente de technologies avanc\u00e9es.<\/p>\n<h4>Caract\u00e9ristiques principales :<\/h4>\n<ul>\n<li><strong>Ch\u00e2ssis robuste<\/strong>: Construit pour durer et \u00eatre stable, l&rsquo;AR Pro X supporte jusqu&rsquo;\u00e0 180 kg, garantissant s\u00e9curit\u00e9 et confort aux utilisateurs de toutes tailles.<\/li>\n<li><strong>32 niveaux de r\u00e9sistance<\/strong>: R\u00e9glez facilement la charge entre 1 et 32 niveaux pour personnaliser l&rsquo;intensit\u00e9 de votre entra\u00eenement, que vous fassiez une s\u00e9ance de haute intensit\u00e9 ou que vous d\u00e9butiez.<\/li>\n<li><strong>Console haute r\u00e9solution<\/strong>: La console offre un \u00e9cran lumineux, convivial et dot\u00e9 de nombreuses fonctions :\n<ul>\n<li><strong>Mesures en temps r\u00e9el<\/strong>: Suivi de la distance, de la vitesse, du nombre de tours\/minute, de la dur\u00e9e, de la fr\u00e9quence cardiaque et des calories br\u00fbl\u00e9es.<\/li>\n<li><strong>Surveillance de la fr\u00e9quence cardiaque<\/strong>: Contr\u00f4lez votre fr\u00e9quence cardiaque gr\u00e2ce \u00e0 la compatibilit\u00e9 Bluetooth avec les capteurs de fr\u00e9quence cardiaque (disponibles s\u00e9par\u00e9ment).<\/li>\n<li><strong>Affichage WATT<\/strong>: Mesurez votre puissance pendant vos s\u00e9ances d&rsquo;entra\u00eenement pour un suivi pr\u00e9cis de vos performances.<\/li>\n<\/ul>\n<\/li>\n<li><strong>Compatibilit\u00e9 multim\u00e9dia<\/strong>: Profitez de vos applications pr\u00e9f\u00e9r\u00e9es telles que <strong>Netflix<\/strong>, <strong>YouTube<\/strong>, <strong>Spotify<\/strong>, <strong>Amazon Prime Video<\/strong>, et plus encore pendant que vous ramez. Gr\u00e2ce \u00e0 la connectivit\u00e9 <strong>WIFI et Bluetooth<\/strong>, vos options de divertissement sont illimit\u00e9es.<\/li>\n<\/ul>\n<ul>\n<li><strong>Modes d&rsquo;entra\u00eenement multiples<\/strong>: Choisissez parmi une vari\u00e9t\u00e9 de programmes, notamment\n<ul>\n<li><strong>D\u00e9marrage rapide<\/strong>: Pour des s\u00e9ances d&rsquo;entra\u00eenement imm\u00e9diates.<\/li>\n<li><strong>Entra\u00eenement par intervalles<\/strong>: Programmes d&rsquo;entra\u00eenement \u00e0 haute intensit\u00e9 con\u00e7us pour repousser vos limites.<\/li>\n<li><strong>Contr\u00f4le de la fr\u00e9quence cardiaque<\/strong>: Ajustez automatiquement la r\u00e9sistance en fonction de votre fr\u00e9quence cardiaque pour un entra\u00eenement sur mesure.<\/li>\n<li><strong>Mode sc\u00e8ne r\u00e9elle<\/strong>: Plongez dans des sc\u00e9narios d&rsquo;aviron r\u00e9els gr\u00e2ce \u00e0 des itin\u00e9raires vid\u00e9o s\u00e9lectionnables.<\/li>\n<li><strong>Mode Puissance constante<\/strong>: Maintenez votre puissance de mani\u00e8re constante pour un entra\u00eenement bas\u00e9 sur l&rsquo;endurance.<\/li>\n<\/ul>\n<\/li>\n<li><strong>Planifiez votre itin\u00e9raire<\/strong>: Planifiez votre itin\u00e9raire d&rsquo;aviron gr\u00e2ce \u00e0 l&rsquo;int\u00e9gration de Google Maps. D\u00e9couvrez une vari\u00e9t\u00e9 de terrains et d&rsquo;itin\u00e9raires avec des ajustements en temps r\u00e9el en fonction de la trajectoire choisie.<\/li>\n<li><strong>Test de condition physique<\/strong>: \u00c9tablissez des rep\u00e8res personnels gr\u00e2ce au test de condition physique VO2 max, qui s&rsquo;adapte \u00e0 votre fr\u00e9quence cardiaque et \u00e0 vos performances pour vous donner une image claire de votre niveau de condition physique.<\/li>\n<li><strong>Conception ergonomique<\/strong>: Les repose-pieds r\u00e9glables et le si\u00e8ge rembourr\u00e9 assurent un confort maximal, tandis que le m\u00e9canisme de cha\u00eene souple garantit un mouvement d&rsquo;aviron fluide et sans impact.<\/li>\n<\/ul>\n<h4>Connectivit\u00e9 et fonctions intelligentes :<\/h4>\n<ul>\n<li><strong>Connectivit\u00e9 Bluetooth FTMS<\/strong>: Associez-le \u00e0 des applications de fitness populaires telles que <strong>Zwift<\/strong> pour suivre vos progr\u00e8s et participer \u00e0 des d\u00e9fis virtuels.<\/li>\n<li><strong>Haut-parleur int\u00e9gr\u00e9 et streaming audio<\/strong>: Divertissez-vous gr\u00e2ce \u00e0 un syst\u00e8me de haut-parleurs compatible BLE qui s&rsquo;adapte \u00e0 vos pr\u00e9f\u00e9rences musicales pendant les s\u00e9ances d&rsquo;entra\u00eenement.<\/li>\n<li><strong>\u00c9cran projet\u00e9<\/strong>: Mettez l&rsquo;\u00e9cran de votre t\u00e9l\u00e9phone en miroir sur la console pour une meilleure visualisation de vos \u00e9missions pr\u00e9f\u00e9r\u00e9es ou de vos mesures d&rsquo;entra\u00eenement.<\/li>\n<\/ul>\n<h4>Exp\u00e9rience utilisateur am\u00e9lior\u00e9e :<\/h4>\n<ul>\n<li><strong>Stockage facile<\/strong>: \u00c9quip\u00e9 de roues de transport pour faciliter le d\u00e9placement et le stockage.<\/li>\n<li><strong>Console interactive<\/strong>: Comprend des commandes de luminosit\u00e9 et de volume, ainsi que des options de r\u00e9glage du fuseau horaire et du syst\u00e8me.<\/li>\n<\/ul>\n<p>L&rsquo;<strong>AR Pro X<\/strong> est un m\u00e9lange parfait de technologie, de durabilit\u00e9 et de fonctions de fitness immersives. Que vous soyez un d\u00e9butant cherchant \u00e0 am\u00e9liorer sa sant\u00e9 ou un athl\u00e8te repoussant ses limites, l&rsquo;AR Pro X apporte des exp\u00e9riences professionnelles d&rsquo;aviron \u00e0 votre domicile.<\/p>\n","protected":false},"excerpt":{"rendered":"<p>Entra\u00eenements personnalisables &#8211; Suivi des performances &#8211; Lancement et contr\u00f4le des programmes &#8211; \u00c9valuation de la r\u00e9cup\u00e9ration &#8211; Mode comp\u00e9tition et course<\/p>\n","protected":false},"featured_media":31315,"template":"","meta":{"_acf_changed":false,"inline_featured_image":false,"_monsterinsights_skip_tracking":false,"_monsterinsights_sitenote_active":false,"_monsterinsights_sitenote_note":"","_monsterinsights_sitenote_category":0},"product_brand":[],"product_cat":[89],"product_tag":[],"class_list":{"0":"post-21234","1":"product","2":"type-product","3":"status-publish","4":"has-post-thumbnail","6":"product_cat-rameurs","8":"first","9":"instock","10":"taxable","11":"shipping-taxable","12":"purchasable","13":"product-type-variable"},"acf":[],"yoast_head":"<!-- This site is optimized with the Yoast SEO plugin v27.5 - https:\/\/yoast.com\/product\/yoast-seo-wordpress\/ -->\n<title>AR Pro X - DKN-Technology<\/title>\n<meta name=\"robots\" content=\"index, follow, max-snippet:-1, max-image-preview:large, max-video-preview:-1\" \/>\n<link rel=\"canonical\" href=\"https:\/\/dkn-technology.com\/fr\/produit\/ar-pro-x\/\" \/>\n<meta property=\"og:locale\" content=\"fr_FR\" \/>\n<meta property=\"og:type\" content=\"article\" \/>\n<meta property=\"og:title\" content=\"AR Pro X - DKN-Technology\" \/>\n<meta property=\"og:description\" content=\"Entra\u00eenements personnalisables - Suivi des performances - Lancement et contr\u00f4le des programmes - \u00c9valuation de la r\u00e9cup\u00e9ration - Mode comp\u00e9tition et course\" \/>\n<meta property=\"og:url\" content=\"https:\/\/dkn-technology.com\/fr\/produit\/ar-pro-x\/\" \/>\n<meta property=\"og:site_name\" content=\"DKN-Technology\" \/>\n<meta property=\"article:publisher\" content=\"https:\/\/www.facebook.com\/dkntechnology\/\" \/>\n<meta property=\"article:modified_time\" content=\"2025-09-23T08:15:03+00:00\" \/>\n<meta property=\"og:image\" content=\"https:\/\/dkn-technology.com\/wp-content\/uploads\/2024\/11\/20721-AR-PRO-X-01.webp\" \/>\n\t<meta property=\"og:image:width\" content=\"2560\" \/>\n\t<meta property=\"og:image:height\" content=\"2560\" \/>\n\t<meta property=\"og:image:type\" content=\"image\/webp\" \/>\n<meta name=\"twitter:card\" content=\"summary_large_image\" \/>\n<meta name=\"twitter:label1\" content=\"Dur\u00e9e de lecture estim\u00e9e\" \/>\n\t<meta name=\"twitter:data1\" content=\"3 minutes\" \/>\n<script type=\"application\/ld+json\" class=\"yoast-schema-graph\">{\"@context\":\"https:\\\/\\\/schema.org\",\"@graph\":[{\"@type\":\"WebPage\",\"@id\":\"https:\\\/\\\/dkn-technology.com\\\/fr\\\/produit\\\/ar-pro-x\\\/\",\"url\":\"https:\\\/\\\/dkn-technology.com\\\/fr\\\/produit\\\/ar-pro-x\\\/\",\"name\":\"AR Pro X - DKN-Technology\",\"isPartOf\":{\"@id\":\"https:\\\/\\\/dkn-technology.com\\\/#website\"},\"primaryImageOfPage\":{\"@id\":\"https:\\\/\\\/dkn-technology.com\\\/fr\\\/produit\\\/ar-pro-x\\\/#primaryimage\"},\"image\":{\"@id\":\"https:\\\/\\\/dkn-technology.com\\\/fr\\\/produit\\\/ar-pro-x\\\/#primaryimage\"},\"thumbnailUrl\":\"https:\\\/\\\/dkn-technology.com\\\/wp-content\\\/uploads\\\/2024\\\/11\\\/20721-AR-PRO-X-01.webp\",\"datePublished\":\"2024-11-20T10:17:30+00:00\",\"dateModified\":\"2025-09-23T08:15:03+00:00\",\"breadcrumb\":{\"@id\":\"https:\\\/\\\/dkn-technology.com\\\/fr\\\/produit\\\/ar-pro-x\\\/#breadcrumb\"},\"inLanguage\":\"fr-FR\",\"potentialAction\":[{\"@type\":\"ReadAction\",\"target\":[\"https:\\\/\\\/dkn-technology.com\\\/fr\\\/produit\\\/ar-pro-x\\\/\"]}]},{\"@type\":\"ImageObject\",\"inLanguage\":\"fr-FR\",\"@id\":\"https:\\\/\\\/dkn-technology.com\\\/fr\\\/produit\\\/ar-pro-x\\\/#primaryimage\",\"url\":\"https:\\\/\\\/dkn-technology.com\\\/wp-content\\\/uploads\\\/2024\\\/11\\\/20721-AR-PRO-X-01.webp\",\"contentUrl\":\"https:\\\/\\\/dkn-technology.com\\\/wp-content\\\/uploads\\\/2024\\\/11\\\/20721-AR-PRO-X-01.webp\",\"width\":2560,\"height\":2560},{\"@type\":\"BreadcrumbList\",\"@id\":\"https:\\\/\\\/dkn-technology.com\\\/fr\\\/produit\\\/ar-pro-x\\\/#breadcrumb\",\"itemListElement\":[{\"@type\":\"ListItem\",\"position\":1,\"name\":\"Home\",\"item\":\"https:\\\/\\\/dkn-technology.com\\\/nl\\\/\"},{\"@type\":\"ListItem\",\"position\":2,\"name\":\"Shop\",\"item\":\"https:\\\/\\\/dkn-technology.com\\\/fr\\\/shop\\\/\"},{\"@type\":\"ListItem\",\"position\":3,\"name\":\"AR Pro X\"}]},{\"@type\":\"WebSite\",\"@id\":\"https:\\\/\\\/dkn-technology.com\\\/#website\",\"url\":\"https:\\\/\\\/dkn-technology.com\\\/\",\"name\":\"DKN-Technology\",\"description\":\"Smart Fitness Solutions\",\"publisher\":{\"@id\":\"https:\\\/\\\/dkn-technology.com\\\/#organization\"},\"potentialAction\":[{\"@type\":\"SearchAction\",\"target\":{\"@type\":\"EntryPoint\",\"urlTemplate\":\"https:\\\/\\\/dkn-technology.com\\\/?s={search_term_string}\"},\"query-input\":{\"@type\":\"PropertyValueSpecification\",\"valueRequired\":true,\"valueName\":\"search_term_string\"}}],\"inLanguage\":\"fr-FR\"},{\"@type\":\"Organization\",\"@id\":\"https:\\\/\\\/dkn-technology.com\\\/#organization\",\"name\":\"DKN-Technology\",\"url\":\"https:\\\/\\\/dkn-technology.com\\\/\",\"logo\":{\"@type\":\"ImageObject\",\"inLanguage\":\"fr-FR\",\"@id\":\"https:\\\/\\\/dkn-technology.com\\\/#\\\/schema\\\/logo\\\/image\\\/\",\"url\":\"https:\\\/\\\/dkn-technology.com\\\/wp-content\\\/uploads\\\/2023\\\/01\\\/DKN-logo@4x.webp\",\"contentUrl\":\"https:\\\/\\\/dkn-technology.com\\\/wp-content\\\/uploads\\\/2023\\\/01\\\/DKN-logo@4x.webp\",\"width\":1933,\"height\":1029,\"caption\":\"DKN-Technology\"},\"image\":{\"@id\":\"https:\\\/\\\/dkn-technology.com\\\/#\\\/schema\\\/logo\\\/image\\\/\"},\"sameAs\":[\"https:\\\/\\\/www.facebook.com\\\/dkntechnology\\\/\",\"https:\\\/\\\/instagram.com\\\/dkntechnology\",\"https:\\\/\\\/www.youtube.com\\\/@DKN-Technology\",\"https:\\\/\\\/www.linkedin.com\\\/company\\\/dkn-technology-smart-fitness-solutions\"]}]}<\/script>\n<!-- \/ Yoast SEO plugin. -->","yoast_head_json":{"title":"AR Pro X - DKN-Technology","robots":{"index":"index","follow":"follow","max-snippet":"max-snippet:-1","max-image-preview":"max-image-preview:large","max-video-preview":"max-video-preview:-1"},"canonical":"https:\/\/dkn-technology.com\/fr\/produit\/ar-pro-x\/","og_locale":"fr_FR","og_type":"article","og_title":"AR Pro X - DKN-Technology","og_description":"Entra\u00eenements personnalisables - Suivi des performances - Lancement et contr\u00f4le des programmes - \u00c9valuation de la r\u00e9cup\u00e9ration - Mode comp\u00e9tition et course","og_url":"https:\/\/dkn-technology.com\/fr\/produit\/ar-pro-x\/","og_site_name":"DKN-Technology","article_publisher":"https:\/\/www.facebook.com\/dkntechnology\/","article_modified_time":"2025-09-23T08:15:03+00:00","og_image":[{"width":2560,"height":2560,"url":"https:\/\/dkn-technology.com\/wp-content\/uploads\/2024\/11\/20721-AR-PRO-X-01.webp","type":"image\/webp"}],"twitter_card":"summary_large_image","twitter_misc":{"Dur\u00e9e de lecture estim\u00e9e":"3 minutes"},"schema":{"@context":"https:\/\/schema.org","@graph":[{"@type":"WebPage","@id":"https:\/\/dkn-technology.com\/fr\/produit\/ar-pro-x\/","url":"https:\/\/dkn-technology.com\/fr\/produit\/ar-pro-x\/","name":"AR Pro X - DKN-Technology","isPartOf":{"@id":"https:\/\/dkn-technology.com\/#website"},"primaryImageOfPage":{"@id":"https:\/\/dkn-technology.com\/fr\/produit\/ar-pro-x\/#primaryimage"},"image":{"@id":"https:\/\/dkn-technology.com\/fr\/produit\/ar-pro-x\/#primaryimage"},"thumbnailUrl":"https:\/\/dkn-technology.com\/wp-content\/uploads\/2024\/11\/20721-AR-PRO-X-01.webp","datePublished":"2024-11-20T10:17:30+00:00","dateModified":"2025-09-23T08:15:03+00:00","breadcrumb":{"@id":"https:\/\/dkn-technology.com\/fr\/produit\/ar-pro-x\/#breadcrumb"},"inLanguage":"fr-FR","potentialAction":[{"@type":"ReadAction","target":["https:\/\/dkn-technology.com\/fr\/produit\/ar-pro-x\/"]}]},{"@type":"ImageObject","inLanguage":"fr-FR","@id":"https:\/\/dkn-technology.com\/fr\/produit\/ar-pro-x\/#primaryimage","url":"https:\/\/dkn-technology.com\/wp-content\/uploads\/2024\/11\/20721-AR-PRO-X-01.webp","contentUrl":"https:\/\/dkn-technology.com\/wp-content\/uploads\/2024\/11\/20721-AR-PRO-X-01.webp","width":2560,"height":2560},{"@type":"BreadcrumbList","@id":"https:\/\/dkn-technology.com\/fr\/produit\/ar-pro-x\/#breadcrumb","itemListElement":[{"@type":"ListItem","position":1,"name":"Home","item":"https:\/\/dkn-technology.com\/nl\/"},{"@type":"ListItem","position":2,"name":"Shop","item":"https:\/\/dkn-technology.com\/fr\/shop\/"},{"@type":"ListItem","position":3,"name":"AR Pro X"}]},{"@type":"WebSite","@id":"https:\/\/dkn-technology.com\/#website","url":"https:\/\/dkn-technology.com\/","name":"DKN-Technology","description":"Smart Fitness Solutions","publisher":{"@id":"https:\/\/dkn-technology.com\/#organization"},"potentialAction":[{"@type":"SearchAction","target":{"@type":"EntryPoint","urlTemplate":"https:\/\/dkn-technology.com\/?s={search_term_string}"},"query-input":{"@type":"PropertyValueSpecification","valueRequired":true,"valueName":"search_term_string"}}],"inLanguage":"fr-FR"},{"@type":"Organization","@id":"https:\/\/dkn-technology.com\/#organization","name":"DKN-Technology","url":"https:\/\/dkn-technology.com\/","logo":{"@type":"ImageObject","inLanguage":"fr-FR","@id":"https:\/\/dkn-technology.com\/#\/schema\/logo\/image\/","url":"https:\/\/dkn-technology.com\/wp-content\/uploads\/2023\/01\/DKN-logo@4x.webp","contentUrl":"https:\/\/dkn-technology.com\/wp-content\/uploads\/2023\/01\/DKN-logo@4x.webp","width":1933,"height":1029,"caption":"DKN-Technology"},"image":{"@id":"https:\/\/dkn-technology.com\/#\/schema\/logo\/image\/"},"sameAs":["https:\/\/www.facebook.com\/dkntechnology\/","https:\/\/instagram.com\/dkntechnology","https:\/\/www.youtube.com\/@DKN-Technology","https:\/\/www.linkedin.com\/company\/dkn-technology-smart-fitness-solutions"]}]}},"_links":{"self":[{"href":"https:\/\/dkn-technology.com\/fr\/wp-json\/wp\/v2\/product\/21234","targetHints":{"allow":["GET"]}}],"collection":[{"href":"https:\/\/dkn-technology.com\/fr\/wp-json\/wp\/v2\/product"}],"about":[{"href":"https:\/\/dkn-technology.com\/fr\/wp-json\/wp\/v2\/types\/product"}],"version-history":[{"count":4,"href":"https:\/\/dkn-technology.com\/fr\/wp-json\/wp\/v2\/product\/21234\/revisions"}],"predecessor-version":[{"id":31614,"href":"https:\/\/dkn-technology.com\/fr\/wp-json\/wp\/v2\/product\/21234\/revisions\/31614"}],"wp:featuredmedia":[{"embeddable":true,"href":"https:\/\/dkn-technology.com\/fr\/wp-json\/wp\/v2\/media\/31315"}],"wp:attachment":[{"href":"https:\/\/dkn-technology.com\/fr\/wp-json\/wp\/v2\/media?parent=21234"}],"wp:term":[{"taxonomy":"product_brand","embeddable":true,"href":"https:\/\/dkn-technology.com\/fr\/wp-json\/wp\/v2\/product_brand?post=21234"},{"taxonomy":"product_cat","embeddable":true,"href":"https:\/\/dkn-technology.com\/fr\/wp-json\/wp\/v2\/product_cat?post=21234"},{"taxonomy":"product_tag","embeddable":true,"href":"https:\/\/dkn-technology.com\/fr\/wp-json\/wp\/v2\/product_tag?post=21234"}],"curies":[{"name":"wp","href":"https:\/\/api.w.org\/{rel}","templated":true}]}}