{"id":23435,"date":"2025-03-17T13:04:35","date_gmt":"2025-03-17T11:04:35","guid":{"rendered":"https:\/\/dkn-technology.com\/?post_type=product&#038;p=23435"},"modified":"2025-03-17T16:29:32","modified_gmt":"2025-03-17T14:29:32","slug":"m-460-7-front-stabilizer-cap","status":"publish","type":"product","link":"https:\/\/dkn-technology.com\/fr\/produit\/m-460-7-front-stabilizer-cap\/","title":{"rendered":"M-460 &#8211; #7 &#8211; Front Stabilizer Cap"},"content":{"rendered":"<p data-start=\"13\" data-end=\"158\">Le \u00ab\u00a0De M-460 &#8211; #7 &#8211; Capuchon de Stabilisateur Avant\u00a0\u00bb est une pi\u00e8ce du <strong><a href=\"https:\/\/dkn-technology.com\/fr\/produit\/magbike-m-460\/\">Magbike 460<\/a><\/strong> de DKN-Technology, un v\u00e9lo stationnaire ou un v\u00e9lo de spinning.<\/p>\n<p data-start=\"160\" data-end=\"548\"><strong data-start=\"160\" data-end=\"186\">Que fait cette pi\u00e8ce ?<\/strong> Le \u00ab\u00a0Stabilisateur Avant\u00a0\u00bb fait r\u00e9f\u00e9rence au stabilisateur avant du v\u00e9lo. Il s&rsquo;agit de la barre horizontale \u00e0 l&rsquo;avant qui assure la stabilit\u00e9 et emp\u00eache le v\u00e9lo de basculer pendant les exercices. Le \u00ab\u00a0Capuchon\u00a0\u00bb peut \u00eatre un couvercle ou une pi\u00e8ce de fixation qui aide \u00e0 maintenir le stabilisateur solidement en place ou \u00e0 le prot\u00e9ger de la poussi\u00e8re et de l&rsquo;usure.<\/p>\n<p data-start=\"550\" data-end=\"787\"><strong data-start=\"550\" data-end=\"581\">Pourquoi est-ce important ?<\/strong> Cela garantit que le v\u00e9lo stationnaire reste stable pendant l&rsquo;exercice. Il peut prot\u00e9ger les points de fixation ou les vis contre l&rsquo;usure. Cela peut contribuer \u00e0 une finition soign\u00e9e du tube stabilisateur.<\/p>\n","protected":false},"excerpt":{"rendered":"<p>Le \u00ab\u00a0De M-460 &#8211; #7 &#8211; Capuchon de Stabilisateur Avant\u00a0\u00bb est une pi\u00e8ce du Magbike 460 de DKN-Technology, un v\u00e9lo stationnaire ou un v\u00e9lo de spinning. Que fait cette pi\u00e8ce ? Le \u00ab\u00a0Stabilisateur Avant\u00a0\u00bb fait r\u00e9f\u00e9rence au stabilisateur avant du v\u00e9lo. Il s&rsquo;agit de la barre horizontale \u00e0 l&rsquo;avant qui assure la stabilit\u00e9 et emp\u00eache [&hellip;]<\/p>\n","protected":false},"featured_media":23342,"template":"","meta":{"_acf_changed":false,"inline_featured_image":false,"_monsterinsights_skip_tracking":false,"_monsterinsights_sitenote_active":false,"_monsterinsights_sitenote_note":"","_monsterinsights_sitenote_category":0},"product_brand":[],"product_cat":[471],"product_tag":[],"class_list":{"0":"post-23435","1":"product","2":"type-product","3":"status-publish","4":"has-post-thumbnail","6":"product_cat-pieces-de-rechange","8":"first","9":"instock","10":"taxable","11":"shipping-taxable","12":"purchasable","13":"product-type-simple"},"acf":[],"yoast_head":"<!-- This site is optimized with the Yoast SEO plugin v27.5 - https:\/\/yoast.com\/product\/yoast-seo-wordpress\/ -->\n<title>M-460 - #7 - Front Stabilizer Cap - DKN-Technology<\/title>\n<meta name=\"robots\" content=\"index, follow, max-snippet:-1, max-image-preview:large, max-video-preview:-1\" \/>\n<link rel=\"canonical\" href=\"https:\/\/dkn-technology.com\/fr\/produit\/m-460-7-front-stabilizer-cap\/\" \/>\n<meta property=\"og:locale\" content=\"fr_FR\" \/>\n<meta property=\"og:type\" content=\"article\" \/>\n<meta property=\"og:title\" content=\"M-460 - #7 - Front Stabilizer Cap - DKN-Technology\" \/>\n<meta property=\"og:description\" content=\"Le \u00ab\u00a0De M-460 &#8211; #7 &#8211; Capuchon de Stabilisateur Avant\u00a0\u00bb est une pi\u00e8ce du Magbike 460 de DKN-Technology, un v\u00e9lo stationnaire ou un v\u00e9lo de spinning. Que fait cette pi\u00e8ce ? Le \u00ab\u00a0Stabilisateur Avant\u00a0\u00bb fait r\u00e9f\u00e9rence au stabilisateur avant du v\u00e9lo. Il s&rsquo;agit de la barre horizontale \u00e0 l&rsquo;avant qui assure la stabilit\u00e9 et emp\u00eache [&hellip;]\" \/>\n<meta property=\"og:url\" content=\"https:\/\/dkn-technology.com\/fr\/produit\/m-460-7-front-stabilizer-cap\/\" \/>\n<meta property=\"og:site_name\" content=\"DKN-Technology\" \/>\n<meta property=\"article:publisher\" content=\"https:\/\/www.facebook.com\/dkntechnology\/\" \/>\n<meta property=\"article:modified_time\" content=\"2025-03-17T14:29:32+00:00\" \/>\n<meta property=\"og:image\" content=\"https:\/\/dkn-technology.com\/wp-content\/uploads\/2025\/03\/40912-JPG-scaled.jpg\" \/>\n\t<meta property=\"og:image:width\" content=\"2560\" \/>\n\t<meta property=\"og:image:height\" content=\"2560\" \/>\n\t<meta property=\"og:image:type\" content=\"image\/jpeg\" \/>\n<meta name=\"twitter:card\" content=\"summary_large_image\" \/>\n<meta name=\"twitter:label1\" content=\"Dur\u00e9e de lecture estim\u00e9e\" \/>\n\t<meta name=\"twitter:data1\" content=\"1 minute\" \/>\n<script type=\"application\/ld+json\" class=\"yoast-schema-graph\">{\"@context\":\"https:\\\/\\\/schema.org\",\"@graph\":[{\"@type\":\"WebPage\",\"@id\":\"https:\\\/\\\/dkn-technology.com\\\/fr\\\/produit\\\/m-460-7-front-stabilizer-cap\\\/\",\"url\":\"https:\\\/\\\/dkn-technology.com\\\/fr\\\/produit\\\/m-460-7-front-stabilizer-cap\\\/\",\"name\":\"M-460 - #7 - Front Stabilizer Cap - DKN-Technology\",\"isPartOf\":{\"@id\":\"https:\\\/\\\/dkn-technology.com\\\/#website\"},\"primaryImageOfPage\":{\"@id\":\"https:\\\/\\\/dkn-technology.com\\\/fr\\\/produit\\\/m-460-7-front-stabilizer-cap\\\/#primaryimage\"},\"image\":{\"@id\":\"https:\\\/\\\/dkn-technology.com\\\/fr\\\/produit\\\/m-460-7-front-stabilizer-cap\\\/#primaryimage\"},\"thumbnailUrl\":\"https:\\\/\\\/dkn-technology.com\\\/wp-content\\\/uploads\\\/2025\\\/03\\\/40912-JPG-scaled.jpg\",\"datePublished\":\"2025-03-17T11:04:35+00:00\",\"dateModified\":\"2025-03-17T14:29:32+00:00\",\"breadcrumb\":{\"@id\":\"https:\\\/\\\/dkn-technology.com\\\/fr\\\/produit\\\/m-460-7-front-stabilizer-cap\\\/#breadcrumb\"},\"inLanguage\":\"fr-FR\",\"potentialAction\":[{\"@type\":\"ReadAction\",\"target\":[\"https:\\\/\\\/dkn-technology.com\\\/fr\\\/produit\\\/m-460-7-front-stabilizer-cap\\\/\"]}]},{\"@type\":\"ImageObject\",\"inLanguage\":\"fr-FR\",\"@id\":\"https:\\\/\\\/dkn-technology.com\\\/fr\\\/produit\\\/m-460-7-front-stabilizer-cap\\\/#primaryimage\",\"url\":\"https:\\\/\\\/dkn-technology.com\\\/wp-content\\\/uploads\\\/2025\\\/03\\\/40912-JPG-scaled.jpg\",\"contentUrl\":\"https:\\\/\\\/dkn-technology.com\\\/wp-content\\\/uploads\\\/2025\\\/03\\\/40912-JPG-scaled.jpg\",\"width\":2560,\"height\":2560},{\"@type\":\"BreadcrumbList\",\"@id\":\"https:\\\/\\\/dkn-technology.com\\\/fr\\\/produit\\\/m-460-7-front-stabilizer-cap\\\/#breadcrumb\",\"itemListElement\":[{\"@type\":\"ListItem\",\"position\":1,\"name\":\"Home\",\"item\":\"https:\\\/\\\/dkn-technology.com\\\/nl\\\/\"},{\"@type\":\"ListItem\",\"position\":2,\"name\":\"Shop\",\"item\":\"https:\\\/\\\/dkn-technology.com\\\/fr\\\/shop\\\/\"},{\"@type\":\"ListItem\",\"position\":3,\"name\":\"M-460 &#8211; #7 &#8211; Front Stabilizer Cap\"}]},{\"@type\":\"WebSite\",\"@id\":\"https:\\\/\\\/dkn-technology.com\\\/#website\",\"url\":\"https:\\\/\\\/dkn-technology.com\\\/\",\"name\":\"DKN-Technology\",\"description\":\"Smart Fitness Solutions\",\"publisher\":{\"@id\":\"https:\\\/\\\/dkn-technology.com\\\/#organization\"},\"potentialAction\":[{\"@type\":\"SearchAction\",\"target\":{\"@type\":\"EntryPoint\",\"urlTemplate\":\"https:\\\/\\\/dkn-technology.com\\\/?s={search_term_string}\"},\"query-input\":{\"@type\":\"PropertyValueSpecification\",\"valueRequired\":true,\"valueName\":\"search_term_string\"}}],\"inLanguage\":\"fr-FR\"},{\"@type\":\"Organization\",\"@id\":\"https:\\\/\\\/dkn-technology.com\\\/#organization\",\"name\":\"DKN-Technology\",\"url\":\"https:\\\/\\\/dkn-technology.com\\\/\",\"logo\":{\"@type\":\"ImageObject\",\"inLanguage\":\"fr-FR\",\"@id\":\"https:\\\/\\\/dkn-technology.com\\\/#\\\/schema\\\/logo\\\/image\\\/\",\"url\":\"https:\\\/\\\/dkn-technology.com\\\/wp-content\\\/uploads\\\/2023\\\/01\\\/DKN-logo@4x.webp\",\"contentUrl\":\"https:\\\/\\\/dkn-technology.com\\\/wp-content\\\/uploads\\\/2023\\\/01\\\/DKN-logo@4x.webp\",\"width\":1933,\"height\":1029,\"caption\":\"DKN-Technology\"},\"image\":{\"@id\":\"https:\\\/\\\/dkn-technology.com\\\/#\\\/schema\\\/logo\\\/image\\\/\"},\"sameAs\":[\"https:\\\/\\\/www.facebook.com\\\/dkntechnology\\\/\",\"https:\\\/\\\/instagram.com\\\/dkntechnology\",\"https:\\\/\\\/www.youtube.com\\\/@DKN-Technology\",\"https:\\\/\\\/www.linkedin.com\\\/company\\\/dkn-technology-smart-fitness-solutions\"]}]}<\/script>\n<!-- \/ Yoast SEO plugin. -->","yoast_head_json":{"title":"M-460 - #7 - Front Stabilizer Cap - DKN-Technology","robots":{"index":"index","follow":"follow","max-snippet":"max-snippet:-1","max-image-preview":"max-image-preview:large","max-video-preview":"max-video-preview:-1"},"canonical":"https:\/\/dkn-technology.com\/fr\/produit\/m-460-7-front-stabilizer-cap\/","og_locale":"fr_FR","og_type":"article","og_title":"M-460 - #7 - Front Stabilizer Cap - DKN-Technology","og_description":"Le \u00ab\u00a0De M-460 &#8211; #7 &#8211; Capuchon de Stabilisateur Avant\u00a0\u00bb est une pi\u00e8ce du Magbike 460 de DKN-Technology, un v\u00e9lo stationnaire ou un v\u00e9lo de spinning. Que fait cette pi\u00e8ce ? Le \u00ab\u00a0Stabilisateur Avant\u00a0\u00bb fait r\u00e9f\u00e9rence au stabilisateur avant du v\u00e9lo. Il s&rsquo;agit de la barre horizontale \u00e0 l&rsquo;avant qui assure la stabilit\u00e9 et emp\u00eache [&hellip;]","og_url":"https:\/\/dkn-technology.com\/fr\/produit\/m-460-7-front-stabilizer-cap\/","og_site_name":"DKN-Technology","article_publisher":"https:\/\/www.facebook.com\/dkntechnology\/","article_modified_time":"2025-03-17T14:29:32+00:00","og_image":[{"width":2560,"height":2560,"url":"https:\/\/dkn-technology.com\/wp-content\/uploads\/2025\/03\/40912-JPG-scaled.jpg","type":"image\/jpeg"}],"twitter_card":"summary_large_image","twitter_misc":{"Dur\u00e9e de lecture estim\u00e9e":"1 minute"},"schema":{"@context":"https:\/\/schema.org","@graph":[{"@type":"WebPage","@id":"https:\/\/dkn-technology.com\/fr\/produit\/m-460-7-front-stabilizer-cap\/","url":"https:\/\/dkn-technology.com\/fr\/produit\/m-460-7-front-stabilizer-cap\/","name":"M-460 - #7 - Front Stabilizer Cap - DKN-Technology","isPartOf":{"@id":"https:\/\/dkn-technology.com\/#website"},"primaryImageOfPage":{"@id":"https:\/\/dkn-technology.com\/fr\/produit\/m-460-7-front-stabilizer-cap\/#primaryimage"},"image":{"@id":"https:\/\/dkn-technology.com\/fr\/produit\/m-460-7-front-stabilizer-cap\/#primaryimage"},"thumbnailUrl":"https:\/\/dkn-technology.com\/wp-content\/uploads\/2025\/03\/40912-JPG-scaled.jpg","datePublished":"2025-03-17T11:04:35+00:00","dateModified":"2025-03-17T14:29:32+00:00","breadcrumb":{"@id":"https:\/\/dkn-technology.com\/fr\/produit\/m-460-7-front-stabilizer-cap\/#breadcrumb"},"inLanguage":"fr-FR","potentialAction":[{"@type":"ReadAction","target":["https:\/\/dkn-technology.com\/fr\/produit\/m-460-7-front-stabilizer-cap\/"]}]},{"@type":"ImageObject","inLanguage":"fr-FR","@id":"https:\/\/dkn-technology.com\/fr\/produit\/m-460-7-front-stabilizer-cap\/#primaryimage","url":"https:\/\/dkn-technology.com\/wp-content\/uploads\/2025\/03\/40912-JPG-scaled.jpg","contentUrl":"https:\/\/dkn-technology.com\/wp-content\/uploads\/2025\/03\/40912-JPG-scaled.jpg","width":2560,"height":2560},{"@type":"BreadcrumbList","@id":"https:\/\/dkn-technology.com\/fr\/produit\/m-460-7-front-stabilizer-cap\/#breadcrumb","itemListElement":[{"@type":"ListItem","position":1,"name":"Home","item":"https:\/\/dkn-technology.com\/nl\/"},{"@type":"ListItem","position":2,"name":"Shop","item":"https:\/\/dkn-technology.com\/fr\/shop\/"},{"@type":"ListItem","position":3,"name":"M-460 &#8211; #7 &#8211; Front Stabilizer Cap"}]},{"@type":"WebSite","@id":"https:\/\/dkn-technology.com\/#website","url":"https:\/\/dkn-technology.com\/","name":"DKN-Technology","description":"Smart Fitness Solutions","publisher":{"@id":"https:\/\/dkn-technology.com\/#organization"},"potentialAction":[{"@type":"SearchAction","target":{"@type":"EntryPoint","urlTemplate":"https:\/\/dkn-technology.com\/?s={search_term_string}"},"query-input":{"@type":"PropertyValueSpecification","valueRequired":true,"valueName":"search_term_string"}}],"inLanguage":"fr-FR"},{"@type":"Organization","@id":"https:\/\/dkn-technology.com\/#organization","name":"DKN-Technology","url":"https:\/\/dkn-technology.com\/","logo":{"@type":"ImageObject","inLanguage":"fr-FR","@id":"https:\/\/dkn-technology.com\/#\/schema\/logo\/image\/","url":"https:\/\/dkn-technology.com\/wp-content\/uploads\/2023\/01\/DKN-logo@4x.webp","contentUrl":"https:\/\/dkn-technology.com\/wp-content\/uploads\/2023\/01\/DKN-logo@4x.webp","width":1933,"height":1029,"caption":"DKN-Technology"},"image":{"@id":"https:\/\/dkn-technology.com\/#\/schema\/logo\/image\/"},"sameAs":["https:\/\/www.facebook.com\/dkntechnology\/","https:\/\/instagram.com\/dkntechnology","https:\/\/www.youtube.com\/@DKN-Technology","https:\/\/www.linkedin.com\/company\/dkn-technology-smart-fitness-solutions"]}]}},"_links":{"self":[{"href":"https:\/\/dkn-technology.com\/fr\/wp-json\/wp\/v2\/product\/23435","targetHints":{"allow":["GET"]}}],"collection":[{"href":"https:\/\/dkn-technology.com\/fr\/wp-json\/wp\/v2\/product"}],"about":[{"href":"https:\/\/dkn-technology.com\/fr\/wp-json\/wp\/v2\/types\/product"}],"version-history":[{"count":5,"href":"https:\/\/dkn-technology.com\/fr\/wp-json\/wp\/v2\/product\/23435\/revisions"}],"predecessor-version":[{"id":23786,"href":"https:\/\/dkn-technology.com\/fr\/wp-json\/wp\/v2\/product\/23435\/revisions\/23786"}],"wp:featuredmedia":[{"embeddable":true,"href":"https:\/\/dkn-technology.com\/fr\/wp-json\/wp\/v2\/media\/23342"}],"wp:attachment":[{"href":"https:\/\/dkn-technology.com\/fr\/wp-json\/wp\/v2\/media?parent=23435"}],"wp:term":[{"taxonomy":"product_brand","embeddable":true,"href":"https:\/\/dkn-technology.com\/fr\/wp-json\/wp\/v2\/product_brand?post=23435"},{"taxonomy":"product_cat","embeddable":true,"href":"https:\/\/dkn-technology.com\/fr\/wp-json\/wp\/v2\/product_cat?post=23435"},{"taxonomy":"product_tag","embeddable":true,"href":"https:\/\/dkn-technology.com\/fr\/wp-json\/wp\/v2\/product_tag?post=23435"}],"curies":[{"name":"wp","href":"https:\/\/api.w.org\/{rel}","templated":true}]}}