{"id":30642,"date":"2025-07-04T09:48:53","date_gmt":"2025-07-04T07:48:53","guid":{"rendered":"https:\/\/dkn-technology.com\/product\/dkn-6-piece-high-impact-interlocking-floor-protection-mat\/"},"modified":"2025-07-04T10:06:50","modified_gmt":"2025-07-04T08:06:50","slug":"dkn-6-piece-high-impact-interlocking-floor-protection-mat","status":"publish","type":"product","link":"https:\/\/dkn-technology.com\/fr\/produit\/dkn-6-piece-high-impact-interlocking-floor-protection-mat\/","title":{"rendered":"DKN 6 Piece High Impact Interlocking Floor Protection Mat"},"content":{"rendered":"<p data-start=\"976\" data-end=\"1519\">Con\u00e7us pour prot\u00e9ger les sols des rayures, des \u00e9raflures ou autres dommages g\u00e9n\u00e9ralement caus\u00e9s par des \u00e9quipements de fitness encombrants, ces prot\u00e8ge-sols DKN sont fournis par pack de six et s\u2019assemblent comme un puzzle. En plus des six dalles principales, chaque pack contient des bordures pour garantir des lignes droites tout autour du tapis. Ce rev\u00eatement de sol est fabriqu\u00e9 en caoutchouc l\u00e9ger et r\u00e9sistant, avec une \u00e9paisseur de 12 mm, ce qui aide \u00e0 absorber les sons lorsque utilis\u00e9 sous des \u00e9quipements tels que des tapis de course.<\/p>\n<p data-start=\"1521\" data-end=\"1553\"><strong data-start=\"1521\" data-end=\"1553\">Caract\u00e9ristiques principales<\/strong><\/p>\n<ul data-start=\"1554\" data-end=\"1803\">\n<li data-start=\"1554\" data-end=\"1591\">\n<p data-start=\"1556\" data-end=\"1591\">Prot\u00e8ge les sols et les moquettes<\/p>\n<\/li>\n<li data-start=\"1592\" data-end=\"1631\">\n<p data-start=\"1594\" data-end=\"1631\">Imperm\u00e9able pour plus de durabilit\u00e9<\/p>\n<\/li>\n<li data-start=\"1632\" data-end=\"1657\">\n<p data-start=\"1634\" data-end=\"1657\">Surface antid\u00e9rapante<\/p>\n<\/li>\n<li data-start=\"1658\" data-end=\"1679\">\n<p data-start=\"1660\" data-end=\"1679\">Facile \u00e0 nettoyer<\/p>\n<\/li>\n<li data-start=\"1680\" data-end=\"1702\">\n<p data-start=\"1682\" data-end=\"1702\">\u00c9paisseur : 1,2 cm<\/p>\n<\/li>\n<li data-start=\"1703\" data-end=\"1741\">\n<p data-start=\"1705\" data-end=\"1741\">Taille (par pi\u00e8ce) : 60 cm x 60 cm<\/p>\n<\/li>\n<li data-start=\"1742\" data-end=\"1775\">\n<p data-start=\"1744\" data-end=\"1775\">Contenu : 6 pi\u00e8ces + bordures<\/p>\n<\/li>\n<li data-start=\"1776\" data-end=\"1803\">\n<p data-start=\"1778\" data-end=\"1803\">Surface totale : 2,2 m\u00b2<\/p>\n<\/li>\n<\/ul>\n","protected":false},"excerpt":{"rendered":"<p>Con\u00e7us pour prot\u00e9ger les sols des rayures, des \u00e9raflures ou autres dommages g\u00e9n\u00e9ralement caus\u00e9s par des \u00e9quipements de fitness encombrants, ces prot\u00e8ge-sols DKN sont fournis par pack de six et s\u2019assemblent comme un puzzle. En plus des six dalles principales, chaque pack contient des bordures pour garantir des lignes droites tout autour du tapis. Ce [&hellip;]<\/p>\n","protected":false},"featured_media":30776,"template":"","meta":{"_acf_changed":false,"inline_featured_image":false,"_monsterinsights_skip_tracking":false,"_monsterinsights_sitenote_active":false,"_monsterinsights_sitenote_note":"","_monsterinsights_sitenote_category":0},"product_brand":[],"product_cat":[98],"product_tag":[],"class_list":{"0":"post-30642","1":"product","2":"type-product","3":"status-publish","4":"has-post-thumbnail","6":"product_cat-accessoires-fr","8":"first","9":"instock","10":"purchasable","11":"product-type-simple"},"acf":[],"yoast_head":"<!-- This site is optimized with the Yoast SEO plugin v27.5 - https:\/\/yoast.com\/product\/yoast-seo-wordpress\/ -->\n<title>DKN 6 Piece High Impact Interlocking Floor Protection Mat - DKN-Technology<\/title>\n<meta name=\"robots\" content=\"index, follow, max-snippet:-1, max-image-preview:large, max-video-preview:-1\" \/>\n<link rel=\"canonical\" href=\"https:\/\/dkn-technology.com\/fr\/produit\/dkn-6-piece-high-impact-interlocking-floor-protection-mat\/\" \/>\n<meta property=\"og:locale\" content=\"fr_FR\" \/>\n<meta property=\"og:type\" content=\"article\" \/>\n<meta property=\"og:title\" content=\"DKN 6 Piece High Impact Interlocking Floor Protection Mat - DKN-Technology\" \/>\n<meta property=\"og:description\" content=\"Con\u00e7us pour prot\u00e9ger les sols des rayures, des \u00e9raflures ou autres dommages g\u00e9n\u00e9ralement caus\u00e9s par des \u00e9quipements de fitness encombrants, ces prot\u00e8ge-sols DKN sont fournis par pack de six et s\u2019assemblent comme un puzzle. En plus des six dalles principales, chaque pack contient des bordures pour garantir des lignes droites tout autour du tapis. Ce [&hellip;]\" \/>\n<meta property=\"og:url\" content=\"https:\/\/dkn-technology.com\/fr\/produit\/dkn-6-piece-high-impact-interlocking-floor-protection-mat\/\" \/>\n<meta property=\"og:site_name\" content=\"DKN-Technology\" \/>\n<meta property=\"article:publisher\" content=\"https:\/\/www.facebook.com\/dkntechnology\/\" \/>\n<meta property=\"article:modified_time\" content=\"2025-07-04T08:06:50+00:00\" \/>\n<meta property=\"og:image\" content=\"https:\/\/dkn-technology.com\/wp-content\/uploads\/2025\/07\/DKN-POST-LinkdIn-posts-14.png\" \/>\n\t<meta property=\"og:image:width\" content=\"1080\" \/>\n\t<meta property=\"og:image:height\" content=\"1080\" \/>\n\t<meta property=\"og:image:type\" content=\"image\/png\" \/>\n<meta name=\"twitter:card\" content=\"summary_large_image\" \/>\n<meta name=\"twitter:label1\" content=\"Dur\u00e9e de lecture estim\u00e9e\" \/>\n\t<meta name=\"twitter:data1\" content=\"1 minute\" \/>\n<script type=\"application\/ld+json\" class=\"yoast-schema-graph\">{\"@context\":\"https:\\\/\\\/schema.org\",\"@graph\":[{\"@type\":\"WebPage\",\"@id\":\"https:\\\/\\\/dkn-technology.com\\\/fr\\\/produit\\\/dkn-6-piece-high-impact-interlocking-floor-protection-mat\\\/\",\"url\":\"https:\\\/\\\/dkn-technology.com\\\/fr\\\/produit\\\/dkn-6-piece-high-impact-interlocking-floor-protection-mat\\\/\",\"name\":\"DKN 6 Piece High Impact Interlocking Floor Protection Mat - DKN-Technology\",\"isPartOf\":{\"@id\":\"https:\\\/\\\/dkn-technology.com\\\/#website\"},\"primaryImageOfPage\":{\"@id\":\"https:\\\/\\\/dkn-technology.com\\\/fr\\\/produit\\\/dkn-6-piece-high-impact-interlocking-floor-protection-mat\\\/#primaryimage\"},\"image\":{\"@id\":\"https:\\\/\\\/dkn-technology.com\\\/fr\\\/produit\\\/dkn-6-piece-high-impact-interlocking-floor-protection-mat\\\/#primaryimage\"},\"thumbnailUrl\":\"https:\\\/\\\/dkn-technology.com\\\/wp-content\\\/uploads\\\/2025\\\/07\\\/DKN-POST-LinkdIn-posts-14.png\",\"datePublished\":\"2025-07-04T07:48:53+00:00\",\"dateModified\":\"2025-07-04T08:06:50+00:00\",\"breadcrumb\":{\"@id\":\"https:\\\/\\\/dkn-technology.com\\\/fr\\\/produit\\\/dkn-6-piece-high-impact-interlocking-floor-protection-mat\\\/#breadcrumb\"},\"inLanguage\":\"fr-FR\",\"potentialAction\":[{\"@type\":\"ReadAction\",\"target\":[\"https:\\\/\\\/dkn-technology.com\\\/fr\\\/produit\\\/dkn-6-piece-high-impact-interlocking-floor-protection-mat\\\/\"]}]},{\"@type\":\"ImageObject\",\"inLanguage\":\"fr-FR\",\"@id\":\"https:\\\/\\\/dkn-technology.com\\\/fr\\\/produit\\\/dkn-6-piece-high-impact-interlocking-floor-protection-mat\\\/#primaryimage\",\"url\":\"https:\\\/\\\/dkn-technology.com\\\/wp-content\\\/uploads\\\/2025\\\/07\\\/DKN-POST-LinkdIn-posts-14.png\",\"contentUrl\":\"https:\\\/\\\/dkn-technology.com\\\/wp-content\\\/uploads\\\/2025\\\/07\\\/DKN-POST-LinkdIn-posts-14.png\",\"width\":1080,\"height\":1080},{\"@type\":\"BreadcrumbList\",\"@id\":\"https:\\\/\\\/dkn-technology.com\\\/fr\\\/produit\\\/dkn-6-piece-high-impact-interlocking-floor-protection-mat\\\/#breadcrumb\",\"itemListElement\":[{\"@type\":\"ListItem\",\"position\":1,\"name\":\"Home\",\"item\":\"https:\\\/\\\/dkn-technology.com\\\/nl\\\/\"},{\"@type\":\"ListItem\",\"position\":2,\"name\":\"Shop\",\"item\":\"https:\\\/\\\/dkn-technology.com\\\/fr\\\/shop\\\/\"},{\"@type\":\"ListItem\",\"position\":3,\"name\":\"DKN 6 Piece High Impact Interlocking Floor Protection Mat\"}]},{\"@type\":\"WebSite\",\"@id\":\"https:\\\/\\\/dkn-technology.com\\\/#website\",\"url\":\"https:\\\/\\\/dkn-technology.com\\\/\",\"name\":\"DKN-Technology\",\"description\":\"Smart Fitness Solutions\",\"publisher\":{\"@id\":\"https:\\\/\\\/dkn-technology.com\\\/#organization\"},\"potentialAction\":[{\"@type\":\"SearchAction\",\"target\":{\"@type\":\"EntryPoint\",\"urlTemplate\":\"https:\\\/\\\/dkn-technology.com\\\/?s={search_term_string}\"},\"query-input\":{\"@type\":\"PropertyValueSpecification\",\"valueRequired\":true,\"valueName\":\"search_term_string\"}}],\"inLanguage\":\"fr-FR\"},{\"@type\":\"Organization\",\"@id\":\"https:\\\/\\\/dkn-technology.com\\\/#organization\",\"name\":\"DKN-Technology\",\"url\":\"https:\\\/\\\/dkn-technology.com\\\/\",\"logo\":{\"@type\":\"ImageObject\",\"inLanguage\":\"fr-FR\",\"@id\":\"https:\\\/\\\/dkn-technology.com\\\/#\\\/schema\\\/logo\\\/image\\\/\",\"url\":\"https:\\\/\\\/dkn-technology.com\\\/wp-content\\\/uploads\\\/2023\\\/01\\\/DKN-logo@4x.webp\",\"contentUrl\":\"https:\\\/\\\/dkn-technology.com\\\/wp-content\\\/uploads\\\/2023\\\/01\\\/DKN-logo@4x.webp\",\"width\":1933,\"height\":1029,\"caption\":\"DKN-Technology\"},\"image\":{\"@id\":\"https:\\\/\\\/dkn-technology.com\\\/#\\\/schema\\\/logo\\\/image\\\/\"},\"sameAs\":[\"https:\\\/\\\/www.facebook.com\\\/dkntechnology\\\/\",\"https:\\\/\\\/instagram.com\\\/dkntechnology\",\"https:\\\/\\\/www.youtube.com\\\/@DKN-Technology\",\"https:\\\/\\\/www.linkedin.com\\\/company\\\/dkn-technology-smart-fitness-solutions\"]}]}<\/script>\n<!-- \/ Yoast SEO plugin. -->","yoast_head_json":{"title":"DKN 6 Piece High Impact Interlocking Floor Protection Mat - DKN-Technology","robots":{"index":"index","follow":"follow","max-snippet":"max-snippet:-1","max-image-preview":"max-image-preview:large","max-video-preview":"max-video-preview:-1"},"canonical":"https:\/\/dkn-technology.com\/fr\/produit\/dkn-6-piece-high-impact-interlocking-floor-protection-mat\/","og_locale":"fr_FR","og_type":"article","og_title":"DKN 6 Piece High Impact Interlocking Floor Protection Mat - DKN-Technology","og_description":"Con\u00e7us pour prot\u00e9ger les sols des rayures, des \u00e9raflures ou autres dommages g\u00e9n\u00e9ralement caus\u00e9s par des \u00e9quipements de fitness encombrants, ces prot\u00e8ge-sols DKN sont fournis par pack de six et s\u2019assemblent comme un puzzle. En plus des six dalles principales, chaque pack contient des bordures pour garantir des lignes droites tout autour du tapis. Ce [&hellip;]","og_url":"https:\/\/dkn-technology.com\/fr\/produit\/dkn-6-piece-high-impact-interlocking-floor-protection-mat\/","og_site_name":"DKN-Technology","article_publisher":"https:\/\/www.facebook.com\/dkntechnology\/","article_modified_time":"2025-07-04T08:06:50+00:00","og_image":[{"width":1080,"height":1080,"url":"https:\/\/dkn-technology.com\/wp-content\/uploads\/2025\/07\/DKN-POST-LinkdIn-posts-14.png","type":"image\/png"}],"twitter_card":"summary_large_image","twitter_misc":{"Dur\u00e9e de lecture estim\u00e9e":"1 minute"},"schema":{"@context":"https:\/\/schema.org","@graph":[{"@type":"WebPage","@id":"https:\/\/dkn-technology.com\/fr\/produit\/dkn-6-piece-high-impact-interlocking-floor-protection-mat\/","url":"https:\/\/dkn-technology.com\/fr\/produit\/dkn-6-piece-high-impact-interlocking-floor-protection-mat\/","name":"DKN 6 Piece High Impact Interlocking Floor Protection Mat - DKN-Technology","isPartOf":{"@id":"https:\/\/dkn-technology.com\/#website"},"primaryImageOfPage":{"@id":"https:\/\/dkn-technology.com\/fr\/produit\/dkn-6-piece-high-impact-interlocking-floor-protection-mat\/#primaryimage"},"image":{"@id":"https:\/\/dkn-technology.com\/fr\/produit\/dkn-6-piece-high-impact-interlocking-floor-protection-mat\/#primaryimage"},"thumbnailUrl":"https:\/\/dkn-technology.com\/wp-content\/uploads\/2025\/07\/DKN-POST-LinkdIn-posts-14.png","datePublished":"2025-07-04T07:48:53+00:00","dateModified":"2025-07-04T08:06:50+00:00","breadcrumb":{"@id":"https:\/\/dkn-technology.com\/fr\/produit\/dkn-6-piece-high-impact-interlocking-floor-protection-mat\/#breadcrumb"},"inLanguage":"fr-FR","potentialAction":[{"@type":"ReadAction","target":["https:\/\/dkn-technology.com\/fr\/produit\/dkn-6-piece-high-impact-interlocking-floor-protection-mat\/"]}]},{"@type":"ImageObject","inLanguage":"fr-FR","@id":"https:\/\/dkn-technology.com\/fr\/produit\/dkn-6-piece-high-impact-interlocking-floor-protection-mat\/#primaryimage","url":"https:\/\/dkn-technology.com\/wp-content\/uploads\/2025\/07\/DKN-POST-LinkdIn-posts-14.png","contentUrl":"https:\/\/dkn-technology.com\/wp-content\/uploads\/2025\/07\/DKN-POST-LinkdIn-posts-14.png","width":1080,"height":1080},{"@type":"BreadcrumbList","@id":"https:\/\/dkn-technology.com\/fr\/produit\/dkn-6-piece-high-impact-interlocking-floor-protection-mat\/#breadcrumb","itemListElement":[{"@type":"ListItem","position":1,"name":"Home","item":"https:\/\/dkn-technology.com\/nl\/"},{"@type":"ListItem","position":2,"name":"Shop","item":"https:\/\/dkn-technology.com\/fr\/shop\/"},{"@type":"ListItem","position":3,"name":"DKN 6 Piece High Impact Interlocking Floor Protection Mat"}]},{"@type":"WebSite","@id":"https:\/\/dkn-technology.com\/#website","url":"https:\/\/dkn-technology.com\/","name":"DKN-Technology","description":"Smart Fitness Solutions","publisher":{"@id":"https:\/\/dkn-technology.com\/#organization"},"potentialAction":[{"@type":"SearchAction","target":{"@type":"EntryPoint","urlTemplate":"https:\/\/dkn-technology.com\/?s={search_term_string}"},"query-input":{"@type":"PropertyValueSpecification","valueRequired":true,"valueName":"search_term_string"}}],"inLanguage":"fr-FR"},{"@type":"Organization","@id":"https:\/\/dkn-technology.com\/#organization","name":"DKN-Technology","url":"https:\/\/dkn-technology.com\/","logo":{"@type":"ImageObject","inLanguage":"fr-FR","@id":"https:\/\/dkn-technology.com\/#\/schema\/logo\/image\/","url":"https:\/\/dkn-technology.com\/wp-content\/uploads\/2023\/01\/DKN-logo@4x.webp","contentUrl":"https:\/\/dkn-technology.com\/wp-content\/uploads\/2023\/01\/DKN-logo@4x.webp","width":1933,"height":1029,"caption":"DKN-Technology"},"image":{"@id":"https:\/\/dkn-technology.com\/#\/schema\/logo\/image\/"},"sameAs":["https:\/\/www.facebook.com\/dkntechnology\/","https:\/\/instagram.com\/dkntechnology","https:\/\/www.youtube.com\/@DKN-Technology","https:\/\/www.linkedin.com\/company\/dkn-technology-smart-fitness-solutions"]}]}},"_links":{"self":[{"href":"https:\/\/dkn-technology.com\/fr\/wp-json\/wp\/v2\/product\/30642","targetHints":{"allow":["GET"]}}],"collection":[{"href":"https:\/\/dkn-technology.com\/fr\/wp-json\/wp\/v2\/product"}],"about":[{"href":"https:\/\/dkn-technology.com\/fr\/wp-json\/wp\/v2\/types\/product"}],"version-history":[{"count":3,"href":"https:\/\/dkn-technology.com\/fr\/wp-json\/wp\/v2\/product\/30642\/revisions"}],"predecessor-version":[{"id":30656,"href":"https:\/\/dkn-technology.com\/fr\/wp-json\/wp\/v2\/product\/30642\/revisions\/30656"}],"wp:featuredmedia":[{"embeddable":true,"href":"https:\/\/dkn-technology.com\/fr\/wp-json\/wp\/v2\/media\/30776"}],"wp:attachment":[{"href":"https:\/\/dkn-technology.com\/fr\/wp-json\/wp\/v2\/media?parent=30642"}],"wp:term":[{"taxonomy":"product_brand","embeddable":true,"href":"https:\/\/dkn-technology.com\/fr\/wp-json\/wp\/v2\/product_brand?post=30642"},{"taxonomy":"product_cat","embeddable":true,"href":"https:\/\/dkn-technology.com\/fr\/wp-json\/wp\/v2\/product_cat?post=30642"},{"taxonomy":"product_tag","embeddable":true,"href":"https:\/\/dkn-technology.com\/fr\/wp-json\/wp\/v2\/product_tag?post=30642"}],"curies":[{"name":"wp","href":"https:\/\/api.w.org\/{rel}","templated":true}]}}