{"id":30681,"date":"2025-07-04T10:39:26","date_gmt":"2025-07-04T08:39:26","guid":{"rendered":"https:\/\/dkn-technology.com\/product\/dkn-tri-fold-exercise-mat-with-handles\/"},"modified":"2025-07-07T09:29:57","modified_gmt":"2025-07-07T07:29:57","slug":"dkn-tri-fold-exercise-mat-with-handles","status":"publish","type":"product","link":"https:\/\/dkn-technology.com\/fr\/produit\/dkn-tri-fold-exercise-mat-with-handles\/","title":{"rendered":"DKN Tri-Fold Exercise Mat with Handles"},"content":{"rendered":"<p>Ce tapis robuste de DKN convient \u00e0 une large gamme d\u2019exercices et offre un excellent soutien et une bonne protection gr\u00e2ce \u00e0 sa construction en mousse de polyur\u00e9thane de 3 cm d\u2019\u00e9paisseur. Recouvert de vinyle r\u00e9sistant, le tapis est facile \u00e0 nettoyer. Gr\u00e2ce \u00e0 son ing\u00e9nieux design pliable en trois parties avec doubles poign\u00e9es, ce tapis de sport se range et se transporte facilement.<\/p>\n<div>\n<div class=\"flex justify-between items-center\">\n<h2 class=\"disclosure__title h5 mb-0\">Caract\u00e9ristiques principales<\/h2>\n<\/div>\n<\/div>\n<div class=\"disclosure__panel has-motion\">\n<div class=\"disclosure__content rte product-description\">\n<ul>\n<li>Conception pliable en trois parties pour un transport et un rangement faciles<\/li>\n<li>Convient aux exercices d\u2019\u00e9tirement et de renforcement<\/li>\n<li>Rev\u00eatu de vinyle robuste, renforc\u00e9 avec du feutre<\/li>\n<li>Mat\u00e9riau : mousse de polyur\u00e9thane durable<\/li>\n<li>Poign\u00e9es de transport<\/li>\n<li>Facile \u00e0 nettoyer<\/li>\n<li>R\u00e9sistant \u00e0 la moisissure<\/li>\n<li>Dimensions : Longueur = 180 cm, Largeur = 60 cm, \u00c9paisseur = 3 c<\/li>\n<\/ul>\n<\/div>\n<\/div>\n","protected":false},"excerpt":{"rendered":"<p>Ce tapis robuste de DKN convient \u00e0 une large gamme d\u2019exercices et offre un excellent soutien et une bonne protection gr\u00e2ce \u00e0 sa construction en mousse de polyur\u00e9thane de 3 cm d\u2019\u00e9paisseur. Recouvert de vinyle r\u00e9sistant, le tapis est facile \u00e0 nettoyer. Gr\u00e2ce \u00e0 son ing\u00e9nieux design pliable en trois parties avec doubles poign\u00e9es, ce [&hellip;]<\/p>\n","protected":false},"featured_media":30661,"template":"","meta":{"_acf_changed":false,"inline_featured_image":false,"_monsterinsights_skip_tracking":false,"_monsterinsights_sitenote_active":false,"_monsterinsights_sitenote_note":"","_monsterinsights_sitenote_category":0},"product_brand":[],"product_cat":[98],"product_tag":[],"class_list":{"0":"post-30681","1":"product","2":"type-product","3":"status-publish","4":"has-post-thumbnail","6":"product_cat-accessoires-fr","8":"first","9":"outofstock","10":"taxable","11":"shipping-taxable","12":"purchasable","13":"product-type-simple"},"acf":[],"yoast_head":"<!-- This site is optimized with the Yoast SEO plugin v27.3 - https:\/\/yoast.com\/product\/yoast-seo-wordpress\/ -->\n<title>DKN Tri-Fold Exercise Mat with Handles - DKN-Technology<\/title>\n<meta name=\"robots\" content=\"index, follow, max-snippet:-1, max-image-preview:large, max-video-preview:-1\" \/>\n<link rel=\"canonical\" href=\"https:\/\/dkn-technology.com\/fr\/produit\/dkn-tri-fold-exercise-mat-with-handles\/\" \/>\n<meta property=\"og:locale\" content=\"fr_FR\" \/>\n<meta property=\"og:type\" content=\"article\" \/>\n<meta property=\"og:title\" content=\"DKN Tri-Fold Exercise Mat with Handles - DKN-Technology\" \/>\n<meta property=\"og:description\" content=\"Ce tapis robuste de DKN convient \u00e0 une large gamme d\u2019exercices et offre un excellent soutien et une bonne protection gr\u00e2ce \u00e0 sa construction en mousse de polyur\u00e9thane de 3 cm d\u2019\u00e9paisseur. Recouvert de vinyle r\u00e9sistant, le tapis est facile \u00e0 nettoyer. Gr\u00e2ce \u00e0 son ing\u00e9nieux design pliable en trois parties avec doubles poign\u00e9es, ce [&hellip;]\" \/>\n<meta property=\"og:url\" content=\"https:\/\/dkn-technology.com\/fr\/produit\/dkn-tri-fold-exercise-mat-with-handles\/\" \/>\n<meta property=\"og:site_name\" content=\"DKN-Technology\" \/>\n<meta property=\"article:publisher\" content=\"https:\/\/www.facebook.com\/dkntechnology\/\" \/>\n<meta property=\"article:modified_time\" content=\"2025-07-07T07:29:57+00:00\" \/>\n<meta property=\"og:image\" content=\"https:\/\/dkn-technology.com\/wp-content\/uploads\/2025\/07\/346.png\" \/>\n\t<meta property=\"og:image:width\" content=\"1080\" \/>\n\t<meta property=\"og:image:height\" content=\"1080\" \/>\n\t<meta property=\"og:image:type\" content=\"image\/png\" \/>\n<meta name=\"twitter:card\" content=\"summary_large_image\" \/>\n<meta name=\"twitter:label1\" content=\"Dur\u00e9e de lecture estim\u00e9e\" \/>\n\t<meta name=\"twitter:data1\" content=\"1 minute\" \/>\n<script type=\"application\/ld+json\" class=\"yoast-schema-graph\">{\"@context\":\"https:\\\/\\\/schema.org\",\"@graph\":[{\"@type\":\"WebPage\",\"@id\":\"https:\\\/\\\/dkn-technology.com\\\/fr\\\/produit\\\/dkn-tri-fold-exercise-mat-with-handles\\\/\",\"url\":\"https:\\\/\\\/dkn-technology.com\\\/fr\\\/produit\\\/dkn-tri-fold-exercise-mat-with-handles\\\/\",\"name\":\"DKN Tri-Fold Exercise Mat with Handles - DKN-Technology\",\"isPartOf\":{\"@id\":\"https:\\\/\\\/dkn-technology.com\\\/#website\"},\"primaryImageOfPage\":{\"@id\":\"https:\\\/\\\/dkn-technology.com\\\/fr\\\/produit\\\/dkn-tri-fold-exercise-mat-with-handles\\\/#primaryimage\"},\"image\":{\"@id\":\"https:\\\/\\\/dkn-technology.com\\\/fr\\\/produit\\\/dkn-tri-fold-exercise-mat-with-handles\\\/#primaryimage\"},\"thumbnailUrl\":\"https:\\\/\\\/dkn-technology.com\\\/wp-content\\\/uploads\\\/2025\\\/07\\\/346.png\",\"datePublished\":\"2025-07-04T08:39:26+00:00\",\"dateModified\":\"2025-07-07T07:29:57+00:00\",\"breadcrumb\":{\"@id\":\"https:\\\/\\\/dkn-technology.com\\\/fr\\\/produit\\\/dkn-tri-fold-exercise-mat-with-handles\\\/#breadcrumb\"},\"inLanguage\":\"fr-FR\",\"potentialAction\":[{\"@type\":\"ReadAction\",\"target\":[\"https:\\\/\\\/dkn-technology.com\\\/fr\\\/produit\\\/dkn-tri-fold-exercise-mat-with-handles\\\/\"]}]},{\"@type\":\"ImageObject\",\"inLanguage\":\"fr-FR\",\"@id\":\"https:\\\/\\\/dkn-technology.com\\\/fr\\\/produit\\\/dkn-tri-fold-exercise-mat-with-handles\\\/#primaryimage\",\"url\":\"https:\\\/\\\/dkn-technology.com\\\/wp-content\\\/uploads\\\/2025\\\/07\\\/346.png\",\"contentUrl\":\"https:\\\/\\\/dkn-technology.com\\\/wp-content\\\/uploads\\\/2025\\\/07\\\/346.png\",\"width\":1080,\"height\":1080},{\"@type\":\"BreadcrumbList\",\"@id\":\"https:\\\/\\\/dkn-technology.com\\\/fr\\\/produit\\\/dkn-tri-fold-exercise-mat-with-handles\\\/#breadcrumb\",\"itemListElement\":[{\"@type\":\"ListItem\",\"position\":1,\"name\":\"Home\",\"item\":\"https:\\\/\\\/dkn-technology.com\\\/nl\\\/\"},{\"@type\":\"ListItem\",\"position\":2,\"name\":\"Shop\",\"item\":\"https:\\\/\\\/dkn-technology.com\\\/fr\\\/shop\\\/\"},{\"@type\":\"ListItem\",\"position\":3,\"name\":\"DKN Tri-Fold Exercise Mat with Handles\"}]},{\"@type\":\"WebSite\",\"@id\":\"https:\\\/\\\/dkn-technology.com\\\/#website\",\"url\":\"https:\\\/\\\/dkn-technology.com\\\/\",\"name\":\"DKN-Technology\",\"description\":\"Smart Fitness Solutions\",\"publisher\":{\"@id\":\"https:\\\/\\\/dkn-technology.com\\\/#organization\"},\"potentialAction\":[{\"@type\":\"SearchAction\",\"target\":{\"@type\":\"EntryPoint\",\"urlTemplate\":\"https:\\\/\\\/dkn-technology.com\\\/?s={search_term_string}\"},\"query-input\":{\"@type\":\"PropertyValueSpecification\",\"valueRequired\":true,\"valueName\":\"search_term_string\"}}],\"inLanguage\":\"fr-FR\"},{\"@type\":\"Organization\",\"@id\":\"https:\\\/\\\/dkn-technology.com\\\/#organization\",\"name\":\"DKN-Technology\",\"url\":\"https:\\\/\\\/dkn-technology.com\\\/\",\"logo\":{\"@type\":\"ImageObject\",\"inLanguage\":\"fr-FR\",\"@id\":\"https:\\\/\\\/dkn-technology.com\\\/#\\\/schema\\\/logo\\\/image\\\/\",\"url\":\"https:\\\/\\\/dkn-technology.com\\\/wp-content\\\/uploads\\\/2023\\\/01\\\/DKN-logo@4x.webp\",\"contentUrl\":\"https:\\\/\\\/dkn-technology.com\\\/wp-content\\\/uploads\\\/2023\\\/01\\\/DKN-logo@4x.webp\",\"width\":1933,\"height\":1029,\"caption\":\"DKN-Technology\"},\"image\":{\"@id\":\"https:\\\/\\\/dkn-technology.com\\\/#\\\/schema\\\/logo\\\/image\\\/\"},\"sameAs\":[\"https:\\\/\\\/www.facebook.com\\\/dkntechnology\\\/\",\"https:\\\/\\\/instagram.com\\\/dkntechnology\",\"https:\\\/\\\/www.youtube.com\\\/@DKN-Technology\",\"https:\\\/\\\/www.linkedin.com\\\/company\\\/dkn-technology-smart-fitness-solutions\"]}]}<\/script>\n<!-- \/ Yoast SEO plugin. -->","yoast_head_json":{"title":"DKN Tri-Fold Exercise Mat with Handles - DKN-Technology","robots":{"index":"index","follow":"follow","max-snippet":"max-snippet:-1","max-image-preview":"max-image-preview:large","max-video-preview":"max-video-preview:-1"},"canonical":"https:\/\/dkn-technology.com\/fr\/produit\/dkn-tri-fold-exercise-mat-with-handles\/","og_locale":"fr_FR","og_type":"article","og_title":"DKN Tri-Fold Exercise Mat with Handles - DKN-Technology","og_description":"Ce tapis robuste de DKN convient \u00e0 une large gamme d\u2019exercices et offre un excellent soutien et une bonne protection gr\u00e2ce \u00e0 sa construction en mousse de polyur\u00e9thane de 3 cm d\u2019\u00e9paisseur. Recouvert de vinyle r\u00e9sistant, le tapis est facile \u00e0 nettoyer. Gr\u00e2ce \u00e0 son ing\u00e9nieux design pliable en trois parties avec doubles poign\u00e9es, ce [&hellip;]","og_url":"https:\/\/dkn-technology.com\/fr\/produit\/dkn-tri-fold-exercise-mat-with-handles\/","og_site_name":"DKN-Technology","article_publisher":"https:\/\/www.facebook.com\/dkntechnology\/","article_modified_time":"2025-07-07T07:29:57+00:00","og_image":[{"width":1080,"height":1080,"url":"https:\/\/dkn-technology.com\/wp-content\/uploads\/2025\/07\/346.png","type":"image\/png"}],"twitter_card":"summary_large_image","twitter_misc":{"Dur\u00e9e de lecture estim\u00e9e":"1 minute"},"schema":{"@context":"https:\/\/schema.org","@graph":[{"@type":"WebPage","@id":"https:\/\/dkn-technology.com\/fr\/produit\/dkn-tri-fold-exercise-mat-with-handles\/","url":"https:\/\/dkn-technology.com\/fr\/produit\/dkn-tri-fold-exercise-mat-with-handles\/","name":"DKN Tri-Fold Exercise Mat with Handles - DKN-Technology","isPartOf":{"@id":"https:\/\/dkn-technology.com\/#website"},"primaryImageOfPage":{"@id":"https:\/\/dkn-technology.com\/fr\/produit\/dkn-tri-fold-exercise-mat-with-handles\/#primaryimage"},"image":{"@id":"https:\/\/dkn-technology.com\/fr\/produit\/dkn-tri-fold-exercise-mat-with-handles\/#primaryimage"},"thumbnailUrl":"https:\/\/dkn-technology.com\/wp-content\/uploads\/2025\/07\/346.png","datePublished":"2025-07-04T08:39:26+00:00","dateModified":"2025-07-07T07:29:57+00:00","breadcrumb":{"@id":"https:\/\/dkn-technology.com\/fr\/produit\/dkn-tri-fold-exercise-mat-with-handles\/#breadcrumb"},"inLanguage":"fr-FR","potentialAction":[{"@type":"ReadAction","target":["https:\/\/dkn-technology.com\/fr\/produit\/dkn-tri-fold-exercise-mat-with-handles\/"]}]},{"@type":"ImageObject","inLanguage":"fr-FR","@id":"https:\/\/dkn-technology.com\/fr\/produit\/dkn-tri-fold-exercise-mat-with-handles\/#primaryimage","url":"https:\/\/dkn-technology.com\/wp-content\/uploads\/2025\/07\/346.png","contentUrl":"https:\/\/dkn-technology.com\/wp-content\/uploads\/2025\/07\/346.png","width":1080,"height":1080},{"@type":"BreadcrumbList","@id":"https:\/\/dkn-technology.com\/fr\/produit\/dkn-tri-fold-exercise-mat-with-handles\/#breadcrumb","itemListElement":[{"@type":"ListItem","position":1,"name":"Home","item":"https:\/\/dkn-technology.com\/nl\/"},{"@type":"ListItem","position":2,"name":"Shop","item":"https:\/\/dkn-technology.com\/fr\/shop\/"},{"@type":"ListItem","position":3,"name":"DKN Tri-Fold Exercise Mat with Handles"}]},{"@type":"WebSite","@id":"https:\/\/dkn-technology.com\/#website","url":"https:\/\/dkn-technology.com\/","name":"DKN-Technology","description":"Smart Fitness Solutions","publisher":{"@id":"https:\/\/dkn-technology.com\/#organization"},"potentialAction":[{"@type":"SearchAction","target":{"@type":"EntryPoint","urlTemplate":"https:\/\/dkn-technology.com\/?s={search_term_string}"},"query-input":{"@type":"PropertyValueSpecification","valueRequired":true,"valueName":"search_term_string"}}],"inLanguage":"fr-FR"},{"@type":"Organization","@id":"https:\/\/dkn-technology.com\/#organization","name":"DKN-Technology","url":"https:\/\/dkn-technology.com\/","logo":{"@type":"ImageObject","inLanguage":"fr-FR","@id":"https:\/\/dkn-technology.com\/#\/schema\/logo\/image\/","url":"https:\/\/dkn-technology.com\/wp-content\/uploads\/2023\/01\/DKN-logo@4x.webp","contentUrl":"https:\/\/dkn-technology.com\/wp-content\/uploads\/2023\/01\/DKN-logo@4x.webp","width":1933,"height":1029,"caption":"DKN-Technology"},"image":{"@id":"https:\/\/dkn-technology.com\/#\/schema\/logo\/image\/"},"sameAs":["https:\/\/www.facebook.com\/dkntechnology\/","https:\/\/instagram.com\/dkntechnology","https:\/\/www.youtube.com\/@DKN-Technology","https:\/\/www.linkedin.com\/company\/dkn-technology-smart-fitness-solutions"]}]}},"_links":{"self":[{"href":"https:\/\/dkn-technology.com\/fr\/wp-json\/wp\/v2\/product\/30681","targetHints":{"allow":["GET"]}}],"collection":[{"href":"https:\/\/dkn-technology.com\/fr\/wp-json\/wp\/v2\/product"}],"about":[{"href":"https:\/\/dkn-technology.com\/fr\/wp-json\/wp\/v2\/types\/product"}],"version-history":[{"count":2,"href":"https:\/\/dkn-technology.com\/fr\/wp-json\/wp\/v2\/product\/30681\/revisions"}],"predecessor-version":[{"id":30691,"href":"https:\/\/dkn-technology.com\/fr\/wp-json\/wp\/v2\/product\/30681\/revisions\/30691"}],"wp:featuredmedia":[{"embeddable":true,"href":"https:\/\/dkn-technology.com\/fr\/wp-json\/wp\/v2\/media\/30661"}],"wp:attachment":[{"href":"https:\/\/dkn-technology.com\/fr\/wp-json\/wp\/v2\/media?parent=30681"}],"wp:term":[{"taxonomy":"product_brand","embeddable":true,"href":"https:\/\/dkn-technology.com\/fr\/wp-json\/wp\/v2\/product_brand?post=30681"},{"taxonomy":"product_cat","embeddable":true,"href":"https:\/\/dkn-technology.com\/fr\/wp-json\/wp\/v2\/product_cat?post=30681"},{"taxonomy":"product_tag","embeddable":true,"href":"https:\/\/dkn-technology.com\/fr\/wp-json\/wp\/v2\/product_tag?post=30681"}],"curies":[{"name":"wp","href":"https:\/\/api.w.org\/{rel}","templated":true}]}}