{"id":30704,"date":"2025-07-07T09:38:10","date_gmt":"2025-07-07T07:38:10","guid":{"rendered":"https:\/\/dkn-technology.com\/product\/dkn-6-pairs-a-frame-dumbbell-rack\/"},"modified":"2025-07-07T09:45:47","modified_gmt":"2025-07-07T07:45:47","slug":"dkn-6-pairs-a-frame-dumbbell-rack","status":"publish","type":"product","link":"https:\/\/dkn-technology.com\/fr\/produit\/dkn-6-pairs-a-frame-dumbbell-rack\/","title":{"rendered":"DKN 6 Pairs A-Frame Dumbbell Rack"},"content":{"rendered":"<p data-start=\"978\" data-end=\"1568\">Le rack \u00e0 halt\u00e8res en forme de A de DKN est un excellent ajout \u00e0 toute salle de sport et peut contenir six paires d\u2019halt\u00e8res hexagonaux en caoutchouc ou chrom\u00e9s. Ce rack de rangement est tr\u00e8s solide et durable, fabriqu\u00e9 en acier robuste avec une conception boulonn\u00e9e s\u00e9curis\u00e9e. Les pieds en caoutchouc antid\u00e9rapants maintiennent fermement le rack en place tout en prot\u00e9geant le sol contre les rayures. Sa forme compacte facilite la prise et le rangement des halt\u00e8res, et les protections en plastique \u00e0 base de nylon emp\u00eachent d\u2019endommager les supports et les halt\u00e8res lors de l\u2019utilisation.<\/p>\n<div>\n<div class=\"flex justify-between items-center\">\n<h2 class=\"disclosure__title h5 mb-0\">Caract\u00e9ristiques principales<\/h2>\n<\/div>\n<\/div>\n<div class=\"disclosure__panel has-motion\">\n<div class=\"disclosure__content rte product-description\">\n<ul>\n<li>Convient pour ranger six paires d\u2019halt\u00e8res hexagonaux en caoutchouc ou chrom\u00e9s<\/li>\n<li>Construction en acier solide et durable<\/li>\n<li>Conception robuste \u00e0 assemblage par boulons<\/li>\n<li>Pieds en caoutchouc antid\u00e9rapants<\/li>\n<li>Prot\u00e8ge-halt\u00e8res en nylon<\/li>\n<li>Finition \u00e9maill\u00e9e noire<\/li>\n<li>Poids : 17 kg<\/li>\n<\/ul>\n<\/div>\n<\/div>\n","protected":false},"excerpt":{"rendered":"<p>Le rack \u00e0 halt\u00e8res en forme de A de DKN est un excellent ajout \u00e0 toute salle de sport et peut contenir six paires d\u2019halt\u00e8res hexagonaux en caoutchouc ou chrom\u00e9s. Ce rack de rangement est tr\u00e8s solide et durable, fabriqu\u00e9 en acier robuste avec une conception boulonn\u00e9e s\u00e9curis\u00e9e. Les pieds en caoutchouc antid\u00e9rapants maintiennent fermement [&hellip;]<\/p>\n","protected":false},"featured_media":30699,"template":"","meta":{"_acf_changed":false,"inline_featured_image":false,"_monsterinsights_skip_tracking":false,"_monsterinsights_sitenote_active":false,"_monsterinsights_sitenote_note":"","_monsterinsights_sitenote_category":0},"product_brand":[],"product_cat":[98],"product_tag":[],"class_list":{"0":"post-30704","1":"product","2":"type-product","3":"status-publish","4":"has-post-thumbnail","6":"product_cat-accessoires-fr","8":"first","9":"outofstock","10":"taxable","11":"shipping-taxable","12":"purchasable","13":"product-type-simple"},"acf":[],"yoast_head":"<!-- This site is optimized with the Yoast SEO plugin v27.5 - https:\/\/yoast.com\/product\/yoast-seo-wordpress\/ -->\n<title>DKN 6 Pairs A-Frame Dumbbell Rack - DKN-Technology<\/title>\n<meta name=\"robots\" content=\"index, follow, max-snippet:-1, max-image-preview:large, max-video-preview:-1\" \/>\n<link rel=\"canonical\" href=\"https:\/\/dkn-technology.com\/fr\/produit\/dkn-6-pairs-a-frame-dumbbell-rack\/\" \/>\n<meta property=\"og:locale\" content=\"fr_FR\" \/>\n<meta property=\"og:type\" content=\"article\" \/>\n<meta property=\"og:title\" content=\"DKN 6 Pairs A-Frame Dumbbell Rack - DKN-Technology\" \/>\n<meta property=\"og:description\" content=\"Le rack \u00e0 halt\u00e8res en forme de A de DKN est un excellent ajout \u00e0 toute salle de sport et peut contenir six paires d\u2019halt\u00e8res hexagonaux en caoutchouc ou chrom\u00e9s. Ce rack de rangement est tr\u00e8s solide et durable, fabriqu\u00e9 en acier robuste avec une conception boulonn\u00e9e s\u00e9curis\u00e9e. Les pieds en caoutchouc antid\u00e9rapants maintiennent fermement [&hellip;]\" \/>\n<meta property=\"og:url\" content=\"https:\/\/dkn-technology.com\/fr\/produit\/dkn-6-pairs-a-frame-dumbbell-rack\/\" \/>\n<meta property=\"og:site_name\" content=\"DKN-Technology\" \/>\n<meta property=\"article:publisher\" content=\"https:\/\/www.facebook.com\/dkntechnology\/\" \/>\n<meta property=\"article:modified_time\" content=\"2025-07-07T07:45:47+00:00\" \/>\n<meta property=\"og:image\" content=\"https:\/\/dkn-technology.com\/wp-content\/uploads\/2025\/07\/DKN-POST-LinkdIn-posts-13.png\" \/>\n\t<meta property=\"og:image:width\" content=\"1080\" \/>\n\t<meta property=\"og:image:height\" content=\"1080\" \/>\n\t<meta property=\"og:image:type\" content=\"image\/png\" \/>\n<meta name=\"twitter:card\" content=\"summary_large_image\" \/>\n<meta name=\"twitter:label1\" content=\"Dur\u00e9e de lecture estim\u00e9e\" \/>\n\t<meta name=\"twitter:data1\" content=\"1 minute\" \/>\n<script type=\"application\/ld+json\" class=\"yoast-schema-graph\">{\"@context\":\"https:\\\/\\\/schema.org\",\"@graph\":[{\"@type\":\"WebPage\",\"@id\":\"https:\\\/\\\/dkn-technology.com\\\/fr\\\/produit\\\/dkn-6-pairs-a-frame-dumbbell-rack\\\/\",\"url\":\"https:\\\/\\\/dkn-technology.com\\\/fr\\\/produit\\\/dkn-6-pairs-a-frame-dumbbell-rack\\\/\",\"name\":\"DKN 6 Pairs A-Frame Dumbbell Rack - DKN-Technology\",\"isPartOf\":{\"@id\":\"https:\\\/\\\/dkn-technology.com\\\/#website\"},\"primaryImageOfPage\":{\"@id\":\"https:\\\/\\\/dkn-technology.com\\\/fr\\\/produit\\\/dkn-6-pairs-a-frame-dumbbell-rack\\\/#primaryimage\"},\"image\":{\"@id\":\"https:\\\/\\\/dkn-technology.com\\\/fr\\\/produit\\\/dkn-6-pairs-a-frame-dumbbell-rack\\\/#primaryimage\"},\"thumbnailUrl\":\"https:\\\/\\\/dkn-technology.com\\\/wp-content\\\/uploads\\\/2025\\\/07\\\/DKN-POST-LinkdIn-posts-13.png\",\"datePublished\":\"2025-07-07T07:38:10+00:00\",\"dateModified\":\"2025-07-07T07:45:47+00:00\",\"breadcrumb\":{\"@id\":\"https:\\\/\\\/dkn-technology.com\\\/fr\\\/produit\\\/dkn-6-pairs-a-frame-dumbbell-rack\\\/#breadcrumb\"},\"inLanguage\":\"fr-FR\",\"potentialAction\":[{\"@type\":\"ReadAction\",\"target\":[\"https:\\\/\\\/dkn-technology.com\\\/fr\\\/produit\\\/dkn-6-pairs-a-frame-dumbbell-rack\\\/\"]}]},{\"@type\":\"ImageObject\",\"inLanguage\":\"fr-FR\",\"@id\":\"https:\\\/\\\/dkn-technology.com\\\/fr\\\/produit\\\/dkn-6-pairs-a-frame-dumbbell-rack\\\/#primaryimage\",\"url\":\"https:\\\/\\\/dkn-technology.com\\\/wp-content\\\/uploads\\\/2025\\\/07\\\/DKN-POST-LinkdIn-posts-13.png\",\"contentUrl\":\"https:\\\/\\\/dkn-technology.com\\\/wp-content\\\/uploads\\\/2025\\\/07\\\/DKN-POST-LinkdIn-posts-13.png\",\"width\":1080,\"height\":1080},{\"@type\":\"BreadcrumbList\",\"@id\":\"https:\\\/\\\/dkn-technology.com\\\/fr\\\/produit\\\/dkn-6-pairs-a-frame-dumbbell-rack\\\/#breadcrumb\",\"itemListElement\":[{\"@type\":\"ListItem\",\"position\":1,\"name\":\"Home\",\"item\":\"https:\\\/\\\/dkn-technology.com\\\/nl\\\/\"},{\"@type\":\"ListItem\",\"position\":2,\"name\":\"Shop\",\"item\":\"https:\\\/\\\/dkn-technology.com\\\/fr\\\/shop\\\/\"},{\"@type\":\"ListItem\",\"position\":3,\"name\":\"DKN 6 Pairs A-Frame Dumbbell Rack\"}]},{\"@type\":\"WebSite\",\"@id\":\"https:\\\/\\\/dkn-technology.com\\\/#website\",\"url\":\"https:\\\/\\\/dkn-technology.com\\\/\",\"name\":\"DKN-Technology\",\"description\":\"Smart Fitness Solutions\",\"publisher\":{\"@id\":\"https:\\\/\\\/dkn-technology.com\\\/#organization\"},\"potentialAction\":[{\"@type\":\"SearchAction\",\"target\":{\"@type\":\"EntryPoint\",\"urlTemplate\":\"https:\\\/\\\/dkn-technology.com\\\/?s={search_term_string}\"},\"query-input\":{\"@type\":\"PropertyValueSpecification\",\"valueRequired\":true,\"valueName\":\"search_term_string\"}}],\"inLanguage\":\"fr-FR\"},{\"@type\":\"Organization\",\"@id\":\"https:\\\/\\\/dkn-technology.com\\\/#organization\",\"name\":\"DKN-Technology\",\"url\":\"https:\\\/\\\/dkn-technology.com\\\/\",\"logo\":{\"@type\":\"ImageObject\",\"inLanguage\":\"fr-FR\",\"@id\":\"https:\\\/\\\/dkn-technology.com\\\/#\\\/schema\\\/logo\\\/image\\\/\",\"url\":\"https:\\\/\\\/dkn-technology.com\\\/wp-content\\\/uploads\\\/2023\\\/01\\\/DKN-logo@4x.webp\",\"contentUrl\":\"https:\\\/\\\/dkn-technology.com\\\/wp-content\\\/uploads\\\/2023\\\/01\\\/DKN-logo@4x.webp\",\"width\":1933,\"height\":1029,\"caption\":\"DKN-Technology\"},\"image\":{\"@id\":\"https:\\\/\\\/dkn-technology.com\\\/#\\\/schema\\\/logo\\\/image\\\/\"},\"sameAs\":[\"https:\\\/\\\/www.facebook.com\\\/dkntechnology\\\/\",\"https:\\\/\\\/instagram.com\\\/dkntechnology\",\"https:\\\/\\\/www.youtube.com\\\/@DKN-Technology\",\"https:\\\/\\\/www.linkedin.com\\\/company\\\/dkn-technology-smart-fitness-solutions\"]}]}<\/script>\n<!-- \/ Yoast SEO plugin. -->","yoast_head_json":{"title":"DKN 6 Pairs A-Frame Dumbbell Rack - DKN-Technology","robots":{"index":"index","follow":"follow","max-snippet":"max-snippet:-1","max-image-preview":"max-image-preview:large","max-video-preview":"max-video-preview:-1"},"canonical":"https:\/\/dkn-technology.com\/fr\/produit\/dkn-6-pairs-a-frame-dumbbell-rack\/","og_locale":"fr_FR","og_type":"article","og_title":"DKN 6 Pairs A-Frame Dumbbell Rack - DKN-Technology","og_description":"Le rack \u00e0 halt\u00e8res en forme de A de DKN est un excellent ajout \u00e0 toute salle de sport et peut contenir six paires d\u2019halt\u00e8res hexagonaux en caoutchouc ou chrom\u00e9s. Ce rack de rangement est tr\u00e8s solide et durable, fabriqu\u00e9 en acier robuste avec une conception boulonn\u00e9e s\u00e9curis\u00e9e. Les pieds en caoutchouc antid\u00e9rapants maintiennent fermement [&hellip;]","og_url":"https:\/\/dkn-technology.com\/fr\/produit\/dkn-6-pairs-a-frame-dumbbell-rack\/","og_site_name":"DKN-Technology","article_publisher":"https:\/\/www.facebook.com\/dkntechnology\/","article_modified_time":"2025-07-07T07:45:47+00:00","og_image":[{"width":1080,"height":1080,"url":"https:\/\/dkn-technology.com\/wp-content\/uploads\/2025\/07\/DKN-POST-LinkdIn-posts-13.png","type":"image\/png"}],"twitter_card":"summary_large_image","twitter_misc":{"Dur\u00e9e de lecture estim\u00e9e":"1 minute"},"schema":{"@context":"https:\/\/schema.org","@graph":[{"@type":"WebPage","@id":"https:\/\/dkn-technology.com\/fr\/produit\/dkn-6-pairs-a-frame-dumbbell-rack\/","url":"https:\/\/dkn-technology.com\/fr\/produit\/dkn-6-pairs-a-frame-dumbbell-rack\/","name":"DKN 6 Pairs A-Frame Dumbbell Rack - DKN-Technology","isPartOf":{"@id":"https:\/\/dkn-technology.com\/#website"},"primaryImageOfPage":{"@id":"https:\/\/dkn-technology.com\/fr\/produit\/dkn-6-pairs-a-frame-dumbbell-rack\/#primaryimage"},"image":{"@id":"https:\/\/dkn-technology.com\/fr\/produit\/dkn-6-pairs-a-frame-dumbbell-rack\/#primaryimage"},"thumbnailUrl":"https:\/\/dkn-technology.com\/wp-content\/uploads\/2025\/07\/DKN-POST-LinkdIn-posts-13.png","datePublished":"2025-07-07T07:38:10+00:00","dateModified":"2025-07-07T07:45:47+00:00","breadcrumb":{"@id":"https:\/\/dkn-technology.com\/fr\/produit\/dkn-6-pairs-a-frame-dumbbell-rack\/#breadcrumb"},"inLanguage":"fr-FR","potentialAction":[{"@type":"ReadAction","target":["https:\/\/dkn-technology.com\/fr\/produit\/dkn-6-pairs-a-frame-dumbbell-rack\/"]}]},{"@type":"ImageObject","inLanguage":"fr-FR","@id":"https:\/\/dkn-technology.com\/fr\/produit\/dkn-6-pairs-a-frame-dumbbell-rack\/#primaryimage","url":"https:\/\/dkn-technology.com\/wp-content\/uploads\/2025\/07\/DKN-POST-LinkdIn-posts-13.png","contentUrl":"https:\/\/dkn-technology.com\/wp-content\/uploads\/2025\/07\/DKN-POST-LinkdIn-posts-13.png","width":1080,"height":1080},{"@type":"BreadcrumbList","@id":"https:\/\/dkn-technology.com\/fr\/produit\/dkn-6-pairs-a-frame-dumbbell-rack\/#breadcrumb","itemListElement":[{"@type":"ListItem","position":1,"name":"Home","item":"https:\/\/dkn-technology.com\/nl\/"},{"@type":"ListItem","position":2,"name":"Shop","item":"https:\/\/dkn-technology.com\/fr\/shop\/"},{"@type":"ListItem","position":3,"name":"DKN 6 Pairs A-Frame Dumbbell Rack"}]},{"@type":"WebSite","@id":"https:\/\/dkn-technology.com\/#website","url":"https:\/\/dkn-technology.com\/","name":"DKN-Technology","description":"Smart Fitness Solutions","publisher":{"@id":"https:\/\/dkn-technology.com\/#organization"},"potentialAction":[{"@type":"SearchAction","target":{"@type":"EntryPoint","urlTemplate":"https:\/\/dkn-technology.com\/?s={search_term_string}"},"query-input":{"@type":"PropertyValueSpecification","valueRequired":true,"valueName":"search_term_string"}}],"inLanguage":"fr-FR"},{"@type":"Organization","@id":"https:\/\/dkn-technology.com\/#organization","name":"DKN-Technology","url":"https:\/\/dkn-technology.com\/","logo":{"@type":"ImageObject","inLanguage":"fr-FR","@id":"https:\/\/dkn-technology.com\/#\/schema\/logo\/image\/","url":"https:\/\/dkn-technology.com\/wp-content\/uploads\/2023\/01\/DKN-logo@4x.webp","contentUrl":"https:\/\/dkn-technology.com\/wp-content\/uploads\/2023\/01\/DKN-logo@4x.webp","width":1933,"height":1029,"caption":"DKN-Technology"},"image":{"@id":"https:\/\/dkn-technology.com\/#\/schema\/logo\/image\/"},"sameAs":["https:\/\/www.facebook.com\/dkntechnology\/","https:\/\/instagram.com\/dkntechnology","https:\/\/www.youtube.com\/@DKN-Technology","https:\/\/www.linkedin.com\/company\/dkn-technology-smart-fitness-solutions"]}]}},"_links":{"self":[{"href":"https:\/\/dkn-technology.com\/fr\/wp-json\/wp\/v2\/product\/30704","targetHints":{"allow":["GET"]}}],"collection":[{"href":"https:\/\/dkn-technology.com\/fr\/wp-json\/wp\/v2\/product"}],"about":[{"href":"https:\/\/dkn-technology.com\/fr\/wp-json\/wp\/v2\/types\/product"}],"version-history":[{"count":3,"href":"https:\/\/dkn-technology.com\/fr\/wp-json\/wp\/v2\/product\/30704\/revisions"}],"predecessor-version":[{"id":30715,"href":"https:\/\/dkn-technology.com\/fr\/wp-json\/wp\/v2\/product\/30704\/revisions\/30715"}],"wp:featuredmedia":[{"embeddable":true,"href":"https:\/\/dkn-technology.com\/fr\/wp-json\/wp\/v2\/media\/30699"}],"wp:attachment":[{"href":"https:\/\/dkn-technology.com\/fr\/wp-json\/wp\/v2\/media?parent=30704"}],"wp:term":[{"taxonomy":"product_brand","embeddable":true,"href":"https:\/\/dkn-technology.com\/fr\/wp-json\/wp\/v2\/product_brand?post=30704"},{"taxonomy":"product_cat","embeddable":true,"href":"https:\/\/dkn-technology.com\/fr\/wp-json\/wp\/v2\/product_cat?post=30704"},{"taxonomy":"product_tag","embeddable":true,"href":"https:\/\/dkn-technology.com\/fr\/wp-json\/wp\/v2\/product_tag?post=30704"}],"curies":[{"name":"wp","href":"https:\/\/api.w.org\/{rel}","templated":true}]}}