{"id":30808,"date":"2025-08-19T14:29:12","date_gmt":"2025-08-19T12:29:12","guid":{"rendered":"https:\/\/dkn-technology.com\/?post_type=product&#038;p=30808"},"modified":"2026-01-26T12:11:02","modified_gmt":"2026-01-26T10:11:02","slug":"skierg-pro","status":"publish","type":"product","link":"https:\/\/dkn-technology.com\/fr\/produit\/skierg-pro\/","title":{"rendered":"SkiErg Pro"},"content":{"rendered":"<div class=\"page\" title=\"Page 1\">\n<div class=\"section\">\n<div class=\"layoutArea\">\n<div class=\"column\">\n<p data-start=\"1817\" data-end=\"1929\"><strong data-start=\"1837\" data-end=\"1927\">DKN SkiErg Pro \u2013 L\u2019entra\u00eeneur de ski ultime pour CrossFit, HYROX et fitness \u00e0 domicile<\/strong><\/p>\n<p data-start=\"1931\" data-end=\"2238\">Le DKN SkiErg Pro est con\u00e7u pour les athl\u00e8tes souhaitant am\u00e9liorer leur force, leur condition physique et leur endurance. Inspir\u00e9 par le mouvement dynamique du ski de fond, cet entra\u00eeneur de ski professionnel offre un <strong data-start=\"2149\" data-end=\"2182\">entra\u00eenement complet du corps<\/strong> sollicitant simultan\u00e9ment le haut et le bas du corps.<\/p>\n<p data-start=\"2240\" data-end=\"2509\">Gr\u00e2ce \u00e0 son syst\u00e8me de r\u00e9sistance avanc\u00e9 avec <strong data-start=\"2286\" data-end=\"2328\">volant, ventilateur et corde \u00e9lastique<\/strong>, chaque traction est <strong data-start=\"2350\" data-end=\"2373\">fluide et naturelle<\/strong>. Le bouton de tension manuel propose <strong data-start=\"2411\" data-end=\"2439\">10 niveaux de r\u00e9sistance<\/strong>, parfait pour les d\u00e9butants comme pour les athl\u00e8tes de haut niveau.<\/p>\n<p data-start=\"2511\" data-end=\"2808\">La console affiche toutes les donn\u00e9es essentielles : <strong data-start=\"2564\" data-end=\"2648\">temps, distance, calories, watts, coups, coups par minute et fr\u00e9quence cardiaque<\/strong> (r\u00e9cepteur int\u00e9gr\u00e9). De plus, le SkiErg Pro est enti\u00e8rement compatible avec les applications iConsole+ et Kinomap pour des s\u00e9ances interactives, voire en VR.<\/p>\n<p data-start=\"2810\" data-end=\"3085\">Con\u00e7u pour durer, le SkiErg Pro dispose d\u2019un <strong data-start=\"2855\" data-end=\"2882\">cadre m\u00e9tallique solide<\/strong>, supporte jusqu\u2019\u00e0 150 kg et peut \u00eatre <strong data-start=\"2921\" data-end=\"2952\">rang\u00e9 en position verticale<\/strong> pour \u00e9conomiser de l\u2019espace. Il convient aussi bien aux salles de sport professionnelles qu\u2019aux utilisateurs \u00e0 domicile exigeants.<\/p>\n<p data-start=\"3087\" data-end=\"3394\">Tr\u00e8s populaire dans les entra\u00eenements CrossFit et HYROX, le DKN SkiErg Pro est id\u00e9al pour les athl\u00e8tes \u00e0 la recherche d\u2019un appareil polyvalent et fonctionnel. Que votre objectif soit la puissance explosive, l\u2019endurance ou la pr\u00e9paration aux courses, cet entra\u00eeneur de ski offre des performances optimales.<\/p>\n<p data-start=\"3396\" data-end=\"3526\"><strong data-start=\"3396\" data-end=\"3524\">DKN SkiErg Pro \u2013 puissance, endurance et performance r\u00e9unies. Le choix parfait pour CrossFit, HYROX et tout athl\u00e8te s\u00e9rieux.<\/strong><\/p>\n<\/div>\n<\/div>\n<\/div>\n<\/div>\n","protected":false},"excerpt":{"rendered":"<p>Efficacit\u00e9 \u00e9nerg\u00e9tique \u2013 Connectivit\u00e9 fluide \u2013 Entra\u00eenement interactif \u2013 Esth\u00e9tique moderne \u2013 Options d\u2019exercices vari\u00e9es<\/p>\n","protected":false},"featured_media":31367,"template":"","meta":{"_acf_changed":false,"inline_featured_image":false,"_monsterinsights_skip_tracking":false,"_monsterinsights_sitenote_active":false,"_monsterinsights_sitenote_note":"","_monsterinsights_sitenote_category":0},"product_brand":[],"product_cat":[89],"product_tag":[],"class_list":{"0":"post-30808","1":"product","2":"type-product","3":"status-publish","4":"has-post-thumbnail","6":"product_cat-rameurs","7":"product_shipping_class-jusqua-300-kg","9":"first","10":"outofstock","11":"taxable","12":"shipping-taxable","13":"purchasable","14":"product-type-variable","15":"has-default-attributes"},"acf":[],"yoast_head":"<!-- This site is optimized with the Yoast SEO plugin v27.3 - https:\/\/yoast.com\/product\/yoast-seo-wordpress\/ -->\n<title>SkiErg Pro - DKN-Technology<\/title>\n<meta name=\"robots\" content=\"index, follow, max-snippet:-1, max-image-preview:large, max-video-preview:-1\" \/>\n<link rel=\"canonical\" href=\"https:\/\/dkn-technology.com\/fr\/produit\/skierg-pro\/\" \/>\n<meta property=\"og:locale\" content=\"fr_FR\" \/>\n<meta property=\"og:type\" content=\"article\" \/>\n<meta property=\"og:title\" content=\"SkiErg Pro - DKN-Technology\" \/>\n<meta property=\"og:description\" content=\"Efficacit\u00e9 \u00e9nerg\u00e9tique \u2013 Connectivit\u00e9 fluide \u2013 Entra\u00eenement interactif \u2013 Esth\u00e9tique moderne \u2013 Options d\u2019exercices vari\u00e9es\" \/>\n<meta property=\"og:url\" content=\"https:\/\/dkn-technology.com\/fr\/produit\/skierg-pro\/\" \/>\n<meta property=\"og:site_name\" content=\"DKN-Technology\" \/>\n<meta property=\"article:publisher\" content=\"https:\/\/www.facebook.com\/dkntechnology\/\" \/>\n<meta property=\"article:modified_time\" content=\"2026-01-26T10:11:02+00:00\" \/>\n<meta property=\"og:image\" content=\"https:\/\/dkn-technology.com\/wp-content\/uploads\/2025\/08\/DKN-WEBSITE-PICTURES-FORMAT-1.png\" \/>\n\t<meta property=\"og:image:width\" content=\"1080\" \/>\n\t<meta property=\"og:image:height\" content=\"1080\" \/>\n\t<meta property=\"og:image:type\" content=\"image\/png\" \/>\n<meta name=\"twitter:card\" content=\"summary_large_image\" \/>\n<meta name=\"twitter:label1\" content=\"Dur\u00e9e de lecture estim\u00e9e\" \/>\n\t<meta name=\"twitter:data1\" content=\"2 minutes\" \/>\n<script type=\"application\/ld+json\" class=\"yoast-schema-graph\">{\"@context\":\"https:\\\/\\\/schema.org\",\"@graph\":[{\"@type\":\"WebPage\",\"@id\":\"https:\\\/\\\/dkn-technology.com\\\/fr\\\/produit\\\/skierg-pro\\\/\",\"url\":\"https:\\\/\\\/dkn-technology.com\\\/fr\\\/produit\\\/skierg-pro\\\/\",\"name\":\"SkiErg Pro - DKN-Technology\",\"isPartOf\":{\"@id\":\"https:\\\/\\\/dkn-technology.com\\\/#website\"},\"primaryImageOfPage\":{\"@id\":\"https:\\\/\\\/dkn-technology.com\\\/fr\\\/produit\\\/skierg-pro\\\/#primaryimage\"},\"image\":{\"@id\":\"https:\\\/\\\/dkn-technology.com\\\/fr\\\/produit\\\/skierg-pro\\\/#primaryimage\"},\"thumbnailUrl\":\"https:\\\/\\\/dkn-technology.com\\\/wp-content\\\/uploads\\\/2025\\\/08\\\/DKN-WEBSITE-PICTURES-FORMAT-1.png\",\"datePublished\":\"2025-08-19T12:29:12+00:00\",\"dateModified\":\"2026-01-26T10:11:02+00:00\",\"breadcrumb\":{\"@id\":\"https:\\\/\\\/dkn-technology.com\\\/fr\\\/produit\\\/skierg-pro\\\/#breadcrumb\"},\"inLanguage\":\"fr-FR\",\"potentialAction\":[{\"@type\":\"ReadAction\",\"target\":[\"https:\\\/\\\/dkn-technology.com\\\/fr\\\/produit\\\/skierg-pro\\\/\"]}]},{\"@type\":\"ImageObject\",\"inLanguage\":\"fr-FR\",\"@id\":\"https:\\\/\\\/dkn-technology.com\\\/fr\\\/produit\\\/skierg-pro\\\/#primaryimage\",\"url\":\"https:\\\/\\\/dkn-technology.com\\\/wp-content\\\/uploads\\\/2025\\\/08\\\/DKN-WEBSITE-PICTURES-FORMAT-1.png\",\"contentUrl\":\"https:\\\/\\\/dkn-technology.com\\\/wp-content\\\/uploads\\\/2025\\\/08\\\/DKN-WEBSITE-PICTURES-FORMAT-1.png\",\"width\":1080,\"height\":1080},{\"@type\":\"BreadcrumbList\",\"@id\":\"https:\\\/\\\/dkn-technology.com\\\/fr\\\/produit\\\/skierg-pro\\\/#breadcrumb\",\"itemListElement\":[{\"@type\":\"ListItem\",\"position\":1,\"name\":\"Home\",\"item\":\"https:\\\/\\\/dkn-technology.com\\\/nl\\\/\"},{\"@type\":\"ListItem\",\"position\":2,\"name\":\"Shop\",\"item\":\"https:\\\/\\\/dkn-technology.com\\\/fr\\\/shop\\\/\"},{\"@type\":\"ListItem\",\"position\":3,\"name\":\"SkiErg Pro\"}]},{\"@type\":\"WebSite\",\"@id\":\"https:\\\/\\\/dkn-technology.com\\\/#website\",\"url\":\"https:\\\/\\\/dkn-technology.com\\\/\",\"name\":\"DKN-Technology\",\"description\":\"Smart Fitness Solutions\",\"publisher\":{\"@id\":\"https:\\\/\\\/dkn-technology.com\\\/#organization\"},\"potentialAction\":[{\"@type\":\"SearchAction\",\"target\":{\"@type\":\"EntryPoint\",\"urlTemplate\":\"https:\\\/\\\/dkn-technology.com\\\/?s={search_term_string}\"},\"query-input\":{\"@type\":\"PropertyValueSpecification\",\"valueRequired\":true,\"valueName\":\"search_term_string\"}}],\"inLanguage\":\"fr-FR\"},{\"@type\":\"Organization\",\"@id\":\"https:\\\/\\\/dkn-technology.com\\\/#organization\",\"name\":\"DKN-Technology\",\"url\":\"https:\\\/\\\/dkn-technology.com\\\/\",\"logo\":{\"@type\":\"ImageObject\",\"inLanguage\":\"fr-FR\",\"@id\":\"https:\\\/\\\/dkn-technology.com\\\/#\\\/schema\\\/logo\\\/image\\\/\",\"url\":\"https:\\\/\\\/dkn-technology.com\\\/wp-content\\\/uploads\\\/2023\\\/01\\\/DKN-logo@4x.webp\",\"contentUrl\":\"https:\\\/\\\/dkn-technology.com\\\/wp-content\\\/uploads\\\/2023\\\/01\\\/DKN-logo@4x.webp\",\"width\":1933,\"height\":1029,\"caption\":\"DKN-Technology\"},\"image\":{\"@id\":\"https:\\\/\\\/dkn-technology.com\\\/#\\\/schema\\\/logo\\\/image\\\/\"},\"sameAs\":[\"https:\\\/\\\/www.facebook.com\\\/dkntechnology\\\/\",\"https:\\\/\\\/instagram.com\\\/dkntechnology\",\"https:\\\/\\\/www.youtube.com\\\/@DKN-Technology\",\"https:\\\/\\\/www.linkedin.com\\\/company\\\/dkn-technology-smart-fitness-solutions\"]}]}<\/script>\n<!-- \/ Yoast SEO plugin. -->","yoast_head_json":{"title":"SkiErg Pro - DKN-Technology","robots":{"index":"index","follow":"follow","max-snippet":"max-snippet:-1","max-image-preview":"max-image-preview:large","max-video-preview":"max-video-preview:-1"},"canonical":"https:\/\/dkn-technology.com\/fr\/produit\/skierg-pro\/","og_locale":"fr_FR","og_type":"article","og_title":"SkiErg Pro - DKN-Technology","og_description":"Efficacit\u00e9 \u00e9nerg\u00e9tique \u2013 Connectivit\u00e9 fluide \u2013 Entra\u00eenement interactif \u2013 Esth\u00e9tique moderne \u2013 Options d\u2019exercices vari\u00e9es","og_url":"https:\/\/dkn-technology.com\/fr\/produit\/skierg-pro\/","og_site_name":"DKN-Technology","article_publisher":"https:\/\/www.facebook.com\/dkntechnology\/","article_modified_time":"2026-01-26T10:11:02+00:00","og_image":[{"width":1080,"height":1080,"url":"https:\/\/dkn-technology.com\/wp-content\/uploads\/2025\/08\/DKN-WEBSITE-PICTURES-FORMAT-1.png","type":"image\/png"}],"twitter_card":"summary_large_image","twitter_misc":{"Dur\u00e9e de lecture estim\u00e9e":"2 minutes"},"schema":{"@context":"https:\/\/schema.org","@graph":[{"@type":"WebPage","@id":"https:\/\/dkn-technology.com\/fr\/produit\/skierg-pro\/","url":"https:\/\/dkn-technology.com\/fr\/produit\/skierg-pro\/","name":"SkiErg Pro - DKN-Technology","isPartOf":{"@id":"https:\/\/dkn-technology.com\/#website"},"primaryImageOfPage":{"@id":"https:\/\/dkn-technology.com\/fr\/produit\/skierg-pro\/#primaryimage"},"image":{"@id":"https:\/\/dkn-technology.com\/fr\/produit\/skierg-pro\/#primaryimage"},"thumbnailUrl":"https:\/\/dkn-technology.com\/wp-content\/uploads\/2025\/08\/DKN-WEBSITE-PICTURES-FORMAT-1.png","datePublished":"2025-08-19T12:29:12+00:00","dateModified":"2026-01-26T10:11:02+00:00","breadcrumb":{"@id":"https:\/\/dkn-technology.com\/fr\/produit\/skierg-pro\/#breadcrumb"},"inLanguage":"fr-FR","potentialAction":[{"@type":"ReadAction","target":["https:\/\/dkn-technology.com\/fr\/produit\/skierg-pro\/"]}]},{"@type":"ImageObject","inLanguage":"fr-FR","@id":"https:\/\/dkn-technology.com\/fr\/produit\/skierg-pro\/#primaryimage","url":"https:\/\/dkn-technology.com\/wp-content\/uploads\/2025\/08\/DKN-WEBSITE-PICTURES-FORMAT-1.png","contentUrl":"https:\/\/dkn-technology.com\/wp-content\/uploads\/2025\/08\/DKN-WEBSITE-PICTURES-FORMAT-1.png","width":1080,"height":1080},{"@type":"BreadcrumbList","@id":"https:\/\/dkn-technology.com\/fr\/produit\/skierg-pro\/#breadcrumb","itemListElement":[{"@type":"ListItem","position":1,"name":"Home","item":"https:\/\/dkn-technology.com\/nl\/"},{"@type":"ListItem","position":2,"name":"Shop","item":"https:\/\/dkn-technology.com\/fr\/shop\/"},{"@type":"ListItem","position":3,"name":"SkiErg Pro"}]},{"@type":"WebSite","@id":"https:\/\/dkn-technology.com\/#website","url":"https:\/\/dkn-technology.com\/","name":"DKN-Technology","description":"Smart Fitness Solutions","publisher":{"@id":"https:\/\/dkn-technology.com\/#organization"},"potentialAction":[{"@type":"SearchAction","target":{"@type":"EntryPoint","urlTemplate":"https:\/\/dkn-technology.com\/?s={search_term_string}"},"query-input":{"@type":"PropertyValueSpecification","valueRequired":true,"valueName":"search_term_string"}}],"inLanguage":"fr-FR"},{"@type":"Organization","@id":"https:\/\/dkn-technology.com\/#organization","name":"DKN-Technology","url":"https:\/\/dkn-technology.com\/","logo":{"@type":"ImageObject","inLanguage":"fr-FR","@id":"https:\/\/dkn-technology.com\/#\/schema\/logo\/image\/","url":"https:\/\/dkn-technology.com\/wp-content\/uploads\/2023\/01\/DKN-logo@4x.webp","contentUrl":"https:\/\/dkn-technology.com\/wp-content\/uploads\/2023\/01\/DKN-logo@4x.webp","width":1933,"height":1029,"caption":"DKN-Technology"},"image":{"@id":"https:\/\/dkn-technology.com\/#\/schema\/logo\/image\/"},"sameAs":["https:\/\/www.facebook.com\/dkntechnology\/","https:\/\/instagram.com\/dkntechnology","https:\/\/www.youtube.com\/@DKN-Technology","https:\/\/www.linkedin.com\/company\/dkn-technology-smart-fitness-solutions"]}]}},"_links":{"self":[{"href":"https:\/\/dkn-technology.com\/fr\/wp-json\/wp\/v2\/product\/30808","targetHints":{"allow":["GET"]}}],"collection":[{"href":"https:\/\/dkn-technology.com\/fr\/wp-json\/wp\/v2\/product"}],"about":[{"href":"https:\/\/dkn-technology.com\/fr\/wp-json\/wp\/v2\/types\/product"}],"version-history":[{"count":7,"href":"https:\/\/dkn-technology.com\/fr\/wp-json\/wp\/v2\/product\/30808\/revisions"}],"predecessor-version":[{"id":37536,"href":"https:\/\/dkn-technology.com\/fr\/wp-json\/wp\/v2\/product\/30808\/revisions\/37536"}],"wp:featuredmedia":[{"embeddable":true,"href":"https:\/\/dkn-technology.com\/fr\/wp-json\/wp\/v2\/media\/31367"}],"wp:attachment":[{"href":"https:\/\/dkn-technology.com\/fr\/wp-json\/wp\/v2\/media?parent=30808"}],"wp:term":[{"taxonomy":"product_brand","embeddable":true,"href":"https:\/\/dkn-technology.com\/fr\/wp-json\/wp\/v2\/product_brand?post=30808"},{"taxonomy":"product_cat","embeddable":true,"href":"https:\/\/dkn-technology.com\/fr\/wp-json\/wp\/v2\/product_cat?post=30808"},{"taxonomy":"product_tag","embeddable":true,"href":"https:\/\/dkn-technology.com\/fr\/wp-json\/wp\/v2\/product_tag?post=30808"}],"curies":[{"name":"wp","href":"https:\/\/api.w.org\/{rel}","templated":true}]}}