{"id":37054,"date":"2026-01-06T15:55:11","date_gmt":"2026-01-06T13:55:11","guid":{"rendered":"https:\/\/dkn-technology.com\/product\/medbike-2-0-set\/"},"modified":"2026-01-16T12:58:41","modified_gmt":"2026-01-16T10:58:41","slug":"medbike-2-0-set","status":"publish","type":"product","link":"https:\/\/dkn-technology.com\/fr\/produit\/medbike-2-0-set\/","title":{"rendered":"Medbike 2.0 Set"},"content":{"rendered":"<h3 data-start=\"77\" data-end=\"160\"><strong data-start=\"81\" data-end=\"160\">Medbike 2.0 Set \u2013 R\u00e9\u00e9ducation compl\u00e8te des membres sup\u00e9rieurs et inf\u00e9rieurs<\/strong><\/h3>\n<p data-start=\"162\" data-end=\"545\">Le <strong data-start=\"165\" data-end=\"180\">Medbike 2.0<\/strong> est un <strong data-start=\"188\" data-end=\"237\">dispositif m\u00e9dical certifi\u00e9 MDR (UE 2017\/745)<\/strong> con\u00e7u pour la r\u00e9\u00e9ducation compl\u00e8te des membres sup\u00e9rieurs et inf\u00e9rieurs. Gr\u00e2ce \u00e0 la technologie avanc\u00e9e de DKN, cet appareil offre des options d\u2019entra\u00eenement polyvalentes pour les patients en phase de r\u00e9cup\u00e9ration et post-blessure, avec un accent sur la force, la mobilit\u00e9 et la r\u00e9\u00e9ducation fonctionnelle.<\/p>\n<p data-start=\"547\" data-end=\"629\"><strong data-start=\"547\" data-end=\"564\">Indications :<\/strong><br data-start=\"564\" data-end=\"567\" \/>Le Medbike 2.0 convient \u00e0 un large \u00e9ventail de pathologies :<\/p>\n<ul data-start=\"630\" data-end=\"1191\">\n<li data-start=\"630\" data-end=\"809\">\n<p data-start=\"632\" data-end=\"809\"><strong data-start=\"632\" data-end=\"653\">Syst\u00e8me nerveux :<\/strong> l\u00e9sions c\u00e9r\u00e9brales, AVC, paralysie c\u00e9r\u00e9brale, troubles des nerfs p\u00e9riph\u00e9riques, l\u00e9sions de la moelle \u00e9pini\u00e8re, maladie de Parkinson, scl\u00e9rose en plaques.<\/p>\n<\/li>\n<li data-start=\"810\" data-end=\"934\">\n<p data-start=\"812\" data-end=\"934\"><strong data-start=\"812\" data-end=\"847\">Syst\u00e8me osseux et articulaire :<\/strong> fractures, ost\u00e9oporose, l\u00e9sions des ligaments, arthrose, remplacements articulaires.<\/p>\n<\/li>\n<li data-start=\"935\" data-end=\"1062\">\n<p data-start=\"937\" data-end=\"1062\"><strong data-start=\"937\" data-end=\"976\">Troubles musculaires et tendineux :<\/strong> spasticit\u00e9, atrophie musculaire, d\u00e9chirures musculaires et tendineuses, tendinites.<\/p>\n<\/li>\n<li data-start=\"1063\" data-end=\"1191\">\n<p data-start=\"1065\" data-end=\"1191\"><strong data-start=\"1065\" data-end=\"1090\">Maladies chroniques :<\/strong> diab\u00e8te de type 2, hypertension, maladies cardiaques et pulmonaires, constipation, dialyse r\u00e9nale.<\/p>\n<\/li>\n<\/ul>\n<p data-start=\"1193\" data-end=\"1229\"><strong data-start=\"1193\" data-end=\"1227\">Modes d\u2019entra\u00eenement avanc\u00e9s :<\/strong><\/p>\n<ul data-start=\"1230\" data-end=\"1923\">\n<li data-start=\"1230\" data-end=\"1291\">\n<p data-start=\"1232\" data-end=\"1291\"><strong data-start=\"1232\" data-end=\"1244\">Passif :<\/strong> le moteur soutient enti\u00e8rement le mouvement.<\/p>\n<\/li>\n<li data-start=\"1292\" data-end=\"1396\">\n<p data-start=\"1294\" data-end=\"1396\"><strong data-start=\"1294\" data-end=\"1307\">Assist\u00e9 :<\/strong> l\u2019appareil d\u00e9tecte la force musculaire restante et fournit une assistance automatique.<\/p>\n<\/li>\n<li data-start=\"1397\" data-end=\"1502\">\n<p data-start=\"1399\" data-end=\"1502\"><strong data-start=\"1399\" data-end=\"1417\">Actif-passif :<\/strong> transition fluide entre le mouvement passif et actif pour un entra\u00eenement optimal.<\/p>\n<\/li>\n<li data-start=\"1503\" data-end=\"1661\">\n<p data-start=\"1505\" data-end=\"1661\"><strong data-start=\"1505\" data-end=\"1516\">Actif :<\/strong> exercice complet avec la force musculaire du patient, avec r\u00e9sistance r\u00e9glable pour l\u2019endurance musculaire et l\u2019am\u00e9lioration cardiopulmonaire.<\/p>\n<\/li>\n<li data-start=\"1662\" data-end=\"1788\">\n<p data-start=\"1664\" data-end=\"1788\"><strong data-start=\"1664\" data-end=\"1682\">Isocin\u00e9tique :<\/strong> vitesse constante avec r\u00e9sistance variable, id\u00e9al pour le renforcement cibl\u00e9 et l\u2019endurance musculaire.<\/p>\n<\/li>\n<li data-start=\"1789\" data-end=\"1923\">\n<p data-start=\"1791\" data-end=\"1923\"><strong data-start=\"1791\" data-end=\"1826\">Protection contre les spasmes :<\/strong> surveillance du tonus musculaire et \u00e9tirement progressif pour soulager rapidement les spasmes.<\/p>\n<\/li>\n<\/ul>\n<p data-start=\"1925\" data-end=\"2428\"><strong data-start=\"1925\" data-end=\"1969\">\u00c9valuation intelligente et interaction :<\/strong><br data-start=\"1969\" data-end=\"1972\" \/>Le Medbike 2.0 int\u00e8gre un <strong data-start=\"1998\" data-end=\"2047\">syst\u00e8me logiciel d\u2019\u00e9valuation et isocin\u00e9tique<\/strong> pour mesurer la force musculaire, l\u2019amplitude des mouvements et les r\u00e9sultats de l\u2019entra\u00eenement. Cela permet un suivi pr\u00e9cis et un traitement personnalis\u00e9. De plus, il prend en charge un <strong data-start=\"2235\" data-end=\"2285\">syst\u00e8me d\u2019entra\u00eenement interactif situationnel<\/strong>, rendant les s\u00e9ances individuelles ou de groupe plus engageantes gr\u00e2ce \u00e0 des environnements interactifs et une stimulation multisensorielle.<\/p>\n<p data-start=\"2430\" data-end=\"2457\"><strong data-start=\"2430\" data-end=\"2455\">Confort et s\u00e9curit\u00e9 :<\/strong><\/p>\n<ul data-start=\"2458\" data-end=\"2876\">\n<li data-start=\"2458\" data-end=\"2560\">\n<p data-start=\"2460\" data-end=\"2560\">\u00c9cran tactile LCD de 7 pouces ou optionnel de 10 pouces, rotation \u00e0 180\u00b0 et angle de vue r\u00e9glable.<\/p>\n<\/li>\n<li data-start=\"2561\" data-end=\"2628\">\n<p data-start=\"2563\" data-end=\"2628\">Bras rotatifs \u00e0 180\u00b0 et supports pour bras et jambes r\u00e9glables.<\/p>\n<\/li>\n<li data-start=\"2629\" data-end=\"2720\">\n<p data-start=\"2631\" data-end=\"2720\">Harnais de s\u00e9curit\u00e9 et si\u00e8ge r\u00e9glable pour une posture correcte et un entra\u00eenement s\u00fbr.<\/p>\n<\/li>\n<li data-start=\"2721\" data-end=\"2815\">\n<p data-start=\"2723\" data-end=\"2815\">Hauteur du si\u00e8ge et des protections pour jambes r\u00e9glable, facilement ajustable au patient.<\/p>\n<\/li>\n<li data-start=\"2816\" data-end=\"2876\">\n<p data-start=\"2818\" data-end=\"2876\">Param\u00e8tres pr\u00e9cis : r\u00e9sistance 0\u201320 N, vitesse 0\u201360\/min.<\/p>\n<\/li>\n<\/ul>\n<p data-start=\"2878\" data-end=\"2905\"><strong data-start=\"2878\" data-end=\"2903\">Avantages cliniques :<\/strong><\/p>\n<ul data-start=\"2906\" data-end=\"3296\">\n<li data-start=\"2906\" data-end=\"2979\">\n<p data-start=\"2908\" data-end=\"2979\">Am\u00e9liore la force musculaire, la mobilit\u00e9 articulaire et l\u2019\u00e9quilibre.<\/p>\n<\/li>\n<li data-start=\"2980\" data-end=\"3037\">\n<p data-start=\"2982\" data-end=\"3037\">R\u00e9duit la spasticit\u00e9 et les contractures musculaires.<\/p>\n<\/li>\n<li data-start=\"3038\" data-end=\"3116\">\n<p data-start=\"3040\" data-end=\"3116\">Favorise la circulation sanguine, les fonctions intestinales et urinaires.<\/p>\n<\/li>\n<li data-start=\"3117\" data-end=\"3191\">\n<p data-start=\"3119\" data-end=\"3191\">Augmente la confiance lors de la marche et des activit\u00e9s quotidiennes.<\/p>\n<\/li>\n<li data-start=\"3192\" data-end=\"3296\">\n<p data-start=\"3194\" data-end=\"3296\">Permet de gagner du temps et de r\u00e9duire les co\u00fbts de main-d\u2019\u0153uvre dans les environnements cliniques.<\/p>\n<\/li>\n<\/ul>\n<p data-start=\"3298\" data-end=\"3598\"><strong data-start=\"3298\" data-end=\"3316\">Applications :<\/strong><br data-start=\"3316\" data-end=\"3319\" \/>Le Medbike 2.0 est id\u00e9al pour les services de r\u00e9\u00e9ducation hospitaliers, la g\u00e9riatrie, l\u2019orthop\u00e9die, la neurologie, les centres de r\u00e9\u00e9ducation cardiopulmonaire, les centres de soins de jour, la gestion de la sous-sant\u00e9, les maisons de retraite et autres \u00e9tablissements de sant\u00e9.<\/p>\n<p data-start=\"3600\" data-end=\"3633\"><strong data-start=\"3600\" data-end=\"3631\">Sp\u00e9cifications techniques :<\/strong><\/p>\n<ul data-start=\"3634\" data-end=\"3903\">\n<li data-start=\"3634\" data-end=\"3691\">\n<p data-start=\"3636\" data-end=\"3691\">Poids : 60 kg | Dimensions : 850 \u00d7 700 \u00d7 1090\u20131190 mm<\/p>\n<\/li>\n<li data-start=\"3692\" data-end=\"3778\">\n<p data-start=\"3694\" data-end=\"3778\">Modes d\u2019entra\u00eenement : passif, assist\u00e9, actif-passif, actif, r\u00e9duction des spasmes<\/p>\n<\/li>\n<li data-start=\"3779\" data-end=\"3903\">\n<p data-start=\"3781\" data-end=\"3903\">Optionnel : syst\u00e8me logiciel d\u2019\u00e9valuation et isocin\u00e9tique, syst\u00e8mes d\u2019entra\u00eenement interactifs, grand \u00e9cran de 10 pouces<\/p>\n<\/li>\n<\/ul>\n<p data-start=\"3905\" data-end=\"4109\">Le <strong data-start=\"3908\" data-end=\"3923\">Medbike 2.0<\/strong> offre une exp\u00e9rience de r\u00e9\u00e9ducation compl\u00e8te, s\u00fbre et interactive, permettant aux patients de r\u00e9cup\u00e9rer plus rapidement et de revenir plus efficacement \u00e0 leurs activit\u00e9s quotidiennes.<\/p>\n<p data-start=\"4111\" data-end=\"4297\"><strong data-start=\"4111\" data-end=\"4295\">DKN-Technology se r\u00e9serve le droit de modifier, \u00e0 sa seule discr\u00e9tion, les mod\u00e8les en ce qui concerne la couleur, la fonctionnalit\u00e9 et toute autre sp\u00e9cification ou caract\u00e9ristique.<\/strong><\/p>\n","protected":false},"excerpt":{"rendered":"<div class=\"flex flex-col text-sm pb-25\">\n<article class=\"text-token-text-primary w-full focus:outline-none [--shadow-height:45px] has-data-writing-block:pointer-events-none has-data-writing-block:-mt-(--shadow-height) has-data-writing-block:pt-(--shadow-height) [&amp;:has([data-writing-block])&gt;*]:pointer-events-auto scroll-mt-[calc(var(--header-height)+min(200px,max(70px,20svh)))]\" dir=\"auto\" tabindex=\"-1\" data-turn-id=\"request-6964bd19-b6e4-8330-93a4-bb610f806e0d-19\" data-testid=\"conversation-turn-24\" data-scroll-anchor=\"true\" data-turn=\"assistant\">\n<div class=\"text-base my-auto mx-auto pb-10 [--thread-content-margin:--spacing(4)] @w-sm\/main:[--thread-content-margin:--spacing(6)] @w-lg\/main:[--thread-content-margin:--spacing(16)] px-(--thread-content-margin)\">\n<div class=\"[--thread-content-max-width:40rem] @w-lg\/main:[--thread-content-max-width:48rem] mx-auto max-w-(--thread-content-max-width) flex-1 group\/turn-messages focus-visible:outline-hidden relative flex w-full min-w-0 flex-col agent-turn\" tabindex=\"-1\">\n<div class=\"flex max-w-full flex-col grow\">\n<div class=\"min-h-8 text-message relative flex w-full flex-col items-end gap-2 text-start break-words whitespace-normal [.text-message+&amp;]:mt-1\" dir=\"auto\" data-message-author-role=\"assistant\" data-message-id=\"87afae4a-abe4-4cff-adc3-766298786f24\" data-message-model-slug=\"gpt-5-mini\">\n<div class=\"flex w-full flex-col gap-1 empty:hidden first:pt-[1px]\">\n<div class=\"markdown prose dark:prose-invert w-full break-words light markdown-new-styling\">\n<p data-start=\"48\" data-end=\"185\" data-is-last-node=\"\" data-is-only-node=\"\">Medbike 2.0 est un dispositif <strong>m\u00e9dical certifi\u00e9 MDR (UE 2017\/745)<\/strong> con\u00e7u pour la r\u00e9\u00e9ducation compl\u00e8te des membres sup\u00e9rieurs et inf\u00e9rieurs.<\/p>\n<\/div>\n<\/div>\n<\/div>\n<\/div>\n<\/div>\n<\/div>\n<\/article>\n<\/div>\n","protected":false},"featured_media":37487,"template":"","meta":{"_acf_changed":false,"inline_featured_image":false,"_monsterinsights_skip_tracking":false,"_monsterinsights_sitenote_active":false,"_monsterinsights_sitenote_note":"","_monsterinsights_sitenote_category":0},"product_brand":[],"product_cat":[95],"product_tag":[],"class_list":{"0":"post-37054","1":"product","2":"type-product","3":"status-publish","4":"has-post-thumbnail","6":"product_cat-rehabilitation","8":"first","9":"instock","10":"taxable","11":"shipping-taxable","12":"purchasable","13":"product-type-variable"},"acf":[],"yoast_head":"<!-- This site is optimized with the Yoast SEO plugin v27.3 - https:\/\/yoast.com\/product\/yoast-seo-wordpress\/ -->\n<title>Medbike 2.0 Set - DKN-Technology<\/title>\n<meta name=\"robots\" content=\"index, follow, max-snippet:-1, max-image-preview:large, max-video-preview:-1\" \/>\n<link rel=\"canonical\" href=\"https:\/\/dkn-technology.com\/fr\/produit\/medbike-2-0-set\/\" \/>\n<meta property=\"og:locale\" content=\"fr_FR\" \/>\n<meta property=\"og:type\" content=\"article\" \/>\n<meta property=\"og:title\" content=\"Medbike 2.0 Set - DKN-Technology\" \/>\n<meta property=\"og:description\" content=\"Medbike 2.0 est un dispositif m\u00e9dical certifi\u00e9 MDR (UE 2017\/745) con\u00e7u pour la r\u00e9\u00e9ducation compl\u00e8te des membres sup\u00e9rieurs et inf\u00e9rieurs.\" \/>\n<meta property=\"og:url\" content=\"https:\/\/dkn-technology.com\/fr\/produit\/medbike-2-0-set\/\" \/>\n<meta property=\"og:site_name\" content=\"DKN-Technology\" \/>\n<meta property=\"article:publisher\" content=\"https:\/\/www.facebook.com\/dkntechnology\/\" \/>\n<meta property=\"article:modified_time\" content=\"2026-01-16T10:58:41+00:00\" \/>\n<meta property=\"og:image\" content=\"https:\/\/dkn-technology.com\/wp-content\/uploads\/2026\/01\/DKN-LINK-POST-2-29.png\" \/>\n\t<meta property=\"og:image:width\" content=\"1080\" \/>\n\t<meta property=\"og:image:height\" content=\"1080\" \/>\n\t<meta property=\"og:image:type\" content=\"image\/png\" \/>\n<meta name=\"twitter:card\" content=\"summary_large_image\" \/>\n<meta name=\"twitter:label1\" content=\"Dur\u00e9e de lecture estim\u00e9e\" \/>\n\t<meta name=\"twitter:data1\" content=\"3 minutes\" \/>\n<script type=\"application\/ld+json\" class=\"yoast-schema-graph\">{\"@context\":\"https:\\\/\\\/schema.org\",\"@graph\":[{\"@type\":\"WebPage\",\"@id\":\"https:\\\/\\\/dkn-technology.com\\\/fr\\\/produit\\\/medbike-2-0-set\\\/\",\"url\":\"https:\\\/\\\/dkn-technology.com\\\/fr\\\/produit\\\/medbike-2-0-set\\\/\",\"name\":\"Medbike 2.0 Set - DKN-Technology\",\"isPartOf\":{\"@id\":\"https:\\\/\\\/dkn-technology.com\\\/#website\"},\"primaryImageOfPage\":{\"@id\":\"https:\\\/\\\/dkn-technology.com\\\/fr\\\/produit\\\/medbike-2-0-set\\\/#primaryimage\"},\"image\":{\"@id\":\"https:\\\/\\\/dkn-technology.com\\\/fr\\\/produit\\\/medbike-2-0-set\\\/#primaryimage\"},\"thumbnailUrl\":\"https:\\\/\\\/dkn-technology.com\\\/wp-content\\\/uploads\\\/2026\\\/01\\\/DKN-LINK-POST-2-29.png\",\"datePublished\":\"2026-01-06T13:55:11+00:00\",\"dateModified\":\"2026-01-16T10:58:41+00:00\",\"breadcrumb\":{\"@id\":\"https:\\\/\\\/dkn-technology.com\\\/fr\\\/produit\\\/medbike-2-0-set\\\/#breadcrumb\"},\"inLanguage\":\"fr-FR\",\"potentialAction\":[{\"@type\":\"ReadAction\",\"target\":[\"https:\\\/\\\/dkn-technology.com\\\/fr\\\/produit\\\/medbike-2-0-set\\\/\"]}]},{\"@type\":\"ImageObject\",\"inLanguage\":\"fr-FR\",\"@id\":\"https:\\\/\\\/dkn-technology.com\\\/fr\\\/produit\\\/medbike-2-0-set\\\/#primaryimage\",\"url\":\"https:\\\/\\\/dkn-technology.com\\\/wp-content\\\/uploads\\\/2026\\\/01\\\/DKN-LINK-POST-2-29.png\",\"contentUrl\":\"https:\\\/\\\/dkn-technology.com\\\/wp-content\\\/uploads\\\/2026\\\/01\\\/DKN-LINK-POST-2-29.png\",\"width\":1080,\"height\":1080},{\"@type\":\"BreadcrumbList\",\"@id\":\"https:\\\/\\\/dkn-technology.com\\\/fr\\\/produit\\\/medbike-2-0-set\\\/#breadcrumb\",\"itemListElement\":[{\"@type\":\"ListItem\",\"position\":1,\"name\":\"Home\",\"item\":\"https:\\\/\\\/dkn-technology.com\\\/nl\\\/\"},{\"@type\":\"ListItem\",\"position\":2,\"name\":\"Shop\",\"item\":\"https:\\\/\\\/dkn-technology.com\\\/fr\\\/shop\\\/\"},{\"@type\":\"ListItem\",\"position\":3,\"name\":\"Medbike 2.0 Set\"}]},{\"@type\":\"WebSite\",\"@id\":\"https:\\\/\\\/dkn-technology.com\\\/#website\",\"url\":\"https:\\\/\\\/dkn-technology.com\\\/\",\"name\":\"DKN-Technology\",\"description\":\"Smart Fitness Solutions\",\"publisher\":{\"@id\":\"https:\\\/\\\/dkn-technology.com\\\/#organization\"},\"potentialAction\":[{\"@type\":\"SearchAction\",\"target\":{\"@type\":\"EntryPoint\",\"urlTemplate\":\"https:\\\/\\\/dkn-technology.com\\\/?s={search_term_string}\"},\"query-input\":{\"@type\":\"PropertyValueSpecification\",\"valueRequired\":true,\"valueName\":\"search_term_string\"}}],\"inLanguage\":\"fr-FR\"},{\"@type\":\"Organization\",\"@id\":\"https:\\\/\\\/dkn-technology.com\\\/#organization\",\"name\":\"DKN-Technology\",\"url\":\"https:\\\/\\\/dkn-technology.com\\\/\",\"logo\":{\"@type\":\"ImageObject\",\"inLanguage\":\"fr-FR\",\"@id\":\"https:\\\/\\\/dkn-technology.com\\\/#\\\/schema\\\/logo\\\/image\\\/\",\"url\":\"https:\\\/\\\/dkn-technology.com\\\/wp-content\\\/uploads\\\/2023\\\/01\\\/DKN-logo@4x.webp\",\"contentUrl\":\"https:\\\/\\\/dkn-technology.com\\\/wp-content\\\/uploads\\\/2023\\\/01\\\/DKN-logo@4x.webp\",\"width\":1933,\"height\":1029,\"caption\":\"DKN-Technology\"},\"image\":{\"@id\":\"https:\\\/\\\/dkn-technology.com\\\/#\\\/schema\\\/logo\\\/image\\\/\"},\"sameAs\":[\"https:\\\/\\\/www.facebook.com\\\/dkntechnology\\\/\",\"https:\\\/\\\/instagram.com\\\/dkntechnology\",\"https:\\\/\\\/www.youtube.com\\\/@DKN-Technology\",\"https:\\\/\\\/www.linkedin.com\\\/company\\\/dkn-technology-smart-fitness-solutions\"]}]}<\/script>\n<!-- \/ Yoast SEO plugin. -->","yoast_head_json":{"title":"Medbike 2.0 Set - DKN-Technology","robots":{"index":"index","follow":"follow","max-snippet":"max-snippet:-1","max-image-preview":"max-image-preview:large","max-video-preview":"max-video-preview:-1"},"canonical":"https:\/\/dkn-technology.com\/fr\/produit\/medbike-2-0-set\/","og_locale":"fr_FR","og_type":"article","og_title":"Medbike 2.0 Set - DKN-Technology","og_description":"Medbike 2.0 est un dispositif m\u00e9dical certifi\u00e9 MDR (UE 2017\/745) con\u00e7u pour la r\u00e9\u00e9ducation compl\u00e8te des membres sup\u00e9rieurs et inf\u00e9rieurs.","og_url":"https:\/\/dkn-technology.com\/fr\/produit\/medbike-2-0-set\/","og_site_name":"DKN-Technology","article_publisher":"https:\/\/www.facebook.com\/dkntechnology\/","article_modified_time":"2026-01-16T10:58:41+00:00","og_image":[{"width":1080,"height":1080,"url":"https:\/\/dkn-technology.com\/wp-content\/uploads\/2026\/01\/DKN-LINK-POST-2-29.png","type":"image\/png"}],"twitter_card":"summary_large_image","twitter_misc":{"Dur\u00e9e de lecture estim\u00e9e":"3 minutes"},"schema":{"@context":"https:\/\/schema.org","@graph":[{"@type":"WebPage","@id":"https:\/\/dkn-technology.com\/fr\/produit\/medbike-2-0-set\/","url":"https:\/\/dkn-technology.com\/fr\/produit\/medbike-2-0-set\/","name":"Medbike 2.0 Set - DKN-Technology","isPartOf":{"@id":"https:\/\/dkn-technology.com\/#website"},"primaryImageOfPage":{"@id":"https:\/\/dkn-technology.com\/fr\/produit\/medbike-2-0-set\/#primaryimage"},"image":{"@id":"https:\/\/dkn-technology.com\/fr\/produit\/medbike-2-0-set\/#primaryimage"},"thumbnailUrl":"https:\/\/dkn-technology.com\/wp-content\/uploads\/2026\/01\/DKN-LINK-POST-2-29.png","datePublished":"2026-01-06T13:55:11+00:00","dateModified":"2026-01-16T10:58:41+00:00","breadcrumb":{"@id":"https:\/\/dkn-technology.com\/fr\/produit\/medbike-2-0-set\/#breadcrumb"},"inLanguage":"fr-FR","potentialAction":[{"@type":"ReadAction","target":["https:\/\/dkn-technology.com\/fr\/produit\/medbike-2-0-set\/"]}]},{"@type":"ImageObject","inLanguage":"fr-FR","@id":"https:\/\/dkn-technology.com\/fr\/produit\/medbike-2-0-set\/#primaryimage","url":"https:\/\/dkn-technology.com\/wp-content\/uploads\/2026\/01\/DKN-LINK-POST-2-29.png","contentUrl":"https:\/\/dkn-technology.com\/wp-content\/uploads\/2026\/01\/DKN-LINK-POST-2-29.png","width":1080,"height":1080},{"@type":"BreadcrumbList","@id":"https:\/\/dkn-technology.com\/fr\/produit\/medbike-2-0-set\/#breadcrumb","itemListElement":[{"@type":"ListItem","position":1,"name":"Home","item":"https:\/\/dkn-technology.com\/nl\/"},{"@type":"ListItem","position":2,"name":"Shop","item":"https:\/\/dkn-technology.com\/fr\/shop\/"},{"@type":"ListItem","position":3,"name":"Medbike 2.0 Set"}]},{"@type":"WebSite","@id":"https:\/\/dkn-technology.com\/#website","url":"https:\/\/dkn-technology.com\/","name":"DKN-Technology","description":"Smart Fitness Solutions","publisher":{"@id":"https:\/\/dkn-technology.com\/#organization"},"potentialAction":[{"@type":"SearchAction","target":{"@type":"EntryPoint","urlTemplate":"https:\/\/dkn-technology.com\/?s={search_term_string}"},"query-input":{"@type":"PropertyValueSpecification","valueRequired":true,"valueName":"search_term_string"}}],"inLanguage":"fr-FR"},{"@type":"Organization","@id":"https:\/\/dkn-technology.com\/#organization","name":"DKN-Technology","url":"https:\/\/dkn-technology.com\/","logo":{"@type":"ImageObject","inLanguage":"fr-FR","@id":"https:\/\/dkn-technology.com\/#\/schema\/logo\/image\/","url":"https:\/\/dkn-technology.com\/wp-content\/uploads\/2023\/01\/DKN-logo@4x.webp","contentUrl":"https:\/\/dkn-technology.com\/wp-content\/uploads\/2023\/01\/DKN-logo@4x.webp","width":1933,"height":1029,"caption":"DKN-Technology"},"image":{"@id":"https:\/\/dkn-technology.com\/#\/schema\/logo\/image\/"},"sameAs":["https:\/\/www.facebook.com\/dkntechnology\/","https:\/\/instagram.com\/dkntechnology","https:\/\/www.youtube.com\/@DKN-Technology","https:\/\/www.linkedin.com\/company\/dkn-technology-smart-fitness-solutions"]}]}},"_links":{"self":[{"href":"https:\/\/dkn-technology.com\/fr\/wp-json\/wp\/v2\/product\/37054","targetHints":{"allow":["GET"]}}],"collection":[{"href":"https:\/\/dkn-technology.com\/fr\/wp-json\/wp\/v2\/product"}],"about":[{"href":"https:\/\/dkn-technology.com\/fr\/wp-json\/wp\/v2\/types\/product"}],"version-history":[{"count":14,"href":"https:\/\/dkn-technology.com\/fr\/wp-json\/wp\/v2\/product\/37054\/revisions"}],"predecessor-version":[{"id":37503,"href":"https:\/\/dkn-technology.com\/fr\/wp-json\/wp\/v2\/product\/37054\/revisions\/37503"}],"wp:featuredmedia":[{"embeddable":true,"href":"https:\/\/dkn-technology.com\/fr\/wp-json\/wp\/v2\/media\/37487"}],"wp:attachment":[{"href":"https:\/\/dkn-technology.com\/fr\/wp-json\/wp\/v2\/media?parent=37054"}],"wp:term":[{"taxonomy":"product_brand","embeddable":true,"href":"https:\/\/dkn-technology.com\/fr\/wp-json\/wp\/v2\/product_brand?post=37054"},{"taxonomy":"product_cat","embeddable":true,"href":"https:\/\/dkn-technology.com\/fr\/wp-json\/wp\/v2\/product_cat?post=37054"},{"taxonomy":"product_tag","embeddable":true,"href":"https:\/\/dkn-technology.com\/fr\/wp-json\/wp\/v2\/product_tag?post=37054"}],"curies":[{"name":"wp","href":"https:\/\/api.w.org\/{rel}","templated":true}]}}