{"id":4203,"date":"2023-01-30T15:03:14","date_gmt":"2023-01-30T13:03:14","guid":{"rendered":"https:\/\/dkn-technology.com\/product\/magbike-m-460\/"},"modified":"2025-09-23T14:24:41","modified_gmt":"2025-09-23T12:24:41","slug":"magbike-m-460","status":"publish","type":"product","link":"https:\/\/dkn-technology.com\/fr\/produit\/magbike-m-460\/","title":{"rendered":"Magbike M-460"},"content":{"rendered":"<p>Compact, facile \u00e0 manipuler et \u00e0 ranger, il est con\u00e7u pour une utilisation r\u00e9guli\u00e8re, afin de maintenir votre syst\u00e8me cardiovasculaire au top.<\/p>\n<p>Les p\u00e9dales antid\u00e9rapantes \u00e0 sangle d&rsquo;orteil permettent une conduite en douceur sans d\u00e9rapage.<\/p>\n<p>Son entr\u00e9e avant basse fait \u00e9galement de ce v\u00e9lo un outil parfait pour les personnes qui ont besoin d&rsquo;une r\u00e9\u00e9ducation initiale.<\/p>\n<p>Le M-460 est un excellent v\u00e9lo d&rsquo;appartement pour ceux qui d\u00e9butent.<\/p>\n<p>L&rsquo;\u00e9cran num\u00e9rique de grande taille est un ordinateur d&rsquo;entra\u00eenement facile \u00e0 lire, avec des r\u00e9glages pour la distance totale, le temps, la vitesse, les calories br\u00fbl\u00e9es et le pouls.<\/p>\n<p>Les boutons \u00e0 membrane sont faciles \u00e0 manipuler.<\/p>\n<p>Le v\u00e9lo est \u00e9quip\u00e9 en standard de capteurs de contact pour la lecture du pouls.<\/p>\n<p>Le stabilisateur avant est \u00e9quip\u00e9 de roues solides qui vous permettent de d\u00e9placer rapidement et facilement votre v\u00e9lo d&rsquo;appartement lorsqu&rsquo;il n&rsquo;est pas utilis\u00e9.<\/p>\n<p>Il suffit d&rsquo;incliner et de rouler pour obtenir la position souhait\u00e9e, ce qui offre une polyvalence id\u00e9ale.<\/p>\n<p>Ce v\u00e9lo est \u00e9quip\u00e9 d&rsquo;un syst\u00e8me de freinage manuel \u00e0 induction magn\u00e9tique, sans entretien, bas\u00e9 sur un volant d&rsquo;inertie de 7 kg.<\/p>\n<p>La r\u00e9sistance peut \u00eatre r\u00e9gl\u00e9e en 8 \u00e9tapes interm\u00e9diaires.<\/p>\n<p>Essayez BitGym : Compatible avec tout v\u00e9lo, v\u00e9lo elliptique, tapis de course ou rameur DKN-Technology, il suffit de placer son t\u00e9l\u00e9phone ou sa tablette sur le porte-revues ou sur une \u00e9tag\u00e8re situ\u00e9e juste derri\u00e8re.<\/p>\n<p>Stream ou t\u00e9l\u00e9chargement de chaque tour. Le streaming vous permet d&rsquo;entrer rapidement dans l&rsquo;action, tandis que le t\u00e9l\u00e9chargement vous permet de vous entra\u00eener m\u00eame sans wifi.<\/p>\n<p>Pas de mat\u00e9riel \u00e0 configurer &#8211; BitGym utilise un syst\u00e8me de suivi brevet\u00e9 qui utilise la cam\u00e9ra frontale de votre t\u00e9l\u00e9phone ou de votre tablette pour \u00ab voir \u00bb vos mouvements d&rsquo;exercice.<\/p>\n<p>Tenez un journal de vos pas, de votre cadence et de vos calories \u00e0 l&rsquo;int\u00e9rieur de l&rsquo;application et exportez vos donn\u00e9es vers Apple Health et d&rsquo;autres applications.<\/p>\n","protected":false},"excerpt":{"rendered":"<div class=\"center-block col-xs-6 col-sm-7 col-md-6\">\n<div class=\"center-block col-xs-6 col-sm-7 col-md-6\">\n<p class=\"product-desc\">Le M-460 est un v\u00e9lo stationnaire d&rsquo;entr\u00e9e de gamme, \u00e0 un prix int\u00e9ressant, mais il excelle par sa simplicit\u00e9 d&rsquo;utilisation.<\/p>\n<\/div>\n<\/div>\n","protected":false},"featured_media":9696,"template":"","meta":{"_acf_changed":false,"inline_featured_image":false,"_monsterinsights_skip_tracking":false,"_monsterinsights_sitenote_active":false,"_monsterinsights_sitenote_note":"","_monsterinsights_sitenote_category":0},"product_brand":[],"product_cat":[77],"product_tag":[],"class_list":{"0":"post-4203","1":"product","2":"type-product","3":"status-publish","4":"has-post-thumbnail","6":"product_cat-velos-dexercice","7":"product_shipping_class-jusqua-50-kg","9":"first","10":"instock","11":"taxable","12":"shipping-taxable","13":"purchasable","14":"product-type-variable"},"acf":[],"yoast_head":"<!-- This site is optimized with the Yoast SEO plugin v27.3 - https:\/\/yoast.com\/product\/yoast-seo-wordpress\/ -->\n<title>Magbike M-460 - DKN-Technology<\/title>\n<meta name=\"robots\" content=\"index, follow, max-snippet:-1, max-image-preview:large, max-video-preview:-1\" \/>\n<link rel=\"canonical\" href=\"https:\/\/dkn-technology.com\/fr\/produit\/magbike-m-460\/\" \/>\n<meta property=\"og:locale\" content=\"fr_FR\" \/>\n<meta property=\"og:type\" content=\"article\" \/>\n<meta property=\"og:title\" content=\"Magbike M-460 - DKN-Technology\" \/>\n<meta property=\"og:description\" content=\"Le M-460 est un v\u00e9lo stationnaire d&#039;entr\u00e9e de gamme, \u00e0 un prix int\u00e9ressant, mais il excelle par sa simplicit\u00e9 d&#039;utilisation.\" \/>\n<meta property=\"og:url\" content=\"https:\/\/dkn-technology.com\/fr\/produit\/magbike-m-460\/\" \/>\n<meta property=\"og:site_name\" content=\"DKN-Technology\" \/>\n<meta property=\"article:publisher\" content=\"https:\/\/www.facebook.com\/dkntechnology\/\" \/>\n<meta property=\"article:modified_time\" content=\"2025-09-23T12:24:41+00:00\" \/>\n<meta property=\"og:image\" content=\"https:\/\/dkn-technology.com\/wp-content\/uploads\/2023\/01\/m-460-01-01.jpg\" \/>\n\t<meta property=\"og:image:width\" content=\"1067\" \/>\n\t<meta property=\"og:image:height\" content=\"1067\" \/>\n\t<meta property=\"og:image:type\" content=\"image\/jpeg\" \/>\n<meta name=\"twitter:card\" content=\"summary_large_image\" \/>\n<meta name=\"twitter:label1\" content=\"Dur\u00e9e de lecture estim\u00e9e\" \/>\n\t<meta name=\"twitter:data1\" content=\"2 minutes\" \/>\n<script type=\"application\/ld+json\" class=\"yoast-schema-graph\">{\"@context\":\"https:\\\/\\\/schema.org\",\"@graph\":[{\"@type\":\"WebPage\",\"@id\":\"https:\\\/\\\/dkn-technology.com\\\/fr\\\/produit\\\/magbike-m-460\\\/\",\"url\":\"https:\\\/\\\/dkn-technology.com\\\/fr\\\/produit\\\/magbike-m-460\\\/\",\"name\":\"Magbike M-460 - DKN-Technology\",\"isPartOf\":{\"@id\":\"https:\\\/\\\/dkn-technology.com\\\/#website\"},\"primaryImageOfPage\":{\"@id\":\"https:\\\/\\\/dkn-technology.com\\\/fr\\\/produit\\\/magbike-m-460\\\/#primaryimage\"},\"image\":{\"@id\":\"https:\\\/\\\/dkn-technology.com\\\/fr\\\/produit\\\/magbike-m-460\\\/#primaryimage\"},\"thumbnailUrl\":\"https:\\\/\\\/dkn-technology.com\\\/wp-content\\\/uploads\\\/2023\\\/01\\\/m-460-01-01.jpg\",\"datePublished\":\"2023-01-30T13:03:14+00:00\",\"dateModified\":\"2025-09-23T12:24:41+00:00\",\"breadcrumb\":{\"@id\":\"https:\\\/\\\/dkn-technology.com\\\/fr\\\/produit\\\/magbike-m-460\\\/#breadcrumb\"},\"inLanguage\":\"fr-FR\",\"potentialAction\":[{\"@type\":\"ReadAction\",\"target\":[\"https:\\\/\\\/dkn-technology.com\\\/fr\\\/produit\\\/magbike-m-460\\\/\"]}]},{\"@type\":\"ImageObject\",\"inLanguage\":\"fr-FR\",\"@id\":\"https:\\\/\\\/dkn-technology.com\\\/fr\\\/produit\\\/magbike-m-460\\\/#primaryimage\",\"url\":\"https:\\\/\\\/dkn-technology.com\\\/wp-content\\\/uploads\\\/2023\\\/01\\\/m-460-01-01.jpg\",\"contentUrl\":\"https:\\\/\\\/dkn-technology.com\\\/wp-content\\\/uploads\\\/2023\\\/01\\\/m-460-01-01.jpg\",\"width\":1067,\"height\":1067,\"caption\":\"Magbike M-460 | Exercise bike for seniors and everybody else | Hometrainer voor ouderen en al de rest!\"},{\"@type\":\"BreadcrumbList\",\"@id\":\"https:\\\/\\\/dkn-technology.com\\\/fr\\\/produit\\\/magbike-m-460\\\/#breadcrumb\",\"itemListElement\":[{\"@type\":\"ListItem\",\"position\":1,\"name\":\"Home\",\"item\":\"https:\\\/\\\/dkn-technology.com\\\/nl\\\/\"},{\"@type\":\"ListItem\",\"position\":2,\"name\":\"Shop\",\"item\":\"https:\\\/\\\/dkn-technology.com\\\/fr\\\/shop\\\/\"},{\"@type\":\"ListItem\",\"position\":3,\"name\":\"Magbike M-460\"}]},{\"@type\":\"WebSite\",\"@id\":\"https:\\\/\\\/dkn-technology.com\\\/#website\",\"url\":\"https:\\\/\\\/dkn-technology.com\\\/\",\"name\":\"DKN-Technology\",\"description\":\"Smart Fitness Solutions\",\"publisher\":{\"@id\":\"https:\\\/\\\/dkn-technology.com\\\/#organization\"},\"potentialAction\":[{\"@type\":\"SearchAction\",\"target\":{\"@type\":\"EntryPoint\",\"urlTemplate\":\"https:\\\/\\\/dkn-technology.com\\\/?s={search_term_string}\"},\"query-input\":{\"@type\":\"PropertyValueSpecification\",\"valueRequired\":true,\"valueName\":\"search_term_string\"}}],\"inLanguage\":\"fr-FR\"},{\"@type\":\"Organization\",\"@id\":\"https:\\\/\\\/dkn-technology.com\\\/#organization\",\"name\":\"DKN-Technology\",\"url\":\"https:\\\/\\\/dkn-technology.com\\\/\",\"logo\":{\"@type\":\"ImageObject\",\"inLanguage\":\"fr-FR\",\"@id\":\"https:\\\/\\\/dkn-technology.com\\\/#\\\/schema\\\/logo\\\/image\\\/\",\"url\":\"https:\\\/\\\/dkn-technology.com\\\/wp-content\\\/uploads\\\/2023\\\/01\\\/DKN-logo@4x.webp\",\"contentUrl\":\"https:\\\/\\\/dkn-technology.com\\\/wp-content\\\/uploads\\\/2023\\\/01\\\/DKN-logo@4x.webp\",\"width\":1933,\"height\":1029,\"caption\":\"DKN-Technology\"},\"image\":{\"@id\":\"https:\\\/\\\/dkn-technology.com\\\/#\\\/schema\\\/logo\\\/image\\\/\"},\"sameAs\":[\"https:\\\/\\\/www.facebook.com\\\/dkntechnology\\\/\",\"https:\\\/\\\/instagram.com\\\/dkntechnology\",\"https:\\\/\\\/www.youtube.com\\\/@DKN-Technology\",\"https:\\\/\\\/www.linkedin.com\\\/company\\\/dkn-technology-smart-fitness-solutions\"]}]}<\/script>\n<!-- \/ Yoast SEO plugin. -->","yoast_head_json":{"title":"Magbike M-460 - DKN-Technology","robots":{"index":"index","follow":"follow","max-snippet":"max-snippet:-1","max-image-preview":"max-image-preview:large","max-video-preview":"max-video-preview:-1"},"canonical":"https:\/\/dkn-technology.com\/fr\/produit\/magbike-m-460\/","og_locale":"fr_FR","og_type":"article","og_title":"Magbike M-460 - DKN-Technology","og_description":"Le M-460 est un v\u00e9lo stationnaire d'entr\u00e9e de gamme, \u00e0 un prix int\u00e9ressant, mais il excelle par sa simplicit\u00e9 d'utilisation.","og_url":"https:\/\/dkn-technology.com\/fr\/produit\/magbike-m-460\/","og_site_name":"DKN-Technology","article_publisher":"https:\/\/www.facebook.com\/dkntechnology\/","article_modified_time":"2025-09-23T12:24:41+00:00","og_image":[{"width":1067,"height":1067,"url":"https:\/\/dkn-technology.com\/wp-content\/uploads\/2023\/01\/m-460-01-01.jpg","type":"image\/jpeg"}],"twitter_card":"summary_large_image","twitter_misc":{"Dur\u00e9e de lecture estim\u00e9e":"2 minutes"},"schema":{"@context":"https:\/\/schema.org","@graph":[{"@type":"WebPage","@id":"https:\/\/dkn-technology.com\/fr\/produit\/magbike-m-460\/","url":"https:\/\/dkn-technology.com\/fr\/produit\/magbike-m-460\/","name":"Magbike M-460 - DKN-Technology","isPartOf":{"@id":"https:\/\/dkn-technology.com\/#website"},"primaryImageOfPage":{"@id":"https:\/\/dkn-technology.com\/fr\/produit\/magbike-m-460\/#primaryimage"},"image":{"@id":"https:\/\/dkn-technology.com\/fr\/produit\/magbike-m-460\/#primaryimage"},"thumbnailUrl":"https:\/\/dkn-technology.com\/wp-content\/uploads\/2023\/01\/m-460-01-01.jpg","datePublished":"2023-01-30T13:03:14+00:00","dateModified":"2025-09-23T12:24:41+00:00","breadcrumb":{"@id":"https:\/\/dkn-technology.com\/fr\/produit\/magbike-m-460\/#breadcrumb"},"inLanguage":"fr-FR","potentialAction":[{"@type":"ReadAction","target":["https:\/\/dkn-technology.com\/fr\/produit\/magbike-m-460\/"]}]},{"@type":"ImageObject","inLanguage":"fr-FR","@id":"https:\/\/dkn-technology.com\/fr\/produit\/magbike-m-460\/#primaryimage","url":"https:\/\/dkn-technology.com\/wp-content\/uploads\/2023\/01\/m-460-01-01.jpg","contentUrl":"https:\/\/dkn-technology.com\/wp-content\/uploads\/2023\/01\/m-460-01-01.jpg","width":1067,"height":1067,"caption":"Magbike M-460 | Exercise bike for seniors and everybody else | Hometrainer voor ouderen en al de rest!"},{"@type":"BreadcrumbList","@id":"https:\/\/dkn-technology.com\/fr\/produit\/magbike-m-460\/#breadcrumb","itemListElement":[{"@type":"ListItem","position":1,"name":"Home","item":"https:\/\/dkn-technology.com\/nl\/"},{"@type":"ListItem","position":2,"name":"Shop","item":"https:\/\/dkn-technology.com\/fr\/shop\/"},{"@type":"ListItem","position":3,"name":"Magbike M-460"}]},{"@type":"WebSite","@id":"https:\/\/dkn-technology.com\/#website","url":"https:\/\/dkn-technology.com\/","name":"DKN-Technology","description":"Smart Fitness Solutions","publisher":{"@id":"https:\/\/dkn-technology.com\/#organization"},"potentialAction":[{"@type":"SearchAction","target":{"@type":"EntryPoint","urlTemplate":"https:\/\/dkn-technology.com\/?s={search_term_string}"},"query-input":{"@type":"PropertyValueSpecification","valueRequired":true,"valueName":"search_term_string"}}],"inLanguage":"fr-FR"},{"@type":"Organization","@id":"https:\/\/dkn-technology.com\/#organization","name":"DKN-Technology","url":"https:\/\/dkn-technology.com\/","logo":{"@type":"ImageObject","inLanguage":"fr-FR","@id":"https:\/\/dkn-technology.com\/#\/schema\/logo\/image\/","url":"https:\/\/dkn-technology.com\/wp-content\/uploads\/2023\/01\/DKN-logo@4x.webp","contentUrl":"https:\/\/dkn-technology.com\/wp-content\/uploads\/2023\/01\/DKN-logo@4x.webp","width":1933,"height":1029,"caption":"DKN-Technology"},"image":{"@id":"https:\/\/dkn-technology.com\/#\/schema\/logo\/image\/"},"sameAs":["https:\/\/www.facebook.com\/dkntechnology\/","https:\/\/instagram.com\/dkntechnology","https:\/\/www.youtube.com\/@DKN-Technology","https:\/\/www.linkedin.com\/company\/dkn-technology-smart-fitness-solutions"]}]}},"_links":{"self":[{"href":"https:\/\/dkn-technology.com\/fr\/wp-json\/wp\/v2\/product\/4203","targetHints":{"allow":["GET"]}}],"collection":[{"href":"https:\/\/dkn-technology.com\/fr\/wp-json\/wp\/v2\/product"}],"about":[{"href":"https:\/\/dkn-technology.com\/fr\/wp-json\/wp\/v2\/types\/product"}],"version-history":[{"count":10,"href":"https:\/\/dkn-technology.com\/fr\/wp-json\/wp\/v2\/product\/4203\/revisions"}],"predecessor-version":[{"id":31643,"href":"https:\/\/dkn-technology.com\/fr\/wp-json\/wp\/v2\/product\/4203\/revisions\/31643"}],"wp:featuredmedia":[{"embeddable":true,"href":"https:\/\/dkn-technology.com\/fr\/wp-json\/wp\/v2\/media\/9696"}],"wp:attachment":[{"href":"https:\/\/dkn-technology.com\/fr\/wp-json\/wp\/v2\/media?parent=4203"}],"wp:term":[{"taxonomy":"product_brand","embeddable":true,"href":"https:\/\/dkn-technology.com\/fr\/wp-json\/wp\/v2\/product_brand?post=4203"},{"taxonomy":"product_cat","embeddable":true,"href":"https:\/\/dkn-technology.com\/fr\/wp-json\/wp\/v2\/product_cat?post=4203"},{"taxonomy":"product_tag","embeddable":true,"href":"https:\/\/dkn-technology.com\/fr\/wp-json\/wp\/v2\/product_tag?post=4203"}],"curies":[{"name":"wp","href":"https:\/\/api.w.org\/{rel}","templated":true}]}}