{"id":4204,"date":"2023-01-30T15:03:14","date_gmt":"2023-01-30T13:03:14","guid":{"rendered":"https:\/\/dkn-technology.com\/product\/magbike-m-470\/"},"modified":"2025-09-23T14:27:51","modified_gmt":"2025-09-23T12:27:51","slug":"magbike-m-470","status":"publish","type":"product","link":"https:\/\/dkn-technology.com\/fr\/produit\/magbike-m-470\/","title":{"rendered":"Magbike M-470"},"content":{"rendered":"<h2>Am\u00e9liorez votre cardio \u00e0 domicile avec le v\u00e9lo d&rsquo;exercice Magbike M-470 adapt\u00e9 aux seniors<\/h2>\n<p>Ce v\u00e9lo d&rsquo;appartement est un appareil compact et polyvalent con\u00e7u pour une utilisation r\u00e9guli\u00e8re et un entra\u00eenement cardio \u00e0 domicile. Sa faible hauteur de marche en fait \u00e9galement un v\u00e9lo d&rsquo;exercice id\u00e9al pour les personnes \u00e2g\u00e9es ou en cours de r\u00e9\u00e9ducation.<\/p>\n<p><strong>Quelques avantages :<\/strong><\/p>\n<ul>\n<li>Faible hauteur d&rsquo;acc\u00e8s<\/li>\n<li>Guidon ergonomique r\u00e9glable<\/li>\n<li>Selle confortable r\u00e9glable<\/li>\n<li>8 niveaux de r\u00e9sistance<\/li>\n<li>Ordinateur de formation avec affichage de divers param\u00e8tres<\/li>\n<li>Fonction fr\u00e9quence cardiaque<\/li>\n<li>P\u00e9dales antid\u00e9rapantes avec sangles r\u00e9glables<\/li>\n<\/ul>\n<p>&nbsp;<\/p>\n<hr \/>\n<h2><em><strong>\u00a0\u00bb Le M-470 est un v\u00e9lo d&rsquo;exercice id\u00e9al pour les seniors, con\u00e7u pour une exp\u00e9rience d&rsquo;entra\u00eenement plus douce et plus confortable \u00ab\u00a0<\/strong><\/em><\/h2>\n<p>&nbsp;<\/p>\n<h4><strong>L&rsquo;entr\u00e9e basse et l&rsquo;avant prolong\u00e9 facilitent l&rsquo;acc\u00e8s et r\u00e9duisent le stress dorsal.<\/strong><\/h4>\n<p>Le M-470 est dot\u00e9 d&rsquo;une entr\u00e9e avant basse qui permet \u00e0 tout le monde de monter et descendre facilement du v\u00e9lo, ce qui en fait un <strong>excellent choix pour les personnes \u00e2g\u00e9es ou celles qui ont des probl\u00e8mes de mobilit\u00e9<\/strong>. De plus, l&rsquo;avant allong\u00e9 permet une position plus droite, r\u00e9duisant le stress sur le bas du dos et offrant un plus grand confort pendant l&rsquo;exercice.<\/p>\n<h4><strong>Conception ergonomique pour un confort maximal de l&rsquo;utilisateur<\/strong><\/h4>\n<p>Le Magbike M-470 est \u00e9quip\u00e9 d&rsquo;un guidon extra-large, <strong>fixe et r\u00e9glable,<\/strong> sp\u00e9cialement con\u00e7u pour un confort d&rsquo;utilisation maximal. Le v\u00e9lo est \u00e9galement \u00e9quip\u00e9 d&rsquo;une <strong>selle confortable<\/strong> qui peut \u00eatre r\u00e9gl\u00e9e horizontalement et verticalement pour s&rsquo;adapter \u00e0 vos besoins. Le guidon ergonomique vous aide \u00e0 garder une position d\u00e9tendue pendant votre entra\u00eenement.<\/p>\n<h4><strong>Syst\u00e8me de freinage manuel \u00e0 induction magn\u00e9tique pour une conduite souple et silencieuse<\/strong><\/h4>\n<p>Le M-470 est dot\u00e9 d&rsquo;un syst\u00e8me de <strong>freinage manuel \u00e0 induction magn\u00e9tique<\/strong> sans entretien, bas\u00e9 sur un <strong>volant d&rsquo;inertie de 8 kg<\/strong>. La r\u00e9sistance peut \u00eatre r\u00e9gl\u00e9e en 8 \u00e9tapes interm\u00e9diaires. La transmission utilise une courroie Poly-V pour une exp\u00e9rience de cyclisme <strong>douce et silencieuse<\/strong> qui permet un entra\u00eenement r\u00e9gulier.<\/p>\n<h4><strong>Grand \u00e9cran num\u00e9rique pour un suivi facile de la progression de l&rsquo;entra\u00eenement<\/strong><\/h4>\n<p>Le v\u00e9lo d&rsquo;appartement Magbike M-470 est dot\u00e9 d&rsquo;un \u00e9cran num\u00e9rique de grande taille, <strong>facile \u00e0 lire<\/strong> et affichant divers param\u00e8tres, notamment la distance totale, la dur\u00e9e, la vitesse, la combustion des calories, l&rsquo;IMC\/BMR et le pouls. Le v\u00e9lo est \u00e9galement compatible avec <strong>l&rsquo;application de fitness Bitgym, qui vous permet de suivre vos progr\u00e8s<\/strong> et de tirer le meilleur parti de votre entra\u00eenement.<\/p>\n<h4><strong>Poign\u00e9es int\u00e9gr\u00e9es pour la lecture du pouls<\/strong><\/h4>\n<p>Le v\u00e9lo est \u00e9quip\u00e9 de poign\u00e9es int\u00e9gr\u00e9es pour la prise de pouls, ce qui vous permet de surveiller votre fr\u00e9quence cardiaque pendant votre entra\u00eenement.<\/p>\n<h4><strong>Facile \u00e0 stocker et \u00e0 d\u00e9placer<\/strong><\/h4>\n<p>Le v\u00e9lo d&rsquo;appartement Magbike M-470 est con\u00e7u pour un usage domestique r\u00e9gulier. <strong>Il est tr\u00e8s stable et facile \u00e0 manipuler et \u00e0 ranger<\/strong>. Le stabilisateur avant est \u00e9quip\u00e9 de roues solides qui vous permettent de d\u00e9placer rapidement et facilement votre v\u00e9lo d&rsquo;appartement lorsqu&rsquo;il n&rsquo;est pas utilis\u00e9. Il suffit de l&rsquo;incliner et de le faire rouler pour obtenir la position souhait\u00e9e, ce qui offre une polyvalence id\u00e9ale.<\/p>\n<p>En r\u00e9sum\u00e9, le v\u00e9lo d&rsquo;appartement Magbike M-470 est un choix id\u00e9al pour les seniors et tous ceux qui recherchent un appareil polyvalent et confortable pour un entra\u00eenement cardio r\u00e9gulier \u00e0 domicile. Avec son syst\u00e8me de frein \u00e0 induction manuel-magn\u00e9tique, son design ergonomique, son grand \u00e9cran num\u00e9rique et sa compatibilit\u00e9 avec l&rsquo;application Bitgym, ce v\u00e9lo d&rsquo;appartement offre une exp\u00e9rience d&rsquo;entra\u00eenement stimulante et efficace.<\/p>\n<p>Ce n&rsquo;est pas ce que vous recherchez ? D\u00e9couvrez cette alternative de <a href=\"https:\/\/dkn-technology.com\/fr\/produit\/hometrainer-m-460\/\">v\u00e9lo d&rsquo;appartement \u00e0 faible hauteur de marche pour les personnes \u00e2g\u00e9es<\/a>.<\/p>\n","protected":false},"excerpt":{"rendered":"<div class=\"center-block col-xs-6 col-sm-7 col-md-6\">\n<div class=\"center-block col-xs-6 col-sm-7 col-md-6\">\n<p class=\"product-desc\">Notre v\u00e9lo d&rsquo;appartement est le compagnon id\u00e9al pour vos s\u00e9ances d&rsquo;entra\u00eenement \u00e0 domicile et il est adapt\u00e9 aux personnes \u00e2g\u00e9es !<\/p>\n<\/div>\n<\/div>\n","protected":false},"featured_media":3002,"template":"","meta":{"_acf_changed":false,"inline_featured_image":false,"_monsterinsights_skip_tracking":false,"_monsterinsights_sitenote_active":false,"_monsterinsights_sitenote_note":"","_monsterinsights_sitenote_category":0},"product_brand":[],"product_cat":[77],"product_tag":[],"class_list":{"0":"post-4204","1":"product","2":"type-product","3":"status-publish","4":"has-post-thumbnail","6":"product_cat-velos-dexercice","7":"product_shipping_class-jusqua-50-kg","9":"first","10":"outofstock","11":"taxable","12":"shipping-taxable","13":"purchasable","14":"product-type-variable","15":"has-default-attributes"},"acf":[],"yoast_head":"<!-- This site is optimized with the Yoast SEO plugin v27.3 - https:\/\/yoast.com\/product\/yoast-seo-wordpress\/ -->\n<title>V\u00e9lo d&#039;appartement adapt\u00e9 aux seniors | DKN TECHNOLOGY<\/title>\n<meta name=\"description\" content=\"Soyez en forme \u00e0 tout \u00e2ge gr\u00e2ce \u00e0 notre v\u00e9lo d&#039;appartement adapt\u00e9 aux seniors ! Am\u00e9liorez votre condition physique avec ce v\u00e9lo facile \u00e0 utiliser et confortable. Commencez votre voyage maintenant !\" \/>\n<meta name=\"robots\" content=\"index, follow, max-snippet:-1, max-image-preview:large, max-video-preview:-1\" \/>\n<link rel=\"canonical\" href=\"https:\/\/dkn-technology.com\/fr\/produit\/magbike-m-470\/\" \/>\n<meta property=\"og:locale\" content=\"fr_FR\" \/>\n<meta property=\"og:type\" content=\"article\" \/>\n<meta property=\"og:title\" content=\"V\u00e9lo d&#039;appartement adapt\u00e9 aux seniors | DKN TECHNOLOGY\" \/>\n<meta property=\"og:description\" content=\"Soyez en forme \u00e0 tout \u00e2ge gr\u00e2ce \u00e0 notre v\u00e9lo d&#039;appartement adapt\u00e9 aux seniors ! Am\u00e9liorez votre condition physique avec ce v\u00e9lo facile \u00e0 utiliser et confortable. Commencez votre voyage maintenant !\" \/>\n<meta property=\"og:url\" content=\"https:\/\/dkn-technology.com\/fr\/produit\/magbike-m-470\/\" \/>\n<meta property=\"og:site_name\" content=\"DKN-Technology\" \/>\n<meta property=\"article:publisher\" content=\"https:\/\/www.facebook.com\/dkntechnology\/\" \/>\n<meta property=\"article:modified_time\" content=\"2025-09-23T12:27:51+00:00\" \/>\n<meta property=\"og:image\" content=\"https:\/\/dkn-technology.com\/wp-content\/uploads\/2023\/01\/M-470-3.jpg\" \/>\n\t<meta property=\"og:image:width\" content=\"1420\" \/>\n\t<meta property=\"og:image:height\" content=\"1405\" \/>\n\t<meta property=\"og:image:type\" content=\"image\/jpeg\" \/>\n<meta name=\"twitter:card\" content=\"summary_large_image\" \/>\n<meta name=\"twitter:label1\" content=\"Dur\u00e9e de lecture estim\u00e9e\" \/>\n\t<meta name=\"twitter:data1\" content=\"3 minutes\" \/>\n<script type=\"application\/ld+json\" class=\"yoast-schema-graph\">{\"@context\":\"https:\\\/\\\/schema.org\",\"@graph\":[{\"@type\":\"WebPage\",\"@id\":\"https:\\\/\\\/dkn-technology.com\\\/fr\\\/produit\\\/magbike-m-470\\\/\",\"url\":\"https:\\\/\\\/dkn-technology.com\\\/fr\\\/produit\\\/magbike-m-470\\\/\",\"name\":\"V\u00e9lo d'appartement adapt\u00e9 aux seniors | DKN TECHNOLOGY\",\"isPartOf\":{\"@id\":\"https:\\\/\\\/dkn-technology.com\\\/#website\"},\"primaryImageOfPage\":{\"@id\":\"https:\\\/\\\/dkn-technology.com\\\/fr\\\/produit\\\/magbike-m-470\\\/#primaryimage\"},\"image\":{\"@id\":\"https:\\\/\\\/dkn-technology.com\\\/fr\\\/produit\\\/magbike-m-470\\\/#primaryimage\"},\"thumbnailUrl\":\"https:\\\/\\\/dkn-technology.com\\\/wp-content\\\/uploads\\\/2023\\\/01\\\/M-470-3.jpg\",\"datePublished\":\"2023-01-30T13:03:14+00:00\",\"dateModified\":\"2025-09-23T12:27:51+00:00\",\"description\":\"Soyez en forme \u00e0 tout \u00e2ge gr\u00e2ce \u00e0 notre v\u00e9lo d'appartement adapt\u00e9 aux seniors ! Am\u00e9liorez votre condition physique avec ce v\u00e9lo facile \u00e0 utiliser et confortable. Commencez votre voyage maintenant !\",\"breadcrumb\":{\"@id\":\"https:\\\/\\\/dkn-technology.com\\\/fr\\\/produit\\\/magbike-m-470\\\/#breadcrumb\"},\"inLanguage\":\"fr-FR\",\"potentialAction\":[{\"@type\":\"ReadAction\",\"target\":[\"https:\\\/\\\/dkn-technology.com\\\/fr\\\/produit\\\/magbike-m-470\\\/\"]}]},{\"@type\":\"ImageObject\",\"inLanguage\":\"fr-FR\",\"@id\":\"https:\\\/\\\/dkn-technology.com\\\/fr\\\/produit\\\/magbike-m-470\\\/#primaryimage\",\"url\":\"https:\\\/\\\/dkn-technology.com\\\/wp-content\\\/uploads\\\/2023\\\/01\\\/M-470-3.jpg\",\"contentUrl\":\"https:\\\/\\\/dkn-technology.com\\\/wp-content\\\/uploads\\\/2023\\\/01\\\/M-470-3.jpg\",\"width\":1420,\"height\":1405,\"caption\":\"m-470 exercise bike suitable for seniors\"},{\"@type\":\"BreadcrumbList\",\"@id\":\"https:\\\/\\\/dkn-technology.com\\\/fr\\\/produit\\\/magbike-m-470\\\/#breadcrumb\",\"itemListElement\":[{\"@type\":\"ListItem\",\"position\":1,\"name\":\"Home\",\"item\":\"https:\\\/\\\/dkn-technology.com\\\/nl\\\/\"},{\"@type\":\"ListItem\",\"position\":2,\"name\":\"Shop\",\"item\":\"https:\\\/\\\/dkn-technology.com\\\/fr\\\/shop\\\/\"},{\"@type\":\"ListItem\",\"position\":3,\"name\":\"Magbike M-470\"}]},{\"@type\":\"WebSite\",\"@id\":\"https:\\\/\\\/dkn-technology.com\\\/#website\",\"url\":\"https:\\\/\\\/dkn-technology.com\\\/\",\"name\":\"DKN-Technology\",\"description\":\"Smart Fitness Solutions\",\"publisher\":{\"@id\":\"https:\\\/\\\/dkn-technology.com\\\/#organization\"},\"potentialAction\":[{\"@type\":\"SearchAction\",\"target\":{\"@type\":\"EntryPoint\",\"urlTemplate\":\"https:\\\/\\\/dkn-technology.com\\\/?s={search_term_string}\"},\"query-input\":{\"@type\":\"PropertyValueSpecification\",\"valueRequired\":true,\"valueName\":\"search_term_string\"}}],\"inLanguage\":\"fr-FR\"},{\"@type\":\"Organization\",\"@id\":\"https:\\\/\\\/dkn-technology.com\\\/#organization\",\"name\":\"DKN-Technology\",\"url\":\"https:\\\/\\\/dkn-technology.com\\\/\",\"logo\":{\"@type\":\"ImageObject\",\"inLanguage\":\"fr-FR\",\"@id\":\"https:\\\/\\\/dkn-technology.com\\\/#\\\/schema\\\/logo\\\/image\\\/\",\"url\":\"https:\\\/\\\/dkn-technology.com\\\/wp-content\\\/uploads\\\/2023\\\/01\\\/DKN-logo@4x.webp\",\"contentUrl\":\"https:\\\/\\\/dkn-technology.com\\\/wp-content\\\/uploads\\\/2023\\\/01\\\/DKN-logo@4x.webp\",\"width\":1933,\"height\":1029,\"caption\":\"DKN-Technology\"},\"image\":{\"@id\":\"https:\\\/\\\/dkn-technology.com\\\/#\\\/schema\\\/logo\\\/image\\\/\"},\"sameAs\":[\"https:\\\/\\\/www.facebook.com\\\/dkntechnology\\\/\",\"https:\\\/\\\/instagram.com\\\/dkntechnology\",\"https:\\\/\\\/www.youtube.com\\\/@DKN-Technology\",\"https:\\\/\\\/www.linkedin.com\\\/company\\\/dkn-technology-smart-fitness-solutions\"]}]}<\/script>\n<!-- \/ Yoast SEO plugin. -->","yoast_head_json":{"title":"V\u00e9lo d'appartement adapt\u00e9 aux seniors | DKN TECHNOLOGY","description":"Soyez en forme \u00e0 tout \u00e2ge gr\u00e2ce \u00e0 notre v\u00e9lo d'appartement adapt\u00e9 aux seniors ! Am\u00e9liorez votre condition physique avec ce v\u00e9lo facile \u00e0 utiliser et confortable. Commencez votre voyage maintenant !","robots":{"index":"index","follow":"follow","max-snippet":"max-snippet:-1","max-image-preview":"max-image-preview:large","max-video-preview":"max-video-preview:-1"},"canonical":"https:\/\/dkn-technology.com\/fr\/produit\/magbike-m-470\/","og_locale":"fr_FR","og_type":"article","og_title":"V\u00e9lo d'appartement adapt\u00e9 aux seniors | DKN TECHNOLOGY","og_description":"Soyez en forme \u00e0 tout \u00e2ge gr\u00e2ce \u00e0 notre v\u00e9lo d'appartement adapt\u00e9 aux seniors ! Am\u00e9liorez votre condition physique avec ce v\u00e9lo facile \u00e0 utiliser et confortable. Commencez votre voyage maintenant !","og_url":"https:\/\/dkn-technology.com\/fr\/produit\/magbike-m-470\/","og_site_name":"DKN-Technology","article_publisher":"https:\/\/www.facebook.com\/dkntechnology\/","article_modified_time":"2025-09-23T12:27:51+00:00","og_image":[{"width":1420,"height":1405,"url":"https:\/\/dkn-technology.com\/wp-content\/uploads\/2023\/01\/M-470-3.jpg","type":"image\/jpeg"}],"twitter_card":"summary_large_image","twitter_misc":{"Dur\u00e9e de lecture estim\u00e9e":"3 minutes"},"schema":{"@context":"https:\/\/schema.org","@graph":[{"@type":"WebPage","@id":"https:\/\/dkn-technology.com\/fr\/produit\/magbike-m-470\/","url":"https:\/\/dkn-technology.com\/fr\/produit\/magbike-m-470\/","name":"V\u00e9lo d'appartement adapt\u00e9 aux seniors | DKN TECHNOLOGY","isPartOf":{"@id":"https:\/\/dkn-technology.com\/#website"},"primaryImageOfPage":{"@id":"https:\/\/dkn-technology.com\/fr\/produit\/magbike-m-470\/#primaryimage"},"image":{"@id":"https:\/\/dkn-technology.com\/fr\/produit\/magbike-m-470\/#primaryimage"},"thumbnailUrl":"https:\/\/dkn-technology.com\/wp-content\/uploads\/2023\/01\/M-470-3.jpg","datePublished":"2023-01-30T13:03:14+00:00","dateModified":"2025-09-23T12:27:51+00:00","description":"Soyez en forme \u00e0 tout \u00e2ge gr\u00e2ce \u00e0 notre v\u00e9lo d'appartement adapt\u00e9 aux seniors ! Am\u00e9liorez votre condition physique avec ce v\u00e9lo facile \u00e0 utiliser et confortable. Commencez votre voyage maintenant !","breadcrumb":{"@id":"https:\/\/dkn-technology.com\/fr\/produit\/magbike-m-470\/#breadcrumb"},"inLanguage":"fr-FR","potentialAction":[{"@type":"ReadAction","target":["https:\/\/dkn-technology.com\/fr\/produit\/magbike-m-470\/"]}]},{"@type":"ImageObject","inLanguage":"fr-FR","@id":"https:\/\/dkn-technology.com\/fr\/produit\/magbike-m-470\/#primaryimage","url":"https:\/\/dkn-technology.com\/wp-content\/uploads\/2023\/01\/M-470-3.jpg","contentUrl":"https:\/\/dkn-technology.com\/wp-content\/uploads\/2023\/01\/M-470-3.jpg","width":1420,"height":1405,"caption":"m-470 exercise bike suitable for seniors"},{"@type":"BreadcrumbList","@id":"https:\/\/dkn-technology.com\/fr\/produit\/magbike-m-470\/#breadcrumb","itemListElement":[{"@type":"ListItem","position":1,"name":"Home","item":"https:\/\/dkn-technology.com\/nl\/"},{"@type":"ListItem","position":2,"name":"Shop","item":"https:\/\/dkn-technology.com\/fr\/shop\/"},{"@type":"ListItem","position":3,"name":"Magbike M-470"}]},{"@type":"WebSite","@id":"https:\/\/dkn-technology.com\/#website","url":"https:\/\/dkn-technology.com\/","name":"DKN-Technology","description":"Smart Fitness Solutions","publisher":{"@id":"https:\/\/dkn-technology.com\/#organization"},"potentialAction":[{"@type":"SearchAction","target":{"@type":"EntryPoint","urlTemplate":"https:\/\/dkn-technology.com\/?s={search_term_string}"},"query-input":{"@type":"PropertyValueSpecification","valueRequired":true,"valueName":"search_term_string"}}],"inLanguage":"fr-FR"},{"@type":"Organization","@id":"https:\/\/dkn-technology.com\/#organization","name":"DKN-Technology","url":"https:\/\/dkn-technology.com\/","logo":{"@type":"ImageObject","inLanguage":"fr-FR","@id":"https:\/\/dkn-technology.com\/#\/schema\/logo\/image\/","url":"https:\/\/dkn-technology.com\/wp-content\/uploads\/2023\/01\/DKN-logo@4x.webp","contentUrl":"https:\/\/dkn-technology.com\/wp-content\/uploads\/2023\/01\/DKN-logo@4x.webp","width":1933,"height":1029,"caption":"DKN-Technology"},"image":{"@id":"https:\/\/dkn-technology.com\/#\/schema\/logo\/image\/"},"sameAs":["https:\/\/www.facebook.com\/dkntechnology\/","https:\/\/instagram.com\/dkntechnology","https:\/\/www.youtube.com\/@DKN-Technology","https:\/\/www.linkedin.com\/company\/dkn-technology-smart-fitness-solutions"]}]}},"_links":{"self":[{"href":"https:\/\/dkn-technology.com\/fr\/wp-json\/wp\/v2\/product\/4204","targetHints":{"allow":["GET"]}}],"collection":[{"href":"https:\/\/dkn-technology.com\/fr\/wp-json\/wp\/v2\/product"}],"about":[{"href":"https:\/\/dkn-technology.com\/fr\/wp-json\/wp\/v2\/types\/product"}],"version-history":[{"count":10,"href":"https:\/\/dkn-technology.com\/fr\/wp-json\/wp\/v2\/product\/4204\/revisions"}],"predecessor-version":[{"id":31646,"href":"https:\/\/dkn-technology.com\/fr\/wp-json\/wp\/v2\/product\/4204\/revisions\/31646"}],"wp:featuredmedia":[{"embeddable":true,"href":"https:\/\/dkn-technology.com\/fr\/wp-json\/wp\/v2\/media\/3002"}],"wp:attachment":[{"href":"https:\/\/dkn-technology.com\/fr\/wp-json\/wp\/v2\/media?parent=4204"}],"wp:term":[{"taxonomy":"product_brand","embeddable":true,"href":"https:\/\/dkn-technology.com\/fr\/wp-json\/wp\/v2\/product_brand?post=4204"},{"taxonomy":"product_cat","embeddable":true,"href":"https:\/\/dkn-technology.com\/fr\/wp-json\/wp\/v2\/product_cat?post=4204"},{"taxonomy":"product_tag","embeddable":true,"href":"https:\/\/dkn-technology.com\/fr\/wp-json\/wp\/v2\/product_tag?post=4204"}],"curies":[{"name":"wp","href":"https:\/\/api.w.org\/{rel}","templated":true}]}}