{"id":4205,"date":"2023-01-30T15:03:14","date_gmt":"2023-01-30T13:03:14","guid":{"rendered":"https:\/\/dkn-technology.com\/product\/ergometer-am3i\/"},"modified":"2025-09-23T14:30:50","modified_gmt":"2025-09-23T12:30:50","slug":"ergometer-am-3i","status":"publish","type":"product","link":"https:\/\/dkn-technology.com\/fr\/produit\/ergometer-am-3i\/","title":{"rendered":"Ergometer AM-3i"},"content":{"rendered":"<div class=\"center-block col-xs-6 col-sm-7 col-md-6\">\n<p>D\u00e9velopp\u00e9 et fabriqu\u00e9 pour un usage intensif \u00e0 domicile, ce v\u00e9lo ergonomique est adapt\u00e9 au plus grand nombre, r\u00e9pond parfaitement \u00e0 la demande d\u2019une client\u00e8le exigeant un produit fiable et qualitatif. Il est \u00e9quip\u00e9 d\u2019une roue d\u2019inertie de 11 kg pour permettre un entra\u00eenement progressif par \u00e9tape.<\/p>\n<p>L&rsquo;AM-3i ajoute un grand niveau de confort pour l&rsquo;utilisateur. Une selle de type \u00ab\u00a0gel\u00a0\u00bb, ajustement de la hauteur du si\u00e8ge en \u00ab\u00a0one touch\u00a0\u00bb, selle et guidon r\u00e9glables. Cet ergom\u00e8tre procure la position de conduite id\u00e9ale pour pratiquement chaque individu.<\/p>\n<p>L&rsquo;AM-3i vous permet de vous entra\u00eener \u00e0 domicile, avec une gestion tr\u00e8s flexible de votre programme d\u2019entra\u00eenement, sans aucune contrainte horaire.<\/p>\n<p>La console vous offre jusqu&rsquo;\u00e0 32 intervalles d&rsquo;intensit\u00e9, 12 profils d&rsquo;entra\u00eenement pr\u00e9programm\u00e9s con\u00e7us par des professionnels et une \u00e9chelle de r\u00e9sistance de 10 \u00e0 350 Watts (par pas de 5 Watts).<\/p>\n<p>Id\u00e9al pour des entra\u00eenements cibl\u00e9s et programm\u00e9s de sportifs ou pour la r\u00e9\u00e9ducation.<\/p>\n<p>La mesure des pulsations cardiaques du AM-3i se fait par Bluetooth 4.0, pour un enregistrement plus pr\u00e9cis.<\/p>\n<p>La ceinture Blutooth se connecte automatiquement \u00e0 la console AM-3i, au cours d&rsquo;un enregistrement de votre fr\u00e9quence cardiaque stable et plus pr\u00e9cis.<\/p>\n<p>Associ\u00e9 \u00e0 un Smartphone ou \u00e0 une tablette (Android\/iOS) Bluetooth, l&rsquo;AM-3i est compatible avec Kinomap.<\/p>\n<p>Une libert\u00e9 totale s\u2019offre \u00e0 vous : relevez les challenges des parcours les plus embl\u00e9matiques du monde, choisissez n\u2019importe quel endroit du globe, ou encore cr\u00e9ez vos propres circuits ! Suivez votre course en temps r\u00e9el.<\/p>\n<p>Fixez vos objectifs et enregistrez votre progression. Et, partagez vos exp\u00e9riences avec vos amis sur les r\u00e9seaux sociaux.<\/p>\n<\/div>\n<div class=\"right-block col-xs-6 col-sm-7 col-md-6\">\n<div class=\"right-block-content row\">\n<div class=\"functional-buttons clearfix hidden-xs col-sm-5 col-md-5\"><\/div>\n<\/div>\n<\/div>\n","protected":false},"excerpt":{"rendered":"<div class=\"center-block col-xs-6 col-sm-7 col-md-6\">\n<div id=\"short_description_block\">\n<div id=\"short_description_content\" class=\"rte align_justify\">\n<div class=\"center-block col-xs-6 col-sm-7 col-md-6\">\n<p class=\"product-desc\">Le AM-3i Ergom\u00e8tre avec r\u00e9sistance magn\u00e9tique motoris\u00e9e de 10 \u00e0 350 Watts, offre une ergonomie pour un entra\u00eenement efficace et pr\u00e9cis.<\/p>\n<\/div>\n<\/div>\n<\/div>\n<\/div>\n","protected":false},"featured_media":9523,"template":"","meta":{"_acf_changed":false,"inline_featured_image":false,"_monsterinsights_skip_tracking":false,"_monsterinsights_sitenote_active":false,"_monsterinsights_sitenote_note":"","_monsterinsights_sitenote_category":0},"product_brand":[],"product_cat":[77],"product_tag":[],"class_list":{"0":"post-4205","1":"product","2":"type-product","3":"status-publish","4":"has-post-thumbnail","6":"product_cat-velos-dexercice","7":"product_shipping_class-jusqua-50-kg","9":"first","10":"outofstock","11":"taxable","12":"shipping-taxable","13":"purchasable","14":"product-type-variable","15":"has-default-attributes"},"acf":[],"yoast_head":"<!-- This site is optimized with the Yoast SEO plugin v27.3 - https:\/\/yoast.com\/product\/yoast-seo-wordpress\/ -->\n<title>Ergometer AM-3i - DKN-Technology<\/title>\n<meta name=\"robots\" content=\"index, follow, max-snippet:-1, max-image-preview:large, max-video-preview:-1\" \/>\n<link rel=\"canonical\" href=\"https:\/\/dkn-technology.com\/fr\/produit\/ergometer-am-3i\/\" \/>\n<meta property=\"og:locale\" content=\"fr_FR\" \/>\n<meta property=\"og:type\" content=\"article\" \/>\n<meta property=\"og:title\" content=\"Ergometer AM-3i - DKN-Technology\" \/>\n<meta property=\"og:description\" content=\"Le AM-3i Ergom\u00e8tre avec r\u00e9sistance magn\u00e9tique motoris\u00e9e de 10 \u00e0 350 Watts, offre une ergonomie pour un entra\u00eenement efficace et pr\u00e9cis.\" \/>\n<meta property=\"og:url\" content=\"https:\/\/dkn-technology.com\/fr\/produit\/ergometer-am-3i\/\" \/>\n<meta property=\"og:site_name\" content=\"DKN-Technology\" \/>\n<meta property=\"article:publisher\" content=\"https:\/\/www.facebook.com\/dkntechnology\/\" \/>\n<meta property=\"article:modified_time\" content=\"2025-09-23T12:30:50+00:00\" \/>\n<meta property=\"og:image\" content=\"https:\/\/dkn-technology.com\/wp-content\/uploads\/2023\/01\/AM-3i-01-01.jpg\" \/>\n\t<meta property=\"og:image:width\" content=\"1067\" \/>\n\t<meta property=\"og:image:height\" content=\"1067\" \/>\n\t<meta property=\"og:image:type\" content=\"image\/jpeg\" \/>\n<meta name=\"twitter:card\" content=\"summary_large_image\" \/>\n<meta name=\"twitter:label1\" content=\"Dur\u00e9e de lecture estim\u00e9e\" \/>\n\t<meta name=\"twitter:data1\" content=\"2 minutes\" \/>\n<script type=\"application\/ld+json\" class=\"yoast-schema-graph\">{\"@context\":\"https:\\\/\\\/schema.org\",\"@graph\":[{\"@type\":\"WebPage\",\"@id\":\"https:\\\/\\\/dkn-technology.com\\\/fr\\\/produit\\\/ergometer-am-3i\\\/\",\"url\":\"https:\\\/\\\/dkn-technology.com\\\/fr\\\/produit\\\/ergometer-am-3i\\\/\",\"name\":\"Ergometer AM-3i - DKN-Technology\",\"isPartOf\":{\"@id\":\"https:\\\/\\\/dkn-technology.com\\\/#website\"},\"primaryImageOfPage\":{\"@id\":\"https:\\\/\\\/dkn-technology.com\\\/fr\\\/produit\\\/ergometer-am-3i\\\/#primaryimage\"},\"image\":{\"@id\":\"https:\\\/\\\/dkn-technology.com\\\/fr\\\/produit\\\/ergometer-am-3i\\\/#primaryimage\"},\"thumbnailUrl\":\"https:\\\/\\\/dkn-technology.com\\\/wp-content\\\/uploads\\\/2023\\\/01\\\/AM-3i-01-01.jpg\",\"datePublished\":\"2023-01-30T13:03:14+00:00\",\"dateModified\":\"2025-09-23T12:30:50+00:00\",\"breadcrumb\":{\"@id\":\"https:\\\/\\\/dkn-technology.com\\\/fr\\\/produit\\\/ergometer-am-3i\\\/#breadcrumb\"},\"inLanguage\":\"fr-FR\",\"potentialAction\":[{\"@type\":\"ReadAction\",\"target\":[\"https:\\\/\\\/dkn-technology.com\\\/fr\\\/produit\\\/ergometer-am-3i\\\/\"]}]},{\"@type\":\"ImageObject\",\"inLanguage\":\"fr-FR\",\"@id\":\"https:\\\/\\\/dkn-technology.com\\\/fr\\\/produit\\\/ergometer-am-3i\\\/#primaryimage\",\"url\":\"https:\\\/\\\/dkn-technology.com\\\/wp-content\\\/uploads\\\/2023\\\/01\\\/AM-3i-01-01.jpg\",\"contentUrl\":\"https:\\\/\\\/dkn-technology.com\\\/wp-content\\\/uploads\\\/2023\\\/01\\\/AM-3i-01-01.jpg\",\"width\":1067,\"height\":1067,\"caption\":\"Ergometer AM-3i | Exercise bike\"},{\"@type\":\"BreadcrumbList\",\"@id\":\"https:\\\/\\\/dkn-technology.com\\\/fr\\\/produit\\\/ergometer-am-3i\\\/#breadcrumb\",\"itemListElement\":[{\"@type\":\"ListItem\",\"position\":1,\"name\":\"Home\",\"item\":\"https:\\\/\\\/dkn-technology.com\\\/nl\\\/\"},{\"@type\":\"ListItem\",\"position\":2,\"name\":\"Shop\",\"item\":\"https:\\\/\\\/dkn-technology.com\\\/fr\\\/shop\\\/\"},{\"@type\":\"ListItem\",\"position\":3,\"name\":\"Ergometer AM-3i\"}]},{\"@type\":\"WebSite\",\"@id\":\"https:\\\/\\\/dkn-technology.com\\\/#website\",\"url\":\"https:\\\/\\\/dkn-technology.com\\\/\",\"name\":\"DKN-Technology\",\"description\":\"Smart Fitness Solutions\",\"publisher\":{\"@id\":\"https:\\\/\\\/dkn-technology.com\\\/#organization\"},\"potentialAction\":[{\"@type\":\"SearchAction\",\"target\":{\"@type\":\"EntryPoint\",\"urlTemplate\":\"https:\\\/\\\/dkn-technology.com\\\/?s={search_term_string}\"},\"query-input\":{\"@type\":\"PropertyValueSpecification\",\"valueRequired\":true,\"valueName\":\"search_term_string\"}}],\"inLanguage\":\"fr-FR\"},{\"@type\":\"Organization\",\"@id\":\"https:\\\/\\\/dkn-technology.com\\\/#organization\",\"name\":\"DKN-Technology\",\"url\":\"https:\\\/\\\/dkn-technology.com\\\/\",\"logo\":{\"@type\":\"ImageObject\",\"inLanguage\":\"fr-FR\",\"@id\":\"https:\\\/\\\/dkn-technology.com\\\/#\\\/schema\\\/logo\\\/image\\\/\",\"url\":\"https:\\\/\\\/dkn-technology.com\\\/wp-content\\\/uploads\\\/2023\\\/01\\\/DKN-logo@4x.webp\",\"contentUrl\":\"https:\\\/\\\/dkn-technology.com\\\/wp-content\\\/uploads\\\/2023\\\/01\\\/DKN-logo@4x.webp\",\"width\":1933,\"height\":1029,\"caption\":\"DKN-Technology\"},\"image\":{\"@id\":\"https:\\\/\\\/dkn-technology.com\\\/#\\\/schema\\\/logo\\\/image\\\/\"},\"sameAs\":[\"https:\\\/\\\/www.facebook.com\\\/dkntechnology\\\/\",\"https:\\\/\\\/instagram.com\\\/dkntechnology\",\"https:\\\/\\\/www.youtube.com\\\/@DKN-Technology\",\"https:\\\/\\\/www.linkedin.com\\\/company\\\/dkn-technology-smart-fitness-solutions\"]}]}<\/script>\n<!-- \/ Yoast SEO plugin. -->","yoast_head_json":{"title":"Ergometer AM-3i - DKN-Technology","robots":{"index":"index","follow":"follow","max-snippet":"max-snippet:-1","max-image-preview":"max-image-preview:large","max-video-preview":"max-video-preview:-1"},"canonical":"https:\/\/dkn-technology.com\/fr\/produit\/ergometer-am-3i\/","og_locale":"fr_FR","og_type":"article","og_title":"Ergometer AM-3i - DKN-Technology","og_description":"Le AM-3i Ergom\u00e8tre avec r\u00e9sistance magn\u00e9tique motoris\u00e9e de 10 \u00e0 350 Watts, offre une ergonomie pour un entra\u00eenement efficace et pr\u00e9cis.","og_url":"https:\/\/dkn-technology.com\/fr\/produit\/ergometer-am-3i\/","og_site_name":"DKN-Technology","article_publisher":"https:\/\/www.facebook.com\/dkntechnology\/","article_modified_time":"2025-09-23T12:30:50+00:00","og_image":[{"width":1067,"height":1067,"url":"https:\/\/dkn-technology.com\/wp-content\/uploads\/2023\/01\/AM-3i-01-01.jpg","type":"image\/jpeg"}],"twitter_card":"summary_large_image","twitter_misc":{"Dur\u00e9e de lecture estim\u00e9e":"2 minutes"},"schema":{"@context":"https:\/\/schema.org","@graph":[{"@type":"WebPage","@id":"https:\/\/dkn-technology.com\/fr\/produit\/ergometer-am-3i\/","url":"https:\/\/dkn-technology.com\/fr\/produit\/ergometer-am-3i\/","name":"Ergometer AM-3i - DKN-Technology","isPartOf":{"@id":"https:\/\/dkn-technology.com\/#website"},"primaryImageOfPage":{"@id":"https:\/\/dkn-technology.com\/fr\/produit\/ergometer-am-3i\/#primaryimage"},"image":{"@id":"https:\/\/dkn-technology.com\/fr\/produit\/ergometer-am-3i\/#primaryimage"},"thumbnailUrl":"https:\/\/dkn-technology.com\/wp-content\/uploads\/2023\/01\/AM-3i-01-01.jpg","datePublished":"2023-01-30T13:03:14+00:00","dateModified":"2025-09-23T12:30:50+00:00","breadcrumb":{"@id":"https:\/\/dkn-technology.com\/fr\/produit\/ergometer-am-3i\/#breadcrumb"},"inLanguage":"fr-FR","potentialAction":[{"@type":"ReadAction","target":["https:\/\/dkn-technology.com\/fr\/produit\/ergometer-am-3i\/"]}]},{"@type":"ImageObject","inLanguage":"fr-FR","@id":"https:\/\/dkn-technology.com\/fr\/produit\/ergometer-am-3i\/#primaryimage","url":"https:\/\/dkn-technology.com\/wp-content\/uploads\/2023\/01\/AM-3i-01-01.jpg","contentUrl":"https:\/\/dkn-technology.com\/wp-content\/uploads\/2023\/01\/AM-3i-01-01.jpg","width":1067,"height":1067,"caption":"Ergometer AM-3i | Exercise bike"},{"@type":"BreadcrumbList","@id":"https:\/\/dkn-technology.com\/fr\/produit\/ergometer-am-3i\/#breadcrumb","itemListElement":[{"@type":"ListItem","position":1,"name":"Home","item":"https:\/\/dkn-technology.com\/nl\/"},{"@type":"ListItem","position":2,"name":"Shop","item":"https:\/\/dkn-technology.com\/fr\/shop\/"},{"@type":"ListItem","position":3,"name":"Ergometer AM-3i"}]},{"@type":"WebSite","@id":"https:\/\/dkn-technology.com\/#website","url":"https:\/\/dkn-technology.com\/","name":"DKN-Technology","description":"Smart Fitness Solutions","publisher":{"@id":"https:\/\/dkn-technology.com\/#organization"},"potentialAction":[{"@type":"SearchAction","target":{"@type":"EntryPoint","urlTemplate":"https:\/\/dkn-technology.com\/?s={search_term_string}"},"query-input":{"@type":"PropertyValueSpecification","valueRequired":true,"valueName":"search_term_string"}}],"inLanguage":"fr-FR"},{"@type":"Organization","@id":"https:\/\/dkn-technology.com\/#organization","name":"DKN-Technology","url":"https:\/\/dkn-technology.com\/","logo":{"@type":"ImageObject","inLanguage":"fr-FR","@id":"https:\/\/dkn-technology.com\/#\/schema\/logo\/image\/","url":"https:\/\/dkn-technology.com\/wp-content\/uploads\/2023\/01\/DKN-logo@4x.webp","contentUrl":"https:\/\/dkn-technology.com\/wp-content\/uploads\/2023\/01\/DKN-logo@4x.webp","width":1933,"height":1029,"caption":"DKN-Technology"},"image":{"@id":"https:\/\/dkn-technology.com\/#\/schema\/logo\/image\/"},"sameAs":["https:\/\/www.facebook.com\/dkntechnology\/","https:\/\/instagram.com\/dkntechnology","https:\/\/www.youtube.com\/@DKN-Technology","https:\/\/www.linkedin.com\/company\/dkn-technology-smart-fitness-solutions"]}]}},"_links":{"self":[{"href":"https:\/\/dkn-technology.com\/fr\/wp-json\/wp\/v2\/product\/4205","targetHints":{"allow":["GET"]}}],"collection":[{"href":"https:\/\/dkn-technology.com\/fr\/wp-json\/wp\/v2\/product"}],"about":[{"href":"https:\/\/dkn-technology.com\/fr\/wp-json\/wp\/v2\/types\/product"}],"version-history":[{"count":8,"href":"https:\/\/dkn-technology.com\/fr\/wp-json\/wp\/v2\/product\/4205\/revisions"}],"predecessor-version":[{"id":31649,"href":"https:\/\/dkn-technology.com\/fr\/wp-json\/wp\/v2\/product\/4205\/revisions\/31649"}],"wp:featuredmedia":[{"embeddable":true,"href":"https:\/\/dkn-technology.com\/fr\/wp-json\/wp\/v2\/media\/9523"}],"wp:attachment":[{"href":"https:\/\/dkn-technology.com\/fr\/wp-json\/wp\/v2\/media?parent=4205"}],"wp:term":[{"taxonomy":"product_brand","embeddable":true,"href":"https:\/\/dkn-technology.com\/fr\/wp-json\/wp\/v2\/product_brand?post=4205"},{"taxonomy":"product_cat","embeddable":true,"href":"https:\/\/dkn-technology.com\/fr\/wp-json\/wp\/v2\/product_cat?post=4205"},{"taxonomy":"product_tag","embeddable":true,"href":"https:\/\/dkn-technology.com\/fr\/wp-json\/wp\/v2\/product_tag?post=4205"}],"curies":[{"name":"wp","href":"https:\/\/api.w.org\/{rel}","templated":true}]}}