{"id":4206,"date":"2023-01-30T15:03:15","date_gmt":"2023-01-30T13:03:15","guid":{"rendered":"https:\/\/dkn-technology.com\/product\/ems-bike-eb-2400\/"},"modified":"2025-02-13T11:18:27","modified_gmt":"2025-02-13T09:18:27","slug":"ems-bike-eb-2400","status":"publish","type":"product","link":"https:\/\/dkn-technology.com\/fr\/produit\/ems-bike-eb-2400\/","title":{"rendered":"EMS-bike EB-2400"},"content":{"rendered":"<p>Le EB-2400 est un premier choix si vous \u00eates \u00e0 la recherche d&rsquo;un v\u00e9lo de qualit\u00e9 commerciale con\u00e7u pour un usage domestique.<\/p>\n<p>Un cadre robuste qui r\u00e9siste bien au fil du temps et qui g\u00e8re facilement, les demandes de s\u00e9ances d&rsquo;entra\u00eenement fr\u00e9quentes et intenses.<\/p>\n<p>Sa r\u00e9sistance \u00e9lectromagn\u00e9tique par induction sur 32 niveaux de r\u00e9sistance avec une masse d&rsquo;inertie de 14 kg lui procure un confort exceptionnel, un silence rare et une fiabilit\u00e9 \u00e0 toute \u00e9preuve. Egalement \u00e9quip\u00e9 d&rsquo;un programme d&rsquo;entra\u00eenement de r\u00e9sistance avec r\u00e9glage WATTS ou d&rsquo;un contr\u00f4le manuel de la tension, qu&rsquo;il est possible de r\u00e9gler par palier de 5 Watts.<\/p>\n<p>Son compteur affiche simultan\u00e9ment vitesse, dur\u00e9e, distance parcourue, RPM, calories brul\u00e9es, puissance en Watts et pulsations cardiaques.<\/p>\n<p>L&rsquo;EB-2400 est \u00e9quip\u00e9 de 12 programmes pr\u00e9-enregistr\u00e9s et 4 profils utilisateurs.<\/p>\n<p>L&rsquo;EB-2400 est un excellent v\u00e9lo de haute performance, qui combine solidit\u00e9, esth\u00e9tisme, technologie et adaptabilit\u00e9.<\/p>\n<p>La gamme de v\u00e9los DKN-Technology ravira tous les utilisateurs. Le guidon extra-large, con\u00e7u pour l&rsquo;endurance, permet \u00e0 tout le monde de trouver, une position d&rsquo;entra\u00eenement naturelle et agr\u00e9able.<\/p>\n<p>La ceinture pectorale Bluetooth se connecte automatiquement par Bluetooth 4.0, au cours d&rsquo;un enregistrement de votre fr\u00e9quence cardiaque stable et plus pr\u00e9cis.<\/p>\n<p>Compatible avec Kinomap, Vescape ou BitGym. Apportez une nouvelle exp\u00e9rience d&rsquo;entra\u00eenement \u00e0 votre domicile et connectez-vous.<\/p>\n<p>Surpassez-vous sur des portions de routes r\u00e9elles existantes. Relevez les challenges des parcours les plus embl\u00e9matiques du monde, choisissez n\u2019importe quel endroit du globe, ou encore cr\u00e9ez vos propres circuits !<\/p>\n<p>Programmez votre propre itin\u00e9raire avec Google Maps, et synchronisez la distance et l&rsquo;inclinaison avec la vitesse puis l&rsquo;intensit\u00e9 de votre entra\u00eenement.<\/p>\n<p>Suivez votre course en temps r\u00e9el, en marchant ou en courant.<\/p>\n<p>Fixez vos objectifs et enregistrez votre progression dans votre iLog. Et, partagez vos exp\u00e9riences avec vos amis sur les r\u00e9seaux sociaux.<\/p>\n","protected":false},"excerpt":{"rendered":"<div class=\"center-block col-xs-6 col-sm-7 col-md-6\">\n<div class=\"center-block col-xs-6 col-sm-7 col-md-6\">\n<div class=\"center-block col-xs-6 col-sm-7 col-md-6\">\n<p class=\"product-desc\">Ce v\u00e9lo vertical semi-professionnel EB-2400 est parfaitement adapt\u00e9 \u00e0 un usage intensif permettant son int\u00e9gration dans des associations, des cabinets de&#8230;<\/p>\n<\/div>\n<\/div>\n<\/div>\n","protected":false},"featured_media":31464,"template":"","meta":{"_acf_changed":false,"inline_featured_image":false,"_monsterinsights_skip_tracking":false,"_monsterinsights_sitenote_active":false,"_monsterinsights_sitenote_note":"","_monsterinsights_sitenote_category":0},"product_brand":[],"product_cat":[77],"product_tag":[],"class_list":{"0":"post-4206","1":"product","2":"type-product","3":"status-publish","4":"has-post-thumbnail","6":"product_cat-velos-dexercice","7":"product_shipping_class-jusqua-100-kg","9":"first","10":"outofstock","11":"taxable","12":"shipping-taxable","13":"purchasable","14":"product-type-variable"},"acf":[],"yoast_head":"<!-- This site is optimized with the Yoast SEO plugin v27.3 - https:\/\/yoast.com\/product\/yoast-seo-wordpress\/ -->\n<title>EMS-bike EB-2400 - DKN-Technology<\/title>\n<meta name=\"robots\" content=\"index, follow, max-snippet:-1, max-image-preview:large, max-video-preview:-1\" \/>\n<link rel=\"canonical\" href=\"https:\/\/dkn-technology.com\/fr\/produit\/ems-bike-eb-2400\/\" \/>\n<meta property=\"og:locale\" content=\"fr_FR\" \/>\n<meta property=\"og:type\" content=\"article\" \/>\n<meta property=\"og:title\" content=\"EMS-bike EB-2400 - DKN-Technology\" \/>\n<meta property=\"og:description\" content=\"Ce v\u00e9lo vertical semi-professionnel EB-2400 est parfaitement adapt\u00e9 \u00e0 un usage intensif permettant son int\u00e9gration dans des associations, des cabinets de...\" \/>\n<meta property=\"og:url\" content=\"https:\/\/dkn-technology.com\/fr\/produit\/ems-bike-eb-2400\/\" \/>\n<meta property=\"og:site_name\" content=\"DKN-Technology\" \/>\n<meta property=\"article:publisher\" content=\"https:\/\/www.facebook.com\/dkntechnology\/\" \/>\n<meta property=\"article:modified_time\" content=\"2025-02-13T09:18:27+00:00\" \/>\n<meta property=\"og:image\" content=\"https:\/\/dkn-technology.com\/wp-content\/uploads\/2023\/01\/EB-2400-01.jpg\" \/>\n\t<meta property=\"og:image:width\" content=\"1067\" \/>\n\t<meta property=\"og:image:height\" content=\"1067\" \/>\n\t<meta property=\"og:image:type\" content=\"image\/jpeg\" \/>\n<meta name=\"twitter:card\" content=\"summary_large_image\" \/>\n<meta name=\"twitter:label1\" content=\"Dur\u00e9e de lecture estim\u00e9e\" \/>\n\t<meta name=\"twitter:data1\" content=\"2 minutes\" \/>\n<script type=\"application\/ld+json\" class=\"yoast-schema-graph\">{\"@context\":\"https:\\\/\\\/schema.org\",\"@graph\":[{\"@type\":\"WebPage\",\"@id\":\"https:\\\/\\\/dkn-technology.com\\\/fr\\\/produit\\\/ems-bike-eb-2400\\\/\",\"url\":\"https:\\\/\\\/dkn-technology.com\\\/fr\\\/produit\\\/ems-bike-eb-2400\\\/\",\"name\":\"EMS-bike EB-2400 - DKN-Technology\",\"isPartOf\":{\"@id\":\"https:\\\/\\\/dkn-technology.com\\\/#website\"},\"primaryImageOfPage\":{\"@id\":\"https:\\\/\\\/dkn-technology.com\\\/fr\\\/produit\\\/ems-bike-eb-2400\\\/#primaryimage\"},\"image\":{\"@id\":\"https:\\\/\\\/dkn-technology.com\\\/fr\\\/produit\\\/ems-bike-eb-2400\\\/#primaryimage\"},\"thumbnailUrl\":\"https:\\\/\\\/dkn-technology.com\\\/wp-content\\\/uploads\\\/2023\\\/01\\\/DKN-WEBSITE-PICTURES-FORMAT-9.png\",\"datePublished\":\"2023-01-30T13:03:15+00:00\",\"dateModified\":\"2025-02-13T09:18:27+00:00\",\"breadcrumb\":{\"@id\":\"https:\\\/\\\/dkn-technology.com\\\/fr\\\/produit\\\/ems-bike-eb-2400\\\/#breadcrumb\"},\"inLanguage\":\"fr-FR\",\"potentialAction\":[{\"@type\":\"ReadAction\",\"target\":[\"https:\\\/\\\/dkn-technology.com\\\/fr\\\/produit\\\/ems-bike-eb-2400\\\/\"]}]},{\"@type\":\"ImageObject\",\"inLanguage\":\"fr-FR\",\"@id\":\"https:\\\/\\\/dkn-technology.com\\\/fr\\\/produit\\\/ems-bike-eb-2400\\\/#primaryimage\",\"url\":\"https:\\\/\\\/dkn-technology.com\\\/wp-content\\\/uploads\\\/2023\\\/01\\\/DKN-WEBSITE-PICTURES-FORMAT-9.png\",\"contentUrl\":\"https:\\\/\\\/dkn-technology.com\\\/wp-content\\\/uploads\\\/2023\\\/01\\\/DKN-WEBSITE-PICTURES-FORMAT-9.png\",\"width\":1080,\"height\":1080},{\"@type\":\"BreadcrumbList\",\"@id\":\"https:\\\/\\\/dkn-technology.com\\\/fr\\\/produit\\\/ems-bike-eb-2400\\\/#breadcrumb\",\"itemListElement\":[{\"@type\":\"ListItem\",\"position\":1,\"name\":\"Home\",\"item\":\"https:\\\/\\\/dkn-technology.com\\\/nl\\\/\"},{\"@type\":\"ListItem\",\"position\":2,\"name\":\"Shop\",\"item\":\"https:\\\/\\\/dkn-technology.com\\\/fr\\\/shop\\\/\"},{\"@type\":\"ListItem\",\"position\":3,\"name\":\"EMS-bike EB-2400\"}]},{\"@type\":\"WebSite\",\"@id\":\"https:\\\/\\\/dkn-technology.com\\\/#website\",\"url\":\"https:\\\/\\\/dkn-technology.com\\\/\",\"name\":\"DKN-Technology\",\"description\":\"Smart Fitness Solutions\",\"publisher\":{\"@id\":\"https:\\\/\\\/dkn-technology.com\\\/#organization\"},\"potentialAction\":[{\"@type\":\"SearchAction\",\"target\":{\"@type\":\"EntryPoint\",\"urlTemplate\":\"https:\\\/\\\/dkn-technology.com\\\/?s={search_term_string}\"},\"query-input\":{\"@type\":\"PropertyValueSpecification\",\"valueRequired\":true,\"valueName\":\"search_term_string\"}}],\"inLanguage\":\"fr-FR\"},{\"@type\":\"Organization\",\"@id\":\"https:\\\/\\\/dkn-technology.com\\\/#organization\",\"name\":\"DKN-Technology\",\"url\":\"https:\\\/\\\/dkn-technology.com\\\/\",\"logo\":{\"@type\":\"ImageObject\",\"inLanguage\":\"fr-FR\",\"@id\":\"https:\\\/\\\/dkn-technology.com\\\/#\\\/schema\\\/logo\\\/image\\\/\",\"url\":\"https:\\\/\\\/dkn-technology.com\\\/wp-content\\\/uploads\\\/2023\\\/01\\\/DKN-logo@4x.webp\",\"contentUrl\":\"https:\\\/\\\/dkn-technology.com\\\/wp-content\\\/uploads\\\/2023\\\/01\\\/DKN-logo@4x.webp\",\"width\":1933,\"height\":1029,\"caption\":\"DKN-Technology\"},\"image\":{\"@id\":\"https:\\\/\\\/dkn-technology.com\\\/#\\\/schema\\\/logo\\\/image\\\/\"},\"sameAs\":[\"https:\\\/\\\/www.facebook.com\\\/dkntechnology\\\/\",\"https:\\\/\\\/instagram.com\\\/dkntechnology\",\"https:\\\/\\\/www.youtube.com\\\/@DKN-Technology\",\"https:\\\/\\\/www.linkedin.com\\\/company\\\/dkn-technology-smart-fitness-solutions\"]}]}<\/script>\n<!-- \/ Yoast SEO plugin. -->","yoast_head_json":{"title":"EMS-bike EB-2400 - DKN-Technology","robots":{"index":"index","follow":"follow","max-snippet":"max-snippet:-1","max-image-preview":"max-image-preview:large","max-video-preview":"max-video-preview:-1"},"canonical":"https:\/\/dkn-technology.com\/fr\/produit\/ems-bike-eb-2400\/","og_locale":"fr_FR","og_type":"article","og_title":"EMS-bike EB-2400 - DKN-Technology","og_description":"Ce v\u00e9lo vertical semi-professionnel EB-2400 est parfaitement adapt\u00e9 \u00e0 un usage intensif permettant son int\u00e9gration dans des associations, des cabinets de...","og_url":"https:\/\/dkn-technology.com\/fr\/produit\/ems-bike-eb-2400\/","og_site_name":"DKN-Technology","article_publisher":"https:\/\/www.facebook.com\/dkntechnology\/","article_modified_time":"2025-02-13T09:18:27+00:00","og_image":[{"width":1067,"height":1067,"url":"https:\/\/dkn-technology.com\/wp-content\/uploads\/2023\/01\/EB-2400-01.jpg","type":"image\/jpeg"}],"twitter_card":"summary_large_image","twitter_misc":{"Dur\u00e9e de lecture estim\u00e9e":"2 minutes"},"schema":{"@context":"https:\/\/schema.org","@graph":[{"@type":"WebPage","@id":"https:\/\/dkn-technology.com\/fr\/produit\/ems-bike-eb-2400\/","url":"https:\/\/dkn-technology.com\/fr\/produit\/ems-bike-eb-2400\/","name":"EMS-bike EB-2400 - DKN-Technology","isPartOf":{"@id":"https:\/\/dkn-technology.com\/#website"},"primaryImageOfPage":{"@id":"https:\/\/dkn-technology.com\/fr\/produit\/ems-bike-eb-2400\/#primaryimage"},"image":{"@id":"https:\/\/dkn-technology.com\/fr\/produit\/ems-bike-eb-2400\/#primaryimage"},"thumbnailUrl":"https:\/\/dkn-technology.com\/wp-content\/uploads\/2023\/01\/DKN-WEBSITE-PICTURES-FORMAT-9.png","datePublished":"2023-01-30T13:03:15+00:00","dateModified":"2025-02-13T09:18:27+00:00","breadcrumb":{"@id":"https:\/\/dkn-technology.com\/fr\/produit\/ems-bike-eb-2400\/#breadcrumb"},"inLanguage":"fr-FR","potentialAction":[{"@type":"ReadAction","target":["https:\/\/dkn-technology.com\/fr\/produit\/ems-bike-eb-2400\/"]}]},{"@type":"ImageObject","inLanguage":"fr-FR","@id":"https:\/\/dkn-technology.com\/fr\/produit\/ems-bike-eb-2400\/#primaryimage","url":"https:\/\/dkn-technology.com\/wp-content\/uploads\/2023\/01\/DKN-WEBSITE-PICTURES-FORMAT-9.png","contentUrl":"https:\/\/dkn-technology.com\/wp-content\/uploads\/2023\/01\/DKN-WEBSITE-PICTURES-FORMAT-9.png","width":1080,"height":1080},{"@type":"BreadcrumbList","@id":"https:\/\/dkn-technology.com\/fr\/produit\/ems-bike-eb-2400\/#breadcrumb","itemListElement":[{"@type":"ListItem","position":1,"name":"Home","item":"https:\/\/dkn-technology.com\/nl\/"},{"@type":"ListItem","position":2,"name":"Shop","item":"https:\/\/dkn-technology.com\/fr\/shop\/"},{"@type":"ListItem","position":3,"name":"EMS-bike EB-2400"}]},{"@type":"WebSite","@id":"https:\/\/dkn-technology.com\/#website","url":"https:\/\/dkn-technology.com\/","name":"DKN-Technology","description":"Smart Fitness Solutions","publisher":{"@id":"https:\/\/dkn-technology.com\/#organization"},"potentialAction":[{"@type":"SearchAction","target":{"@type":"EntryPoint","urlTemplate":"https:\/\/dkn-technology.com\/?s={search_term_string}"},"query-input":{"@type":"PropertyValueSpecification","valueRequired":true,"valueName":"search_term_string"}}],"inLanguage":"fr-FR"},{"@type":"Organization","@id":"https:\/\/dkn-technology.com\/#organization","name":"DKN-Technology","url":"https:\/\/dkn-technology.com\/","logo":{"@type":"ImageObject","inLanguage":"fr-FR","@id":"https:\/\/dkn-technology.com\/#\/schema\/logo\/image\/","url":"https:\/\/dkn-technology.com\/wp-content\/uploads\/2023\/01\/DKN-logo@4x.webp","contentUrl":"https:\/\/dkn-technology.com\/wp-content\/uploads\/2023\/01\/DKN-logo@4x.webp","width":1933,"height":1029,"caption":"DKN-Technology"},"image":{"@id":"https:\/\/dkn-technology.com\/#\/schema\/logo\/image\/"},"sameAs":["https:\/\/www.facebook.com\/dkntechnology\/","https:\/\/instagram.com\/dkntechnology","https:\/\/www.youtube.com\/@DKN-Technology","https:\/\/www.linkedin.com\/company\/dkn-technology-smart-fitness-solutions"]}]}},"_links":{"self":[{"href":"https:\/\/dkn-technology.com\/fr\/wp-json\/wp\/v2\/product\/4206","targetHints":{"allow":["GET"]}}],"collection":[{"href":"https:\/\/dkn-technology.com\/fr\/wp-json\/wp\/v2\/product"}],"about":[{"href":"https:\/\/dkn-technology.com\/fr\/wp-json\/wp\/v2\/types\/product"}],"version-history":[{"count":8,"href":"https:\/\/dkn-technology.com\/fr\/wp-json\/wp\/v2\/product\/4206\/revisions"}],"predecessor-version":[{"id":23063,"href":"https:\/\/dkn-technology.com\/fr\/wp-json\/wp\/v2\/product\/4206\/revisions\/23063"}],"wp:featuredmedia":[{"embeddable":true,"href":"https:\/\/dkn-technology.com\/fr\/wp-json\/wp\/v2\/media\/31464"}],"wp:attachment":[{"href":"https:\/\/dkn-technology.com\/fr\/wp-json\/wp\/v2\/media?parent=4206"}],"wp:term":[{"taxonomy":"product_brand","embeddable":true,"href":"https:\/\/dkn-technology.com\/fr\/wp-json\/wp\/v2\/product_brand?post=4206"},{"taxonomy":"product_cat","embeddable":true,"href":"https:\/\/dkn-technology.com\/fr\/wp-json\/wp\/v2\/product_cat?post=4206"},{"taxonomy":"product_tag","embeddable":true,"href":"https:\/\/dkn-technology.com\/fr\/wp-json\/wp\/v2\/product_tag?post=4206"}],"curies":[{"name":"wp","href":"https:\/\/api.w.org\/{rel}","templated":true}]}}